{"id":3562,"date":"2016-07-28T20:28:07","date_gmt":"2016-07-28T20:28:07","guid":{"rendered":"http:\/\/ikastikos-kiklos.com\/\u03c0\u03c1\u03bf\u03ca\u03cc\u03bd\/%ce%b3%ce%b5%cf%81%ce%b1%ce%bd%ce%bf%ce%af\/?lang=en"},"modified":"2017-08-22T17:36:06","modified_gmt":"2017-08-22T14:36:06","slug":"%ce%b3%ce%b5%cf%81%ce%b1%ce%bd%ce%bf%ce%af","status":"publish","type":"product","link":"https:\/\/ikastikos-kiklos.com\/en\/product\/%ce%b3%ce%b5%cf%81%ce%b1%ce%bd%ce%bf%ce%af\/","title":{"rendered":"Cranes"},"content":{"rendered":"<h2>Mina P. V.<\/h2>\n<p>Mina Papatheodorou &#8211; Valiraki was born in Athens. She studied at the School of Fine Arts of the National Technical University of Athens with professor Yiannis Moralis. At the same time, she is attending mural lessons. Born in 1981 with a scholarship from the Italian Ministry of Foreign Affairs, she began her postgraduate studies in Art History at the University of Florence, where she obtained a PhD in 1986. Her works are at the Athens Art Gallery, the National Museum of Women&#8217;s Arts in Washington, the National Museum of Women in Arts, the National Bank, the North Museum, the Olympic Museum in Lausanne, the Museum of Barcelona, \u200b\u200bthe Automobili Lamporghini Museum in Italy, Averof, in many private collections in Greece and abroad as well as Fiat, Mercedes, Genesis Ferrari, EKKA, Trident Cars and others.<\/p>\n","protected":false},"excerpt":{"rendered":"<p>Silkscreen numbered and signed by Mina Valirakis.<\/p>\n","protected":false},"featured_media":11411,"template":"","meta":{"ngg_post_thumbnail":0},"product_brand":[],"product_cat":[398,403,2047],"product_tag":[2492,2360,2493,2491],"class_list":{"0":"post-3562","1":"product","2":"type-product","3":"status-publish","4":"has-post-thumbnail","6":"product_cat-collections","7":"product_cat-small-silkscreens","8":"product_cat-wedding-gifts","9":"product_tag-corporate-gifts","10":"product_tag-cranes-en","11":"product_tag-office-gifts","12":"product_tag-wedding-gifts","14":"first","15":"instock","16":"taxable","17":"shipping-taxable","18":"purchasable","19":"product-type-simple"},"yoast_head":"<!-- This site is optimized with the Yoast SEO plugin v27.4 - https:\/\/yoast.com\/product\/yoast-seo-wordpress\/ -->\n<title>&quot;Cranes&quot; Small Silkscreen by Mina Papatheodorou Valirakis.<\/title>\n<meta name=\"description\" content=\"&quot;Cranes&quot; Small Silkscreen by Mina Papatheodorou Valirakis. Silkscreen numbered and signed by the artist herself. Dimensions 10 x 24 cm.\" \/>\n<meta name=\"robots\" content=\"index, follow, max-snippet:-1, max-image-preview:large, max-video-preview:-1\" \/>\n<link rel=\"canonical\" href=\"https:\/\/ikastikos-kiklos.com\/en\/product\/\u03b3\u03b5\u03c1\u03b1\u03bd\u03bf\u03af\/\" \/>\n<meta property=\"og:locale\" content=\"en_US\" \/>\n<meta property=\"og:type\" content=\"article\" \/>\n<meta property=\"og:title\" content=\"&quot;Cranes&quot; Small Silkscreen by Mina Papatheodorou Valirakis.\" \/>\n<meta property=\"og:description\" content=\"&quot;Cranes&quot; Small Silkscreen by Mina Papatheodorou Valirakis. Silkscreen numbered and signed by the artist herself. Dimensions 10 x 24 cm.\" \/>\n<meta property=\"og:url\" content=\"https:\/\/ikastikos-kiklos.com\/en\/product\/\u03b3\u03b5\u03c1\u03b1\u03bd\u03bf\u03af\/\" \/>\n<meta property=\"og:site_name\" content=\"Ikastikos Kiklos - Zografik\u00ed - Metaxotyp\u00edes - T\u00e9chniPainting - Silk Screen - Art\" \/>\n<meta property=\"article:publisher\" content=\"https:\/\/www.facebook.com\/ikastikoskiklossianti\/\" \/>\n<meta property=\"article:modified_time\" content=\"2017-08-22T14:36:06+00:00\" \/>\n<meta property=\"og:image\" content=\"https:\/\/ikastikos-kiklos.com\/wp-content\/uploads\/2016\/07\/129.jpg\" \/>\n\t<meta property=\"og:image:width\" content=\"1236\" \/>\n\t<meta property=\"og:image:height\" content=\"606\" \/>\n\t<meta property=\"og:image:type\" content=\"image\/jpeg\" \/>\n<meta name=\"twitter:card\" content=\"summary_large_image\" \/>\n<meta name=\"twitter:label1\" content=\"Est. reading time\" \/>\n\t<meta name=\"twitter:data1\" content=\"1 minute\" \/>\n<script type=\"application\/ld+json\" class=\"yoast-schema-graph\">{\"@context\":\"https:\\\/\\\/schema.org\",\"@graph\":[{\"@type\":\"WebPage\",\"@id\":\"https:\\\/\\\/ikastikos-kiklos.com\\\/en\\\/product\\\/%ce%b3%ce%b5%cf%81%ce%b1%ce%bd%ce%bf%ce%af\\\/\",\"url\":\"https:\\\/\\\/ikastikos-kiklos.com\\\/en\\\/product\\\/%ce%b3%ce%b5%cf%81%ce%b1%ce%bd%ce%bf%ce%af\\\/\",\"name\":\"\\\"Cranes\\\" Small Silkscreen by Mina Papatheodorou Valirakis.\",\"isPartOf\":{\"@id\":\"https:\\\/\\\/ikastikos-kiklos.com\\\/en\\\/#website\"},\"primaryImageOfPage\":{\"@id\":\"https:\\\/\\\/ikastikos-kiklos.com\\\/en\\\/product\\\/%ce%b3%ce%b5%cf%81%ce%b1%ce%bd%ce%bf%ce%af\\\/#primaryimage\"},\"image\":{\"@id\":\"https:\\\/\\\/ikastikos-kiklos.com\\\/en\\\/product\\\/%ce%b3%ce%b5%cf%81%ce%b1%ce%bd%ce%bf%ce%af\\\/#primaryimage\"},\"thumbnailUrl\":\"https:\\\/\\\/ikastikos-kiklos.com\\\/wp-content\\\/uploads\\\/2016\\\/07\\\/129.jpg\",\"datePublished\":\"2016-07-28T20:28:07+00:00\",\"dateModified\":\"2017-08-22T14:36:06+00:00\",\"description\":\"\\\"Cranes\\\" Small Silkscreen by Mina Papatheodorou Valirakis. Silkscreen numbered and signed by the artist herself. Dimensions 10 x 24 cm.\",\"breadcrumb\":{\"@id\":\"https:\\\/\\\/ikastikos-kiklos.com\\\/en\\\/product\\\/%ce%b3%ce%b5%cf%81%ce%b1%ce%bd%ce%bf%ce%af\\\/#breadcrumb\"},\"inLanguage\":\"en-US\",\"potentialAction\":[{\"@type\":\"ReadAction\",\"target\":[\"https:\\\/\\\/ikastikos-kiklos.com\\\/en\\\/product\\\/%ce%b3%ce%b5%cf%81%ce%b1%ce%bd%ce%bf%ce%af\\\/\"]}]},{\"@type\":\"ImageObject\",\"inLanguage\":\"en-US\",\"@id\":\"https:\\\/\\\/ikastikos-kiklos.com\\\/en\\\/product\\\/%ce%b3%ce%b5%cf%81%ce%b1%ce%bd%ce%bf%ce%af\\\/#primaryimage\",\"url\":\"https:\\\/\\\/ikastikos-kiklos.com\\\/wp-content\\\/uploads\\\/2016\\\/07\\\/129.jpg\",\"contentUrl\":\"https:\\\/\\\/ikastikos-kiklos.com\\\/wp-content\\\/uploads\\\/2016\\\/07\\\/129.jpg\",\"width\":1236,\"height\":606,\"caption\":\"\u0393\u03b5\u03c1\u03b1\u03bd\u03bf\u03af \u039c\u03b9\u03ba\u03c1\u03ae \u039c\u03b5\u03c4\u03b1\u03be\u03bf\u03c4\u03c5\u03c0\u03af\u03b1 \u03b1\u03c0\u03cc \u03c4\u03b7 \u039c\u03af\u03bd\u03b1 \u03a0\u03b1\u03c0\u03b1\u03b8\u03b5\u03bf\u03b4\u03ce\u03c1\u03bf\u03c5 \u0392\u03b1\u03bb\u03c5\u03c1\u03ac\u03ba\u03b7\"},{\"@type\":\"BreadcrumbList\",\"@id\":\"https:\\\/\\\/ikastikos-kiklos.com\\\/en\\\/product\\\/%ce%b3%ce%b5%cf%81%ce%b1%ce%bd%ce%bf%ce%af\\\/#breadcrumb\",\"itemListElement\":[{\"@type\":\"ListItem\",\"position\":1,\"name\":\"Home\",\"item\":\"https:\\\/\\\/ikastikos-kiklos.com\\\/en\\\/\"},{\"@type\":\"ListItem\",\"position\":2,\"name\":\"\u0388\u03c1\u03b3\u03b1 \u03c4\u03ad\u03c7\u03bd\u03b7\u03c2\",\"item\":\"https:\\\/\\\/ikastikos-kiklos.com\\\/%ce%ad%cf%81%ce%b3%ce%b1-%cf%84%ce%ad%cf%87%ce%bd%ce%b7%cf%82\\\/\"},{\"@type\":\"ListItem\",\"position\":3,\"name\":\"Cranes\"}]},{\"@type\":\"WebSite\",\"@id\":\"https:\\\/\\\/ikastikos-kiklos.com\\\/en\\\/#website\",\"url\":\"https:\\\/\\\/ikastikos-kiklos.com\\\/en\\\/\",\"name\":\"Ikastikos Kiklos - Zografik\u00ed - Metaxotyp\u00edes - T\u00e9chniPainting - Silk Screen - Art\",\"description\":\"\",\"publisher\":{\"@id\":\"https:\\\/\\\/ikastikos-kiklos.com\\\/en\\\/#organization\"},\"potentialAction\":[{\"@type\":\"SearchAction\",\"target\":{\"@type\":\"EntryPoint\",\"urlTemplate\":\"https:\\\/\\\/ikastikos-kiklos.com\\\/en\\\/?s={search_term_string}\"},\"query-input\":{\"@type\":\"PropertyValueSpecification\",\"valueRequired\":true,\"valueName\":\"search_term_string\"}}],\"inLanguage\":\"en-US\"},{\"@type\":\"Organization\",\"@id\":\"https:\\\/\\\/ikastikos-kiklos.com\\\/en\\\/#organization\",\"name\":\"Ikastikos Kiklos - Zografik\u00ed - Metaxotyp\u00edes - T\u00e9chniPainting - Silk Screen - Art\",\"url\":\"https:\\\/\\\/ikastikos-kiklos.com\\\/en\\\/\",\"logo\":{\"@type\":\"ImageObject\",\"inLanguage\":\"en-US\",\"@id\":\"https:\\\/\\\/ikastikos-kiklos.com\\\/en\\\/#\\\/schema\\\/logo\\\/image\\\/\",\"url\":\"https:\\\/\\\/ikastikos-kiklos.com\\\/wp-content\\\/uploads\\\/2022\\\/10\\\/cropped-favicon_ikastikos.png\",\"contentUrl\":\"https:\\\/\\\/ikastikos-kiklos.com\\\/wp-content\\\/uploads\\\/2022\\\/10\\\/cropped-favicon_ikastikos.png\",\"width\":512,\"height\":512,\"caption\":\"Ikastikos Kiklos - Zografik\u00ed - Metaxotyp\u00edes - T\u00e9chniPainting - Silk Screen - Art\"},\"image\":{\"@id\":\"https:\\\/\\\/ikastikos-kiklos.com\\\/en\\\/#\\\/schema\\\/logo\\\/image\\\/\"},\"sameAs\":[\"https:\\\/\\\/www.facebook.com\\\/ikastikoskiklossianti\\\/\"]}]}<\/script>\n<!-- \/ Yoast SEO plugin. -->","yoast_head_json":{"title":"\"Cranes\" Small Silkscreen by Mina Papatheodorou Valirakis.","description":"\"Cranes\" Small Silkscreen by Mina Papatheodorou Valirakis. Silkscreen numbered and signed by the artist herself. Dimensions 10 x 24 cm.","robots":{"index":"index","follow":"follow","max-snippet":"max-snippet:-1","max-image-preview":"max-image-preview:large","max-video-preview":"max-video-preview:-1"},"canonical":"https:\/\/ikastikos-kiklos.com\/en\/product\/\u03b3\u03b5\u03c1\u03b1\u03bd\u03bf\u03af\/","og_locale":"en_US","og_type":"article","og_title":"\"Cranes\" Small Silkscreen by Mina Papatheodorou Valirakis.","og_description":"\"Cranes\" Small Silkscreen by Mina Papatheodorou Valirakis. Silkscreen numbered and signed by the artist herself. Dimensions 10 x 24 cm.","og_url":"https:\/\/ikastikos-kiklos.com\/en\/product\/\u03b3\u03b5\u03c1\u03b1\u03bd\u03bf\u03af\/","og_site_name":"Ikastikos Kiklos - Zografik\u00ed - Metaxotyp\u00edes - T\u00e9chniPainting - Silk Screen - Art","article_publisher":"https:\/\/www.facebook.com\/ikastikoskiklossianti\/","article_modified_time":"2017-08-22T14:36:06+00:00","og_image":[{"width":1236,"height":606,"url":"https:\/\/ikastikos-kiklos.com\/wp-content\/uploads\/2016\/07\/129.jpg","type":"image\/jpeg"}],"twitter_card":"summary_large_image","twitter_misc":{"Est. reading time":"1 minute"},"schema":{"@context":"https:\/\/schema.org","@graph":[{"@type":"WebPage","@id":"https:\/\/ikastikos-kiklos.com\/en\/product\/%ce%b3%ce%b5%cf%81%ce%b1%ce%bd%ce%bf%ce%af\/","url":"https:\/\/ikastikos-kiklos.com\/en\/product\/%ce%b3%ce%b5%cf%81%ce%b1%ce%bd%ce%bf%ce%af\/","name":"\"Cranes\" Small Silkscreen by Mina Papatheodorou Valirakis.","isPartOf":{"@id":"https:\/\/ikastikos-kiklos.com\/en\/#website"},"primaryImageOfPage":{"@id":"https:\/\/ikastikos-kiklos.com\/en\/product\/%ce%b3%ce%b5%cf%81%ce%b1%ce%bd%ce%bf%ce%af\/#primaryimage"},"image":{"@id":"https:\/\/ikastikos-kiklos.com\/en\/product\/%ce%b3%ce%b5%cf%81%ce%b1%ce%bd%ce%bf%ce%af\/#primaryimage"},"thumbnailUrl":"https:\/\/ikastikos-kiklos.com\/wp-content\/uploads\/2016\/07\/129.jpg","datePublished":"2016-07-28T20:28:07+00:00","dateModified":"2017-08-22T14:36:06+00:00","description":"\"Cranes\" Small Silkscreen by Mina Papatheodorou Valirakis. Silkscreen numbered and signed by the artist herself. Dimensions 10 x 24 cm.","breadcrumb":{"@id":"https:\/\/ikastikos-kiklos.com\/en\/product\/%ce%b3%ce%b5%cf%81%ce%b1%ce%bd%ce%bf%ce%af\/#breadcrumb"},"inLanguage":"en-US","potentialAction":[{"@type":"ReadAction","target":["https:\/\/ikastikos-kiklos.com\/en\/product\/%ce%b3%ce%b5%cf%81%ce%b1%ce%bd%ce%bf%ce%af\/"]}]},{"@type":"ImageObject","inLanguage":"en-US","@id":"https:\/\/ikastikos-kiklos.com\/en\/product\/%ce%b3%ce%b5%cf%81%ce%b1%ce%bd%ce%bf%ce%af\/#primaryimage","url":"https:\/\/ikastikos-kiklos.com\/wp-content\/uploads\/2016\/07\/129.jpg","contentUrl":"https:\/\/ikastikos-kiklos.com\/wp-content\/uploads\/2016\/07\/129.jpg","width":1236,"height":606,"caption":"\u0393\u03b5\u03c1\u03b1\u03bd\u03bf\u03af \u039c\u03b9\u03ba\u03c1\u03ae \u039c\u03b5\u03c4\u03b1\u03be\u03bf\u03c4\u03c5\u03c0\u03af\u03b1 \u03b1\u03c0\u03cc \u03c4\u03b7 \u039c\u03af\u03bd\u03b1 \u03a0\u03b1\u03c0\u03b1\u03b8\u03b5\u03bf\u03b4\u03ce\u03c1\u03bf\u03c5 \u0392\u03b1\u03bb\u03c5\u03c1\u03ac\u03ba\u03b7"},{"@type":"BreadcrumbList","@id":"https:\/\/ikastikos-kiklos.com\/en\/product\/%ce%b3%ce%b5%cf%81%ce%b1%ce%bd%ce%bf%ce%af\/#breadcrumb","itemListElement":[{"@type":"ListItem","position":1,"name":"Home","item":"https:\/\/ikastikos-kiklos.com\/en\/"},{"@type":"ListItem","position":2,"name":"\u0388\u03c1\u03b3\u03b1 \u03c4\u03ad\u03c7\u03bd\u03b7\u03c2","item":"https:\/\/ikastikos-kiklos.com\/%ce%ad%cf%81%ce%b3%ce%b1-%cf%84%ce%ad%cf%87%ce%bd%ce%b7%cf%82\/"},{"@type":"ListItem","position":3,"name":"Cranes"}]},{"@type":"WebSite","@id":"https:\/\/ikastikos-kiklos.com\/en\/#website","url":"https:\/\/ikastikos-kiklos.com\/en\/","name":"Ikastikos Kiklos - Zografik\u00ed - Metaxotyp\u00edes - T\u00e9chniPainting - Silk Screen - Art","description":"","publisher":{"@id":"https:\/\/ikastikos-kiklos.com\/en\/#organization"},"potentialAction":[{"@type":"SearchAction","target":{"@type":"EntryPoint","urlTemplate":"https:\/\/ikastikos-kiklos.com\/en\/?s={search_term_string}"},"query-input":{"@type":"PropertyValueSpecification","valueRequired":true,"valueName":"search_term_string"}}],"inLanguage":"en-US"},{"@type":"Organization","@id":"https:\/\/ikastikos-kiklos.com\/en\/#organization","name":"Ikastikos Kiklos - Zografik\u00ed - Metaxotyp\u00edes - T\u00e9chniPainting - Silk Screen - Art","url":"https:\/\/ikastikos-kiklos.com\/en\/","logo":{"@type":"ImageObject","inLanguage":"en-US","@id":"https:\/\/ikastikos-kiklos.com\/en\/#\/schema\/logo\/image\/","url":"https:\/\/ikastikos-kiklos.com\/wp-content\/uploads\/2022\/10\/cropped-favicon_ikastikos.png","contentUrl":"https:\/\/ikastikos-kiklos.com\/wp-content\/uploads\/2022\/10\/cropped-favicon_ikastikos.png","width":512,"height":512,"caption":"Ikastikos Kiklos - Zografik\u00ed - Metaxotyp\u00edes - T\u00e9chniPainting - Silk Screen - Art"},"image":{"@id":"https:\/\/ikastikos-kiklos.com\/en\/#\/schema\/logo\/image\/"},"sameAs":["https:\/\/www.facebook.com\/ikastikoskiklossianti\/"]}]}},"_links":{"self":[{"href":"https:\/\/ikastikos-kiklos.com\/en\/wp-json\/wp\/v2\/product\/3562","targetHints":{"allow":["GET"]}}],"collection":[{"href":"https:\/\/ikastikos-kiklos.com\/en\/wp-json\/wp\/v2\/product"}],"about":[{"href":"https:\/\/ikastikos-kiklos.com\/en\/wp-json\/wp\/v2\/types\/product"}],"wp:featuredmedia":[{"embeddable":true,"href":"https:\/\/ikastikos-kiklos.com\/en\/wp-json\/wp\/v2\/media\/11411"}],"wp:attachment":[{"href":"https:\/\/ikastikos-kiklos.com\/en\/wp-json\/wp\/v2\/media?parent=3562"}],"wp:term":[{"taxonomy":"product_brand","embeddable":true,"href":"https:\/\/ikastikos-kiklos.com\/en\/wp-json\/wp\/v2\/product_brand?post=3562"},{"taxonomy":"product_cat","embeddable":true,"href":"https:\/\/ikastikos-kiklos.com\/en\/wp-json\/wp\/v2\/product_cat?post=3562"},{"taxonomy":"product_tag","embeddable":true,"href":"https:\/\/ikastikos-kiklos.com\/en\/wp-json\/wp\/v2\/product_tag?post=3562"}],"curies":[{"name":"wp","href":"https:\/\/api.w.org\/{rel}","templated":true}]}}