{"id":3556,"date":"2016-07-20T12:22:15","date_gmt":"2016-07-20T12:22:15","guid":{"rendered":"http:\/\/ikastikos-kiklos.com\/\u03c0\u03c1\u03bf\u03ca\u03cc\u03bd\/%ce%ac%cf%84%ce%b9%cf%84%ce%bb%ce%bf-33\/?lang=en"},"modified":"2018-01-06T17:22:06","modified_gmt":"2018-01-06T15:22:06","slug":"%ce%ac%cf%84%ce%b9%cf%84%ce%bb%ce%bf-33","status":"publish","type":"product","link":"https:\/\/ikastikos-kiklos.com\/en\/product\/%ce%ac%cf%84%ce%b9%cf%84%ce%bb%ce%bf-33\/","title":{"rendered":"Wheel in Lavrio"},"content":{"rendered":"<h1>Sorogas Sotiris<\/h1>\n<p>Sotiris Sorogas was born in Athens, in 1936. He studied painting at the Athens School of Fine Arts, under Yiannis Moralis. He has taught freehand drawing and painting at the Architecture School of the National Technical University (1965-2003). Today he is an Emeritus Professor. He has participated in many group and personal exhibitions, in Greece and abroad: Athens Art Hall (1975), Pieridis Gallery (1985), Athens National Gallery (1976), Tokyo (1976), F.I.A.C. International Exhibition (Paris, 1978), Athens National Gallery (1985) and many others. In 2004, he was honored by the Academy of Athens for his entire artistic contribution.<\/p>\n","protected":false},"excerpt":{"rendered":"<div class=\"product-short-description\">\n<div class=\"product-short-description\">\n<div class=\"product-short-description\">\n<div class=\"product-short-description\">\n<div class=\"product-short-description\">\n<div class=\"product-short-description\">\n<p>Gicl\u00e9e\u00a0signed and numbered by the artist.<\/p>\n<\/div>\n<\/div>\n<\/div>\n<\/div>\n<\/div>\n<\/div>\n","protected":false},"featured_media":2624,"template":"","meta":{"ngg_post_thumbnail":0},"product_brand":[],"product_cat":[398,1987,1991,403,2047],"product_tag":[2492,2493,2262,2491],"class_list":{"0":"post-3556","1":"product","2":"type-product","3":"status-publish","4":"has-post-thumbnail","6":"product_cat-collections","7":"product_cat-eshop-en","8":"product_cat-silkscreens-shop","9":"product_cat-small-silkscreens","10":"product_cat-wedding-gifts","11":"product_tag-corporate-gifts","12":"product_tag-office-gifts","13":"product_tag---en","14":"product_tag-wedding-gifts","15":"product_shipping_class-0-2kg","17":"first","18":"instock","19":"taxable","20":"shipping-taxable","21":"purchasable","22":"product-type-simple"},"yoast_head":"<!-- This site is optimized with the Yoast SEO plugin v27.4 - https:\/\/yoast.com\/product\/yoast-seo-wordpress\/ -->\n<title>Wheel in Lavrio Small Silkscreen by Sotiris Sorogas.<\/title>\n<meta name=\"description\" content=\"Wheel in Lavrio Small Silkscreen by Sotiris Sorogas. Gicl\u00e9e Silkscreen numbered and signed by the artist himself. Dimensions 23 x 23 cm.\" \/>\n<meta name=\"robots\" content=\"index, follow, max-snippet:-1, max-image-preview:large, max-video-preview:-1\" \/>\n<link rel=\"canonical\" href=\"https:\/\/ikastikos-kiklos.com\/en\/product\/\u03ac\u03c4\u03b9\u03c4\u03bb\u03bf-33\/\" \/>\n<meta property=\"og:locale\" content=\"en_US\" \/>\n<meta property=\"og:type\" content=\"article\" \/>\n<meta property=\"og:title\" content=\"Wheel in Lavrio Small Silkscreen by Sotiris Sorogas.\" \/>\n<meta property=\"og:description\" content=\"Wheel in Lavrio Small Silkscreen by Sotiris Sorogas. Gicl\u00e9e Silkscreen numbered and signed by the artist himself. Dimensions 23 x 23 cm.\" \/>\n<meta property=\"og:url\" content=\"https:\/\/ikastikos-kiklos.com\/en\/product\/\u03ac\u03c4\u03b9\u03c4\u03bb\u03bf-33\/\" \/>\n<meta property=\"og:site_name\" content=\"Ikastikos Kiklos - Zografik\u00ed - Metaxotyp\u00edes - T\u00e9chniPainting - Silk Screen - Art\" \/>\n<meta property=\"article:publisher\" content=\"https:\/\/www.facebook.com\/ikastikoskiklossianti\/\" \/>\n<meta property=\"article:modified_time\" content=\"2018-01-06T15:22:06+00:00\" \/>\n<meta property=\"og:image\" content=\"https:\/\/ikastikos-kiklos.com\/wp-content\/uploads\/2016\/09\/s13.jpg\" \/>\n\t<meta property=\"og:image:width\" content=\"800\" \/>\n\t<meta property=\"og:image:height\" content=\"687\" \/>\n\t<meta property=\"og:image:type\" content=\"image\/jpeg\" \/>\n<meta name=\"twitter:card\" content=\"summary_large_image\" \/>\n<script type=\"application\/ld+json\" class=\"yoast-schema-graph\">{\"@context\":\"https:\\\/\\\/schema.org\",\"@graph\":[{\"@type\":\"WebPage\",\"@id\":\"https:\\\/\\\/ikastikos-kiklos.com\\\/en\\\/product\\\/%ce%ac%cf%84%ce%b9%cf%84%ce%bb%ce%bf-33\\\/\",\"url\":\"https:\\\/\\\/ikastikos-kiklos.com\\\/en\\\/product\\\/%ce%ac%cf%84%ce%b9%cf%84%ce%bb%ce%bf-33\\\/\",\"name\":\"Wheel in Lavrio Small Silkscreen by Sotiris Sorogas.\",\"isPartOf\":{\"@id\":\"https:\\\/\\\/ikastikos-kiklos.com\\\/en\\\/#website\"},\"primaryImageOfPage\":{\"@id\":\"https:\\\/\\\/ikastikos-kiklos.com\\\/en\\\/product\\\/%ce%ac%cf%84%ce%b9%cf%84%ce%bb%ce%bf-33\\\/#primaryimage\"},\"image\":{\"@id\":\"https:\\\/\\\/ikastikos-kiklos.com\\\/en\\\/product\\\/%ce%ac%cf%84%ce%b9%cf%84%ce%bb%ce%bf-33\\\/#primaryimage\"},\"thumbnailUrl\":\"https:\\\/\\\/ikastikos-kiklos.com\\\/wp-content\\\/uploads\\\/2016\\\/09\\\/s13.jpg\",\"datePublished\":\"2016-07-20T12:22:15+00:00\",\"dateModified\":\"2018-01-06T15:22:06+00:00\",\"description\":\"Wheel in Lavrio Small Silkscreen by Sotiris Sorogas. Gicl\u00e9e Silkscreen numbered and signed by the artist himself. Dimensions 23 x 23 cm.\",\"breadcrumb\":{\"@id\":\"https:\\\/\\\/ikastikos-kiklos.com\\\/en\\\/product\\\/%ce%ac%cf%84%ce%b9%cf%84%ce%bb%ce%bf-33\\\/#breadcrumb\"},\"inLanguage\":\"en-US\",\"potentialAction\":[{\"@type\":\"ReadAction\",\"target\":[\"https:\\\/\\\/ikastikos-kiklos.com\\\/en\\\/product\\\/%ce%ac%cf%84%ce%b9%cf%84%ce%bb%ce%bf-33\\\/\"]}]},{\"@type\":\"ImageObject\",\"inLanguage\":\"en-US\",\"@id\":\"https:\\\/\\\/ikastikos-kiklos.com\\\/en\\\/product\\\/%ce%ac%cf%84%ce%b9%cf%84%ce%bb%ce%bf-33\\\/#primaryimage\",\"url\":\"https:\\\/\\\/ikastikos-kiklos.com\\\/wp-content\\\/uploads\\\/2016\\\/09\\\/s13.jpg\",\"contentUrl\":\"https:\\\/\\\/ikastikos-kiklos.com\\\/wp-content\\\/uploads\\\/2016\\\/09\\\/s13.jpg\",\"width\":800,\"height\":687,\"caption\":\"\u03a4\u03c1\u03bf\u03c7\u03cc\u03c2 \u03c3\u03c4\u03bf \u039b\u03b1\u03cd\u03c1\u03b9\u03bf \u039c\u03b9\u03ba\u03c1\u03ae \u039c\u03b5\u03c4\u03b1\u03be\u03bf\u03c4\u03c5\u03c0\u03af\u03b1 \u03b1\u03c0\u03cc \u03c4\u03bf\u03bd \u03a3\u03c9\u03c4\u03ae\u03c1\u03b7 \u03a3\u03cc\u03c1\u03bf\u03b3\u03ba\u03b1\"},{\"@type\":\"BreadcrumbList\",\"@id\":\"https:\\\/\\\/ikastikos-kiklos.com\\\/en\\\/product\\\/%ce%ac%cf%84%ce%b9%cf%84%ce%bb%ce%bf-33\\\/#breadcrumb\",\"itemListElement\":[{\"@type\":\"ListItem\",\"position\":1,\"name\":\"Home\",\"item\":\"https:\\\/\\\/ikastikos-kiklos.com\\\/en\\\/\"},{\"@type\":\"ListItem\",\"position\":2,\"name\":\"\u0388\u03c1\u03b3\u03b1 \u03c4\u03ad\u03c7\u03bd\u03b7\u03c2\",\"item\":\"https:\\\/\\\/ikastikos-kiklos.com\\\/%ce%ad%cf%81%ce%b3%ce%b1-%cf%84%ce%ad%cf%87%ce%bd%ce%b7%cf%82\\\/\"},{\"@type\":\"ListItem\",\"position\":3,\"name\":\"Wheel in Lavrio\"}]},{\"@type\":\"WebSite\",\"@id\":\"https:\\\/\\\/ikastikos-kiklos.com\\\/en\\\/#website\",\"url\":\"https:\\\/\\\/ikastikos-kiklos.com\\\/en\\\/\",\"name\":\"Ikastikos Kiklos - Zografik\u00ed - Metaxotyp\u00edes - T\u00e9chniPainting - Silk Screen - Art\",\"description\":\"\",\"publisher\":{\"@id\":\"https:\\\/\\\/ikastikos-kiklos.com\\\/en\\\/#organization\"},\"potentialAction\":[{\"@type\":\"SearchAction\",\"target\":{\"@type\":\"EntryPoint\",\"urlTemplate\":\"https:\\\/\\\/ikastikos-kiklos.com\\\/en\\\/?s={search_term_string}\"},\"query-input\":{\"@type\":\"PropertyValueSpecification\",\"valueRequired\":true,\"valueName\":\"search_term_string\"}}],\"inLanguage\":\"en-US\"},{\"@type\":\"Organization\",\"@id\":\"https:\\\/\\\/ikastikos-kiklos.com\\\/en\\\/#organization\",\"name\":\"Ikastikos Kiklos - Zografik\u00ed - Metaxotyp\u00edes - T\u00e9chniPainting - Silk Screen - Art\",\"url\":\"https:\\\/\\\/ikastikos-kiklos.com\\\/en\\\/\",\"logo\":{\"@type\":\"ImageObject\",\"inLanguage\":\"en-US\",\"@id\":\"https:\\\/\\\/ikastikos-kiklos.com\\\/en\\\/#\\\/schema\\\/logo\\\/image\\\/\",\"url\":\"https:\\\/\\\/ikastikos-kiklos.com\\\/wp-content\\\/uploads\\\/2022\\\/10\\\/cropped-favicon_ikastikos.png\",\"contentUrl\":\"https:\\\/\\\/ikastikos-kiklos.com\\\/wp-content\\\/uploads\\\/2022\\\/10\\\/cropped-favicon_ikastikos.png\",\"width\":512,\"height\":512,\"caption\":\"Ikastikos Kiklos - Zografik\u00ed - Metaxotyp\u00edes - T\u00e9chniPainting - Silk Screen - Art\"},\"image\":{\"@id\":\"https:\\\/\\\/ikastikos-kiklos.com\\\/en\\\/#\\\/schema\\\/logo\\\/image\\\/\"},\"sameAs\":[\"https:\\\/\\\/www.facebook.com\\\/ikastikoskiklossianti\\\/\"]}]}<\/script>\n<!-- \/ Yoast SEO plugin. -->","yoast_head_json":{"title":"Wheel in Lavrio Small Silkscreen by Sotiris Sorogas.","description":"Wheel in Lavrio Small Silkscreen by Sotiris Sorogas. Gicl\u00e9e Silkscreen numbered and signed by the artist himself. Dimensions 23 x 23 cm.","robots":{"index":"index","follow":"follow","max-snippet":"max-snippet:-1","max-image-preview":"max-image-preview:large","max-video-preview":"max-video-preview:-1"},"canonical":"https:\/\/ikastikos-kiklos.com\/en\/product\/\u03ac\u03c4\u03b9\u03c4\u03bb\u03bf-33\/","og_locale":"en_US","og_type":"article","og_title":"Wheel in Lavrio Small Silkscreen by Sotiris Sorogas.","og_description":"Wheel in Lavrio Small Silkscreen by Sotiris Sorogas. Gicl\u00e9e Silkscreen numbered and signed by the artist himself. Dimensions 23 x 23 cm.","og_url":"https:\/\/ikastikos-kiklos.com\/en\/product\/\u03ac\u03c4\u03b9\u03c4\u03bb\u03bf-33\/","og_site_name":"Ikastikos Kiklos - Zografik\u00ed - Metaxotyp\u00edes - T\u00e9chniPainting - Silk Screen - Art","article_publisher":"https:\/\/www.facebook.com\/ikastikoskiklossianti\/","article_modified_time":"2018-01-06T15:22:06+00:00","og_image":[{"width":800,"height":687,"url":"https:\/\/ikastikos-kiklos.com\/wp-content\/uploads\/2016\/09\/s13.jpg","type":"image\/jpeg"}],"twitter_card":"summary_large_image","schema":{"@context":"https:\/\/schema.org","@graph":[{"@type":"WebPage","@id":"https:\/\/ikastikos-kiklos.com\/en\/product\/%ce%ac%cf%84%ce%b9%cf%84%ce%bb%ce%bf-33\/","url":"https:\/\/ikastikos-kiklos.com\/en\/product\/%ce%ac%cf%84%ce%b9%cf%84%ce%bb%ce%bf-33\/","name":"Wheel in Lavrio Small Silkscreen by Sotiris Sorogas.","isPartOf":{"@id":"https:\/\/ikastikos-kiklos.com\/en\/#website"},"primaryImageOfPage":{"@id":"https:\/\/ikastikos-kiklos.com\/en\/product\/%ce%ac%cf%84%ce%b9%cf%84%ce%bb%ce%bf-33\/#primaryimage"},"image":{"@id":"https:\/\/ikastikos-kiklos.com\/en\/product\/%ce%ac%cf%84%ce%b9%cf%84%ce%bb%ce%bf-33\/#primaryimage"},"thumbnailUrl":"https:\/\/ikastikos-kiklos.com\/wp-content\/uploads\/2016\/09\/s13.jpg","datePublished":"2016-07-20T12:22:15+00:00","dateModified":"2018-01-06T15:22:06+00:00","description":"Wheel in Lavrio Small Silkscreen by Sotiris Sorogas. Gicl\u00e9e Silkscreen numbered and signed by the artist himself. Dimensions 23 x 23 cm.","breadcrumb":{"@id":"https:\/\/ikastikos-kiklos.com\/en\/product\/%ce%ac%cf%84%ce%b9%cf%84%ce%bb%ce%bf-33\/#breadcrumb"},"inLanguage":"en-US","potentialAction":[{"@type":"ReadAction","target":["https:\/\/ikastikos-kiklos.com\/en\/product\/%ce%ac%cf%84%ce%b9%cf%84%ce%bb%ce%bf-33\/"]}]},{"@type":"ImageObject","inLanguage":"en-US","@id":"https:\/\/ikastikos-kiklos.com\/en\/product\/%ce%ac%cf%84%ce%b9%cf%84%ce%bb%ce%bf-33\/#primaryimage","url":"https:\/\/ikastikos-kiklos.com\/wp-content\/uploads\/2016\/09\/s13.jpg","contentUrl":"https:\/\/ikastikos-kiklos.com\/wp-content\/uploads\/2016\/09\/s13.jpg","width":800,"height":687,"caption":"\u03a4\u03c1\u03bf\u03c7\u03cc\u03c2 \u03c3\u03c4\u03bf \u039b\u03b1\u03cd\u03c1\u03b9\u03bf \u039c\u03b9\u03ba\u03c1\u03ae \u039c\u03b5\u03c4\u03b1\u03be\u03bf\u03c4\u03c5\u03c0\u03af\u03b1 \u03b1\u03c0\u03cc \u03c4\u03bf\u03bd \u03a3\u03c9\u03c4\u03ae\u03c1\u03b7 \u03a3\u03cc\u03c1\u03bf\u03b3\u03ba\u03b1"},{"@type":"BreadcrumbList","@id":"https:\/\/ikastikos-kiklos.com\/en\/product\/%ce%ac%cf%84%ce%b9%cf%84%ce%bb%ce%bf-33\/#breadcrumb","itemListElement":[{"@type":"ListItem","position":1,"name":"Home","item":"https:\/\/ikastikos-kiklos.com\/en\/"},{"@type":"ListItem","position":2,"name":"\u0388\u03c1\u03b3\u03b1 \u03c4\u03ad\u03c7\u03bd\u03b7\u03c2","item":"https:\/\/ikastikos-kiklos.com\/%ce%ad%cf%81%ce%b3%ce%b1-%cf%84%ce%ad%cf%87%ce%bd%ce%b7%cf%82\/"},{"@type":"ListItem","position":3,"name":"Wheel in Lavrio"}]},{"@type":"WebSite","@id":"https:\/\/ikastikos-kiklos.com\/en\/#website","url":"https:\/\/ikastikos-kiklos.com\/en\/","name":"Ikastikos Kiklos - Zografik\u00ed - Metaxotyp\u00edes - T\u00e9chniPainting - Silk Screen - Art","description":"","publisher":{"@id":"https:\/\/ikastikos-kiklos.com\/en\/#organization"},"potentialAction":[{"@type":"SearchAction","target":{"@type":"EntryPoint","urlTemplate":"https:\/\/ikastikos-kiklos.com\/en\/?s={search_term_string}"},"query-input":{"@type":"PropertyValueSpecification","valueRequired":true,"valueName":"search_term_string"}}],"inLanguage":"en-US"},{"@type":"Organization","@id":"https:\/\/ikastikos-kiklos.com\/en\/#organization","name":"Ikastikos Kiklos - Zografik\u00ed - Metaxotyp\u00edes - T\u00e9chniPainting - Silk Screen - Art","url":"https:\/\/ikastikos-kiklos.com\/en\/","logo":{"@type":"ImageObject","inLanguage":"en-US","@id":"https:\/\/ikastikos-kiklos.com\/en\/#\/schema\/logo\/image\/","url":"https:\/\/ikastikos-kiklos.com\/wp-content\/uploads\/2022\/10\/cropped-favicon_ikastikos.png","contentUrl":"https:\/\/ikastikos-kiklos.com\/wp-content\/uploads\/2022\/10\/cropped-favicon_ikastikos.png","width":512,"height":512,"caption":"Ikastikos Kiklos - Zografik\u00ed - Metaxotyp\u00edes - T\u00e9chniPainting - Silk Screen - Art"},"image":{"@id":"https:\/\/ikastikos-kiklos.com\/en\/#\/schema\/logo\/image\/"},"sameAs":["https:\/\/www.facebook.com\/ikastikoskiklossianti\/"]}]}},"_links":{"self":[{"href":"https:\/\/ikastikos-kiklos.com\/en\/wp-json\/wp\/v2\/product\/3556","targetHints":{"allow":["GET"]}}],"collection":[{"href":"https:\/\/ikastikos-kiklos.com\/en\/wp-json\/wp\/v2\/product"}],"about":[{"href":"https:\/\/ikastikos-kiklos.com\/en\/wp-json\/wp\/v2\/types\/product"}],"wp:featuredmedia":[{"embeddable":true,"href":"https:\/\/ikastikos-kiklos.com\/en\/wp-json\/wp\/v2\/media\/2624"}],"wp:attachment":[{"href":"https:\/\/ikastikos-kiklos.com\/en\/wp-json\/wp\/v2\/media?parent=3556"}],"wp:term":[{"taxonomy":"product_brand","embeddable":true,"href":"https:\/\/ikastikos-kiklos.com\/en\/wp-json\/wp\/v2\/product_brand?post=3556"},{"taxonomy":"product_cat","embeddable":true,"href":"https:\/\/ikastikos-kiklos.com\/en\/wp-json\/wp\/v2\/product_cat?post=3556"},{"taxonomy":"product_tag","embeddable":true,"href":"https:\/\/ikastikos-kiklos.com\/en\/wp-json\/wp\/v2\/product_tag?post=3556"}],"curies":[{"name":"wp","href":"https:\/\/api.w.org\/{rel}","templated":true}]}}