{"id":3545,"date":"2016-08-23T14:20:58","date_gmt":"2016-08-23T14:20:58","guid":{"rendered":"http:\/\/ikastikos-kiklos.com\/\u03c0\u03c1\u03bf\u03ca\u03cc\u03bd\/%cf%84%ce%b1%ce%b5-%ce%ba%ce%b2%ce%bf%ce%bd-%ce%bd%cf%84%ce%bf\/?lang=en"},"modified":"2019-06-26T11:52:39","modified_gmt":"2019-06-26T08:52:39","slug":"%cf%84%ce%b1%ce%b5-%ce%ba%ce%b2%ce%bf%ce%bd-%ce%bd%cf%84%ce%bf","status":"publish","type":"product","link":"https:\/\/ikastikos-kiklos.com\/en\/product\/%cf%84%ce%b1%ce%b5-%ce%ba%ce%b2%ce%bf%ce%bd-%ce%bd%cf%84%ce%bf\/","title":{"rendered":"Tae kwon do"},"content":{"rendered":"<h1>Tae kwon do<\/h1>\n<p>The monumentality of Vlassis\u2019s theatrical forms characterizes the volumes of his sculptures, which are always distinguished by a staged dimension of movement. His multilevel and often sharp \u201cancient Greek\u201d bronze sculptures, the biomorphic figures, the Olympic Sports, the geometric embraces of his tubular figures and the explosive erotic female bodies \u2013 have all been designed beforehand on paper and are dominated by the sense of a movement frozen in time.<\/p>\n<p>Elizabeth Plessa<\/p>\n","protected":false},"excerpt":{"rendered":"<p>First presentation in the exhibition \u00abTo the Track, Everybody to the Track\u00bb<\/p>\n<p>Anemos Gallery, 2010<\/p>\n","protected":false},"featured_media":5979,"template":"","meta":{"ngg_post_thumbnail":0},"product_brand":[],"product_cat":[398,399,2047],"product_tag":[2521,2492,3006,2507,2493,2528,2529,2491],"class_list":{"0":"post-3545","1":"product","2":"type-product","3":"status-publish","4":"has-post-thumbnail","6":"product_cat-collections","7":"product_cat-microsculpture","8":"product_cat-wedding-gifts","9":"product_tag-aluminum","10":"product_tag-corporate-gifts","11":"product_tag-dimitris-vlassis-en","12":"product_tag-microsculpture","13":"product_tag-office-gifts","14":"product_tag-tae-kwon-do","15":"product_tag-track","16":"product_tag-wedding-gifts","18":"first","19":"instock","20":"taxable","21":"shipping-taxable","22":"purchasable","23":"product-type-simple"},"yoast_head":"<!-- This site is optimized with the Yoast SEO plugin v27.2 - https:\/\/yoast.com\/product\/yoast-seo-wordpress\/ -->\n<title>Tae kwon do Sculpure by the Artist Dimitris Vlassis at Ikastikos Kiklos Sianti Gallery.<\/title>\n<meta name=\"description\" content=\"Tae kwon do Sculpure by the Artist Dimitris Vlassis at Ikastikos Kiklos Sianti Gallery. Aluminum with car paint in oven, height 0.21 m. First presentation at the exhibition &quot;In the track and field, everyone in the track and field&quot;, art gallery &quot;Anemos&quot;, 2010\" \/>\n<meta name=\"robots\" content=\"index, follow, max-snippet:-1, max-image-preview:large, max-video-preview:-1\" \/>\n<link rel=\"canonical\" href=\"https:\/\/ikastikos-kiklos.com\/en\/product\/\u03c4\u03b1\u03b5-\u03ba\u03b2\u03bf\u03bd-\u03bd\u03c4\u03bf\/\" \/>\n<meta property=\"og:locale\" content=\"en_US\" \/>\n<meta property=\"og:type\" content=\"article\" \/>\n<meta property=\"og:title\" content=\"Tae kwon do Sculpure by the Artist Dimitris Vlassis at Ikastikos Kiklos Sianti Gallery.\" \/>\n<meta property=\"og:description\" content=\"Tae kwon do Sculpure by the Artist Dimitris Vlassis at Ikastikos Kiklos Sianti Gallery. Aluminum with car paint in oven, height 0.21 m. First presentation at the exhibition &quot;In the track and field, everyone in the track and field&quot;, art gallery &quot;Anemos&quot;, 2010\" \/>\n<meta property=\"og:url\" content=\"https:\/\/ikastikos-kiklos.com\/en\/product\/\u03c4\u03b1\u03b5-\u03ba\u03b2\u03bf\u03bd-\u03bd\u03c4\u03bf\/\" \/>\n<meta property=\"og:site_name\" content=\"Ikastikos Kiklos - Zografik\u00ed - Metaxotyp\u00edes - T\u00e9chniPainting - Silk Screen - Art\" \/>\n<meta property=\"article:publisher\" content=\"https:\/\/www.facebook.com\/ikastikoskiklossianti\/\" \/>\n<meta property=\"article:modified_time\" content=\"2019-06-26T08:52:39+00:00\" \/>\n<meta property=\"og:image\" content=\"https:\/\/ikastikos-kiklos.com\/wp-content\/uploads\/2016\/08\/\u039f\u039b-\u03a4\u0395\u039a-\u0392\u039f-\u039d\u03a4\u039f.jpg\" \/>\n\t<meta property=\"og:image:width\" content=\"740\" \/>\n\t<meta property=\"og:image:height\" content=\"645\" \/>\n\t<meta property=\"og:image:type\" content=\"image\/jpeg\" \/>\n<meta name=\"twitter:card\" content=\"summary_large_image\" \/>\n<script type=\"application\/ld+json\" class=\"yoast-schema-graph\">{\"@context\":\"https:\/\/schema.org\",\"@graph\":[{\"@type\":\"WebPage\",\"@id\":\"https:\/\/ikastikos-kiklos.com\/en\/product\/%cf%84%ce%b1%ce%b5-%ce%ba%ce%b2%ce%bf%ce%bd-%ce%bd%cf%84%ce%bf\/\",\"url\":\"https:\/\/ikastikos-kiklos.com\/en\/product\/%cf%84%ce%b1%ce%b5-%ce%ba%ce%b2%ce%bf%ce%bd-%ce%bd%cf%84%ce%bf\/\",\"name\":\"Tae kwon do Sculpure by the Artist Dimitris Vlassis at Ikastikos Kiklos Sianti Gallery.\",\"isPartOf\":{\"@id\":\"https:\/\/ikastikos-kiklos.com\/en\/#website\"},\"primaryImageOfPage\":{\"@id\":\"https:\/\/ikastikos-kiklos.com\/en\/product\/%cf%84%ce%b1%ce%b5-%ce%ba%ce%b2%ce%bf%ce%bd-%ce%bd%cf%84%ce%bf\/#primaryimage\"},\"image\":{\"@id\":\"https:\/\/ikastikos-kiklos.com\/en\/product\/%cf%84%ce%b1%ce%b5-%ce%ba%ce%b2%ce%bf%ce%bd-%ce%bd%cf%84%ce%bf\/#primaryimage\"},\"thumbnailUrl\":\"https:\/\/ikastikos-kiklos.com\/wp-content\/uploads\/2016\/08\/\u039f\u039b-\u03a4\u0395\u039a-\u0392\u039f-\u039d\u03a4\u039f.jpg\",\"datePublished\":\"2016-08-23T14:20:58+00:00\",\"dateModified\":\"2019-06-26T08:52:39+00:00\",\"description\":\"Tae kwon do Sculpure by the Artist Dimitris Vlassis at Ikastikos Kiklos Sianti Gallery. Aluminum with car paint in oven, height 0.21 m. First presentation at the exhibition \\\"In the track and field, everyone in the track and field\\\", art gallery \\\"Anemos\\\", 2010\",\"breadcrumb\":{\"@id\":\"https:\/\/ikastikos-kiklos.com\/en\/product\/%cf%84%ce%b1%ce%b5-%ce%ba%ce%b2%ce%bf%ce%bd-%ce%bd%cf%84%ce%bf\/#breadcrumb\"},\"inLanguage\":\"en-US\",\"potentialAction\":[{\"@type\":\"ReadAction\",\"target\":[\"https:\/\/ikastikos-kiklos.com\/en\/product\/%cf%84%ce%b1%ce%b5-%ce%ba%ce%b2%ce%bf%ce%bd-%ce%bd%cf%84%ce%bf\/\"]}]},{\"@type\":\"ImageObject\",\"inLanguage\":\"en-US\",\"@id\":\"https:\/\/ikastikos-kiklos.com\/en\/product\/%cf%84%ce%b1%ce%b5-%ce%ba%ce%b2%ce%bf%ce%bd-%ce%bd%cf%84%ce%bf\/#primaryimage\",\"url\":\"https:\/\/ikastikos-kiklos.com\/wp-content\/uploads\/2016\/08\/\u039f\u039b-\u03a4\u0395\u039a-\u0392\u039f-\u039d\u03a4\u039f.jpg\",\"contentUrl\":\"https:\/\/ikastikos-kiklos.com\/wp-content\/uploads\/2016\/08\/\u039f\u039b-\u03a4\u0395\u039a-\u0392\u039f-\u039d\u03a4\u039f.jpg\",\"width\":740,\"height\":645,\"caption\":\"Taekwondo Sculpure by the Artist Dimitris Vlassis at Ikastikos Kiklos Sianti Gallery.\"},{\"@type\":\"BreadcrumbList\",\"@id\":\"https:\/\/ikastikos-kiklos.com\/en\/product\/%cf%84%ce%b1%ce%b5-%ce%ba%ce%b2%ce%bf%ce%bd-%ce%bd%cf%84%ce%bf\/#breadcrumb\",\"itemListElement\":[{\"@type\":\"ListItem\",\"position\":1,\"name\":\"Home\",\"item\":\"https:\/\/ikastikos-kiklos.com\/en\/\"},{\"@type\":\"ListItem\",\"position\":2,\"name\":\"\u0388\u03c1\u03b3\u03b1 \u03c4\u03ad\u03c7\u03bd\u03b7\u03c2\",\"item\":\"https:\/\/ikastikos-kiklos.com\/%ce%ad%cf%81%ce%b3%ce%b1-%cf%84%ce%ad%cf%87%ce%bd%ce%b7%cf%82\/\"},{\"@type\":\"ListItem\",\"position\":3,\"name\":\"Tae kwon do\"}]},{\"@type\":\"WebSite\",\"@id\":\"https:\/\/ikastikos-kiklos.com\/en\/#website\",\"url\":\"https:\/\/ikastikos-kiklos.com\/en\/\",\"name\":\"Ikastikos Kiklos - Zografik\u00ed - Metaxotyp\u00edes - T\u00e9chniPainting - Silk Screen - Art\",\"description\":\"\",\"publisher\":{\"@id\":\"https:\/\/ikastikos-kiklos.com\/en\/#organization\"},\"potentialAction\":[{\"@type\":\"SearchAction\",\"target\":{\"@type\":\"EntryPoint\",\"urlTemplate\":\"https:\/\/ikastikos-kiklos.com\/en\/?s={search_term_string}\"},\"query-input\":{\"@type\":\"PropertyValueSpecification\",\"valueRequired\":true,\"valueName\":\"search_term_string\"}}],\"inLanguage\":\"en-US\"},{\"@type\":\"Organization\",\"@id\":\"https:\/\/ikastikos-kiklos.com\/en\/#organization\",\"name\":\"Ikastikos Kiklos - Zografik\u00ed - Metaxotyp\u00edes - T\u00e9chniPainting - Silk Screen - Art\",\"url\":\"https:\/\/ikastikos-kiklos.com\/en\/\",\"logo\":{\"@type\":\"ImageObject\",\"inLanguage\":\"en-US\",\"@id\":\"https:\/\/ikastikos-kiklos.com\/en\/#\/schema\/logo\/image\/\",\"url\":\"https:\/\/ikastikos-kiklos.com\/wp-content\/uploads\/2022\/10\/cropped-favicon_ikastikos.png\",\"contentUrl\":\"https:\/\/ikastikos-kiklos.com\/wp-content\/uploads\/2022\/10\/cropped-favicon_ikastikos.png\",\"width\":512,\"height\":512,\"caption\":\"Ikastikos Kiklos - Zografik\u00ed - Metaxotyp\u00edes - T\u00e9chniPainting - Silk Screen - Art\"},\"image\":{\"@id\":\"https:\/\/ikastikos-kiklos.com\/en\/#\/schema\/logo\/image\/\"},\"sameAs\":[\"https:\/\/www.facebook.com\/ikastikoskiklossianti\/\"]}]}<\/script>\n<!-- \/ Yoast SEO plugin. -->","yoast_head_json":{"title":"Tae kwon do Sculpure by the Artist Dimitris Vlassis at Ikastikos Kiklos Sianti Gallery.","description":"Tae kwon do Sculpure by the Artist Dimitris Vlassis at Ikastikos Kiklos Sianti Gallery. Aluminum with car paint in oven, height 0.21 m. First presentation at the exhibition \"In the track and field, everyone in the track and field\", art gallery \"Anemos\", 2010","robots":{"index":"index","follow":"follow","max-snippet":"max-snippet:-1","max-image-preview":"max-image-preview:large","max-video-preview":"max-video-preview:-1"},"canonical":"https:\/\/ikastikos-kiklos.com\/en\/product\/\u03c4\u03b1\u03b5-\u03ba\u03b2\u03bf\u03bd-\u03bd\u03c4\u03bf\/","og_locale":"en_US","og_type":"article","og_title":"Tae kwon do Sculpure by the Artist Dimitris Vlassis at Ikastikos Kiklos Sianti Gallery.","og_description":"Tae kwon do Sculpure by the Artist Dimitris Vlassis at Ikastikos Kiklos Sianti Gallery. Aluminum with car paint in oven, height 0.21 m. First presentation at the exhibition \"In the track and field, everyone in the track and field\", art gallery \"Anemos\", 2010","og_url":"https:\/\/ikastikos-kiklos.com\/en\/product\/\u03c4\u03b1\u03b5-\u03ba\u03b2\u03bf\u03bd-\u03bd\u03c4\u03bf\/","og_site_name":"Ikastikos Kiklos - Zografik\u00ed - Metaxotyp\u00edes - T\u00e9chniPainting - Silk Screen - Art","article_publisher":"https:\/\/www.facebook.com\/ikastikoskiklossianti\/","article_modified_time":"2019-06-26T08:52:39+00:00","og_image":[{"width":740,"height":645,"url":"https:\/\/ikastikos-kiklos.com\/wp-content\/uploads\/2016\/08\/\u039f\u039b-\u03a4\u0395\u039a-\u0392\u039f-\u039d\u03a4\u039f.jpg","type":"image\/jpeg"}],"twitter_card":"summary_large_image","schema":{"@context":"https:\/\/schema.org","@graph":[{"@type":"WebPage","@id":"https:\/\/ikastikos-kiklos.com\/en\/product\/%cf%84%ce%b1%ce%b5-%ce%ba%ce%b2%ce%bf%ce%bd-%ce%bd%cf%84%ce%bf\/","url":"https:\/\/ikastikos-kiklos.com\/en\/product\/%cf%84%ce%b1%ce%b5-%ce%ba%ce%b2%ce%bf%ce%bd-%ce%bd%cf%84%ce%bf\/","name":"Tae kwon do Sculpure by the Artist Dimitris Vlassis at Ikastikos Kiklos Sianti Gallery.","isPartOf":{"@id":"https:\/\/ikastikos-kiklos.com\/en\/#website"},"primaryImageOfPage":{"@id":"https:\/\/ikastikos-kiklos.com\/en\/product\/%cf%84%ce%b1%ce%b5-%ce%ba%ce%b2%ce%bf%ce%bd-%ce%bd%cf%84%ce%bf\/#primaryimage"},"image":{"@id":"https:\/\/ikastikos-kiklos.com\/en\/product\/%cf%84%ce%b1%ce%b5-%ce%ba%ce%b2%ce%bf%ce%bd-%ce%bd%cf%84%ce%bf\/#primaryimage"},"thumbnailUrl":"https:\/\/ikastikos-kiklos.com\/wp-content\/uploads\/2016\/08\/\u039f\u039b-\u03a4\u0395\u039a-\u0392\u039f-\u039d\u03a4\u039f.jpg","datePublished":"2016-08-23T14:20:58+00:00","dateModified":"2019-06-26T08:52:39+00:00","description":"Tae kwon do Sculpure by the Artist Dimitris Vlassis at Ikastikos Kiklos Sianti Gallery. Aluminum with car paint in oven, height 0.21 m. First presentation at the exhibition \"In the track and field, everyone in the track and field\", art gallery \"Anemos\", 2010","breadcrumb":{"@id":"https:\/\/ikastikos-kiklos.com\/en\/product\/%cf%84%ce%b1%ce%b5-%ce%ba%ce%b2%ce%bf%ce%bd-%ce%bd%cf%84%ce%bf\/#breadcrumb"},"inLanguage":"en-US","potentialAction":[{"@type":"ReadAction","target":["https:\/\/ikastikos-kiklos.com\/en\/product\/%cf%84%ce%b1%ce%b5-%ce%ba%ce%b2%ce%bf%ce%bd-%ce%bd%cf%84%ce%bf\/"]}]},{"@type":"ImageObject","inLanguage":"en-US","@id":"https:\/\/ikastikos-kiklos.com\/en\/product\/%cf%84%ce%b1%ce%b5-%ce%ba%ce%b2%ce%bf%ce%bd-%ce%bd%cf%84%ce%bf\/#primaryimage","url":"https:\/\/ikastikos-kiklos.com\/wp-content\/uploads\/2016\/08\/\u039f\u039b-\u03a4\u0395\u039a-\u0392\u039f-\u039d\u03a4\u039f.jpg","contentUrl":"https:\/\/ikastikos-kiklos.com\/wp-content\/uploads\/2016\/08\/\u039f\u039b-\u03a4\u0395\u039a-\u0392\u039f-\u039d\u03a4\u039f.jpg","width":740,"height":645,"caption":"Taekwondo Sculpure by the Artist Dimitris Vlassis at Ikastikos Kiklos Sianti Gallery."},{"@type":"BreadcrumbList","@id":"https:\/\/ikastikos-kiklos.com\/en\/product\/%cf%84%ce%b1%ce%b5-%ce%ba%ce%b2%ce%bf%ce%bd-%ce%bd%cf%84%ce%bf\/#breadcrumb","itemListElement":[{"@type":"ListItem","position":1,"name":"Home","item":"https:\/\/ikastikos-kiklos.com\/en\/"},{"@type":"ListItem","position":2,"name":"\u0388\u03c1\u03b3\u03b1 \u03c4\u03ad\u03c7\u03bd\u03b7\u03c2","item":"https:\/\/ikastikos-kiklos.com\/%ce%ad%cf%81%ce%b3%ce%b1-%cf%84%ce%ad%cf%87%ce%bd%ce%b7%cf%82\/"},{"@type":"ListItem","position":3,"name":"Tae kwon do"}]},{"@type":"WebSite","@id":"https:\/\/ikastikos-kiklos.com\/en\/#website","url":"https:\/\/ikastikos-kiklos.com\/en\/","name":"Ikastikos Kiklos - Zografik\u00ed - Metaxotyp\u00edes - T\u00e9chniPainting - Silk Screen - Art","description":"","publisher":{"@id":"https:\/\/ikastikos-kiklos.com\/en\/#organization"},"potentialAction":[{"@type":"SearchAction","target":{"@type":"EntryPoint","urlTemplate":"https:\/\/ikastikos-kiklos.com\/en\/?s={search_term_string}"},"query-input":{"@type":"PropertyValueSpecification","valueRequired":true,"valueName":"search_term_string"}}],"inLanguage":"en-US"},{"@type":"Organization","@id":"https:\/\/ikastikos-kiklos.com\/en\/#organization","name":"Ikastikos Kiklos - Zografik\u00ed - Metaxotyp\u00edes - T\u00e9chniPainting - Silk Screen - Art","url":"https:\/\/ikastikos-kiklos.com\/en\/","logo":{"@type":"ImageObject","inLanguage":"en-US","@id":"https:\/\/ikastikos-kiklos.com\/en\/#\/schema\/logo\/image\/","url":"https:\/\/ikastikos-kiklos.com\/wp-content\/uploads\/2022\/10\/cropped-favicon_ikastikos.png","contentUrl":"https:\/\/ikastikos-kiklos.com\/wp-content\/uploads\/2022\/10\/cropped-favicon_ikastikos.png","width":512,"height":512,"caption":"Ikastikos Kiklos - Zografik\u00ed - Metaxotyp\u00edes - T\u00e9chniPainting - Silk Screen - Art"},"image":{"@id":"https:\/\/ikastikos-kiklos.com\/en\/#\/schema\/logo\/image\/"},"sameAs":["https:\/\/www.facebook.com\/ikastikoskiklossianti\/"]}]}},"_links":{"self":[{"href":"https:\/\/ikastikos-kiklos.com\/en\/wp-json\/wp\/v2\/product\/3545","targetHints":{"allow":["GET"]}}],"collection":[{"href":"https:\/\/ikastikos-kiklos.com\/en\/wp-json\/wp\/v2\/product"}],"about":[{"href":"https:\/\/ikastikos-kiklos.com\/en\/wp-json\/wp\/v2\/types\/product"}],"wp:featuredmedia":[{"embeddable":true,"href":"https:\/\/ikastikos-kiklos.com\/en\/wp-json\/wp\/v2\/media\/5979"}],"wp:attachment":[{"href":"https:\/\/ikastikos-kiklos.com\/en\/wp-json\/wp\/v2\/media?parent=3545"}],"wp:term":[{"taxonomy":"product_brand","embeddable":true,"href":"https:\/\/ikastikos-kiklos.com\/en\/wp-json\/wp\/v2\/product_brand?post=3545"},{"taxonomy":"product_cat","embeddable":true,"href":"https:\/\/ikastikos-kiklos.com\/en\/wp-json\/wp\/v2\/product_cat?post=3545"},{"taxonomy":"product_tag","embeddable":true,"href":"https:\/\/ikastikos-kiklos.com\/en\/wp-json\/wp\/v2\/product_tag?post=3545"}],"curies":[{"name":"wp","href":"https:\/\/api.w.org\/{rel}","templated":true}]}}