{"id":3544,"date":"2016-08-23T14:05:31","date_gmt":"2016-08-23T14:05:31","guid":{"rendered":"http:\/\/ikastikos-kiklos.com\/\u03c0\u03c1\u03bf\u03ca\u03cc\u03bd\/%ce%b9%cf%80%cf%80%ce%ad%ce%b1%cf%82\/?lang=en"},"modified":"2019-06-26T11:53:03","modified_gmt":"2019-06-26T08:53:03","slug":"%ce%b9%cf%80%cf%80%ce%ad%ce%b1%cf%82","status":"publish","type":"product","link":"https:\/\/ikastikos-kiklos.com\/en\/product\/%ce%b9%cf%80%cf%80%ce%ad%ce%b1%cf%82\/","title":{"rendered":"Horseman"},"content":{"rendered":"<h1>Horseman<\/h1>\n<p>The monumentality of Vlassis\u2019s theatrical forms characterizes the volumes of his sculptures, which are always distinguished by a staged dimension of movement. His multilevel and often sharp \u201cancient Greek\u201d bronze sculptures, the biomorphic figures, the Olympic Sports, the geometric embraces of his tubular figures and the explosive erotic female bodies \u2013 have all been designed beforehand on paper and are dominated by the sense of a movement frozen in time.<\/p>\n<p>Elizabeth Plessa<\/p>\n","protected":false},"excerpt":{"rendered":"<p>First presentation in the exhibition \u00abTo the Track, Everybody to the Track\u00bb<\/p>\n<p>Anemos Gallery, 2010<\/p>\n","protected":false},"featured_media":4755,"template":"","meta":{"ngg_post_thumbnail":0},"product_brand":[],"product_cat":[398,399,2047],"product_tag":[2521,2492,3006,2530,2507,2493,2529,2491],"class_list":{"0":"post-3544","1":"product","2":"type-product","3":"status-publish","4":"has-post-thumbnail","6":"product_cat-collections","7":"product_cat-microsculpture","8":"product_cat-wedding-gifts","9":"product_tag-aluminum","10":"product_tag-corporate-gifts","11":"product_tag-dimitris-vlassis-en","12":"product_tag-horseman","13":"product_tag-microsculpture","14":"product_tag-office-gifts","15":"product_tag-track","16":"product_tag-wedding-gifts","18":"first","19":"instock","20":"taxable","21":"shipping-taxable","22":"purchasable","23":"product-type-simple"},"yoast_head":"<!-- This site is optimized with the Yoast SEO plugin v27.4 - https:\/\/yoast.com\/product\/yoast-seo-wordpress\/ -->\n<title>Horseman Small Sculpture by the Artist Dimitris Vlassis at Ikastikos Kiklos Sianti Gallery.<\/title>\n<meta name=\"description\" content=\"Horseman Small Sculpture by the Artist Dimitris Vlassis at Ikastikos Kiklos Sianti Gallery. Made of Aluminum with a height of 0.19m. First presentation at the exhibition &quot;At track and field, everyone at track and field&quot;.\" \/>\n<meta name=\"robots\" content=\"index, follow, max-snippet:-1, max-image-preview:large, max-video-preview:-1\" \/>\n<link rel=\"canonical\" href=\"https:\/\/ikastikos-kiklos.com\/en\/product\/\u03b9\u03c0\u03c0\u03ad\u03b1\u03c2\/\" \/>\n<meta property=\"og:locale\" content=\"en_US\" \/>\n<meta property=\"og:type\" content=\"article\" \/>\n<meta property=\"og:title\" content=\"Horseman Small Sculpture by the Artist Dimitris Vlassis at Ikastikos Kiklos Sianti Gallery.\" \/>\n<meta property=\"og:description\" content=\"Horseman Small Sculpture by the Artist Dimitris Vlassis at Ikastikos Kiklos Sianti Gallery. Made of Aluminum with a height of 0.19m. First presentation at the exhibition &quot;At track and field, everyone at track and field&quot;.\" \/>\n<meta property=\"og:url\" content=\"https:\/\/ikastikos-kiklos.com\/en\/product\/\u03b9\u03c0\u03c0\u03ad\u03b1\u03c2\/\" \/>\n<meta property=\"og:site_name\" content=\"Ikastikos Kiklos - Zografik\u00ed - Metaxotyp\u00edes - T\u00e9chniPainting - Silk Screen - Art\" \/>\n<meta property=\"article:publisher\" content=\"https:\/\/www.facebook.com\/ikastikoskiklossianti\/\" \/>\n<meta property=\"article:modified_time\" content=\"2019-06-26T08:53:03+00:00\" \/>\n<meta property=\"og:image\" content=\"https:\/\/ikastikos-kiklos.com\/wp-content\/uploads\/2016\/08\/\u039f\u039b-\u0399\u03a0\u03a0\u0391\u03a3\u0399\u0391.jpg\" \/>\n\t<meta property=\"og:image:width\" content=\"727\" \/>\n\t<meta property=\"og:image:height\" content=\"615\" \/>\n\t<meta property=\"og:image:type\" content=\"image\/jpeg\" \/>\n<meta name=\"twitter:card\" content=\"summary_large_image\" \/>\n<script type=\"application\/ld+json\" class=\"yoast-schema-graph\">{\"@context\":\"https:\\\/\\\/schema.org\",\"@graph\":[{\"@type\":\"WebPage\",\"@id\":\"https:\\\/\\\/ikastikos-kiklos.com\\\/en\\\/product\\\/%ce%b9%cf%80%cf%80%ce%ad%ce%b1%cf%82\\\/\",\"url\":\"https:\\\/\\\/ikastikos-kiklos.com\\\/en\\\/product\\\/%ce%b9%cf%80%cf%80%ce%ad%ce%b1%cf%82\\\/\",\"name\":\"Horseman Small Sculpture by the Artist Dimitris Vlassis at Ikastikos Kiklos Sianti Gallery.\",\"isPartOf\":{\"@id\":\"https:\\\/\\\/ikastikos-kiklos.com\\\/en\\\/#website\"},\"primaryImageOfPage\":{\"@id\":\"https:\\\/\\\/ikastikos-kiklos.com\\\/en\\\/product\\\/%ce%b9%cf%80%cf%80%ce%ad%ce%b1%cf%82\\\/#primaryimage\"},\"image\":{\"@id\":\"https:\\\/\\\/ikastikos-kiklos.com\\\/en\\\/product\\\/%ce%b9%cf%80%cf%80%ce%ad%ce%b1%cf%82\\\/#primaryimage\"},\"thumbnailUrl\":\"https:\\\/\\\/ikastikos-kiklos.com\\\/wp-content\\\/uploads\\\/2016\\\/08\\\/\u039f\u039b-\u0399\u03a0\u03a0\u0391\u03a3\u0399\u0391.jpg\",\"datePublished\":\"2016-08-23T14:05:31+00:00\",\"dateModified\":\"2019-06-26T08:53:03+00:00\",\"description\":\"Horseman Small Sculpture by the Artist Dimitris Vlassis at Ikastikos Kiklos Sianti Gallery. Made of Aluminum with a height of 0.19m. First presentation at the exhibition \\\"At track and field, everyone at track and field\\\".\",\"breadcrumb\":{\"@id\":\"https:\\\/\\\/ikastikos-kiklos.com\\\/en\\\/product\\\/%ce%b9%cf%80%cf%80%ce%ad%ce%b1%cf%82\\\/#breadcrumb\"},\"inLanguage\":\"en-US\",\"potentialAction\":[{\"@type\":\"ReadAction\",\"target\":[\"https:\\\/\\\/ikastikos-kiklos.com\\\/en\\\/product\\\/%ce%b9%cf%80%cf%80%ce%ad%ce%b1%cf%82\\\/\"]}]},{\"@type\":\"ImageObject\",\"inLanguage\":\"en-US\",\"@id\":\"https:\\\/\\\/ikastikos-kiklos.com\\\/en\\\/product\\\/%ce%b9%cf%80%cf%80%ce%ad%ce%b1%cf%82\\\/#primaryimage\",\"url\":\"https:\\\/\\\/ikastikos-kiklos.com\\\/wp-content\\\/uploads\\\/2016\\\/08\\\/\u039f\u039b-\u0399\u03a0\u03a0\u0391\u03a3\u0399\u0391.jpg\",\"contentUrl\":\"https:\\\/\\\/ikastikos-kiklos.com\\\/wp-content\\\/uploads\\\/2016\\\/08\\\/\u039f\u039b-\u0399\u03a0\u03a0\u0391\u03a3\u0399\u0391.jpg\",\"width\":727,\"height\":615,\"caption\":\"Rider Small Sculpture by the Artist Dimitris Vlassis at Ikastikos Kiklos Sianti Gallery.\"},{\"@type\":\"BreadcrumbList\",\"@id\":\"https:\\\/\\\/ikastikos-kiklos.com\\\/en\\\/product\\\/%ce%b9%cf%80%cf%80%ce%ad%ce%b1%cf%82\\\/#breadcrumb\",\"itemListElement\":[{\"@type\":\"ListItem\",\"position\":1,\"name\":\"Home\",\"item\":\"https:\\\/\\\/ikastikos-kiklos.com\\\/en\\\/\"},{\"@type\":\"ListItem\",\"position\":2,\"name\":\"\u0388\u03c1\u03b3\u03b1 \u03c4\u03ad\u03c7\u03bd\u03b7\u03c2\",\"item\":\"https:\\\/\\\/ikastikos-kiklos.com\\\/%ce%ad%cf%81%ce%b3%ce%b1-%cf%84%ce%ad%cf%87%ce%bd%ce%b7%cf%82\\\/\"},{\"@type\":\"ListItem\",\"position\":3,\"name\":\"Horseman\"}]},{\"@type\":\"WebSite\",\"@id\":\"https:\\\/\\\/ikastikos-kiklos.com\\\/en\\\/#website\",\"url\":\"https:\\\/\\\/ikastikos-kiklos.com\\\/en\\\/\",\"name\":\"Ikastikos Kiklos - Zografik\u00ed - Metaxotyp\u00edes - T\u00e9chniPainting - Silk Screen - Art\",\"description\":\"\",\"publisher\":{\"@id\":\"https:\\\/\\\/ikastikos-kiklos.com\\\/en\\\/#organization\"},\"potentialAction\":[{\"@type\":\"SearchAction\",\"target\":{\"@type\":\"EntryPoint\",\"urlTemplate\":\"https:\\\/\\\/ikastikos-kiklos.com\\\/en\\\/?s={search_term_string}\"},\"query-input\":{\"@type\":\"PropertyValueSpecification\",\"valueRequired\":true,\"valueName\":\"search_term_string\"}}],\"inLanguage\":\"en-US\"},{\"@type\":\"Organization\",\"@id\":\"https:\\\/\\\/ikastikos-kiklos.com\\\/en\\\/#organization\",\"name\":\"Ikastikos Kiklos - Zografik\u00ed - Metaxotyp\u00edes - T\u00e9chniPainting - Silk Screen - Art\",\"url\":\"https:\\\/\\\/ikastikos-kiklos.com\\\/en\\\/\",\"logo\":{\"@type\":\"ImageObject\",\"inLanguage\":\"en-US\",\"@id\":\"https:\\\/\\\/ikastikos-kiklos.com\\\/en\\\/#\\\/schema\\\/logo\\\/image\\\/\",\"url\":\"https:\\\/\\\/ikastikos-kiklos.com\\\/wp-content\\\/uploads\\\/2022\\\/10\\\/cropped-favicon_ikastikos.png\",\"contentUrl\":\"https:\\\/\\\/ikastikos-kiklos.com\\\/wp-content\\\/uploads\\\/2022\\\/10\\\/cropped-favicon_ikastikos.png\",\"width\":512,\"height\":512,\"caption\":\"Ikastikos Kiklos - Zografik\u00ed - Metaxotyp\u00edes - T\u00e9chniPainting - Silk Screen - Art\"},\"image\":{\"@id\":\"https:\\\/\\\/ikastikos-kiklos.com\\\/en\\\/#\\\/schema\\\/logo\\\/image\\\/\"},\"sameAs\":[\"https:\\\/\\\/www.facebook.com\\\/ikastikoskiklossianti\\\/\"]}]}<\/script>\n<!-- \/ Yoast SEO plugin. -->","yoast_head_json":{"title":"Horseman Small Sculpture by the Artist Dimitris Vlassis at Ikastikos Kiklos Sianti Gallery.","description":"Horseman Small Sculpture by the Artist Dimitris Vlassis at Ikastikos Kiklos Sianti Gallery. Made of Aluminum with a height of 0.19m. First presentation at the exhibition \"At track and field, everyone at track and field\".","robots":{"index":"index","follow":"follow","max-snippet":"max-snippet:-1","max-image-preview":"max-image-preview:large","max-video-preview":"max-video-preview:-1"},"canonical":"https:\/\/ikastikos-kiklos.com\/en\/product\/\u03b9\u03c0\u03c0\u03ad\u03b1\u03c2\/","og_locale":"en_US","og_type":"article","og_title":"Horseman Small Sculpture by the Artist Dimitris Vlassis at Ikastikos Kiklos Sianti Gallery.","og_description":"Horseman Small Sculpture by the Artist Dimitris Vlassis at Ikastikos Kiklos Sianti Gallery. Made of Aluminum with a height of 0.19m. First presentation at the exhibition \"At track and field, everyone at track and field\".","og_url":"https:\/\/ikastikos-kiklos.com\/en\/product\/\u03b9\u03c0\u03c0\u03ad\u03b1\u03c2\/","og_site_name":"Ikastikos Kiklos - Zografik\u00ed - Metaxotyp\u00edes - T\u00e9chniPainting - Silk Screen - Art","article_publisher":"https:\/\/www.facebook.com\/ikastikoskiklossianti\/","article_modified_time":"2019-06-26T08:53:03+00:00","og_image":[{"width":727,"height":615,"url":"https:\/\/ikastikos-kiklos.com\/wp-content\/uploads\/2016\/08\/\u039f\u039b-\u0399\u03a0\u03a0\u0391\u03a3\u0399\u0391.jpg","type":"image\/jpeg"}],"twitter_card":"summary_large_image","schema":{"@context":"https:\/\/schema.org","@graph":[{"@type":"WebPage","@id":"https:\/\/ikastikos-kiklos.com\/en\/product\/%ce%b9%cf%80%cf%80%ce%ad%ce%b1%cf%82\/","url":"https:\/\/ikastikos-kiklos.com\/en\/product\/%ce%b9%cf%80%cf%80%ce%ad%ce%b1%cf%82\/","name":"Horseman Small Sculpture by the Artist Dimitris Vlassis at Ikastikos Kiklos Sianti Gallery.","isPartOf":{"@id":"https:\/\/ikastikos-kiklos.com\/en\/#website"},"primaryImageOfPage":{"@id":"https:\/\/ikastikos-kiklos.com\/en\/product\/%ce%b9%cf%80%cf%80%ce%ad%ce%b1%cf%82\/#primaryimage"},"image":{"@id":"https:\/\/ikastikos-kiklos.com\/en\/product\/%ce%b9%cf%80%cf%80%ce%ad%ce%b1%cf%82\/#primaryimage"},"thumbnailUrl":"https:\/\/ikastikos-kiklos.com\/wp-content\/uploads\/2016\/08\/\u039f\u039b-\u0399\u03a0\u03a0\u0391\u03a3\u0399\u0391.jpg","datePublished":"2016-08-23T14:05:31+00:00","dateModified":"2019-06-26T08:53:03+00:00","description":"Horseman Small Sculpture by the Artist Dimitris Vlassis at Ikastikos Kiklos Sianti Gallery. Made of Aluminum with a height of 0.19m. First presentation at the exhibition \"At track and field, everyone at track and field\".","breadcrumb":{"@id":"https:\/\/ikastikos-kiklos.com\/en\/product\/%ce%b9%cf%80%cf%80%ce%ad%ce%b1%cf%82\/#breadcrumb"},"inLanguage":"en-US","potentialAction":[{"@type":"ReadAction","target":["https:\/\/ikastikos-kiklos.com\/en\/product\/%ce%b9%cf%80%cf%80%ce%ad%ce%b1%cf%82\/"]}]},{"@type":"ImageObject","inLanguage":"en-US","@id":"https:\/\/ikastikos-kiklos.com\/en\/product\/%ce%b9%cf%80%cf%80%ce%ad%ce%b1%cf%82\/#primaryimage","url":"https:\/\/ikastikos-kiklos.com\/wp-content\/uploads\/2016\/08\/\u039f\u039b-\u0399\u03a0\u03a0\u0391\u03a3\u0399\u0391.jpg","contentUrl":"https:\/\/ikastikos-kiklos.com\/wp-content\/uploads\/2016\/08\/\u039f\u039b-\u0399\u03a0\u03a0\u0391\u03a3\u0399\u0391.jpg","width":727,"height":615,"caption":"Rider Small Sculpture by the Artist Dimitris Vlassis at Ikastikos Kiklos Sianti Gallery."},{"@type":"BreadcrumbList","@id":"https:\/\/ikastikos-kiklos.com\/en\/product\/%ce%b9%cf%80%cf%80%ce%ad%ce%b1%cf%82\/#breadcrumb","itemListElement":[{"@type":"ListItem","position":1,"name":"Home","item":"https:\/\/ikastikos-kiklos.com\/en\/"},{"@type":"ListItem","position":2,"name":"\u0388\u03c1\u03b3\u03b1 \u03c4\u03ad\u03c7\u03bd\u03b7\u03c2","item":"https:\/\/ikastikos-kiklos.com\/%ce%ad%cf%81%ce%b3%ce%b1-%cf%84%ce%ad%cf%87%ce%bd%ce%b7%cf%82\/"},{"@type":"ListItem","position":3,"name":"Horseman"}]},{"@type":"WebSite","@id":"https:\/\/ikastikos-kiklos.com\/en\/#website","url":"https:\/\/ikastikos-kiklos.com\/en\/","name":"Ikastikos Kiklos - Zografik\u00ed - Metaxotyp\u00edes - T\u00e9chniPainting - Silk Screen - Art","description":"","publisher":{"@id":"https:\/\/ikastikos-kiklos.com\/en\/#organization"},"potentialAction":[{"@type":"SearchAction","target":{"@type":"EntryPoint","urlTemplate":"https:\/\/ikastikos-kiklos.com\/en\/?s={search_term_string}"},"query-input":{"@type":"PropertyValueSpecification","valueRequired":true,"valueName":"search_term_string"}}],"inLanguage":"en-US"},{"@type":"Organization","@id":"https:\/\/ikastikos-kiklos.com\/en\/#organization","name":"Ikastikos Kiklos - Zografik\u00ed - Metaxotyp\u00edes - T\u00e9chniPainting - Silk Screen - Art","url":"https:\/\/ikastikos-kiklos.com\/en\/","logo":{"@type":"ImageObject","inLanguage":"en-US","@id":"https:\/\/ikastikos-kiklos.com\/en\/#\/schema\/logo\/image\/","url":"https:\/\/ikastikos-kiklos.com\/wp-content\/uploads\/2022\/10\/cropped-favicon_ikastikos.png","contentUrl":"https:\/\/ikastikos-kiklos.com\/wp-content\/uploads\/2022\/10\/cropped-favicon_ikastikos.png","width":512,"height":512,"caption":"Ikastikos Kiklos - Zografik\u00ed - Metaxotyp\u00edes - T\u00e9chniPainting - Silk Screen - Art"},"image":{"@id":"https:\/\/ikastikos-kiklos.com\/en\/#\/schema\/logo\/image\/"},"sameAs":["https:\/\/www.facebook.com\/ikastikoskiklossianti\/"]}]}},"_links":{"self":[{"href":"https:\/\/ikastikos-kiklos.com\/en\/wp-json\/wp\/v2\/product\/3544","targetHints":{"allow":["GET"]}}],"collection":[{"href":"https:\/\/ikastikos-kiklos.com\/en\/wp-json\/wp\/v2\/product"}],"about":[{"href":"https:\/\/ikastikos-kiklos.com\/en\/wp-json\/wp\/v2\/types\/product"}],"wp:featuredmedia":[{"embeddable":true,"href":"https:\/\/ikastikos-kiklos.com\/en\/wp-json\/wp\/v2\/media\/4755"}],"wp:attachment":[{"href":"https:\/\/ikastikos-kiklos.com\/en\/wp-json\/wp\/v2\/media?parent=3544"}],"wp:term":[{"taxonomy":"product_brand","embeddable":true,"href":"https:\/\/ikastikos-kiklos.com\/en\/wp-json\/wp\/v2\/product_brand?post=3544"},{"taxonomy":"product_cat","embeddable":true,"href":"https:\/\/ikastikos-kiklos.com\/en\/wp-json\/wp\/v2\/product_cat?post=3544"},{"taxonomy":"product_tag","embeddable":true,"href":"https:\/\/ikastikos-kiklos.com\/en\/wp-json\/wp\/v2\/product_tag?post=3544"}],"curies":[{"name":"wp","href":"https:\/\/api.w.org\/{rel}","templated":true}]}}