{"id":3529,"date":"2016-07-11T15:48:17","date_gmt":"2016-07-11T12:48:17","guid":{"rendered":"http:\/\/ikastikos-kiklos.com\/\u03c0\u03c1\u03bf\u03ca\u03cc\u03bd\/%ce%b5%ce%bb%ce%b9%ce%ac-11\/?lang=en"},"modified":"2021-08-26T19:24:08","modified_gmt":"2021-08-26T16:24:08","slug":"%ce%b5%ce%bb%ce%b9%ce%ac-11","status":"publish","type":"product","link":"https:\/\/ikastikos-kiklos.com\/en\/product\/%ce%b5%ce%bb%ce%b9%ce%ac-11\/","title":{"rendered":"Olive tree"},"content":{"rendered":"<h1>Olive tree<\/h1>\n<p>The olive tree was the sacred symbol of the ancient city of Athens. According to the legend, the god Poseidon and the goddess Athena became rivals for the protection of the city. They both offered to the Athenian people a special gift in order to win their favor. Poseidon hit the earth with his trident and water sprang from the ground. But the water was salty and of no use to the people. Athena, on the other hand, offered them an olive tree which could be used for nourishment (in the form of fruit and oil) and for timber.<\/p>\n<p>Her gift was considered much more useful and she was named protector of the city. The olive tree played such a crucial role to the prosperity of Athens that the winners of the Panathenaic Games \u2013 held during the Panathenaea, a great festival in honor of the goddess which took place every four years \u2013 received amphorae filled with this valuable olive oil.<\/p>\n<p>Furthermore, the olive tree had a special, symbolic value for Greek people, in general. During the Olympic Games, winners were awarded a \u201c<em>kotino\u201d, <\/em>a wreath made of branches cut from the sacred olive tree which stood outside Zeus\u2019 temple. It was considered the highest prize an athlete could ever win.<\/p>\n<p><iframe loading=\"lazy\" title=\"&#039;\u0395\u03ba\u03b8\u03b5\u03c3\u03b7 &quot;\u03a4\u03bf \u03b4\u03ad\u03bd\u03c4\u03c1\u03bf \u03c4\u03bf\u03c5 \u03c0\u03bb\u03b7\u03b3\u03ce\u03bd\u03b1\u03bc\u03b5&quot; \u03c4\u03bf\u03c5 \u0386\u03b3\u03b3\u03b5\u03bb\u03bf\u03c5 \u03a0\u03b1\u03bd\u03b1\u03b3\u03b9\u03c9\u03c4\u03af\u03b4\u03b7 - \u0395\u03b9\u03ba\u03b1\u03c3\u03c4\u03b9\u03ba\u03cc\u03c2 \u039a\u03cd\u03ba\u03bb\u03bf\u03c2 Sianti\" width=\"1220\" height=\"686\" src=\"https:\/\/www.youtube.com\/embed\/s8bSvsRA9Cs?feature=oembed&#038;enablejsapi=1&#038;origin=https:\/\/ikastikos-kiklos.com\" frameborder=\"0\" allow=\"accelerometer; autoplay; clipboard-write; encrypted-media; gyroscope; picture-in-picture\" allowfullscreen><\/iframe><\/p>\n","protected":false},"excerpt":{"rendered":"<p>Hand made and signed by Aggelos Panagiotidis.<\/p>\n","protected":false},"featured_media":52722,"template":"","meta":{"ngg_post_thumbnail":0},"product_brand":[],"product_cat":[398,1987,399,1988,2047],"product_tag":[2215,2504,2492,2507,2493,2957,2491],"class_list":{"0":"post-3529","1":"product","2":"type-product","3":"status-publish","4":"has-post-thumbnail","6":"product_cat-collections","7":"product_cat-eshop-en","8":"product_cat-microsculpture","9":"product_cat-microsculpture-shop","10":"product_cat-wedding-gifts","11":"product_tag-aggelos-panagiotidis-en","12":"product_tag-brass","13":"product_tag-corporate-gifts","14":"product_tag-microsculpture","15":"product_tag-office-gifts","16":"product_tag-olive-tree","17":"product_tag-wedding-gifts","18":"product_shipping_class-5-10kg-en-2","20":"first","21":"instock","22":"taxable","23":"shipping-taxable","24":"purchasable","25":"product-type-simple"},"yoast_head":"<!-- This site is optimized with the Yoast SEO plugin v27.2 - https:\/\/yoast.com\/product\/yoast-seo-wordpress\/ -->\n<title>Olive Tree Micro Sculpture by Aggelos Panagiotidis at Ikastikos Kiklos Sianti Gallery.<\/title>\n<meta name=\"description\" content=\"Olive Tree Micro Sculpture by the Sculptor Aggelos Panagiotidis. Brass in dimensions 29x29x34 cm. A classic and contemporary piece of art that forces its viewer in a stochastic process.\" \/>\n<meta name=\"robots\" content=\"index, follow, max-snippet:-1, max-image-preview:large, max-video-preview:-1\" \/>\n<link rel=\"canonical\" href=\"https:\/\/ikastikos-kiklos.com\/en\/product\/\u03b5\u03bb\u03b9\u03ac-11\/\" \/>\n<meta property=\"og:locale\" content=\"en_US\" \/>\n<meta property=\"og:type\" content=\"article\" \/>\n<meta property=\"og:title\" content=\"Olive Tree Micro Sculpture by Aggelos Panagiotidis at Ikastikos Kiklos Sianti Gallery.\" \/>\n<meta property=\"og:description\" content=\"Olive Tree Micro Sculpture by the Sculptor Aggelos Panagiotidis. Brass in dimensions 29x29x34 cm. A classic and contemporary piece of art that forces its viewer in a stochastic process.\" \/>\n<meta property=\"og:url\" content=\"https:\/\/ikastikos-kiklos.com\/en\/product\/\u03b5\u03bb\u03b9\u03ac-11\/\" \/>\n<meta property=\"og:site_name\" content=\"Ikastikos Kiklos - Zografik\u00ed - Metaxotyp\u00edes - T\u00e9chniPainting - Silk Screen - Art\" \/>\n<meta property=\"article:publisher\" content=\"https:\/\/www.facebook.com\/ikastikoskiklossianti\/\" \/>\n<meta property=\"article:modified_time\" content=\"2021-08-26T16:24:08+00:00\" \/>\n<meta property=\"og:image\" content=\"https:\/\/ikastikos-kiklos.com\/wp-content\/uploads\/2016\/07\/Job_8415.jpg\" \/>\n\t<meta property=\"og:image:width\" content=\"800\" \/>\n\t<meta property=\"og:image:height\" content=\"914\" \/>\n\t<meta property=\"og:image:type\" content=\"image\/jpeg\" \/>\n<meta name=\"twitter:card\" content=\"summary_large_image\" \/>\n<meta name=\"twitter:label1\" content=\"Est. reading time\" \/>\n\t<meta name=\"twitter:data1\" content=\"1 minute\" \/>\n<script type=\"application\/ld+json\" class=\"yoast-schema-graph\">{\"@context\":\"https:\/\/schema.org\",\"@graph\":[{\"@type\":\"WebPage\",\"@id\":\"https:\/\/ikastikos-kiklos.com\/en\/product\/%ce%b5%ce%bb%ce%b9%ce%ac-11\/\",\"url\":\"https:\/\/ikastikos-kiklos.com\/en\/product\/%ce%b5%ce%bb%ce%b9%ce%ac-11\/\",\"name\":\"Olive Tree Micro Sculpture by Aggelos Panagiotidis at Ikastikos Kiklos Sianti Gallery.\",\"isPartOf\":{\"@id\":\"https:\/\/ikastikos-kiklos.com\/en\/#website\"},\"primaryImageOfPage\":{\"@id\":\"https:\/\/ikastikos-kiklos.com\/en\/product\/%ce%b5%ce%bb%ce%b9%ce%ac-11\/#primaryimage\"},\"image\":{\"@id\":\"https:\/\/ikastikos-kiklos.com\/en\/product\/%ce%b5%ce%bb%ce%b9%ce%ac-11\/#primaryimage\"},\"thumbnailUrl\":\"https:\/\/ikastikos-kiklos.com\/wp-content\/uploads\/2018\/09\/\u03b5\u03bb\u03b9\u03ac-\u03c0\u03b1\u03bd\u03b1\u03b3\u03b9\u03c9\u03c4\u03af\u03b4\u03b7\u03c2-\u03ac\u03b3\u03b3\u03b5\u03bb\u03bf\u03c2-\u03b3\u03bb\u03c5\u03c0\u03c4\u03cc-\u03bf\u03c1\u03b5\u03af\u03c7\u03b1\u03bb\u03ba\u03bf\u03c2-\u03bc11-11.jpg\",\"datePublished\":\"2016-07-11T12:48:17+00:00\",\"dateModified\":\"2021-08-26T16:24:08+00:00\",\"description\":\"Olive Tree Micro Sculpture by the Sculptor Aggelos Panagiotidis. Brass in dimensions 29x29x34 cm. A classic and contemporary piece of art that forces its viewer in a stochastic process.\",\"breadcrumb\":{\"@id\":\"https:\/\/ikastikos-kiklos.com\/en\/product\/%ce%b5%ce%bb%ce%b9%ce%ac-11\/#breadcrumb\"},\"inLanguage\":\"en-US\",\"potentialAction\":[{\"@type\":\"ReadAction\",\"target\":[\"https:\/\/ikastikos-kiklos.com\/en\/product\/%ce%b5%ce%bb%ce%b9%ce%ac-11\/\"]}]},{\"@type\":\"ImageObject\",\"inLanguage\":\"en-US\",\"@id\":\"https:\/\/ikastikos-kiklos.com\/en\/product\/%ce%b5%ce%bb%ce%b9%ce%ac-11\/#primaryimage\",\"url\":\"https:\/\/ikastikos-kiklos.com\/wp-content\/uploads\/2018\/09\/\u03b5\u03bb\u03b9\u03ac-\u03c0\u03b1\u03bd\u03b1\u03b3\u03b9\u03c9\u03c4\u03af\u03b4\u03b7\u03c2-\u03ac\u03b3\u03b3\u03b5\u03bb\u03bf\u03c2-\u03b3\u03bb\u03c5\u03c0\u03c4\u03cc-\u03bf\u03c1\u03b5\u03af\u03c7\u03b1\u03bb\u03ba\u03bf\u03c2-\u03bc11-11.jpg\",\"contentUrl\":\"https:\/\/ikastikos-kiklos.com\/wp-content\/uploads\/2018\/09\/\u03b5\u03bb\u03b9\u03ac-\u03c0\u03b1\u03bd\u03b1\u03b3\u03b9\u03c9\u03c4\u03af\u03b4\u03b7\u03c2-\u03ac\u03b3\u03b3\u03b5\u03bb\u03bf\u03c2-\u03b3\u03bb\u03c5\u03c0\u03c4\u03cc-\u03bf\u03c1\u03b5\u03af\u03c7\u03b1\u03bb\u03ba\u03bf\u03c2-\u03bc11-11.jpg\",\"width\":1430,\"height\":1318,\"caption\":\"\u0395\u03bb\u03b9\u03ac \u03b1\u03c0\u03cc \u03c4\u03bf\u03bd \u0386\u03b3\u03b3\u03b5\u03bb\u03bf \u03a0\u03b1\u03bd\u03b1\u03b3\u03b9\u03c9\u03c4\u03af\u03b4\u03b7 - \u03bc\u03bf\u03bd\u03b1\u03b4\u03b9\u03ba\u03cc \u03c7\u03b5\u03b9\u03c1\u03bf\u03c0\u03bf\u03af\u03b7\u03c4\u03bf \u03b3\u03bb\u03c5\u03c0\u03c4\u03cc \u03c3\u03cd\u03b3\u03c7\u03c1\u03bf\u03bd\u03b7\u03c2 \u03b5\u03bb\u03bb\u03b7\u03bd\u03b9\u03ba\u03ae\u03c2 \u03c4\u03ad\u03c7\u03bd\u03b7\u03c2 - 29x29x34cm\"},{\"@type\":\"BreadcrumbList\",\"@id\":\"https:\/\/ikastikos-kiklos.com\/en\/product\/%ce%b5%ce%bb%ce%b9%ce%ac-11\/#breadcrumb\",\"itemListElement\":[{\"@type\":\"ListItem\",\"position\":1,\"name\":\"Home\",\"item\":\"https:\/\/ikastikos-kiklos.com\/en\/\"},{\"@type\":\"ListItem\",\"position\":2,\"name\":\"\u0388\u03c1\u03b3\u03b1 \u03c4\u03ad\u03c7\u03bd\u03b7\u03c2\",\"item\":\"https:\/\/ikastikos-kiklos.com\/%ce%ad%cf%81%ce%b3%ce%b1-%cf%84%ce%ad%cf%87%ce%bd%ce%b7%cf%82\/\"},{\"@type\":\"ListItem\",\"position\":3,\"name\":\"Olive tree\"}]},{\"@type\":\"WebSite\",\"@id\":\"https:\/\/ikastikos-kiklos.com\/en\/#website\",\"url\":\"https:\/\/ikastikos-kiklos.com\/en\/\",\"name\":\"Ikastikos Kiklos - Zografik\u00ed - Metaxotyp\u00edes - T\u00e9chniPainting - Silk Screen - Art\",\"description\":\"\",\"publisher\":{\"@id\":\"https:\/\/ikastikos-kiklos.com\/en\/#organization\"},\"potentialAction\":[{\"@type\":\"SearchAction\",\"target\":{\"@type\":\"EntryPoint\",\"urlTemplate\":\"https:\/\/ikastikos-kiklos.com\/en\/?s={search_term_string}\"},\"query-input\":{\"@type\":\"PropertyValueSpecification\",\"valueRequired\":true,\"valueName\":\"search_term_string\"}}],\"inLanguage\":\"en-US\"},{\"@type\":\"Organization\",\"@id\":\"https:\/\/ikastikos-kiklos.com\/en\/#organization\",\"name\":\"Ikastikos Kiklos - Zografik\u00ed - Metaxotyp\u00edes - T\u00e9chniPainting - Silk Screen - Art\",\"url\":\"https:\/\/ikastikos-kiklos.com\/en\/\",\"logo\":{\"@type\":\"ImageObject\",\"inLanguage\":\"en-US\",\"@id\":\"https:\/\/ikastikos-kiklos.com\/en\/#\/schema\/logo\/image\/\",\"url\":\"https:\/\/ikastikos-kiklos.com\/wp-content\/uploads\/2022\/10\/cropped-favicon_ikastikos.png\",\"contentUrl\":\"https:\/\/ikastikos-kiklos.com\/wp-content\/uploads\/2022\/10\/cropped-favicon_ikastikos.png\",\"width\":512,\"height\":512,\"caption\":\"Ikastikos Kiklos - Zografik\u00ed - Metaxotyp\u00edes - T\u00e9chniPainting - Silk Screen - Art\"},\"image\":{\"@id\":\"https:\/\/ikastikos-kiklos.com\/en\/#\/schema\/logo\/image\/\"},\"sameAs\":[\"https:\/\/www.facebook.com\/ikastikoskiklossianti\/\"]}]}<\/script>\n<!-- \/ Yoast SEO plugin. -->","yoast_head_json":{"title":"Olive Tree Micro Sculpture by Aggelos Panagiotidis at Ikastikos Kiklos Sianti Gallery.","description":"Olive Tree Micro Sculpture by the Sculptor Aggelos Panagiotidis. Brass in dimensions 29x29x34 cm. A classic and contemporary piece of art that forces its viewer in a stochastic process.","robots":{"index":"index","follow":"follow","max-snippet":"max-snippet:-1","max-image-preview":"max-image-preview:large","max-video-preview":"max-video-preview:-1"},"canonical":"https:\/\/ikastikos-kiklos.com\/en\/product\/\u03b5\u03bb\u03b9\u03ac-11\/","og_locale":"en_US","og_type":"article","og_title":"Olive Tree Micro Sculpture by Aggelos Panagiotidis at Ikastikos Kiklos Sianti Gallery.","og_description":"Olive Tree Micro Sculpture by the Sculptor Aggelos Panagiotidis. Brass in dimensions 29x29x34 cm. A classic and contemporary piece of art that forces its viewer in a stochastic process.","og_url":"https:\/\/ikastikos-kiklos.com\/en\/product\/\u03b5\u03bb\u03b9\u03ac-11\/","og_site_name":"Ikastikos Kiklos - Zografik\u00ed - Metaxotyp\u00edes - T\u00e9chniPainting - Silk Screen - Art","article_publisher":"https:\/\/www.facebook.com\/ikastikoskiklossianti\/","article_modified_time":"2021-08-26T16:24:08+00:00","og_image":[{"width":800,"height":914,"url":"https:\/\/ikastikos-kiklos.com\/wp-content\/uploads\/2016\/07\/Job_8415.jpg","type":"image\/jpeg"}],"twitter_card":"summary_large_image","twitter_misc":{"Est. reading time":"1 minute"},"schema":{"@context":"https:\/\/schema.org","@graph":[{"@type":"WebPage","@id":"https:\/\/ikastikos-kiklos.com\/en\/product\/%ce%b5%ce%bb%ce%b9%ce%ac-11\/","url":"https:\/\/ikastikos-kiklos.com\/en\/product\/%ce%b5%ce%bb%ce%b9%ce%ac-11\/","name":"Olive Tree Micro Sculpture by Aggelos Panagiotidis at Ikastikos Kiklos Sianti Gallery.","isPartOf":{"@id":"https:\/\/ikastikos-kiklos.com\/en\/#website"},"primaryImageOfPage":{"@id":"https:\/\/ikastikos-kiklos.com\/en\/product\/%ce%b5%ce%bb%ce%b9%ce%ac-11\/#primaryimage"},"image":{"@id":"https:\/\/ikastikos-kiklos.com\/en\/product\/%ce%b5%ce%bb%ce%b9%ce%ac-11\/#primaryimage"},"thumbnailUrl":"https:\/\/ikastikos-kiklos.com\/wp-content\/uploads\/2018\/09\/\u03b5\u03bb\u03b9\u03ac-\u03c0\u03b1\u03bd\u03b1\u03b3\u03b9\u03c9\u03c4\u03af\u03b4\u03b7\u03c2-\u03ac\u03b3\u03b3\u03b5\u03bb\u03bf\u03c2-\u03b3\u03bb\u03c5\u03c0\u03c4\u03cc-\u03bf\u03c1\u03b5\u03af\u03c7\u03b1\u03bb\u03ba\u03bf\u03c2-\u03bc11-11.jpg","datePublished":"2016-07-11T12:48:17+00:00","dateModified":"2021-08-26T16:24:08+00:00","description":"Olive Tree Micro Sculpture by the Sculptor Aggelos Panagiotidis. Brass in dimensions 29x29x34 cm. A classic and contemporary piece of art that forces its viewer in a stochastic process.","breadcrumb":{"@id":"https:\/\/ikastikos-kiklos.com\/en\/product\/%ce%b5%ce%bb%ce%b9%ce%ac-11\/#breadcrumb"},"inLanguage":"en-US","potentialAction":[{"@type":"ReadAction","target":["https:\/\/ikastikos-kiklos.com\/en\/product\/%ce%b5%ce%bb%ce%b9%ce%ac-11\/"]}]},{"@type":"ImageObject","inLanguage":"en-US","@id":"https:\/\/ikastikos-kiklos.com\/en\/product\/%ce%b5%ce%bb%ce%b9%ce%ac-11\/#primaryimage","url":"https:\/\/ikastikos-kiklos.com\/wp-content\/uploads\/2018\/09\/\u03b5\u03bb\u03b9\u03ac-\u03c0\u03b1\u03bd\u03b1\u03b3\u03b9\u03c9\u03c4\u03af\u03b4\u03b7\u03c2-\u03ac\u03b3\u03b3\u03b5\u03bb\u03bf\u03c2-\u03b3\u03bb\u03c5\u03c0\u03c4\u03cc-\u03bf\u03c1\u03b5\u03af\u03c7\u03b1\u03bb\u03ba\u03bf\u03c2-\u03bc11-11.jpg","contentUrl":"https:\/\/ikastikos-kiklos.com\/wp-content\/uploads\/2018\/09\/\u03b5\u03bb\u03b9\u03ac-\u03c0\u03b1\u03bd\u03b1\u03b3\u03b9\u03c9\u03c4\u03af\u03b4\u03b7\u03c2-\u03ac\u03b3\u03b3\u03b5\u03bb\u03bf\u03c2-\u03b3\u03bb\u03c5\u03c0\u03c4\u03cc-\u03bf\u03c1\u03b5\u03af\u03c7\u03b1\u03bb\u03ba\u03bf\u03c2-\u03bc11-11.jpg","width":1430,"height":1318,"caption":"\u0395\u03bb\u03b9\u03ac \u03b1\u03c0\u03cc \u03c4\u03bf\u03bd \u0386\u03b3\u03b3\u03b5\u03bb\u03bf \u03a0\u03b1\u03bd\u03b1\u03b3\u03b9\u03c9\u03c4\u03af\u03b4\u03b7 - \u03bc\u03bf\u03bd\u03b1\u03b4\u03b9\u03ba\u03cc \u03c7\u03b5\u03b9\u03c1\u03bf\u03c0\u03bf\u03af\u03b7\u03c4\u03bf \u03b3\u03bb\u03c5\u03c0\u03c4\u03cc \u03c3\u03cd\u03b3\u03c7\u03c1\u03bf\u03bd\u03b7\u03c2 \u03b5\u03bb\u03bb\u03b7\u03bd\u03b9\u03ba\u03ae\u03c2 \u03c4\u03ad\u03c7\u03bd\u03b7\u03c2 - 29x29x34cm"},{"@type":"BreadcrumbList","@id":"https:\/\/ikastikos-kiklos.com\/en\/product\/%ce%b5%ce%bb%ce%b9%ce%ac-11\/#breadcrumb","itemListElement":[{"@type":"ListItem","position":1,"name":"Home","item":"https:\/\/ikastikos-kiklos.com\/en\/"},{"@type":"ListItem","position":2,"name":"\u0388\u03c1\u03b3\u03b1 \u03c4\u03ad\u03c7\u03bd\u03b7\u03c2","item":"https:\/\/ikastikos-kiklos.com\/%ce%ad%cf%81%ce%b3%ce%b1-%cf%84%ce%ad%cf%87%ce%bd%ce%b7%cf%82\/"},{"@type":"ListItem","position":3,"name":"Olive tree"}]},{"@type":"WebSite","@id":"https:\/\/ikastikos-kiklos.com\/en\/#website","url":"https:\/\/ikastikos-kiklos.com\/en\/","name":"Ikastikos Kiklos - Zografik\u00ed - Metaxotyp\u00edes - T\u00e9chniPainting - Silk Screen - Art","description":"","publisher":{"@id":"https:\/\/ikastikos-kiklos.com\/en\/#organization"},"potentialAction":[{"@type":"SearchAction","target":{"@type":"EntryPoint","urlTemplate":"https:\/\/ikastikos-kiklos.com\/en\/?s={search_term_string}"},"query-input":{"@type":"PropertyValueSpecification","valueRequired":true,"valueName":"search_term_string"}}],"inLanguage":"en-US"},{"@type":"Organization","@id":"https:\/\/ikastikos-kiklos.com\/en\/#organization","name":"Ikastikos Kiklos - Zografik\u00ed - Metaxotyp\u00edes - T\u00e9chniPainting - Silk Screen - Art","url":"https:\/\/ikastikos-kiklos.com\/en\/","logo":{"@type":"ImageObject","inLanguage":"en-US","@id":"https:\/\/ikastikos-kiklos.com\/en\/#\/schema\/logo\/image\/","url":"https:\/\/ikastikos-kiklos.com\/wp-content\/uploads\/2022\/10\/cropped-favicon_ikastikos.png","contentUrl":"https:\/\/ikastikos-kiklos.com\/wp-content\/uploads\/2022\/10\/cropped-favicon_ikastikos.png","width":512,"height":512,"caption":"Ikastikos Kiklos - Zografik\u00ed - Metaxotyp\u00edes - T\u00e9chniPainting - Silk Screen - Art"},"image":{"@id":"https:\/\/ikastikos-kiklos.com\/en\/#\/schema\/logo\/image\/"},"sameAs":["https:\/\/www.facebook.com\/ikastikoskiklossianti\/"]}]}},"_links":{"self":[{"href":"https:\/\/ikastikos-kiklos.com\/en\/wp-json\/wp\/v2\/product\/3529","targetHints":{"allow":["GET"]}}],"collection":[{"href":"https:\/\/ikastikos-kiklos.com\/en\/wp-json\/wp\/v2\/product"}],"about":[{"href":"https:\/\/ikastikos-kiklos.com\/en\/wp-json\/wp\/v2\/types\/product"}],"wp:featuredmedia":[{"embeddable":true,"href":"https:\/\/ikastikos-kiklos.com\/en\/wp-json\/wp\/v2\/media\/52722"}],"wp:attachment":[{"href":"https:\/\/ikastikos-kiklos.com\/en\/wp-json\/wp\/v2\/media?parent=3529"}],"wp:term":[{"taxonomy":"product_brand","embeddable":true,"href":"https:\/\/ikastikos-kiklos.com\/en\/wp-json\/wp\/v2\/product_brand?post=3529"},{"taxonomy":"product_cat","embeddable":true,"href":"https:\/\/ikastikos-kiklos.com\/en\/wp-json\/wp\/v2\/product_cat?post=3529"},{"taxonomy":"product_tag","embeddable":true,"href":"https:\/\/ikastikos-kiklos.com\/en\/wp-json\/wp\/v2\/product_tag?post=3529"}],"curies":[{"name":"wp","href":"https:\/\/api.w.org\/{rel}","templated":true}]}}