{"id":3496,"date":"2016-07-07T16:03:18","date_gmt":"2016-07-07T16:03:18","guid":{"rendered":"http:\/\/ikastikos-kiklos.com\/\u03c0\u03c1\u03bf\u03ca\u03cc\u03bd\/%ce%b4%ce%ad%ce%bd%cf%84%cf%81%ce%bf-%ce%b1%cf%81%ce%bd%ce%b7%cf%84%ce%b9%ce%ba%cf%8c-%ce%b8%ce%b5%cf%84%ce%b9%ce%ba%cf%8c\/?lang=en"},"modified":"2021-02-19T23:03:11","modified_gmt":"2021-02-19T21:03:11","slug":"%ce%b4%ce%ad%ce%bd%cf%84%cf%81%ce%bf-%ce%b1%cf%81%ce%bd%ce%b7%cf%84%ce%b9%ce%ba%cf%8c-%ce%b8%ce%b5%cf%84%ce%b9%ce%ba%cf%8c","status":"publish","type":"product","link":"https:\/\/ikastikos-kiklos.com\/en\/product\/%ce%b4%ce%ad%ce%bd%cf%84%cf%81%ce%bf-%ce%b1%cf%81%ce%bd%ce%b7%cf%84%ce%b9%ce%ba%cf%8c-%ce%b8%ce%b5%cf%84%ce%b9%ce%ba%cf%8c\/","title":{"rendered":"Tree Negative-Positive"},"content":{"rendered":"","protected":false},"excerpt":{"rendered":"<p>.<\/p>\n","protected":false},"featured_media":31454,"template":"","meta":{"ngg_post_thumbnail":0},"product_brand":[],"product_cat":[398,1987,399,1988,2047],"product_tag":[2521,3061,2492,3335,2507,2591,2493,2590,2368,2491],"class_list":{"0":"post-3496","1":"product","2":"type-product","3":"status-publish","4":"has-post-thumbnail","6":"product_cat-collections","7":"product_cat-eshop-en","8":"product_cat-microsculpture","9":"product_cat-microsculpture-shop","10":"product_cat-wedding-gifts","11":"product_tag-aluminum","12":"product_tag-christina-sarantopoulou","13":"product_tag-corporate-gifts","14":"product_tag-microsculpture-en","15":"product_tag-microsculpture","16":"product_tag-minimal-en","17":"product_tag-office-gifts","18":"product_tag-particular","19":"product_tag-tree-negative-positive-en","20":"product_tag-wedding-gifts","21":"product_shipping_class-0-2kg","23":"first","24":"instock","25":"taxable","26":"shipping-taxable","27":"purchasable","28":"product-type-simple"},"yoast_head":"<!-- This site is optimized with the Yoast SEO plugin v27.2 - https:\/\/yoast.com\/product\/yoast-seo-wordpress\/ -->\n<title>Tree Negative-Positive Microsculpture by Christina Saradopoulou.<\/title>\n<meta name=\"description\" content=\"Tree Negative-Positive Microsculpture by Christina Saradopoulou. Made of aluminum in dimensions 16x16x17.5cm. Particular and minimal, ideal in every space.\" \/>\n<meta name=\"robots\" content=\"index, follow, max-snippet:-1, max-image-preview:large, max-video-preview:-1\" \/>\n<link rel=\"canonical\" href=\"https:\/\/ikastikos-kiklos.com\/en\/product\/\u03b4\u03ad\u03bd\u03c4\u03c1\u03bf-\u03b1\u03c1\u03bd\u03b7\u03c4\u03b9\u03ba\u03cc-\u03b8\u03b5\u03c4\u03b9\u03ba\u03cc\/\" \/>\n<meta property=\"og:locale\" content=\"en_US\" \/>\n<meta property=\"og:type\" content=\"article\" \/>\n<meta property=\"og:title\" content=\"Tree Negative-Positive Microsculpture by Christina Saradopoulou.\" \/>\n<meta property=\"og:description\" content=\"Tree Negative-Positive Microsculpture by Christina Saradopoulou. Made of aluminum in dimensions 16x16x17.5cm. Particular and minimal, ideal in every space.\" \/>\n<meta property=\"og:url\" content=\"https:\/\/ikastikos-kiklos.com\/en\/product\/\u03b4\u03ad\u03bd\u03c4\u03c1\u03bf-\u03b1\u03c1\u03bd\u03b7\u03c4\u03b9\u03ba\u03cc-\u03b8\u03b5\u03c4\u03b9\u03ba\u03cc\/\" \/>\n<meta property=\"og:site_name\" content=\"Ikastikos Kiklos - Zografik\u00ed - Metaxotyp\u00edes - T\u00e9chniPainting - Silk Screen - Art\" \/>\n<meta property=\"article:publisher\" content=\"https:\/\/www.facebook.com\/ikastikoskiklossianti\/\" \/>\n<meta property=\"article:modified_time\" content=\"2021-02-19T21:03:11+00:00\" \/>\n<meta property=\"og:image\" content=\"https:\/\/ikastikos-kiklos.com\/wp-content\/uploads\/2016\/07\/tree-negative-positive-sarantopoulou-christina.jpg\" \/>\n\t<meta property=\"og:image:width\" content=\"1300\" \/>\n\t<meta property=\"og:image:height\" content=\"1437\" \/>\n\t<meta property=\"og:image:type\" content=\"image\/jpeg\" \/>\n<meta name=\"twitter:card\" content=\"summary_large_image\" \/>\n<script type=\"application\/ld+json\" class=\"yoast-schema-graph\">{\"@context\":\"https:\/\/schema.org\",\"@graph\":[{\"@type\":\"WebPage\",\"@id\":\"https:\/\/ikastikos-kiklos.com\/en\/product\/%ce%b4%ce%ad%ce%bd%cf%84%cf%81%ce%bf-%ce%b1%cf%81%ce%bd%ce%b7%cf%84%ce%b9%ce%ba%cf%8c-%ce%b8%ce%b5%cf%84%ce%b9%ce%ba%cf%8c\/\",\"url\":\"https:\/\/ikastikos-kiklos.com\/en\/product\/%ce%b4%ce%ad%ce%bd%cf%84%cf%81%ce%bf-%ce%b1%cf%81%ce%bd%ce%b7%cf%84%ce%b9%ce%ba%cf%8c-%ce%b8%ce%b5%cf%84%ce%b9%ce%ba%cf%8c\/\",\"name\":\"Tree Negative-Positive Microsculpture by Christina Saradopoulou.\",\"isPartOf\":{\"@id\":\"https:\/\/ikastikos-kiklos.com\/en\/#website\"},\"primaryImageOfPage\":{\"@id\":\"https:\/\/ikastikos-kiklos.com\/en\/product\/%ce%b4%ce%ad%ce%bd%cf%84%cf%81%ce%bf-%ce%b1%cf%81%ce%bd%ce%b7%cf%84%ce%b9%ce%ba%cf%8c-%ce%b8%ce%b5%cf%84%ce%b9%ce%ba%cf%8c\/#primaryimage\"},\"image\":{\"@id\":\"https:\/\/ikastikos-kiklos.com\/en\/product\/%ce%b4%ce%ad%ce%bd%cf%84%cf%81%ce%bf-%ce%b1%cf%81%ce%bd%ce%b7%cf%84%ce%b9%ce%ba%cf%8c-%ce%b8%ce%b5%cf%84%ce%b9%ce%ba%cf%8c\/#primaryimage\"},\"thumbnailUrl\":\"https:\/\/ikastikos-kiklos.com\/wp-content\/uploads\/2016\/07\/tree-negative-positive-sarantopoulou-christina.jpg\",\"datePublished\":\"2016-07-07T16:03:18+00:00\",\"dateModified\":\"2021-02-19T21:03:11+00:00\",\"description\":\"Tree Negative-Positive Microsculpture by Christina Saradopoulou. Made of aluminum in dimensions 16x16x17.5cm. Particular and minimal, ideal in every space.\",\"breadcrumb\":{\"@id\":\"https:\/\/ikastikos-kiklos.com\/en\/product\/%ce%b4%ce%ad%ce%bd%cf%84%cf%81%ce%bf-%ce%b1%cf%81%ce%bd%ce%b7%cf%84%ce%b9%ce%ba%cf%8c-%ce%b8%ce%b5%cf%84%ce%b9%ce%ba%cf%8c\/#breadcrumb\"},\"inLanguage\":\"en-US\",\"potentialAction\":[{\"@type\":\"ReadAction\",\"target\":[\"https:\/\/ikastikos-kiklos.com\/en\/product\/%ce%b4%ce%ad%ce%bd%cf%84%cf%81%ce%bf-%ce%b1%cf%81%ce%bd%ce%b7%cf%84%ce%b9%ce%ba%cf%8c-%ce%b8%ce%b5%cf%84%ce%b9%ce%ba%cf%8c\/\"]}]},{\"@type\":\"ImageObject\",\"inLanguage\":\"en-US\",\"@id\":\"https:\/\/ikastikos-kiklos.com\/en\/product\/%ce%b4%ce%ad%ce%bd%cf%84%cf%81%ce%bf-%ce%b1%cf%81%ce%bd%ce%b7%cf%84%ce%b9%ce%ba%cf%8c-%ce%b8%ce%b5%cf%84%ce%b9%ce%ba%cf%8c\/#primaryimage\",\"url\":\"https:\/\/ikastikos-kiklos.com\/wp-content\/uploads\/2016\/07\/tree-negative-positive-sarantopoulou-christina.jpg\",\"contentUrl\":\"https:\/\/ikastikos-kiklos.com\/wp-content\/uploads\/2016\/07\/tree-negative-positive-sarantopoulou-christina.jpg\",\"width\":1300,\"height\":1437,\"caption\":\"tree-negative-positive-sarantopoulou-christina\"},{\"@type\":\"BreadcrumbList\",\"@id\":\"https:\/\/ikastikos-kiklos.com\/en\/product\/%ce%b4%ce%ad%ce%bd%cf%84%cf%81%ce%bf-%ce%b1%cf%81%ce%bd%ce%b7%cf%84%ce%b9%ce%ba%cf%8c-%ce%b8%ce%b5%cf%84%ce%b9%ce%ba%cf%8c\/#breadcrumb\",\"itemListElement\":[{\"@type\":\"ListItem\",\"position\":1,\"name\":\"Home\",\"item\":\"https:\/\/ikastikos-kiklos.com\/en\/\"},{\"@type\":\"ListItem\",\"position\":2,\"name\":\"\u0388\u03c1\u03b3\u03b1 \u03c4\u03ad\u03c7\u03bd\u03b7\u03c2\",\"item\":\"https:\/\/ikastikos-kiklos.com\/%ce%ad%cf%81%ce%b3%ce%b1-%cf%84%ce%ad%cf%87%ce%bd%ce%b7%cf%82\/\"},{\"@type\":\"ListItem\",\"position\":3,\"name\":\"Tree Negative-Positive\"}]},{\"@type\":\"WebSite\",\"@id\":\"https:\/\/ikastikos-kiklos.com\/en\/#website\",\"url\":\"https:\/\/ikastikos-kiklos.com\/en\/\",\"name\":\"Ikastikos Kiklos - Zografik\u00ed - Metaxotyp\u00edes - T\u00e9chniPainting - Silk Screen - Art\",\"description\":\"\",\"publisher\":{\"@id\":\"https:\/\/ikastikos-kiklos.com\/en\/#organization\"},\"potentialAction\":[{\"@type\":\"SearchAction\",\"target\":{\"@type\":\"EntryPoint\",\"urlTemplate\":\"https:\/\/ikastikos-kiklos.com\/en\/?s={search_term_string}\"},\"query-input\":{\"@type\":\"PropertyValueSpecification\",\"valueRequired\":true,\"valueName\":\"search_term_string\"}}],\"inLanguage\":\"en-US\"},{\"@type\":\"Organization\",\"@id\":\"https:\/\/ikastikos-kiklos.com\/en\/#organization\",\"name\":\"Ikastikos Kiklos - Zografik\u00ed - Metaxotyp\u00edes - T\u00e9chniPainting - Silk Screen - Art\",\"url\":\"https:\/\/ikastikos-kiklos.com\/en\/\",\"logo\":{\"@type\":\"ImageObject\",\"inLanguage\":\"en-US\",\"@id\":\"https:\/\/ikastikos-kiklos.com\/en\/#\/schema\/logo\/image\/\",\"url\":\"https:\/\/ikastikos-kiklos.com\/wp-content\/uploads\/2022\/10\/cropped-favicon_ikastikos.png\",\"contentUrl\":\"https:\/\/ikastikos-kiklos.com\/wp-content\/uploads\/2022\/10\/cropped-favicon_ikastikos.png\",\"width\":512,\"height\":512,\"caption\":\"Ikastikos Kiklos - Zografik\u00ed - Metaxotyp\u00edes - T\u00e9chniPainting - Silk Screen - Art\"},\"image\":{\"@id\":\"https:\/\/ikastikos-kiklos.com\/en\/#\/schema\/logo\/image\/\"},\"sameAs\":[\"https:\/\/www.facebook.com\/ikastikoskiklossianti\/\"]}]}<\/script>\n<!-- \/ Yoast SEO plugin. -->","yoast_head_json":{"title":"Tree Negative-Positive Microsculpture by Christina Saradopoulou.","description":"Tree Negative-Positive Microsculpture by Christina Saradopoulou. Made of aluminum in dimensions 16x16x17.5cm. Particular and minimal, ideal in every space.","robots":{"index":"index","follow":"follow","max-snippet":"max-snippet:-1","max-image-preview":"max-image-preview:large","max-video-preview":"max-video-preview:-1"},"canonical":"https:\/\/ikastikos-kiklos.com\/en\/product\/\u03b4\u03ad\u03bd\u03c4\u03c1\u03bf-\u03b1\u03c1\u03bd\u03b7\u03c4\u03b9\u03ba\u03cc-\u03b8\u03b5\u03c4\u03b9\u03ba\u03cc\/","og_locale":"en_US","og_type":"article","og_title":"Tree Negative-Positive Microsculpture by Christina Saradopoulou.","og_description":"Tree Negative-Positive Microsculpture by Christina Saradopoulou. Made of aluminum in dimensions 16x16x17.5cm. Particular and minimal, ideal in every space.","og_url":"https:\/\/ikastikos-kiklos.com\/en\/product\/\u03b4\u03ad\u03bd\u03c4\u03c1\u03bf-\u03b1\u03c1\u03bd\u03b7\u03c4\u03b9\u03ba\u03cc-\u03b8\u03b5\u03c4\u03b9\u03ba\u03cc\/","og_site_name":"Ikastikos Kiklos - Zografik\u00ed - Metaxotyp\u00edes - T\u00e9chniPainting - Silk Screen - Art","article_publisher":"https:\/\/www.facebook.com\/ikastikoskiklossianti\/","article_modified_time":"2021-02-19T21:03:11+00:00","og_image":[{"width":1300,"height":1437,"url":"https:\/\/ikastikos-kiklos.com\/wp-content\/uploads\/2016\/07\/tree-negative-positive-sarantopoulou-christina.jpg","type":"image\/jpeg"}],"twitter_card":"summary_large_image","schema":{"@context":"https:\/\/schema.org","@graph":[{"@type":"WebPage","@id":"https:\/\/ikastikos-kiklos.com\/en\/product\/%ce%b4%ce%ad%ce%bd%cf%84%cf%81%ce%bf-%ce%b1%cf%81%ce%bd%ce%b7%cf%84%ce%b9%ce%ba%cf%8c-%ce%b8%ce%b5%cf%84%ce%b9%ce%ba%cf%8c\/","url":"https:\/\/ikastikos-kiklos.com\/en\/product\/%ce%b4%ce%ad%ce%bd%cf%84%cf%81%ce%bf-%ce%b1%cf%81%ce%bd%ce%b7%cf%84%ce%b9%ce%ba%cf%8c-%ce%b8%ce%b5%cf%84%ce%b9%ce%ba%cf%8c\/","name":"Tree Negative-Positive Microsculpture by Christina Saradopoulou.","isPartOf":{"@id":"https:\/\/ikastikos-kiklos.com\/en\/#website"},"primaryImageOfPage":{"@id":"https:\/\/ikastikos-kiklos.com\/en\/product\/%ce%b4%ce%ad%ce%bd%cf%84%cf%81%ce%bf-%ce%b1%cf%81%ce%bd%ce%b7%cf%84%ce%b9%ce%ba%cf%8c-%ce%b8%ce%b5%cf%84%ce%b9%ce%ba%cf%8c\/#primaryimage"},"image":{"@id":"https:\/\/ikastikos-kiklos.com\/en\/product\/%ce%b4%ce%ad%ce%bd%cf%84%cf%81%ce%bf-%ce%b1%cf%81%ce%bd%ce%b7%cf%84%ce%b9%ce%ba%cf%8c-%ce%b8%ce%b5%cf%84%ce%b9%ce%ba%cf%8c\/#primaryimage"},"thumbnailUrl":"https:\/\/ikastikos-kiklos.com\/wp-content\/uploads\/2016\/07\/tree-negative-positive-sarantopoulou-christina.jpg","datePublished":"2016-07-07T16:03:18+00:00","dateModified":"2021-02-19T21:03:11+00:00","description":"Tree Negative-Positive Microsculpture by Christina Saradopoulou. Made of aluminum in dimensions 16x16x17.5cm. Particular and minimal, ideal in every space.","breadcrumb":{"@id":"https:\/\/ikastikos-kiklos.com\/en\/product\/%ce%b4%ce%ad%ce%bd%cf%84%cf%81%ce%bf-%ce%b1%cf%81%ce%bd%ce%b7%cf%84%ce%b9%ce%ba%cf%8c-%ce%b8%ce%b5%cf%84%ce%b9%ce%ba%cf%8c\/#breadcrumb"},"inLanguage":"en-US","potentialAction":[{"@type":"ReadAction","target":["https:\/\/ikastikos-kiklos.com\/en\/product\/%ce%b4%ce%ad%ce%bd%cf%84%cf%81%ce%bf-%ce%b1%cf%81%ce%bd%ce%b7%cf%84%ce%b9%ce%ba%cf%8c-%ce%b8%ce%b5%cf%84%ce%b9%ce%ba%cf%8c\/"]}]},{"@type":"ImageObject","inLanguage":"en-US","@id":"https:\/\/ikastikos-kiklos.com\/en\/product\/%ce%b4%ce%ad%ce%bd%cf%84%cf%81%ce%bf-%ce%b1%cf%81%ce%bd%ce%b7%cf%84%ce%b9%ce%ba%cf%8c-%ce%b8%ce%b5%cf%84%ce%b9%ce%ba%cf%8c\/#primaryimage","url":"https:\/\/ikastikos-kiklos.com\/wp-content\/uploads\/2016\/07\/tree-negative-positive-sarantopoulou-christina.jpg","contentUrl":"https:\/\/ikastikos-kiklos.com\/wp-content\/uploads\/2016\/07\/tree-negative-positive-sarantopoulou-christina.jpg","width":1300,"height":1437,"caption":"tree-negative-positive-sarantopoulou-christina"},{"@type":"BreadcrumbList","@id":"https:\/\/ikastikos-kiklos.com\/en\/product\/%ce%b4%ce%ad%ce%bd%cf%84%cf%81%ce%bf-%ce%b1%cf%81%ce%bd%ce%b7%cf%84%ce%b9%ce%ba%cf%8c-%ce%b8%ce%b5%cf%84%ce%b9%ce%ba%cf%8c\/#breadcrumb","itemListElement":[{"@type":"ListItem","position":1,"name":"Home","item":"https:\/\/ikastikos-kiklos.com\/en\/"},{"@type":"ListItem","position":2,"name":"\u0388\u03c1\u03b3\u03b1 \u03c4\u03ad\u03c7\u03bd\u03b7\u03c2","item":"https:\/\/ikastikos-kiklos.com\/%ce%ad%cf%81%ce%b3%ce%b1-%cf%84%ce%ad%cf%87%ce%bd%ce%b7%cf%82\/"},{"@type":"ListItem","position":3,"name":"Tree Negative-Positive"}]},{"@type":"WebSite","@id":"https:\/\/ikastikos-kiklos.com\/en\/#website","url":"https:\/\/ikastikos-kiklos.com\/en\/","name":"Ikastikos Kiklos - Zografik\u00ed - Metaxotyp\u00edes - T\u00e9chniPainting - Silk Screen - Art","description":"","publisher":{"@id":"https:\/\/ikastikos-kiklos.com\/en\/#organization"},"potentialAction":[{"@type":"SearchAction","target":{"@type":"EntryPoint","urlTemplate":"https:\/\/ikastikos-kiklos.com\/en\/?s={search_term_string}"},"query-input":{"@type":"PropertyValueSpecification","valueRequired":true,"valueName":"search_term_string"}}],"inLanguage":"en-US"},{"@type":"Organization","@id":"https:\/\/ikastikos-kiklos.com\/en\/#organization","name":"Ikastikos Kiklos - Zografik\u00ed - Metaxotyp\u00edes - T\u00e9chniPainting - Silk Screen - Art","url":"https:\/\/ikastikos-kiklos.com\/en\/","logo":{"@type":"ImageObject","inLanguage":"en-US","@id":"https:\/\/ikastikos-kiklos.com\/en\/#\/schema\/logo\/image\/","url":"https:\/\/ikastikos-kiklos.com\/wp-content\/uploads\/2022\/10\/cropped-favicon_ikastikos.png","contentUrl":"https:\/\/ikastikos-kiklos.com\/wp-content\/uploads\/2022\/10\/cropped-favicon_ikastikos.png","width":512,"height":512,"caption":"Ikastikos Kiklos - Zografik\u00ed - Metaxotyp\u00edes - T\u00e9chniPainting - Silk Screen - Art"},"image":{"@id":"https:\/\/ikastikos-kiklos.com\/en\/#\/schema\/logo\/image\/"},"sameAs":["https:\/\/www.facebook.com\/ikastikoskiklossianti\/"]}]}},"_links":{"self":[{"href":"https:\/\/ikastikos-kiklos.com\/en\/wp-json\/wp\/v2\/product\/3496","targetHints":{"allow":["GET"]}}],"collection":[{"href":"https:\/\/ikastikos-kiklos.com\/en\/wp-json\/wp\/v2\/product"}],"about":[{"href":"https:\/\/ikastikos-kiklos.com\/en\/wp-json\/wp\/v2\/types\/product"}],"wp:featuredmedia":[{"embeddable":true,"href":"https:\/\/ikastikos-kiklos.com\/en\/wp-json\/wp\/v2\/media\/31454"}],"wp:attachment":[{"href":"https:\/\/ikastikos-kiklos.com\/en\/wp-json\/wp\/v2\/media?parent=3496"}],"wp:term":[{"taxonomy":"product_brand","embeddable":true,"href":"https:\/\/ikastikos-kiklos.com\/en\/wp-json\/wp\/v2\/product_brand?post=3496"},{"taxonomy":"product_cat","embeddable":true,"href":"https:\/\/ikastikos-kiklos.com\/en\/wp-json\/wp\/v2\/product_cat?post=3496"},{"taxonomy":"product_tag","embeddable":true,"href":"https:\/\/ikastikos-kiklos.com\/en\/wp-json\/wp\/v2\/product_tag?post=3496"}],"curies":[{"name":"wp","href":"https:\/\/api.w.org\/{rel}","templated":true}]}}