{"id":3490,"date":"2016-07-05T14:08:30","date_gmt":"2016-07-05T14:08:30","guid":{"rendered":"http:\/\/ikastikos-kiklos.com\/\u03c0\u03c1\u03bf\u03ca\u03cc\u03bd\/%cf%80%ce%bf%ce%b4%cf%8c%cf%83%cf%86%ce%b1%ce%b9%cf%81%ce%bf\/?lang=en"},"modified":"2017-06-01T16:49:34","modified_gmt":"2017-06-01T16:49:34","slug":"%cf%80%ce%bf%ce%b4%cf%8c%cf%83%cf%86%ce%b1%ce%b9%cf%81%ce%bf","status":"publish","type":"product","link":"https:\/\/ikastikos-kiklos.com\/en\/product\/%cf%80%ce%bf%ce%b4%cf%8c%cf%83%cf%86%ce%b1%ce%b9%cf%81%ce%bf\/","title":{"rendered":"Football"},"content":{"rendered":"<header class=\"title-container\">\n<h1><strong>Dimitris Vlassis<\/strong><\/h1>\n<\/header>\n<div class=\"description-container dynamic-content\">He was born in Piraeus, in 1946. In 1969, he graduated from the School of Architecture of the National Technical University of Athens and since then, he has been working as an architect, designer and sculptor, having created a substantial number of architectural works and design objects, writing books, giving lectures, teaching, publishing articles for conventional and electronic media and participating in many painting exhibitions (both personal and group evets, in Greece and abroad). He has also studied theater and has been working as a play writer, director and scenographer.<\/div>\n","protected":false},"excerpt":{"rendered":"<p>Football<\/p>\n<p>2003<\/p>\n<p>Aluminum with oven-baked car paint, height 0.16 m. First presentation in the exhibition \u00abTo<\/p>\n<p>the Track, Everybody to the Track\u00bb Anemos Gallery, 2010<\/p>\n","protected":false},"featured_media":4810,"template":"","meta":{"ngg_post_thumbnail":0},"product_brand":[],"product_cat":[399],"product_tag":[1472,1473,1121,1562,1045,1455],"class_list":{"0":"post-3490","1":"product","2":"type-product","3":"status-publish","4":"has-post-thumbnail","6":"product_cat-microsculpture","7":"product_tag-athletism","8":"product_tag-car-paint","9":"product_tag-dimitris-vlassis","10":"product_tag-football","11":"product_tag-ikastikos-kiklos-sianti","12":"product_tag-sports","14":"first","15":"instock","16":"taxable","17":"shipping-taxable","18":"purchasable","19":"product-type-simple"},"yoast_head":"<!-- This site is optimized with the Yoast SEO plugin v27.4 - https:\/\/yoast.com\/product\/yoast-seo-wordpress\/ -->\n<title>Football View Dimitris Vlassis Profile on Ikastikos Kiklos Sianti Gallery.<\/title>\n<meta name=\"description\" content=\"Football View Dimitris Vlassis Profile on Ikastikos Kiklos Sianti Gallery. Find sculptures &amp; microsculptures for sale at great prices.\" \/>\n<meta name=\"robots\" content=\"index, follow, max-snippet:-1, max-image-preview:large, max-video-preview:-1\" \/>\n<link rel=\"canonical\" href=\"https:\/\/ikastikos-kiklos.com\/en\/product\/\u03c0\u03bf\u03b4\u03cc\u03c3\u03c6\u03b1\u03b9\u03c1\u03bf\/\" \/>\n<meta property=\"og:locale\" content=\"en_US\" \/>\n<meta property=\"og:type\" content=\"article\" \/>\n<meta property=\"og:title\" content=\"Football View Dimitris Vlassis Profile on Ikastikos Kiklos Sianti Gallery.\" \/>\n<meta property=\"og:description\" content=\"Football View Dimitris Vlassis Profile on Ikastikos Kiklos Sianti Gallery. Find sculptures &amp; microsculptures for sale at great prices.\" \/>\n<meta property=\"og:url\" content=\"https:\/\/ikastikos-kiklos.com\/en\/product\/\u03c0\u03bf\u03b4\u03cc\u03c3\u03c6\u03b1\u03b9\u03c1\u03bf\/\" \/>\n<meta property=\"og:site_name\" content=\"Ikastikos Kiklos - Zografik\u00ed - Metaxotyp\u00edes - T\u00e9chniPainting - Silk Screen - Art\" \/>\n<meta property=\"article:publisher\" content=\"https:\/\/www.facebook.com\/ikastikoskiklossianti\/\" \/>\n<meta property=\"article:modified_time\" content=\"2017-06-01T16:49:34+00:00\" \/>\n<meta property=\"og:image\" content=\"https:\/\/ikastikos-kiklos.com\/wp-content\/uploads\/2016\/07\/\u039f\u039b-\u03a0\u039f\u0394\u039f\u03a3\u03a6\u0391\u0399\u03a1\u039f.jpg\" \/>\n\t<meta property=\"og:image:width\" content=\"704\" \/>\n\t<meta property=\"og:image:height\" content=\"642\" \/>\n\t<meta property=\"og:image:type\" content=\"image\/jpeg\" \/>\n<meta name=\"twitter:card\" content=\"summary_large_image\" \/>\n<script type=\"application\/ld+json\" class=\"yoast-schema-graph\">{\"@context\":\"https:\\\/\\\/schema.org\",\"@graph\":[{\"@type\":\"WebPage\",\"@id\":\"https:\\\/\\\/ikastikos-kiklos.com\\\/en\\\/product\\\/%cf%80%ce%bf%ce%b4%cf%8c%cf%83%cf%86%ce%b1%ce%b9%cf%81%ce%bf\\\/\",\"url\":\"https:\\\/\\\/ikastikos-kiklos.com\\\/en\\\/product\\\/%cf%80%ce%bf%ce%b4%cf%8c%cf%83%cf%86%ce%b1%ce%b9%cf%81%ce%bf\\\/\",\"name\":\"Football View Dimitris Vlassis Profile on Ikastikos Kiklos Sianti Gallery.\",\"isPartOf\":{\"@id\":\"https:\\\/\\\/ikastikos-kiklos.com\\\/en\\\/#website\"},\"primaryImageOfPage\":{\"@id\":\"https:\\\/\\\/ikastikos-kiklos.com\\\/en\\\/product\\\/%cf%80%ce%bf%ce%b4%cf%8c%cf%83%cf%86%ce%b1%ce%b9%cf%81%ce%bf\\\/#primaryimage\"},\"image\":{\"@id\":\"https:\\\/\\\/ikastikos-kiklos.com\\\/en\\\/product\\\/%cf%80%ce%bf%ce%b4%cf%8c%cf%83%cf%86%ce%b1%ce%b9%cf%81%ce%bf\\\/#primaryimage\"},\"thumbnailUrl\":\"https:\\\/\\\/ikastikos-kiklos.com\\\/wp-content\\\/uploads\\\/2016\\\/07\\\/\u039f\u039b-\u03a0\u039f\u0394\u039f\u03a3\u03a6\u0391\u0399\u03a1\u039f.jpg\",\"datePublished\":\"2016-07-05T14:08:30+00:00\",\"dateModified\":\"2017-06-01T16:49:34+00:00\",\"description\":\"Football View Dimitris Vlassis Profile on Ikastikos Kiklos Sianti Gallery. Find sculptures & microsculptures for sale at great prices.\",\"breadcrumb\":{\"@id\":\"https:\\\/\\\/ikastikos-kiklos.com\\\/en\\\/product\\\/%cf%80%ce%bf%ce%b4%cf%8c%cf%83%cf%86%ce%b1%ce%b9%cf%81%ce%bf\\\/#breadcrumb\"},\"inLanguage\":\"en-US\",\"potentialAction\":[{\"@type\":\"ReadAction\",\"target\":[\"https:\\\/\\\/ikastikos-kiklos.com\\\/en\\\/product\\\/%cf%80%ce%bf%ce%b4%cf%8c%cf%83%cf%86%ce%b1%ce%b9%cf%81%ce%bf\\\/\"]}]},{\"@type\":\"ImageObject\",\"inLanguage\":\"en-US\",\"@id\":\"https:\\\/\\\/ikastikos-kiklos.com\\\/en\\\/product\\\/%cf%80%ce%bf%ce%b4%cf%8c%cf%83%cf%86%ce%b1%ce%b9%cf%81%ce%bf\\\/#primaryimage\",\"url\":\"https:\\\/\\\/ikastikos-kiklos.com\\\/wp-content\\\/uploads\\\/2016\\\/07\\\/\u039f\u039b-\u03a0\u039f\u0394\u039f\u03a3\u03a6\u0391\u0399\u03a1\u039f.jpg\",\"contentUrl\":\"https:\\\/\\\/ikastikos-kiklos.com\\\/wp-content\\\/uploads\\\/2016\\\/07\\\/\u039f\u039b-\u03a0\u039f\u0394\u039f\u03a3\u03a6\u0391\u0399\u03a1\u039f.jpg\",\"width\":704,\"height\":642},{\"@type\":\"BreadcrumbList\",\"@id\":\"https:\\\/\\\/ikastikos-kiklos.com\\\/en\\\/product\\\/%cf%80%ce%bf%ce%b4%cf%8c%cf%83%cf%86%ce%b1%ce%b9%cf%81%ce%bf\\\/#breadcrumb\",\"itemListElement\":[{\"@type\":\"ListItem\",\"position\":1,\"name\":\"Home\",\"item\":\"https:\\\/\\\/ikastikos-kiklos.com\\\/en\\\/\"},{\"@type\":\"ListItem\",\"position\":2,\"name\":\"\u0388\u03c1\u03b3\u03b1 \u03c4\u03ad\u03c7\u03bd\u03b7\u03c2\",\"item\":\"https:\\\/\\\/ikastikos-kiklos.com\\\/%ce%ad%cf%81%ce%b3%ce%b1-%cf%84%ce%ad%cf%87%ce%bd%ce%b7%cf%82\\\/\"},{\"@type\":\"ListItem\",\"position\":3,\"name\":\"Football\"}]},{\"@type\":\"WebSite\",\"@id\":\"https:\\\/\\\/ikastikos-kiklos.com\\\/en\\\/#website\",\"url\":\"https:\\\/\\\/ikastikos-kiklos.com\\\/en\\\/\",\"name\":\"Ikastikos Kiklos - Zografik\u00ed - Metaxotyp\u00edes - T\u00e9chniPainting - Silk Screen - Art\",\"description\":\"\",\"publisher\":{\"@id\":\"https:\\\/\\\/ikastikos-kiklos.com\\\/en\\\/#organization\"},\"potentialAction\":[{\"@type\":\"SearchAction\",\"target\":{\"@type\":\"EntryPoint\",\"urlTemplate\":\"https:\\\/\\\/ikastikos-kiklos.com\\\/en\\\/?s={search_term_string}\"},\"query-input\":{\"@type\":\"PropertyValueSpecification\",\"valueRequired\":true,\"valueName\":\"search_term_string\"}}],\"inLanguage\":\"en-US\"},{\"@type\":\"Organization\",\"@id\":\"https:\\\/\\\/ikastikos-kiklos.com\\\/en\\\/#organization\",\"name\":\"Ikastikos Kiklos - Zografik\u00ed - Metaxotyp\u00edes - T\u00e9chniPainting - Silk Screen - Art\",\"url\":\"https:\\\/\\\/ikastikos-kiklos.com\\\/en\\\/\",\"logo\":{\"@type\":\"ImageObject\",\"inLanguage\":\"en-US\",\"@id\":\"https:\\\/\\\/ikastikos-kiklos.com\\\/en\\\/#\\\/schema\\\/logo\\\/image\\\/\",\"url\":\"https:\\\/\\\/ikastikos-kiklos.com\\\/wp-content\\\/uploads\\\/2022\\\/10\\\/cropped-favicon_ikastikos.png\",\"contentUrl\":\"https:\\\/\\\/ikastikos-kiklos.com\\\/wp-content\\\/uploads\\\/2022\\\/10\\\/cropped-favicon_ikastikos.png\",\"width\":512,\"height\":512,\"caption\":\"Ikastikos Kiklos - Zografik\u00ed - Metaxotyp\u00edes - T\u00e9chniPainting - Silk Screen - Art\"},\"image\":{\"@id\":\"https:\\\/\\\/ikastikos-kiklos.com\\\/en\\\/#\\\/schema\\\/logo\\\/image\\\/\"},\"sameAs\":[\"https:\\\/\\\/www.facebook.com\\\/ikastikoskiklossianti\\\/\"]}]}<\/script>\n<!-- \/ Yoast SEO plugin. -->","yoast_head_json":{"title":"Football View Dimitris Vlassis Profile on Ikastikos Kiklos Sianti Gallery.","description":"Football View Dimitris Vlassis Profile on Ikastikos Kiklos Sianti Gallery. Find sculptures & microsculptures for sale at great prices.","robots":{"index":"index","follow":"follow","max-snippet":"max-snippet:-1","max-image-preview":"max-image-preview:large","max-video-preview":"max-video-preview:-1"},"canonical":"https:\/\/ikastikos-kiklos.com\/en\/product\/\u03c0\u03bf\u03b4\u03cc\u03c3\u03c6\u03b1\u03b9\u03c1\u03bf\/","og_locale":"en_US","og_type":"article","og_title":"Football View Dimitris Vlassis Profile on Ikastikos Kiklos Sianti Gallery.","og_description":"Football View Dimitris Vlassis Profile on Ikastikos Kiklos Sianti Gallery. Find sculptures & microsculptures for sale at great prices.","og_url":"https:\/\/ikastikos-kiklos.com\/en\/product\/\u03c0\u03bf\u03b4\u03cc\u03c3\u03c6\u03b1\u03b9\u03c1\u03bf\/","og_site_name":"Ikastikos Kiklos - Zografik\u00ed - Metaxotyp\u00edes - T\u00e9chniPainting - Silk Screen - Art","article_publisher":"https:\/\/www.facebook.com\/ikastikoskiklossianti\/","article_modified_time":"2017-06-01T16:49:34+00:00","og_image":[{"width":704,"height":642,"url":"https:\/\/ikastikos-kiklos.com\/wp-content\/uploads\/2016\/07\/\u039f\u039b-\u03a0\u039f\u0394\u039f\u03a3\u03a6\u0391\u0399\u03a1\u039f.jpg","type":"image\/jpeg"}],"twitter_card":"summary_large_image","schema":{"@context":"https:\/\/schema.org","@graph":[{"@type":"WebPage","@id":"https:\/\/ikastikos-kiklos.com\/en\/product\/%cf%80%ce%bf%ce%b4%cf%8c%cf%83%cf%86%ce%b1%ce%b9%cf%81%ce%bf\/","url":"https:\/\/ikastikos-kiklos.com\/en\/product\/%cf%80%ce%bf%ce%b4%cf%8c%cf%83%cf%86%ce%b1%ce%b9%cf%81%ce%bf\/","name":"Football View Dimitris Vlassis Profile on Ikastikos Kiklos Sianti Gallery.","isPartOf":{"@id":"https:\/\/ikastikos-kiklos.com\/en\/#website"},"primaryImageOfPage":{"@id":"https:\/\/ikastikos-kiklos.com\/en\/product\/%cf%80%ce%bf%ce%b4%cf%8c%cf%83%cf%86%ce%b1%ce%b9%cf%81%ce%bf\/#primaryimage"},"image":{"@id":"https:\/\/ikastikos-kiklos.com\/en\/product\/%cf%80%ce%bf%ce%b4%cf%8c%cf%83%cf%86%ce%b1%ce%b9%cf%81%ce%bf\/#primaryimage"},"thumbnailUrl":"https:\/\/ikastikos-kiklos.com\/wp-content\/uploads\/2016\/07\/\u039f\u039b-\u03a0\u039f\u0394\u039f\u03a3\u03a6\u0391\u0399\u03a1\u039f.jpg","datePublished":"2016-07-05T14:08:30+00:00","dateModified":"2017-06-01T16:49:34+00:00","description":"Football View Dimitris Vlassis Profile on Ikastikos Kiklos Sianti Gallery. Find sculptures & microsculptures for sale at great prices.","breadcrumb":{"@id":"https:\/\/ikastikos-kiklos.com\/en\/product\/%cf%80%ce%bf%ce%b4%cf%8c%cf%83%cf%86%ce%b1%ce%b9%cf%81%ce%bf\/#breadcrumb"},"inLanguage":"en-US","potentialAction":[{"@type":"ReadAction","target":["https:\/\/ikastikos-kiklos.com\/en\/product\/%cf%80%ce%bf%ce%b4%cf%8c%cf%83%cf%86%ce%b1%ce%b9%cf%81%ce%bf\/"]}]},{"@type":"ImageObject","inLanguage":"en-US","@id":"https:\/\/ikastikos-kiklos.com\/en\/product\/%cf%80%ce%bf%ce%b4%cf%8c%cf%83%cf%86%ce%b1%ce%b9%cf%81%ce%bf\/#primaryimage","url":"https:\/\/ikastikos-kiklos.com\/wp-content\/uploads\/2016\/07\/\u039f\u039b-\u03a0\u039f\u0394\u039f\u03a3\u03a6\u0391\u0399\u03a1\u039f.jpg","contentUrl":"https:\/\/ikastikos-kiklos.com\/wp-content\/uploads\/2016\/07\/\u039f\u039b-\u03a0\u039f\u0394\u039f\u03a3\u03a6\u0391\u0399\u03a1\u039f.jpg","width":704,"height":642},{"@type":"BreadcrumbList","@id":"https:\/\/ikastikos-kiklos.com\/en\/product\/%cf%80%ce%bf%ce%b4%cf%8c%cf%83%cf%86%ce%b1%ce%b9%cf%81%ce%bf\/#breadcrumb","itemListElement":[{"@type":"ListItem","position":1,"name":"Home","item":"https:\/\/ikastikos-kiklos.com\/en\/"},{"@type":"ListItem","position":2,"name":"\u0388\u03c1\u03b3\u03b1 \u03c4\u03ad\u03c7\u03bd\u03b7\u03c2","item":"https:\/\/ikastikos-kiklos.com\/%ce%ad%cf%81%ce%b3%ce%b1-%cf%84%ce%ad%cf%87%ce%bd%ce%b7%cf%82\/"},{"@type":"ListItem","position":3,"name":"Football"}]},{"@type":"WebSite","@id":"https:\/\/ikastikos-kiklos.com\/en\/#website","url":"https:\/\/ikastikos-kiklos.com\/en\/","name":"Ikastikos Kiklos - Zografik\u00ed - Metaxotyp\u00edes - T\u00e9chniPainting - Silk Screen - Art","description":"","publisher":{"@id":"https:\/\/ikastikos-kiklos.com\/en\/#organization"},"potentialAction":[{"@type":"SearchAction","target":{"@type":"EntryPoint","urlTemplate":"https:\/\/ikastikos-kiklos.com\/en\/?s={search_term_string}"},"query-input":{"@type":"PropertyValueSpecification","valueRequired":true,"valueName":"search_term_string"}}],"inLanguage":"en-US"},{"@type":"Organization","@id":"https:\/\/ikastikos-kiklos.com\/en\/#organization","name":"Ikastikos Kiklos - Zografik\u00ed - Metaxotyp\u00edes - T\u00e9chniPainting - Silk Screen - Art","url":"https:\/\/ikastikos-kiklos.com\/en\/","logo":{"@type":"ImageObject","inLanguage":"en-US","@id":"https:\/\/ikastikos-kiklos.com\/en\/#\/schema\/logo\/image\/","url":"https:\/\/ikastikos-kiklos.com\/wp-content\/uploads\/2022\/10\/cropped-favicon_ikastikos.png","contentUrl":"https:\/\/ikastikos-kiklos.com\/wp-content\/uploads\/2022\/10\/cropped-favicon_ikastikos.png","width":512,"height":512,"caption":"Ikastikos Kiklos - Zografik\u00ed - Metaxotyp\u00edes - T\u00e9chniPainting - Silk Screen - Art"},"image":{"@id":"https:\/\/ikastikos-kiklos.com\/en\/#\/schema\/logo\/image\/"},"sameAs":["https:\/\/www.facebook.com\/ikastikoskiklossianti\/"]}]}},"_links":{"self":[{"href":"https:\/\/ikastikos-kiklos.com\/en\/wp-json\/wp\/v2\/product\/3490","targetHints":{"allow":["GET"]}}],"collection":[{"href":"https:\/\/ikastikos-kiklos.com\/en\/wp-json\/wp\/v2\/product"}],"about":[{"href":"https:\/\/ikastikos-kiklos.com\/en\/wp-json\/wp\/v2\/types\/product"}],"wp:featuredmedia":[{"embeddable":true,"href":"https:\/\/ikastikos-kiklos.com\/en\/wp-json\/wp\/v2\/media\/4810"}],"wp:attachment":[{"href":"https:\/\/ikastikos-kiklos.com\/en\/wp-json\/wp\/v2\/media?parent=3490"}],"wp:term":[{"taxonomy":"product_brand","embeddable":true,"href":"https:\/\/ikastikos-kiklos.com\/en\/wp-json\/wp\/v2\/product_brand?post=3490"},{"taxonomy":"product_cat","embeddable":true,"href":"https:\/\/ikastikos-kiklos.com\/en\/wp-json\/wp\/v2\/product_cat?post=3490"},{"taxonomy":"product_tag","embeddable":true,"href":"https:\/\/ikastikos-kiklos.com\/en\/wp-json\/wp\/v2\/product_tag?post=3490"}],"curies":[{"name":"wp","href":"https:\/\/api.w.org\/{rel}","templated":true}]}}