{"id":3476,"date":"2016-08-08T11:47:05","date_gmt":"2016-08-08T11:47:05","guid":{"rendered":"http:\/\/ikastikos-kiklos.com\/\u03c0\u03c1\u03bf\u03ca\u03cc\u03bd\/%ce%ba%ce%bf%cf%80%ce%ad%ce%bb%ce%b5%cf%82-3\/?lang=en"},"modified":"2018-01-03T18:37:17","modified_gmt":"2018-01-03T16:37:17","slug":"%ce%ba%ce%bf%cf%80%ce%ad%ce%bb%ce%b5%cf%82-3","status":"publish","type":"product","link":"https:\/\/ikastikos-kiklos.com\/en\/product\/%ce%ba%ce%bf%cf%80%ce%ad%ce%bb%ce%b5%cf%82-3\/","title":{"rendered":"Young Woman"},"content":{"rendered":"<header class=\"title-container\">His shift to critical realism using photographic documents, limited color and political content, was a characteristic early painting phase in the years of the dictatorship. However, following the course of the process was the expressionistic elements and the intense color dominated. For most of his work the subjects are man-centered and often portraits. Abstraction mood, line freedom and color tensions coexist with the sharpness of observation, either with illustrations of people or other subjects. Throughout his work, the emphasis on visual qualities reveals his deepest relationship with the traditional values \u200b\u200bof painting.<\/p>\n<p>Source: <a href=\"http:\/\/www.efsyn.gr\/arthro\/efyge-o-megalos-dimitris-mytaras\">efsyn.gr<\/a><\/p>\n<\/header>\n","protected":false},"excerpt":{"rendered":"<p>Created in 2008<\/p>\n<p>&#8220;If you take away Mytaras from the Greek art history, then you will understand how poor it will become&#8221;, the director of the National Gallery, Marina Lampraki Plaka, has stated for the important painter Dimitris Mytaras. Source: news.in.gr<\/p>\n","protected":false},"featured_media":8072,"template":"","meta":{"ngg_post_thumbnail":0},"product_brand":[],"product_cat":[398,397],"product_tag":[2330,2578,2213,2615,2613],"class_list":{"0":"post-3476","1":"product","2":"type-product","3":"status-publish","4":"has-post-thumbnail","6":"product_cat-collections","7":"product_cat-painting","8":"product_tag-acrylic-on-canvas-en","9":"product_tag-collectible","10":"product_tag-painting-en","11":"product_tag-work-of-art","12":"product_tag-young-women","14":"first","15":"instock","16":"taxable","17":"shipping-taxable","18":"product-type-simple"},"yoast_head":"<!-- This site is optimized with the Yoast SEO plugin v27.2 - https:\/\/yoast.com\/product\/yoast-seo-wordpress\/ -->\n<title>Young Woman Painting by Mytaras Dimitris at Ikastikos Kiklos Sianti Gallery.<\/title>\n<meta name=\"description\" content=\"Young Woman Painting by Mytaras Dimitris at Ikastikos Kiklos Sianti Gallery. Acrylic on canvas created in 2008. Dimensions 100x70cm\" \/>\n<meta name=\"robots\" content=\"index, follow, max-snippet:-1, max-image-preview:large, max-video-preview:-1\" \/>\n<link rel=\"canonical\" href=\"https:\/\/ikastikos-kiklos.com\/en\/product\/\u03ba\u03bf\u03c0\u03ad\u03bb\u03b5\u03c2-3\/\" \/>\n<meta property=\"og:locale\" content=\"en_US\" \/>\n<meta property=\"og:type\" content=\"article\" \/>\n<meta property=\"og:title\" content=\"Young Woman Painting by Mytaras Dimitris at Ikastikos Kiklos Sianti Gallery.\" \/>\n<meta property=\"og:description\" content=\"Young Woman Painting by Mytaras Dimitris at Ikastikos Kiklos Sianti Gallery. Acrylic on canvas created in 2008. Dimensions 100x70cm\" \/>\n<meta property=\"og:url\" content=\"https:\/\/ikastikos-kiklos.com\/en\/product\/\u03ba\u03bf\u03c0\u03ad\u03bb\u03b5\u03c2-3\/\" \/>\n<meta property=\"og:site_name\" content=\"Ikastikos Kiklos - Zografik\u00ed - Metaxotyp\u00edes - T\u00e9chniPainting - Silk Screen - Art\" \/>\n<meta property=\"article:publisher\" content=\"https:\/\/www.facebook.com\/ikastikoskiklossianti\/\" \/>\n<meta property=\"article:modified_time\" content=\"2018-01-03T16:37:17+00:00\" \/>\n<meta property=\"og:image\" content=\"https:\/\/ikastikos-kiklos.com\/wp-content\/uploads\/2016\/08\/Job_5789-1.jpg\" \/>\n\t<meta property=\"og:image:width\" content=\"1200\" \/>\n\t<meta property=\"og:image:height\" content=\"836\" \/>\n\t<meta property=\"og:image:type\" content=\"image\/jpeg\" \/>\n<meta name=\"twitter:card\" content=\"summary_large_image\" \/>\n<script type=\"application\/ld+json\" class=\"yoast-schema-graph\">{\"@context\":\"https:\/\/schema.org\",\"@graph\":[{\"@type\":\"WebPage\",\"@id\":\"https:\/\/ikastikos-kiklos.com\/en\/product\/%ce%ba%ce%bf%cf%80%ce%ad%ce%bb%ce%b5%cf%82-3\/\",\"url\":\"https:\/\/ikastikos-kiklos.com\/en\/product\/%ce%ba%ce%bf%cf%80%ce%ad%ce%bb%ce%b5%cf%82-3\/\",\"name\":\"Young Woman Painting by Mytaras Dimitris at Ikastikos Kiklos Sianti Gallery.\",\"isPartOf\":{\"@id\":\"https:\/\/ikastikos-kiklos.com\/en\/#website\"},\"primaryImageOfPage\":{\"@id\":\"https:\/\/ikastikos-kiklos.com\/en\/product\/%ce%ba%ce%bf%cf%80%ce%ad%ce%bb%ce%b5%cf%82-3\/#primaryimage\"},\"image\":{\"@id\":\"https:\/\/ikastikos-kiklos.com\/en\/product\/%ce%ba%ce%bf%cf%80%ce%ad%ce%bb%ce%b5%cf%82-3\/#primaryimage\"},\"thumbnailUrl\":\"https:\/\/ikastikos-kiklos.com\/wp-content\/uploads\/2016\/08\/Job_5789-1.jpg\",\"datePublished\":\"2016-08-08T11:47:05+00:00\",\"dateModified\":\"2018-01-03T16:37:17+00:00\",\"description\":\"Young Woman Painting by Mytaras Dimitris at Ikastikos Kiklos Sianti Gallery. Acrylic on canvas created in 2008. Dimensions 100x70cm\",\"breadcrumb\":{\"@id\":\"https:\/\/ikastikos-kiklos.com\/en\/product\/%ce%ba%ce%bf%cf%80%ce%ad%ce%bb%ce%b5%cf%82-3\/#breadcrumb\"},\"inLanguage\":\"en-US\",\"potentialAction\":[{\"@type\":\"ReadAction\",\"target\":[\"https:\/\/ikastikos-kiklos.com\/en\/product\/%ce%ba%ce%bf%cf%80%ce%ad%ce%bb%ce%b5%cf%82-3\/\"]}]},{\"@type\":\"ImageObject\",\"inLanguage\":\"en-US\",\"@id\":\"https:\/\/ikastikos-kiklos.com\/en\/product\/%ce%ba%ce%bf%cf%80%ce%ad%ce%bb%ce%b5%cf%82-3\/#primaryimage\",\"url\":\"https:\/\/ikastikos-kiklos.com\/wp-content\/uploads\/2016\/08\/Job_5789-1.jpg\",\"contentUrl\":\"https:\/\/ikastikos-kiklos.com\/wp-content\/uploads\/2016\/08\/Job_5789-1.jpg\",\"width\":1200,\"height\":836,\"caption\":\"Young Woman Painting by Mytaras Dimitris at Ikastikos Kiklos Sianti Gallery.\"},{\"@type\":\"BreadcrumbList\",\"@id\":\"https:\/\/ikastikos-kiklos.com\/en\/product\/%ce%ba%ce%bf%cf%80%ce%ad%ce%bb%ce%b5%cf%82-3\/#breadcrumb\",\"itemListElement\":[{\"@type\":\"ListItem\",\"position\":1,\"name\":\"Home\",\"item\":\"https:\/\/ikastikos-kiklos.com\/en\/\"},{\"@type\":\"ListItem\",\"position\":2,\"name\":\"\u0388\u03c1\u03b3\u03b1 \u03c4\u03ad\u03c7\u03bd\u03b7\u03c2\",\"item\":\"https:\/\/ikastikos-kiklos.com\/%ce%ad%cf%81%ce%b3%ce%b1-%cf%84%ce%ad%cf%87%ce%bd%ce%b7%cf%82\/\"},{\"@type\":\"ListItem\",\"position\":3,\"name\":\"Young Woman\"}]},{\"@type\":\"WebSite\",\"@id\":\"https:\/\/ikastikos-kiklos.com\/en\/#website\",\"url\":\"https:\/\/ikastikos-kiklos.com\/en\/\",\"name\":\"Ikastikos Kiklos - Zografik\u00ed - Metaxotyp\u00edes - T\u00e9chniPainting - Silk Screen - Art\",\"description\":\"\",\"publisher\":{\"@id\":\"https:\/\/ikastikos-kiklos.com\/en\/#organization\"},\"potentialAction\":[{\"@type\":\"SearchAction\",\"target\":{\"@type\":\"EntryPoint\",\"urlTemplate\":\"https:\/\/ikastikos-kiklos.com\/en\/?s={search_term_string}\"},\"query-input\":{\"@type\":\"PropertyValueSpecification\",\"valueRequired\":true,\"valueName\":\"search_term_string\"}}],\"inLanguage\":\"en-US\"},{\"@type\":\"Organization\",\"@id\":\"https:\/\/ikastikos-kiklos.com\/en\/#organization\",\"name\":\"Ikastikos Kiklos - Zografik\u00ed - Metaxotyp\u00edes - T\u00e9chniPainting - Silk Screen - Art\",\"url\":\"https:\/\/ikastikos-kiklos.com\/en\/\",\"logo\":{\"@type\":\"ImageObject\",\"inLanguage\":\"en-US\",\"@id\":\"https:\/\/ikastikos-kiklos.com\/en\/#\/schema\/logo\/image\/\",\"url\":\"https:\/\/ikastikos-kiklos.com\/wp-content\/uploads\/2022\/10\/cropped-favicon_ikastikos.png\",\"contentUrl\":\"https:\/\/ikastikos-kiklos.com\/wp-content\/uploads\/2022\/10\/cropped-favicon_ikastikos.png\",\"width\":512,\"height\":512,\"caption\":\"Ikastikos Kiklos - Zografik\u00ed - Metaxotyp\u00edes - T\u00e9chniPainting - Silk Screen - Art\"},\"image\":{\"@id\":\"https:\/\/ikastikos-kiklos.com\/en\/#\/schema\/logo\/image\/\"},\"sameAs\":[\"https:\/\/www.facebook.com\/ikastikoskiklossianti\/\"]}]}<\/script>\n<!-- \/ Yoast SEO plugin. -->","yoast_head_json":{"title":"Young Woman Painting by Mytaras Dimitris at Ikastikos Kiklos Sianti Gallery.","description":"Young Woman Painting by Mytaras Dimitris at Ikastikos Kiklos Sianti Gallery. Acrylic on canvas created in 2008. Dimensions 100x70cm","robots":{"index":"index","follow":"follow","max-snippet":"max-snippet:-1","max-image-preview":"max-image-preview:large","max-video-preview":"max-video-preview:-1"},"canonical":"https:\/\/ikastikos-kiklos.com\/en\/product\/\u03ba\u03bf\u03c0\u03ad\u03bb\u03b5\u03c2-3\/","og_locale":"en_US","og_type":"article","og_title":"Young Woman Painting by Mytaras Dimitris at Ikastikos Kiklos Sianti Gallery.","og_description":"Young Woman Painting by Mytaras Dimitris at Ikastikos Kiklos Sianti Gallery. Acrylic on canvas created in 2008. Dimensions 100x70cm","og_url":"https:\/\/ikastikos-kiklos.com\/en\/product\/\u03ba\u03bf\u03c0\u03ad\u03bb\u03b5\u03c2-3\/","og_site_name":"Ikastikos Kiklos - Zografik\u00ed - Metaxotyp\u00edes - T\u00e9chniPainting - Silk Screen - Art","article_publisher":"https:\/\/www.facebook.com\/ikastikoskiklossianti\/","article_modified_time":"2018-01-03T16:37:17+00:00","og_image":[{"width":1200,"height":836,"url":"https:\/\/ikastikos-kiklos.com\/wp-content\/uploads\/2016\/08\/Job_5789-1.jpg","type":"image\/jpeg"}],"twitter_card":"summary_large_image","schema":{"@context":"https:\/\/schema.org","@graph":[{"@type":"WebPage","@id":"https:\/\/ikastikos-kiklos.com\/en\/product\/%ce%ba%ce%bf%cf%80%ce%ad%ce%bb%ce%b5%cf%82-3\/","url":"https:\/\/ikastikos-kiklos.com\/en\/product\/%ce%ba%ce%bf%cf%80%ce%ad%ce%bb%ce%b5%cf%82-3\/","name":"Young Woman Painting by Mytaras Dimitris at Ikastikos Kiklos Sianti Gallery.","isPartOf":{"@id":"https:\/\/ikastikos-kiklos.com\/en\/#website"},"primaryImageOfPage":{"@id":"https:\/\/ikastikos-kiklos.com\/en\/product\/%ce%ba%ce%bf%cf%80%ce%ad%ce%bb%ce%b5%cf%82-3\/#primaryimage"},"image":{"@id":"https:\/\/ikastikos-kiklos.com\/en\/product\/%ce%ba%ce%bf%cf%80%ce%ad%ce%bb%ce%b5%cf%82-3\/#primaryimage"},"thumbnailUrl":"https:\/\/ikastikos-kiklos.com\/wp-content\/uploads\/2016\/08\/Job_5789-1.jpg","datePublished":"2016-08-08T11:47:05+00:00","dateModified":"2018-01-03T16:37:17+00:00","description":"Young Woman Painting by Mytaras Dimitris at Ikastikos Kiklos Sianti Gallery. Acrylic on canvas created in 2008. Dimensions 100x70cm","breadcrumb":{"@id":"https:\/\/ikastikos-kiklos.com\/en\/product\/%ce%ba%ce%bf%cf%80%ce%ad%ce%bb%ce%b5%cf%82-3\/#breadcrumb"},"inLanguage":"en-US","potentialAction":[{"@type":"ReadAction","target":["https:\/\/ikastikos-kiklos.com\/en\/product\/%ce%ba%ce%bf%cf%80%ce%ad%ce%bb%ce%b5%cf%82-3\/"]}]},{"@type":"ImageObject","inLanguage":"en-US","@id":"https:\/\/ikastikos-kiklos.com\/en\/product\/%ce%ba%ce%bf%cf%80%ce%ad%ce%bb%ce%b5%cf%82-3\/#primaryimage","url":"https:\/\/ikastikos-kiklos.com\/wp-content\/uploads\/2016\/08\/Job_5789-1.jpg","contentUrl":"https:\/\/ikastikos-kiklos.com\/wp-content\/uploads\/2016\/08\/Job_5789-1.jpg","width":1200,"height":836,"caption":"Young Woman Painting by Mytaras Dimitris at Ikastikos Kiklos Sianti Gallery."},{"@type":"BreadcrumbList","@id":"https:\/\/ikastikos-kiklos.com\/en\/product\/%ce%ba%ce%bf%cf%80%ce%ad%ce%bb%ce%b5%cf%82-3\/#breadcrumb","itemListElement":[{"@type":"ListItem","position":1,"name":"Home","item":"https:\/\/ikastikos-kiklos.com\/en\/"},{"@type":"ListItem","position":2,"name":"\u0388\u03c1\u03b3\u03b1 \u03c4\u03ad\u03c7\u03bd\u03b7\u03c2","item":"https:\/\/ikastikos-kiklos.com\/%ce%ad%cf%81%ce%b3%ce%b1-%cf%84%ce%ad%cf%87%ce%bd%ce%b7%cf%82\/"},{"@type":"ListItem","position":3,"name":"Young Woman"}]},{"@type":"WebSite","@id":"https:\/\/ikastikos-kiklos.com\/en\/#website","url":"https:\/\/ikastikos-kiklos.com\/en\/","name":"Ikastikos Kiklos - Zografik\u00ed - Metaxotyp\u00edes - T\u00e9chniPainting - Silk Screen - Art","description":"","publisher":{"@id":"https:\/\/ikastikos-kiklos.com\/en\/#organization"},"potentialAction":[{"@type":"SearchAction","target":{"@type":"EntryPoint","urlTemplate":"https:\/\/ikastikos-kiklos.com\/en\/?s={search_term_string}"},"query-input":{"@type":"PropertyValueSpecification","valueRequired":true,"valueName":"search_term_string"}}],"inLanguage":"en-US"},{"@type":"Organization","@id":"https:\/\/ikastikos-kiklos.com\/en\/#organization","name":"Ikastikos Kiklos - Zografik\u00ed - Metaxotyp\u00edes - T\u00e9chniPainting - Silk Screen - Art","url":"https:\/\/ikastikos-kiklos.com\/en\/","logo":{"@type":"ImageObject","inLanguage":"en-US","@id":"https:\/\/ikastikos-kiklos.com\/en\/#\/schema\/logo\/image\/","url":"https:\/\/ikastikos-kiklos.com\/wp-content\/uploads\/2022\/10\/cropped-favicon_ikastikos.png","contentUrl":"https:\/\/ikastikos-kiklos.com\/wp-content\/uploads\/2022\/10\/cropped-favicon_ikastikos.png","width":512,"height":512,"caption":"Ikastikos Kiklos - Zografik\u00ed - Metaxotyp\u00edes - T\u00e9chniPainting - Silk Screen - Art"},"image":{"@id":"https:\/\/ikastikos-kiklos.com\/en\/#\/schema\/logo\/image\/"},"sameAs":["https:\/\/www.facebook.com\/ikastikoskiklossianti\/"]}]}},"_links":{"self":[{"href":"https:\/\/ikastikos-kiklos.com\/en\/wp-json\/wp\/v2\/product\/3476","targetHints":{"allow":["GET"]}}],"collection":[{"href":"https:\/\/ikastikos-kiklos.com\/en\/wp-json\/wp\/v2\/product"}],"about":[{"href":"https:\/\/ikastikos-kiklos.com\/en\/wp-json\/wp\/v2\/types\/product"}],"wp:featuredmedia":[{"embeddable":true,"href":"https:\/\/ikastikos-kiklos.com\/en\/wp-json\/wp\/v2\/media\/8072"}],"wp:attachment":[{"href":"https:\/\/ikastikos-kiklos.com\/en\/wp-json\/wp\/v2\/media?parent=3476"}],"wp:term":[{"taxonomy":"product_brand","embeddable":true,"href":"https:\/\/ikastikos-kiklos.com\/en\/wp-json\/wp\/v2\/product_brand?post=3476"},{"taxonomy":"product_cat","embeddable":true,"href":"https:\/\/ikastikos-kiklos.com\/en\/wp-json\/wp\/v2\/product_cat?post=3476"},{"taxonomy":"product_tag","embeddable":true,"href":"https:\/\/ikastikos-kiklos.com\/en\/wp-json\/wp\/v2\/product_tag?post=3476"}],"curies":[{"name":"wp","href":"https:\/\/api.w.org\/{rel}","templated":true}]}}