{"id":3471,"date":"2016-08-17T14:59:38","date_gmt":"2016-08-17T14:59:38","guid":{"rendered":"http:\/\/ikastikos-kiklos.com\/\u03c0\u03c1\u03bf\u03ca\u03cc\u03bd\/%ce%b5%ce%bf%cf%81%cf%84%ce%b1%cf%83%cf%84%ce%b9%ce%ba%cf%8c\/?lang=en"},"modified":"2019-05-03T14:26:50","modified_gmt":"2019-05-03T11:26:50","slug":"%ce%b5%ce%bf%cf%81%cf%84%ce%b1%cf%83%cf%84%ce%b9%ce%ba%cf%8c","status":"publish","type":"product","link":"https:\/\/ikastikos-kiklos.com\/en\/product\/%ce%b5%ce%bf%cf%81%cf%84%ce%b1%cf%83%cf%84%ce%b9%ce%ba%cf%8c\/","title":{"rendered":"Celebration"},"content":{"rendered":"<header class=\"title-container\">And then we have the cyclists and the deformed people. I had nightmares then, I was influenced by the surrealistic poems of Sachtouris and I created people with huge eyes in gardens&#8230;<\/p>\n<p>&#8230; cyclists have the most vibrant experiences. They are the heroes of the post-war era. The people who lived with the American dream through the parcels from UNRWA. They wore loose trousers, colourful shirts and ties and jackets that were never the correct size, clothing of a finite fashion of 1935. It&#8217;s me. It\u2019s us. We are these well-dressed young people who rented a bicycle and went to Vouliagmeni. And bicycles often decorated with thyme. Romantic images together. But why is it that when I looked at them I felt a transcendence. The cyclist was not a simple form of a young man, but a Pegasus with a red tie, ringing the bicycled bell as him road down the hill.<\/p>\n<p>Source: k-m-autobiographies.blogspot.gr<\/p>\n<\/header>\n","protected":false},"excerpt":{"rendered":"<p>Year of creation 2009<\/p>\n","protected":false},"featured_media":2848,"template":"","meta":{"ngg_post_thumbnail":0},"product_brand":[],"product_cat":[398,397],"product_tag":[2330,2232,2213,2615],"class_list":{"0":"post-3471","1":"product","2":"type-product","3":"status-publish","4":"has-post-thumbnail","6":"product_cat-collections","7":"product_cat-painting","8":"product_tag-acrylic-on-canvas-en","9":"product_tag-alekos-fassianos-en-2","10":"product_tag-painting-en","11":"product_tag-work-of-art","13":"first","14":"instock","15":"taxable","16":"shipping-taxable","17":"product-type-simple"},"yoast_head":"<!-- This site is optimized with the Yoast SEO plugin v27.4 - https:\/\/yoast.com\/product\/yoast-seo-wordpress\/ -->\n<title>Celebration Painting by Fassianos Alekos at Ikastikos Kiklos Sianti Gallery.<\/title>\n<meta name=\"description\" content=\"Celebration Painting by Fassianos Alekos at Ikastikos Kiklos Sianti Gallery. Acrylic on canvas. Dimensions 35x53cm.\" \/>\n<meta name=\"robots\" content=\"index, follow, max-snippet:-1, max-image-preview:large, max-video-preview:-1\" \/>\n<link rel=\"canonical\" href=\"https:\/\/ikastikos-kiklos.com\/en\/product\/\u03b5\u03bf\u03c1\u03c4\u03b1\u03c3\u03c4\u03b9\u03ba\u03cc\/\" \/>\n<meta property=\"og:locale\" content=\"en_US\" \/>\n<meta property=\"og:type\" content=\"article\" \/>\n<meta property=\"og:title\" content=\"Celebration Painting by Fassianos Alekos at Ikastikos Kiklos Sianti Gallery.\" \/>\n<meta property=\"og:description\" content=\"Celebration Painting by Fassianos Alekos at Ikastikos Kiklos Sianti Gallery. Acrylic on canvas. Dimensions 35x53cm.\" \/>\n<meta property=\"og:url\" content=\"https:\/\/ikastikos-kiklos.com\/en\/product\/\u03b5\u03bf\u03c1\u03c4\u03b1\u03c3\u03c4\u03b9\u03ba\u03cc\/\" \/>\n<meta property=\"og:site_name\" content=\"Ikastikos Kiklos - Zografik\u00ed - Metaxotyp\u00edes - T\u00e9chniPainting - Silk Screen - Art\" \/>\n<meta property=\"article:publisher\" content=\"https:\/\/www.facebook.com\/ikastikoskiklossianti\/\" \/>\n<meta property=\"article:modified_time\" content=\"2019-05-03T11:26:50+00:00\" \/>\n<meta property=\"og:image\" content=\"https:\/\/ikastikos-kiklos.com\/wp-content\/uploads\/2016\/10\/No7-53.5x35.5cm.jpg\" \/>\n\t<meta property=\"og:image:width\" content=\"406\" \/>\n\t<meta property=\"og:image:height\" content=\"567\" \/>\n\t<meta property=\"og:image:type\" content=\"image\/jpeg\" \/>\n<meta name=\"twitter:card\" content=\"summary_large_image\" \/>\n<meta name=\"twitter:label1\" content=\"Est. reading time\" \/>\n\t<meta name=\"twitter:data1\" content=\"1 minute\" \/>\n<script type=\"application\/ld+json\" class=\"yoast-schema-graph\">{\"@context\":\"https:\\\/\\\/schema.org\",\"@graph\":[{\"@type\":\"WebPage\",\"@id\":\"https:\\\/\\\/ikastikos-kiklos.com\\\/en\\\/product\\\/%ce%b5%ce%bf%cf%81%cf%84%ce%b1%cf%83%cf%84%ce%b9%ce%ba%cf%8c\\\/\",\"url\":\"https:\\\/\\\/ikastikos-kiklos.com\\\/en\\\/product\\\/%ce%b5%ce%bf%cf%81%cf%84%ce%b1%cf%83%cf%84%ce%b9%ce%ba%cf%8c\\\/\",\"name\":\"Celebration Painting by Fassianos Alekos at Ikastikos Kiklos Sianti Gallery.\",\"isPartOf\":{\"@id\":\"https:\\\/\\\/ikastikos-kiklos.com\\\/en\\\/#website\"},\"primaryImageOfPage\":{\"@id\":\"https:\\\/\\\/ikastikos-kiklos.com\\\/en\\\/product\\\/%ce%b5%ce%bf%cf%81%cf%84%ce%b1%cf%83%cf%84%ce%b9%ce%ba%cf%8c\\\/#primaryimage\"},\"image\":{\"@id\":\"https:\\\/\\\/ikastikos-kiklos.com\\\/en\\\/product\\\/%ce%b5%ce%bf%cf%81%cf%84%ce%b1%cf%83%cf%84%ce%b9%ce%ba%cf%8c\\\/#primaryimage\"},\"thumbnailUrl\":\"https:\\\/\\\/ikastikos-kiklos.com\\\/wp-content\\\/uploads\\\/2016\\\/10\\\/No7-53.5x35.5cm.jpg\",\"datePublished\":\"2016-08-17T14:59:38+00:00\",\"dateModified\":\"2019-05-03T11:26:50+00:00\",\"description\":\"Celebration Painting by Fassianos Alekos at Ikastikos Kiklos Sianti Gallery. Acrylic on canvas. Dimensions 35x53cm.\",\"breadcrumb\":{\"@id\":\"https:\\\/\\\/ikastikos-kiklos.com\\\/en\\\/product\\\/%ce%b5%ce%bf%cf%81%cf%84%ce%b1%cf%83%cf%84%ce%b9%ce%ba%cf%8c\\\/#breadcrumb\"},\"inLanguage\":\"en-US\",\"potentialAction\":[{\"@type\":\"ReadAction\",\"target\":[\"https:\\\/\\\/ikastikos-kiklos.com\\\/en\\\/product\\\/%ce%b5%ce%bf%cf%81%cf%84%ce%b1%cf%83%cf%84%ce%b9%ce%ba%cf%8c\\\/\"]}]},{\"@type\":\"ImageObject\",\"inLanguage\":\"en-US\",\"@id\":\"https:\\\/\\\/ikastikos-kiklos.com\\\/en\\\/product\\\/%ce%b5%ce%bf%cf%81%cf%84%ce%b1%cf%83%cf%84%ce%b9%ce%ba%cf%8c\\\/#primaryimage\",\"url\":\"https:\\\/\\\/ikastikos-kiklos.com\\\/wp-content\\\/uploads\\\/2016\\\/10\\\/No7-53.5x35.5cm.jpg\",\"contentUrl\":\"https:\\\/\\\/ikastikos-kiklos.com\\\/wp-content\\\/uploads\\\/2016\\\/10\\\/No7-53.5x35.5cm.jpg\",\"width\":406,\"height\":567,\"caption\":\"\u0395\u03bf\u03c1\u03c4\u03b1\u03c3\u03c4\u03b9\u03ba\u03cc \u0396\u03c9\u03b3\u03c1\u03b1\u03c6\u03b9\u03ba\u03cc \u0388\u03c1\u03b3\u03bf \u03c4\u03bf\u03c5 \u0391\u03bb\u03ad\u03ba\u03bf\u03c5 \u03a6\u03b1\u03c3\u03b9\u03b1\u03bd\u03bf\u03cd \u03c3\u03c4\u03bf\u03bd \u0395\u03b9\u03ba\u03b1\u03c3\u03c4\u03b9\u03ba\u03cc \u039a\u03cd\u03ba\u03bb\u03bf Sianti\"},{\"@type\":\"BreadcrumbList\",\"@id\":\"https:\\\/\\\/ikastikos-kiklos.com\\\/en\\\/product\\\/%ce%b5%ce%bf%cf%81%cf%84%ce%b1%cf%83%cf%84%ce%b9%ce%ba%cf%8c\\\/#breadcrumb\",\"itemListElement\":[{\"@type\":\"ListItem\",\"position\":1,\"name\":\"Home\",\"item\":\"https:\\\/\\\/ikastikos-kiklos.com\\\/en\\\/\"},{\"@type\":\"ListItem\",\"position\":2,\"name\":\"\u0388\u03c1\u03b3\u03b1 \u03c4\u03ad\u03c7\u03bd\u03b7\u03c2\",\"item\":\"https:\\\/\\\/ikastikos-kiklos.com\\\/%ce%ad%cf%81%ce%b3%ce%b1-%cf%84%ce%ad%cf%87%ce%bd%ce%b7%cf%82\\\/\"},{\"@type\":\"ListItem\",\"position\":3,\"name\":\"Celebration\"}]},{\"@type\":\"WebSite\",\"@id\":\"https:\\\/\\\/ikastikos-kiklos.com\\\/en\\\/#website\",\"url\":\"https:\\\/\\\/ikastikos-kiklos.com\\\/en\\\/\",\"name\":\"Ikastikos Kiklos - Zografik\u00ed - Metaxotyp\u00edes - T\u00e9chniPainting - Silk Screen - Art\",\"description\":\"\",\"publisher\":{\"@id\":\"https:\\\/\\\/ikastikos-kiklos.com\\\/en\\\/#organization\"},\"potentialAction\":[{\"@type\":\"SearchAction\",\"target\":{\"@type\":\"EntryPoint\",\"urlTemplate\":\"https:\\\/\\\/ikastikos-kiklos.com\\\/en\\\/?s={search_term_string}\"},\"query-input\":{\"@type\":\"PropertyValueSpecification\",\"valueRequired\":true,\"valueName\":\"search_term_string\"}}],\"inLanguage\":\"en-US\"},{\"@type\":\"Organization\",\"@id\":\"https:\\\/\\\/ikastikos-kiklos.com\\\/en\\\/#organization\",\"name\":\"Ikastikos Kiklos - Zografik\u00ed - Metaxotyp\u00edes - T\u00e9chniPainting - Silk Screen - Art\",\"url\":\"https:\\\/\\\/ikastikos-kiklos.com\\\/en\\\/\",\"logo\":{\"@type\":\"ImageObject\",\"inLanguage\":\"en-US\",\"@id\":\"https:\\\/\\\/ikastikos-kiklos.com\\\/en\\\/#\\\/schema\\\/logo\\\/image\\\/\",\"url\":\"https:\\\/\\\/ikastikos-kiklos.com\\\/wp-content\\\/uploads\\\/2022\\\/10\\\/cropped-favicon_ikastikos.png\",\"contentUrl\":\"https:\\\/\\\/ikastikos-kiklos.com\\\/wp-content\\\/uploads\\\/2022\\\/10\\\/cropped-favicon_ikastikos.png\",\"width\":512,\"height\":512,\"caption\":\"Ikastikos Kiklos - Zografik\u00ed - Metaxotyp\u00edes - T\u00e9chniPainting - Silk Screen - Art\"},\"image\":{\"@id\":\"https:\\\/\\\/ikastikos-kiklos.com\\\/en\\\/#\\\/schema\\\/logo\\\/image\\\/\"},\"sameAs\":[\"https:\\\/\\\/www.facebook.com\\\/ikastikoskiklossianti\\\/\"]}]}<\/script>\n<!-- \/ Yoast SEO plugin. -->","yoast_head_json":{"title":"Celebration Painting by Fassianos Alekos at Ikastikos Kiklos Sianti Gallery.","description":"Celebration Painting by Fassianos Alekos at Ikastikos Kiklos Sianti Gallery. Acrylic on canvas. Dimensions 35x53cm.","robots":{"index":"index","follow":"follow","max-snippet":"max-snippet:-1","max-image-preview":"max-image-preview:large","max-video-preview":"max-video-preview:-1"},"canonical":"https:\/\/ikastikos-kiklos.com\/en\/product\/\u03b5\u03bf\u03c1\u03c4\u03b1\u03c3\u03c4\u03b9\u03ba\u03cc\/","og_locale":"en_US","og_type":"article","og_title":"Celebration Painting by Fassianos Alekos at Ikastikos Kiklos Sianti Gallery.","og_description":"Celebration Painting by Fassianos Alekos at Ikastikos Kiklos Sianti Gallery. Acrylic on canvas. Dimensions 35x53cm.","og_url":"https:\/\/ikastikos-kiklos.com\/en\/product\/\u03b5\u03bf\u03c1\u03c4\u03b1\u03c3\u03c4\u03b9\u03ba\u03cc\/","og_site_name":"Ikastikos Kiklos - Zografik\u00ed - Metaxotyp\u00edes - T\u00e9chniPainting - Silk Screen - Art","article_publisher":"https:\/\/www.facebook.com\/ikastikoskiklossianti\/","article_modified_time":"2019-05-03T11:26:50+00:00","og_image":[{"width":406,"height":567,"url":"https:\/\/ikastikos-kiklos.com\/wp-content\/uploads\/2016\/10\/No7-53.5x35.5cm.jpg","type":"image\/jpeg"}],"twitter_card":"summary_large_image","twitter_misc":{"Est. reading time":"1 minute"},"schema":{"@context":"https:\/\/schema.org","@graph":[{"@type":"WebPage","@id":"https:\/\/ikastikos-kiklos.com\/en\/product\/%ce%b5%ce%bf%cf%81%cf%84%ce%b1%cf%83%cf%84%ce%b9%ce%ba%cf%8c\/","url":"https:\/\/ikastikos-kiklos.com\/en\/product\/%ce%b5%ce%bf%cf%81%cf%84%ce%b1%cf%83%cf%84%ce%b9%ce%ba%cf%8c\/","name":"Celebration Painting by Fassianos Alekos at Ikastikos Kiklos Sianti Gallery.","isPartOf":{"@id":"https:\/\/ikastikos-kiklos.com\/en\/#website"},"primaryImageOfPage":{"@id":"https:\/\/ikastikos-kiklos.com\/en\/product\/%ce%b5%ce%bf%cf%81%cf%84%ce%b1%cf%83%cf%84%ce%b9%ce%ba%cf%8c\/#primaryimage"},"image":{"@id":"https:\/\/ikastikos-kiklos.com\/en\/product\/%ce%b5%ce%bf%cf%81%cf%84%ce%b1%cf%83%cf%84%ce%b9%ce%ba%cf%8c\/#primaryimage"},"thumbnailUrl":"https:\/\/ikastikos-kiklos.com\/wp-content\/uploads\/2016\/10\/No7-53.5x35.5cm.jpg","datePublished":"2016-08-17T14:59:38+00:00","dateModified":"2019-05-03T11:26:50+00:00","description":"Celebration Painting by Fassianos Alekos at Ikastikos Kiklos Sianti Gallery. Acrylic on canvas. Dimensions 35x53cm.","breadcrumb":{"@id":"https:\/\/ikastikos-kiklos.com\/en\/product\/%ce%b5%ce%bf%cf%81%cf%84%ce%b1%cf%83%cf%84%ce%b9%ce%ba%cf%8c\/#breadcrumb"},"inLanguage":"en-US","potentialAction":[{"@type":"ReadAction","target":["https:\/\/ikastikos-kiklos.com\/en\/product\/%ce%b5%ce%bf%cf%81%cf%84%ce%b1%cf%83%cf%84%ce%b9%ce%ba%cf%8c\/"]}]},{"@type":"ImageObject","inLanguage":"en-US","@id":"https:\/\/ikastikos-kiklos.com\/en\/product\/%ce%b5%ce%bf%cf%81%cf%84%ce%b1%cf%83%cf%84%ce%b9%ce%ba%cf%8c\/#primaryimage","url":"https:\/\/ikastikos-kiklos.com\/wp-content\/uploads\/2016\/10\/No7-53.5x35.5cm.jpg","contentUrl":"https:\/\/ikastikos-kiklos.com\/wp-content\/uploads\/2016\/10\/No7-53.5x35.5cm.jpg","width":406,"height":567,"caption":"\u0395\u03bf\u03c1\u03c4\u03b1\u03c3\u03c4\u03b9\u03ba\u03cc \u0396\u03c9\u03b3\u03c1\u03b1\u03c6\u03b9\u03ba\u03cc \u0388\u03c1\u03b3\u03bf \u03c4\u03bf\u03c5 \u0391\u03bb\u03ad\u03ba\u03bf\u03c5 \u03a6\u03b1\u03c3\u03b9\u03b1\u03bd\u03bf\u03cd \u03c3\u03c4\u03bf\u03bd \u0395\u03b9\u03ba\u03b1\u03c3\u03c4\u03b9\u03ba\u03cc \u039a\u03cd\u03ba\u03bb\u03bf Sianti"},{"@type":"BreadcrumbList","@id":"https:\/\/ikastikos-kiklos.com\/en\/product\/%ce%b5%ce%bf%cf%81%cf%84%ce%b1%cf%83%cf%84%ce%b9%ce%ba%cf%8c\/#breadcrumb","itemListElement":[{"@type":"ListItem","position":1,"name":"Home","item":"https:\/\/ikastikos-kiklos.com\/en\/"},{"@type":"ListItem","position":2,"name":"\u0388\u03c1\u03b3\u03b1 \u03c4\u03ad\u03c7\u03bd\u03b7\u03c2","item":"https:\/\/ikastikos-kiklos.com\/%ce%ad%cf%81%ce%b3%ce%b1-%cf%84%ce%ad%cf%87%ce%bd%ce%b7%cf%82\/"},{"@type":"ListItem","position":3,"name":"Celebration"}]},{"@type":"WebSite","@id":"https:\/\/ikastikos-kiklos.com\/en\/#website","url":"https:\/\/ikastikos-kiklos.com\/en\/","name":"Ikastikos Kiklos - Zografik\u00ed - Metaxotyp\u00edes - T\u00e9chniPainting - Silk Screen - Art","description":"","publisher":{"@id":"https:\/\/ikastikos-kiklos.com\/en\/#organization"},"potentialAction":[{"@type":"SearchAction","target":{"@type":"EntryPoint","urlTemplate":"https:\/\/ikastikos-kiklos.com\/en\/?s={search_term_string}"},"query-input":{"@type":"PropertyValueSpecification","valueRequired":true,"valueName":"search_term_string"}}],"inLanguage":"en-US"},{"@type":"Organization","@id":"https:\/\/ikastikos-kiklos.com\/en\/#organization","name":"Ikastikos Kiklos - Zografik\u00ed - Metaxotyp\u00edes - T\u00e9chniPainting - Silk Screen - Art","url":"https:\/\/ikastikos-kiklos.com\/en\/","logo":{"@type":"ImageObject","inLanguage":"en-US","@id":"https:\/\/ikastikos-kiklos.com\/en\/#\/schema\/logo\/image\/","url":"https:\/\/ikastikos-kiklos.com\/wp-content\/uploads\/2022\/10\/cropped-favicon_ikastikos.png","contentUrl":"https:\/\/ikastikos-kiklos.com\/wp-content\/uploads\/2022\/10\/cropped-favicon_ikastikos.png","width":512,"height":512,"caption":"Ikastikos Kiklos - Zografik\u00ed - Metaxotyp\u00edes - T\u00e9chniPainting - Silk Screen - Art"},"image":{"@id":"https:\/\/ikastikos-kiklos.com\/en\/#\/schema\/logo\/image\/"},"sameAs":["https:\/\/www.facebook.com\/ikastikoskiklossianti\/"]}]}},"_links":{"self":[{"href":"https:\/\/ikastikos-kiklos.com\/en\/wp-json\/wp\/v2\/product\/3471","targetHints":{"allow":["GET"]}}],"collection":[{"href":"https:\/\/ikastikos-kiklos.com\/en\/wp-json\/wp\/v2\/product"}],"about":[{"href":"https:\/\/ikastikos-kiklos.com\/en\/wp-json\/wp\/v2\/types\/product"}],"wp:featuredmedia":[{"embeddable":true,"href":"https:\/\/ikastikos-kiklos.com\/en\/wp-json\/wp\/v2\/media\/2848"}],"wp:attachment":[{"href":"https:\/\/ikastikos-kiklos.com\/en\/wp-json\/wp\/v2\/media?parent=3471"}],"wp:term":[{"taxonomy":"product_brand","embeddable":true,"href":"https:\/\/ikastikos-kiklos.com\/en\/wp-json\/wp\/v2\/product_brand?post=3471"},{"taxonomy":"product_cat","embeddable":true,"href":"https:\/\/ikastikos-kiklos.com\/en\/wp-json\/wp\/v2\/product_cat?post=3471"},{"taxonomy":"product_tag","embeddable":true,"href":"https:\/\/ikastikos-kiklos.com\/en\/wp-json\/wp\/v2\/product_tag?post=3471"}],"curies":[{"name":"wp","href":"https:\/\/api.w.org\/{rel}","templated":true}]}}