{"id":3470,"date":"2016-08-18T10:39:34","date_gmt":"2016-08-18T10:39:34","guid":{"rendered":"http:\/\/ikastikos-kiklos.com\/\u03c0\u03c1\u03bf\u03ca\u03cc\u03bd\/%cf%81%cf%8c%ce%b4%ce%b9%ce%b1\/?lang=en"},"modified":"2018-01-03T15:09:56","modified_gmt":"2018-01-03T13:09:56","slug":"%cf%81%cf%8c%ce%b4%ce%b9%ce%b1","status":"publish","type":"product","link":"https:\/\/ikastikos-kiklos.com\/en\/product\/%cf%81%cf%8c%ce%b4%ce%b9%ce%b1\/","title":{"rendered":"Pomegranates"},"content":{"rendered":"<header class=\"title-container\">The works of this second period combine extreme realism with a theatrical reality, since the still lifes and the human figures are approached with a hallucination, while they are sculptured by shallow, ancient angiographic representations, golden curtains and expensive, baroque in terms of opulence, carpets.<\/p>\n<p>Source: <a href=\"http:\/\/dromoi-tis-technis6.webnode.gr\/news\/%CE%B8%CE%B5%CE%BF%CE%B4%CF%89%CF%81%CE%BF%CF%83-%CE%BC%CE%B1%CE%BD%CF%89%CE%BB%CE%B9%CE%B4%CE%B7%CF%83%2C-%CE%BF-%CE%B6%CF%89%CE%B3%CF%81%CE%B1%CF%86%CE%BF%CF%83-%CF%84%CE%BF%CF%85-%CE%B1%CE%BA%CF%81%CE%B1%CE%B9%CE%BF%CF%85-%CF%81%CE%B5%CE%B1%CE%BB\/?utm_source=copy&amp;utm_medium=paste&amp;utm_campaign=copypaste&amp;utm_content=http%3A%2F%2Fdromoi-tis-technis6.webnode.gr%2Fnews%2F%25CE%25B8%25CE%25B5%25CE%25BF%25CE%25B4%25CF%2589%25CF%2581%25CE%25BF%25CF%2583-%25CE%25BC%25CE%25B1%25CE%25BD%25CF%2589%25CE%25BB%25CE%25B9%25CE%25B4%25CE%25B7%25CF%2583%252C-%25CE%25BF-%25CE%25B6%25CF%2589%25CE%25B3%25CF%2581%25CE%25B1%25CF%2586%25CE%25BF%25CF%2583-%25CF%2584%25CE%25BF%25CF%2585-%25CE%25B1%25CE%25BA%25CF%2581%25CE%25B1%25CE%25B9%25CE%25BF%25CF%2585-%25CF%2581%25CE%25B5%25CE%25B1%25CE%25BB%2F\">dromoi-tis-technis6.webnode.gr<\/a><\/p>\n<\/header>\n","protected":false},"excerpt":{"rendered":"<p>Created in 1988<\/p>\n<p>&#8220;I am happy to have been fortunate to be born in the country of plastic eternity and I am grateful to America that has appreciated my work.&#8221; Source: <a href=\"http:\/\/www.culturenow.gr\/theodwros-manwlidhs-yannis-amoryanos-ekthesh-zwgrafikhs-sto-da-vinci\/\">culturenow.gr<\/a><\/p>\n","protected":false},"featured_media":2871,"template":"","meta":{"ngg_post_thumbnail":0},"product_brand":[],"product_cat":[397],"product_tag":[2707,2213,2615],"class_list":{"0":"post-3470","1":"product","2":"type-product","3":"status-publish","4":"has-post-thumbnail","6":"product_cat-painting","7":"product_tag-manolidis-theodoros","8":"product_tag-painting-en","9":"product_tag-work-of-art","11":"first","12":"instock","13":"taxable","14":"shipping-taxable","15":"product-type-simple"},"yoast_head":"<!-- This site is optimized with the Yoast SEO plugin v27.4 - https:\/\/yoast.com\/product\/yoast-seo-wordpress\/ -->\n<title>Pomegranates Painting by Manolidis Theodoros at Ikastikos Kiklos Sianti Gallery.<\/title>\n<meta name=\"description\" content=\"Pomegranates Painting by Manolidis Theodoros at Ikastikos Kiklos Sianti Gallery. Oil pastels on paper created in 1988. Dimensions 36x26cm\" \/>\n<meta name=\"robots\" content=\"index, follow, max-snippet:-1, max-image-preview:large, max-video-preview:-1\" \/>\n<link rel=\"canonical\" href=\"https:\/\/ikastikos-kiklos.com\/en\/product\/\u03c1\u03cc\u03b4\u03b9\u03b1\/\" \/>\n<meta property=\"og:locale\" content=\"en_US\" \/>\n<meta property=\"og:type\" content=\"article\" \/>\n<meta property=\"og:title\" content=\"Pomegranates Painting by Manolidis Theodoros at Ikastikos Kiklos Sianti Gallery.\" \/>\n<meta property=\"og:description\" content=\"Pomegranates Painting by Manolidis Theodoros at Ikastikos Kiklos Sianti Gallery. Oil pastels on paper created in 1988. Dimensions 36x26cm\" \/>\n<meta property=\"og:url\" content=\"https:\/\/ikastikos-kiklos.com\/en\/product\/\u03c1\u03cc\u03b4\u03b9\u03b1\/\" \/>\n<meta property=\"og:site_name\" content=\"Ikastikos Kiklos - Zografik\u00ed - Metaxotyp\u00edes - T\u00e9chniPainting - Silk Screen - Art\" \/>\n<meta property=\"article:publisher\" content=\"https:\/\/www.facebook.com\/ikastikoskiklossianti\/\" \/>\n<meta property=\"article:modified_time\" content=\"2018-01-03T13:09:56+00:00\" \/>\n<meta property=\"og:image\" content=\"https:\/\/ikastikos-kiklos.com\/wp-content\/uploads\/2016\/10\/No2-26x36cm.jpg\" \/>\n\t<meta property=\"og:image:width\" content=\"588\" \/>\n\t<meta property=\"og:image:height\" content=\"425\" \/>\n\t<meta property=\"og:image:type\" content=\"image\/jpeg\" \/>\n<meta name=\"twitter:card\" content=\"summary_large_image\" \/>\n<script type=\"application\/ld+json\" class=\"yoast-schema-graph\">{\"@context\":\"https:\\\/\\\/schema.org\",\"@graph\":[{\"@type\":\"WebPage\",\"@id\":\"https:\\\/\\\/ikastikos-kiklos.com\\\/en\\\/product\\\/%cf%81%cf%8c%ce%b4%ce%b9%ce%b1\\\/\",\"url\":\"https:\\\/\\\/ikastikos-kiklos.com\\\/en\\\/product\\\/%cf%81%cf%8c%ce%b4%ce%b9%ce%b1\\\/\",\"name\":\"Pomegranates Painting by Manolidis Theodoros at Ikastikos Kiklos Sianti Gallery.\",\"isPartOf\":{\"@id\":\"https:\\\/\\\/ikastikos-kiklos.com\\\/en\\\/#website\"},\"primaryImageOfPage\":{\"@id\":\"https:\\\/\\\/ikastikos-kiklos.com\\\/en\\\/product\\\/%cf%81%cf%8c%ce%b4%ce%b9%ce%b1\\\/#primaryimage\"},\"image\":{\"@id\":\"https:\\\/\\\/ikastikos-kiklos.com\\\/en\\\/product\\\/%cf%81%cf%8c%ce%b4%ce%b9%ce%b1\\\/#primaryimage\"},\"thumbnailUrl\":\"https:\\\/\\\/ikastikos-kiklos.com\\\/wp-content\\\/uploads\\\/2016\\\/10\\\/No2-26x36cm.jpg\",\"datePublished\":\"2016-08-18T10:39:34+00:00\",\"dateModified\":\"2018-01-03T13:09:56+00:00\",\"description\":\"Pomegranates Painting by Manolidis Theodoros at Ikastikos Kiklos Sianti Gallery. Oil pastels on paper created in 1988. Dimensions 36x26cm\",\"breadcrumb\":{\"@id\":\"https:\\\/\\\/ikastikos-kiklos.com\\\/en\\\/product\\\/%cf%81%cf%8c%ce%b4%ce%b9%ce%b1\\\/#breadcrumb\"},\"inLanguage\":\"en-US\",\"potentialAction\":[{\"@type\":\"ReadAction\",\"target\":[\"https:\\\/\\\/ikastikos-kiklos.com\\\/en\\\/product\\\/%cf%81%cf%8c%ce%b4%ce%b9%ce%b1\\\/\"]}]},{\"@type\":\"ImageObject\",\"inLanguage\":\"en-US\",\"@id\":\"https:\\\/\\\/ikastikos-kiklos.com\\\/en\\\/product\\\/%cf%81%cf%8c%ce%b4%ce%b9%ce%b1\\\/#primaryimage\",\"url\":\"https:\\\/\\\/ikastikos-kiklos.com\\\/wp-content\\\/uploads\\\/2016\\\/10\\\/No2-26x36cm.jpg\",\"contentUrl\":\"https:\\\/\\\/ikastikos-kiklos.com\\\/wp-content\\\/uploads\\\/2016\\\/10\\\/No2-26x36cm.jpg\",\"width\":588,\"height\":425,\"caption\":\"\u03a1\u03cc\u03b4\u03b9\u03b1 \u0396\u03c9\u03b3\u03c1\u03b1\u03c6\u03b9\u03ba\u03cc \u0388\u03c1\u03b3\u03bf \u03c4\u03bf\u03c5 \u0398\u03cc\u03b4\u03c9\u03c1\u03bf\u03c5 \u039c\u03b1\u03bd\u03c9\u03bb\u03af\u03b4\u03b7 \u03c3\u03c4\u03bf\u03bd \u0395\u03b9\u03ba\u03b1\u03c3\u03c4\u03b9\u03ba\u03cc \u039a\u03cd\u03ba\u03bb\u03bf Sianti\"},{\"@type\":\"BreadcrumbList\",\"@id\":\"https:\\\/\\\/ikastikos-kiklos.com\\\/en\\\/product\\\/%cf%81%cf%8c%ce%b4%ce%b9%ce%b1\\\/#breadcrumb\",\"itemListElement\":[{\"@type\":\"ListItem\",\"position\":1,\"name\":\"Home\",\"item\":\"https:\\\/\\\/ikastikos-kiklos.com\\\/en\\\/\"},{\"@type\":\"ListItem\",\"position\":2,\"name\":\"\u0388\u03c1\u03b3\u03b1 \u03c4\u03ad\u03c7\u03bd\u03b7\u03c2\",\"item\":\"https:\\\/\\\/ikastikos-kiklos.com\\\/%ce%ad%cf%81%ce%b3%ce%b1-%cf%84%ce%ad%cf%87%ce%bd%ce%b7%cf%82\\\/\"},{\"@type\":\"ListItem\",\"position\":3,\"name\":\"Pomegranates\"}]},{\"@type\":\"WebSite\",\"@id\":\"https:\\\/\\\/ikastikos-kiklos.com\\\/en\\\/#website\",\"url\":\"https:\\\/\\\/ikastikos-kiklos.com\\\/en\\\/\",\"name\":\"Ikastikos Kiklos - Zografik\u00ed - Metaxotyp\u00edes - T\u00e9chniPainting - Silk Screen - Art\",\"description\":\"\",\"publisher\":{\"@id\":\"https:\\\/\\\/ikastikos-kiklos.com\\\/en\\\/#organization\"},\"potentialAction\":[{\"@type\":\"SearchAction\",\"target\":{\"@type\":\"EntryPoint\",\"urlTemplate\":\"https:\\\/\\\/ikastikos-kiklos.com\\\/en\\\/?s={search_term_string}\"},\"query-input\":{\"@type\":\"PropertyValueSpecification\",\"valueRequired\":true,\"valueName\":\"search_term_string\"}}],\"inLanguage\":\"en-US\"},{\"@type\":\"Organization\",\"@id\":\"https:\\\/\\\/ikastikos-kiklos.com\\\/en\\\/#organization\",\"name\":\"Ikastikos Kiklos - Zografik\u00ed - Metaxotyp\u00edes - T\u00e9chniPainting - Silk Screen - Art\",\"url\":\"https:\\\/\\\/ikastikos-kiklos.com\\\/en\\\/\",\"logo\":{\"@type\":\"ImageObject\",\"inLanguage\":\"en-US\",\"@id\":\"https:\\\/\\\/ikastikos-kiklos.com\\\/en\\\/#\\\/schema\\\/logo\\\/image\\\/\",\"url\":\"https:\\\/\\\/ikastikos-kiklos.com\\\/wp-content\\\/uploads\\\/2022\\\/10\\\/cropped-favicon_ikastikos.png\",\"contentUrl\":\"https:\\\/\\\/ikastikos-kiklos.com\\\/wp-content\\\/uploads\\\/2022\\\/10\\\/cropped-favicon_ikastikos.png\",\"width\":512,\"height\":512,\"caption\":\"Ikastikos Kiklos - Zografik\u00ed - Metaxotyp\u00edes - T\u00e9chniPainting - Silk Screen - Art\"},\"image\":{\"@id\":\"https:\\\/\\\/ikastikos-kiklos.com\\\/en\\\/#\\\/schema\\\/logo\\\/image\\\/\"},\"sameAs\":[\"https:\\\/\\\/www.facebook.com\\\/ikastikoskiklossianti\\\/\"]}]}<\/script>\n<!-- \/ Yoast SEO plugin. -->","yoast_head_json":{"title":"Pomegranates Painting by Manolidis Theodoros at Ikastikos Kiklos Sianti Gallery.","description":"Pomegranates Painting by Manolidis Theodoros at Ikastikos Kiklos Sianti Gallery. Oil pastels on paper created in 1988. Dimensions 36x26cm","robots":{"index":"index","follow":"follow","max-snippet":"max-snippet:-1","max-image-preview":"max-image-preview:large","max-video-preview":"max-video-preview:-1"},"canonical":"https:\/\/ikastikos-kiklos.com\/en\/product\/\u03c1\u03cc\u03b4\u03b9\u03b1\/","og_locale":"en_US","og_type":"article","og_title":"Pomegranates Painting by Manolidis Theodoros at Ikastikos Kiklos Sianti Gallery.","og_description":"Pomegranates Painting by Manolidis Theodoros at Ikastikos Kiklos Sianti Gallery. Oil pastels on paper created in 1988. Dimensions 36x26cm","og_url":"https:\/\/ikastikos-kiklos.com\/en\/product\/\u03c1\u03cc\u03b4\u03b9\u03b1\/","og_site_name":"Ikastikos Kiklos - Zografik\u00ed - Metaxotyp\u00edes - T\u00e9chniPainting - Silk Screen - Art","article_publisher":"https:\/\/www.facebook.com\/ikastikoskiklossianti\/","article_modified_time":"2018-01-03T13:09:56+00:00","og_image":[{"width":588,"height":425,"url":"https:\/\/ikastikos-kiklos.com\/wp-content\/uploads\/2016\/10\/No2-26x36cm.jpg","type":"image\/jpeg"}],"twitter_card":"summary_large_image","schema":{"@context":"https:\/\/schema.org","@graph":[{"@type":"WebPage","@id":"https:\/\/ikastikos-kiklos.com\/en\/product\/%cf%81%cf%8c%ce%b4%ce%b9%ce%b1\/","url":"https:\/\/ikastikos-kiklos.com\/en\/product\/%cf%81%cf%8c%ce%b4%ce%b9%ce%b1\/","name":"Pomegranates Painting by Manolidis Theodoros at Ikastikos Kiklos Sianti Gallery.","isPartOf":{"@id":"https:\/\/ikastikos-kiklos.com\/en\/#website"},"primaryImageOfPage":{"@id":"https:\/\/ikastikos-kiklos.com\/en\/product\/%cf%81%cf%8c%ce%b4%ce%b9%ce%b1\/#primaryimage"},"image":{"@id":"https:\/\/ikastikos-kiklos.com\/en\/product\/%cf%81%cf%8c%ce%b4%ce%b9%ce%b1\/#primaryimage"},"thumbnailUrl":"https:\/\/ikastikos-kiklos.com\/wp-content\/uploads\/2016\/10\/No2-26x36cm.jpg","datePublished":"2016-08-18T10:39:34+00:00","dateModified":"2018-01-03T13:09:56+00:00","description":"Pomegranates Painting by Manolidis Theodoros at Ikastikos Kiklos Sianti Gallery. Oil pastels on paper created in 1988. Dimensions 36x26cm","breadcrumb":{"@id":"https:\/\/ikastikos-kiklos.com\/en\/product\/%cf%81%cf%8c%ce%b4%ce%b9%ce%b1\/#breadcrumb"},"inLanguage":"en-US","potentialAction":[{"@type":"ReadAction","target":["https:\/\/ikastikos-kiklos.com\/en\/product\/%cf%81%cf%8c%ce%b4%ce%b9%ce%b1\/"]}]},{"@type":"ImageObject","inLanguage":"en-US","@id":"https:\/\/ikastikos-kiklos.com\/en\/product\/%cf%81%cf%8c%ce%b4%ce%b9%ce%b1\/#primaryimage","url":"https:\/\/ikastikos-kiklos.com\/wp-content\/uploads\/2016\/10\/No2-26x36cm.jpg","contentUrl":"https:\/\/ikastikos-kiklos.com\/wp-content\/uploads\/2016\/10\/No2-26x36cm.jpg","width":588,"height":425,"caption":"\u03a1\u03cc\u03b4\u03b9\u03b1 \u0396\u03c9\u03b3\u03c1\u03b1\u03c6\u03b9\u03ba\u03cc \u0388\u03c1\u03b3\u03bf \u03c4\u03bf\u03c5 \u0398\u03cc\u03b4\u03c9\u03c1\u03bf\u03c5 \u039c\u03b1\u03bd\u03c9\u03bb\u03af\u03b4\u03b7 \u03c3\u03c4\u03bf\u03bd \u0395\u03b9\u03ba\u03b1\u03c3\u03c4\u03b9\u03ba\u03cc \u039a\u03cd\u03ba\u03bb\u03bf Sianti"},{"@type":"BreadcrumbList","@id":"https:\/\/ikastikos-kiklos.com\/en\/product\/%cf%81%cf%8c%ce%b4%ce%b9%ce%b1\/#breadcrumb","itemListElement":[{"@type":"ListItem","position":1,"name":"Home","item":"https:\/\/ikastikos-kiklos.com\/en\/"},{"@type":"ListItem","position":2,"name":"\u0388\u03c1\u03b3\u03b1 \u03c4\u03ad\u03c7\u03bd\u03b7\u03c2","item":"https:\/\/ikastikos-kiklos.com\/%ce%ad%cf%81%ce%b3%ce%b1-%cf%84%ce%ad%cf%87%ce%bd%ce%b7%cf%82\/"},{"@type":"ListItem","position":3,"name":"Pomegranates"}]},{"@type":"WebSite","@id":"https:\/\/ikastikos-kiklos.com\/en\/#website","url":"https:\/\/ikastikos-kiklos.com\/en\/","name":"Ikastikos Kiklos - Zografik\u00ed - Metaxotyp\u00edes - T\u00e9chniPainting - Silk Screen - Art","description":"","publisher":{"@id":"https:\/\/ikastikos-kiklos.com\/en\/#organization"},"potentialAction":[{"@type":"SearchAction","target":{"@type":"EntryPoint","urlTemplate":"https:\/\/ikastikos-kiklos.com\/en\/?s={search_term_string}"},"query-input":{"@type":"PropertyValueSpecification","valueRequired":true,"valueName":"search_term_string"}}],"inLanguage":"en-US"},{"@type":"Organization","@id":"https:\/\/ikastikos-kiklos.com\/en\/#organization","name":"Ikastikos Kiklos - Zografik\u00ed - Metaxotyp\u00edes - T\u00e9chniPainting - Silk Screen - Art","url":"https:\/\/ikastikos-kiklos.com\/en\/","logo":{"@type":"ImageObject","inLanguage":"en-US","@id":"https:\/\/ikastikos-kiklos.com\/en\/#\/schema\/logo\/image\/","url":"https:\/\/ikastikos-kiklos.com\/wp-content\/uploads\/2022\/10\/cropped-favicon_ikastikos.png","contentUrl":"https:\/\/ikastikos-kiklos.com\/wp-content\/uploads\/2022\/10\/cropped-favicon_ikastikos.png","width":512,"height":512,"caption":"Ikastikos Kiklos - Zografik\u00ed - Metaxotyp\u00edes - T\u00e9chniPainting - Silk Screen - Art"},"image":{"@id":"https:\/\/ikastikos-kiklos.com\/en\/#\/schema\/logo\/image\/"},"sameAs":["https:\/\/www.facebook.com\/ikastikoskiklossianti\/"]}]}},"_links":{"self":[{"href":"https:\/\/ikastikos-kiklos.com\/en\/wp-json\/wp\/v2\/product\/3470","targetHints":{"allow":["GET"]}}],"collection":[{"href":"https:\/\/ikastikos-kiklos.com\/en\/wp-json\/wp\/v2\/product"}],"about":[{"href":"https:\/\/ikastikos-kiklos.com\/en\/wp-json\/wp\/v2\/types\/product"}],"wp:featuredmedia":[{"embeddable":true,"href":"https:\/\/ikastikos-kiklos.com\/en\/wp-json\/wp\/v2\/media\/2871"}],"wp:attachment":[{"href":"https:\/\/ikastikos-kiklos.com\/en\/wp-json\/wp\/v2\/media?parent=3470"}],"wp:term":[{"taxonomy":"product_brand","embeddable":true,"href":"https:\/\/ikastikos-kiklos.com\/en\/wp-json\/wp\/v2\/product_brand?post=3470"},{"taxonomy":"product_cat","embeddable":true,"href":"https:\/\/ikastikos-kiklos.com\/en\/wp-json\/wp\/v2\/product_cat?post=3470"},{"taxonomy":"product_tag","embeddable":true,"href":"https:\/\/ikastikos-kiklos.com\/en\/wp-json\/wp\/v2\/product_tag?post=3470"}],"curies":[{"name":"wp","href":"https:\/\/api.w.org\/{rel}","templated":true}]}}