{"id":3461,"date":"2016-10-10T11:41:36","date_gmt":"2016-10-10T11:41:36","guid":{"rendered":"http:\/\/ikastikos-kiklos.com\/\u03c0\u03c1\u03bf\u03ca\u03cc\u03bd\/%cf%84%cf%81%ce%bf%cf%87%ce%b1%ce%bb%ce%af%ce%b1-%ce%b3%ce%b9%ce%b1-%ce%ba%ce%b1%ce%90%ce%ba%ce%b9%ce%b1-%cf%83%cf%84%ce%b7%ce%bd-%ce%b9%ce%b5%cf%81%ce%b9%cf%83%cf%83%cf%8c\/?lang=en"},"modified":"2018-05-23T16:04:33","modified_gmt":"2018-05-23T13:04:33","slug":"%cf%84%cf%81%ce%bf%cf%87%ce%b1%ce%bb%ce%af%ce%b1-%ce%b3%ce%b9%ce%b1-%ce%ba%ce%b1%ce%90%ce%ba%ce%b9%ce%b1-%cf%83%cf%84%ce%b7%ce%bd-%ce%b9%ce%b5%cf%81%ce%b9%cf%83%cf%83%cf%8c","status":"publish","type":"product","link":"https:\/\/ikastikos-kiklos.com\/en\/product\/%cf%84%cf%81%ce%bf%cf%87%ce%b1%ce%bb%ce%af%ce%b1-%ce%b3%ce%b9%ce%b1-%ce%ba%ce%b1%ce%90%ce%ba%ce%b9%ce%b1-%cf%83%cf%84%ce%b7%ce%bd-%ce%b9%ce%b5%cf%81%ce%b9%cf%83%cf%83%cf%8c\/","title":{"rendered":"Pulley for boats in Ierissos"},"content":{"rendered":"<h2>Pulley for boats in Ierissos<\/h2>\n<p>Components of barges and dredges, forgotten and wrecked boats, paved boats are the &#8220;woods&#8221; of Soroga, a unity of works that the painter still works on today. He refers to the verses of Seferis (but what our souls are looking for when traveling on devastated woods from harbor to harbor) or Kalvos (and weeping with love and vocals of musical woods) poets of these woods, which made up boats, boats on a deserted beach that declare a presence, a boat that once traveled, and now stands alone on the beach<\/p>\n<p>&nbsp;<\/p>\n","protected":false},"excerpt":{"rendered":"<p>Gicl\u00e9e hand numbered and signed by Sotiris Sorogas. Edition of 99 prints.<\/p>\n","protected":false},"featured_media":12337,"template":"","meta":{"ngg_post_thumbnail":0},"product_brand":[],"product_cat":[2048,398,1987,396,1991],"product_tag":[2621,2224,2262],"class_list":{"0":"post-3461","1":"product","2":"type-product","3":"status-publish","4":"has-post-thumbnail","6":"product_cat-business-gifts","7":"product_cat-collections","8":"product_cat-eshop-en","9":"product_cat-silkscreens","10":"product_cat-silkscreens-shop","11":"product_tag-pulley-for-boats-in-ierissos","12":"product_tag-silkscreen-en","13":"product_tag---en","14":"product_shipping_class-0-2kg","16":"first","17":"instock","18":"taxable","19":"shipping-taxable","20":"purchasable","21":"product-type-simple"},"yoast_head":"<!-- This site is optimized with the Yoast SEO plugin v27.2 - https:\/\/yoast.com\/product\/yoast-seo-wordpress\/ -->\n<title>Pulley for Boats in Ierissos Silkscreen by Sotiris Sorogkas at Ikastikos Kiklos Sianti Gallery.<\/title>\n<meta name=\"description\" content=\"Pulley for Boats in Ierissos Silkscreen by Sotiris Sorogkas at Ikastikos Kiklos Sianti Gallery. 99 copies numbered and signed. Dimensions 110x85cm\" \/>\n<meta name=\"robots\" content=\"index, follow, max-snippet:-1, max-image-preview:large, max-video-preview:-1\" \/>\n<link rel=\"canonical\" href=\"https:\/\/ikastikos-kiklos.com\/en\/product\/\u03c4\u03c1\u03bf\u03c7\u03b1\u03bb\u03af\u03b1-\u03b3\u03b9\u03b1-\u03ba\u03b1\u0390\u03ba\u03b9\u03b1-\u03c3\u03c4\u03b7\u03bd-\u03b9\u03b5\u03c1\u03b9\u03c3\u03c3\u03cc\/\" \/>\n<meta property=\"og:locale\" content=\"en_US\" \/>\n<meta property=\"og:type\" content=\"article\" \/>\n<meta property=\"og:title\" content=\"Pulley for Boats in Ierissos Silkscreen by Sotiris Sorogkas at Ikastikos Kiklos Sianti Gallery.\" \/>\n<meta property=\"og:description\" content=\"Pulley for Boats in Ierissos Silkscreen by Sotiris Sorogkas at Ikastikos Kiklos Sianti Gallery. 99 copies numbered and signed. Dimensions 110x85cm\" \/>\n<meta property=\"og:url\" content=\"https:\/\/ikastikos-kiklos.com\/en\/product\/\u03c4\u03c1\u03bf\u03c7\u03b1\u03bb\u03af\u03b1-\u03b3\u03b9\u03b1-\u03ba\u03b1\u0390\u03ba\u03b9\u03b1-\u03c3\u03c4\u03b7\u03bd-\u03b9\u03b5\u03c1\u03b9\u03c3\u03c3\u03cc\/\" \/>\n<meta property=\"og:site_name\" content=\"Ikastikos Kiklos - Zografik\u00ed - Metaxotyp\u00edes - T\u00e9chniPainting - Silk Screen - Art\" \/>\n<meta property=\"article:publisher\" content=\"https:\/\/www.facebook.com\/ikastikoskiklossianti\/\" \/>\n<meta property=\"article:modified_time\" content=\"2018-05-23T13:04:33+00:00\" \/>\n<meta property=\"og:image\" content=\"https:\/\/ikastikos-kiklos.com\/wp-content\/uploads\/2016\/10\/19g113-1.png\" \/>\n\t<meta property=\"og:image:width\" content=\"760\" \/>\n\t<meta property=\"og:image:height\" content=\"559\" \/>\n\t<meta property=\"og:image:type\" content=\"image\/png\" \/>\n<meta name=\"twitter:card\" content=\"summary_large_image\" \/>\n<script type=\"application\/ld+json\" class=\"yoast-schema-graph\">{\"@context\":\"https:\/\/schema.org\",\"@graph\":[{\"@type\":\"WebPage\",\"@id\":\"https:\/\/ikastikos-kiklos.com\/en\/product\/%cf%84%cf%81%ce%bf%cf%87%ce%b1%ce%bb%ce%af%ce%b1-%ce%b3%ce%b9%ce%b1-%ce%ba%ce%b1%ce%90%ce%ba%ce%b9%ce%b1-%cf%83%cf%84%ce%b7%ce%bd-%ce%b9%ce%b5%cf%81%ce%b9%cf%83%cf%83%cf%8c\/\",\"url\":\"https:\/\/ikastikos-kiklos.com\/en\/product\/%cf%84%cf%81%ce%bf%cf%87%ce%b1%ce%bb%ce%af%ce%b1-%ce%b3%ce%b9%ce%b1-%ce%ba%ce%b1%ce%90%ce%ba%ce%b9%ce%b1-%cf%83%cf%84%ce%b7%ce%bd-%ce%b9%ce%b5%cf%81%ce%b9%cf%83%cf%83%cf%8c\/\",\"name\":\"Pulley for Boats in Ierissos Silkscreen by Sotiris Sorogkas at Ikastikos Kiklos Sianti Gallery.\",\"isPartOf\":{\"@id\":\"https:\/\/ikastikos-kiklos.com\/en\/#website\"},\"primaryImageOfPage\":{\"@id\":\"https:\/\/ikastikos-kiklos.com\/en\/product\/%cf%84%cf%81%ce%bf%cf%87%ce%b1%ce%bb%ce%af%ce%b1-%ce%b3%ce%b9%ce%b1-%ce%ba%ce%b1%ce%90%ce%ba%ce%b9%ce%b1-%cf%83%cf%84%ce%b7%ce%bd-%ce%b9%ce%b5%cf%81%ce%b9%cf%83%cf%83%cf%8c\/#primaryimage\"},\"image\":{\"@id\":\"https:\/\/ikastikos-kiklos.com\/en\/product\/%cf%84%cf%81%ce%bf%cf%87%ce%b1%ce%bb%ce%af%ce%b1-%ce%b3%ce%b9%ce%b1-%ce%ba%ce%b1%ce%90%ce%ba%ce%b9%ce%b1-%cf%83%cf%84%ce%b7%ce%bd-%ce%b9%ce%b5%cf%81%ce%b9%cf%83%cf%83%cf%8c\/#primaryimage\"},\"thumbnailUrl\":\"https:\/\/ikastikos-kiklos.com\/wp-content\/uploads\/2016\/10\/19g113-1.png\",\"datePublished\":\"2016-10-10T11:41:36+00:00\",\"dateModified\":\"2018-05-23T13:04:33+00:00\",\"description\":\"Pulley for Boats in Ierissos Silkscreen by Sotiris Sorogkas at Ikastikos Kiklos Sianti Gallery. 99 copies numbered and signed. Dimensions 110x85cm\",\"breadcrumb\":{\"@id\":\"https:\/\/ikastikos-kiklos.com\/en\/product\/%cf%84%cf%81%ce%bf%cf%87%ce%b1%ce%bb%ce%af%ce%b1-%ce%b3%ce%b9%ce%b1-%ce%ba%ce%b1%ce%90%ce%ba%ce%b9%ce%b1-%cf%83%cf%84%ce%b7%ce%bd-%ce%b9%ce%b5%cf%81%ce%b9%cf%83%cf%83%cf%8c\/#breadcrumb\"},\"inLanguage\":\"en-US\",\"potentialAction\":[{\"@type\":\"ReadAction\",\"target\":[\"https:\/\/ikastikos-kiklos.com\/en\/product\/%cf%84%cf%81%ce%bf%cf%87%ce%b1%ce%bb%ce%af%ce%b1-%ce%b3%ce%b9%ce%b1-%ce%ba%ce%b1%ce%90%ce%ba%ce%b9%ce%b1-%cf%83%cf%84%ce%b7%ce%bd-%ce%b9%ce%b5%cf%81%ce%b9%cf%83%cf%83%cf%8c\/\"]}]},{\"@type\":\"ImageObject\",\"inLanguage\":\"en-US\",\"@id\":\"https:\/\/ikastikos-kiklos.com\/en\/product\/%cf%84%cf%81%ce%bf%cf%87%ce%b1%ce%bb%ce%af%ce%b1-%ce%b3%ce%b9%ce%b1-%ce%ba%ce%b1%ce%90%ce%ba%ce%b9%ce%b1-%cf%83%cf%84%ce%b7%ce%bd-%ce%b9%ce%b5%cf%81%ce%b9%cf%83%cf%83%cf%8c\/#primaryimage\",\"url\":\"https:\/\/ikastikos-kiklos.com\/wp-content\/uploads\/2016\/10\/19g113-1.png\",\"contentUrl\":\"https:\/\/ikastikos-kiklos.com\/wp-content\/uploads\/2016\/10\/19g113-1.png\",\"width\":760,\"height\":559,\"caption\":\"\u03a4\u03c1\u03bf\u03c7\u03b1\u03bb\u03af\u03b1 \u03b3\u03b9\u03b1 \u039a\u03b1\u0390\u03ba\u03b9\u03b1 \u03c3\u03c4\u03b7\u03bd \u0399\u03b5\u03c1\u03b9\u03c3\u03c3\u03cc \u039c\u03b5\u03c4\u03b1\u03be\u03bf\u03c4\u03c5\u03c0\u03af\u03b1 \u03c4\u03bf\u03c5 \u03a3\u03c9\u03c4\u03ae\u03c1\u03b7 \u03a3\u03cc\u03c1\u03bf\u03b3\u03ba\u03b1 \u03c3\u03c4\u03bf\u03bd \u0395\u03b9\u03ba\u03b1\u03c3\u03c4\u03b9\u03ba\u03cc \u039a\u03cd\u03ba\u03bb\u03bf Sianti\"},{\"@type\":\"BreadcrumbList\",\"@id\":\"https:\/\/ikastikos-kiklos.com\/en\/product\/%cf%84%cf%81%ce%bf%cf%87%ce%b1%ce%bb%ce%af%ce%b1-%ce%b3%ce%b9%ce%b1-%ce%ba%ce%b1%ce%90%ce%ba%ce%b9%ce%b1-%cf%83%cf%84%ce%b7%ce%bd-%ce%b9%ce%b5%cf%81%ce%b9%cf%83%cf%83%cf%8c\/#breadcrumb\",\"itemListElement\":[{\"@type\":\"ListItem\",\"position\":1,\"name\":\"Home\",\"item\":\"https:\/\/ikastikos-kiklos.com\/en\/\"},{\"@type\":\"ListItem\",\"position\":2,\"name\":\"\u0388\u03c1\u03b3\u03b1 \u03c4\u03ad\u03c7\u03bd\u03b7\u03c2\",\"item\":\"https:\/\/ikastikos-kiklos.com\/%ce%ad%cf%81%ce%b3%ce%b1-%cf%84%ce%ad%cf%87%ce%bd%ce%b7%cf%82\/\"},{\"@type\":\"ListItem\",\"position\":3,\"name\":\"Pulley for boats in Ierissos\"}]},{\"@type\":\"WebSite\",\"@id\":\"https:\/\/ikastikos-kiklos.com\/en\/#website\",\"url\":\"https:\/\/ikastikos-kiklos.com\/en\/\",\"name\":\"Ikastikos Kiklos - Zografik\u00ed - Metaxotyp\u00edes - T\u00e9chniPainting - Silk Screen - Art\",\"description\":\"\",\"publisher\":{\"@id\":\"https:\/\/ikastikos-kiklos.com\/en\/#organization\"},\"potentialAction\":[{\"@type\":\"SearchAction\",\"target\":{\"@type\":\"EntryPoint\",\"urlTemplate\":\"https:\/\/ikastikos-kiklos.com\/en\/?s={search_term_string}\"},\"query-input\":{\"@type\":\"PropertyValueSpecification\",\"valueRequired\":true,\"valueName\":\"search_term_string\"}}],\"inLanguage\":\"en-US\"},{\"@type\":\"Organization\",\"@id\":\"https:\/\/ikastikos-kiklos.com\/en\/#organization\",\"name\":\"Ikastikos Kiklos - Zografik\u00ed - Metaxotyp\u00edes - T\u00e9chniPainting - Silk Screen - Art\",\"url\":\"https:\/\/ikastikos-kiklos.com\/en\/\",\"logo\":{\"@type\":\"ImageObject\",\"inLanguage\":\"en-US\",\"@id\":\"https:\/\/ikastikos-kiklos.com\/en\/#\/schema\/logo\/image\/\",\"url\":\"https:\/\/ikastikos-kiklos.com\/wp-content\/uploads\/2022\/10\/cropped-favicon_ikastikos.png\",\"contentUrl\":\"https:\/\/ikastikos-kiklos.com\/wp-content\/uploads\/2022\/10\/cropped-favicon_ikastikos.png\",\"width\":512,\"height\":512,\"caption\":\"Ikastikos Kiklos - Zografik\u00ed - Metaxotyp\u00edes - T\u00e9chniPainting - Silk Screen - Art\"},\"image\":{\"@id\":\"https:\/\/ikastikos-kiklos.com\/en\/#\/schema\/logo\/image\/\"},\"sameAs\":[\"https:\/\/www.facebook.com\/ikastikoskiklossianti\/\"]}]}<\/script>\n<!-- \/ Yoast SEO plugin. -->","yoast_head_json":{"title":"Pulley for Boats in Ierissos Silkscreen by Sotiris Sorogkas at Ikastikos Kiklos Sianti Gallery.","description":"Pulley for Boats in Ierissos Silkscreen by Sotiris Sorogkas at Ikastikos Kiklos Sianti Gallery. 99 copies numbered and signed. Dimensions 110x85cm","robots":{"index":"index","follow":"follow","max-snippet":"max-snippet:-1","max-image-preview":"max-image-preview:large","max-video-preview":"max-video-preview:-1"},"canonical":"https:\/\/ikastikos-kiklos.com\/en\/product\/\u03c4\u03c1\u03bf\u03c7\u03b1\u03bb\u03af\u03b1-\u03b3\u03b9\u03b1-\u03ba\u03b1\u0390\u03ba\u03b9\u03b1-\u03c3\u03c4\u03b7\u03bd-\u03b9\u03b5\u03c1\u03b9\u03c3\u03c3\u03cc\/","og_locale":"en_US","og_type":"article","og_title":"Pulley for Boats in Ierissos Silkscreen by Sotiris Sorogkas at Ikastikos Kiklos Sianti Gallery.","og_description":"Pulley for Boats in Ierissos Silkscreen by Sotiris Sorogkas at Ikastikos Kiklos Sianti Gallery. 99 copies numbered and signed. Dimensions 110x85cm","og_url":"https:\/\/ikastikos-kiklos.com\/en\/product\/\u03c4\u03c1\u03bf\u03c7\u03b1\u03bb\u03af\u03b1-\u03b3\u03b9\u03b1-\u03ba\u03b1\u0390\u03ba\u03b9\u03b1-\u03c3\u03c4\u03b7\u03bd-\u03b9\u03b5\u03c1\u03b9\u03c3\u03c3\u03cc\/","og_site_name":"Ikastikos Kiklos - Zografik\u00ed - Metaxotyp\u00edes - T\u00e9chniPainting - Silk Screen - Art","article_publisher":"https:\/\/www.facebook.com\/ikastikoskiklossianti\/","article_modified_time":"2018-05-23T13:04:33+00:00","og_image":[{"width":760,"height":559,"url":"https:\/\/ikastikos-kiklos.com\/wp-content\/uploads\/2016\/10\/19g113-1.png","type":"image\/png"}],"twitter_card":"summary_large_image","schema":{"@context":"https:\/\/schema.org","@graph":[{"@type":"WebPage","@id":"https:\/\/ikastikos-kiklos.com\/en\/product\/%cf%84%cf%81%ce%bf%cf%87%ce%b1%ce%bb%ce%af%ce%b1-%ce%b3%ce%b9%ce%b1-%ce%ba%ce%b1%ce%90%ce%ba%ce%b9%ce%b1-%cf%83%cf%84%ce%b7%ce%bd-%ce%b9%ce%b5%cf%81%ce%b9%cf%83%cf%83%cf%8c\/","url":"https:\/\/ikastikos-kiklos.com\/en\/product\/%cf%84%cf%81%ce%bf%cf%87%ce%b1%ce%bb%ce%af%ce%b1-%ce%b3%ce%b9%ce%b1-%ce%ba%ce%b1%ce%90%ce%ba%ce%b9%ce%b1-%cf%83%cf%84%ce%b7%ce%bd-%ce%b9%ce%b5%cf%81%ce%b9%cf%83%cf%83%cf%8c\/","name":"Pulley for Boats in Ierissos Silkscreen by Sotiris Sorogkas at Ikastikos Kiklos Sianti Gallery.","isPartOf":{"@id":"https:\/\/ikastikos-kiklos.com\/en\/#website"},"primaryImageOfPage":{"@id":"https:\/\/ikastikos-kiklos.com\/en\/product\/%cf%84%cf%81%ce%bf%cf%87%ce%b1%ce%bb%ce%af%ce%b1-%ce%b3%ce%b9%ce%b1-%ce%ba%ce%b1%ce%90%ce%ba%ce%b9%ce%b1-%cf%83%cf%84%ce%b7%ce%bd-%ce%b9%ce%b5%cf%81%ce%b9%cf%83%cf%83%cf%8c\/#primaryimage"},"image":{"@id":"https:\/\/ikastikos-kiklos.com\/en\/product\/%cf%84%cf%81%ce%bf%cf%87%ce%b1%ce%bb%ce%af%ce%b1-%ce%b3%ce%b9%ce%b1-%ce%ba%ce%b1%ce%90%ce%ba%ce%b9%ce%b1-%cf%83%cf%84%ce%b7%ce%bd-%ce%b9%ce%b5%cf%81%ce%b9%cf%83%cf%83%cf%8c\/#primaryimage"},"thumbnailUrl":"https:\/\/ikastikos-kiklos.com\/wp-content\/uploads\/2016\/10\/19g113-1.png","datePublished":"2016-10-10T11:41:36+00:00","dateModified":"2018-05-23T13:04:33+00:00","description":"Pulley for Boats in Ierissos Silkscreen by Sotiris Sorogkas at Ikastikos Kiklos Sianti Gallery. 99 copies numbered and signed. Dimensions 110x85cm","breadcrumb":{"@id":"https:\/\/ikastikos-kiklos.com\/en\/product\/%cf%84%cf%81%ce%bf%cf%87%ce%b1%ce%bb%ce%af%ce%b1-%ce%b3%ce%b9%ce%b1-%ce%ba%ce%b1%ce%90%ce%ba%ce%b9%ce%b1-%cf%83%cf%84%ce%b7%ce%bd-%ce%b9%ce%b5%cf%81%ce%b9%cf%83%cf%83%cf%8c\/#breadcrumb"},"inLanguage":"en-US","potentialAction":[{"@type":"ReadAction","target":["https:\/\/ikastikos-kiklos.com\/en\/product\/%cf%84%cf%81%ce%bf%cf%87%ce%b1%ce%bb%ce%af%ce%b1-%ce%b3%ce%b9%ce%b1-%ce%ba%ce%b1%ce%90%ce%ba%ce%b9%ce%b1-%cf%83%cf%84%ce%b7%ce%bd-%ce%b9%ce%b5%cf%81%ce%b9%cf%83%cf%83%cf%8c\/"]}]},{"@type":"ImageObject","inLanguage":"en-US","@id":"https:\/\/ikastikos-kiklos.com\/en\/product\/%cf%84%cf%81%ce%bf%cf%87%ce%b1%ce%bb%ce%af%ce%b1-%ce%b3%ce%b9%ce%b1-%ce%ba%ce%b1%ce%90%ce%ba%ce%b9%ce%b1-%cf%83%cf%84%ce%b7%ce%bd-%ce%b9%ce%b5%cf%81%ce%b9%cf%83%cf%83%cf%8c\/#primaryimage","url":"https:\/\/ikastikos-kiklos.com\/wp-content\/uploads\/2016\/10\/19g113-1.png","contentUrl":"https:\/\/ikastikos-kiklos.com\/wp-content\/uploads\/2016\/10\/19g113-1.png","width":760,"height":559,"caption":"\u03a4\u03c1\u03bf\u03c7\u03b1\u03bb\u03af\u03b1 \u03b3\u03b9\u03b1 \u039a\u03b1\u0390\u03ba\u03b9\u03b1 \u03c3\u03c4\u03b7\u03bd \u0399\u03b5\u03c1\u03b9\u03c3\u03c3\u03cc \u039c\u03b5\u03c4\u03b1\u03be\u03bf\u03c4\u03c5\u03c0\u03af\u03b1 \u03c4\u03bf\u03c5 \u03a3\u03c9\u03c4\u03ae\u03c1\u03b7 \u03a3\u03cc\u03c1\u03bf\u03b3\u03ba\u03b1 \u03c3\u03c4\u03bf\u03bd \u0395\u03b9\u03ba\u03b1\u03c3\u03c4\u03b9\u03ba\u03cc \u039a\u03cd\u03ba\u03bb\u03bf Sianti"},{"@type":"BreadcrumbList","@id":"https:\/\/ikastikos-kiklos.com\/en\/product\/%cf%84%cf%81%ce%bf%cf%87%ce%b1%ce%bb%ce%af%ce%b1-%ce%b3%ce%b9%ce%b1-%ce%ba%ce%b1%ce%90%ce%ba%ce%b9%ce%b1-%cf%83%cf%84%ce%b7%ce%bd-%ce%b9%ce%b5%cf%81%ce%b9%cf%83%cf%83%cf%8c\/#breadcrumb","itemListElement":[{"@type":"ListItem","position":1,"name":"Home","item":"https:\/\/ikastikos-kiklos.com\/en\/"},{"@type":"ListItem","position":2,"name":"\u0388\u03c1\u03b3\u03b1 \u03c4\u03ad\u03c7\u03bd\u03b7\u03c2","item":"https:\/\/ikastikos-kiklos.com\/%ce%ad%cf%81%ce%b3%ce%b1-%cf%84%ce%ad%cf%87%ce%bd%ce%b7%cf%82\/"},{"@type":"ListItem","position":3,"name":"Pulley for boats in Ierissos"}]},{"@type":"WebSite","@id":"https:\/\/ikastikos-kiklos.com\/en\/#website","url":"https:\/\/ikastikos-kiklos.com\/en\/","name":"Ikastikos Kiklos - Zografik\u00ed - Metaxotyp\u00edes - T\u00e9chniPainting - Silk Screen - Art","description":"","publisher":{"@id":"https:\/\/ikastikos-kiklos.com\/en\/#organization"},"potentialAction":[{"@type":"SearchAction","target":{"@type":"EntryPoint","urlTemplate":"https:\/\/ikastikos-kiklos.com\/en\/?s={search_term_string}"},"query-input":{"@type":"PropertyValueSpecification","valueRequired":true,"valueName":"search_term_string"}}],"inLanguage":"en-US"},{"@type":"Organization","@id":"https:\/\/ikastikos-kiklos.com\/en\/#organization","name":"Ikastikos Kiklos - Zografik\u00ed - Metaxotyp\u00edes - T\u00e9chniPainting - Silk Screen - Art","url":"https:\/\/ikastikos-kiklos.com\/en\/","logo":{"@type":"ImageObject","inLanguage":"en-US","@id":"https:\/\/ikastikos-kiklos.com\/en\/#\/schema\/logo\/image\/","url":"https:\/\/ikastikos-kiklos.com\/wp-content\/uploads\/2022\/10\/cropped-favicon_ikastikos.png","contentUrl":"https:\/\/ikastikos-kiklos.com\/wp-content\/uploads\/2022\/10\/cropped-favicon_ikastikos.png","width":512,"height":512,"caption":"Ikastikos Kiklos - Zografik\u00ed - Metaxotyp\u00edes - T\u00e9chniPainting - Silk Screen - Art"},"image":{"@id":"https:\/\/ikastikos-kiklos.com\/en\/#\/schema\/logo\/image\/"},"sameAs":["https:\/\/www.facebook.com\/ikastikoskiklossianti\/"]}]}},"_links":{"self":[{"href":"https:\/\/ikastikos-kiklos.com\/en\/wp-json\/wp\/v2\/product\/3461","targetHints":{"allow":["GET"]}}],"collection":[{"href":"https:\/\/ikastikos-kiklos.com\/en\/wp-json\/wp\/v2\/product"}],"about":[{"href":"https:\/\/ikastikos-kiklos.com\/en\/wp-json\/wp\/v2\/types\/product"}],"wp:featuredmedia":[{"embeddable":true,"href":"https:\/\/ikastikos-kiklos.com\/en\/wp-json\/wp\/v2\/media\/12337"}],"wp:attachment":[{"href":"https:\/\/ikastikos-kiklos.com\/en\/wp-json\/wp\/v2\/media?parent=3461"}],"wp:term":[{"taxonomy":"product_brand","embeddable":true,"href":"https:\/\/ikastikos-kiklos.com\/en\/wp-json\/wp\/v2\/product_brand?post=3461"},{"taxonomy":"product_cat","embeddable":true,"href":"https:\/\/ikastikos-kiklos.com\/en\/wp-json\/wp\/v2\/product_cat?post=3461"},{"taxonomy":"product_tag","embeddable":true,"href":"https:\/\/ikastikos-kiklos.com\/en\/wp-json\/wp\/v2\/product_tag?post=3461"}],"curies":[{"name":"wp","href":"https:\/\/api.w.org\/{rel}","templated":true}]}}