{"id":3460,"date":"2016-10-01T12:30:07","date_gmt":"2016-10-01T12:30:07","guid":{"rendered":"http:\/\/ikastikos-kiklos.com\/\u03c0\u03c1\u03bf\u03ca\u03cc\u03bd\/%ce%bd%cf%85%cf%87%cf%84%ce%b5%cf%81%ce%b9%ce%bd%ce%ae-%ce%b2%ce%ac%cf%81%ce%b4%ce%b9%ce%b1\/?lang=en"},"modified":"2019-11-26T16:31:35","modified_gmt":"2019-11-26T14:31:35","slug":"%ce%bd%cf%85%cf%87%cf%84%ce%b5%cf%81%ce%b9%ce%bd%ce%ae-%ce%b2%ce%ac%cf%81%ce%b4%ce%b9%ce%b1","status":"publish","type":"product","link":"https:\/\/ikastikos-kiklos.com\/en\/product\/%ce%bd%cf%85%cf%87%cf%84%ce%b5%cf%81%ce%b9%ce%bd%ce%ae-%ce%b2%ce%ac%cf%81%ce%b4%ce%b9%ce%b1\/","title":{"rendered":"Night Shift"},"content":{"rendered":"<p>Dimitris Geros creates images of life and action in his works. Transformational and allegorical images, expressed through a crackle. His landscapes are orphaned, filled with traps and provocative through their loneliness, from where a paradoxical lifeless and subversive element emerges. It changes the marginal balances of the partisans. With bitter humor and self-deception, the viewer watches an ever-moving world that turns into a deafening line the loneliness of a modern man, who constantly escapes by escaping or defying his responsibilities towards his own life and the environment he shapes.<\/p>\n<p>Source: <a href=\"http:\/\/blogs.sch.gr\/infocentre\/2008\/07\/17\/%CE%AD%CE%BA%CE%B8%CE%B5%CF%83%CE%B7-%CE%B6%CF%89%CE%B3%CF%81%CE%B1%CF%86%CE%B9%CE%BA%CE%AE%CF%82-%CF%84%CE%BF%CF%85-%CE%B4%CE%B7%CE%BC%CE%AE%CF%84%CF%81%CE%B7-%CE%B3%CE%AD%CF%81%CE%BF%CF%85-%CF%83\/\">blogs.sch.gr<\/a><\/p>\n","protected":false},"excerpt":{"rendered":"<p>Silkscreen numbered and signed by Dimitris Gero.<\/p>\n<p>The spirit is restless, Dimitris Geros, more widely known for his paintings and photographs, is also involved in engraving, which he considers an equally important art. Indeed, the copper engravings and the lithographs have been painted by the artist himself on copper and stone and have been printed in his own workshop as well as in G. Karteris&#8217; workshop. Source: <a href=\"http:\/\/www.tff.gr\/art_citylife\/arthro\/ksexorista_erga_tou_dimitri_gerou_stin_kapopoulos_fine_arts-129357017\/\">tff.gr<\/a><\/p>\n","protected":false},"featured_media":11919,"template":"","meta":{"ngg_post_thumbnail":0},"product_brand":[],"product_cat":[398,1987,396,1991],"product_tag":[2493,2224,2491,2598],"class_list":{"0":"post-3460","1":"product","2":"type-product","3":"status-publish","4":"has-post-thumbnail","6":"product_cat-collections","7":"product_cat-eshop-en","8":"product_cat-silkscreens","9":"product_cat-silkscreens-shop","10":"product_tag-office-gifts","11":"product_tag-silkscreen-en","12":"product_tag-wedding-gifts","13":"product_tag-yeros-dimitris","14":"product_shipping_class-0-2kg","16":"first","17":"instock","18":"taxable","19":"shipping-taxable","20":"purchasable","21":"product-type-simple"},"yoast_head":"<!-- This site is optimized with the Yoast SEO plugin v27.4 - https:\/\/yoast.com\/product\/yoast-seo-wordpress\/ -->\n<title>Night Shift Silkscreen by Dimitris Yeros at Ikastikos Kiklos Sianti Gallery.<\/title>\n<meta name=\"description\" content=\"Night Shift Silkscreen by Dimitris Yeros at Ikastikos Kiklos Sianti Gallery. 70 copies numbered and signed by Dimitris Yeros. Dimensions 27 x 40 cm\" \/>\n<meta name=\"robots\" content=\"index, follow, max-snippet:-1, max-image-preview:large, max-video-preview:-1\" \/>\n<link rel=\"canonical\" href=\"https:\/\/ikastikos-kiklos.com\/en\/product\/\u03bd\u03c5\u03c7\u03c4\u03b5\u03c1\u03b9\u03bd\u03ae-\u03b2\u03ac\u03c1\u03b4\u03b9\u03b1\/\" \/>\n<meta property=\"og:locale\" content=\"en_US\" \/>\n<meta property=\"og:type\" content=\"article\" \/>\n<meta property=\"og:title\" content=\"Night Shift Silkscreen by Dimitris Yeros at Ikastikos Kiklos Sianti Gallery.\" \/>\n<meta property=\"og:description\" content=\"Night Shift Silkscreen by Dimitris Yeros at Ikastikos Kiklos Sianti Gallery. 70 copies numbered and signed by Dimitris Yeros. Dimensions 27 x 40 cm\" \/>\n<meta property=\"og:url\" content=\"https:\/\/ikastikos-kiklos.com\/en\/product\/\u03bd\u03c5\u03c7\u03c4\u03b5\u03c1\u03b9\u03bd\u03ae-\u03b2\u03ac\u03c1\u03b4\u03b9\u03b1\/\" \/>\n<meta property=\"og:site_name\" content=\"Ikastikos Kiklos - Zografik\u00ed - Metaxotyp\u00edes - T\u00e9chniPainting - Silk Screen - Art\" \/>\n<meta property=\"article:publisher\" content=\"https:\/\/www.facebook.com\/ikastikoskiklossianti\/\" \/>\n<meta property=\"article:modified_time\" content=\"2019-11-26T14:31:35+00:00\" \/>\n<meta property=\"og:image\" content=\"https:\/\/ikastikos-kiklos.com\/wp-content\/uploads\/2016\/10\/11g105.jpg\" \/>\n\t<meta property=\"og:image:width\" content=\"600\" \/>\n\t<meta property=\"og:image:height\" content=\"578\" \/>\n\t<meta property=\"og:image:type\" content=\"image\/jpeg\" \/>\n<meta name=\"twitter:card\" content=\"summary_large_image\" \/>\n<script type=\"application\/ld+json\" class=\"yoast-schema-graph\">{\"@context\":\"https:\\\/\\\/schema.org\",\"@graph\":[{\"@type\":\"WebPage\",\"@id\":\"https:\\\/\\\/ikastikos-kiklos.com\\\/en\\\/product\\\/%ce%bd%cf%85%cf%87%cf%84%ce%b5%cf%81%ce%b9%ce%bd%ce%ae-%ce%b2%ce%ac%cf%81%ce%b4%ce%b9%ce%b1\\\/\",\"url\":\"https:\\\/\\\/ikastikos-kiklos.com\\\/en\\\/product\\\/%ce%bd%cf%85%cf%87%cf%84%ce%b5%cf%81%ce%b9%ce%bd%ce%ae-%ce%b2%ce%ac%cf%81%ce%b4%ce%b9%ce%b1\\\/\",\"name\":\"Night Shift Silkscreen by Dimitris Yeros at Ikastikos Kiklos Sianti Gallery.\",\"isPartOf\":{\"@id\":\"https:\\\/\\\/ikastikos-kiklos.com\\\/en\\\/#website\"},\"primaryImageOfPage\":{\"@id\":\"https:\\\/\\\/ikastikos-kiklos.com\\\/en\\\/product\\\/%ce%bd%cf%85%cf%87%cf%84%ce%b5%cf%81%ce%b9%ce%bd%ce%ae-%ce%b2%ce%ac%cf%81%ce%b4%ce%b9%ce%b1\\\/#primaryimage\"},\"image\":{\"@id\":\"https:\\\/\\\/ikastikos-kiklos.com\\\/en\\\/product\\\/%ce%bd%cf%85%cf%87%cf%84%ce%b5%cf%81%ce%b9%ce%bd%ce%ae-%ce%b2%ce%ac%cf%81%ce%b4%ce%b9%ce%b1\\\/#primaryimage\"},\"thumbnailUrl\":\"https:\\\/\\\/ikastikos-kiklos.com\\\/wp-content\\\/uploads\\\/2016\\\/10\\\/11g105.jpg\",\"datePublished\":\"2016-10-01T12:30:07+00:00\",\"dateModified\":\"2019-11-26T14:31:35+00:00\",\"description\":\"Night Shift Silkscreen by Dimitris Yeros at Ikastikos Kiklos Sianti Gallery. 70 copies numbered and signed by Dimitris Yeros. Dimensions 27 x 40 cm\",\"breadcrumb\":{\"@id\":\"https:\\\/\\\/ikastikos-kiklos.com\\\/en\\\/product\\\/%ce%bd%cf%85%cf%87%cf%84%ce%b5%cf%81%ce%b9%ce%bd%ce%ae-%ce%b2%ce%ac%cf%81%ce%b4%ce%b9%ce%b1\\\/#breadcrumb\"},\"inLanguage\":\"en-US\",\"potentialAction\":[{\"@type\":\"ReadAction\",\"target\":[\"https:\\\/\\\/ikastikos-kiklos.com\\\/en\\\/product\\\/%ce%bd%cf%85%cf%87%cf%84%ce%b5%cf%81%ce%b9%ce%bd%ce%ae-%ce%b2%ce%ac%cf%81%ce%b4%ce%b9%ce%b1\\\/\"]}]},{\"@type\":\"ImageObject\",\"inLanguage\":\"en-US\",\"@id\":\"https:\\\/\\\/ikastikos-kiklos.com\\\/en\\\/product\\\/%ce%bd%cf%85%cf%87%cf%84%ce%b5%cf%81%ce%b9%ce%bd%ce%ae-%ce%b2%ce%ac%cf%81%ce%b4%ce%b9%ce%b1\\\/#primaryimage\",\"url\":\"https:\\\/\\\/ikastikos-kiklos.com\\\/wp-content\\\/uploads\\\/2016\\\/10\\\/11g105.jpg\",\"contentUrl\":\"https:\\\/\\\/ikastikos-kiklos.com\\\/wp-content\\\/uploads\\\/2016\\\/10\\\/11g105.jpg\",\"width\":600,\"height\":578,\"caption\":\"\u039d\u03c5\u03c7\u03c4\u03b5\u03c1\u03b9\u03bd\u03ae \u0392\u03ac\u03c1\u03b4\u03b9\u03b1 \u039c\u03b5\u03c4\u03b1\u03be\u03bf\u03c4\u03c5\u03c0\u03af\u03b1 \u03c4\u03bf\u03c5 \u0394\u03b7\u03bc\u03ae\u03c4\u03c1\u03b7 \u0393\u03ad\u03c1\u03bf\u03c5 \u03c3\u03c4\u03bf\u03bd \u0395\u03b9\u03ba\u03b1\u03c3\u03c4\u03b9\u03ba\u03cc \u039a\u03cd\u03ba\u03bb\u03bf Sianti\"},{\"@type\":\"BreadcrumbList\",\"@id\":\"https:\\\/\\\/ikastikos-kiklos.com\\\/en\\\/product\\\/%ce%bd%cf%85%cf%87%cf%84%ce%b5%cf%81%ce%b9%ce%bd%ce%ae-%ce%b2%ce%ac%cf%81%ce%b4%ce%b9%ce%b1\\\/#breadcrumb\",\"itemListElement\":[{\"@type\":\"ListItem\",\"position\":1,\"name\":\"Home\",\"item\":\"https:\\\/\\\/ikastikos-kiklos.com\\\/en\\\/\"},{\"@type\":\"ListItem\",\"position\":2,\"name\":\"\u0388\u03c1\u03b3\u03b1 \u03c4\u03ad\u03c7\u03bd\u03b7\u03c2\",\"item\":\"https:\\\/\\\/ikastikos-kiklos.com\\\/%ce%ad%cf%81%ce%b3%ce%b1-%cf%84%ce%ad%cf%87%ce%bd%ce%b7%cf%82\\\/\"},{\"@type\":\"ListItem\",\"position\":3,\"name\":\"Night Shift\"}]},{\"@type\":\"WebSite\",\"@id\":\"https:\\\/\\\/ikastikos-kiklos.com\\\/en\\\/#website\",\"url\":\"https:\\\/\\\/ikastikos-kiklos.com\\\/en\\\/\",\"name\":\"Ikastikos Kiklos - Zografik\u00ed - Metaxotyp\u00edes - T\u00e9chniPainting - Silk Screen - Art\",\"description\":\"\",\"publisher\":{\"@id\":\"https:\\\/\\\/ikastikos-kiklos.com\\\/en\\\/#organization\"},\"potentialAction\":[{\"@type\":\"SearchAction\",\"target\":{\"@type\":\"EntryPoint\",\"urlTemplate\":\"https:\\\/\\\/ikastikos-kiklos.com\\\/en\\\/?s={search_term_string}\"},\"query-input\":{\"@type\":\"PropertyValueSpecification\",\"valueRequired\":true,\"valueName\":\"search_term_string\"}}],\"inLanguage\":\"en-US\"},{\"@type\":\"Organization\",\"@id\":\"https:\\\/\\\/ikastikos-kiklos.com\\\/en\\\/#organization\",\"name\":\"Ikastikos Kiklos - Zografik\u00ed - Metaxotyp\u00edes - T\u00e9chniPainting - Silk Screen - Art\",\"url\":\"https:\\\/\\\/ikastikos-kiklos.com\\\/en\\\/\",\"logo\":{\"@type\":\"ImageObject\",\"inLanguage\":\"en-US\",\"@id\":\"https:\\\/\\\/ikastikos-kiklos.com\\\/en\\\/#\\\/schema\\\/logo\\\/image\\\/\",\"url\":\"https:\\\/\\\/ikastikos-kiklos.com\\\/wp-content\\\/uploads\\\/2022\\\/10\\\/cropped-favicon_ikastikos.png\",\"contentUrl\":\"https:\\\/\\\/ikastikos-kiklos.com\\\/wp-content\\\/uploads\\\/2022\\\/10\\\/cropped-favicon_ikastikos.png\",\"width\":512,\"height\":512,\"caption\":\"Ikastikos Kiklos - Zografik\u00ed - Metaxotyp\u00edes - T\u00e9chniPainting - Silk Screen - Art\"},\"image\":{\"@id\":\"https:\\\/\\\/ikastikos-kiklos.com\\\/en\\\/#\\\/schema\\\/logo\\\/image\\\/\"},\"sameAs\":[\"https:\\\/\\\/www.facebook.com\\\/ikastikoskiklossianti\\\/\"]}]}<\/script>\n<!-- \/ Yoast SEO plugin. -->","yoast_head_json":{"title":"Night Shift Silkscreen by Dimitris Yeros at Ikastikos Kiklos Sianti Gallery.","description":"Night Shift Silkscreen by Dimitris Yeros at Ikastikos Kiklos Sianti Gallery. 70 copies numbered and signed by Dimitris Yeros. Dimensions 27 x 40 cm","robots":{"index":"index","follow":"follow","max-snippet":"max-snippet:-1","max-image-preview":"max-image-preview:large","max-video-preview":"max-video-preview:-1"},"canonical":"https:\/\/ikastikos-kiklos.com\/en\/product\/\u03bd\u03c5\u03c7\u03c4\u03b5\u03c1\u03b9\u03bd\u03ae-\u03b2\u03ac\u03c1\u03b4\u03b9\u03b1\/","og_locale":"en_US","og_type":"article","og_title":"Night Shift Silkscreen by Dimitris Yeros at Ikastikos Kiklos Sianti Gallery.","og_description":"Night Shift Silkscreen by Dimitris Yeros at Ikastikos Kiklos Sianti Gallery. 70 copies numbered and signed by Dimitris Yeros. Dimensions 27 x 40 cm","og_url":"https:\/\/ikastikos-kiklos.com\/en\/product\/\u03bd\u03c5\u03c7\u03c4\u03b5\u03c1\u03b9\u03bd\u03ae-\u03b2\u03ac\u03c1\u03b4\u03b9\u03b1\/","og_site_name":"Ikastikos Kiklos - Zografik\u00ed - Metaxotyp\u00edes - T\u00e9chniPainting - Silk Screen - Art","article_publisher":"https:\/\/www.facebook.com\/ikastikoskiklossianti\/","article_modified_time":"2019-11-26T14:31:35+00:00","og_image":[{"width":600,"height":578,"url":"https:\/\/ikastikos-kiklos.com\/wp-content\/uploads\/2016\/10\/11g105.jpg","type":"image\/jpeg"}],"twitter_card":"summary_large_image","schema":{"@context":"https:\/\/schema.org","@graph":[{"@type":"WebPage","@id":"https:\/\/ikastikos-kiklos.com\/en\/product\/%ce%bd%cf%85%cf%87%cf%84%ce%b5%cf%81%ce%b9%ce%bd%ce%ae-%ce%b2%ce%ac%cf%81%ce%b4%ce%b9%ce%b1\/","url":"https:\/\/ikastikos-kiklos.com\/en\/product\/%ce%bd%cf%85%cf%87%cf%84%ce%b5%cf%81%ce%b9%ce%bd%ce%ae-%ce%b2%ce%ac%cf%81%ce%b4%ce%b9%ce%b1\/","name":"Night Shift Silkscreen by Dimitris Yeros at Ikastikos Kiklos Sianti Gallery.","isPartOf":{"@id":"https:\/\/ikastikos-kiklos.com\/en\/#website"},"primaryImageOfPage":{"@id":"https:\/\/ikastikos-kiklos.com\/en\/product\/%ce%bd%cf%85%cf%87%cf%84%ce%b5%cf%81%ce%b9%ce%bd%ce%ae-%ce%b2%ce%ac%cf%81%ce%b4%ce%b9%ce%b1\/#primaryimage"},"image":{"@id":"https:\/\/ikastikos-kiklos.com\/en\/product\/%ce%bd%cf%85%cf%87%cf%84%ce%b5%cf%81%ce%b9%ce%bd%ce%ae-%ce%b2%ce%ac%cf%81%ce%b4%ce%b9%ce%b1\/#primaryimage"},"thumbnailUrl":"https:\/\/ikastikos-kiklos.com\/wp-content\/uploads\/2016\/10\/11g105.jpg","datePublished":"2016-10-01T12:30:07+00:00","dateModified":"2019-11-26T14:31:35+00:00","description":"Night Shift Silkscreen by Dimitris Yeros at Ikastikos Kiklos Sianti Gallery. 70 copies numbered and signed by Dimitris Yeros. Dimensions 27 x 40 cm","breadcrumb":{"@id":"https:\/\/ikastikos-kiklos.com\/en\/product\/%ce%bd%cf%85%cf%87%cf%84%ce%b5%cf%81%ce%b9%ce%bd%ce%ae-%ce%b2%ce%ac%cf%81%ce%b4%ce%b9%ce%b1\/#breadcrumb"},"inLanguage":"en-US","potentialAction":[{"@type":"ReadAction","target":["https:\/\/ikastikos-kiklos.com\/en\/product\/%ce%bd%cf%85%cf%87%cf%84%ce%b5%cf%81%ce%b9%ce%bd%ce%ae-%ce%b2%ce%ac%cf%81%ce%b4%ce%b9%ce%b1\/"]}]},{"@type":"ImageObject","inLanguage":"en-US","@id":"https:\/\/ikastikos-kiklos.com\/en\/product\/%ce%bd%cf%85%cf%87%cf%84%ce%b5%cf%81%ce%b9%ce%bd%ce%ae-%ce%b2%ce%ac%cf%81%ce%b4%ce%b9%ce%b1\/#primaryimage","url":"https:\/\/ikastikos-kiklos.com\/wp-content\/uploads\/2016\/10\/11g105.jpg","contentUrl":"https:\/\/ikastikos-kiklos.com\/wp-content\/uploads\/2016\/10\/11g105.jpg","width":600,"height":578,"caption":"\u039d\u03c5\u03c7\u03c4\u03b5\u03c1\u03b9\u03bd\u03ae \u0392\u03ac\u03c1\u03b4\u03b9\u03b1 \u039c\u03b5\u03c4\u03b1\u03be\u03bf\u03c4\u03c5\u03c0\u03af\u03b1 \u03c4\u03bf\u03c5 \u0394\u03b7\u03bc\u03ae\u03c4\u03c1\u03b7 \u0393\u03ad\u03c1\u03bf\u03c5 \u03c3\u03c4\u03bf\u03bd \u0395\u03b9\u03ba\u03b1\u03c3\u03c4\u03b9\u03ba\u03cc \u039a\u03cd\u03ba\u03bb\u03bf Sianti"},{"@type":"BreadcrumbList","@id":"https:\/\/ikastikos-kiklos.com\/en\/product\/%ce%bd%cf%85%cf%87%cf%84%ce%b5%cf%81%ce%b9%ce%bd%ce%ae-%ce%b2%ce%ac%cf%81%ce%b4%ce%b9%ce%b1\/#breadcrumb","itemListElement":[{"@type":"ListItem","position":1,"name":"Home","item":"https:\/\/ikastikos-kiklos.com\/en\/"},{"@type":"ListItem","position":2,"name":"\u0388\u03c1\u03b3\u03b1 \u03c4\u03ad\u03c7\u03bd\u03b7\u03c2","item":"https:\/\/ikastikos-kiklos.com\/%ce%ad%cf%81%ce%b3%ce%b1-%cf%84%ce%ad%cf%87%ce%bd%ce%b7%cf%82\/"},{"@type":"ListItem","position":3,"name":"Night Shift"}]},{"@type":"WebSite","@id":"https:\/\/ikastikos-kiklos.com\/en\/#website","url":"https:\/\/ikastikos-kiklos.com\/en\/","name":"Ikastikos Kiklos - Zografik\u00ed - Metaxotyp\u00edes - T\u00e9chniPainting - Silk Screen - Art","description":"","publisher":{"@id":"https:\/\/ikastikos-kiklos.com\/en\/#organization"},"potentialAction":[{"@type":"SearchAction","target":{"@type":"EntryPoint","urlTemplate":"https:\/\/ikastikos-kiklos.com\/en\/?s={search_term_string}"},"query-input":{"@type":"PropertyValueSpecification","valueRequired":true,"valueName":"search_term_string"}}],"inLanguage":"en-US"},{"@type":"Organization","@id":"https:\/\/ikastikos-kiklos.com\/en\/#organization","name":"Ikastikos Kiklos - Zografik\u00ed - Metaxotyp\u00edes - T\u00e9chniPainting - Silk Screen - Art","url":"https:\/\/ikastikos-kiklos.com\/en\/","logo":{"@type":"ImageObject","inLanguage":"en-US","@id":"https:\/\/ikastikos-kiklos.com\/en\/#\/schema\/logo\/image\/","url":"https:\/\/ikastikos-kiklos.com\/wp-content\/uploads\/2022\/10\/cropped-favicon_ikastikos.png","contentUrl":"https:\/\/ikastikos-kiklos.com\/wp-content\/uploads\/2022\/10\/cropped-favicon_ikastikos.png","width":512,"height":512,"caption":"Ikastikos Kiklos - Zografik\u00ed - Metaxotyp\u00edes - T\u00e9chniPainting - Silk Screen - Art"},"image":{"@id":"https:\/\/ikastikos-kiklos.com\/en\/#\/schema\/logo\/image\/"},"sameAs":["https:\/\/www.facebook.com\/ikastikoskiklossianti\/"]}]}},"_links":{"self":[{"href":"https:\/\/ikastikos-kiklos.com\/en\/wp-json\/wp\/v2\/product\/3460","targetHints":{"allow":["GET"]}}],"collection":[{"href":"https:\/\/ikastikos-kiklos.com\/en\/wp-json\/wp\/v2\/product"}],"about":[{"href":"https:\/\/ikastikos-kiklos.com\/en\/wp-json\/wp\/v2\/types\/product"}],"wp:featuredmedia":[{"embeddable":true,"href":"https:\/\/ikastikos-kiklos.com\/en\/wp-json\/wp\/v2\/media\/11919"}],"wp:attachment":[{"href":"https:\/\/ikastikos-kiklos.com\/en\/wp-json\/wp\/v2\/media?parent=3460"}],"wp:term":[{"taxonomy":"product_brand","embeddable":true,"href":"https:\/\/ikastikos-kiklos.com\/en\/wp-json\/wp\/v2\/product_brand?post=3460"},{"taxonomy":"product_cat","embeddable":true,"href":"https:\/\/ikastikos-kiklos.com\/en\/wp-json\/wp\/v2\/product_cat?post=3460"},{"taxonomy":"product_tag","embeddable":true,"href":"https:\/\/ikastikos-kiklos.com\/en\/wp-json\/wp\/v2\/product_tag?post=3460"}],"curies":[{"name":"wp","href":"https:\/\/api.w.org\/{rel}","templated":true}]}}