{"id":3448,"date":"2016-09-09T10:55:38","date_gmt":"2016-09-09T10:55:38","guid":{"rendered":"http:\/\/ikastikos-kiklos.com\/\u03c0\u03c1\u03bf\u03ca\u03cc\u03bd\/%ce%ad%ce%bd%ce%b1-%ce%b1%cf%80%cf%8c%ce%b3%ce%b5%cf%85%ce%bc%ce%b1-%cf%83%cf%84%ce%b7-%cf%80%ce%b1%cf%81%ce%b1%ce%bb%ce%af%ce%b1\/?lang=en"},"modified":"2018-01-04T17:05:41","modified_gmt":"2018-01-04T15:05:41","slug":"%ce%ad%ce%bd%ce%b1-%ce%b1%cf%80%cf%8c%ce%b3%ce%b5%cf%85%ce%bc%ce%b1-%cf%83%cf%84%ce%b7-%cf%80%ce%b1%cf%81%ce%b1%ce%bb%ce%af%ce%b1","status":"publish","type":"product","link":"https:\/\/ikastikos-kiklos.com\/en\/product\/%ce%ad%ce%bd%ce%b1-%ce%b1%cf%80%cf%8c%ce%b3%ce%b5%cf%85%ce%bc%ce%b1-%cf%83%cf%84%ce%b7-%cf%80%ce%b1%cf%81%ce%b1%ce%bb%ce%af%ce%b1\/","title":{"rendered":"Afternoon at the beach"},"content":{"rendered":"<p>Samios tries and succeeds in transmitting the pulses of a story, to activate the sensation, to enlarge it, to complete it. As R. Montherwell&#8217;s adhesions were a sort of personal diary through the depictions of objects, so the objects or even the human figures in P. Samios&#8217;s works are the starting point for an experiential narrative that makes creating true. Without it, the artist&#8217;s thought and imagination is characterized by relativity similar to the space-time relativity. Source: <a href=\"http:\/\/www.samiospavlos.gr\/anafores\/ixni-sto-xrono\/\">samiospavlos.gr<\/a><\/p>\n","protected":false},"excerpt":{"rendered":"<div class=\"product-short-description\">\n<div class=\"product-short-description\">\n<p>Gicl\u00e9e numbered and signed by Pavlos Samios.<\/p>\n<p>For Pavlos Samios life is closely linked to love. &#8220;Everything starts with it&#8221;, as he says, &#8220;my painting is life in a metaphysical way&#8221; Source: <a href=\"http:\/\/www.samiospavlos.gr\/anafores\/ixni-sto-xrono\/\">samiospavlos.gr<\/a><\/p>\n<\/div>\n<\/div>\n","protected":false},"featured_media":12296,"template":"","meta":{"ngg_post_thumbnail":0},"product_brand":[],"product_cat":[398,1987,396,1991],"product_tag":[2336,2224,2491],"class_list":{"0":"post-3448","1":"product","2":"type-product","3":"status-publish","4":"has-post-thumbnail","6":"product_cat-collections","7":"product_cat-eshop-en","8":"product_cat-silkscreens","9":"product_cat-silkscreens-shop","10":"product_tag-an-afternoon-at-the-beach","11":"product_tag-silkscreen-en","12":"product_tag-wedding-gifts","13":"product_shipping_class-2-5kg","15":"first","16":"instock","17":"taxable","18":"shipping-taxable","19":"purchasable","20":"product-type-simple"},"yoast_head":"<!-- This site is optimized with the Yoast SEO plugin v27.4 - https:\/\/yoast.com\/product\/yoast-seo-wordpress\/ -->\n<title>Afternoon at the Beach Silkscreen by Pavlos Samios at Ikastikos Kiklos Sianti Gallery.<\/title>\n<meta name=\"description\" content=\"Afternoon at the Beach Silkscreen by Pavlos Samios at Ikastikos Kiklos Sianti Gallery. 20 copies numbered and signed by Pavlos Samios. Dimensions 80x75cm\" \/>\n<meta name=\"robots\" content=\"index, follow, max-snippet:-1, max-image-preview:large, max-video-preview:-1\" \/>\n<link rel=\"canonical\" href=\"https:\/\/ikastikos-kiklos.com\/en\/product\/\u03ad\u03bd\u03b1-\u03b1\u03c0\u03cc\u03b3\u03b5\u03c5\u03bc\u03b1-\u03c3\u03c4\u03b7-\u03c0\u03b1\u03c1\u03b1\u03bb\u03af\u03b1\/\" \/>\n<meta property=\"og:locale\" content=\"en_US\" \/>\n<meta property=\"og:type\" content=\"article\" \/>\n<meta property=\"og:title\" content=\"Afternoon at the Beach Silkscreen by Pavlos Samios at Ikastikos Kiklos Sianti Gallery.\" \/>\n<meta property=\"og:description\" content=\"Afternoon at the Beach Silkscreen by Pavlos Samios at Ikastikos Kiklos Sianti Gallery. 20 copies numbered and signed by Pavlos Samios. Dimensions 80x75cm\" \/>\n<meta property=\"og:url\" content=\"https:\/\/ikastikos-kiklos.com\/en\/product\/\u03ad\u03bd\u03b1-\u03b1\u03c0\u03cc\u03b3\u03b5\u03c5\u03bc\u03b1-\u03c3\u03c4\u03b7-\u03c0\u03b1\u03c1\u03b1\u03bb\u03af\u03b1\/\" \/>\n<meta property=\"og:site_name\" content=\"Ikastikos Kiklos - Zografik\u00ed - Metaxotyp\u00edes - T\u00e9chniPainting - Silk Screen - Art\" \/>\n<meta property=\"article:publisher\" content=\"https:\/\/www.facebook.com\/ikastikoskiklossianti\/\" \/>\n<meta property=\"article:modified_time\" content=\"2018-01-04T15:05:41+00:00\" \/>\n<meta property=\"og:image\" content=\"https:\/\/ikastikos-kiklos.com\/wp-content\/uploads\/2016\/09\/04g106-1.jpg\" \/>\n\t<meta property=\"og:image:width\" content=\"554\" \/>\n\t<meta property=\"og:image:height\" content=\"374\" \/>\n\t<meta property=\"og:image:type\" content=\"image\/jpeg\" \/>\n<meta name=\"twitter:card\" content=\"summary_large_image\" \/>\n<script type=\"application\/ld+json\" class=\"yoast-schema-graph\">{\"@context\":\"https:\\\/\\\/schema.org\",\"@graph\":[{\"@type\":\"WebPage\",\"@id\":\"https:\\\/\\\/ikastikos-kiklos.com\\\/en\\\/product\\\/%ce%ad%ce%bd%ce%b1-%ce%b1%cf%80%cf%8c%ce%b3%ce%b5%cf%85%ce%bc%ce%b1-%cf%83%cf%84%ce%b7-%cf%80%ce%b1%cf%81%ce%b1%ce%bb%ce%af%ce%b1\\\/\",\"url\":\"https:\\\/\\\/ikastikos-kiklos.com\\\/en\\\/product\\\/%ce%ad%ce%bd%ce%b1-%ce%b1%cf%80%cf%8c%ce%b3%ce%b5%cf%85%ce%bc%ce%b1-%cf%83%cf%84%ce%b7-%cf%80%ce%b1%cf%81%ce%b1%ce%bb%ce%af%ce%b1\\\/\",\"name\":\"Afternoon at the Beach Silkscreen by Pavlos Samios at Ikastikos Kiklos Sianti Gallery.\",\"isPartOf\":{\"@id\":\"https:\\\/\\\/ikastikos-kiklos.com\\\/en\\\/#website\"},\"primaryImageOfPage\":{\"@id\":\"https:\\\/\\\/ikastikos-kiklos.com\\\/en\\\/product\\\/%ce%ad%ce%bd%ce%b1-%ce%b1%cf%80%cf%8c%ce%b3%ce%b5%cf%85%ce%bc%ce%b1-%cf%83%cf%84%ce%b7-%cf%80%ce%b1%cf%81%ce%b1%ce%bb%ce%af%ce%b1\\\/#primaryimage\"},\"image\":{\"@id\":\"https:\\\/\\\/ikastikos-kiklos.com\\\/en\\\/product\\\/%ce%ad%ce%bd%ce%b1-%ce%b1%cf%80%cf%8c%ce%b3%ce%b5%cf%85%ce%bc%ce%b1-%cf%83%cf%84%ce%b7-%cf%80%ce%b1%cf%81%ce%b1%ce%bb%ce%af%ce%b1\\\/#primaryimage\"},\"thumbnailUrl\":\"https:\\\/\\\/ikastikos-kiklos.com\\\/wp-content\\\/uploads\\\/2016\\\/09\\\/04g106-1.jpg\",\"datePublished\":\"2016-09-09T10:55:38+00:00\",\"dateModified\":\"2018-01-04T15:05:41+00:00\",\"description\":\"Afternoon at the Beach Silkscreen by Pavlos Samios at Ikastikos Kiklos Sianti Gallery. 20 copies numbered and signed by Pavlos Samios. Dimensions 80x75cm\",\"breadcrumb\":{\"@id\":\"https:\\\/\\\/ikastikos-kiklos.com\\\/en\\\/product\\\/%ce%ad%ce%bd%ce%b1-%ce%b1%cf%80%cf%8c%ce%b3%ce%b5%cf%85%ce%bc%ce%b1-%cf%83%cf%84%ce%b7-%cf%80%ce%b1%cf%81%ce%b1%ce%bb%ce%af%ce%b1\\\/#breadcrumb\"},\"inLanguage\":\"en-US\",\"potentialAction\":[{\"@type\":\"ReadAction\",\"target\":[\"https:\\\/\\\/ikastikos-kiklos.com\\\/en\\\/product\\\/%ce%ad%ce%bd%ce%b1-%ce%b1%cf%80%cf%8c%ce%b3%ce%b5%cf%85%ce%bc%ce%b1-%cf%83%cf%84%ce%b7-%cf%80%ce%b1%cf%81%ce%b1%ce%bb%ce%af%ce%b1\\\/\"]}]},{\"@type\":\"ImageObject\",\"inLanguage\":\"en-US\",\"@id\":\"https:\\\/\\\/ikastikos-kiklos.com\\\/en\\\/product\\\/%ce%ad%ce%bd%ce%b1-%ce%b1%cf%80%cf%8c%ce%b3%ce%b5%cf%85%ce%bc%ce%b1-%cf%83%cf%84%ce%b7-%cf%80%ce%b1%cf%81%ce%b1%ce%bb%ce%af%ce%b1\\\/#primaryimage\",\"url\":\"https:\\\/\\\/ikastikos-kiklos.com\\\/wp-content\\\/uploads\\\/2016\\\/09\\\/04g106-1.jpg\",\"contentUrl\":\"https:\\\/\\\/ikastikos-kiklos.com\\\/wp-content\\\/uploads\\\/2016\\\/09\\\/04g106-1.jpg\",\"width\":554,\"height\":374,\"caption\":\"\u0388\u03bd\u03b1 \u0391\u03c0\u03cc\u03b3\u03b5\u03c5\u03bc\u03b1 \u03c3\u03c4\u03b7 \u03a0\u03b1\u03c1\u03b1\u03bb\u03af\u03b1 \u039c\u03b5\u03c4\u03b1\u03be\u03bf\u03c4\u03c5\u03c0\u03af\u03b1 \u03c4\u03bf\u03c5 \u03a0\u03b1\u03cd\u03bb\u03bf\u03c5 \u03a3\u03ac\u03bc\u03b9\u03bf\u03c5 \u03c3\u03c4\u03bf\u03bd \u0395\u03b9\u03ba\u03b1\u03c3\u03c4\u03b9\u03ba\u03cc \u039a\u03cd\u03ba\u03bb\u03bf Sianti\"},{\"@type\":\"BreadcrumbList\",\"@id\":\"https:\\\/\\\/ikastikos-kiklos.com\\\/en\\\/product\\\/%ce%ad%ce%bd%ce%b1-%ce%b1%cf%80%cf%8c%ce%b3%ce%b5%cf%85%ce%bc%ce%b1-%cf%83%cf%84%ce%b7-%cf%80%ce%b1%cf%81%ce%b1%ce%bb%ce%af%ce%b1\\\/#breadcrumb\",\"itemListElement\":[{\"@type\":\"ListItem\",\"position\":1,\"name\":\"Home\",\"item\":\"https:\\\/\\\/ikastikos-kiklos.com\\\/en\\\/\"},{\"@type\":\"ListItem\",\"position\":2,\"name\":\"\u0388\u03c1\u03b3\u03b1 \u03c4\u03ad\u03c7\u03bd\u03b7\u03c2\",\"item\":\"https:\\\/\\\/ikastikos-kiklos.com\\\/%ce%ad%cf%81%ce%b3%ce%b1-%cf%84%ce%ad%cf%87%ce%bd%ce%b7%cf%82\\\/\"},{\"@type\":\"ListItem\",\"position\":3,\"name\":\"Afternoon at the beach\"}]},{\"@type\":\"WebSite\",\"@id\":\"https:\\\/\\\/ikastikos-kiklos.com\\\/en\\\/#website\",\"url\":\"https:\\\/\\\/ikastikos-kiklos.com\\\/en\\\/\",\"name\":\"Ikastikos Kiklos - Zografik\u00ed - Metaxotyp\u00edes - T\u00e9chniPainting - Silk Screen - Art\",\"description\":\"\",\"publisher\":{\"@id\":\"https:\\\/\\\/ikastikos-kiklos.com\\\/en\\\/#organization\"},\"potentialAction\":[{\"@type\":\"SearchAction\",\"target\":{\"@type\":\"EntryPoint\",\"urlTemplate\":\"https:\\\/\\\/ikastikos-kiklos.com\\\/en\\\/?s={search_term_string}\"},\"query-input\":{\"@type\":\"PropertyValueSpecification\",\"valueRequired\":true,\"valueName\":\"search_term_string\"}}],\"inLanguage\":\"en-US\"},{\"@type\":\"Organization\",\"@id\":\"https:\\\/\\\/ikastikos-kiklos.com\\\/en\\\/#organization\",\"name\":\"Ikastikos Kiklos - Zografik\u00ed - Metaxotyp\u00edes - T\u00e9chniPainting - Silk Screen - Art\",\"url\":\"https:\\\/\\\/ikastikos-kiklos.com\\\/en\\\/\",\"logo\":{\"@type\":\"ImageObject\",\"inLanguage\":\"en-US\",\"@id\":\"https:\\\/\\\/ikastikos-kiklos.com\\\/en\\\/#\\\/schema\\\/logo\\\/image\\\/\",\"url\":\"https:\\\/\\\/ikastikos-kiklos.com\\\/wp-content\\\/uploads\\\/2022\\\/10\\\/cropped-favicon_ikastikos.png\",\"contentUrl\":\"https:\\\/\\\/ikastikos-kiklos.com\\\/wp-content\\\/uploads\\\/2022\\\/10\\\/cropped-favicon_ikastikos.png\",\"width\":512,\"height\":512,\"caption\":\"Ikastikos Kiklos - Zografik\u00ed - Metaxotyp\u00edes - T\u00e9chniPainting - Silk Screen - Art\"},\"image\":{\"@id\":\"https:\\\/\\\/ikastikos-kiklos.com\\\/en\\\/#\\\/schema\\\/logo\\\/image\\\/\"},\"sameAs\":[\"https:\\\/\\\/www.facebook.com\\\/ikastikoskiklossianti\\\/\"]}]}<\/script>\n<!-- \/ Yoast SEO plugin. -->","yoast_head_json":{"title":"Afternoon at the Beach Silkscreen by Pavlos Samios at Ikastikos Kiklos Sianti Gallery.","description":"Afternoon at the Beach Silkscreen by Pavlos Samios at Ikastikos Kiklos Sianti Gallery. 20 copies numbered and signed by Pavlos Samios. Dimensions 80x75cm","robots":{"index":"index","follow":"follow","max-snippet":"max-snippet:-1","max-image-preview":"max-image-preview:large","max-video-preview":"max-video-preview:-1"},"canonical":"https:\/\/ikastikos-kiklos.com\/en\/product\/\u03ad\u03bd\u03b1-\u03b1\u03c0\u03cc\u03b3\u03b5\u03c5\u03bc\u03b1-\u03c3\u03c4\u03b7-\u03c0\u03b1\u03c1\u03b1\u03bb\u03af\u03b1\/","og_locale":"en_US","og_type":"article","og_title":"Afternoon at the Beach Silkscreen by Pavlos Samios at Ikastikos Kiklos Sianti Gallery.","og_description":"Afternoon at the Beach Silkscreen by Pavlos Samios at Ikastikos Kiklos Sianti Gallery. 20 copies numbered and signed by Pavlos Samios. Dimensions 80x75cm","og_url":"https:\/\/ikastikos-kiklos.com\/en\/product\/\u03ad\u03bd\u03b1-\u03b1\u03c0\u03cc\u03b3\u03b5\u03c5\u03bc\u03b1-\u03c3\u03c4\u03b7-\u03c0\u03b1\u03c1\u03b1\u03bb\u03af\u03b1\/","og_site_name":"Ikastikos Kiklos - Zografik\u00ed - Metaxotyp\u00edes - T\u00e9chniPainting - Silk Screen - Art","article_publisher":"https:\/\/www.facebook.com\/ikastikoskiklossianti\/","article_modified_time":"2018-01-04T15:05:41+00:00","og_image":[{"width":554,"height":374,"url":"https:\/\/ikastikos-kiklos.com\/wp-content\/uploads\/2016\/09\/04g106-1.jpg","type":"image\/jpeg"}],"twitter_card":"summary_large_image","schema":{"@context":"https:\/\/schema.org","@graph":[{"@type":"WebPage","@id":"https:\/\/ikastikos-kiklos.com\/en\/product\/%ce%ad%ce%bd%ce%b1-%ce%b1%cf%80%cf%8c%ce%b3%ce%b5%cf%85%ce%bc%ce%b1-%cf%83%cf%84%ce%b7-%cf%80%ce%b1%cf%81%ce%b1%ce%bb%ce%af%ce%b1\/","url":"https:\/\/ikastikos-kiklos.com\/en\/product\/%ce%ad%ce%bd%ce%b1-%ce%b1%cf%80%cf%8c%ce%b3%ce%b5%cf%85%ce%bc%ce%b1-%cf%83%cf%84%ce%b7-%cf%80%ce%b1%cf%81%ce%b1%ce%bb%ce%af%ce%b1\/","name":"Afternoon at the Beach Silkscreen by Pavlos Samios at Ikastikos Kiklos Sianti Gallery.","isPartOf":{"@id":"https:\/\/ikastikos-kiklos.com\/en\/#website"},"primaryImageOfPage":{"@id":"https:\/\/ikastikos-kiklos.com\/en\/product\/%ce%ad%ce%bd%ce%b1-%ce%b1%cf%80%cf%8c%ce%b3%ce%b5%cf%85%ce%bc%ce%b1-%cf%83%cf%84%ce%b7-%cf%80%ce%b1%cf%81%ce%b1%ce%bb%ce%af%ce%b1\/#primaryimage"},"image":{"@id":"https:\/\/ikastikos-kiklos.com\/en\/product\/%ce%ad%ce%bd%ce%b1-%ce%b1%cf%80%cf%8c%ce%b3%ce%b5%cf%85%ce%bc%ce%b1-%cf%83%cf%84%ce%b7-%cf%80%ce%b1%cf%81%ce%b1%ce%bb%ce%af%ce%b1\/#primaryimage"},"thumbnailUrl":"https:\/\/ikastikos-kiklos.com\/wp-content\/uploads\/2016\/09\/04g106-1.jpg","datePublished":"2016-09-09T10:55:38+00:00","dateModified":"2018-01-04T15:05:41+00:00","description":"Afternoon at the Beach Silkscreen by Pavlos Samios at Ikastikos Kiklos Sianti Gallery. 20 copies numbered and signed by Pavlos Samios. Dimensions 80x75cm","breadcrumb":{"@id":"https:\/\/ikastikos-kiklos.com\/en\/product\/%ce%ad%ce%bd%ce%b1-%ce%b1%cf%80%cf%8c%ce%b3%ce%b5%cf%85%ce%bc%ce%b1-%cf%83%cf%84%ce%b7-%cf%80%ce%b1%cf%81%ce%b1%ce%bb%ce%af%ce%b1\/#breadcrumb"},"inLanguage":"en-US","potentialAction":[{"@type":"ReadAction","target":["https:\/\/ikastikos-kiklos.com\/en\/product\/%ce%ad%ce%bd%ce%b1-%ce%b1%cf%80%cf%8c%ce%b3%ce%b5%cf%85%ce%bc%ce%b1-%cf%83%cf%84%ce%b7-%cf%80%ce%b1%cf%81%ce%b1%ce%bb%ce%af%ce%b1\/"]}]},{"@type":"ImageObject","inLanguage":"en-US","@id":"https:\/\/ikastikos-kiklos.com\/en\/product\/%ce%ad%ce%bd%ce%b1-%ce%b1%cf%80%cf%8c%ce%b3%ce%b5%cf%85%ce%bc%ce%b1-%cf%83%cf%84%ce%b7-%cf%80%ce%b1%cf%81%ce%b1%ce%bb%ce%af%ce%b1\/#primaryimage","url":"https:\/\/ikastikos-kiklos.com\/wp-content\/uploads\/2016\/09\/04g106-1.jpg","contentUrl":"https:\/\/ikastikos-kiklos.com\/wp-content\/uploads\/2016\/09\/04g106-1.jpg","width":554,"height":374,"caption":"\u0388\u03bd\u03b1 \u0391\u03c0\u03cc\u03b3\u03b5\u03c5\u03bc\u03b1 \u03c3\u03c4\u03b7 \u03a0\u03b1\u03c1\u03b1\u03bb\u03af\u03b1 \u039c\u03b5\u03c4\u03b1\u03be\u03bf\u03c4\u03c5\u03c0\u03af\u03b1 \u03c4\u03bf\u03c5 \u03a0\u03b1\u03cd\u03bb\u03bf\u03c5 \u03a3\u03ac\u03bc\u03b9\u03bf\u03c5 \u03c3\u03c4\u03bf\u03bd \u0395\u03b9\u03ba\u03b1\u03c3\u03c4\u03b9\u03ba\u03cc \u039a\u03cd\u03ba\u03bb\u03bf Sianti"},{"@type":"BreadcrumbList","@id":"https:\/\/ikastikos-kiklos.com\/en\/product\/%ce%ad%ce%bd%ce%b1-%ce%b1%cf%80%cf%8c%ce%b3%ce%b5%cf%85%ce%bc%ce%b1-%cf%83%cf%84%ce%b7-%cf%80%ce%b1%cf%81%ce%b1%ce%bb%ce%af%ce%b1\/#breadcrumb","itemListElement":[{"@type":"ListItem","position":1,"name":"Home","item":"https:\/\/ikastikos-kiklos.com\/en\/"},{"@type":"ListItem","position":2,"name":"\u0388\u03c1\u03b3\u03b1 \u03c4\u03ad\u03c7\u03bd\u03b7\u03c2","item":"https:\/\/ikastikos-kiklos.com\/%ce%ad%cf%81%ce%b3%ce%b1-%cf%84%ce%ad%cf%87%ce%bd%ce%b7%cf%82\/"},{"@type":"ListItem","position":3,"name":"Afternoon at the beach"}]},{"@type":"WebSite","@id":"https:\/\/ikastikos-kiklos.com\/en\/#website","url":"https:\/\/ikastikos-kiklos.com\/en\/","name":"Ikastikos Kiklos - Zografik\u00ed - Metaxotyp\u00edes - T\u00e9chniPainting - Silk Screen - Art","description":"","publisher":{"@id":"https:\/\/ikastikos-kiklos.com\/en\/#organization"},"potentialAction":[{"@type":"SearchAction","target":{"@type":"EntryPoint","urlTemplate":"https:\/\/ikastikos-kiklos.com\/en\/?s={search_term_string}"},"query-input":{"@type":"PropertyValueSpecification","valueRequired":true,"valueName":"search_term_string"}}],"inLanguage":"en-US"},{"@type":"Organization","@id":"https:\/\/ikastikos-kiklos.com\/en\/#organization","name":"Ikastikos Kiklos - Zografik\u00ed - Metaxotyp\u00edes - T\u00e9chniPainting - Silk Screen - Art","url":"https:\/\/ikastikos-kiklos.com\/en\/","logo":{"@type":"ImageObject","inLanguage":"en-US","@id":"https:\/\/ikastikos-kiklos.com\/en\/#\/schema\/logo\/image\/","url":"https:\/\/ikastikos-kiklos.com\/wp-content\/uploads\/2022\/10\/cropped-favicon_ikastikos.png","contentUrl":"https:\/\/ikastikos-kiklos.com\/wp-content\/uploads\/2022\/10\/cropped-favicon_ikastikos.png","width":512,"height":512,"caption":"Ikastikos Kiklos - Zografik\u00ed - Metaxotyp\u00edes - T\u00e9chniPainting - Silk Screen - Art"},"image":{"@id":"https:\/\/ikastikos-kiklos.com\/en\/#\/schema\/logo\/image\/"},"sameAs":["https:\/\/www.facebook.com\/ikastikoskiklossianti\/"]}]}},"_links":{"self":[{"href":"https:\/\/ikastikos-kiklos.com\/en\/wp-json\/wp\/v2\/product\/3448","targetHints":{"allow":["GET"]}}],"collection":[{"href":"https:\/\/ikastikos-kiklos.com\/en\/wp-json\/wp\/v2\/product"}],"about":[{"href":"https:\/\/ikastikos-kiklos.com\/en\/wp-json\/wp\/v2\/types\/product"}],"wp:featuredmedia":[{"embeddable":true,"href":"https:\/\/ikastikos-kiklos.com\/en\/wp-json\/wp\/v2\/media\/12296"}],"wp:attachment":[{"href":"https:\/\/ikastikos-kiklos.com\/en\/wp-json\/wp\/v2\/media?parent=3448"}],"wp:term":[{"taxonomy":"product_brand","embeddable":true,"href":"https:\/\/ikastikos-kiklos.com\/en\/wp-json\/wp\/v2\/product_brand?post=3448"},{"taxonomy":"product_cat","embeddable":true,"href":"https:\/\/ikastikos-kiklos.com\/en\/wp-json\/wp\/v2\/product_cat?post=3448"},{"taxonomy":"product_tag","embeddable":true,"href":"https:\/\/ikastikos-kiklos.com\/en\/wp-json\/wp\/v2\/product_tag?post=3448"}],"curies":[{"name":"wp","href":"https:\/\/api.w.org\/{rel}","templated":true}]}}