{"id":3426,"date":"2016-07-28T13:03:38","date_gmt":"2016-07-28T13:03:38","guid":{"rendered":"http:\/\/ikastikos-kiklos.com\/\u03c0\u03c1\u03bf\u03ca\u03cc\u03bd\/%cf%83%cf%84%ce%b7%ce%bd-%ce%b1%ce%ba%cf%81%ce%bf%ce%b3%ce%b9%ce%b1%ce%bb%ce%b9%ce%ac-2\/?lang=en"},"modified":"2018-05-30T14:59:36","modified_gmt":"2018-05-30T11:59:36","slug":"%cf%83%cf%84%ce%b7%ce%bd-%ce%b1%ce%ba%cf%81%ce%bf%ce%b3%ce%b9%ce%b1%ce%bb%ce%b9%ce%ac-2","status":"publish","type":"product","link":"https:\/\/ikastikos-kiklos.com\/en\/product\/%cf%83%cf%84%ce%b7%ce%bd-%ce%b1%ce%ba%cf%81%ce%bf%ce%b3%ce%b9%ce%b1%ce%bb%ce%b9%ce%ac-2\/","title":{"rendered":"On the beach"},"content":{"rendered":"<p>In his paintings the strong reds, the blues and yellows are his bold choices but always with a main focus on the human form. &#8220;Humans were never missing from my painting but always in relation to an environment. I always believed that we were shaped within a certain geographical area and that is why I never considered Greece a periphery but one more core of art&#8221;. It is characteristic that Demosthenes Kokkinidis deliberately avoided comradeship with art galleries abroad. &#8220;I was never willing to take part in something where it is predetermined what is high and what is not. On the other hand, I never wanted to be a pioneer \u00ac the pioneers for me were exhausted in the first two decades of the century. I created constructions and showed them at a exhibition I did in 1967 at the Zoumboulakis gallery, looking for ways to declare my resistance to dictatorship, but from then on I remained a traditional painter. And that does not bother me. I want to change slowly and have control over what I do. Art after all is not an experiment but the result of it. &#8220;. &#8220;I am not interested in provoking the public. I am against provoking a surprise. I am a fan of the philosophy of the beautiful, despite the fact that the aesthetic rules are now abolished with the unity between what is conceived and what is meant. .. \u00bb.<\/p>\n<p>Source: tovima.gr<\/p>\n","protected":false},"excerpt":{"rendered":"<p>Silkscreen hand numbered and signed by Dimosthenis Kokkinidis. Edition of 200 prints.<\/p>\n<p>&nbsp;<\/p>\n","protected":false},"featured_media":13088,"template":"","meta":{"ngg_post_thumbnail":0},"product_brand":[],"product_cat":[398,1987,396,1991],"product_tag":[3138,2696,2475,2224,2491,2483,2288],"class_list":{"0":"post-3426","1":"product","2":"type-product","3":"status-publish","4":"has-post-thumbnail","6":"product_cat-collections","7":"product_cat-eshop-en","8":"product_cat-silkscreens","9":"product_cat-silkscreens-shop","10":"product_tag-dimosthenis-kokkinidis","11":"product_tag-in-the-beach","12":"product_tag-sea","13":"product_tag-silkscreen-en","14":"product_tag-wedding-gifts","15":"product_tag-women","16":"product_tag--en","17":"product_shipping_class-0-2kg","19":"first","20":"instock","21":"taxable","22":"shipping-taxable","23":"purchasable","24":"product-type-simple"},"yoast_head":"<!-- This site is optimized with the Yoast SEO plugin v27.2 - https:\/\/yoast.com\/product\/yoast-seo-wordpress\/ -->\n<title>On the Beach Silkscreen by Dimosthenis Kokkinidis at Ikastikos Kiklos Sianti Gallery.<\/title>\n<meta name=\"description\" content=\"On the Beach Silkscreen by Dimosthenis Kokkinidis at Ikastikos Kiklos Sianti Gallery. 200 copies numbered and signed by the artist. Dimensions 25x25 cm\" \/>\n<meta name=\"robots\" content=\"index, follow, max-snippet:-1, max-image-preview:large, max-video-preview:-1\" \/>\n<link rel=\"canonical\" href=\"https:\/\/ikastikos-kiklos.com\/en\/product\/\u03c3\u03c4\u03b7\u03bd-\u03b1\u03ba\u03c1\u03bf\u03b3\u03b9\u03b1\u03bb\u03b9\u03ac-2\/\" \/>\n<meta property=\"og:locale\" content=\"en_US\" \/>\n<meta property=\"og:type\" content=\"article\" \/>\n<meta property=\"og:title\" content=\"On the Beach Silkscreen by Dimosthenis Kokkinidis at Ikastikos Kiklos Sianti Gallery.\" \/>\n<meta property=\"og:description\" content=\"On the Beach Silkscreen by Dimosthenis Kokkinidis at Ikastikos Kiklos Sianti Gallery. 200 copies numbered and signed by the artist. Dimensions 25x25 cm\" \/>\n<meta property=\"og:url\" content=\"https:\/\/ikastikos-kiklos.com\/en\/product\/\u03c3\u03c4\u03b7\u03bd-\u03b1\u03ba\u03c1\u03bf\u03b3\u03b9\u03b1\u03bb\u03b9\u03ac-2\/\" \/>\n<meta property=\"og:site_name\" content=\"Ikastikos Kiklos - Zografik\u00ed - Metaxotyp\u00edes - T\u00e9chniPainting - Silk Screen - Art\" \/>\n<meta property=\"article:publisher\" content=\"https:\/\/www.facebook.com\/ikastikoskiklossianti\/\" \/>\n<meta property=\"article:modified_time\" content=\"2018-05-30T11:59:36+00:00\" \/>\n<meta property=\"og:image\" content=\"https:\/\/ikastikos-kiklos.com\/wp-content\/uploads\/2016\/07\/Job_4174.jpg\" \/>\n\t<meta property=\"og:image:width\" content=\"900\" \/>\n\t<meta property=\"og:image:height\" content=\"918\" \/>\n\t<meta property=\"og:image:type\" content=\"image\/jpeg\" \/>\n<meta name=\"twitter:card\" content=\"summary_large_image\" \/>\n<meta name=\"twitter:label1\" content=\"Est. reading time\" \/>\n\t<meta name=\"twitter:data1\" content=\"1 minute\" \/>\n<script type=\"application\/ld+json\" class=\"yoast-schema-graph\">{\"@context\":\"https:\/\/schema.org\",\"@graph\":[{\"@type\":\"WebPage\",\"@id\":\"https:\/\/ikastikos-kiklos.com\/en\/product\/%cf%83%cf%84%ce%b7%ce%bd-%ce%b1%ce%ba%cf%81%ce%bf%ce%b3%ce%b9%ce%b1%ce%bb%ce%b9%ce%ac-2\/\",\"url\":\"https:\/\/ikastikos-kiklos.com\/en\/product\/%cf%83%cf%84%ce%b7%ce%bd-%ce%b1%ce%ba%cf%81%ce%bf%ce%b3%ce%b9%ce%b1%ce%bb%ce%b9%ce%ac-2\/\",\"name\":\"On the Beach Silkscreen by Dimosthenis Kokkinidis at Ikastikos Kiklos Sianti Gallery.\",\"isPartOf\":{\"@id\":\"https:\/\/ikastikos-kiklos.com\/en\/#website\"},\"primaryImageOfPage\":{\"@id\":\"https:\/\/ikastikos-kiklos.com\/en\/product\/%cf%83%cf%84%ce%b7%ce%bd-%ce%b1%ce%ba%cf%81%ce%bf%ce%b3%ce%b9%ce%b1%ce%bb%ce%b9%ce%ac-2\/#primaryimage\"},\"image\":{\"@id\":\"https:\/\/ikastikos-kiklos.com\/en\/product\/%cf%83%cf%84%ce%b7%ce%bd-%ce%b1%ce%ba%cf%81%ce%bf%ce%b3%ce%b9%ce%b1%ce%bb%ce%b9%ce%ac-2\/#primaryimage\"},\"thumbnailUrl\":\"https:\/\/ikastikos-kiklos.com\/wp-content\/uploads\/2016\/07\/Job_4174.jpg\",\"datePublished\":\"2016-07-28T13:03:38+00:00\",\"dateModified\":\"2018-05-30T11:59:36+00:00\",\"description\":\"On the Beach Silkscreen by Dimosthenis Kokkinidis at Ikastikos Kiklos Sianti Gallery. 200 copies numbered and signed by the artist. Dimensions 25x25 cm\",\"breadcrumb\":{\"@id\":\"https:\/\/ikastikos-kiklos.com\/en\/product\/%cf%83%cf%84%ce%b7%ce%bd-%ce%b1%ce%ba%cf%81%ce%bf%ce%b3%ce%b9%ce%b1%ce%bb%ce%b9%ce%ac-2\/#breadcrumb\"},\"inLanguage\":\"en-US\",\"potentialAction\":[{\"@type\":\"ReadAction\",\"target\":[\"https:\/\/ikastikos-kiklos.com\/en\/product\/%cf%83%cf%84%ce%b7%ce%bd-%ce%b1%ce%ba%cf%81%ce%bf%ce%b3%ce%b9%ce%b1%ce%bb%ce%b9%ce%ac-2\/\"]}]},{\"@type\":\"ImageObject\",\"inLanguage\":\"en-US\",\"@id\":\"https:\/\/ikastikos-kiklos.com\/en\/product\/%cf%83%cf%84%ce%b7%ce%bd-%ce%b1%ce%ba%cf%81%ce%bf%ce%b3%ce%b9%ce%b1%ce%bb%ce%b9%ce%ac-2\/#primaryimage\",\"url\":\"https:\/\/ikastikos-kiklos.com\/wp-content\/uploads\/2016\/07\/Job_4174.jpg\",\"contentUrl\":\"https:\/\/ikastikos-kiklos.com\/wp-content\/uploads\/2016\/07\/Job_4174.jpg\",\"width\":900,\"height\":918,\"caption\":\"\u03a3\u03c4\u03b7\u03bd \u0391\u03ba\u03c1\u03bf\u03b3\u03b9\u03b1\u03bb\u03b9\u03ac \u039c\u03b5\u03c4\u03b1\u03be\u03bf\u03c4\u03c5\u03c0\u03af\u03b1 \u03c4\u03bf\u03c5 \u0394\u03b7\u03bc\u03bf\u03c3\u03b8\u03ad\u03bd\u03b7 \u039a\u03bf\u03ba\u03ba\u03b9\u03bd\u03af\u03b4\u03b7 \u03c3\u03c4\u03bf\u03bd \u0395\u03b9\u03ba\u03b1\u03c3\u03c4\u03b9\u03ba\u03cc \u039a\u03cd\u03ba\u03bb\u03bf Sianti\"},{\"@type\":\"BreadcrumbList\",\"@id\":\"https:\/\/ikastikos-kiklos.com\/en\/product\/%cf%83%cf%84%ce%b7%ce%bd-%ce%b1%ce%ba%cf%81%ce%bf%ce%b3%ce%b9%ce%b1%ce%bb%ce%b9%ce%ac-2\/#breadcrumb\",\"itemListElement\":[{\"@type\":\"ListItem\",\"position\":1,\"name\":\"Home\",\"item\":\"https:\/\/ikastikos-kiklos.com\/en\/\"},{\"@type\":\"ListItem\",\"position\":2,\"name\":\"\u0388\u03c1\u03b3\u03b1 \u03c4\u03ad\u03c7\u03bd\u03b7\u03c2\",\"item\":\"https:\/\/ikastikos-kiklos.com\/%ce%ad%cf%81%ce%b3%ce%b1-%cf%84%ce%ad%cf%87%ce%bd%ce%b7%cf%82\/\"},{\"@type\":\"ListItem\",\"position\":3,\"name\":\"On the beach\"}]},{\"@type\":\"WebSite\",\"@id\":\"https:\/\/ikastikos-kiklos.com\/en\/#website\",\"url\":\"https:\/\/ikastikos-kiklos.com\/en\/\",\"name\":\"Ikastikos Kiklos - Zografik\u00ed - Metaxotyp\u00edes - T\u00e9chniPainting - Silk Screen - Art\",\"description\":\"\",\"publisher\":{\"@id\":\"https:\/\/ikastikos-kiklos.com\/en\/#organization\"},\"potentialAction\":[{\"@type\":\"SearchAction\",\"target\":{\"@type\":\"EntryPoint\",\"urlTemplate\":\"https:\/\/ikastikos-kiklos.com\/en\/?s={search_term_string}\"},\"query-input\":{\"@type\":\"PropertyValueSpecification\",\"valueRequired\":true,\"valueName\":\"search_term_string\"}}],\"inLanguage\":\"en-US\"},{\"@type\":\"Organization\",\"@id\":\"https:\/\/ikastikos-kiklos.com\/en\/#organization\",\"name\":\"Ikastikos Kiklos - Zografik\u00ed - Metaxotyp\u00edes - T\u00e9chniPainting - Silk Screen - Art\",\"url\":\"https:\/\/ikastikos-kiklos.com\/en\/\",\"logo\":{\"@type\":\"ImageObject\",\"inLanguage\":\"en-US\",\"@id\":\"https:\/\/ikastikos-kiklos.com\/en\/#\/schema\/logo\/image\/\",\"url\":\"https:\/\/ikastikos-kiklos.com\/wp-content\/uploads\/2022\/10\/cropped-favicon_ikastikos.png\",\"contentUrl\":\"https:\/\/ikastikos-kiklos.com\/wp-content\/uploads\/2022\/10\/cropped-favicon_ikastikos.png\",\"width\":512,\"height\":512,\"caption\":\"Ikastikos Kiklos - Zografik\u00ed - Metaxotyp\u00edes - T\u00e9chniPainting - Silk Screen - Art\"},\"image\":{\"@id\":\"https:\/\/ikastikos-kiklos.com\/en\/#\/schema\/logo\/image\/\"},\"sameAs\":[\"https:\/\/www.facebook.com\/ikastikoskiklossianti\/\"]}]}<\/script>\n<!-- \/ Yoast SEO plugin. -->","yoast_head_json":{"title":"On the Beach Silkscreen by Dimosthenis Kokkinidis at Ikastikos Kiklos Sianti Gallery.","description":"On the Beach Silkscreen by Dimosthenis Kokkinidis at Ikastikos Kiklos Sianti Gallery. 200 copies numbered and signed by the artist. Dimensions 25x25 cm","robots":{"index":"index","follow":"follow","max-snippet":"max-snippet:-1","max-image-preview":"max-image-preview:large","max-video-preview":"max-video-preview:-1"},"canonical":"https:\/\/ikastikos-kiklos.com\/en\/product\/\u03c3\u03c4\u03b7\u03bd-\u03b1\u03ba\u03c1\u03bf\u03b3\u03b9\u03b1\u03bb\u03b9\u03ac-2\/","og_locale":"en_US","og_type":"article","og_title":"On the Beach Silkscreen by Dimosthenis Kokkinidis at Ikastikos Kiklos Sianti Gallery.","og_description":"On the Beach Silkscreen by Dimosthenis Kokkinidis at Ikastikos Kiklos Sianti Gallery. 200 copies numbered and signed by the artist. Dimensions 25x25 cm","og_url":"https:\/\/ikastikos-kiklos.com\/en\/product\/\u03c3\u03c4\u03b7\u03bd-\u03b1\u03ba\u03c1\u03bf\u03b3\u03b9\u03b1\u03bb\u03b9\u03ac-2\/","og_site_name":"Ikastikos Kiklos - Zografik\u00ed - Metaxotyp\u00edes - T\u00e9chniPainting - Silk Screen - Art","article_publisher":"https:\/\/www.facebook.com\/ikastikoskiklossianti\/","article_modified_time":"2018-05-30T11:59:36+00:00","og_image":[{"width":900,"height":918,"url":"https:\/\/ikastikos-kiklos.com\/wp-content\/uploads\/2016\/07\/Job_4174.jpg","type":"image\/jpeg"}],"twitter_card":"summary_large_image","twitter_misc":{"Est. reading time":"1 minute"},"schema":{"@context":"https:\/\/schema.org","@graph":[{"@type":"WebPage","@id":"https:\/\/ikastikos-kiklos.com\/en\/product\/%cf%83%cf%84%ce%b7%ce%bd-%ce%b1%ce%ba%cf%81%ce%bf%ce%b3%ce%b9%ce%b1%ce%bb%ce%b9%ce%ac-2\/","url":"https:\/\/ikastikos-kiklos.com\/en\/product\/%cf%83%cf%84%ce%b7%ce%bd-%ce%b1%ce%ba%cf%81%ce%bf%ce%b3%ce%b9%ce%b1%ce%bb%ce%b9%ce%ac-2\/","name":"On the Beach Silkscreen by Dimosthenis Kokkinidis at Ikastikos Kiklos Sianti Gallery.","isPartOf":{"@id":"https:\/\/ikastikos-kiklos.com\/en\/#website"},"primaryImageOfPage":{"@id":"https:\/\/ikastikos-kiklos.com\/en\/product\/%cf%83%cf%84%ce%b7%ce%bd-%ce%b1%ce%ba%cf%81%ce%bf%ce%b3%ce%b9%ce%b1%ce%bb%ce%b9%ce%ac-2\/#primaryimage"},"image":{"@id":"https:\/\/ikastikos-kiklos.com\/en\/product\/%cf%83%cf%84%ce%b7%ce%bd-%ce%b1%ce%ba%cf%81%ce%bf%ce%b3%ce%b9%ce%b1%ce%bb%ce%b9%ce%ac-2\/#primaryimage"},"thumbnailUrl":"https:\/\/ikastikos-kiklos.com\/wp-content\/uploads\/2016\/07\/Job_4174.jpg","datePublished":"2016-07-28T13:03:38+00:00","dateModified":"2018-05-30T11:59:36+00:00","description":"On the Beach Silkscreen by Dimosthenis Kokkinidis at Ikastikos Kiklos Sianti Gallery. 200 copies numbered and signed by the artist. Dimensions 25x25 cm","breadcrumb":{"@id":"https:\/\/ikastikos-kiklos.com\/en\/product\/%cf%83%cf%84%ce%b7%ce%bd-%ce%b1%ce%ba%cf%81%ce%bf%ce%b3%ce%b9%ce%b1%ce%bb%ce%b9%ce%ac-2\/#breadcrumb"},"inLanguage":"en-US","potentialAction":[{"@type":"ReadAction","target":["https:\/\/ikastikos-kiklos.com\/en\/product\/%cf%83%cf%84%ce%b7%ce%bd-%ce%b1%ce%ba%cf%81%ce%bf%ce%b3%ce%b9%ce%b1%ce%bb%ce%b9%ce%ac-2\/"]}]},{"@type":"ImageObject","inLanguage":"en-US","@id":"https:\/\/ikastikos-kiklos.com\/en\/product\/%cf%83%cf%84%ce%b7%ce%bd-%ce%b1%ce%ba%cf%81%ce%bf%ce%b3%ce%b9%ce%b1%ce%bb%ce%b9%ce%ac-2\/#primaryimage","url":"https:\/\/ikastikos-kiklos.com\/wp-content\/uploads\/2016\/07\/Job_4174.jpg","contentUrl":"https:\/\/ikastikos-kiklos.com\/wp-content\/uploads\/2016\/07\/Job_4174.jpg","width":900,"height":918,"caption":"\u03a3\u03c4\u03b7\u03bd \u0391\u03ba\u03c1\u03bf\u03b3\u03b9\u03b1\u03bb\u03b9\u03ac \u039c\u03b5\u03c4\u03b1\u03be\u03bf\u03c4\u03c5\u03c0\u03af\u03b1 \u03c4\u03bf\u03c5 \u0394\u03b7\u03bc\u03bf\u03c3\u03b8\u03ad\u03bd\u03b7 \u039a\u03bf\u03ba\u03ba\u03b9\u03bd\u03af\u03b4\u03b7 \u03c3\u03c4\u03bf\u03bd \u0395\u03b9\u03ba\u03b1\u03c3\u03c4\u03b9\u03ba\u03cc \u039a\u03cd\u03ba\u03bb\u03bf Sianti"},{"@type":"BreadcrumbList","@id":"https:\/\/ikastikos-kiklos.com\/en\/product\/%cf%83%cf%84%ce%b7%ce%bd-%ce%b1%ce%ba%cf%81%ce%bf%ce%b3%ce%b9%ce%b1%ce%bb%ce%b9%ce%ac-2\/#breadcrumb","itemListElement":[{"@type":"ListItem","position":1,"name":"Home","item":"https:\/\/ikastikos-kiklos.com\/en\/"},{"@type":"ListItem","position":2,"name":"\u0388\u03c1\u03b3\u03b1 \u03c4\u03ad\u03c7\u03bd\u03b7\u03c2","item":"https:\/\/ikastikos-kiklos.com\/%ce%ad%cf%81%ce%b3%ce%b1-%cf%84%ce%ad%cf%87%ce%bd%ce%b7%cf%82\/"},{"@type":"ListItem","position":3,"name":"On the beach"}]},{"@type":"WebSite","@id":"https:\/\/ikastikos-kiklos.com\/en\/#website","url":"https:\/\/ikastikos-kiklos.com\/en\/","name":"Ikastikos Kiklos - Zografik\u00ed - Metaxotyp\u00edes - T\u00e9chniPainting - Silk Screen - Art","description":"","publisher":{"@id":"https:\/\/ikastikos-kiklos.com\/en\/#organization"},"potentialAction":[{"@type":"SearchAction","target":{"@type":"EntryPoint","urlTemplate":"https:\/\/ikastikos-kiklos.com\/en\/?s={search_term_string}"},"query-input":{"@type":"PropertyValueSpecification","valueRequired":true,"valueName":"search_term_string"}}],"inLanguage":"en-US"},{"@type":"Organization","@id":"https:\/\/ikastikos-kiklos.com\/en\/#organization","name":"Ikastikos Kiklos - Zografik\u00ed - Metaxotyp\u00edes - T\u00e9chniPainting - Silk Screen - Art","url":"https:\/\/ikastikos-kiklos.com\/en\/","logo":{"@type":"ImageObject","inLanguage":"en-US","@id":"https:\/\/ikastikos-kiklos.com\/en\/#\/schema\/logo\/image\/","url":"https:\/\/ikastikos-kiklos.com\/wp-content\/uploads\/2022\/10\/cropped-favicon_ikastikos.png","contentUrl":"https:\/\/ikastikos-kiklos.com\/wp-content\/uploads\/2022\/10\/cropped-favicon_ikastikos.png","width":512,"height":512,"caption":"Ikastikos Kiklos - Zografik\u00ed - Metaxotyp\u00edes - T\u00e9chniPainting - Silk Screen - Art"},"image":{"@id":"https:\/\/ikastikos-kiklos.com\/en\/#\/schema\/logo\/image\/"},"sameAs":["https:\/\/www.facebook.com\/ikastikoskiklossianti\/"]}]}},"_links":{"self":[{"href":"https:\/\/ikastikos-kiklos.com\/en\/wp-json\/wp\/v2\/product\/3426","targetHints":{"allow":["GET"]}}],"collection":[{"href":"https:\/\/ikastikos-kiklos.com\/en\/wp-json\/wp\/v2\/product"}],"about":[{"href":"https:\/\/ikastikos-kiklos.com\/en\/wp-json\/wp\/v2\/types\/product"}],"wp:featuredmedia":[{"embeddable":true,"href":"https:\/\/ikastikos-kiklos.com\/en\/wp-json\/wp\/v2\/media\/13088"}],"wp:attachment":[{"href":"https:\/\/ikastikos-kiklos.com\/en\/wp-json\/wp\/v2\/media?parent=3426"}],"wp:term":[{"taxonomy":"product_brand","embeddable":true,"href":"https:\/\/ikastikos-kiklos.com\/en\/wp-json\/wp\/v2\/product_brand?post=3426"},{"taxonomy":"product_cat","embeddable":true,"href":"https:\/\/ikastikos-kiklos.com\/en\/wp-json\/wp\/v2\/product_cat?post=3426"},{"taxonomy":"product_tag","embeddable":true,"href":"https:\/\/ikastikos-kiklos.com\/en\/wp-json\/wp\/v2\/product_tag?post=3426"}],"curies":[{"name":"wp","href":"https:\/\/api.w.org\/{rel}","templated":true}]}}