{"id":3424,"date":"2016-07-28T12:57:06","date_gmt":"2016-07-28T12:57:06","guid":{"rendered":"http:\/\/ikastikos-kiklos.com\/\u03c0\u03c1\u03bf\u03ca\u03cc\u03bd\/%ce%b7-%cf%80%cf%84%cf%8e%cf%83%ce%b7-%cf%84%ce%bf%cf%85-%ce%b9%ce%ba%ce%ac%cf%81%ce%bf%cf%85\/?lang=en"},"modified":"2018-05-30T15:19:20","modified_gmt":"2018-05-30T12:19:20","slug":"%ce%b7-%cf%80%cf%84%cf%8e%cf%83%ce%b7-%cf%84%ce%bf%cf%85-%ce%b9%ce%ba%ce%ac%cf%81%ce%bf%cf%85","status":"publish","type":"product","link":"https:\/\/ikastikos-kiklos.com\/en\/product\/%ce%b7-%cf%80%cf%84%cf%8e%cf%83%ce%b7-%cf%84%ce%bf%cf%85-%ce%b9%ce%ba%ce%ac%cf%81%ce%bf%cf%85\/","title":{"rendered":"The fall of Icarus"},"content":{"rendered":"<p>The modern world of art is a spectacle world. For thousands of years, man has been able to intervene with matter. This skill is something you can\u2019t find anymore. A clever idea with a poor realization, is not enough for me. For example, is art a shark in formol? A headless diamond? A horse hung from the roof? Why are you called an artist by cutting ice in Antarctica with a laser? Why are you a creator if you shock and you are terrible? The world of art no longer works for its grandeur but for its marketing, as Gombrich has said. Art historians, critics and journalists are working to promote only the new, without evaluation. Art began to tumble in the 1960s, when Warhol clearly stated that he was only interested in money. Of course, Duchamp was the one who started this destruction.<\/p>\n<p>Source: kathimerini.gr<\/p>\n","protected":false},"excerpt":{"rendered":"<p>Silkscreen hand numbered and signed by Dimosthenis Kokkinidis. Edition of 195 prints.<\/p>\n","protected":false},"featured_media":40818,"template":"","meta":{"ngg_post_thumbnail":0},"product_brand":[],"product_cat":[398,1987,396,1991],"product_tag":[3138,2224,2388,2491],"class_list":{"0":"post-3424","1":"product","2":"type-product","3":"status-publish","4":"has-post-thumbnail","6":"product_cat-collections","7":"product_cat-eshop-en","8":"product_cat-silkscreens","9":"product_cat-silkscreens-shop","10":"product_tag-dimosthenis-kokkinidis","11":"product_tag-silkscreen-en","12":"product_tag-the-fall-of-icarus","13":"product_tag-wedding-gifts","14":"product_shipping_class-0-2kg","16":"first","17":"instock","18":"taxable","19":"shipping-taxable","20":"purchasable","21":"product-type-simple"},"yoast_head":"<!-- This site is optimized with the Yoast SEO plugin v27.2 - https:\/\/yoast.com\/product\/yoast-seo-wordpress\/ -->\n<title>The Fall of Icarus Silkscreen by Dimosthenis Kokkinidis at Ikastikos Kiklos Sianti Gallery.<\/title>\n<meta name=\"description\" content=\"The Fall of Icarus Silkscreen by Dimosthenis Kokkinidis at Ikastikos Kiklos Sianti Gallery. 195 copies numbered and signed by the artist. Dimensions 46x56cm\" \/>\n<meta name=\"robots\" content=\"index, follow, max-snippet:-1, max-image-preview:large, max-video-preview:-1\" \/>\n<link rel=\"canonical\" href=\"https:\/\/ikastikos-kiklos.com\/en\/product\/\u03b7-\u03c0\u03c4\u03ce\u03c3\u03b7-\u03c4\u03bf\u03c5-\u03b9\u03ba\u03ac\u03c1\u03bf\u03c5\/\" \/>\n<meta property=\"og:locale\" content=\"en_US\" \/>\n<meta property=\"og:type\" content=\"article\" \/>\n<meta property=\"og:title\" content=\"The Fall of Icarus Silkscreen by Dimosthenis Kokkinidis at Ikastikos Kiklos Sianti Gallery.\" \/>\n<meta property=\"og:description\" content=\"The Fall of Icarus Silkscreen by Dimosthenis Kokkinidis at Ikastikos Kiklos Sianti Gallery. 195 copies numbered and signed by the artist. Dimensions 46x56cm\" \/>\n<meta property=\"og:url\" content=\"https:\/\/ikastikos-kiklos.com\/en\/product\/\u03b7-\u03c0\u03c4\u03ce\u03c3\u03b7-\u03c4\u03bf\u03c5-\u03b9\u03ba\u03ac\u03c1\u03bf\u03c5\/\" \/>\n<meta property=\"og:site_name\" content=\"Ikastikos Kiklos - Zografik\u00ed - Metaxotyp\u00edes - T\u00e9chniPainting - Silk Screen - Art\" \/>\n<meta property=\"article:publisher\" content=\"https:\/\/www.facebook.com\/ikastikoskiklossianti\/\" \/>\n<meta property=\"article:modified_time\" content=\"2018-05-30T12:19:20+00:00\" \/>\n<meta property=\"og:image\" content=\"https:\/\/ikastikos-kiklos.com\/wp-content\/uploads\/2016\/07\/kokkinidis-863-p42.jpg\" \/>\n\t<meta property=\"og:image:width\" content=\"241\" \/>\n\t<meta property=\"og:image:height\" content=\"297\" \/>\n\t<meta property=\"og:image:type\" content=\"image\/jpeg\" \/>\n<meta name=\"twitter:card\" content=\"summary_large_image\" \/>\n<meta name=\"twitter:label1\" content=\"Est. reading time\" \/>\n\t<meta name=\"twitter:data1\" content=\"1 minute\" \/>\n<script type=\"application\/ld+json\" class=\"yoast-schema-graph\">{\"@context\":\"https:\/\/schema.org\",\"@graph\":[{\"@type\":\"WebPage\",\"@id\":\"https:\/\/ikastikos-kiklos.com\/en\/product\/%ce%b7-%cf%80%cf%84%cf%8e%cf%83%ce%b7-%cf%84%ce%bf%cf%85-%ce%b9%ce%ba%ce%ac%cf%81%ce%bf%cf%85\/\",\"url\":\"https:\/\/ikastikos-kiklos.com\/en\/product\/%ce%b7-%cf%80%cf%84%cf%8e%cf%83%ce%b7-%cf%84%ce%bf%cf%85-%ce%b9%ce%ba%ce%ac%cf%81%ce%bf%cf%85\/\",\"name\":\"The Fall of Icarus Silkscreen by Dimosthenis Kokkinidis at Ikastikos Kiklos Sianti Gallery.\",\"isPartOf\":{\"@id\":\"https:\/\/ikastikos-kiklos.com\/en\/#website\"},\"primaryImageOfPage\":{\"@id\":\"https:\/\/ikastikos-kiklos.com\/en\/product\/%ce%b7-%cf%80%cf%84%cf%8e%cf%83%ce%b7-%cf%84%ce%bf%cf%85-%ce%b9%ce%ba%ce%ac%cf%81%ce%bf%cf%85\/#primaryimage\"},\"image\":{\"@id\":\"https:\/\/ikastikos-kiklos.com\/en\/product\/%ce%b7-%cf%80%cf%84%cf%8e%cf%83%ce%b7-%cf%84%ce%bf%cf%85-%ce%b9%ce%ba%ce%ac%cf%81%ce%bf%cf%85\/#primaryimage\"},\"thumbnailUrl\":\"https:\/\/ikastikos-kiklos.com\/wp-content\/uploads\/2016\/07\/\u03b7-\u03c0\u03c4\u03ce\u03c3\u03b7-\u03c4\u03bf\u03c5-\u03af\u03ba\u03b1\u03c1\u03bf\u03c5-\u03ba\u03bf\u03ba\u03ba\u03b9\u03bd\u03af\u03b4\u03b7\u03c2-\u03b4\u03b7\u03bc\u03bf\u03c3\u03b8\u03ad\u03bd\u03b7\u03c2.jpg\",\"datePublished\":\"2016-07-28T12:57:06+00:00\",\"dateModified\":\"2018-05-30T12:19:20+00:00\",\"description\":\"The Fall of Icarus Silkscreen by Dimosthenis Kokkinidis at Ikastikos Kiklos Sianti Gallery. 195 copies numbered and signed by the artist. Dimensions 46x56cm\",\"breadcrumb\":{\"@id\":\"https:\/\/ikastikos-kiklos.com\/en\/product\/%ce%b7-%cf%80%cf%84%cf%8e%cf%83%ce%b7-%cf%84%ce%bf%cf%85-%ce%b9%ce%ba%ce%ac%cf%81%ce%bf%cf%85\/#breadcrumb\"},\"inLanguage\":\"en-US\",\"potentialAction\":[{\"@type\":\"ReadAction\",\"target\":[\"https:\/\/ikastikos-kiklos.com\/en\/product\/%ce%b7-%cf%80%cf%84%cf%8e%cf%83%ce%b7-%cf%84%ce%bf%cf%85-%ce%b9%ce%ba%ce%ac%cf%81%ce%bf%cf%85\/\"]}]},{\"@type\":\"ImageObject\",\"inLanguage\":\"en-US\",\"@id\":\"https:\/\/ikastikos-kiklos.com\/en\/product\/%ce%b7-%cf%80%cf%84%cf%8e%cf%83%ce%b7-%cf%84%ce%bf%cf%85-%ce%b9%ce%ba%ce%ac%cf%81%ce%bf%cf%85\/#primaryimage\",\"url\":\"https:\/\/ikastikos-kiklos.com\/wp-content\/uploads\/2016\/07\/\u03b7-\u03c0\u03c4\u03ce\u03c3\u03b7-\u03c4\u03bf\u03c5-\u03af\u03ba\u03b1\u03c1\u03bf\u03c5-\u03ba\u03bf\u03ba\u03ba\u03b9\u03bd\u03af\u03b4\u03b7\u03c2-\u03b4\u03b7\u03bc\u03bf\u03c3\u03b8\u03ad\u03bd\u03b7\u03c2.jpg\",\"contentUrl\":\"https:\/\/ikastikos-kiklos.com\/wp-content\/uploads\/2016\/07\/\u03b7-\u03c0\u03c4\u03ce\u03c3\u03b7-\u03c4\u03bf\u03c5-\u03af\u03ba\u03b1\u03c1\u03bf\u03c5-\u03ba\u03bf\u03ba\u03ba\u03b9\u03bd\u03af\u03b4\u03b7\u03c2-\u03b4\u03b7\u03bc\u03bf\u03c3\u03b8\u03ad\u03bd\u03b7\u03c2.jpg\",\"width\":1500,\"height\":1936,\"caption\":\"\u03b7-\u03c0\u03c4\u03ce\u03c3\u03b7-\u03c4\u03bf\u03c5-\u03af\u03ba\u03b1\u03c1\u03bf\u03c5-\u03ba\u03bf\u03ba\u03ba\u03b9\u03bd\u03af\u03b4\u03b7\u03c2-\u03b4\u03b7\u03bc\u03bf\u03c3\u03b8\u03ad\u03bd\u03b7\u03c2\"},{\"@type\":\"BreadcrumbList\",\"@id\":\"https:\/\/ikastikos-kiklos.com\/en\/product\/%ce%b7-%cf%80%cf%84%cf%8e%cf%83%ce%b7-%cf%84%ce%bf%cf%85-%ce%b9%ce%ba%ce%ac%cf%81%ce%bf%cf%85\/#breadcrumb\",\"itemListElement\":[{\"@type\":\"ListItem\",\"position\":1,\"name\":\"Home\",\"item\":\"https:\/\/ikastikos-kiklos.com\/en\/\"},{\"@type\":\"ListItem\",\"position\":2,\"name\":\"\u0388\u03c1\u03b3\u03b1 \u03c4\u03ad\u03c7\u03bd\u03b7\u03c2\",\"item\":\"https:\/\/ikastikos-kiklos.com\/%ce%ad%cf%81%ce%b3%ce%b1-%cf%84%ce%ad%cf%87%ce%bd%ce%b7%cf%82\/\"},{\"@type\":\"ListItem\",\"position\":3,\"name\":\"The fall of Icarus\"}]},{\"@type\":\"WebSite\",\"@id\":\"https:\/\/ikastikos-kiklos.com\/en\/#website\",\"url\":\"https:\/\/ikastikos-kiklos.com\/en\/\",\"name\":\"Ikastikos Kiklos - Zografik\u00ed - Metaxotyp\u00edes - T\u00e9chniPainting - Silk Screen - Art\",\"description\":\"\",\"publisher\":{\"@id\":\"https:\/\/ikastikos-kiklos.com\/en\/#organization\"},\"potentialAction\":[{\"@type\":\"SearchAction\",\"target\":{\"@type\":\"EntryPoint\",\"urlTemplate\":\"https:\/\/ikastikos-kiklos.com\/en\/?s={search_term_string}\"},\"query-input\":{\"@type\":\"PropertyValueSpecification\",\"valueRequired\":true,\"valueName\":\"search_term_string\"}}],\"inLanguage\":\"en-US\"},{\"@type\":\"Organization\",\"@id\":\"https:\/\/ikastikos-kiklos.com\/en\/#organization\",\"name\":\"Ikastikos Kiklos - Zografik\u00ed - Metaxotyp\u00edes - T\u00e9chniPainting - Silk Screen - Art\",\"url\":\"https:\/\/ikastikos-kiklos.com\/en\/\",\"logo\":{\"@type\":\"ImageObject\",\"inLanguage\":\"en-US\",\"@id\":\"https:\/\/ikastikos-kiklos.com\/en\/#\/schema\/logo\/image\/\",\"url\":\"https:\/\/ikastikos-kiklos.com\/wp-content\/uploads\/2022\/10\/cropped-favicon_ikastikos.png\",\"contentUrl\":\"https:\/\/ikastikos-kiklos.com\/wp-content\/uploads\/2022\/10\/cropped-favicon_ikastikos.png\",\"width\":512,\"height\":512,\"caption\":\"Ikastikos Kiklos - Zografik\u00ed - Metaxotyp\u00edes - T\u00e9chniPainting - Silk Screen - Art\"},\"image\":{\"@id\":\"https:\/\/ikastikos-kiklos.com\/en\/#\/schema\/logo\/image\/\"},\"sameAs\":[\"https:\/\/www.facebook.com\/ikastikoskiklossianti\/\"]}]}<\/script>\n<!-- \/ Yoast SEO plugin. -->","yoast_head_json":{"title":"The Fall of Icarus Silkscreen by Dimosthenis Kokkinidis at Ikastikos Kiklos Sianti Gallery.","description":"The Fall of Icarus Silkscreen by Dimosthenis Kokkinidis at Ikastikos Kiklos Sianti Gallery. 195 copies numbered and signed by the artist. Dimensions 46x56cm","robots":{"index":"index","follow":"follow","max-snippet":"max-snippet:-1","max-image-preview":"max-image-preview:large","max-video-preview":"max-video-preview:-1"},"canonical":"https:\/\/ikastikos-kiklos.com\/en\/product\/\u03b7-\u03c0\u03c4\u03ce\u03c3\u03b7-\u03c4\u03bf\u03c5-\u03b9\u03ba\u03ac\u03c1\u03bf\u03c5\/","og_locale":"en_US","og_type":"article","og_title":"The Fall of Icarus Silkscreen by Dimosthenis Kokkinidis at Ikastikos Kiklos Sianti Gallery.","og_description":"The Fall of Icarus Silkscreen by Dimosthenis Kokkinidis at Ikastikos Kiklos Sianti Gallery. 195 copies numbered and signed by the artist. Dimensions 46x56cm","og_url":"https:\/\/ikastikos-kiklos.com\/en\/product\/\u03b7-\u03c0\u03c4\u03ce\u03c3\u03b7-\u03c4\u03bf\u03c5-\u03b9\u03ba\u03ac\u03c1\u03bf\u03c5\/","og_site_name":"Ikastikos Kiklos - Zografik\u00ed - Metaxotyp\u00edes - T\u00e9chniPainting - Silk Screen - Art","article_publisher":"https:\/\/www.facebook.com\/ikastikoskiklossianti\/","article_modified_time":"2018-05-30T12:19:20+00:00","og_image":[{"width":241,"height":297,"url":"https:\/\/ikastikos-kiklos.com\/wp-content\/uploads\/2016\/07\/kokkinidis-863-p42.jpg","type":"image\/jpeg"}],"twitter_card":"summary_large_image","twitter_misc":{"Est. reading time":"1 minute"},"schema":{"@context":"https:\/\/schema.org","@graph":[{"@type":"WebPage","@id":"https:\/\/ikastikos-kiklos.com\/en\/product\/%ce%b7-%cf%80%cf%84%cf%8e%cf%83%ce%b7-%cf%84%ce%bf%cf%85-%ce%b9%ce%ba%ce%ac%cf%81%ce%bf%cf%85\/","url":"https:\/\/ikastikos-kiklos.com\/en\/product\/%ce%b7-%cf%80%cf%84%cf%8e%cf%83%ce%b7-%cf%84%ce%bf%cf%85-%ce%b9%ce%ba%ce%ac%cf%81%ce%bf%cf%85\/","name":"The Fall of Icarus Silkscreen by Dimosthenis Kokkinidis at Ikastikos Kiklos Sianti Gallery.","isPartOf":{"@id":"https:\/\/ikastikos-kiklos.com\/en\/#website"},"primaryImageOfPage":{"@id":"https:\/\/ikastikos-kiklos.com\/en\/product\/%ce%b7-%cf%80%cf%84%cf%8e%cf%83%ce%b7-%cf%84%ce%bf%cf%85-%ce%b9%ce%ba%ce%ac%cf%81%ce%bf%cf%85\/#primaryimage"},"image":{"@id":"https:\/\/ikastikos-kiklos.com\/en\/product\/%ce%b7-%cf%80%cf%84%cf%8e%cf%83%ce%b7-%cf%84%ce%bf%cf%85-%ce%b9%ce%ba%ce%ac%cf%81%ce%bf%cf%85\/#primaryimage"},"thumbnailUrl":"https:\/\/ikastikos-kiklos.com\/wp-content\/uploads\/2016\/07\/\u03b7-\u03c0\u03c4\u03ce\u03c3\u03b7-\u03c4\u03bf\u03c5-\u03af\u03ba\u03b1\u03c1\u03bf\u03c5-\u03ba\u03bf\u03ba\u03ba\u03b9\u03bd\u03af\u03b4\u03b7\u03c2-\u03b4\u03b7\u03bc\u03bf\u03c3\u03b8\u03ad\u03bd\u03b7\u03c2.jpg","datePublished":"2016-07-28T12:57:06+00:00","dateModified":"2018-05-30T12:19:20+00:00","description":"The Fall of Icarus Silkscreen by Dimosthenis Kokkinidis at Ikastikos Kiklos Sianti Gallery. 195 copies numbered and signed by the artist. Dimensions 46x56cm","breadcrumb":{"@id":"https:\/\/ikastikos-kiklos.com\/en\/product\/%ce%b7-%cf%80%cf%84%cf%8e%cf%83%ce%b7-%cf%84%ce%bf%cf%85-%ce%b9%ce%ba%ce%ac%cf%81%ce%bf%cf%85\/#breadcrumb"},"inLanguage":"en-US","potentialAction":[{"@type":"ReadAction","target":["https:\/\/ikastikos-kiklos.com\/en\/product\/%ce%b7-%cf%80%cf%84%cf%8e%cf%83%ce%b7-%cf%84%ce%bf%cf%85-%ce%b9%ce%ba%ce%ac%cf%81%ce%bf%cf%85\/"]}]},{"@type":"ImageObject","inLanguage":"en-US","@id":"https:\/\/ikastikos-kiklos.com\/en\/product\/%ce%b7-%cf%80%cf%84%cf%8e%cf%83%ce%b7-%cf%84%ce%bf%cf%85-%ce%b9%ce%ba%ce%ac%cf%81%ce%bf%cf%85\/#primaryimage","url":"https:\/\/ikastikos-kiklos.com\/wp-content\/uploads\/2016\/07\/\u03b7-\u03c0\u03c4\u03ce\u03c3\u03b7-\u03c4\u03bf\u03c5-\u03af\u03ba\u03b1\u03c1\u03bf\u03c5-\u03ba\u03bf\u03ba\u03ba\u03b9\u03bd\u03af\u03b4\u03b7\u03c2-\u03b4\u03b7\u03bc\u03bf\u03c3\u03b8\u03ad\u03bd\u03b7\u03c2.jpg","contentUrl":"https:\/\/ikastikos-kiklos.com\/wp-content\/uploads\/2016\/07\/\u03b7-\u03c0\u03c4\u03ce\u03c3\u03b7-\u03c4\u03bf\u03c5-\u03af\u03ba\u03b1\u03c1\u03bf\u03c5-\u03ba\u03bf\u03ba\u03ba\u03b9\u03bd\u03af\u03b4\u03b7\u03c2-\u03b4\u03b7\u03bc\u03bf\u03c3\u03b8\u03ad\u03bd\u03b7\u03c2.jpg","width":1500,"height":1936,"caption":"\u03b7-\u03c0\u03c4\u03ce\u03c3\u03b7-\u03c4\u03bf\u03c5-\u03af\u03ba\u03b1\u03c1\u03bf\u03c5-\u03ba\u03bf\u03ba\u03ba\u03b9\u03bd\u03af\u03b4\u03b7\u03c2-\u03b4\u03b7\u03bc\u03bf\u03c3\u03b8\u03ad\u03bd\u03b7\u03c2"},{"@type":"BreadcrumbList","@id":"https:\/\/ikastikos-kiklos.com\/en\/product\/%ce%b7-%cf%80%cf%84%cf%8e%cf%83%ce%b7-%cf%84%ce%bf%cf%85-%ce%b9%ce%ba%ce%ac%cf%81%ce%bf%cf%85\/#breadcrumb","itemListElement":[{"@type":"ListItem","position":1,"name":"Home","item":"https:\/\/ikastikos-kiklos.com\/en\/"},{"@type":"ListItem","position":2,"name":"\u0388\u03c1\u03b3\u03b1 \u03c4\u03ad\u03c7\u03bd\u03b7\u03c2","item":"https:\/\/ikastikos-kiklos.com\/%ce%ad%cf%81%ce%b3%ce%b1-%cf%84%ce%ad%cf%87%ce%bd%ce%b7%cf%82\/"},{"@type":"ListItem","position":3,"name":"The fall of Icarus"}]},{"@type":"WebSite","@id":"https:\/\/ikastikos-kiklos.com\/en\/#website","url":"https:\/\/ikastikos-kiklos.com\/en\/","name":"Ikastikos Kiklos - Zografik\u00ed - Metaxotyp\u00edes - T\u00e9chniPainting - Silk Screen - Art","description":"","publisher":{"@id":"https:\/\/ikastikos-kiklos.com\/en\/#organization"},"potentialAction":[{"@type":"SearchAction","target":{"@type":"EntryPoint","urlTemplate":"https:\/\/ikastikos-kiklos.com\/en\/?s={search_term_string}"},"query-input":{"@type":"PropertyValueSpecification","valueRequired":true,"valueName":"search_term_string"}}],"inLanguage":"en-US"},{"@type":"Organization","@id":"https:\/\/ikastikos-kiklos.com\/en\/#organization","name":"Ikastikos Kiklos - Zografik\u00ed - Metaxotyp\u00edes - T\u00e9chniPainting - Silk Screen - Art","url":"https:\/\/ikastikos-kiklos.com\/en\/","logo":{"@type":"ImageObject","inLanguage":"en-US","@id":"https:\/\/ikastikos-kiklos.com\/en\/#\/schema\/logo\/image\/","url":"https:\/\/ikastikos-kiklos.com\/wp-content\/uploads\/2022\/10\/cropped-favicon_ikastikos.png","contentUrl":"https:\/\/ikastikos-kiklos.com\/wp-content\/uploads\/2022\/10\/cropped-favicon_ikastikos.png","width":512,"height":512,"caption":"Ikastikos Kiklos - Zografik\u00ed - Metaxotyp\u00edes - T\u00e9chniPainting - Silk Screen - Art"},"image":{"@id":"https:\/\/ikastikos-kiklos.com\/en\/#\/schema\/logo\/image\/"},"sameAs":["https:\/\/www.facebook.com\/ikastikoskiklossianti\/"]}]}},"_links":{"self":[{"href":"https:\/\/ikastikos-kiklos.com\/en\/wp-json\/wp\/v2\/product\/3424","targetHints":{"allow":["GET"]}}],"collection":[{"href":"https:\/\/ikastikos-kiklos.com\/en\/wp-json\/wp\/v2\/product"}],"about":[{"href":"https:\/\/ikastikos-kiklos.com\/en\/wp-json\/wp\/v2\/types\/product"}],"wp:featuredmedia":[{"embeddable":true,"href":"https:\/\/ikastikos-kiklos.com\/en\/wp-json\/wp\/v2\/media\/40818"}],"wp:attachment":[{"href":"https:\/\/ikastikos-kiklos.com\/en\/wp-json\/wp\/v2\/media?parent=3424"}],"wp:term":[{"taxonomy":"product_brand","embeddable":true,"href":"https:\/\/ikastikos-kiklos.com\/en\/wp-json\/wp\/v2\/product_brand?post=3424"},{"taxonomy":"product_cat","embeddable":true,"href":"https:\/\/ikastikos-kiklos.com\/en\/wp-json\/wp\/v2\/product_cat?post=3424"},{"taxonomy":"product_tag","embeddable":true,"href":"https:\/\/ikastikos-kiklos.com\/en\/wp-json\/wp\/v2\/product_tag?post=3424"}],"curies":[{"name":"wp","href":"https:\/\/api.w.org\/{rel}","templated":true}]}}