{"id":3422,"date":"2016-07-28T15:52:36","date_gmt":"2016-07-28T12:52:36","guid":{"rendered":"http:\/\/ikastikos-kiklos.com\/\u03c0\u03c1\u03bf\u03ca\u03cc\u03bd\/%ce%b7-%ce%b6%cf%89%ce%ae-%ce%bc%ce%bf%cf%85-%cf%8c%ce%bb%ce%b7\/?lang=en"},"modified":"2018-06-04T17:48:26","modified_gmt":"2018-06-04T14:48:26","slug":"%ce%b7-%ce%b6%cf%89%ce%ae-%ce%bc%ce%bf%cf%85-%cf%8c%ce%bb%ce%b7","status":"publish","type":"product","link":"https:\/\/ikastikos-kiklos.com\/en\/product\/%ce%b7-%ce%b6%cf%89%ce%ae-%ce%bc%ce%bf%cf%85-%cf%8c%ce%bb%ce%b7\/","title":{"rendered":"My whole life"},"content":{"rendered":"<p>And his painting captures that look that occurs when the world traps it, when the bodies sacrifice their proportions to the altar of intensity, which finds its shape on the surface of the table. The bodies of women are erased through the deforming mirror of a gaze that touches the surfaces to confess its interiority, like that half-open door at the depth from which little light enters. And that&#8217;s their beauty.<\/p>\n<p>As for the miracle &#8211; because there is no creation without a miracle &#8211; it is now visible to the naked eye: the time is identical with the space, the space of the bodies that remain enclosed, together with their dream that correspond to a time made only by the whole. These faces have neither past nor future. They are made only by the present. The miracle is present.<\/p>\n<p>Source: samiospavlos.gr<\/p>\n","protected":false},"excerpt":{"rendered":"<p>Silkscreen hand numbered and signed by Pavlos Samios. Edition of 199 prints.<\/p>\n<p>&nbsp;<\/p>\n","protected":false},"featured_media":13092,"template":"","meta":{"ngg_post_thumbnail":0},"product_brand":[],"product_cat":[398,1987,396,1991],"product_tag":[2224,2491],"class_list":{"0":"post-3422","1":"product","2":"type-product","3":"status-publish","4":"has-post-thumbnail","6":"product_cat-collections","7":"product_cat-eshop-en","8":"product_cat-silkscreens","9":"product_cat-silkscreens-shop","10":"product_tag-silkscreen-en","11":"product_tag-wedding-gifts","12":"product_shipping_class-0-2kg","14":"first","15":"instock","16":"taxable","17":"shipping-taxable","18":"purchasable","19":"product-type-simple"},"yoast_head":"<!-- This site is optimized with the Yoast SEO plugin v27.4 - https:\/\/yoast.com\/product\/yoast-seo-wordpress\/ -->\n<title>My Whole Life Silkscreen by Pavlos Samios at Ikastikos Kiklos Sianti Gallery.<\/title>\n<meta name=\"description\" content=\"My Whole Life Silkscreen by Pavlos Samios at Ikastikos Kiklos Sianti Gallery. 199 copies numbered and signed by the artist. Dimensions 60 x 60 cm\" \/>\n<meta name=\"robots\" content=\"index, follow, max-snippet:-1, max-image-preview:large, max-video-preview:-1\" \/>\n<link rel=\"canonical\" href=\"https:\/\/ikastikos-kiklos.com\/en\/product\/\u03b7-\u03b6\u03c9\u03ae-\u03bc\u03bf\u03c5-\u03cc\u03bb\u03b7\/\" \/>\n<meta property=\"og:locale\" content=\"en_US\" \/>\n<meta property=\"og:type\" content=\"article\" \/>\n<meta property=\"og:title\" content=\"My Whole Life Silkscreen by Pavlos Samios at Ikastikos Kiklos Sianti Gallery.\" \/>\n<meta property=\"og:description\" content=\"My Whole Life Silkscreen by Pavlos Samios at Ikastikos Kiklos Sianti Gallery. 199 copies numbered and signed by the artist. Dimensions 60 x 60 cm\" \/>\n<meta property=\"og:url\" content=\"https:\/\/ikastikos-kiklos.com\/en\/product\/\u03b7-\u03b6\u03c9\u03ae-\u03bc\u03bf\u03c5-\u03cc\u03bb\u03b7\/\" \/>\n<meta property=\"og:site_name\" content=\"Ikastikos Kiklos - Zografik\u00ed - Metaxotyp\u00edes - T\u00e9chniPainting - Silk Screen - Art\" \/>\n<meta property=\"article:publisher\" content=\"https:\/\/www.facebook.com\/ikastikoskiklossianti\/\" \/>\n<meta property=\"article:modified_time\" content=\"2018-06-04T14:48:26+00:00\" \/>\n<meta property=\"og:image\" content=\"https:\/\/ikastikos-kiklos.com\/wp-content\/uploads\/2016\/07\/samios_1077.jpg\" \/>\n\t<meta property=\"og:image:width\" content=\"440\" \/>\n\t<meta property=\"og:image:height\" content=\"439\" \/>\n\t<meta property=\"og:image:type\" content=\"image\/jpeg\" \/>\n<meta name=\"twitter:card\" content=\"summary_large_image\" \/>\n<meta name=\"twitter:label1\" content=\"Est. reading time\" \/>\n\t<meta name=\"twitter:data1\" content=\"1 minute\" \/>\n<script type=\"application\/ld+json\" class=\"yoast-schema-graph\">{\"@context\":\"https:\\\/\\\/schema.org\",\"@graph\":[{\"@type\":\"WebPage\",\"@id\":\"https:\\\/\\\/ikastikos-kiklos.com\\\/en\\\/product\\\/%ce%b7-%ce%b6%cf%89%ce%ae-%ce%bc%ce%bf%cf%85-%cf%8c%ce%bb%ce%b7\\\/\",\"url\":\"https:\\\/\\\/ikastikos-kiklos.com\\\/en\\\/product\\\/%ce%b7-%ce%b6%cf%89%ce%ae-%ce%bc%ce%bf%cf%85-%cf%8c%ce%bb%ce%b7\\\/\",\"name\":\"My Whole Life Silkscreen by Pavlos Samios at Ikastikos Kiklos Sianti Gallery.\",\"isPartOf\":{\"@id\":\"https:\\\/\\\/ikastikos-kiklos.com\\\/en\\\/#website\"},\"primaryImageOfPage\":{\"@id\":\"https:\\\/\\\/ikastikos-kiklos.com\\\/en\\\/product\\\/%ce%b7-%ce%b6%cf%89%ce%ae-%ce%bc%ce%bf%cf%85-%cf%8c%ce%bb%ce%b7\\\/#primaryimage\"},\"image\":{\"@id\":\"https:\\\/\\\/ikastikos-kiklos.com\\\/en\\\/product\\\/%ce%b7-%ce%b6%cf%89%ce%ae-%ce%bc%ce%bf%cf%85-%cf%8c%ce%bb%ce%b7\\\/#primaryimage\"},\"thumbnailUrl\":\"https:\\\/\\\/ikastikos-kiklos.com\\\/wp-content\\\/uploads\\\/2016\\\/07\\\/samios_1077.jpg\",\"datePublished\":\"2016-07-28T12:52:36+00:00\",\"dateModified\":\"2018-06-04T14:48:26+00:00\",\"description\":\"My Whole Life Silkscreen by Pavlos Samios at Ikastikos Kiklos Sianti Gallery. 199 copies numbered and signed by the artist. Dimensions 60 x 60 cm\",\"breadcrumb\":{\"@id\":\"https:\\\/\\\/ikastikos-kiklos.com\\\/en\\\/product\\\/%ce%b7-%ce%b6%cf%89%ce%ae-%ce%bc%ce%bf%cf%85-%cf%8c%ce%bb%ce%b7\\\/#breadcrumb\"},\"inLanguage\":\"en-US\",\"potentialAction\":[{\"@type\":\"ReadAction\",\"target\":[\"https:\\\/\\\/ikastikos-kiklos.com\\\/en\\\/product\\\/%ce%b7-%ce%b6%cf%89%ce%ae-%ce%bc%ce%bf%cf%85-%cf%8c%ce%bb%ce%b7\\\/\"]}]},{\"@type\":\"ImageObject\",\"inLanguage\":\"en-US\",\"@id\":\"https:\\\/\\\/ikastikos-kiklos.com\\\/en\\\/product\\\/%ce%b7-%ce%b6%cf%89%ce%ae-%ce%bc%ce%bf%cf%85-%cf%8c%ce%bb%ce%b7\\\/#primaryimage\",\"url\":\"https:\\\/\\\/ikastikos-kiklos.com\\\/wp-content\\\/uploads\\\/2016\\\/07\\\/samios_1077.jpg\",\"contentUrl\":\"https:\\\/\\\/ikastikos-kiklos.com\\\/wp-content\\\/uploads\\\/2016\\\/07\\\/samios_1077.jpg\",\"width\":440,\"height\":439,\"caption\":\"\u0397 \u0396\u03c9\u03ae \u03bc\u03bf\u03c5 \u038c\u03bb\u03b7 \u039c\u03b5\u03c4\u03b1\u03be\u03bf\u03c4\u03c5\u03c0\u03af\u03b1 \u03c4\u03bf\u03c5 \u03a0\u03b1\u03cd\u03bb\u03bf\u03c5 \u03a3\u03ac\u03bc\u03b9\u03bf\u03c5 \u03c3\u03c4\u03bf\u03bd \u0395\u03b9\u03ba\u03b1\u03c3\u03c4\u03b9\u03ba\u03cc \u039a\u03cd\u03ba\u03bb\u03bf Sianti\"},{\"@type\":\"BreadcrumbList\",\"@id\":\"https:\\\/\\\/ikastikos-kiklos.com\\\/en\\\/product\\\/%ce%b7-%ce%b6%cf%89%ce%ae-%ce%bc%ce%bf%cf%85-%cf%8c%ce%bb%ce%b7\\\/#breadcrumb\",\"itemListElement\":[{\"@type\":\"ListItem\",\"position\":1,\"name\":\"Home\",\"item\":\"https:\\\/\\\/ikastikos-kiklos.com\\\/en\\\/\"},{\"@type\":\"ListItem\",\"position\":2,\"name\":\"\u0388\u03c1\u03b3\u03b1 \u03c4\u03ad\u03c7\u03bd\u03b7\u03c2\",\"item\":\"https:\\\/\\\/ikastikos-kiklos.com\\\/%ce%ad%cf%81%ce%b3%ce%b1-%cf%84%ce%ad%cf%87%ce%bd%ce%b7%cf%82\\\/\"},{\"@type\":\"ListItem\",\"position\":3,\"name\":\"My whole life\"}]},{\"@type\":\"WebSite\",\"@id\":\"https:\\\/\\\/ikastikos-kiklos.com\\\/en\\\/#website\",\"url\":\"https:\\\/\\\/ikastikos-kiklos.com\\\/en\\\/\",\"name\":\"Ikastikos Kiklos - Zografik\u00ed - Metaxotyp\u00edes - T\u00e9chniPainting - Silk Screen - Art\",\"description\":\"\",\"publisher\":{\"@id\":\"https:\\\/\\\/ikastikos-kiklos.com\\\/en\\\/#organization\"},\"potentialAction\":[{\"@type\":\"SearchAction\",\"target\":{\"@type\":\"EntryPoint\",\"urlTemplate\":\"https:\\\/\\\/ikastikos-kiklos.com\\\/en\\\/?s={search_term_string}\"},\"query-input\":{\"@type\":\"PropertyValueSpecification\",\"valueRequired\":true,\"valueName\":\"search_term_string\"}}],\"inLanguage\":\"en-US\"},{\"@type\":\"Organization\",\"@id\":\"https:\\\/\\\/ikastikos-kiklos.com\\\/en\\\/#organization\",\"name\":\"Ikastikos Kiklos - Zografik\u00ed - Metaxotyp\u00edes - T\u00e9chniPainting - Silk Screen - Art\",\"url\":\"https:\\\/\\\/ikastikos-kiklos.com\\\/en\\\/\",\"logo\":{\"@type\":\"ImageObject\",\"inLanguage\":\"en-US\",\"@id\":\"https:\\\/\\\/ikastikos-kiklos.com\\\/en\\\/#\\\/schema\\\/logo\\\/image\\\/\",\"url\":\"https:\\\/\\\/ikastikos-kiklos.com\\\/wp-content\\\/uploads\\\/2022\\\/10\\\/cropped-favicon_ikastikos.png\",\"contentUrl\":\"https:\\\/\\\/ikastikos-kiklos.com\\\/wp-content\\\/uploads\\\/2022\\\/10\\\/cropped-favicon_ikastikos.png\",\"width\":512,\"height\":512,\"caption\":\"Ikastikos Kiklos - Zografik\u00ed - Metaxotyp\u00edes - T\u00e9chniPainting - Silk Screen - Art\"},\"image\":{\"@id\":\"https:\\\/\\\/ikastikos-kiklos.com\\\/en\\\/#\\\/schema\\\/logo\\\/image\\\/\"},\"sameAs\":[\"https:\\\/\\\/www.facebook.com\\\/ikastikoskiklossianti\\\/\"]}]}<\/script>\n<!-- \/ Yoast SEO plugin. -->","yoast_head_json":{"title":"My Whole Life Silkscreen by Pavlos Samios at Ikastikos Kiklos Sianti Gallery.","description":"My Whole Life Silkscreen by Pavlos Samios at Ikastikos Kiklos Sianti Gallery. 199 copies numbered and signed by the artist. Dimensions 60 x 60 cm","robots":{"index":"index","follow":"follow","max-snippet":"max-snippet:-1","max-image-preview":"max-image-preview:large","max-video-preview":"max-video-preview:-1"},"canonical":"https:\/\/ikastikos-kiklos.com\/en\/product\/\u03b7-\u03b6\u03c9\u03ae-\u03bc\u03bf\u03c5-\u03cc\u03bb\u03b7\/","og_locale":"en_US","og_type":"article","og_title":"My Whole Life Silkscreen by Pavlos Samios at Ikastikos Kiklos Sianti Gallery.","og_description":"My Whole Life Silkscreen by Pavlos Samios at Ikastikos Kiklos Sianti Gallery. 199 copies numbered and signed by the artist. Dimensions 60 x 60 cm","og_url":"https:\/\/ikastikos-kiklos.com\/en\/product\/\u03b7-\u03b6\u03c9\u03ae-\u03bc\u03bf\u03c5-\u03cc\u03bb\u03b7\/","og_site_name":"Ikastikos Kiklos - Zografik\u00ed - Metaxotyp\u00edes - T\u00e9chniPainting - Silk Screen - Art","article_publisher":"https:\/\/www.facebook.com\/ikastikoskiklossianti\/","article_modified_time":"2018-06-04T14:48:26+00:00","og_image":[{"width":440,"height":439,"url":"https:\/\/ikastikos-kiklos.com\/wp-content\/uploads\/2016\/07\/samios_1077.jpg","type":"image\/jpeg"}],"twitter_card":"summary_large_image","twitter_misc":{"Est. reading time":"1 minute"},"schema":{"@context":"https:\/\/schema.org","@graph":[{"@type":"WebPage","@id":"https:\/\/ikastikos-kiklos.com\/en\/product\/%ce%b7-%ce%b6%cf%89%ce%ae-%ce%bc%ce%bf%cf%85-%cf%8c%ce%bb%ce%b7\/","url":"https:\/\/ikastikos-kiklos.com\/en\/product\/%ce%b7-%ce%b6%cf%89%ce%ae-%ce%bc%ce%bf%cf%85-%cf%8c%ce%bb%ce%b7\/","name":"My Whole Life Silkscreen by Pavlos Samios at Ikastikos Kiklos Sianti Gallery.","isPartOf":{"@id":"https:\/\/ikastikos-kiklos.com\/en\/#website"},"primaryImageOfPage":{"@id":"https:\/\/ikastikos-kiklos.com\/en\/product\/%ce%b7-%ce%b6%cf%89%ce%ae-%ce%bc%ce%bf%cf%85-%cf%8c%ce%bb%ce%b7\/#primaryimage"},"image":{"@id":"https:\/\/ikastikos-kiklos.com\/en\/product\/%ce%b7-%ce%b6%cf%89%ce%ae-%ce%bc%ce%bf%cf%85-%cf%8c%ce%bb%ce%b7\/#primaryimage"},"thumbnailUrl":"https:\/\/ikastikos-kiklos.com\/wp-content\/uploads\/2016\/07\/samios_1077.jpg","datePublished":"2016-07-28T12:52:36+00:00","dateModified":"2018-06-04T14:48:26+00:00","description":"My Whole Life Silkscreen by Pavlos Samios at Ikastikos Kiklos Sianti Gallery. 199 copies numbered and signed by the artist. Dimensions 60 x 60 cm","breadcrumb":{"@id":"https:\/\/ikastikos-kiklos.com\/en\/product\/%ce%b7-%ce%b6%cf%89%ce%ae-%ce%bc%ce%bf%cf%85-%cf%8c%ce%bb%ce%b7\/#breadcrumb"},"inLanguage":"en-US","potentialAction":[{"@type":"ReadAction","target":["https:\/\/ikastikos-kiklos.com\/en\/product\/%ce%b7-%ce%b6%cf%89%ce%ae-%ce%bc%ce%bf%cf%85-%cf%8c%ce%bb%ce%b7\/"]}]},{"@type":"ImageObject","inLanguage":"en-US","@id":"https:\/\/ikastikos-kiklos.com\/en\/product\/%ce%b7-%ce%b6%cf%89%ce%ae-%ce%bc%ce%bf%cf%85-%cf%8c%ce%bb%ce%b7\/#primaryimage","url":"https:\/\/ikastikos-kiklos.com\/wp-content\/uploads\/2016\/07\/samios_1077.jpg","contentUrl":"https:\/\/ikastikos-kiklos.com\/wp-content\/uploads\/2016\/07\/samios_1077.jpg","width":440,"height":439,"caption":"\u0397 \u0396\u03c9\u03ae \u03bc\u03bf\u03c5 \u038c\u03bb\u03b7 \u039c\u03b5\u03c4\u03b1\u03be\u03bf\u03c4\u03c5\u03c0\u03af\u03b1 \u03c4\u03bf\u03c5 \u03a0\u03b1\u03cd\u03bb\u03bf\u03c5 \u03a3\u03ac\u03bc\u03b9\u03bf\u03c5 \u03c3\u03c4\u03bf\u03bd \u0395\u03b9\u03ba\u03b1\u03c3\u03c4\u03b9\u03ba\u03cc \u039a\u03cd\u03ba\u03bb\u03bf Sianti"},{"@type":"BreadcrumbList","@id":"https:\/\/ikastikos-kiklos.com\/en\/product\/%ce%b7-%ce%b6%cf%89%ce%ae-%ce%bc%ce%bf%cf%85-%cf%8c%ce%bb%ce%b7\/#breadcrumb","itemListElement":[{"@type":"ListItem","position":1,"name":"Home","item":"https:\/\/ikastikos-kiklos.com\/en\/"},{"@type":"ListItem","position":2,"name":"\u0388\u03c1\u03b3\u03b1 \u03c4\u03ad\u03c7\u03bd\u03b7\u03c2","item":"https:\/\/ikastikos-kiklos.com\/%ce%ad%cf%81%ce%b3%ce%b1-%cf%84%ce%ad%cf%87%ce%bd%ce%b7%cf%82\/"},{"@type":"ListItem","position":3,"name":"My whole life"}]},{"@type":"WebSite","@id":"https:\/\/ikastikos-kiklos.com\/en\/#website","url":"https:\/\/ikastikos-kiklos.com\/en\/","name":"Ikastikos Kiklos - Zografik\u00ed - Metaxotyp\u00edes - T\u00e9chniPainting - Silk Screen - Art","description":"","publisher":{"@id":"https:\/\/ikastikos-kiklos.com\/en\/#organization"},"potentialAction":[{"@type":"SearchAction","target":{"@type":"EntryPoint","urlTemplate":"https:\/\/ikastikos-kiklos.com\/en\/?s={search_term_string}"},"query-input":{"@type":"PropertyValueSpecification","valueRequired":true,"valueName":"search_term_string"}}],"inLanguage":"en-US"},{"@type":"Organization","@id":"https:\/\/ikastikos-kiklos.com\/en\/#organization","name":"Ikastikos Kiklos - Zografik\u00ed - Metaxotyp\u00edes - T\u00e9chniPainting - Silk Screen - Art","url":"https:\/\/ikastikos-kiklos.com\/en\/","logo":{"@type":"ImageObject","inLanguage":"en-US","@id":"https:\/\/ikastikos-kiklos.com\/en\/#\/schema\/logo\/image\/","url":"https:\/\/ikastikos-kiklos.com\/wp-content\/uploads\/2022\/10\/cropped-favicon_ikastikos.png","contentUrl":"https:\/\/ikastikos-kiklos.com\/wp-content\/uploads\/2022\/10\/cropped-favicon_ikastikos.png","width":512,"height":512,"caption":"Ikastikos Kiklos - Zografik\u00ed - Metaxotyp\u00edes - T\u00e9chniPainting - Silk Screen - Art"},"image":{"@id":"https:\/\/ikastikos-kiklos.com\/en\/#\/schema\/logo\/image\/"},"sameAs":["https:\/\/www.facebook.com\/ikastikoskiklossianti\/"]}]}},"_links":{"self":[{"href":"https:\/\/ikastikos-kiklos.com\/en\/wp-json\/wp\/v2\/product\/3422","targetHints":{"allow":["GET"]}}],"collection":[{"href":"https:\/\/ikastikos-kiklos.com\/en\/wp-json\/wp\/v2\/product"}],"about":[{"href":"https:\/\/ikastikos-kiklos.com\/en\/wp-json\/wp\/v2\/types\/product"}],"wp:featuredmedia":[{"embeddable":true,"href":"https:\/\/ikastikos-kiklos.com\/en\/wp-json\/wp\/v2\/media\/13092"}],"wp:attachment":[{"href":"https:\/\/ikastikos-kiklos.com\/en\/wp-json\/wp\/v2\/media?parent=3422"}],"wp:term":[{"taxonomy":"product_brand","embeddable":true,"href":"https:\/\/ikastikos-kiklos.com\/en\/wp-json\/wp\/v2\/product_brand?post=3422"},{"taxonomy":"product_cat","embeddable":true,"href":"https:\/\/ikastikos-kiklos.com\/en\/wp-json\/wp\/v2\/product_cat?post=3422"},{"taxonomy":"product_tag","embeddable":true,"href":"https:\/\/ikastikos-kiklos.com\/en\/wp-json\/wp\/v2\/product_tag?post=3422"}],"curies":[{"name":"wp","href":"https:\/\/api.w.org\/{rel}","templated":true}]}}