{"id":3414,"date":"2016-08-25T15:22:37","date_gmt":"2016-08-25T15:22:37","guid":{"rendered":"http:\/\/ikastikos-kiklos.com\/\u03c0\u03c1\u03bf\u03ca\u03cc\u03bd\/%ce%bd%ce%ad%ce%bf%cf%82-%ce%bc%cf%80%ce%bb%ce%ad-%ce%bc%ce%b5-%ce%ac%ce%bb%ce%bf%ce%b3%ce%bf\/?lang=en"},"modified":"2019-05-03T14:29:32","modified_gmt":"2019-05-03T11:29:32","slug":"%ce%bd%ce%ad%ce%bf%cf%82-%ce%bc%cf%80%ce%bb%ce%ad-%ce%bc%ce%b5-%ce%ac%ce%bb%ce%bf%ce%b3%ce%bf","status":"publish","type":"product","link":"https:\/\/ikastikos-kiklos.com\/en\/product\/%ce%bd%ce%ad%ce%bf%cf%82-%ce%bc%cf%80%ce%bb%ce%ad-%ce%bc%ce%b5-%ce%ac%ce%bb%ce%bf%ce%b3%ce%bf\/","title":{"rendered":"Blue youngster with horse"},"content":{"rendered":"<header class=\"title-container\">The characteristic style of Fassianos is formed in the early 1960&#8217;s. Three main themes remained unchanged during his journey: man, nature, environment. The study of Greek civilization and its involvement with graphic arts and engraving influenced its painting. His first compositions are dominated by the form of the officer with the inflatable, red cheeks, the fanciful squirrels in the outfit and the cartoon-evocative style. Gradually the figures move and acquire their own lives. There are pairs that fill the space as they touch each other, but they remain united in a mass.<\/p>\n<p>Source: el.wikipedia.org<\/p>\n<\/header>\n","protected":false},"excerpt":{"rendered":"<p>Year of creation 1999<\/p>\n","protected":false},"featured_media":3017,"template":"","meta":{"ngg_post_thumbnail":0},"product_brand":[],"product_cat":[398,397],"product_tag":[2232,2213,2615],"class_list":{"0":"post-3414","1":"product","2":"type-product","3":"status-publish","4":"has-post-thumbnail","6":"product_cat-collections","7":"product_cat-painting","8":"product_tag-alekos-fassianos-en-2","9":"product_tag-painting-en","10":"product_tag-work-of-art","12":"first","13":"instock","14":"taxable","15":"shipping-taxable","16":"product-type-simple"},"yoast_head":"<!-- This site is optimized with the Yoast SEO plugin v27.2 - https:\/\/yoast.com\/product\/yoast-seo-wordpress\/ -->\n<title>Blue Youngster with Horse Painting by Fassianos Alekos at Ikastikos Kiklos Sianti Gallery.<\/title>\n<meta name=\"description\" content=\"Blue Youngster with Horse Painting by Fassianos Alekos at Ikastikos Kiklos Sianti Gallery. Colored Pencils on cardboard. Dimensions 20x32cm\" \/>\n<meta name=\"robots\" content=\"index, follow, max-snippet:-1, max-image-preview:large, max-video-preview:-1\" \/>\n<link rel=\"canonical\" href=\"https:\/\/ikastikos-kiklos.com\/en\/product\/\u03bd\u03ad\u03bf\u03c2-\u03bc\u03c0\u03bb\u03ad-\u03bc\u03b5-\u03ac\u03bb\u03bf\u03b3\u03bf\/\" \/>\n<meta property=\"og:locale\" content=\"en_US\" \/>\n<meta property=\"og:type\" content=\"article\" \/>\n<meta property=\"og:title\" content=\"Blue Youngster with Horse Painting by Fassianos Alekos at Ikastikos Kiklos Sianti Gallery.\" \/>\n<meta property=\"og:description\" content=\"Blue Youngster with Horse Painting by Fassianos Alekos at Ikastikos Kiklos Sianti Gallery. Colored Pencils on cardboard. Dimensions 20x32cm\" \/>\n<meta property=\"og:url\" content=\"https:\/\/ikastikos-kiklos.com\/en\/product\/\u03bd\u03ad\u03bf\u03c2-\u03bc\u03c0\u03bb\u03ad-\u03bc\u03b5-\u03ac\u03bb\u03bf\u03b3\u03bf\/\" \/>\n<meta property=\"og:site_name\" content=\"Ikastikos Kiklos - Zografik\u00ed - Metaxotyp\u00edes - T\u00e9chniPainting - Silk Screen - Art\" \/>\n<meta property=\"article:publisher\" content=\"https:\/\/www.facebook.com\/ikastikoskiklossianti\/\" \/>\n<meta property=\"article:modified_time\" content=\"2019-05-03T11:29:32+00:00\" \/>\n<meta property=\"og:image\" content=\"https:\/\/ikastikos-kiklos.com\/wp-content\/uploads\/2016\/10\/No13-32.5x20cm.jpg\" \/>\n\t<meta property=\"og:image:width\" content=\"389\" \/>\n\t<meta property=\"og:image:height\" content=\"567\" \/>\n\t<meta property=\"og:image:type\" content=\"image\/jpeg\" \/>\n<meta name=\"twitter:card\" content=\"summary_large_image\" \/>\n<script type=\"application\/ld+json\" class=\"yoast-schema-graph\">{\"@context\":\"https:\/\/schema.org\",\"@graph\":[{\"@type\":\"WebPage\",\"@id\":\"https:\/\/ikastikos-kiklos.com\/en\/product\/%ce%bd%ce%ad%ce%bf%cf%82-%ce%bc%cf%80%ce%bb%ce%ad-%ce%bc%ce%b5-%ce%ac%ce%bb%ce%bf%ce%b3%ce%bf\/\",\"url\":\"https:\/\/ikastikos-kiklos.com\/en\/product\/%ce%bd%ce%ad%ce%bf%cf%82-%ce%bc%cf%80%ce%bb%ce%ad-%ce%bc%ce%b5-%ce%ac%ce%bb%ce%bf%ce%b3%ce%bf\/\",\"name\":\"Blue Youngster with Horse Painting by Fassianos Alekos at Ikastikos Kiklos Sianti Gallery.\",\"isPartOf\":{\"@id\":\"https:\/\/ikastikos-kiklos.com\/en\/#website\"},\"primaryImageOfPage\":{\"@id\":\"https:\/\/ikastikos-kiklos.com\/en\/product\/%ce%bd%ce%ad%ce%bf%cf%82-%ce%bc%cf%80%ce%bb%ce%ad-%ce%bc%ce%b5-%ce%ac%ce%bb%ce%bf%ce%b3%ce%bf\/#primaryimage\"},\"image\":{\"@id\":\"https:\/\/ikastikos-kiklos.com\/en\/product\/%ce%bd%ce%ad%ce%bf%cf%82-%ce%bc%cf%80%ce%bb%ce%ad-%ce%bc%ce%b5-%ce%ac%ce%bb%ce%bf%ce%b3%ce%bf\/#primaryimage\"},\"thumbnailUrl\":\"https:\/\/ikastikos-kiklos.com\/wp-content\/uploads\/2016\/10\/No13-32.5x20cm.jpg\",\"datePublished\":\"2016-08-25T15:22:37+00:00\",\"dateModified\":\"2019-05-03T11:29:32+00:00\",\"description\":\"Blue Youngster with Horse Painting by Fassianos Alekos at Ikastikos Kiklos Sianti Gallery. Colored Pencils on cardboard. Dimensions 20x32cm\",\"breadcrumb\":{\"@id\":\"https:\/\/ikastikos-kiklos.com\/en\/product\/%ce%bd%ce%ad%ce%bf%cf%82-%ce%bc%cf%80%ce%bb%ce%ad-%ce%bc%ce%b5-%ce%ac%ce%bb%ce%bf%ce%b3%ce%bf\/#breadcrumb\"},\"inLanguage\":\"en-US\",\"potentialAction\":[{\"@type\":\"ReadAction\",\"target\":[\"https:\/\/ikastikos-kiklos.com\/en\/product\/%ce%bd%ce%ad%ce%bf%cf%82-%ce%bc%cf%80%ce%bb%ce%ad-%ce%bc%ce%b5-%ce%ac%ce%bb%ce%bf%ce%b3%ce%bf\/\"]}]},{\"@type\":\"ImageObject\",\"inLanguage\":\"en-US\",\"@id\":\"https:\/\/ikastikos-kiklos.com\/en\/product\/%ce%bd%ce%ad%ce%bf%cf%82-%ce%bc%cf%80%ce%bb%ce%ad-%ce%bc%ce%b5-%ce%ac%ce%bb%ce%bf%ce%b3%ce%bf\/#primaryimage\",\"url\":\"https:\/\/ikastikos-kiklos.com\/wp-content\/uploads\/2016\/10\/No13-32.5x20cm.jpg\",\"contentUrl\":\"https:\/\/ikastikos-kiklos.com\/wp-content\/uploads\/2016\/10\/No13-32.5x20cm.jpg\",\"width\":389,\"height\":567,\"caption\":\"\u039d\u03ad\u03bf\u03c2 \u039c\u03c0\u03bb\u03ad \u03bc\u03b5 \u0386\u03bb\u03bf\u03b3\u03bf \u0396\u03c9\u03b3\u03c1\u03b1\u03c6\u03b9\u03ba\u03cc \u0388\u03c1\u03b3\u03bf \u03c4\u03bf\u03c5 \u0391\u03bb\u03ad\u03ba\u03bf\u03c5 \u03a6\u03b1\u03c3\u03b9\u03b1\u03bd\u03bf\u03cd \u03c3\u03c4\u03bf\u03bd \u0395\u03b9\u03ba\u03b1\u03c3\u03c4\u03b9\u03ba\u03cc \u039a\u03cd\u03ba\u03bb\u03bf Sianti\"},{\"@type\":\"BreadcrumbList\",\"@id\":\"https:\/\/ikastikos-kiklos.com\/en\/product\/%ce%bd%ce%ad%ce%bf%cf%82-%ce%bc%cf%80%ce%bb%ce%ad-%ce%bc%ce%b5-%ce%ac%ce%bb%ce%bf%ce%b3%ce%bf\/#breadcrumb\",\"itemListElement\":[{\"@type\":\"ListItem\",\"position\":1,\"name\":\"Home\",\"item\":\"https:\/\/ikastikos-kiklos.com\/en\/\"},{\"@type\":\"ListItem\",\"position\":2,\"name\":\"\u0388\u03c1\u03b3\u03b1 \u03c4\u03ad\u03c7\u03bd\u03b7\u03c2\",\"item\":\"https:\/\/ikastikos-kiklos.com\/%ce%ad%cf%81%ce%b3%ce%b1-%cf%84%ce%ad%cf%87%ce%bd%ce%b7%cf%82\/\"},{\"@type\":\"ListItem\",\"position\":3,\"name\":\"Blue youngster with horse\"}]},{\"@type\":\"WebSite\",\"@id\":\"https:\/\/ikastikos-kiklos.com\/en\/#website\",\"url\":\"https:\/\/ikastikos-kiklos.com\/en\/\",\"name\":\"Ikastikos Kiklos - Zografik\u00ed - Metaxotyp\u00edes - T\u00e9chniPainting - Silk Screen - Art\",\"description\":\"\",\"publisher\":{\"@id\":\"https:\/\/ikastikos-kiklos.com\/en\/#organization\"},\"potentialAction\":[{\"@type\":\"SearchAction\",\"target\":{\"@type\":\"EntryPoint\",\"urlTemplate\":\"https:\/\/ikastikos-kiklos.com\/en\/?s={search_term_string}\"},\"query-input\":{\"@type\":\"PropertyValueSpecification\",\"valueRequired\":true,\"valueName\":\"search_term_string\"}}],\"inLanguage\":\"en-US\"},{\"@type\":\"Organization\",\"@id\":\"https:\/\/ikastikos-kiklos.com\/en\/#organization\",\"name\":\"Ikastikos Kiklos - Zografik\u00ed - Metaxotyp\u00edes - T\u00e9chniPainting - Silk Screen - Art\",\"url\":\"https:\/\/ikastikos-kiklos.com\/en\/\",\"logo\":{\"@type\":\"ImageObject\",\"inLanguage\":\"en-US\",\"@id\":\"https:\/\/ikastikos-kiklos.com\/en\/#\/schema\/logo\/image\/\",\"url\":\"https:\/\/ikastikos-kiklos.com\/wp-content\/uploads\/2022\/10\/cropped-favicon_ikastikos.png\",\"contentUrl\":\"https:\/\/ikastikos-kiklos.com\/wp-content\/uploads\/2022\/10\/cropped-favicon_ikastikos.png\",\"width\":512,\"height\":512,\"caption\":\"Ikastikos Kiklos - Zografik\u00ed - Metaxotyp\u00edes - T\u00e9chniPainting - Silk Screen - Art\"},\"image\":{\"@id\":\"https:\/\/ikastikos-kiklos.com\/en\/#\/schema\/logo\/image\/\"},\"sameAs\":[\"https:\/\/www.facebook.com\/ikastikoskiklossianti\/\"]}]}<\/script>\n<!-- \/ Yoast SEO plugin. -->","yoast_head_json":{"title":"Blue Youngster with Horse Painting by Fassianos Alekos at Ikastikos Kiklos Sianti Gallery.","description":"Blue Youngster with Horse Painting by Fassianos Alekos at Ikastikos Kiklos Sianti Gallery. Colored Pencils on cardboard. Dimensions 20x32cm","robots":{"index":"index","follow":"follow","max-snippet":"max-snippet:-1","max-image-preview":"max-image-preview:large","max-video-preview":"max-video-preview:-1"},"canonical":"https:\/\/ikastikos-kiklos.com\/en\/product\/\u03bd\u03ad\u03bf\u03c2-\u03bc\u03c0\u03bb\u03ad-\u03bc\u03b5-\u03ac\u03bb\u03bf\u03b3\u03bf\/","og_locale":"en_US","og_type":"article","og_title":"Blue Youngster with Horse Painting by Fassianos Alekos at Ikastikos Kiklos Sianti Gallery.","og_description":"Blue Youngster with Horse Painting by Fassianos Alekos at Ikastikos Kiklos Sianti Gallery. Colored Pencils on cardboard. Dimensions 20x32cm","og_url":"https:\/\/ikastikos-kiklos.com\/en\/product\/\u03bd\u03ad\u03bf\u03c2-\u03bc\u03c0\u03bb\u03ad-\u03bc\u03b5-\u03ac\u03bb\u03bf\u03b3\u03bf\/","og_site_name":"Ikastikos Kiklos - Zografik\u00ed - Metaxotyp\u00edes - T\u00e9chniPainting - Silk Screen - Art","article_publisher":"https:\/\/www.facebook.com\/ikastikoskiklossianti\/","article_modified_time":"2019-05-03T11:29:32+00:00","og_image":[{"width":389,"height":567,"url":"https:\/\/ikastikos-kiklos.com\/wp-content\/uploads\/2016\/10\/No13-32.5x20cm.jpg","type":"image\/jpeg"}],"twitter_card":"summary_large_image","schema":{"@context":"https:\/\/schema.org","@graph":[{"@type":"WebPage","@id":"https:\/\/ikastikos-kiklos.com\/en\/product\/%ce%bd%ce%ad%ce%bf%cf%82-%ce%bc%cf%80%ce%bb%ce%ad-%ce%bc%ce%b5-%ce%ac%ce%bb%ce%bf%ce%b3%ce%bf\/","url":"https:\/\/ikastikos-kiklos.com\/en\/product\/%ce%bd%ce%ad%ce%bf%cf%82-%ce%bc%cf%80%ce%bb%ce%ad-%ce%bc%ce%b5-%ce%ac%ce%bb%ce%bf%ce%b3%ce%bf\/","name":"Blue Youngster with Horse Painting by Fassianos Alekos at Ikastikos Kiklos Sianti Gallery.","isPartOf":{"@id":"https:\/\/ikastikos-kiklos.com\/en\/#website"},"primaryImageOfPage":{"@id":"https:\/\/ikastikos-kiklos.com\/en\/product\/%ce%bd%ce%ad%ce%bf%cf%82-%ce%bc%cf%80%ce%bb%ce%ad-%ce%bc%ce%b5-%ce%ac%ce%bb%ce%bf%ce%b3%ce%bf\/#primaryimage"},"image":{"@id":"https:\/\/ikastikos-kiklos.com\/en\/product\/%ce%bd%ce%ad%ce%bf%cf%82-%ce%bc%cf%80%ce%bb%ce%ad-%ce%bc%ce%b5-%ce%ac%ce%bb%ce%bf%ce%b3%ce%bf\/#primaryimage"},"thumbnailUrl":"https:\/\/ikastikos-kiklos.com\/wp-content\/uploads\/2016\/10\/No13-32.5x20cm.jpg","datePublished":"2016-08-25T15:22:37+00:00","dateModified":"2019-05-03T11:29:32+00:00","description":"Blue Youngster with Horse Painting by Fassianos Alekos at Ikastikos Kiklos Sianti Gallery. Colored Pencils on cardboard. Dimensions 20x32cm","breadcrumb":{"@id":"https:\/\/ikastikos-kiklos.com\/en\/product\/%ce%bd%ce%ad%ce%bf%cf%82-%ce%bc%cf%80%ce%bb%ce%ad-%ce%bc%ce%b5-%ce%ac%ce%bb%ce%bf%ce%b3%ce%bf\/#breadcrumb"},"inLanguage":"en-US","potentialAction":[{"@type":"ReadAction","target":["https:\/\/ikastikos-kiklos.com\/en\/product\/%ce%bd%ce%ad%ce%bf%cf%82-%ce%bc%cf%80%ce%bb%ce%ad-%ce%bc%ce%b5-%ce%ac%ce%bb%ce%bf%ce%b3%ce%bf\/"]}]},{"@type":"ImageObject","inLanguage":"en-US","@id":"https:\/\/ikastikos-kiklos.com\/en\/product\/%ce%bd%ce%ad%ce%bf%cf%82-%ce%bc%cf%80%ce%bb%ce%ad-%ce%bc%ce%b5-%ce%ac%ce%bb%ce%bf%ce%b3%ce%bf\/#primaryimage","url":"https:\/\/ikastikos-kiklos.com\/wp-content\/uploads\/2016\/10\/No13-32.5x20cm.jpg","contentUrl":"https:\/\/ikastikos-kiklos.com\/wp-content\/uploads\/2016\/10\/No13-32.5x20cm.jpg","width":389,"height":567,"caption":"\u039d\u03ad\u03bf\u03c2 \u039c\u03c0\u03bb\u03ad \u03bc\u03b5 \u0386\u03bb\u03bf\u03b3\u03bf \u0396\u03c9\u03b3\u03c1\u03b1\u03c6\u03b9\u03ba\u03cc \u0388\u03c1\u03b3\u03bf \u03c4\u03bf\u03c5 \u0391\u03bb\u03ad\u03ba\u03bf\u03c5 \u03a6\u03b1\u03c3\u03b9\u03b1\u03bd\u03bf\u03cd \u03c3\u03c4\u03bf\u03bd \u0395\u03b9\u03ba\u03b1\u03c3\u03c4\u03b9\u03ba\u03cc \u039a\u03cd\u03ba\u03bb\u03bf Sianti"},{"@type":"BreadcrumbList","@id":"https:\/\/ikastikos-kiklos.com\/en\/product\/%ce%bd%ce%ad%ce%bf%cf%82-%ce%bc%cf%80%ce%bb%ce%ad-%ce%bc%ce%b5-%ce%ac%ce%bb%ce%bf%ce%b3%ce%bf\/#breadcrumb","itemListElement":[{"@type":"ListItem","position":1,"name":"Home","item":"https:\/\/ikastikos-kiklos.com\/en\/"},{"@type":"ListItem","position":2,"name":"\u0388\u03c1\u03b3\u03b1 \u03c4\u03ad\u03c7\u03bd\u03b7\u03c2","item":"https:\/\/ikastikos-kiklos.com\/%ce%ad%cf%81%ce%b3%ce%b1-%cf%84%ce%ad%cf%87%ce%bd%ce%b7%cf%82\/"},{"@type":"ListItem","position":3,"name":"Blue youngster with horse"}]},{"@type":"WebSite","@id":"https:\/\/ikastikos-kiklos.com\/en\/#website","url":"https:\/\/ikastikos-kiklos.com\/en\/","name":"Ikastikos Kiklos - Zografik\u00ed - Metaxotyp\u00edes - T\u00e9chniPainting - Silk Screen - Art","description":"","publisher":{"@id":"https:\/\/ikastikos-kiklos.com\/en\/#organization"},"potentialAction":[{"@type":"SearchAction","target":{"@type":"EntryPoint","urlTemplate":"https:\/\/ikastikos-kiklos.com\/en\/?s={search_term_string}"},"query-input":{"@type":"PropertyValueSpecification","valueRequired":true,"valueName":"search_term_string"}}],"inLanguage":"en-US"},{"@type":"Organization","@id":"https:\/\/ikastikos-kiklos.com\/en\/#organization","name":"Ikastikos Kiklos - Zografik\u00ed - Metaxotyp\u00edes - T\u00e9chniPainting - Silk Screen - Art","url":"https:\/\/ikastikos-kiklos.com\/en\/","logo":{"@type":"ImageObject","inLanguage":"en-US","@id":"https:\/\/ikastikos-kiklos.com\/en\/#\/schema\/logo\/image\/","url":"https:\/\/ikastikos-kiklos.com\/wp-content\/uploads\/2022\/10\/cropped-favicon_ikastikos.png","contentUrl":"https:\/\/ikastikos-kiklos.com\/wp-content\/uploads\/2022\/10\/cropped-favicon_ikastikos.png","width":512,"height":512,"caption":"Ikastikos Kiklos - Zografik\u00ed - Metaxotyp\u00edes - T\u00e9chniPainting - Silk Screen - Art"},"image":{"@id":"https:\/\/ikastikos-kiklos.com\/en\/#\/schema\/logo\/image\/"},"sameAs":["https:\/\/www.facebook.com\/ikastikoskiklossianti\/"]}]}},"_links":{"self":[{"href":"https:\/\/ikastikos-kiklos.com\/en\/wp-json\/wp\/v2\/product\/3414","targetHints":{"allow":["GET"]}}],"collection":[{"href":"https:\/\/ikastikos-kiklos.com\/en\/wp-json\/wp\/v2\/product"}],"about":[{"href":"https:\/\/ikastikos-kiklos.com\/en\/wp-json\/wp\/v2\/types\/product"}],"wp:featuredmedia":[{"embeddable":true,"href":"https:\/\/ikastikos-kiklos.com\/en\/wp-json\/wp\/v2\/media\/3017"}],"wp:attachment":[{"href":"https:\/\/ikastikos-kiklos.com\/en\/wp-json\/wp\/v2\/media?parent=3414"}],"wp:term":[{"taxonomy":"product_brand","embeddable":true,"href":"https:\/\/ikastikos-kiklos.com\/en\/wp-json\/wp\/v2\/product_brand?post=3414"},{"taxonomy":"product_cat","embeddable":true,"href":"https:\/\/ikastikos-kiklos.com\/en\/wp-json\/wp\/v2\/product_cat?post=3414"},{"taxonomy":"product_tag","embeddable":true,"href":"https:\/\/ikastikos-kiklos.com\/en\/wp-json\/wp\/v2\/product_tag?post=3414"}],"curies":[{"name":"wp","href":"https:\/\/api.w.org\/{rel}","templated":true}]}}