{"id":3411,"date":"2016-09-14T12:19:38","date_gmt":"2016-09-14T12:19:38","guid":{"rendered":"http:\/\/ikastikos-kiklos.com\/\u03c0\u03c1\u03bf\u03ca\u03cc\u03bd\/%ce%bb%ce%b9%ce%b2%ce%b1%ce%b4%ce%af-%cf%87%cf%8e%cf%81%ce%bf%cf%82\/?lang=en"},"modified":"2017-09-03T20:18:56","modified_gmt":"2017-09-03T17:18:56","slug":"%ce%bb%ce%b9%ce%b2%ce%b1%ce%b4%ce%af-%cf%87%cf%8e%cf%81%ce%bf%cf%82","status":"publish","type":"product","link":"https:\/\/ikastikos-kiklos.com\/en\/product\/%ce%bb%ce%b9%ce%b2%ce%b1%ce%b4%ce%af-%cf%87%cf%8e%cf%81%ce%bf%cf%82\/","title":{"rendered":"Meadow space"},"content":{"rendered":"<header class=\"title-container\"><strong>Katerina Koskinas, an art historian and museologist, writes<\/strong> for the exhibition: &#8220;Opi Zounis is a female artist, her works reflect not only her thoughts but her feelings as well. She herself loved the world and especially nature. Her strict logic of form comes of course from the real outside world. She &#8220;complemented&#8221; that with the warmth and luminosity of color that spring from the world of the creator that refers indefinitely, to something reminiscent of free impressionistic chromium feast or expressionistic gestural depiction of intense emotion. At this exhibition, where there is a variety of recent works and creations, projected and realized artistic balance governing seemingly antithetical forms and trends and turn them into mental exercises and sensory pleasures. &#8221;<\/p>\n<p>Source: \u00a0<a href=\"http:\/\/www.mcf.gr\/el\/whats_on\/?ev=oi_noitikes_optikes_askiseis_tis_opis_zoini\">www.mcf.gr<\/a><\/p>\n<\/header>\n","protected":false},"excerpt":{"rendered":"<div class=\"product-short-description\">\n<p>It was presented at the exhibition of Ikastikos Kiklos in 2007<\/p>\n<\/div>\n","protected":false},"featured_media":2749,"template":"","meta":{"ngg_post_thumbnail":0},"product_brand":[],"product_cat":[397],"product_tag":[2578,2416,2328,2213,2615],"class_list":{"0":"post-3411","1":"product","2":"type-product","3":"status-publish","4":"has-post-thumbnail","6":"product_cat-painting","7":"product_tag-collectible","8":"product_tag-meadow-space","9":"product_tag-opy-zouni","10":"product_tag-painting-en","11":"product_tag-work-of-art","13":"first","14":"instock","15":"taxable","16":"shipping-taxable","17":"product-type-simple"},"yoast_head":"<!-- This site is optimized with the Yoast SEO plugin v27.2 - https:\/\/yoast.com\/product\/yoast-seo-wordpress\/ -->\n<title>Meadow Space Painting by Opi Zounis at Ikastikos Kiklos Sianti Gallery.<\/title>\n<meta name=\"description\" content=\"Meadow Space Painting by Opi Zounis at Ikastikos Kiklos Sianti Gallery. Acrylic on canvas. Created in 2007. Dimensions 70x70cm\" \/>\n<meta name=\"robots\" content=\"index, follow, max-snippet:-1, max-image-preview:large, max-video-preview:-1\" \/>\n<link rel=\"canonical\" href=\"https:\/\/ikastikos-kiklos.com\/en\/product\/\u03bb\u03b9\u03b2\u03b1\u03b4\u03af-\u03c7\u03ce\u03c1\u03bf\u03c2\/\" \/>\n<meta property=\"og:locale\" content=\"en_US\" \/>\n<meta property=\"og:type\" content=\"article\" \/>\n<meta property=\"og:title\" content=\"Meadow Space Painting by Opi Zounis at Ikastikos Kiklos Sianti Gallery.\" \/>\n<meta property=\"og:description\" content=\"Meadow Space Painting by Opi Zounis at Ikastikos Kiklos Sianti Gallery. Acrylic on canvas. Created in 2007. Dimensions 70x70cm\" \/>\n<meta property=\"og:url\" content=\"https:\/\/ikastikos-kiklos.com\/en\/product\/\u03bb\u03b9\u03b2\u03b1\u03b4\u03af-\u03c7\u03ce\u03c1\u03bf\u03c2\/\" \/>\n<meta property=\"og:site_name\" content=\"Ikastikos Kiklos - Zografik\u00ed - Metaxotyp\u00edes - T\u00e9chniPainting - Silk Screen - Art\" \/>\n<meta property=\"article:publisher\" content=\"https:\/\/www.facebook.com\/ikastikoskiklossianti\/\" \/>\n<meta property=\"article:modified_time\" content=\"2017-09-03T17:18:56+00:00\" \/>\n<meta property=\"og:image\" content=\"https:\/\/ikastikos-kiklos.com\/wp-content\/uploads\/2016\/09\/No14-70x70cm.jpg\" \/>\n\t<meta property=\"og:image:width\" content=\"567\" \/>\n\t<meta property=\"og:image:height\" content=\"567\" \/>\n\t<meta property=\"og:image:type\" content=\"image\/jpeg\" \/>\n<meta name=\"twitter:card\" content=\"summary_large_image\" \/>\n<meta name=\"twitter:label1\" content=\"Est. reading time\" \/>\n\t<meta name=\"twitter:data1\" content=\"1 minute\" \/>\n<script type=\"application\/ld+json\" class=\"yoast-schema-graph\">{\"@context\":\"https:\/\/schema.org\",\"@graph\":[{\"@type\":\"WebPage\",\"@id\":\"https:\/\/ikastikos-kiklos.com\/en\/product\/%ce%bb%ce%b9%ce%b2%ce%b1%ce%b4%ce%af-%cf%87%cf%8e%cf%81%ce%bf%cf%82\/\",\"url\":\"https:\/\/ikastikos-kiklos.com\/en\/product\/%ce%bb%ce%b9%ce%b2%ce%b1%ce%b4%ce%af-%cf%87%cf%8e%cf%81%ce%bf%cf%82\/\",\"name\":\"Meadow Space Painting by Opi Zounis at Ikastikos Kiklos Sianti Gallery.\",\"isPartOf\":{\"@id\":\"https:\/\/ikastikos-kiklos.com\/en\/#website\"},\"primaryImageOfPage\":{\"@id\":\"https:\/\/ikastikos-kiklos.com\/en\/product\/%ce%bb%ce%b9%ce%b2%ce%b1%ce%b4%ce%af-%cf%87%cf%8e%cf%81%ce%bf%cf%82\/#primaryimage\"},\"image\":{\"@id\":\"https:\/\/ikastikos-kiklos.com\/en\/product\/%ce%bb%ce%b9%ce%b2%ce%b1%ce%b4%ce%af-%cf%87%cf%8e%cf%81%ce%bf%cf%82\/#primaryimage\"},\"thumbnailUrl\":\"https:\/\/ikastikos-kiklos.com\/wp-content\/uploads\/2016\/09\/No14-70x70cm.jpg\",\"datePublished\":\"2016-09-14T12:19:38+00:00\",\"dateModified\":\"2017-09-03T17:18:56+00:00\",\"description\":\"Meadow Space Painting by Opi Zounis at Ikastikos Kiklos Sianti Gallery. Acrylic on canvas. Created in 2007. Dimensions 70x70cm\",\"breadcrumb\":{\"@id\":\"https:\/\/ikastikos-kiklos.com\/en\/product\/%ce%bb%ce%b9%ce%b2%ce%b1%ce%b4%ce%af-%cf%87%cf%8e%cf%81%ce%bf%cf%82\/#breadcrumb\"},\"inLanguage\":\"en-US\",\"potentialAction\":[{\"@type\":\"ReadAction\",\"target\":[\"https:\/\/ikastikos-kiklos.com\/en\/product\/%ce%bb%ce%b9%ce%b2%ce%b1%ce%b4%ce%af-%cf%87%cf%8e%cf%81%ce%bf%cf%82\/\"]}]},{\"@type\":\"ImageObject\",\"inLanguage\":\"en-US\",\"@id\":\"https:\/\/ikastikos-kiklos.com\/en\/product\/%ce%bb%ce%b9%ce%b2%ce%b1%ce%b4%ce%af-%cf%87%cf%8e%cf%81%ce%bf%cf%82\/#primaryimage\",\"url\":\"https:\/\/ikastikos-kiklos.com\/wp-content\/uploads\/2016\/09\/No14-70x70cm.jpg\",\"contentUrl\":\"https:\/\/ikastikos-kiklos.com\/wp-content\/uploads\/2016\/09\/No14-70x70cm.jpg\",\"width\":567,\"height\":567,\"caption\":\"\u039b\u03b9\u03b2\u03b1\u03b4\u03af \u03a7\u03ce\u03c1\u03bf\u03c2 \u0396\u03c9\u03b3\u03c1\u03b1\u03c6\u03b9\u03ba\u03cc \u0388\u03c1\u03b3\u03bf \u03c4\u03b7\u03c2 \u038c\u03c0\u03c5\u03c2 \u0396\u03bf\u03cd\u03bd\u03b7 \u03c3\u03c4\u03bf\u03bd \u0395\u03b9\u03ba\u03b1\u03c3\u03c4\u03b9\u03ba\u03cc \u039a\u03cd\u03ba\u03bb\u03bf Sianti\"},{\"@type\":\"BreadcrumbList\",\"@id\":\"https:\/\/ikastikos-kiklos.com\/en\/product\/%ce%bb%ce%b9%ce%b2%ce%b1%ce%b4%ce%af-%cf%87%cf%8e%cf%81%ce%bf%cf%82\/#breadcrumb\",\"itemListElement\":[{\"@type\":\"ListItem\",\"position\":1,\"name\":\"Home\",\"item\":\"https:\/\/ikastikos-kiklos.com\/en\/\"},{\"@type\":\"ListItem\",\"position\":2,\"name\":\"\u0388\u03c1\u03b3\u03b1 \u03c4\u03ad\u03c7\u03bd\u03b7\u03c2\",\"item\":\"https:\/\/ikastikos-kiklos.com\/%ce%ad%cf%81%ce%b3%ce%b1-%cf%84%ce%ad%cf%87%ce%bd%ce%b7%cf%82\/\"},{\"@type\":\"ListItem\",\"position\":3,\"name\":\"Meadow space\"}]},{\"@type\":\"WebSite\",\"@id\":\"https:\/\/ikastikos-kiklos.com\/en\/#website\",\"url\":\"https:\/\/ikastikos-kiklos.com\/en\/\",\"name\":\"Ikastikos Kiklos - Zografik\u00ed - Metaxotyp\u00edes - T\u00e9chniPainting - Silk Screen - Art\",\"description\":\"\",\"publisher\":{\"@id\":\"https:\/\/ikastikos-kiklos.com\/en\/#organization\"},\"potentialAction\":[{\"@type\":\"SearchAction\",\"target\":{\"@type\":\"EntryPoint\",\"urlTemplate\":\"https:\/\/ikastikos-kiklos.com\/en\/?s={search_term_string}\"},\"query-input\":{\"@type\":\"PropertyValueSpecification\",\"valueRequired\":true,\"valueName\":\"search_term_string\"}}],\"inLanguage\":\"en-US\"},{\"@type\":\"Organization\",\"@id\":\"https:\/\/ikastikos-kiklos.com\/en\/#organization\",\"name\":\"Ikastikos Kiklos - Zografik\u00ed - Metaxotyp\u00edes - T\u00e9chniPainting - Silk Screen - Art\",\"url\":\"https:\/\/ikastikos-kiklos.com\/en\/\",\"logo\":{\"@type\":\"ImageObject\",\"inLanguage\":\"en-US\",\"@id\":\"https:\/\/ikastikos-kiklos.com\/en\/#\/schema\/logo\/image\/\",\"url\":\"https:\/\/ikastikos-kiklos.com\/wp-content\/uploads\/2022\/10\/cropped-favicon_ikastikos.png\",\"contentUrl\":\"https:\/\/ikastikos-kiklos.com\/wp-content\/uploads\/2022\/10\/cropped-favicon_ikastikos.png\",\"width\":512,\"height\":512,\"caption\":\"Ikastikos Kiklos - Zografik\u00ed - Metaxotyp\u00edes - T\u00e9chniPainting - Silk Screen - Art\"},\"image\":{\"@id\":\"https:\/\/ikastikos-kiklos.com\/en\/#\/schema\/logo\/image\/\"},\"sameAs\":[\"https:\/\/www.facebook.com\/ikastikoskiklossianti\/\"]}]}<\/script>\n<!-- \/ Yoast SEO plugin. -->","yoast_head_json":{"title":"Meadow Space Painting by Opi Zounis at Ikastikos Kiklos Sianti Gallery.","description":"Meadow Space Painting by Opi Zounis at Ikastikos Kiklos Sianti Gallery. Acrylic on canvas. Created in 2007. Dimensions 70x70cm","robots":{"index":"index","follow":"follow","max-snippet":"max-snippet:-1","max-image-preview":"max-image-preview:large","max-video-preview":"max-video-preview:-1"},"canonical":"https:\/\/ikastikos-kiklos.com\/en\/product\/\u03bb\u03b9\u03b2\u03b1\u03b4\u03af-\u03c7\u03ce\u03c1\u03bf\u03c2\/","og_locale":"en_US","og_type":"article","og_title":"Meadow Space Painting by Opi Zounis at Ikastikos Kiklos Sianti Gallery.","og_description":"Meadow Space Painting by Opi Zounis at Ikastikos Kiklos Sianti Gallery. Acrylic on canvas. Created in 2007. Dimensions 70x70cm","og_url":"https:\/\/ikastikos-kiklos.com\/en\/product\/\u03bb\u03b9\u03b2\u03b1\u03b4\u03af-\u03c7\u03ce\u03c1\u03bf\u03c2\/","og_site_name":"Ikastikos Kiklos - Zografik\u00ed - Metaxotyp\u00edes - T\u00e9chniPainting - Silk Screen - Art","article_publisher":"https:\/\/www.facebook.com\/ikastikoskiklossianti\/","article_modified_time":"2017-09-03T17:18:56+00:00","og_image":[{"width":567,"height":567,"url":"https:\/\/ikastikos-kiklos.com\/wp-content\/uploads\/2016\/09\/No14-70x70cm.jpg","type":"image\/jpeg"}],"twitter_card":"summary_large_image","twitter_misc":{"Est. reading time":"1 minute"},"schema":{"@context":"https:\/\/schema.org","@graph":[{"@type":"WebPage","@id":"https:\/\/ikastikos-kiklos.com\/en\/product\/%ce%bb%ce%b9%ce%b2%ce%b1%ce%b4%ce%af-%cf%87%cf%8e%cf%81%ce%bf%cf%82\/","url":"https:\/\/ikastikos-kiklos.com\/en\/product\/%ce%bb%ce%b9%ce%b2%ce%b1%ce%b4%ce%af-%cf%87%cf%8e%cf%81%ce%bf%cf%82\/","name":"Meadow Space Painting by Opi Zounis at Ikastikos Kiklos Sianti Gallery.","isPartOf":{"@id":"https:\/\/ikastikos-kiklos.com\/en\/#website"},"primaryImageOfPage":{"@id":"https:\/\/ikastikos-kiklos.com\/en\/product\/%ce%bb%ce%b9%ce%b2%ce%b1%ce%b4%ce%af-%cf%87%cf%8e%cf%81%ce%bf%cf%82\/#primaryimage"},"image":{"@id":"https:\/\/ikastikos-kiklos.com\/en\/product\/%ce%bb%ce%b9%ce%b2%ce%b1%ce%b4%ce%af-%cf%87%cf%8e%cf%81%ce%bf%cf%82\/#primaryimage"},"thumbnailUrl":"https:\/\/ikastikos-kiklos.com\/wp-content\/uploads\/2016\/09\/No14-70x70cm.jpg","datePublished":"2016-09-14T12:19:38+00:00","dateModified":"2017-09-03T17:18:56+00:00","description":"Meadow Space Painting by Opi Zounis at Ikastikos Kiklos Sianti Gallery. Acrylic on canvas. Created in 2007. Dimensions 70x70cm","breadcrumb":{"@id":"https:\/\/ikastikos-kiklos.com\/en\/product\/%ce%bb%ce%b9%ce%b2%ce%b1%ce%b4%ce%af-%cf%87%cf%8e%cf%81%ce%bf%cf%82\/#breadcrumb"},"inLanguage":"en-US","potentialAction":[{"@type":"ReadAction","target":["https:\/\/ikastikos-kiklos.com\/en\/product\/%ce%bb%ce%b9%ce%b2%ce%b1%ce%b4%ce%af-%cf%87%cf%8e%cf%81%ce%bf%cf%82\/"]}]},{"@type":"ImageObject","inLanguage":"en-US","@id":"https:\/\/ikastikos-kiklos.com\/en\/product\/%ce%bb%ce%b9%ce%b2%ce%b1%ce%b4%ce%af-%cf%87%cf%8e%cf%81%ce%bf%cf%82\/#primaryimage","url":"https:\/\/ikastikos-kiklos.com\/wp-content\/uploads\/2016\/09\/No14-70x70cm.jpg","contentUrl":"https:\/\/ikastikos-kiklos.com\/wp-content\/uploads\/2016\/09\/No14-70x70cm.jpg","width":567,"height":567,"caption":"\u039b\u03b9\u03b2\u03b1\u03b4\u03af \u03a7\u03ce\u03c1\u03bf\u03c2 \u0396\u03c9\u03b3\u03c1\u03b1\u03c6\u03b9\u03ba\u03cc \u0388\u03c1\u03b3\u03bf \u03c4\u03b7\u03c2 \u038c\u03c0\u03c5\u03c2 \u0396\u03bf\u03cd\u03bd\u03b7 \u03c3\u03c4\u03bf\u03bd \u0395\u03b9\u03ba\u03b1\u03c3\u03c4\u03b9\u03ba\u03cc \u039a\u03cd\u03ba\u03bb\u03bf Sianti"},{"@type":"BreadcrumbList","@id":"https:\/\/ikastikos-kiklos.com\/en\/product\/%ce%bb%ce%b9%ce%b2%ce%b1%ce%b4%ce%af-%cf%87%cf%8e%cf%81%ce%bf%cf%82\/#breadcrumb","itemListElement":[{"@type":"ListItem","position":1,"name":"Home","item":"https:\/\/ikastikos-kiklos.com\/en\/"},{"@type":"ListItem","position":2,"name":"\u0388\u03c1\u03b3\u03b1 \u03c4\u03ad\u03c7\u03bd\u03b7\u03c2","item":"https:\/\/ikastikos-kiklos.com\/%ce%ad%cf%81%ce%b3%ce%b1-%cf%84%ce%ad%cf%87%ce%bd%ce%b7%cf%82\/"},{"@type":"ListItem","position":3,"name":"Meadow space"}]},{"@type":"WebSite","@id":"https:\/\/ikastikos-kiklos.com\/en\/#website","url":"https:\/\/ikastikos-kiklos.com\/en\/","name":"Ikastikos Kiklos - Zografik\u00ed - Metaxotyp\u00edes - T\u00e9chniPainting - Silk Screen - Art","description":"","publisher":{"@id":"https:\/\/ikastikos-kiklos.com\/en\/#organization"},"potentialAction":[{"@type":"SearchAction","target":{"@type":"EntryPoint","urlTemplate":"https:\/\/ikastikos-kiklos.com\/en\/?s={search_term_string}"},"query-input":{"@type":"PropertyValueSpecification","valueRequired":true,"valueName":"search_term_string"}}],"inLanguage":"en-US"},{"@type":"Organization","@id":"https:\/\/ikastikos-kiklos.com\/en\/#organization","name":"Ikastikos Kiklos - Zografik\u00ed - Metaxotyp\u00edes - T\u00e9chniPainting - Silk Screen - Art","url":"https:\/\/ikastikos-kiklos.com\/en\/","logo":{"@type":"ImageObject","inLanguage":"en-US","@id":"https:\/\/ikastikos-kiklos.com\/en\/#\/schema\/logo\/image\/","url":"https:\/\/ikastikos-kiklos.com\/wp-content\/uploads\/2022\/10\/cropped-favicon_ikastikos.png","contentUrl":"https:\/\/ikastikos-kiklos.com\/wp-content\/uploads\/2022\/10\/cropped-favicon_ikastikos.png","width":512,"height":512,"caption":"Ikastikos Kiklos - Zografik\u00ed - Metaxotyp\u00edes - T\u00e9chniPainting - Silk Screen - Art"},"image":{"@id":"https:\/\/ikastikos-kiklos.com\/en\/#\/schema\/logo\/image\/"},"sameAs":["https:\/\/www.facebook.com\/ikastikoskiklossianti\/"]}]}},"_links":{"self":[{"href":"https:\/\/ikastikos-kiklos.com\/en\/wp-json\/wp\/v2\/product\/3411","targetHints":{"allow":["GET"]}}],"collection":[{"href":"https:\/\/ikastikos-kiklos.com\/en\/wp-json\/wp\/v2\/product"}],"about":[{"href":"https:\/\/ikastikos-kiklos.com\/en\/wp-json\/wp\/v2\/types\/product"}],"wp:featuredmedia":[{"embeddable":true,"href":"https:\/\/ikastikos-kiklos.com\/en\/wp-json\/wp\/v2\/media\/2749"}],"wp:attachment":[{"href":"https:\/\/ikastikos-kiklos.com\/en\/wp-json\/wp\/v2\/media?parent=3411"}],"wp:term":[{"taxonomy":"product_brand","embeddable":true,"href":"https:\/\/ikastikos-kiklos.com\/en\/wp-json\/wp\/v2\/product_brand?post=3411"},{"taxonomy":"product_cat","embeddable":true,"href":"https:\/\/ikastikos-kiklos.com\/en\/wp-json\/wp\/v2\/product_cat?post=3411"},{"taxonomy":"product_tag","embeddable":true,"href":"https:\/\/ikastikos-kiklos.com\/en\/wp-json\/wp\/v2\/product_tag?post=3411"}],"curies":[{"name":"wp","href":"https:\/\/api.w.org\/{rel}","templated":true}]}}