{"id":3410,"date":"2016-09-14T14:29:35","date_gmt":"2016-09-14T14:29:35","guid":{"rendered":"http:\/\/ikastikos-kiklos.com\/\u03c0\u03c1\u03bf\u03ca\u03cc\u03bd\/%cf%84%cf%81%ce%b9%ce%ba%cf%85%ce%bc%ce%af%ce%b1\/?lang=en"},"modified":"2017-09-07T17:20:19","modified_gmt":"2017-09-07T14:20:19","slug":"%cf%84%cf%81%ce%b9%ce%ba%cf%85%ce%bc%ce%af%ce%b1","status":"publish","type":"product","link":"https:\/\/ikastikos-kiklos.com\/en\/product\/%cf%84%cf%81%ce%b9%ce%ba%cf%85%ce%bc%ce%af%ce%b1\/","title":{"rendered":"Tempest"},"content":{"rendered":"<header class=\"title-container\">The abstraction of the figures and the intense color that is dominate, create a poetic spaces of painting inspired by seascapes. The reference to nature and love is linked to personal experiences, but indirectly also reflects on the relationship between\u00a0 humans and the environment.<\/p>\n<p>Source: <a href=\"http:\/\/www.ethnos.gr\/eikastika\/arthro\/afieroma_ston_zografo_ton_xromaton-64380281\/\">ethnos.gr<\/a><\/p>\n<\/header>\n","protected":false},"excerpt":{"rendered":"<p>Year of creation 2004<\/p>\n<p>I am interested in keeping my feelings in order for them not to be derailed. This is my attitude towards art. Source: <a href=\"http:\/\/www.tanea.gr\/interview\/article\/5448228\/sygkratw-ta-synaisthhmata-sthn-texnh-gia-na-mhn-ektroxiastw\/\">tanea.gr<\/a><\/p>\n","protected":false},"featured_media":2759,"template":"","meta":{"ngg_post_thumbnail":0},"product_brand":[],"product_cat":[397],"product_tag":[2330,2213,2615],"class_list":{"0":"post-3410","1":"product","2":"type-product","3":"status-publish","4":"has-post-thumbnail","6":"product_cat-painting","7":"product_tag-acrylic-on-canvas-en","8":"product_tag-painting-en","9":"product_tag-work-of-art","11":"first","12":"instock","13":"taxable","14":"shipping-taxable","15":"product-type-simple"},"yoast_head":"<!-- This site is optimized with the Yoast SEO plugin v27.2 - https:\/\/yoast.com\/product\/yoast-seo-wordpress\/ -->\n<title>Tempest Painting by Dimosthenis Kokkinidis at Ikastikos Kiklos Sianti Gallery.<\/title>\n<meta name=\"description\" content=\"Tempest Painting by Dimosthenis Kokkinidis at Ikastikos Kiklos Sianti Gallery. Acrylic on canvas. Dimensions 45x37cm. Created in 2004\" \/>\n<meta name=\"robots\" content=\"index, follow, max-snippet:-1, max-image-preview:large, max-video-preview:-1\" \/>\n<link rel=\"canonical\" href=\"https:\/\/ikastikos-kiklos.com\/en\/product\/\u03c4\u03c1\u03b9\u03ba\u03c5\u03bc\u03af\u03b1\/\" \/>\n<meta property=\"og:locale\" content=\"en_US\" \/>\n<meta property=\"og:type\" content=\"article\" \/>\n<meta property=\"og:title\" content=\"Tempest Painting by Dimosthenis Kokkinidis at Ikastikos Kiklos Sianti Gallery.\" \/>\n<meta property=\"og:description\" content=\"Tempest Painting by Dimosthenis Kokkinidis at Ikastikos Kiklos Sianti Gallery. Acrylic on canvas. Dimensions 45x37cm. Created in 2004\" \/>\n<meta property=\"og:url\" content=\"https:\/\/ikastikos-kiklos.com\/en\/product\/\u03c4\u03c1\u03b9\u03ba\u03c5\u03bc\u03af\u03b1\/\" \/>\n<meta property=\"og:site_name\" content=\"Ikastikos Kiklos - Zografik\u00ed - Metaxotyp\u00edes - T\u00e9chniPainting - Silk Screen - Art\" \/>\n<meta property=\"article:publisher\" content=\"https:\/\/www.facebook.com\/ikastikoskiklossianti\/\" \/>\n<meta property=\"article:modified_time\" content=\"2017-09-07T14:20:19+00:00\" \/>\n<meta property=\"og:image\" content=\"https:\/\/ikastikos-kiklos.com\/wp-content\/uploads\/2016\/10\/No19-37x45cm.jpg\" \/>\n\t<meta property=\"og:image:width\" content=\"669\" \/>\n\t<meta property=\"og:image:height\" content=\"567\" \/>\n\t<meta property=\"og:image:type\" content=\"image\/jpeg\" \/>\n<meta name=\"twitter:card\" content=\"summary_large_image\" \/>\n<script type=\"application\/ld+json\" class=\"yoast-schema-graph\">{\"@context\":\"https:\/\/schema.org\",\"@graph\":[{\"@type\":\"WebPage\",\"@id\":\"https:\/\/ikastikos-kiklos.com\/en\/product\/%cf%84%cf%81%ce%b9%ce%ba%cf%85%ce%bc%ce%af%ce%b1\/\",\"url\":\"https:\/\/ikastikos-kiklos.com\/en\/product\/%cf%84%cf%81%ce%b9%ce%ba%cf%85%ce%bc%ce%af%ce%b1\/\",\"name\":\"Tempest Painting by Dimosthenis Kokkinidis at Ikastikos Kiklos Sianti Gallery.\",\"isPartOf\":{\"@id\":\"https:\/\/ikastikos-kiklos.com\/en\/#website\"},\"primaryImageOfPage\":{\"@id\":\"https:\/\/ikastikos-kiklos.com\/en\/product\/%cf%84%cf%81%ce%b9%ce%ba%cf%85%ce%bc%ce%af%ce%b1\/#primaryimage\"},\"image\":{\"@id\":\"https:\/\/ikastikos-kiklos.com\/en\/product\/%cf%84%cf%81%ce%b9%ce%ba%cf%85%ce%bc%ce%af%ce%b1\/#primaryimage\"},\"thumbnailUrl\":\"https:\/\/ikastikos-kiklos.com\/wp-content\/uploads\/2016\/10\/No19-37x45cm.jpg\",\"datePublished\":\"2016-09-14T14:29:35+00:00\",\"dateModified\":\"2017-09-07T14:20:19+00:00\",\"description\":\"Tempest Painting by Dimosthenis Kokkinidis at Ikastikos Kiklos Sianti Gallery. Acrylic on canvas. Dimensions 45x37cm. Created in 2004\",\"breadcrumb\":{\"@id\":\"https:\/\/ikastikos-kiklos.com\/en\/product\/%cf%84%cf%81%ce%b9%ce%ba%cf%85%ce%bc%ce%af%ce%b1\/#breadcrumb\"},\"inLanguage\":\"en-US\",\"potentialAction\":[{\"@type\":\"ReadAction\",\"target\":[\"https:\/\/ikastikos-kiklos.com\/en\/product\/%cf%84%cf%81%ce%b9%ce%ba%cf%85%ce%bc%ce%af%ce%b1\/\"]}]},{\"@type\":\"ImageObject\",\"inLanguage\":\"en-US\",\"@id\":\"https:\/\/ikastikos-kiklos.com\/en\/product\/%cf%84%cf%81%ce%b9%ce%ba%cf%85%ce%bc%ce%af%ce%b1\/#primaryimage\",\"url\":\"https:\/\/ikastikos-kiklos.com\/wp-content\/uploads\/2016\/10\/No19-37x45cm.jpg\",\"contentUrl\":\"https:\/\/ikastikos-kiklos.com\/wp-content\/uploads\/2016\/10\/No19-37x45cm.jpg\",\"width\":669,\"height\":567,\"caption\":\"\u03a4\u03c1\u03b9\u03ba\u03c5\u03bc\u03af\u03b1 \u0396\u03c9\u03b3\u03c1\u03b1\u03c6\u03b9\u03ba\u03cc \u0388\u03c1\u03b3\u03bf \u03c4\u03bf\u03c5 \u0394\u03b7\u03bc\u03bf\u03c3\u03b8\u03ad\u03bd\u03b7 \u039a\u03bf\u03ba\u03ba\u03b9\u03bd\u03af\u03b4\u03b7 \u03c3\u03c4\u03bf\u03bd \u0395\u03b9\u03ba\u03b1\u03c3\u03c4\u03b9\u03ba\u03cc \u039a\u03cd\u03ba\u03bb\u03bf Sianti\"},{\"@type\":\"BreadcrumbList\",\"@id\":\"https:\/\/ikastikos-kiklos.com\/en\/product\/%cf%84%cf%81%ce%b9%ce%ba%cf%85%ce%bc%ce%af%ce%b1\/#breadcrumb\",\"itemListElement\":[{\"@type\":\"ListItem\",\"position\":1,\"name\":\"Home\",\"item\":\"https:\/\/ikastikos-kiklos.com\/en\/\"},{\"@type\":\"ListItem\",\"position\":2,\"name\":\"\u0388\u03c1\u03b3\u03b1 \u03c4\u03ad\u03c7\u03bd\u03b7\u03c2\",\"item\":\"https:\/\/ikastikos-kiklos.com\/%ce%ad%cf%81%ce%b3%ce%b1-%cf%84%ce%ad%cf%87%ce%bd%ce%b7%cf%82\/\"},{\"@type\":\"ListItem\",\"position\":3,\"name\":\"Tempest\"}]},{\"@type\":\"WebSite\",\"@id\":\"https:\/\/ikastikos-kiklos.com\/en\/#website\",\"url\":\"https:\/\/ikastikos-kiklos.com\/en\/\",\"name\":\"Ikastikos Kiklos - Zografik\u00ed - Metaxotyp\u00edes - T\u00e9chniPainting - Silk Screen - Art\",\"description\":\"\",\"publisher\":{\"@id\":\"https:\/\/ikastikos-kiklos.com\/en\/#organization\"},\"potentialAction\":[{\"@type\":\"SearchAction\",\"target\":{\"@type\":\"EntryPoint\",\"urlTemplate\":\"https:\/\/ikastikos-kiklos.com\/en\/?s={search_term_string}\"},\"query-input\":{\"@type\":\"PropertyValueSpecification\",\"valueRequired\":true,\"valueName\":\"search_term_string\"}}],\"inLanguage\":\"en-US\"},{\"@type\":\"Organization\",\"@id\":\"https:\/\/ikastikos-kiklos.com\/en\/#organization\",\"name\":\"Ikastikos Kiklos - Zografik\u00ed - Metaxotyp\u00edes - T\u00e9chniPainting - Silk Screen - Art\",\"url\":\"https:\/\/ikastikos-kiklos.com\/en\/\",\"logo\":{\"@type\":\"ImageObject\",\"inLanguage\":\"en-US\",\"@id\":\"https:\/\/ikastikos-kiklos.com\/en\/#\/schema\/logo\/image\/\",\"url\":\"https:\/\/ikastikos-kiklos.com\/wp-content\/uploads\/2022\/10\/cropped-favicon_ikastikos.png\",\"contentUrl\":\"https:\/\/ikastikos-kiklos.com\/wp-content\/uploads\/2022\/10\/cropped-favicon_ikastikos.png\",\"width\":512,\"height\":512,\"caption\":\"Ikastikos Kiklos - Zografik\u00ed - Metaxotyp\u00edes - T\u00e9chniPainting - Silk Screen - Art\"},\"image\":{\"@id\":\"https:\/\/ikastikos-kiklos.com\/en\/#\/schema\/logo\/image\/\"},\"sameAs\":[\"https:\/\/www.facebook.com\/ikastikoskiklossianti\/\"]}]}<\/script>\n<!-- \/ Yoast SEO plugin. -->","yoast_head_json":{"title":"Tempest Painting by Dimosthenis Kokkinidis at Ikastikos Kiklos Sianti Gallery.","description":"Tempest Painting by Dimosthenis Kokkinidis at Ikastikos Kiklos Sianti Gallery. Acrylic on canvas. Dimensions 45x37cm. Created in 2004","robots":{"index":"index","follow":"follow","max-snippet":"max-snippet:-1","max-image-preview":"max-image-preview:large","max-video-preview":"max-video-preview:-1"},"canonical":"https:\/\/ikastikos-kiklos.com\/en\/product\/\u03c4\u03c1\u03b9\u03ba\u03c5\u03bc\u03af\u03b1\/","og_locale":"en_US","og_type":"article","og_title":"Tempest Painting by Dimosthenis Kokkinidis at Ikastikos Kiklos Sianti Gallery.","og_description":"Tempest Painting by Dimosthenis Kokkinidis at Ikastikos Kiklos Sianti Gallery. Acrylic on canvas. Dimensions 45x37cm. Created in 2004","og_url":"https:\/\/ikastikos-kiklos.com\/en\/product\/\u03c4\u03c1\u03b9\u03ba\u03c5\u03bc\u03af\u03b1\/","og_site_name":"Ikastikos Kiklos - Zografik\u00ed - Metaxotyp\u00edes - T\u00e9chniPainting - Silk Screen - Art","article_publisher":"https:\/\/www.facebook.com\/ikastikoskiklossianti\/","article_modified_time":"2017-09-07T14:20:19+00:00","og_image":[{"width":669,"height":567,"url":"https:\/\/ikastikos-kiklos.com\/wp-content\/uploads\/2016\/10\/No19-37x45cm.jpg","type":"image\/jpeg"}],"twitter_card":"summary_large_image","schema":{"@context":"https:\/\/schema.org","@graph":[{"@type":"WebPage","@id":"https:\/\/ikastikos-kiklos.com\/en\/product\/%cf%84%cf%81%ce%b9%ce%ba%cf%85%ce%bc%ce%af%ce%b1\/","url":"https:\/\/ikastikos-kiklos.com\/en\/product\/%cf%84%cf%81%ce%b9%ce%ba%cf%85%ce%bc%ce%af%ce%b1\/","name":"Tempest Painting by Dimosthenis Kokkinidis at Ikastikos Kiklos Sianti Gallery.","isPartOf":{"@id":"https:\/\/ikastikos-kiklos.com\/en\/#website"},"primaryImageOfPage":{"@id":"https:\/\/ikastikos-kiklos.com\/en\/product\/%cf%84%cf%81%ce%b9%ce%ba%cf%85%ce%bc%ce%af%ce%b1\/#primaryimage"},"image":{"@id":"https:\/\/ikastikos-kiklos.com\/en\/product\/%cf%84%cf%81%ce%b9%ce%ba%cf%85%ce%bc%ce%af%ce%b1\/#primaryimage"},"thumbnailUrl":"https:\/\/ikastikos-kiklos.com\/wp-content\/uploads\/2016\/10\/No19-37x45cm.jpg","datePublished":"2016-09-14T14:29:35+00:00","dateModified":"2017-09-07T14:20:19+00:00","description":"Tempest Painting by Dimosthenis Kokkinidis at Ikastikos Kiklos Sianti Gallery. Acrylic on canvas. Dimensions 45x37cm. Created in 2004","breadcrumb":{"@id":"https:\/\/ikastikos-kiklos.com\/en\/product\/%cf%84%cf%81%ce%b9%ce%ba%cf%85%ce%bc%ce%af%ce%b1\/#breadcrumb"},"inLanguage":"en-US","potentialAction":[{"@type":"ReadAction","target":["https:\/\/ikastikos-kiklos.com\/en\/product\/%cf%84%cf%81%ce%b9%ce%ba%cf%85%ce%bc%ce%af%ce%b1\/"]}]},{"@type":"ImageObject","inLanguage":"en-US","@id":"https:\/\/ikastikos-kiklos.com\/en\/product\/%cf%84%cf%81%ce%b9%ce%ba%cf%85%ce%bc%ce%af%ce%b1\/#primaryimage","url":"https:\/\/ikastikos-kiklos.com\/wp-content\/uploads\/2016\/10\/No19-37x45cm.jpg","contentUrl":"https:\/\/ikastikos-kiklos.com\/wp-content\/uploads\/2016\/10\/No19-37x45cm.jpg","width":669,"height":567,"caption":"\u03a4\u03c1\u03b9\u03ba\u03c5\u03bc\u03af\u03b1 \u0396\u03c9\u03b3\u03c1\u03b1\u03c6\u03b9\u03ba\u03cc \u0388\u03c1\u03b3\u03bf \u03c4\u03bf\u03c5 \u0394\u03b7\u03bc\u03bf\u03c3\u03b8\u03ad\u03bd\u03b7 \u039a\u03bf\u03ba\u03ba\u03b9\u03bd\u03af\u03b4\u03b7 \u03c3\u03c4\u03bf\u03bd \u0395\u03b9\u03ba\u03b1\u03c3\u03c4\u03b9\u03ba\u03cc \u039a\u03cd\u03ba\u03bb\u03bf Sianti"},{"@type":"BreadcrumbList","@id":"https:\/\/ikastikos-kiklos.com\/en\/product\/%cf%84%cf%81%ce%b9%ce%ba%cf%85%ce%bc%ce%af%ce%b1\/#breadcrumb","itemListElement":[{"@type":"ListItem","position":1,"name":"Home","item":"https:\/\/ikastikos-kiklos.com\/en\/"},{"@type":"ListItem","position":2,"name":"\u0388\u03c1\u03b3\u03b1 \u03c4\u03ad\u03c7\u03bd\u03b7\u03c2","item":"https:\/\/ikastikos-kiklos.com\/%ce%ad%cf%81%ce%b3%ce%b1-%cf%84%ce%ad%cf%87%ce%bd%ce%b7%cf%82\/"},{"@type":"ListItem","position":3,"name":"Tempest"}]},{"@type":"WebSite","@id":"https:\/\/ikastikos-kiklos.com\/en\/#website","url":"https:\/\/ikastikos-kiklos.com\/en\/","name":"Ikastikos Kiklos - Zografik\u00ed - Metaxotyp\u00edes - T\u00e9chniPainting - Silk Screen - Art","description":"","publisher":{"@id":"https:\/\/ikastikos-kiklos.com\/en\/#organization"},"potentialAction":[{"@type":"SearchAction","target":{"@type":"EntryPoint","urlTemplate":"https:\/\/ikastikos-kiklos.com\/en\/?s={search_term_string}"},"query-input":{"@type":"PropertyValueSpecification","valueRequired":true,"valueName":"search_term_string"}}],"inLanguage":"en-US"},{"@type":"Organization","@id":"https:\/\/ikastikos-kiklos.com\/en\/#organization","name":"Ikastikos Kiklos - Zografik\u00ed - Metaxotyp\u00edes - T\u00e9chniPainting - Silk Screen - Art","url":"https:\/\/ikastikos-kiklos.com\/en\/","logo":{"@type":"ImageObject","inLanguage":"en-US","@id":"https:\/\/ikastikos-kiklos.com\/en\/#\/schema\/logo\/image\/","url":"https:\/\/ikastikos-kiklos.com\/wp-content\/uploads\/2022\/10\/cropped-favicon_ikastikos.png","contentUrl":"https:\/\/ikastikos-kiklos.com\/wp-content\/uploads\/2022\/10\/cropped-favicon_ikastikos.png","width":512,"height":512,"caption":"Ikastikos Kiklos - Zografik\u00ed - Metaxotyp\u00edes - T\u00e9chniPainting - Silk Screen - Art"},"image":{"@id":"https:\/\/ikastikos-kiklos.com\/en\/#\/schema\/logo\/image\/"},"sameAs":["https:\/\/www.facebook.com\/ikastikoskiklossianti\/"]}]}},"_links":{"self":[{"href":"https:\/\/ikastikos-kiklos.com\/en\/wp-json\/wp\/v2\/product\/3410","targetHints":{"allow":["GET"]}}],"collection":[{"href":"https:\/\/ikastikos-kiklos.com\/en\/wp-json\/wp\/v2\/product"}],"about":[{"href":"https:\/\/ikastikos-kiklos.com\/en\/wp-json\/wp\/v2\/types\/product"}],"wp:featuredmedia":[{"embeddable":true,"href":"https:\/\/ikastikos-kiklos.com\/en\/wp-json\/wp\/v2\/media\/2759"}],"wp:attachment":[{"href":"https:\/\/ikastikos-kiklos.com\/en\/wp-json\/wp\/v2\/media?parent=3410"}],"wp:term":[{"taxonomy":"product_brand","embeddable":true,"href":"https:\/\/ikastikos-kiklos.com\/en\/wp-json\/wp\/v2\/product_brand?post=3410"},{"taxonomy":"product_cat","embeddable":true,"href":"https:\/\/ikastikos-kiklos.com\/en\/wp-json\/wp\/v2\/product_cat?post=3410"},{"taxonomy":"product_tag","embeddable":true,"href":"https:\/\/ikastikos-kiklos.com\/en\/wp-json\/wp\/v2\/product_tag?post=3410"}],"curies":[{"name":"wp","href":"https:\/\/api.w.org\/{rel}","templated":true}]}}