{"id":3406,"date":"2016-09-17T15:07:18","date_gmt":"2016-09-17T15:07:18","guid":{"rendered":"http:\/\/ikastikos-kiklos.com\/\u03c0\u03c1\u03bf\u03ca\u03cc\u03bd\/%cf%86%ce%af%ce%bb%ce%bf%cf%82-%ce%bc%ce%bf%cf%85\/?lang=en"},"modified":"2018-02-06T02:59:01","modified_gmt":"2018-02-06T00:59:01","slug":"%cf%86%ce%af%ce%bb%ce%bf%cf%82-%ce%bc%ce%bf%cf%85","status":"publish","type":"product","link":"https:\/\/ikastikos-kiklos.com\/en\/product\/%cf%86%ce%af%ce%bb%ce%bf%cf%82-%ce%bc%ce%bf%cf%85\/","title":{"rendered":"My friend"},"content":{"rendered":"<header class=\"title-container\">I loved the ancient vases because they depicted people as shadows. One might say they look like Shadow Theater. Shadow is a very big thing. You can give it tons and you can get a great deal of detail. I often painted in the room where I stayed in Paris and I woke up and I watched those shades I had made and I thought they were people who had come in. I was afraid of my own works. I am a humanist in painting. You should not make him as he is, but as you see him. Like when you travel with a ship from afar you see an island and everything seems flat. You see a blue and as you approach, you can see the ocher in the mountains. When illuminated by the sun, you think they are decked with scissors.<\/p>\n<p>Source: parathyro.com<\/p>\n<\/header>\n<div class=\"description-container dynamic-content\">\n<p>&nbsp;<\/p>\n<\/div>\n","protected":false},"excerpt":{"rendered":"<p>Inspiration is a great thing. What did Homer say? &#8220;Man called me, muse, kindred &#8230;&#8221; He asks the muse to inspire him to describe the man who suffered so much and so he passed. And Hesiod in Works and Days pleads with the muses to inspire him.<\/p>\n<p>Source: parathyro.com<\/p>\n","protected":false},"featured_media":2850,"template":"","meta":{"ngg_post_thumbnail":0},"product_brand":[],"product_cat":[397],"product_tag":[2330,2232,2667,2213],"class_list":{"0":"post-3406","1":"product","2":"type-product","3":"status-publish","4":"has-post-thumbnail","6":"product_cat-painting","7":"product_tag-acrylic-on-canvas-en","8":"product_tag-alekos-fassianos-en-2","9":"product_tag-blue","10":"product_tag-painting-en","12":"first","13":"instock","14":"taxable","15":"shipping-taxable","16":"product-type-simple"},"yoast_head":"<!-- This site is optimized with the Yoast SEO plugin v27.4 - https:\/\/yoast.com\/product\/yoast-seo-wordpress\/ -->\n<title>My Friend Painting by Fassianos Alekos at Ikastikos Kiklos Sianti Gallery.<\/title>\n<meta name=\"description\" content=\"My Friend Painting by Fassianos Alekos at Ikastikos Kiklos Sianti Gallery. Acrylic on canvas. Dimensions 25 x 29.5cm with blue being the dominant color.\" \/>\n<meta name=\"robots\" content=\"index, follow, max-snippet:-1, max-image-preview:large, max-video-preview:-1\" \/>\n<link rel=\"canonical\" href=\"https:\/\/ikastikos-kiklos.com\/en\/product\/\u03c6\u03af\u03bb\u03bf\u03c2-\u03bc\u03bf\u03c5\/\" \/>\n<meta property=\"og:locale\" content=\"en_US\" \/>\n<meta property=\"og:type\" content=\"article\" \/>\n<meta property=\"og:title\" content=\"My Friend Painting by Fassianos Alekos at Ikastikos Kiklos Sianti Gallery.\" \/>\n<meta property=\"og:description\" content=\"My Friend Painting by Fassianos Alekos at Ikastikos Kiklos Sianti Gallery. Acrylic on canvas. Dimensions 25 x 29.5cm with blue being the dominant color.\" \/>\n<meta property=\"og:url\" content=\"https:\/\/ikastikos-kiklos.com\/en\/product\/\u03c6\u03af\u03bb\u03bf\u03c2-\u03bc\u03bf\u03c5\/\" \/>\n<meta property=\"og:site_name\" content=\"Ikastikos Kiklos - Zografik\u00ed - Metaxotyp\u00edes - T\u00e9chniPainting - Silk Screen - Art\" \/>\n<meta property=\"article:publisher\" content=\"https:\/\/www.facebook.com\/ikastikoskiklossianti\/\" \/>\n<meta property=\"article:modified_time\" content=\"2018-02-06T00:59:01+00:00\" \/>\n<meta property=\"og:image\" content=\"https:\/\/ikastikos-kiklos.com\/wp-content\/uploads\/2016\/10\/No8-29.5x25cm.jpg\" \/>\n\t<meta property=\"og:image:width\" content=\"510\" \/>\n\t<meta property=\"og:image:height\" content=\"567\" \/>\n\t<meta property=\"og:image:type\" content=\"image\/jpeg\" \/>\n<meta name=\"twitter:card\" content=\"summary_large_image\" \/>\n<meta name=\"twitter:label1\" content=\"Est. reading time\" \/>\n\t<meta name=\"twitter:data1\" content=\"1 minute\" \/>\n<script type=\"application\/ld+json\" class=\"yoast-schema-graph\">{\"@context\":\"https:\\\/\\\/schema.org\",\"@graph\":[{\"@type\":\"WebPage\",\"@id\":\"https:\\\/\\\/ikastikos-kiklos.com\\\/en\\\/product\\\/%cf%86%ce%af%ce%bb%ce%bf%cf%82-%ce%bc%ce%bf%cf%85\\\/\",\"url\":\"https:\\\/\\\/ikastikos-kiklos.com\\\/en\\\/product\\\/%cf%86%ce%af%ce%bb%ce%bf%cf%82-%ce%bc%ce%bf%cf%85\\\/\",\"name\":\"My Friend Painting by Fassianos Alekos at Ikastikos Kiklos Sianti Gallery.\",\"isPartOf\":{\"@id\":\"https:\\\/\\\/ikastikos-kiklos.com\\\/en\\\/#website\"},\"primaryImageOfPage\":{\"@id\":\"https:\\\/\\\/ikastikos-kiklos.com\\\/en\\\/product\\\/%cf%86%ce%af%ce%bb%ce%bf%cf%82-%ce%bc%ce%bf%cf%85\\\/#primaryimage\"},\"image\":{\"@id\":\"https:\\\/\\\/ikastikos-kiklos.com\\\/en\\\/product\\\/%cf%86%ce%af%ce%bb%ce%bf%cf%82-%ce%bc%ce%bf%cf%85\\\/#primaryimage\"},\"thumbnailUrl\":\"https:\\\/\\\/ikastikos-kiklos.com\\\/wp-content\\\/uploads\\\/2016\\\/10\\\/No8-29.5x25cm.jpg\",\"datePublished\":\"2016-09-17T15:07:18+00:00\",\"dateModified\":\"2018-02-06T00:59:01+00:00\",\"description\":\"My Friend Painting by Fassianos Alekos at Ikastikos Kiklos Sianti Gallery. Acrylic on canvas. Dimensions 25 x 29.5cm with blue being the dominant color.\",\"breadcrumb\":{\"@id\":\"https:\\\/\\\/ikastikos-kiklos.com\\\/en\\\/product\\\/%cf%86%ce%af%ce%bb%ce%bf%cf%82-%ce%bc%ce%bf%cf%85\\\/#breadcrumb\"},\"inLanguage\":\"en-US\",\"potentialAction\":[{\"@type\":\"ReadAction\",\"target\":[\"https:\\\/\\\/ikastikos-kiklos.com\\\/en\\\/product\\\/%cf%86%ce%af%ce%bb%ce%bf%cf%82-%ce%bc%ce%bf%cf%85\\\/\"]}]},{\"@type\":\"ImageObject\",\"inLanguage\":\"en-US\",\"@id\":\"https:\\\/\\\/ikastikos-kiklos.com\\\/en\\\/product\\\/%cf%86%ce%af%ce%bb%ce%bf%cf%82-%ce%bc%ce%bf%cf%85\\\/#primaryimage\",\"url\":\"https:\\\/\\\/ikastikos-kiklos.com\\\/wp-content\\\/uploads\\\/2016\\\/10\\\/No8-29.5x25cm.jpg\",\"contentUrl\":\"https:\\\/\\\/ikastikos-kiklos.com\\\/wp-content\\\/uploads\\\/2016\\\/10\\\/No8-29.5x25cm.jpg\",\"width\":510,\"height\":567,\"caption\":\"\u03a6\u03af\u03bb\u03bf\u03c2 \u03bc\u03bf\u03c5 \u0396\u03c9\u03b3\u03c1\u03b1\u03c6\u03b9\u03ba\u03cc \u0388\u03c1\u03b3\u03bf \u03b1\u03c0\u03cc \u03c4\u03bf\u03bd \u0391\u03bb\u03ad\u03ba\u03bf \u03a6\u03b1\u03c3\u03b9\u03b1\u03bd\u03cc \u03c3\u03c4\u03bf\u03bd \u0395\u03b9\u03ba\u03b1\u03c3\u03c4\u03b9\u03ba\u03cc \u039a\u03cd\u03ba\u03bb\u03bf Sianti\"},{\"@type\":\"BreadcrumbList\",\"@id\":\"https:\\\/\\\/ikastikos-kiklos.com\\\/en\\\/product\\\/%cf%86%ce%af%ce%bb%ce%bf%cf%82-%ce%bc%ce%bf%cf%85\\\/#breadcrumb\",\"itemListElement\":[{\"@type\":\"ListItem\",\"position\":1,\"name\":\"Home\",\"item\":\"https:\\\/\\\/ikastikos-kiklos.com\\\/en\\\/\"},{\"@type\":\"ListItem\",\"position\":2,\"name\":\"\u0388\u03c1\u03b3\u03b1 \u03c4\u03ad\u03c7\u03bd\u03b7\u03c2\",\"item\":\"https:\\\/\\\/ikastikos-kiklos.com\\\/%ce%ad%cf%81%ce%b3%ce%b1-%cf%84%ce%ad%cf%87%ce%bd%ce%b7%cf%82\\\/\"},{\"@type\":\"ListItem\",\"position\":3,\"name\":\"My friend\"}]},{\"@type\":\"WebSite\",\"@id\":\"https:\\\/\\\/ikastikos-kiklos.com\\\/en\\\/#website\",\"url\":\"https:\\\/\\\/ikastikos-kiklos.com\\\/en\\\/\",\"name\":\"Ikastikos Kiklos - Zografik\u00ed - Metaxotyp\u00edes - T\u00e9chniPainting - Silk Screen - Art\",\"description\":\"\",\"publisher\":{\"@id\":\"https:\\\/\\\/ikastikos-kiklos.com\\\/en\\\/#organization\"},\"potentialAction\":[{\"@type\":\"SearchAction\",\"target\":{\"@type\":\"EntryPoint\",\"urlTemplate\":\"https:\\\/\\\/ikastikos-kiklos.com\\\/en\\\/?s={search_term_string}\"},\"query-input\":{\"@type\":\"PropertyValueSpecification\",\"valueRequired\":true,\"valueName\":\"search_term_string\"}}],\"inLanguage\":\"en-US\"},{\"@type\":\"Organization\",\"@id\":\"https:\\\/\\\/ikastikos-kiklos.com\\\/en\\\/#organization\",\"name\":\"Ikastikos Kiklos - Zografik\u00ed - Metaxotyp\u00edes - T\u00e9chniPainting - Silk Screen - Art\",\"url\":\"https:\\\/\\\/ikastikos-kiklos.com\\\/en\\\/\",\"logo\":{\"@type\":\"ImageObject\",\"inLanguage\":\"en-US\",\"@id\":\"https:\\\/\\\/ikastikos-kiklos.com\\\/en\\\/#\\\/schema\\\/logo\\\/image\\\/\",\"url\":\"https:\\\/\\\/ikastikos-kiklos.com\\\/wp-content\\\/uploads\\\/2022\\\/10\\\/cropped-favicon_ikastikos.png\",\"contentUrl\":\"https:\\\/\\\/ikastikos-kiklos.com\\\/wp-content\\\/uploads\\\/2022\\\/10\\\/cropped-favicon_ikastikos.png\",\"width\":512,\"height\":512,\"caption\":\"Ikastikos Kiklos - Zografik\u00ed - Metaxotyp\u00edes - T\u00e9chniPainting - Silk Screen - Art\"},\"image\":{\"@id\":\"https:\\\/\\\/ikastikos-kiklos.com\\\/en\\\/#\\\/schema\\\/logo\\\/image\\\/\"},\"sameAs\":[\"https:\\\/\\\/www.facebook.com\\\/ikastikoskiklossianti\\\/\"]}]}<\/script>\n<!-- \/ Yoast SEO plugin. -->","yoast_head_json":{"title":"My Friend Painting by Fassianos Alekos at Ikastikos Kiklos Sianti Gallery.","description":"My Friend Painting by Fassianos Alekos at Ikastikos Kiklos Sianti Gallery. Acrylic on canvas. Dimensions 25 x 29.5cm with blue being the dominant color.","robots":{"index":"index","follow":"follow","max-snippet":"max-snippet:-1","max-image-preview":"max-image-preview:large","max-video-preview":"max-video-preview:-1"},"canonical":"https:\/\/ikastikos-kiklos.com\/en\/product\/\u03c6\u03af\u03bb\u03bf\u03c2-\u03bc\u03bf\u03c5\/","og_locale":"en_US","og_type":"article","og_title":"My Friend Painting by Fassianos Alekos at Ikastikos Kiklos Sianti Gallery.","og_description":"My Friend Painting by Fassianos Alekos at Ikastikos Kiklos Sianti Gallery. Acrylic on canvas. Dimensions 25 x 29.5cm with blue being the dominant color.","og_url":"https:\/\/ikastikos-kiklos.com\/en\/product\/\u03c6\u03af\u03bb\u03bf\u03c2-\u03bc\u03bf\u03c5\/","og_site_name":"Ikastikos Kiklos - Zografik\u00ed - Metaxotyp\u00edes - T\u00e9chniPainting - Silk Screen - Art","article_publisher":"https:\/\/www.facebook.com\/ikastikoskiklossianti\/","article_modified_time":"2018-02-06T00:59:01+00:00","og_image":[{"width":510,"height":567,"url":"https:\/\/ikastikos-kiklos.com\/wp-content\/uploads\/2016\/10\/No8-29.5x25cm.jpg","type":"image\/jpeg"}],"twitter_card":"summary_large_image","twitter_misc":{"Est. reading time":"1 minute"},"schema":{"@context":"https:\/\/schema.org","@graph":[{"@type":"WebPage","@id":"https:\/\/ikastikos-kiklos.com\/en\/product\/%cf%86%ce%af%ce%bb%ce%bf%cf%82-%ce%bc%ce%bf%cf%85\/","url":"https:\/\/ikastikos-kiklos.com\/en\/product\/%cf%86%ce%af%ce%bb%ce%bf%cf%82-%ce%bc%ce%bf%cf%85\/","name":"My Friend Painting by Fassianos Alekos at Ikastikos Kiklos Sianti Gallery.","isPartOf":{"@id":"https:\/\/ikastikos-kiklos.com\/en\/#website"},"primaryImageOfPage":{"@id":"https:\/\/ikastikos-kiklos.com\/en\/product\/%cf%86%ce%af%ce%bb%ce%bf%cf%82-%ce%bc%ce%bf%cf%85\/#primaryimage"},"image":{"@id":"https:\/\/ikastikos-kiklos.com\/en\/product\/%cf%86%ce%af%ce%bb%ce%bf%cf%82-%ce%bc%ce%bf%cf%85\/#primaryimage"},"thumbnailUrl":"https:\/\/ikastikos-kiklos.com\/wp-content\/uploads\/2016\/10\/No8-29.5x25cm.jpg","datePublished":"2016-09-17T15:07:18+00:00","dateModified":"2018-02-06T00:59:01+00:00","description":"My Friend Painting by Fassianos Alekos at Ikastikos Kiklos Sianti Gallery. Acrylic on canvas. Dimensions 25 x 29.5cm with blue being the dominant color.","breadcrumb":{"@id":"https:\/\/ikastikos-kiklos.com\/en\/product\/%cf%86%ce%af%ce%bb%ce%bf%cf%82-%ce%bc%ce%bf%cf%85\/#breadcrumb"},"inLanguage":"en-US","potentialAction":[{"@type":"ReadAction","target":["https:\/\/ikastikos-kiklos.com\/en\/product\/%cf%86%ce%af%ce%bb%ce%bf%cf%82-%ce%bc%ce%bf%cf%85\/"]}]},{"@type":"ImageObject","inLanguage":"en-US","@id":"https:\/\/ikastikos-kiklos.com\/en\/product\/%cf%86%ce%af%ce%bb%ce%bf%cf%82-%ce%bc%ce%bf%cf%85\/#primaryimage","url":"https:\/\/ikastikos-kiklos.com\/wp-content\/uploads\/2016\/10\/No8-29.5x25cm.jpg","contentUrl":"https:\/\/ikastikos-kiklos.com\/wp-content\/uploads\/2016\/10\/No8-29.5x25cm.jpg","width":510,"height":567,"caption":"\u03a6\u03af\u03bb\u03bf\u03c2 \u03bc\u03bf\u03c5 \u0396\u03c9\u03b3\u03c1\u03b1\u03c6\u03b9\u03ba\u03cc \u0388\u03c1\u03b3\u03bf \u03b1\u03c0\u03cc \u03c4\u03bf\u03bd \u0391\u03bb\u03ad\u03ba\u03bf \u03a6\u03b1\u03c3\u03b9\u03b1\u03bd\u03cc \u03c3\u03c4\u03bf\u03bd \u0395\u03b9\u03ba\u03b1\u03c3\u03c4\u03b9\u03ba\u03cc \u039a\u03cd\u03ba\u03bb\u03bf Sianti"},{"@type":"BreadcrumbList","@id":"https:\/\/ikastikos-kiklos.com\/en\/product\/%cf%86%ce%af%ce%bb%ce%bf%cf%82-%ce%bc%ce%bf%cf%85\/#breadcrumb","itemListElement":[{"@type":"ListItem","position":1,"name":"Home","item":"https:\/\/ikastikos-kiklos.com\/en\/"},{"@type":"ListItem","position":2,"name":"\u0388\u03c1\u03b3\u03b1 \u03c4\u03ad\u03c7\u03bd\u03b7\u03c2","item":"https:\/\/ikastikos-kiklos.com\/%ce%ad%cf%81%ce%b3%ce%b1-%cf%84%ce%ad%cf%87%ce%bd%ce%b7%cf%82\/"},{"@type":"ListItem","position":3,"name":"My friend"}]},{"@type":"WebSite","@id":"https:\/\/ikastikos-kiklos.com\/en\/#website","url":"https:\/\/ikastikos-kiklos.com\/en\/","name":"Ikastikos Kiklos - Zografik\u00ed - Metaxotyp\u00edes - T\u00e9chniPainting - Silk Screen - Art","description":"","publisher":{"@id":"https:\/\/ikastikos-kiklos.com\/en\/#organization"},"potentialAction":[{"@type":"SearchAction","target":{"@type":"EntryPoint","urlTemplate":"https:\/\/ikastikos-kiklos.com\/en\/?s={search_term_string}"},"query-input":{"@type":"PropertyValueSpecification","valueRequired":true,"valueName":"search_term_string"}}],"inLanguage":"en-US"},{"@type":"Organization","@id":"https:\/\/ikastikos-kiklos.com\/en\/#organization","name":"Ikastikos Kiklos - Zografik\u00ed - Metaxotyp\u00edes - T\u00e9chniPainting - Silk Screen - Art","url":"https:\/\/ikastikos-kiklos.com\/en\/","logo":{"@type":"ImageObject","inLanguage":"en-US","@id":"https:\/\/ikastikos-kiklos.com\/en\/#\/schema\/logo\/image\/","url":"https:\/\/ikastikos-kiklos.com\/wp-content\/uploads\/2022\/10\/cropped-favicon_ikastikos.png","contentUrl":"https:\/\/ikastikos-kiklos.com\/wp-content\/uploads\/2022\/10\/cropped-favicon_ikastikos.png","width":512,"height":512,"caption":"Ikastikos Kiklos - Zografik\u00ed - Metaxotyp\u00edes - T\u00e9chniPainting - Silk Screen - Art"},"image":{"@id":"https:\/\/ikastikos-kiklos.com\/en\/#\/schema\/logo\/image\/"},"sameAs":["https:\/\/www.facebook.com\/ikastikoskiklossianti\/"]}]}},"_links":{"self":[{"href":"https:\/\/ikastikos-kiklos.com\/en\/wp-json\/wp\/v2\/product\/3406","targetHints":{"allow":["GET"]}}],"collection":[{"href":"https:\/\/ikastikos-kiklos.com\/en\/wp-json\/wp\/v2\/product"}],"about":[{"href":"https:\/\/ikastikos-kiklos.com\/en\/wp-json\/wp\/v2\/types\/product"}],"wp:featuredmedia":[{"embeddable":true,"href":"https:\/\/ikastikos-kiklos.com\/en\/wp-json\/wp\/v2\/media\/2850"}],"wp:attachment":[{"href":"https:\/\/ikastikos-kiklos.com\/en\/wp-json\/wp\/v2\/media?parent=3406"}],"wp:term":[{"taxonomy":"product_brand","embeddable":true,"href":"https:\/\/ikastikos-kiklos.com\/en\/wp-json\/wp\/v2\/product_brand?post=3406"},{"taxonomy":"product_cat","embeddable":true,"href":"https:\/\/ikastikos-kiklos.com\/en\/wp-json\/wp\/v2\/product_cat?post=3406"},{"taxonomy":"product_tag","embeddable":true,"href":"https:\/\/ikastikos-kiklos.com\/en\/wp-json\/wp\/v2\/product_tag?post=3406"}],"curies":[{"name":"wp","href":"https:\/\/api.w.org\/{rel}","templated":true}]}}