{"id":34023,"date":"2021-06-04T19:43:24","date_gmt":"2021-06-04T16:43:24","guid":{"rendered":"https:\/\/ikastikos-kiklos.com\/product\/landscape-charos-manolis-2\/"},"modified":"2021-06-04T19:43:24","modified_gmt":"2021-06-04T16:43:24","slug":"landscape-charos-manolis-2","status":"publish","type":"product","link":"https:\/\/ikastikos-kiklos.com\/en\/product\/landscape-charos-manolis-2\/","title":{"rendered":"Landscape"},"content":{"rendered":"","protected":false},"excerpt":{"rendered":"<p>Artwork of 1982<\/p>\n","protected":false},"featured_media":33860,"template":"","meta":{"ngg_post_thumbnail":0},"product_brand":[],"product_cat":[398,397],"product_tag":[2250,2213],"class_list":{"0":"post-34023","1":"product","2":"type-product","3":"status-publish","4":"has-post-thumbnail","6":"product_cat-collections","7":"product_cat-painting","8":"product_tag-manolis-charos-en","9":"product_tag-painting-en","11":"first","12":"instock","13":"taxable","14":"shipping-taxable","15":"product-type-simple"},"yoast_head":"<!-- This site is optimized with the Yoast SEO plugin v27.4 - https:\/\/yoast.com\/product\/yoast-seo-wordpress\/ -->\n<title>Landscape Painting by Charos Manolis at Ikastikos Kiklos Sianti Gallery<\/title>\n<meta name=\"description\" content=\"Landscape Painting by Charos Manolis at Ikastikos Kiklos Sianti Gallery in dimensions 60x80 cm and acrylic paint on canvas\" \/>\n<meta name=\"robots\" content=\"index, follow, max-snippet:-1, max-image-preview:large, max-video-preview:-1\" \/>\n<link rel=\"canonical\" href=\"https:\/\/ikastikos-kiklos.com\/en\/product\/landscape-charos-manolis-2\/\" \/>\n<meta property=\"og:locale\" content=\"en_US\" \/>\n<meta property=\"og:type\" content=\"article\" \/>\n<meta property=\"og:title\" content=\"Landscape Painting by Charos Manolis at Ikastikos Kiklos Sianti Gallery\" \/>\n<meta property=\"og:description\" content=\"Landscape Painting by Charos Manolis at Ikastikos Kiklos Sianti Gallery in dimensions 60x80 cm and acrylic paint on canvas\" \/>\n<meta property=\"og:url\" content=\"https:\/\/ikastikos-kiklos.com\/en\/product\/landscape-charos-manolis-2\/\" \/>\n<meta property=\"og:site_name\" content=\"Ikastikos Kiklos - Zografik\u00ed - Metaxotyp\u00edes - T\u00e9chniPainting - Silk Screen - Art\" \/>\n<meta property=\"article:publisher\" content=\"https:\/\/www.facebook.com\/ikastikoskiklossianti\/\" \/>\n<meta property=\"og:image\" content=\"https:\/\/ikastikos-kiklos.com\/wp-content\/uploads\/2021\/06\/\u03c7\u03ac\u03c1\u03bf\u03c2-\u03bc\u03b1\u03bd\u03ce\u03bb\u03b7\u03c2-\u03ad\u03bd\u03b1-\u03b2\u03b1\u03c0\u03cc\u03c1\u03b9-\u03ba\u03b1\u03b9-\u03ad\u03bd\u03b1-\u03b4\u03ad\u03bd\u03c4\u03c1\u03bf-\u03b6\u03c9\u03b3\u03c1\u03b1\u03c6\u03b9\u03ba\u03cc-\u03ad\u03c1\u03b3\u03bf.jpg\" \/>\n\t<meta property=\"og:image:width\" content=\"700\" \/>\n\t<meta property=\"og:image:height\" content=\"940\" \/>\n\t<meta property=\"og:image:type\" content=\"image\/jpeg\" \/>\n<meta name=\"twitter:card\" content=\"summary_large_image\" \/>\n<script type=\"application\/ld+json\" class=\"yoast-schema-graph\">{\"@context\":\"https:\\\/\\\/schema.org\",\"@graph\":[{\"@type\":\"WebPage\",\"@id\":\"https:\\\/\\\/ikastikos-kiklos.com\\\/en\\\/product\\\/landscape-charos-manolis-2\\\/\",\"url\":\"https:\\\/\\\/ikastikos-kiklos.com\\\/en\\\/product\\\/landscape-charos-manolis-2\\\/\",\"name\":\"Landscape Painting by Charos Manolis at Ikastikos Kiklos Sianti Gallery\",\"isPartOf\":{\"@id\":\"https:\\\/\\\/ikastikos-kiklos.com\\\/en\\\/#website\"},\"primaryImageOfPage\":{\"@id\":\"https:\\\/\\\/ikastikos-kiklos.com\\\/en\\\/product\\\/landscape-charos-manolis-2\\\/#primaryimage\"},\"image\":{\"@id\":\"https:\\\/\\\/ikastikos-kiklos.com\\\/en\\\/product\\\/landscape-charos-manolis-2\\\/#primaryimage\"},\"thumbnailUrl\":\"https:\\\/\\\/ikastikos-kiklos.com\\\/wp-content\\\/uploads\\\/2021\\\/06\\\/\u03c7\u03ac\u03c1\u03bf\u03c2-\u03bc\u03b1\u03bd\u03ce\u03bb\u03b7\u03c2-\u03ad\u03bd\u03b1-\u03b2\u03b1\u03c0\u03cc\u03c1\u03b9-\u03ba\u03b1\u03b9-\u03ad\u03bd\u03b1-\u03b4\u03ad\u03bd\u03c4\u03c1\u03bf-\u03b6\u03c9\u03b3\u03c1\u03b1\u03c6\u03b9\u03ba\u03cc-\u03ad\u03c1\u03b3\u03bf.jpg\",\"datePublished\":\"2021-06-04T16:43:24+00:00\",\"description\":\"Landscape Painting by Charos Manolis at Ikastikos Kiklos Sianti Gallery in dimensions 60x80 cm and acrylic paint on canvas\",\"breadcrumb\":{\"@id\":\"https:\\\/\\\/ikastikos-kiklos.com\\\/en\\\/product\\\/landscape-charos-manolis-2\\\/#breadcrumb\"},\"inLanguage\":\"en-US\",\"potentialAction\":[{\"@type\":\"ReadAction\",\"target\":[\"https:\\\/\\\/ikastikos-kiklos.com\\\/en\\\/product\\\/landscape-charos-manolis-2\\\/\"]}]},{\"@type\":\"ImageObject\",\"inLanguage\":\"en-US\",\"@id\":\"https:\\\/\\\/ikastikos-kiklos.com\\\/en\\\/product\\\/landscape-charos-manolis-2\\\/#primaryimage\",\"url\":\"https:\\\/\\\/ikastikos-kiklos.com\\\/wp-content\\\/uploads\\\/2021\\\/06\\\/\u03c7\u03ac\u03c1\u03bf\u03c2-\u03bc\u03b1\u03bd\u03ce\u03bb\u03b7\u03c2-\u03ad\u03bd\u03b1-\u03b2\u03b1\u03c0\u03cc\u03c1\u03b9-\u03ba\u03b1\u03b9-\u03ad\u03bd\u03b1-\u03b4\u03ad\u03bd\u03c4\u03c1\u03bf-\u03b6\u03c9\u03b3\u03c1\u03b1\u03c6\u03b9\u03ba\u03cc-\u03ad\u03c1\u03b3\u03bf.jpg\",\"contentUrl\":\"https:\\\/\\\/ikastikos-kiklos.com\\\/wp-content\\\/uploads\\\/2021\\\/06\\\/\u03c7\u03ac\u03c1\u03bf\u03c2-\u03bc\u03b1\u03bd\u03ce\u03bb\u03b7\u03c2-\u03ad\u03bd\u03b1-\u03b2\u03b1\u03c0\u03cc\u03c1\u03b9-\u03ba\u03b1\u03b9-\u03ad\u03bd\u03b1-\u03b4\u03ad\u03bd\u03c4\u03c1\u03bf-\u03b6\u03c9\u03b3\u03c1\u03b1\u03c6\u03b9\u03ba\u03cc-\u03ad\u03c1\u03b3\u03bf.jpg\",\"width\":700,\"height\":940,\"caption\":\"landscape-charos-manolis-painting\"},{\"@type\":\"BreadcrumbList\",\"@id\":\"https:\\\/\\\/ikastikos-kiklos.com\\\/en\\\/product\\\/landscape-charos-manolis-2\\\/#breadcrumb\",\"itemListElement\":[{\"@type\":\"ListItem\",\"position\":1,\"name\":\"Home\",\"item\":\"https:\\\/\\\/ikastikos-kiklos.com\\\/en\\\/\"},{\"@type\":\"ListItem\",\"position\":2,\"name\":\"\u0388\u03c1\u03b3\u03b1 \u03c4\u03ad\u03c7\u03bd\u03b7\u03c2\",\"item\":\"https:\\\/\\\/ikastikos-kiklos.com\\\/%ce%ad%cf%81%ce%b3%ce%b1-%cf%84%ce%ad%cf%87%ce%bd%ce%b7%cf%82\\\/\"},{\"@type\":\"ListItem\",\"position\":3,\"name\":\"Landscape\"}]},{\"@type\":\"WebSite\",\"@id\":\"https:\\\/\\\/ikastikos-kiklos.com\\\/en\\\/#website\",\"url\":\"https:\\\/\\\/ikastikos-kiklos.com\\\/en\\\/\",\"name\":\"Ikastikos Kiklos - Zografik\u00ed - Metaxotyp\u00edes - T\u00e9chniPainting - Silk Screen - Art\",\"description\":\"\",\"publisher\":{\"@id\":\"https:\\\/\\\/ikastikos-kiklos.com\\\/en\\\/#organization\"},\"potentialAction\":[{\"@type\":\"SearchAction\",\"target\":{\"@type\":\"EntryPoint\",\"urlTemplate\":\"https:\\\/\\\/ikastikos-kiklos.com\\\/en\\\/?s={search_term_string}\"},\"query-input\":{\"@type\":\"PropertyValueSpecification\",\"valueRequired\":true,\"valueName\":\"search_term_string\"}}],\"inLanguage\":\"en-US\"},{\"@type\":\"Organization\",\"@id\":\"https:\\\/\\\/ikastikos-kiklos.com\\\/en\\\/#organization\",\"name\":\"Ikastikos Kiklos - Zografik\u00ed - Metaxotyp\u00edes - T\u00e9chniPainting - Silk Screen - Art\",\"url\":\"https:\\\/\\\/ikastikos-kiklos.com\\\/en\\\/\",\"logo\":{\"@type\":\"ImageObject\",\"inLanguage\":\"en-US\",\"@id\":\"https:\\\/\\\/ikastikos-kiklos.com\\\/en\\\/#\\\/schema\\\/logo\\\/image\\\/\",\"url\":\"https:\\\/\\\/ikastikos-kiklos.com\\\/wp-content\\\/uploads\\\/2022\\\/10\\\/cropped-favicon_ikastikos.png\",\"contentUrl\":\"https:\\\/\\\/ikastikos-kiklos.com\\\/wp-content\\\/uploads\\\/2022\\\/10\\\/cropped-favicon_ikastikos.png\",\"width\":512,\"height\":512,\"caption\":\"Ikastikos Kiklos - Zografik\u00ed - Metaxotyp\u00edes - T\u00e9chniPainting - Silk Screen - Art\"},\"image\":{\"@id\":\"https:\\\/\\\/ikastikos-kiklos.com\\\/en\\\/#\\\/schema\\\/logo\\\/image\\\/\"},\"sameAs\":[\"https:\\\/\\\/www.facebook.com\\\/ikastikoskiklossianti\\\/\"]}]}<\/script>\n<!-- \/ Yoast SEO plugin. -->","yoast_head_json":{"title":"Landscape Painting by Charos Manolis at Ikastikos Kiklos Sianti Gallery","description":"Landscape Painting by Charos Manolis at Ikastikos Kiklos Sianti Gallery in dimensions 60x80 cm and acrylic paint on canvas","robots":{"index":"index","follow":"follow","max-snippet":"max-snippet:-1","max-image-preview":"max-image-preview:large","max-video-preview":"max-video-preview:-1"},"canonical":"https:\/\/ikastikos-kiklos.com\/en\/product\/landscape-charos-manolis-2\/","og_locale":"en_US","og_type":"article","og_title":"Landscape Painting by Charos Manolis at Ikastikos Kiklos Sianti Gallery","og_description":"Landscape Painting by Charos Manolis at Ikastikos Kiklos Sianti Gallery in dimensions 60x80 cm and acrylic paint on canvas","og_url":"https:\/\/ikastikos-kiklos.com\/en\/product\/landscape-charos-manolis-2\/","og_site_name":"Ikastikos Kiklos - Zografik\u00ed - Metaxotyp\u00edes - T\u00e9chniPainting - Silk Screen - Art","article_publisher":"https:\/\/www.facebook.com\/ikastikoskiklossianti\/","og_image":[{"width":700,"height":940,"url":"https:\/\/ikastikos-kiklos.com\/wp-content\/uploads\/2021\/06\/\u03c7\u03ac\u03c1\u03bf\u03c2-\u03bc\u03b1\u03bd\u03ce\u03bb\u03b7\u03c2-\u03ad\u03bd\u03b1-\u03b2\u03b1\u03c0\u03cc\u03c1\u03b9-\u03ba\u03b1\u03b9-\u03ad\u03bd\u03b1-\u03b4\u03ad\u03bd\u03c4\u03c1\u03bf-\u03b6\u03c9\u03b3\u03c1\u03b1\u03c6\u03b9\u03ba\u03cc-\u03ad\u03c1\u03b3\u03bf.jpg","type":"image\/jpeg"}],"twitter_card":"summary_large_image","schema":{"@context":"https:\/\/schema.org","@graph":[{"@type":"WebPage","@id":"https:\/\/ikastikos-kiklos.com\/en\/product\/landscape-charos-manolis-2\/","url":"https:\/\/ikastikos-kiklos.com\/en\/product\/landscape-charos-manolis-2\/","name":"Landscape Painting by Charos Manolis at Ikastikos Kiklos Sianti Gallery","isPartOf":{"@id":"https:\/\/ikastikos-kiklos.com\/en\/#website"},"primaryImageOfPage":{"@id":"https:\/\/ikastikos-kiklos.com\/en\/product\/landscape-charos-manolis-2\/#primaryimage"},"image":{"@id":"https:\/\/ikastikos-kiklos.com\/en\/product\/landscape-charos-manolis-2\/#primaryimage"},"thumbnailUrl":"https:\/\/ikastikos-kiklos.com\/wp-content\/uploads\/2021\/06\/\u03c7\u03ac\u03c1\u03bf\u03c2-\u03bc\u03b1\u03bd\u03ce\u03bb\u03b7\u03c2-\u03ad\u03bd\u03b1-\u03b2\u03b1\u03c0\u03cc\u03c1\u03b9-\u03ba\u03b1\u03b9-\u03ad\u03bd\u03b1-\u03b4\u03ad\u03bd\u03c4\u03c1\u03bf-\u03b6\u03c9\u03b3\u03c1\u03b1\u03c6\u03b9\u03ba\u03cc-\u03ad\u03c1\u03b3\u03bf.jpg","datePublished":"2021-06-04T16:43:24+00:00","description":"Landscape Painting by Charos Manolis at Ikastikos Kiklos Sianti Gallery in dimensions 60x80 cm and acrylic paint on canvas","breadcrumb":{"@id":"https:\/\/ikastikos-kiklos.com\/en\/product\/landscape-charos-manolis-2\/#breadcrumb"},"inLanguage":"en-US","potentialAction":[{"@type":"ReadAction","target":["https:\/\/ikastikos-kiklos.com\/en\/product\/landscape-charos-manolis-2\/"]}]},{"@type":"ImageObject","inLanguage":"en-US","@id":"https:\/\/ikastikos-kiklos.com\/en\/product\/landscape-charos-manolis-2\/#primaryimage","url":"https:\/\/ikastikos-kiklos.com\/wp-content\/uploads\/2021\/06\/\u03c7\u03ac\u03c1\u03bf\u03c2-\u03bc\u03b1\u03bd\u03ce\u03bb\u03b7\u03c2-\u03ad\u03bd\u03b1-\u03b2\u03b1\u03c0\u03cc\u03c1\u03b9-\u03ba\u03b1\u03b9-\u03ad\u03bd\u03b1-\u03b4\u03ad\u03bd\u03c4\u03c1\u03bf-\u03b6\u03c9\u03b3\u03c1\u03b1\u03c6\u03b9\u03ba\u03cc-\u03ad\u03c1\u03b3\u03bf.jpg","contentUrl":"https:\/\/ikastikos-kiklos.com\/wp-content\/uploads\/2021\/06\/\u03c7\u03ac\u03c1\u03bf\u03c2-\u03bc\u03b1\u03bd\u03ce\u03bb\u03b7\u03c2-\u03ad\u03bd\u03b1-\u03b2\u03b1\u03c0\u03cc\u03c1\u03b9-\u03ba\u03b1\u03b9-\u03ad\u03bd\u03b1-\u03b4\u03ad\u03bd\u03c4\u03c1\u03bf-\u03b6\u03c9\u03b3\u03c1\u03b1\u03c6\u03b9\u03ba\u03cc-\u03ad\u03c1\u03b3\u03bf.jpg","width":700,"height":940,"caption":"landscape-charos-manolis-painting"},{"@type":"BreadcrumbList","@id":"https:\/\/ikastikos-kiklos.com\/en\/product\/landscape-charos-manolis-2\/#breadcrumb","itemListElement":[{"@type":"ListItem","position":1,"name":"Home","item":"https:\/\/ikastikos-kiklos.com\/en\/"},{"@type":"ListItem","position":2,"name":"\u0388\u03c1\u03b3\u03b1 \u03c4\u03ad\u03c7\u03bd\u03b7\u03c2","item":"https:\/\/ikastikos-kiklos.com\/%ce%ad%cf%81%ce%b3%ce%b1-%cf%84%ce%ad%cf%87%ce%bd%ce%b7%cf%82\/"},{"@type":"ListItem","position":3,"name":"Landscape"}]},{"@type":"WebSite","@id":"https:\/\/ikastikos-kiklos.com\/en\/#website","url":"https:\/\/ikastikos-kiklos.com\/en\/","name":"Ikastikos Kiklos - Zografik\u00ed - Metaxotyp\u00edes - T\u00e9chniPainting - Silk Screen - Art","description":"","publisher":{"@id":"https:\/\/ikastikos-kiklos.com\/en\/#organization"},"potentialAction":[{"@type":"SearchAction","target":{"@type":"EntryPoint","urlTemplate":"https:\/\/ikastikos-kiklos.com\/en\/?s={search_term_string}"},"query-input":{"@type":"PropertyValueSpecification","valueRequired":true,"valueName":"search_term_string"}}],"inLanguage":"en-US"},{"@type":"Organization","@id":"https:\/\/ikastikos-kiklos.com\/en\/#organization","name":"Ikastikos Kiklos - Zografik\u00ed - Metaxotyp\u00edes - T\u00e9chniPainting - Silk Screen - Art","url":"https:\/\/ikastikos-kiklos.com\/en\/","logo":{"@type":"ImageObject","inLanguage":"en-US","@id":"https:\/\/ikastikos-kiklos.com\/en\/#\/schema\/logo\/image\/","url":"https:\/\/ikastikos-kiklos.com\/wp-content\/uploads\/2022\/10\/cropped-favicon_ikastikos.png","contentUrl":"https:\/\/ikastikos-kiklos.com\/wp-content\/uploads\/2022\/10\/cropped-favicon_ikastikos.png","width":512,"height":512,"caption":"Ikastikos Kiklos - Zografik\u00ed - Metaxotyp\u00edes - T\u00e9chniPainting - Silk Screen - Art"},"image":{"@id":"https:\/\/ikastikos-kiklos.com\/en\/#\/schema\/logo\/image\/"},"sameAs":["https:\/\/www.facebook.com\/ikastikoskiklossianti\/"]}]}},"_links":{"self":[{"href":"https:\/\/ikastikos-kiklos.com\/en\/wp-json\/wp\/v2\/product\/34023","targetHints":{"allow":["GET"]}}],"collection":[{"href":"https:\/\/ikastikos-kiklos.com\/en\/wp-json\/wp\/v2\/product"}],"about":[{"href":"https:\/\/ikastikos-kiklos.com\/en\/wp-json\/wp\/v2\/types\/product"}],"wp:featuredmedia":[{"embeddable":true,"href":"https:\/\/ikastikos-kiklos.com\/en\/wp-json\/wp\/v2\/media\/33860"}],"wp:attachment":[{"href":"https:\/\/ikastikos-kiklos.com\/en\/wp-json\/wp\/v2\/media?parent=34023"}],"wp:term":[{"taxonomy":"product_brand","embeddable":true,"href":"https:\/\/ikastikos-kiklos.com\/en\/wp-json\/wp\/v2\/product_brand?post=34023"},{"taxonomy":"product_cat","embeddable":true,"href":"https:\/\/ikastikos-kiklos.com\/en\/wp-json\/wp\/v2\/product_cat?post=34023"},{"taxonomy":"product_tag","embeddable":true,"href":"https:\/\/ikastikos-kiklos.com\/en\/wp-json\/wp\/v2\/product_tag?post=34023"}],"curies":[{"name":"wp","href":"https:\/\/api.w.org\/{rel}","templated":true}]}}