{"id":3399,"date":"2016-09-23T14:59:05","date_gmt":"2016-09-23T14:59:05","guid":{"rendered":"http:\/\/ikastikos-kiklos.com\/\u03c0\u03c1\u03bf\u03ca\u03cc\u03bd\/%ce%ac%cf%84%ce%b9%cf%84%ce%bb%ce%bf-20\/?lang=en"},"modified":"2017-09-04T21:09:21","modified_gmt":"2017-09-04T18:09:21","slug":"%ce%ac%cf%84%ce%b9%cf%84%ce%bb%ce%bf-20","status":"publish","type":"product","link":"https:\/\/ikastikos-kiklos.com\/en\/product\/%ce%ac%cf%84%ce%b9%cf%84%ce%bb%ce%bf-20\/","title":{"rendered":"Untitled"},"content":{"rendered":"<header class=\"title-container\">I have embraced abstract art. Art that has been questioned for many years and even now some are questioning it.<\/p>\n<p>Keep in mind that abstract art frees the painter from the taboo of the past. But it has a disadvantage. It has no comfort in communicating with the public. The audience can not understand it, they think it is playful. And it&#8217;s not like that at all!<\/p>\n<p>As an artist, I have benefited from my studies and my engagement with them. It frees you from the image and puts you silently in the board as if you were part of the board. In abstract shapes, it also distinguishes forms.<\/p>\n<p>The abstract art, combined with my mathematical way of thinking over the last five (5) years has led me to make a series of works that refer to the golden rule.<\/p>\n<p>In these cool tones of color, in these lines in order not to lose the viewer, I leave this loophole and I put elements from the past, apples, figures, etc.<\/p>\n<p>Source: <a href=\"https:\/\/www.athenswest.gr\/arthra\/%CE%B5%CE%B9%CE%BA%CE%B1%CF%83%CF%84%CE%B9%CE%BA%CF%8C%CF%82-%CF%87%CF%81%CE%AF%CF%83%CF%84%CE%BF%CF%82-%CE%BA%CE%B1%CF%81%CE%AC%CF%82\/\">athenswest.gr<\/a><\/p>\n<\/header>\n","protected":false},"excerpt":{"rendered":"<p>Created in 2003<\/p>\n<p>&#8220;Cosmopolitanism and the feeling of &#8220;belonging&#8221;: on this diachronic dimension &#8211; although in reality is not timeless, since we recognize the values \u200b\u200bof absolute ecumenism in the Greek identity &#8211; all of Kara&#8217;s art moves,&#8221; writes Julia Serafini.<\/p>\n<p>Source: <a href=\"http:\/\/www.cityportal.gr\/articles_det1.asp?subcat_id=33&amp;article_id=11059\">cityportal.gr<\/a><\/p>\n","protected":false},"featured_media":7172,"template":"","meta":{"ngg_post_thumbnail":0},"product_brand":[],"product_cat":[398,1008],"product_tag":[2607,2213,3146,2273],"class_list":{"0":"post-3399","1":"product","2":"type-product","3":"status-publish","4":"has-post-thumbnail","6":"product_cat-collections","7":"product_cat-small-painting","8":"product_tag-karas-christos","9":"product_tag-painting-en","10":"product_tag--en","11":"product_tag----en","13":"first","14":"instock","15":"taxable","16":"shipping-taxable","17":"product-type-simple"},"yoast_head":"<!-- This site is optimized with the Yoast SEO plugin v27.2 - https:\/\/yoast.com\/product\/yoast-seo-wordpress\/ -->\n<title>Untitled Painting by Christos Karas at Ikastikos Kiklos Sianti Gallery.<\/title>\n<meta name=\"description\" content=\"Untitled Painting by Christos Karas at Ikastikos Kiklos Sianti Gallery. Oil on canvas. Dimensions 35x25cm. A vase in earthy tones.\" \/>\n<meta name=\"robots\" content=\"index, follow, max-snippet:-1, max-image-preview:large, max-video-preview:-1\" \/>\n<link rel=\"canonical\" href=\"https:\/\/ikastikos-kiklos.com\/en\/product\/\u03ac\u03c4\u03b9\u03c4\u03bb\u03bf-20\/\" \/>\n<meta property=\"og:locale\" content=\"en_US\" \/>\n<meta property=\"og:type\" content=\"article\" \/>\n<meta property=\"og:title\" content=\"Untitled Painting by Christos Karas at Ikastikos Kiklos Sianti Gallery.\" \/>\n<meta property=\"og:description\" content=\"Untitled Painting by Christos Karas at Ikastikos Kiklos Sianti Gallery. Oil on canvas. Dimensions 35x25cm. A vase in earthy tones.\" \/>\n<meta property=\"og:url\" content=\"https:\/\/ikastikos-kiklos.com\/en\/product\/\u03ac\u03c4\u03b9\u03c4\u03bb\u03bf-20\/\" \/>\n<meta property=\"og:site_name\" content=\"Ikastikos Kiklos - Zografik\u00ed - Metaxotyp\u00edes - T\u00e9chniPainting - Silk Screen - Art\" \/>\n<meta property=\"article:publisher\" content=\"https:\/\/www.facebook.com\/ikastikoskiklossianti\/\" \/>\n<meta property=\"article:modified_time\" content=\"2017-09-04T18:09:21+00:00\" \/>\n<meta property=\"og:image\" content=\"https:\/\/ikastikos-kiklos.com\/wp-content\/uploads\/2016\/09\/Job_4965-1.jpg\" \/>\n\t<meta property=\"og:image:width\" content=\"800\" \/>\n\t<meta property=\"og:image:height\" content=\"1068\" \/>\n\t<meta property=\"og:image:type\" content=\"image\/jpeg\" \/>\n<meta name=\"twitter:card\" content=\"summary_large_image\" \/>\n<meta name=\"twitter:label1\" content=\"Est. reading time\" \/>\n\t<meta name=\"twitter:data1\" content=\"1 minute\" \/>\n<script type=\"application\/ld+json\" class=\"yoast-schema-graph\">{\"@context\":\"https:\/\/schema.org\",\"@graph\":[{\"@type\":\"WebPage\",\"@id\":\"https:\/\/ikastikos-kiklos.com\/en\/product\/%ce%ac%cf%84%ce%b9%cf%84%ce%bb%ce%bf-20\/\",\"url\":\"https:\/\/ikastikos-kiklos.com\/en\/product\/%ce%ac%cf%84%ce%b9%cf%84%ce%bb%ce%bf-20\/\",\"name\":\"Untitled Painting by Christos Karas at Ikastikos Kiklos Sianti Gallery.\",\"isPartOf\":{\"@id\":\"https:\/\/ikastikos-kiklos.com\/en\/#website\"},\"primaryImageOfPage\":{\"@id\":\"https:\/\/ikastikos-kiklos.com\/en\/product\/%ce%ac%cf%84%ce%b9%cf%84%ce%bb%ce%bf-20\/#primaryimage\"},\"image\":{\"@id\":\"https:\/\/ikastikos-kiklos.com\/en\/product\/%ce%ac%cf%84%ce%b9%cf%84%ce%bb%ce%bf-20\/#primaryimage\"},\"thumbnailUrl\":\"https:\/\/ikastikos-kiklos.com\/wp-content\/uploads\/2016\/09\/Job_4965-1.jpg\",\"datePublished\":\"2016-09-23T14:59:05+00:00\",\"dateModified\":\"2017-09-04T18:09:21+00:00\",\"description\":\"Untitled Painting by Christos Karas at Ikastikos Kiklos Sianti Gallery. Oil on canvas. Dimensions 35x25cm. A vase in earthy tones.\",\"breadcrumb\":{\"@id\":\"https:\/\/ikastikos-kiklos.com\/en\/product\/%ce%ac%cf%84%ce%b9%cf%84%ce%bb%ce%bf-20\/#breadcrumb\"},\"inLanguage\":\"en-US\",\"potentialAction\":[{\"@type\":\"ReadAction\",\"target\":[\"https:\/\/ikastikos-kiklos.com\/en\/product\/%ce%ac%cf%84%ce%b9%cf%84%ce%bb%ce%bf-20\/\"]}]},{\"@type\":\"ImageObject\",\"inLanguage\":\"en-US\",\"@id\":\"https:\/\/ikastikos-kiklos.com\/en\/product\/%ce%ac%cf%84%ce%b9%cf%84%ce%bb%ce%bf-20\/#primaryimage\",\"url\":\"https:\/\/ikastikos-kiklos.com\/wp-content\/uploads\/2016\/09\/Job_4965-1.jpg\",\"contentUrl\":\"https:\/\/ikastikos-kiklos.com\/wp-content\/uploads\/2016\/09\/Job_4965-1.jpg\",\"width\":800,\"height\":1068,\"caption\":\"Untitled Painting by Christos Karas at Ikastikos Kiklos Sianti Gallery.\"},{\"@type\":\"BreadcrumbList\",\"@id\":\"https:\/\/ikastikos-kiklos.com\/en\/product\/%ce%ac%cf%84%ce%b9%cf%84%ce%bb%ce%bf-20\/#breadcrumb\",\"itemListElement\":[{\"@type\":\"ListItem\",\"position\":1,\"name\":\"Home\",\"item\":\"https:\/\/ikastikos-kiklos.com\/en\/\"},{\"@type\":\"ListItem\",\"position\":2,\"name\":\"\u0388\u03c1\u03b3\u03b1 \u03c4\u03ad\u03c7\u03bd\u03b7\u03c2\",\"item\":\"https:\/\/ikastikos-kiklos.com\/%ce%ad%cf%81%ce%b3%ce%b1-%cf%84%ce%ad%cf%87%ce%bd%ce%b7%cf%82\/\"},{\"@type\":\"ListItem\",\"position\":3,\"name\":\"Untitled\"}]},{\"@type\":\"WebSite\",\"@id\":\"https:\/\/ikastikos-kiklos.com\/en\/#website\",\"url\":\"https:\/\/ikastikos-kiklos.com\/en\/\",\"name\":\"Ikastikos Kiklos - Zografik\u00ed - Metaxotyp\u00edes - T\u00e9chniPainting - Silk Screen - Art\",\"description\":\"\",\"publisher\":{\"@id\":\"https:\/\/ikastikos-kiklos.com\/en\/#organization\"},\"potentialAction\":[{\"@type\":\"SearchAction\",\"target\":{\"@type\":\"EntryPoint\",\"urlTemplate\":\"https:\/\/ikastikos-kiklos.com\/en\/?s={search_term_string}\"},\"query-input\":{\"@type\":\"PropertyValueSpecification\",\"valueRequired\":true,\"valueName\":\"search_term_string\"}}],\"inLanguage\":\"en-US\"},{\"@type\":\"Organization\",\"@id\":\"https:\/\/ikastikos-kiklos.com\/en\/#organization\",\"name\":\"Ikastikos Kiklos - Zografik\u00ed - Metaxotyp\u00edes - T\u00e9chniPainting - Silk Screen - Art\",\"url\":\"https:\/\/ikastikos-kiklos.com\/en\/\",\"logo\":{\"@type\":\"ImageObject\",\"inLanguage\":\"en-US\",\"@id\":\"https:\/\/ikastikos-kiklos.com\/en\/#\/schema\/logo\/image\/\",\"url\":\"https:\/\/ikastikos-kiklos.com\/wp-content\/uploads\/2022\/10\/cropped-favicon_ikastikos.png\",\"contentUrl\":\"https:\/\/ikastikos-kiklos.com\/wp-content\/uploads\/2022\/10\/cropped-favicon_ikastikos.png\",\"width\":512,\"height\":512,\"caption\":\"Ikastikos Kiklos - Zografik\u00ed - Metaxotyp\u00edes - T\u00e9chniPainting - Silk Screen - Art\"},\"image\":{\"@id\":\"https:\/\/ikastikos-kiklos.com\/en\/#\/schema\/logo\/image\/\"},\"sameAs\":[\"https:\/\/www.facebook.com\/ikastikoskiklossianti\/\"]}]}<\/script>\n<!-- \/ Yoast SEO plugin. -->","yoast_head_json":{"title":"Untitled Painting by Christos Karas at Ikastikos Kiklos Sianti Gallery.","description":"Untitled Painting by Christos Karas at Ikastikos Kiklos Sianti Gallery. Oil on canvas. Dimensions 35x25cm. A vase in earthy tones.","robots":{"index":"index","follow":"follow","max-snippet":"max-snippet:-1","max-image-preview":"max-image-preview:large","max-video-preview":"max-video-preview:-1"},"canonical":"https:\/\/ikastikos-kiklos.com\/en\/product\/\u03ac\u03c4\u03b9\u03c4\u03bb\u03bf-20\/","og_locale":"en_US","og_type":"article","og_title":"Untitled Painting by Christos Karas at Ikastikos Kiklos Sianti Gallery.","og_description":"Untitled Painting by Christos Karas at Ikastikos Kiklos Sianti Gallery. Oil on canvas. Dimensions 35x25cm. A vase in earthy tones.","og_url":"https:\/\/ikastikos-kiklos.com\/en\/product\/\u03ac\u03c4\u03b9\u03c4\u03bb\u03bf-20\/","og_site_name":"Ikastikos Kiklos - Zografik\u00ed - Metaxotyp\u00edes - T\u00e9chniPainting - Silk Screen - Art","article_publisher":"https:\/\/www.facebook.com\/ikastikoskiklossianti\/","article_modified_time":"2017-09-04T18:09:21+00:00","og_image":[{"width":800,"height":1068,"url":"https:\/\/ikastikos-kiklos.com\/wp-content\/uploads\/2016\/09\/Job_4965-1.jpg","type":"image\/jpeg"}],"twitter_card":"summary_large_image","twitter_misc":{"Est. reading time":"1 minute"},"schema":{"@context":"https:\/\/schema.org","@graph":[{"@type":"WebPage","@id":"https:\/\/ikastikos-kiklos.com\/en\/product\/%ce%ac%cf%84%ce%b9%cf%84%ce%bb%ce%bf-20\/","url":"https:\/\/ikastikos-kiklos.com\/en\/product\/%ce%ac%cf%84%ce%b9%cf%84%ce%bb%ce%bf-20\/","name":"Untitled Painting by Christos Karas at Ikastikos Kiklos Sianti Gallery.","isPartOf":{"@id":"https:\/\/ikastikos-kiklos.com\/en\/#website"},"primaryImageOfPage":{"@id":"https:\/\/ikastikos-kiklos.com\/en\/product\/%ce%ac%cf%84%ce%b9%cf%84%ce%bb%ce%bf-20\/#primaryimage"},"image":{"@id":"https:\/\/ikastikos-kiklos.com\/en\/product\/%ce%ac%cf%84%ce%b9%cf%84%ce%bb%ce%bf-20\/#primaryimage"},"thumbnailUrl":"https:\/\/ikastikos-kiklos.com\/wp-content\/uploads\/2016\/09\/Job_4965-1.jpg","datePublished":"2016-09-23T14:59:05+00:00","dateModified":"2017-09-04T18:09:21+00:00","description":"Untitled Painting by Christos Karas at Ikastikos Kiklos Sianti Gallery. Oil on canvas. Dimensions 35x25cm. A vase in earthy tones.","breadcrumb":{"@id":"https:\/\/ikastikos-kiklos.com\/en\/product\/%ce%ac%cf%84%ce%b9%cf%84%ce%bb%ce%bf-20\/#breadcrumb"},"inLanguage":"en-US","potentialAction":[{"@type":"ReadAction","target":["https:\/\/ikastikos-kiklos.com\/en\/product\/%ce%ac%cf%84%ce%b9%cf%84%ce%bb%ce%bf-20\/"]}]},{"@type":"ImageObject","inLanguage":"en-US","@id":"https:\/\/ikastikos-kiklos.com\/en\/product\/%ce%ac%cf%84%ce%b9%cf%84%ce%bb%ce%bf-20\/#primaryimage","url":"https:\/\/ikastikos-kiklos.com\/wp-content\/uploads\/2016\/09\/Job_4965-1.jpg","contentUrl":"https:\/\/ikastikos-kiklos.com\/wp-content\/uploads\/2016\/09\/Job_4965-1.jpg","width":800,"height":1068,"caption":"Untitled Painting by Christos Karas at Ikastikos Kiklos Sianti Gallery."},{"@type":"BreadcrumbList","@id":"https:\/\/ikastikos-kiklos.com\/en\/product\/%ce%ac%cf%84%ce%b9%cf%84%ce%bb%ce%bf-20\/#breadcrumb","itemListElement":[{"@type":"ListItem","position":1,"name":"Home","item":"https:\/\/ikastikos-kiklos.com\/en\/"},{"@type":"ListItem","position":2,"name":"\u0388\u03c1\u03b3\u03b1 \u03c4\u03ad\u03c7\u03bd\u03b7\u03c2","item":"https:\/\/ikastikos-kiklos.com\/%ce%ad%cf%81%ce%b3%ce%b1-%cf%84%ce%ad%cf%87%ce%bd%ce%b7%cf%82\/"},{"@type":"ListItem","position":3,"name":"Untitled"}]},{"@type":"WebSite","@id":"https:\/\/ikastikos-kiklos.com\/en\/#website","url":"https:\/\/ikastikos-kiklos.com\/en\/","name":"Ikastikos Kiklos - Zografik\u00ed - Metaxotyp\u00edes - T\u00e9chniPainting - Silk Screen - Art","description":"","publisher":{"@id":"https:\/\/ikastikos-kiklos.com\/en\/#organization"},"potentialAction":[{"@type":"SearchAction","target":{"@type":"EntryPoint","urlTemplate":"https:\/\/ikastikos-kiklos.com\/en\/?s={search_term_string}"},"query-input":{"@type":"PropertyValueSpecification","valueRequired":true,"valueName":"search_term_string"}}],"inLanguage":"en-US"},{"@type":"Organization","@id":"https:\/\/ikastikos-kiklos.com\/en\/#organization","name":"Ikastikos Kiklos - Zografik\u00ed - Metaxotyp\u00edes - T\u00e9chniPainting - Silk Screen - Art","url":"https:\/\/ikastikos-kiklos.com\/en\/","logo":{"@type":"ImageObject","inLanguage":"en-US","@id":"https:\/\/ikastikos-kiklos.com\/en\/#\/schema\/logo\/image\/","url":"https:\/\/ikastikos-kiklos.com\/wp-content\/uploads\/2022\/10\/cropped-favicon_ikastikos.png","contentUrl":"https:\/\/ikastikos-kiklos.com\/wp-content\/uploads\/2022\/10\/cropped-favicon_ikastikos.png","width":512,"height":512,"caption":"Ikastikos Kiklos - Zografik\u00ed - Metaxotyp\u00edes - T\u00e9chniPainting - Silk Screen - Art"},"image":{"@id":"https:\/\/ikastikos-kiklos.com\/en\/#\/schema\/logo\/image\/"},"sameAs":["https:\/\/www.facebook.com\/ikastikoskiklossianti\/"]}]}},"_links":{"self":[{"href":"https:\/\/ikastikos-kiklos.com\/en\/wp-json\/wp\/v2\/product\/3399","targetHints":{"allow":["GET"]}}],"collection":[{"href":"https:\/\/ikastikos-kiklos.com\/en\/wp-json\/wp\/v2\/product"}],"about":[{"href":"https:\/\/ikastikos-kiklos.com\/en\/wp-json\/wp\/v2\/types\/product"}],"wp:featuredmedia":[{"embeddable":true,"href":"https:\/\/ikastikos-kiklos.com\/en\/wp-json\/wp\/v2\/media\/7172"}],"wp:attachment":[{"href":"https:\/\/ikastikos-kiklos.com\/en\/wp-json\/wp\/v2\/media?parent=3399"}],"wp:term":[{"taxonomy":"product_brand","embeddable":true,"href":"https:\/\/ikastikos-kiklos.com\/en\/wp-json\/wp\/v2\/product_brand?post=3399"},{"taxonomy":"product_cat","embeddable":true,"href":"https:\/\/ikastikos-kiklos.com\/en\/wp-json\/wp\/v2\/product_cat?post=3399"},{"taxonomy":"product_tag","embeddable":true,"href":"https:\/\/ikastikos-kiklos.com\/en\/wp-json\/wp\/v2\/product_tag?post=3399"}],"curies":[{"name":"wp","href":"https:\/\/api.w.org\/{rel}","templated":true}]}}