{"id":3386,"date":"2016-07-28T12:07:38","date_gmt":"2016-07-28T12:07:38","guid":{"rendered":"http:\/\/ikastikos-kiklos.com\/\u03c0\u03c1\u03bf\u03ca\u03cc\u03bd\/%ce%b4%ce%ac%ce%ba%cf%81%cf%85\/?lang=en"},"modified":"2018-05-30T15:43:48","modified_gmt":"2018-05-30T12:43:48","slug":"%ce%b4%ce%ac%ce%ba%cf%81%cf%85","status":"publish","type":"product","link":"https:\/\/ikastikos-kiklos.com\/en\/product\/%ce%b4%ce%ac%ce%ba%cf%81%cf%85\/","title":{"rendered":"Tear"},"content":{"rendered":"<p>He systematically studied ancient, Byzantine and folk art, worked with engraving, stage design and teaching of fine art, while he also created sculptures.<\/p>\n<p>The purity of his surrealist painting, the transcendental-metaphysical atmosphere of his works, and the agenda that drew material from the &#8220;Landscapes of Memory&#8221;, as he called them, formed still life, fragments of ancient architectural statues, daily useful objects, enigmatic interiors that, along with the human &#8220;absence&#8221;, characterize him.<\/p>\n<p>For his artistic work he has been awarded the Drouant-Cartier Prize.<\/p>\n<p>Source: artpress.sundaybloody.com<\/p>\n","protected":false},"excerpt":{"rendered":"<p>Silkscreen hand numbered and signed by Sarantis Karavouzis. Edition of 180 prints. Today it\u2019s a collectible piece<\/p>\n","protected":false},"featured_media":34140,"template":"","meta":{"ngg_post_thumbnail":0},"product_brand":[],"product_cat":[398,1987,396,1991],"product_tag":[2578,2619,2224,2367,2491],"class_list":{"0":"post-3386","1":"product","2":"type-product","3":"status-publish","4":"has-post-thumbnail","6":"product_cat-collections","7":"product_cat-eshop-en","8":"product_cat-silkscreens","9":"product_cat-silkscreens-shop","10":"product_tag-collectible","11":"product_tag-karavouzis-sarantis","12":"product_tag-silkscreen-en","13":"product_tag-tear","14":"product_tag-wedding-gifts","15":"product_shipping_class-0-2kg","17":"first","18":"instock","19":"taxable","20":"shipping-taxable","21":"purchasable","22":"product-type-simple"},"yoast_head":"<!-- This site is optimized with the Yoast SEO plugin v27.2 - https:\/\/yoast.com\/product\/yoast-seo-wordpress\/ -->\n<title>Tear Silkscreen by Sarantis Karavouzis at Ikastikos Kiklos Sianti Gallery.<\/title>\n<meta name=\"description\" content=\"Tear Silkscreen by Sarantis Karavouzis at Ikastikos Kiklos Sianti Gallery. 180 copies numbered and signed by the artist. Dimensions 61 x 73 cm\" \/>\n<meta name=\"robots\" content=\"index, follow, max-snippet:-1, max-image-preview:large, max-video-preview:-1\" \/>\n<link rel=\"canonical\" href=\"https:\/\/ikastikos-kiklos.com\/en\/product\/\u03b4\u03ac\u03ba\u03c1\u03c5\/\" \/>\n<meta property=\"og:locale\" content=\"en_US\" \/>\n<meta property=\"og:type\" content=\"article\" \/>\n<meta property=\"og:title\" content=\"Tear Silkscreen by Sarantis Karavouzis at Ikastikos Kiklos Sianti Gallery.\" \/>\n<meta property=\"og:description\" content=\"Tear Silkscreen by Sarantis Karavouzis at Ikastikos Kiklos Sianti Gallery. 180 copies numbered and signed by the artist. Dimensions 61 x 73 cm\" \/>\n<meta property=\"og:url\" content=\"https:\/\/ikastikos-kiklos.com\/en\/product\/\u03b4\u03ac\u03ba\u03c1\u03c5\/\" \/>\n<meta property=\"og:site_name\" content=\"Ikastikos Kiklos - Zografik\u00ed - Metaxotyp\u00edes - T\u00e9chniPainting - Silk Screen - Art\" \/>\n<meta property=\"article:publisher\" content=\"https:\/\/www.facebook.com\/ikastikoskiklossianti\/\" \/>\n<meta property=\"article:modified_time\" content=\"2018-05-30T12:43:48+00:00\" \/>\n<meta property=\"og:image\" content=\"https:\/\/ikastikos-kiklos.com\/wp-content\/uploads\/2021\/06\/\u03ba\u03b1\u03c1\u03b1\u03b2\u03bf\u03cd\u03b6\u03b7\u03c2-\u03c3\u03b1\u03c1\u03ac\u03bd\u03c4\u03b7\u03c2-\u03b4\u03ac\u03ba\u03c1\u03c5-\u03bc\u03b5\u03c4\u03b1\u03be\u03bf\u03c4\u03c5\u03c0\u03af\u03b1.jpg\" \/>\n\t<meta property=\"og:image:width\" content=\"1100\" \/>\n\t<meta property=\"og:image:height\" content=\"1392\" \/>\n\t<meta property=\"og:image:type\" content=\"image\/jpeg\" \/>\n<meta name=\"twitter:card\" content=\"summary_large_image\" \/>\n<script type=\"application\/ld+json\" class=\"yoast-schema-graph\">{\"@context\":\"https:\/\/schema.org\",\"@graph\":[{\"@type\":\"WebPage\",\"@id\":\"https:\/\/ikastikos-kiklos.com\/en\/product\/%ce%b4%ce%ac%ce%ba%cf%81%cf%85\/\",\"url\":\"https:\/\/ikastikos-kiklos.com\/en\/product\/%ce%b4%ce%ac%ce%ba%cf%81%cf%85\/\",\"name\":\"Tear Silkscreen by Sarantis Karavouzis at Ikastikos Kiklos Sianti Gallery.\",\"isPartOf\":{\"@id\":\"https:\/\/ikastikos-kiklos.com\/en\/#website\"},\"primaryImageOfPage\":{\"@id\":\"https:\/\/ikastikos-kiklos.com\/en\/product\/%ce%b4%ce%ac%ce%ba%cf%81%cf%85\/#primaryimage\"},\"image\":{\"@id\":\"https:\/\/ikastikos-kiklos.com\/en\/product\/%ce%b4%ce%ac%ce%ba%cf%81%cf%85\/#primaryimage\"},\"thumbnailUrl\":\"https:\/\/ikastikos-kiklos.com\/wp-content\/uploads\/2021\/06\/\u03ba\u03b1\u03c1\u03b1\u03b2\u03bf\u03cd\u03b6\u03b7\u03c2-\u03c3\u03b1\u03c1\u03ac\u03bd\u03c4\u03b7\u03c2-\u03b4\u03ac\u03ba\u03c1\u03c5-\u03bc\u03b5\u03c4\u03b1\u03be\u03bf\u03c4\u03c5\u03c0\u03af\u03b1.jpg\",\"datePublished\":\"2016-07-28T12:07:38+00:00\",\"dateModified\":\"2018-05-30T12:43:48+00:00\",\"description\":\"Tear Silkscreen by Sarantis Karavouzis at Ikastikos Kiklos Sianti Gallery. 180 copies numbered and signed by the artist. Dimensions 61 x 73 cm\",\"breadcrumb\":{\"@id\":\"https:\/\/ikastikos-kiklos.com\/en\/product\/%ce%b4%ce%ac%ce%ba%cf%81%cf%85\/#breadcrumb\"},\"inLanguage\":\"en-US\",\"potentialAction\":[{\"@type\":\"ReadAction\",\"target\":[\"https:\/\/ikastikos-kiklos.com\/en\/product\/%ce%b4%ce%ac%ce%ba%cf%81%cf%85\/\"]}]},{\"@type\":\"ImageObject\",\"inLanguage\":\"en-US\",\"@id\":\"https:\/\/ikastikos-kiklos.com\/en\/product\/%ce%b4%ce%ac%ce%ba%cf%81%cf%85\/#primaryimage\",\"url\":\"https:\/\/ikastikos-kiklos.com\/wp-content\/uploads\/2021\/06\/\u03ba\u03b1\u03c1\u03b1\u03b2\u03bf\u03cd\u03b6\u03b7\u03c2-\u03c3\u03b1\u03c1\u03ac\u03bd\u03c4\u03b7\u03c2-\u03b4\u03ac\u03ba\u03c1\u03c5-\u03bc\u03b5\u03c4\u03b1\u03be\u03bf\u03c4\u03c5\u03c0\u03af\u03b1.jpg\",\"contentUrl\":\"https:\/\/ikastikos-kiklos.com\/wp-content\/uploads\/2021\/06\/\u03ba\u03b1\u03c1\u03b1\u03b2\u03bf\u03cd\u03b6\u03b7\u03c2-\u03c3\u03b1\u03c1\u03ac\u03bd\u03c4\u03b7\u03c2-\u03b4\u03ac\u03ba\u03c1\u03c5-\u03bc\u03b5\u03c4\u03b1\u03be\u03bf\u03c4\u03c5\u03c0\u03af\u03b1.jpg\",\"width\":1100,\"height\":1392,\"caption\":\"\u03ba\u03b1\u03c1\u03b1\u03b2\u03bf\u03cd\u03b6\u03b7\u03c2-\u03c3\u03b1\u03c1\u03ac\u03bd\u03c4\u03b7\u03c2-\u03b4\u03ac\u03ba\u03c1\u03c5-\u03bc\u03b5\u03c4\u03b1\u03be\u03bf\u03c4\u03c5\u03c0\u03af\u03b1\"},{\"@type\":\"BreadcrumbList\",\"@id\":\"https:\/\/ikastikos-kiklos.com\/en\/product\/%ce%b4%ce%ac%ce%ba%cf%81%cf%85\/#breadcrumb\",\"itemListElement\":[{\"@type\":\"ListItem\",\"position\":1,\"name\":\"Home\",\"item\":\"https:\/\/ikastikos-kiklos.com\/en\/\"},{\"@type\":\"ListItem\",\"position\":2,\"name\":\"\u0388\u03c1\u03b3\u03b1 \u03c4\u03ad\u03c7\u03bd\u03b7\u03c2\",\"item\":\"https:\/\/ikastikos-kiklos.com\/%ce%ad%cf%81%ce%b3%ce%b1-%cf%84%ce%ad%cf%87%ce%bd%ce%b7%cf%82\/\"},{\"@type\":\"ListItem\",\"position\":3,\"name\":\"Tear\"}]},{\"@type\":\"WebSite\",\"@id\":\"https:\/\/ikastikos-kiklos.com\/en\/#website\",\"url\":\"https:\/\/ikastikos-kiklos.com\/en\/\",\"name\":\"Ikastikos Kiklos - Zografik\u00ed - Metaxotyp\u00edes - T\u00e9chniPainting - Silk Screen - Art\",\"description\":\"\",\"publisher\":{\"@id\":\"https:\/\/ikastikos-kiklos.com\/en\/#organization\"},\"potentialAction\":[{\"@type\":\"SearchAction\",\"target\":{\"@type\":\"EntryPoint\",\"urlTemplate\":\"https:\/\/ikastikos-kiklos.com\/en\/?s={search_term_string}\"},\"query-input\":{\"@type\":\"PropertyValueSpecification\",\"valueRequired\":true,\"valueName\":\"search_term_string\"}}],\"inLanguage\":\"en-US\"},{\"@type\":\"Organization\",\"@id\":\"https:\/\/ikastikos-kiklos.com\/en\/#organization\",\"name\":\"Ikastikos Kiklos - Zografik\u00ed - Metaxotyp\u00edes - T\u00e9chniPainting - Silk Screen - Art\",\"url\":\"https:\/\/ikastikos-kiklos.com\/en\/\",\"logo\":{\"@type\":\"ImageObject\",\"inLanguage\":\"en-US\",\"@id\":\"https:\/\/ikastikos-kiklos.com\/en\/#\/schema\/logo\/image\/\",\"url\":\"https:\/\/ikastikos-kiklos.com\/wp-content\/uploads\/2022\/10\/cropped-favicon_ikastikos.png\",\"contentUrl\":\"https:\/\/ikastikos-kiklos.com\/wp-content\/uploads\/2022\/10\/cropped-favicon_ikastikos.png\",\"width\":512,\"height\":512,\"caption\":\"Ikastikos Kiklos - Zografik\u00ed - Metaxotyp\u00edes - T\u00e9chniPainting - Silk Screen - Art\"},\"image\":{\"@id\":\"https:\/\/ikastikos-kiklos.com\/en\/#\/schema\/logo\/image\/\"},\"sameAs\":[\"https:\/\/www.facebook.com\/ikastikoskiklossianti\/\"]}]}<\/script>\n<!-- \/ Yoast SEO plugin. -->","yoast_head_json":{"title":"Tear Silkscreen by Sarantis Karavouzis at Ikastikos Kiklos Sianti Gallery.","description":"Tear Silkscreen by Sarantis Karavouzis at Ikastikos Kiklos Sianti Gallery. 180 copies numbered and signed by the artist. Dimensions 61 x 73 cm","robots":{"index":"index","follow":"follow","max-snippet":"max-snippet:-1","max-image-preview":"max-image-preview:large","max-video-preview":"max-video-preview:-1"},"canonical":"https:\/\/ikastikos-kiklos.com\/en\/product\/\u03b4\u03ac\u03ba\u03c1\u03c5\/","og_locale":"en_US","og_type":"article","og_title":"Tear Silkscreen by Sarantis Karavouzis at Ikastikos Kiklos Sianti Gallery.","og_description":"Tear Silkscreen by Sarantis Karavouzis at Ikastikos Kiklos Sianti Gallery. 180 copies numbered and signed by the artist. Dimensions 61 x 73 cm","og_url":"https:\/\/ikastikos-kiklos.com\/en\/product\/\u03b4\u03ac\u03ba\u03c1\u03c5\/","og_site_name":"Ikastikos Kiklos - Zografik\u00ed - Metaxotyp\u00edes - T\u00e9chniPainting - Silk Screen - Art","article_publisher":"https:\/\/www.facebook.com\/ikastikoskiklossianti\/","article_modified_time":"2018-05-30T12:43:48+00:00","og_image":[{"width":1100,"height":1392,"url":"https:\/\/ikastikos-kiklos.com\/wp-content\/uploads\/2021\/06\/\u03ba\u03b1\u03c1\u03b1\u03b2\u03bf\u03cd\u03b6\u03b7\u03c2-\u03c3\u03b1\u03c1\u03ac\u03bd\u03c4\u03b7\u03c2-\u03b4\u03ac\u03ba\u03c1\u03c5-\u03bc\u03b5\u03c4\u03b1\u03be\u03bf\u03c4\u03c5\u03c0\u03af\u03b1.jpg","type":"image\/jpeg"}],"twitter_card":"summary_large_image","schema":{"@context":"https:\/\/schema.org","@graph":[{"@type":"WebPage","@id":"https:\/\/ikastikos-kiklos.com\/en\/product\/%ce%b4%ce%ac%ce%ba%cf%81%cf%85\/","url":"https:\/\/ikastikos-kiklos.com\/en\/product\/%ce%b4%ce%ac%ce%ba%cf%81%cf%85\/","name":"Tear Silkscreen by Sarantis Karavouzis at Ikastikos Kiklos Sianti Gallery.","isPartOf":{"@id":"https:\/\/ikastikos-kiklos.com\/en\/#website"},"primaryImageOfPage":{"@id":"https:\/\/ikastikos-kiklos.com\/en\/product\/%ce%b4%ce%ac%ce%ba%cf%81%cf%85\/#primaryimage"},"image":{"@id":"https:\/\/ikastikos-kiklos.com\/en\/product\/%ce%b4%ce%ac%ce%ba%cf%81%cf%85\/#primaryimage"},"thumbnailUrl":"https:\/\/ikastikos-kiklos.com\/wp-content\/uploads\/2021\/06\/\u03ba\u03b1\u03c1\u03b1\u03b2\u03bf\u03cd\u03b6\u03b7\u03c2-\u03c3\u03b1\u03c1\u03ac\u03bd\u03c4\u03b7\u03c2-\u03b4\u03ac\u03ba\u03c1\u03c5-\u03bc\u03b5\u03c4\u03b1\u03be\u03bf\u03c4\u03c5\u03c0\u03af\u03b1.jpg","datePublished":"2016-07-28T12:07:38+00:00","dateModified":"2018-05-30T12:43:48+00:00","description":"Tear Silkscreen by Sarantis Karavouzis at Ikastikos Kiklos Sianti Gallery. 180 copies numbered and signed by the artist. Dimensions 61 x 73 cm","breadcrumb":{"@id":"https:\/\/ikastikos-kiklos.com\/en\/product\/%ce%b4%ce%ac%ce%ba%cf%81%cf%85\/#breadcrumb"},"inLanguage":"en-US","potentialAction":[{"@type":"ReadAction","target":["https:\/\/ikastikos-kiklos.com\/en\/product\/%ce%b4%ce%ac%ce%ba%cf%81%cf%85\/"]}]},{"@type":"ImageObject","inLanguage":"en-US","@id":"https:\/\/ikastikos-kiklos.com\/en\/product\/%ce%b4%ce%ac%ce%ba%cf%81%cf%85\/#primaryimage","url":"https:\/\/ikastikos-kiklos.com\/wp-content\/uploads\/2021\/06\/\u03ba\u03b1\u03c1\u03b1\u03b2\u03bf\u03cd\u03b6\u03b7\u03c2-\u03c3\u03b1\u03c1\u03ac\u03bd\u03c4\u03b7\u03c2-\u03b4\u03ac\u03ba\u03c1\u03c5-\u03bc\u03b5\u03c4\u03b1\u03be\u03bf\u03c4\u03c5\u03c0\u03af\u03b1.jpg","contentUrl":"https:\/\/ikastikos-kiklos.com\/wp-content\/uploads\/2021\/06\/\u03ba\u03b1\u03c1\u03b1\u03b2\u03bf\u03cd\u03b6\u03b7\u03c2-\u03c3\u03b1\u03c1\u03ac\u03bd\u03c4\u03b7\u03c2-\u03b4\u03ac\u03ba\u03c1\u03c5-\u03bc\u03b5\u03c4\u03b1\u03be\u03bf\u03c4\u03c5\u03c0\u03af\u03b1.jpg","width":1100,"height":1392,"caption":"\u03ba\u03b1\u03c1\u03b1\u03b2\u03bf\u03cd\u03b6\u03b7\u03c2-\u03c3\u03b1\u03c1\u03ac\u03bd\u03c4\u03b7\u03c2-\u03b4\u03ac\u03ba\u03c1\u03c5-\u03bc\u03b5\u03c4\u03b1\u03be\u03bf\u03c4\u03c5\u03c0\u03af\u03b1"},{"@type":"BreadcrumbList","@id":"https:\/\/ikastikos-kiklos.com\/en\/product\/%ce%b4%ce%ac%ce%ba%cf%81%cf%85\/#breadcrumb","itemListElement":[{"@type":"ListItem","position":1,"name":"Home","item":"https:\/\/ikastikos-kiklos.com\/en\/"},{"@type":"ListItem","position":2,"name":"\u0388\u03c1\u03b3\u03b1 \u03c4\u03ad\u03c7\u03bd\u03b7\u03c2","item":"https:\/\/ikastikos-kiklos.com\/%ce%ad%cf%81%ce%b3%ce%b1-%cf%84%ce%ad%cf%87%ce%bd%ce%b7%cf%82\/"},{"@type":"ListItem","position":3,"name":"Tear"}]},{"@type":"WebSite","@id":"https:\/\/ikastikos-kiklos.com\/en\/#website","url":"https:\/\/ikastikos-kiklos.com\/en\/","name":"Ikastikos Kiklos - Zografik\u00ed - Metaxotyp\u00edes - T\u00e9chniPainting - Silk Screen - Art","description":"","publisher":{"@id":"https:\/\/ikastikos-kiklos.com\/en\/#organization"},"potentialAction":[{"@type":"SearchAction","target":{"@type":"EntryPoint","urlTemplate":"https:\/\/ikastikos-kiklos.com\/en\/?s={search_term_string}"},"query-input":{"@type":"PropertyValueSpecification","valueRequired":true,"valueName":"search_term_string"}}],"inLanguage":"en-US"},{"@type":"Organization","@id":"https:\/\/ikastikos-kiklos.com\/en\/#organization","name":"Ikastikos Kiklos - Zografik\u00ed - Metaxotyp\u00edes - T\u00e9chniPainting - Silk Screen - Art","url":"https:\/\/ikastikos-kiklos.com\/en\/","logo":{"@type":"ImageObject","inLanguage":"en-US","@id":"https:\/\/ikastikos-kiklos.com\/en\/#\/schema\/logo\/image\/","url":"https:\/\/ikastikos-kiklos.com\/wp-content\/uploads\/2022\/10\/cropped-favicon_ikastikos.png","contentUrl":"https:\/\/ikastikos-kiklos.com\/wp-content\/uploads\/2022\/10\/cropped-favicon_ikastikos.png","width":512,"height":512,"caption":"Ikastikos Kiklos - Zografik\u00ed - Metaxotyp\u00edes - T\u00e9chniPainting - Silk Screen - Art"},"image":{"@id":"https:\/\/ikastikos-kiklos.com\/en\/#\/schema\/logo\/image\/"},"sameAs":["https:\/\/www.facebook.com\/ikastikoskiklossianti\/"]}]}},"_links":{"self":[{"href":"https:\/\/ikastikos-kiklos.com\/en\/wp-json\/wp\/v2\/product\/3386","targetHints":{"allow":["GET"]}}],"collection":[{"href":"https:\/\/ikastikos-kiklos.com\/en\/wp-json\/wp\/v2\/product"}],"about":[{"href":"https:\/\/ikastikos-kiklos.com\/en\/wp-json\/wp\/v2\/types\/product"}],"wp:featuredmedia":[{"embeddable":true,"href":"https:\/\/ikastikos-kiklos.com\/en\/wp-json\/wp\/v2\/media\/34140"}],"wp:attachment":[{"href":"https:\/\/ikastikos-kiklos.com\/en\/wp-json\/wp\/v2\/media?parent=3386"}],"wp:term":[{"taxonomy":"product_brand","embeddable":true,"href":"https:\/\/ikastikos-kiklos.com\/en\/wp-json\/wp\/v2\/product_brand?post=3386"},{"taxonomy":"product_cat","embeddable":true,"href":"https:\/\/ikastikos-kiklos.com\/en\/wp-json\/wp\/v2\/product_cat?post=3386"},{"taxonomy":"product_tag","embeddable":true,"href":"https:\/\/ikastikos-kiklos.com\/en\/wp-json\/wp\/v2\/product_tag?post=3386"}],"curies":[{"name":"wp","href":"https:\/\/api.w.org\/{rel}","templated":true}]}}