{"id":3339,"date":"2016-07-08T00:37:20","date_gmt":"2016-07-07T21:37:20","guid":{"rendered":"http:\/\/ikastikos-kiklos.com\/\u03c0\u03c1\u03bf\u03ca\u03cc\u03bd\/%ce%b8%ce%ad%cf%81%ce%bf%cf%82\/?lang=en"},"modified":"2019-04-25T17:29:35","modified_gmt":"2019-04-25T14:29:35","slug":"%ce%b8%ce%ad%cf%81%ce%bf%cf%82","status":"publish","type":"product","link":"https:\/\/ikastikos-kiklos.com\/en\/product\/%ce%b8%ce%ad%cf%81%ce%bf%cf%82\/","title":{"rendered":"Summer"},"content":{"rendered":"<header class=\"title-container\">\n<h1 class=\"title\"><strong>Yannis Tsarouchis<\/strong> (1910-1989)<\/h1>\n<div class=\"description-container dynamic-content\">Giannis Tsarouchis was born in 1910, in Piraeus. During 1929-1933 he studies painting at the Athens School of Fine Arts, under S. Vikatos, D. Biskinis and \u039a. Parthenis, who teaches him European art, cubism and surrealism. During 1931-1934, he studies under Fotis Kondoglou, who brings him in contact with the methods and techniques of iconography, as well as the Greek Byzantine monuments. In 1935 \u2013 1936, he continues his studies in Paris, where he gets acquainted with great masters of the modern European art, like Giacometti and Matisse (whose sensual chromatic harmonies, he admires) and comes in contact with Theophilos\u2019 work, through Teriade. In 1952, the British Council of Athens organizes an exhibition in his honor and in 1956, he presents his works at the National Museum of Modern Art, in Paris and at the New York Guggenheim Museum, as a nominee for the Guggenheim prize. In 1958, he participates in the Venice \u0392iennale. In 1981, the Macedonian Museum of Contemporary Art organizes his first great retrospective exhibition at the Archaeological Museum of Thessaloniki. In 1982, the Yannis Tsarouchis Museum in Maroussi is founded at the artist\u2019s house, as well as the Tsarouchis Foundation, devoted in promoting the artist\u2019s work. Alongside his paintings, he created settings and costumes for theater and music productions of the Karolos Koun Theater of Art, the National Theater and La Scala di Milano, while publishing many articles and treatises, written in his characteristic sincere, but always sharp manner.<\/div>\n<\/header>\n","protected":false},"excerpt":{"rendered":"<p>Hand signed and numbered by the artist. Edition of 200 prints. Today it&#8217;s considered a collectible.<\/p>\n","protected":false},"featured_media":46756,"template":"","meta":{"ngg_post_thumbnail":0},"product_brand":[],"product_cat":[398,1987,396,1991],"product_tag":[2578,2224,2718,2269,2491],"class_list":{"0":"post-3339","1":"product","2":"type-product","3":"status-publish","4":"has-post-thumbnail","6":"product_cat-collections","7":"product_cat-eshop-en","8":"product_cat-silkscreens","9":"product_cat-silkscreens-shop","10":"product_tag-collectible","11":"product_tag-silkscreen-en","12":"product_tag-summer-en-2","13":"product_tag---en","14":"product_tag-wedding-gifts","15":"product_shipping_class-0-2kg","17":"first","18":"instock","19":"taxable","20":"shipping-taxable","21":"purchasable","22":"product-type-simple"},"yoast_head":"<!-- This site is optimized with the Yoast SEO plugin v27.2 - https:\/\/yoast.com\/product\/yoast-seo-wordpress\/ -->\n<title>Summer Silkscreen by Yannis Tsarouchis at Ikastikos Kiklos Sianti Gallery.<\/title>\n<meta name=\"description\" content=\"Summer Silkscreen by Yannis Tsarouchis at Ikastikos Kiklos Sianti Gallery. 200 copies numbered and signed by the artist. Dimensions 70 x 96 cm\" \/>\n<meta name=\"robots\" content=\"index, follow, max-snippet:-1, max-image-preview:large, max-video-preview:-1\" \/>\n<link rel=\"canonical\" href=\"https:\/\/ikastikos-kiklos.com\/en\/product\/\u03b8\u03ad\u03c1\u03bf\u03c2\/\" \/>\n<meta property=\"og:locale\" content=\"en_US\" \/>\n<meta property=\"og:type\" content=\"article\" \/>\n<meta property=\"og:title\" content=\"Summer Silkscreen by Yannis Tsarouchis at Ikastikos Kiklos Sianti Gallery.\" \/>\n<meta property=\"og:description\" content=\"Summer Silkscreen by Yannis Tsarouchis at Ikastikos Kiklos Sianti Gallery. 200 copies numbered and signed by the artist. Dimensions 70 x 96 cm\" \/>\n<meta property=\"og:url\" content=\"https:\/\/ikastikos-kiklos.com\/en\/product\/\u03b8\u03ad\u03c1\u03bf\u03c2\/\" \/>\n<meta property=\"og:site_name\" content=\"Ikastikos Kiklos - Zografik\u00ed - Metaxotyp\u00edes - T\u00e9chniPainting - Silk Screen - Art\" \/>\n<meta property=\"article:publisher\" content=\"https:\/\/www.facebook.com\/ikastikoskiklossianti\/\" \/>\n<meta property=\"article:modified_time\" content=\"2019-04-25T14:29:35+00:00\" \/>\n<meta property=\"og:image\" content=\"https:\/\/ikastikos-kiklos.com\/wp-content\/uploads\/2016\/07\/theros-enlarge.jpg\" \/>\n\t<meta property=\"og:image:width\" content=\"300\" \/>\n\t<meta property=\"og:image:height\" content=\"300\" \/>\n\t<meta property=\"og:image:type\" content=\"image\/jpeg\" \/>\n<meta name=\"twitter:card\" content=\"summary_large_image\" \/>\n<meta name=\"twitter:label1\" content=\"Est. reading time\" \/>\n\t<meta name=\"twitter:data1\" content=\"1 minute\" \/>\n<script type=\"application\/ld+json\" class=\"yoast-schema-graph\">{\"@context\":\"https:\/\/schema.org\",\"@graph\":[{\"@type\":\"WebPage\",\"@id\":\"https:\/\/ikastikos-kiklos.com\/en\/product\/%ce%b8%ce%ad%cf%81%ce%bf%cf%82\/\",\"url\":\"https:\/\/ikastikos-kiklos.com\/en\/product\/%ce%b8%ce%ad%cf%81%ce%bf%cf%82\/\",\"name\":\"Summer Silkscreen by Yannis Tsarouchis at Ikastikos Kiklos Sianti Gallery.\",\"isPartOf\":{\"@id\":\"https:\/\/ikastikos-kiklos.com\/en\/#website\"},\"primaryImageOfPage\":{\"@id\":\"https:\/\/ikastikos-kiklos.com\/en\/product\/%ce%b8%ce%ad%cf%81%ce%bf%cf%82\/#primaryimage\"},\"image\":{\"@id\":\"https:\/\/ikastikos-kiklos.com\/en\/product\/%ce%b8%ce%ad%cf%81%ce%bf%cf%82\/#primaryimage\"},\"thumbnailUrl\":\"https:\/\/ikastikos-kiklos.com\/wp-content\/uploads\/2016\/07\/\u03b8\u03ad\u03c1\u03bf\u03c2-\u03c4\u03c3\u03b1\u03c1\u03bf\u03cd\u03c7\u03b7\u03c2-\u03b3\u03b9\u03ac\u03bd\u03bd\u03b7\u03c2.jpg\",\"datePublished\":\"2016-07-07T21:37:20+00:00\",\"dateModified\":\"2019-04-25T14:29:35+00:00\",\"description\":\"Summer Silkscreen by Yannis Tsarouchis at Ikastikos Kiklos Sianti Gallery. 200 copies numbered and signed by the artist. Dimensions 70 x 96 cm\",\"breadcrumb\":{\"@id\":\"https:\/\/ikastikos-kiklos.com\/en\/product\/%ce%b8%ce%ad%cf%81%ce%bf%cf%82\/#breadcrumb\"},\"inLanguage\":\"en-US\",\"potentialAction\":[{\"@type\":\"ReadAction\",\"target\":[\"https:\/\/ikastikos-kiklos.com\/en\/product\/%ce%b8%ce%ad%cf%81%ce%bf%cf%82\/\"]}]},{\"@type\":\"ImageObject\",\"inLanguage\":\"en-US\",\"@id\":\"https:\/\/ikastikos-kiklos.com\/en\/product\/%ce%b8%ce%ad%cf%81%ce%bf%cf%82\/#primaryimage\",\"url\":\"https:\/\/ikastikos-kiklos.com\/wp-content\/uploads\/2016\/07\/\u03b8\u03ad\u03c1\u03bf\u03c2-\u03c4\u03c3\u03b1\u03c1\u03bf\u03cd\u03c7\u03b7\u03c2-\u03b3\u03b9\u03ac\u03bd\u03bd\u03b7\u03c2.jpg\",\"contentUrl\":\"https:\/\/ikastikos-kiklos.com\/wp-content\/uploads\/2016\/07\/\u03b8\u03ad\u03c1\u03bf\u03c2-\u03c4\u03c3\u03b1\u03c1\u03bf\u03cd\u03c7\u03b7\u03c2-\u03b3\u03b9\u03ac\u03bd\u03bd\u03b7\u03c2.jpg\",\"width\":1100,\"height\":1634,\"caption\":\"\u03b8\u03ad\u03c1\u03bf\u03c2-\u03c4\u03c3\u03b1\u03c1\u03bf\u03cd\u03c7\u03b7\u03c2-\u03b3\u03b9\u03ac\u03bd\u03bd\u03b7\u03c2\"},{\"@type\":\"BreadcrumbList\",\"@id\":\"https:\/\/ikastikos-kiklos.com\/en\/product\/%ce%b8%ce%ad%cf%81%ce%bf%cf%82\/#breadcrumb\",\"itemListElement\":[{\"@type\":\"ListItem\",\"position\":1,\"name\":\"Home\",\"item\":\"https:\/\/ikastikos-kiklos.com\/en\/\"},{\"@type\":\"ListItem\",\"position\":2,\"name\":\"\u0388\u03c1\u03b3\u03b1 \u03c4\u03ad\u03c7\u03bd\u03b7\u03c2\",\"item\":\"https:\/\/ikastikos-kiklos.com\/%ce%ad%cf%81%ce%b3%ce%b1-%cf%84%ce%ad%cf%87%ce%bd%ce%b7%cf%82\/\"},{\"@type\":\"ListItem\",\"position\":3,\"name\":\"Summer\"}]},{\"@type\":\"WebSite\",\"@id\":\"https:\/\/ikastikos-kiklos.com\/en\/#website\",\"url\":\"https:\/\/ikastikos-kiklos.com\/en\/\",\"name\":\"Ikastikos Kiklos - Zografik\u00ed - Metaxotyp\u00edes - T\u00e9chniPainting - Silk Screen - Art\",\"description\":\"\",\"publisher\":{\"@id\":\"https:\/\/ikastikos-kiklos.com\/en\/#organization\"},\"potentialAction\":[{\"@type\":\"SearchAction\",\"target\":{\"@type\":\"EntryPoint\",\"urlTemplate\":\"https:\/\/ikastikos-kiklos.com\/en\/?s={search_term_string}\"},\"query-input\":{\"@type\":\"PropertyValueSpecification\",\"valueRequired\":true,\"valueName\":\"search_term_string\"}}],\"inLanguage\":\"en-US\"},{\"@type\":\"Organization\",\"@id\":\"https:\/\/ikastikos-kiklos.com\/en\/#organization\",\"name\":\"Ikastikos Kiklos - Zografik\u00ed - Metaxotyp\u00edes - T\u00e9chniPainting - Silk Screen - Art\",\"url\":\"https:\/\/ikastikos-kiklos.com\/en\/\",\"logo\":{\"@type\":\"ImageObject\",\"inLanguage\":\"en-US\",\"@id\":\"https:\/\/ikastikos-kiklos.com\/en\/#\/schema\/logo\/image\/\",\"url\":\"https:\/\/ikastikos-kiklos.com\/wp-content\/uploads\/2022\/10\/cropped-favicon_ikastikos.png\",\"contentUrl\":\"https:\/\/ikastikos-kiklos.com\/wp-content\/uploads\/2022\/10\/cropped-favicon_ikastikos.png\",\"width\":512,\"height\":512,\"caption\":\"Ikastikos Kiklos - Zografik\u00ed - Metaxotyp\u00edes - T\u00e9chniPainting - Silk Screen - Art\"},\"image\":{\"@id\":\"https:\/\/ikastikos-kiklos.com\/en\/#\/schema\/logo\/image\/\"},\"sameAs\":[\"https:\/\/www.facebook.com\/ikastikoskiklossianti\/\"]}]}<\/script>\n<!-- \/ Yoast SEO plugin. -->","yoast_head_json":{"title":"Summer Silkscreen by Yannis Tsarouchis at Ikastikos Kiklos Sianti Gallery.","description":"Summer Silkscreen by Yannis Tsarouchis at Ikastikos Kiklos Sianti Gallery. 200 copies numbered and signed by the artist. Dimensions 70 x 96 cm","robots":{"index":"index","follow":"follow","max-snippet":"max-snippet:-1","max-image-preview":"max-image-preview:large","max-video-preview":"max-video-preview:-1"},"canonical":"https:\/\/ikastikos-kiklos.com\/en\/product\/\u03b8\u03ad\u03c1\u03bf\u03c2\/","og_locale":"en_US","og_type":"article","og_title":"Summer Silkscreen by Yannis Tsarouchis at Ikastikos Kiklos Sianti Gallery.","og_description":"Summer Silkscreen by Yannis Tsarouchis at Ikastikos Kiklos Sianti Gallery. 200 copies numbered and signed by the artist. Dimensions 70 x 96 cm","og_url":"https:\/\/ikastikos-kiklos.com\/en\/product\/\u03b8\u03ad\u03c1\u03bf\u03c2\/","og_site_name":"Ikastikos Kiklos - Zografik\u00ed - Metaxotyp\u00edes - T\u00e9chniPainting - Silk Screen - Art","article_publisher":"https:\/\/www.facebook.com\/ikastikoskiklossianti\/","article_modified_time":"2019-04-25T14:29:35+00:00","og_image":[{"width":300,"height":300,"url":"https:\/\/ikastikos-kiklos.com\/wp-content\/uploads\/2016\/07\/theros-enlarge.jpg","type":"image\/jpeg"}],"twitter_card":"summary_large_image","twitter_misc":{"Est. reading time":"1 minute"},"schema":{"@context":"https:\/\/schema.org","@graph":[{"@type":"WebPage","@id":"https:\/\/ikastikos-kiklos.com\/en\/product\/%ce%b8%ce%ad%cf%81%ce%bf%cf%82\/","url":"https:\/\/ikastikos-kiklos.com\/en\/product\/%ce%b8%ce%ad%cf%81%ce%bf%cf%82\/","name":"Summer Silkscreen by Yannis Tsarouchis at Ikastikos Kiklos Sianti Gallery.","isPartOf":{"@id":"https:\/\/ikastikos-kiklos.com\/en\/#website"},"primaryImageOfPage":{"@id":"https:\/\/ikastikos-kiklos.com\/en\/product\/%ce%b8%ce%ad%cf%81%ce%bf%cf%82\/#primaryimage"},"image":{"@id":"https:\/\/ikastikos-kiklos.com\/en\/product\/%ce%b8%ce%ad%cf%81%ce%bf%cf%82\/#primaryimage"},"thumbnailUrl":"https:\/\/ikastikos-kiklos.com\/wp-content\/uploads\/2016\/07\/\u03b8\u03ad\u03c1\u03bf\u03c2-\u03c4\u03c3\u03b1\u03c1\u03bf\u03cd\u03c7\u03b7\u03c2-\u03b3\u03b9\u03ac\u03bd\u03bd\u03b7\u03c2.jpg","datePublished":"2016-07-07T21:37:20+00:00","dateModified":"2019-04-25T14:29:35+00:00","description":"Summer Silkscreen by Yannis Tsarouchis at Ikastikos Kiklos Sianti Gallery. 200 copies numbered and signed by the artist. Dimensions 70 x 96 cm","breadcrumb":{"@id":"https:\/\/ikastikos-kiklos.com\/en\/product\/%ce%b8%ce%ad%cf%81%ce%bf%cf%82\/#breadcrumb"},"inLanguage":"en-US","potentialAction":[{"@type":"ReadAction","target":["https:\/\/ikastikos-kiklos.com\/en\/product\/%ce%b8%ce%ad%cf%81%ce%bf%cf%82\/"]}]},{"@type":"ImageObject","inLanguage":"en-US","@id":"https:\/\/ikastikos-kiklos.com\/en\/product\/%ce%b8%ce%ad%cf%81%ce%bf%cf%82\/#primaryimage","url":"https:\/\/ikastikos-kiklos.com\/wp-content\/uploads\/2016\/07\/\u03b8\u03ad\u03c1\u03bf\u03c2-\u03c4\u03c3\u03b1\u03c1\u03bf\u03cd\u03c7\u03b7\u03c2-\u03b3\u03b9\u03ac\u03bd\u03bd\u03b7\u03c2.jpg","contentUrl":"https:\/\/ikastikos-kiklos.com\/wp-content\/uploads\/2016\/07\/\u03b8\u03ad\u03c1\u03bf\u03c2-\u03c4\u03c3\u03b1\u03c1\u03bf\u03cd\u03c7\u03b7\u03c2-\u03b3\u03b9\u03ac\u03bd\u03bd\u03b7\u03c2.jpg","width":1100,"height":1634,"caption":"\u03b8\u03ad\u03c1\u03bf\u03c2-\u03c4\u03c3\u03b1\u03c1\u03bf\u03cd\u03c7\u03b7\u03c2-\u03b3\u03b9\u03ac\u03bd\u03bd\u03b7\u03c2"},{"@type":"BreadcrumbList","@id":"https:\/\/ikastikos-kiklos.com\/en\/product\/%ce%b8%ce%ad%cf%81%ce%bf%cf%82\/#breadcrumb","itemListElement":[{"@type":"ListItem","position":1,"name":"Home","item":"https:\/\/ikastikos-kiklos.com\/en\/"},{"@type":"ListItem","position":2,"name":"\u0388\u03c1\u03b3\u03b1 \u03c4\u03ad\u03c7\u03bd\u03b7\u03c2","item":"https:\/\/ikastikos-kiklos.com\/%ce%ad%cf%81%ce%b3%ce%b1-%cf%84%ce%ad%cf%87%ce%bd%ce%b7%cf%82\/"},{"@type":"ListItem","position":3,"name":"Summer"}]},{"@type":"WebSite","@id":"https:\/\/ikastikos-kiklos.com\/en\/#website","url":"https:\/\/ikastikos-kiklos.com\/en\/","name":"Ikastikos Kiklos - Zografik\u00ed - Metaxotyp\u00edes - T\u00e9chniPainting - Silk Screen - Art","description":"","publisher":{"@id":"https:\/\/ikastikos-kiklos.com\/en\/#organization"},"potentialAction":[{"@type":"SearchAction","target":{"@type":"EntryPoint","urlTemplate":"https:\/\/ikastikos-kiklos.com\/en\/?s={search_term_string}"},"query-input":{"@type":"PropertyValueSpecification","valueRequired":true,"valueName":"search_term_string"}}],"inLanguage":"en-US"},{"@type":"Organization","@id":"https:\/\/ikastikos-kiklos.com\/en\/#organization","name":"Ikastikos Kiklos - Zografik\u00ed - Metaxotyp\u00edes - T\u00e9chniPainting - Silk Screen - Art","url":"https:\/\/ikastikos-kiklos.com\/en\/","logo":{"@type":"ImageObject","inLanguage":"en-US","@id":"https:\/\/ikastikos-kiklos.com\/en\/#\/schema\/logo\/image\/","url":"https:\/\/ikastikos-kiklos.com\/wp-content\/uploads\/2022\/10\/cropped-favicon_ikastikos.png","contentUrl":"https:\/\/ikastikos-kiklos.com\/wp-content\/uploads\/2022\/10\/cropped-favicon_ikastikos.png","width":512,"height":512,"caption":"Ikastikos Kiklos - Zografik\u00ed - Metaxotyp\u00edes - T\u00e9chniPainting - Silk Screen - Art"},"image":{"@id":"https:\/\/ikastikos-kiklos.com\/en\/#\/schema\/logo\/image\/"},"sameAs":["https:\/\/www.facebook.com\/ikastikoskiklossianti\/"]}]}},"_links":{"self":[{"href":"https:\/\/ikastikos-kiklos.com\/en\/wp-json\/wp\/v2\/product\/3339","targetHints":{"allow":["GET"]}}],"collection":[{"href":"https:\/\/ikastikos-kiklos.com\/en\/wp-json\/wp\/v2\/product"}],"about":[{"href":"https:\/\/ikastikos-kiklos.com\/en\/wp-json\/wp\/v2\/types\/product"}],"wp:featuredmedia":[{"embeddable":true,"href":"https:\/\/ikastikos-kiklos.com\/en\/wp-json\/wp\/v2\/media\/46756"}],"wp:attachment":[{"href":"https:\/\/ikastikos-kiklos.com\/en\/wp-json\/wp\/v2\/media?parent=3339"}],"wp:term":[{"taxonomy":"product_brand","embeddable":true,"href":"https:\/\/ikastikos-kiklos.com\/en\/wp-json\/wp\/v2\/product_brand?post=3339"},{"taxonomy":"product_cat","embeddable":true,"href":"https:\/\/ikastikos-kiklos.com\/en\/wp-json\/wp\/v2\/product_cat?post=3339"},{"taxonomy":"product_tag","embeddable":true,"href":"https:\/\/ikastikos-kiklos.com\/en\/wp-json\/wp\/v2\/product_tag?post=3339"}],"curies":[{"name":"wp","href":"https:\/\/api.w.org\/{rel}","templated":true}]}}