{"id":3335,"date":"2016-07-07T20:50:07","date_gmt":"2016-07-07T17:50:07","guid":{"rendered":"http:\/\/ikastikos-kiklos.com\/\u03c0\u03c1\u03bf\u03ca\u03cc\u03bd\/%ce%b6%ce%b5%ce%b9%ce%bc%cf%80%ce%ad%ce%ba%ce%b9%ce%ba%ce%bf\/?lang=en"},"modified":"2019-04-25T17:36:07","modified_gmt":"2019-04-25T14:36:07","slug":"%ce%b6%ce%b5%ce%b9%ce%bc%cf%80%ce%ad%ce%ba%ce%b9%ce%ba%ce%bf","status":"publish","type":"product","link":"https:\/\/ikastikos-kiklos.com\/en\/product\/%ce%b6%ce%b5%ce%b9%ce%bc%cf%80%ce%ad%ce%ba%ce%b9%ce%ba%ce%bf\/","title":{"rendered":"Zeibekiko"},"content":{"rendered":"<div class=\"description-container dynamic-content\">\n<p>When he was young he wanted to become an acrobat or a despot, but I never thought of becoming a painter, although he constantly painted pastels on large cartons. Besides, his parents prevented him. His mother thought he dirtied the house with painting, and his father told him that what he&#8217;s doing isn&#8217;t serious. He wanted him to become a lawyer or a chemist.<\/p>\n<p>From 1920 when Tsarouchis was 10 years old and until 1925, because his parents were forced to travel to Switzerland for the sake of their sick little daughter, he stayed with his older brother Mario in his aunt&#8217;s luxurious villa (his mothers sister) Despina Metaxa. The well-known political family Metaxa. Then he began painting with watercolor and abandoning the pastels he used until then. &#8220;Since then I remember, I never painted with ease and always picked up the brushes with agony.&#8221; Then he took some lessons from a French painter named Pik who considered Tsarouchi\u00a0an unsophisticated learner and stopped teaching him. But the little Tsarouchis continued to paint more intensely and natural. He himself said that Metaxas&#8217; house had no paintings on the walls but one who was a soldier who was said to have been killed.<\/p>\n<p>Source: texni-zoi.blogspot.gr<\/p>\n<\/div>\n","protected":false},"excerpt":{"rendered":"<p>Silkscreen hand signed and numbered by the artist. Edition of 190 prints. Today it&#8217;s considered a collectible.<\/p>\n","protected":false},"featured_media":16958,"template":"","meta":{"ngg_post_thumbnail":0},"product_brand":[],"product_cat":[398,1987,396,1991],"product_tag":[2578,2224,2269,2491,2384],"class_list":{"0":"post-3335","1":"product","2":"type-product","3":"status-publish","4":"has-post-thumbnail","6":"product_cat-collections","7":"product_cat-eshop-en","8":"product_cat-silkscreens","9":"product_cat-silkscreens-shop","10":"product_tag-collectible","11":"product_tag-silkscreen-en","12":"product_tag---en","13":"product_tag-wedding-gifts","14":"product_tag-zeibekiko-en","15":"product_shipping_class-0-2kg","17":"first","18":"instock","19":"taxable","20":"shipping-taxable","21":"purchasable","22":"product-type-simple"},"yoast_head":"<!-- This site is optimized with the Yoast SEO plugin v27.2 - https:\/\/yoast.com\/product\/yoast-seo-wordpress\/ -->\n<title>Zeibekiko Silkscreen by Yannis Tsarouchis at Ikastikos Kiklos Sianti Gallery.<\/title>\n<meta name=\"description\" content=\"Zeibekiko Silkscreen by Yannis Tsarouchis at Ikastikos Kiklos Sianti Gallery. 190 copies numbered and signed by the artist. Dimensions 80 x 49 cm\" \/>\n<meta name=\"robots\" content=\"index, follow, max-snippet:-1, max-image-preview:large, max-video-preview:-1\" \/>\n<link rel=\"canonical\" href=\"https:\/\/ikastikos-kiklos.com\/en\/product\/\u03b6\u03b5\u03b9\u03bc\u03c0\u03ad\u03ba\u03b9\u03ba\u03bf\/\" \/>\n<meta property=\"og:locale\" content=\"en_US\" \/>\n<meta property=\"og:type\" content=\"article\" \/>\n<meta property=\"og:title\" content=\"Zeibekiko Silkscreen by Yannis Tsarouchis at Ikastikos Kiklos Sianti Gallery.\" \/>\n<meta property=\"og:description\" content=\"Zeibekiko Silkscreen by Yannis Tsarouchis at Ikastikos Kiklos Sianti Gallery. 190 copies numbered and signed by the artist. Dimensions 80 x 49 cm\" \/>\n<meta property=\"og:url\" content=\"https:\/\/ikastikos-kiklos.com\/en\/product\/\u03b6\u03b5\u03b9\u03bc\u03c0\u03ad\u03ba\u03b9\u03ba\u03bf\/\" \/>\n<meta property=\"og:site_name\" content=\"Ikastikos Kiklos - Zografik\u00ed - Metaxotyp\u00edes - T\u00e9chniPainting - Silk Screen - Art\" \/>\n<meta property=\"article:publisher\" content=\"https:\/\/www.facebook.com\/ikastikoskiklossianti\/\" \/>\n<meta property=\"article:modified_time\" content=\"2019-04-25T14:36:07+00:00\" \/>\n<meta property=\"og:image\" content=\"https:\/\/ikastikos-kiklos.com\/wp-content\/uploads\/2016\/07\/Job_7848.jpg\" \/>\n\t<meta property=\"og:image:width\" content=\"1100\" \/>\n\t<meta property=\"og:image:height\" content=\"744\" \/>\n\t<meta property=\"og:image:type\" content=\"image\/jpeg\" \/>\n<meta name=\"twitter:card\" content=\"summary_large_image\" \/>\n<meta name=\"twitter:label1\" content=\"Est. reading time\" \/>\n\t<meta name=\"twitter:data1\" content=\"1 minute\" \/>\n<script type=\"application\/ld+json\" class=\"yoast-schema-graph\">{\"@context\":\"https:\/\/schema.org\",\"@graph\":[{\"@type\":\"WebPage\",\"@id\":\"https:\/\/ikastikos-kiklos.com\/en\/product\/%ce%b6%ce%b5%ce%b9%ce%bc%cf%80%ce%ad%ce%ba%ce%b9%ce%ba%ce%bf\/\",\"url\":\"https:\/\/ikastikos-kiklos.com\/en\/product\/%ce%b6%ce%b5%ce%b9%ce%bc%cf%80%ce%ad%ce%ba%ce%b9%ce%ba%ce%bf\/\",\"name\":\"Zeibekiko Silkscreen by Yannis Tsarouchis at Ikastikos Kiklos Sianti Gallery.\",\"isPartOf\":{\"@id\":\"https:\/\/ikastikos-kiklos.com\/en\/#website\"},\"primaryImageOfPage\":{\"@id\":\"https:\/\/ikastikos-kiklos.com\/en\/product\/%ce%b6%ce%b5%ce%b9%ce%bc%cf%80%ce%ad%ce%ba%ce%b9%ce%ba%ce%bf\/#primaryimage\"},\"image\":{\"@id\":\"https:\/\/ikastikos-kiklos.com\/en\/product\/%ce%b6%ce%b5%ce%b9%ce%bc%cf%80%ce%ad%ce%ba%ce%b9%ce%ba%ce%bf\/#primaryimage\"},\"thumbnailUrl\":\"https:\/\/ikastikos-kiklos.com\/wp-content\/uploads\/2016\/07\/Job_7848.jpg\",\"datePublished\":\"2016-07-07T17:50:07+00:00\",\"dateModified\":\"2019-04-25T14:36:07+00:00\",\"description\":\"Zeibekiko Silkscreen by Yannis Tsarouchis at Ikastikos Kiklos Sianti Gallery. 190 copies numbered and signed by the artist. Dimensions 80 x 49 cm\",\"breadcrumb\":{\"@id\":\"https:\/\/ikastikos-kiklos.com\/en\/product\/%ce%b6%ce%b5%ce%b9%ce%bc%cf%80%ce%ad%ce%ba%ce%b9%ce%ba%ce%bf\/#breadcrumb\"},\"inLanguage\":\"en-US\",\"potentialAction\":[{\"@type\":\"ReadAction\",\"target\":[\"https:\/\/ikastikos-kiklos.com\/en\/product\/%ce%b6%ce%b5%ce%b9%ce%bc%cf%80%ce%ad%ce%ba%ce%b9%ce%ba%ce%bf\/\"]}]},{\"@type\":\"ImageObject\",\"inLanguage\":\"en-US\",\"@id\":\"https:\/\/ikastikos-kiklos.com\/en\/product\/%ce%b6%ce%b5%ce%b9%ce%bc%cf%80%ce%ad%ce%ba%ce%b9%ce%ba%ce%bf\/#primaryimage\",\"url\":\"https:\/\/ikastikos-kiklos.com\/wp-content\/uploads\/2016\/07\/Job_7848.jpg\",\"contentUrl\":\"https:\/\/ikastikos-kiklos.com\/wp-content\/uploads\/2016\/07\/Job_7848.jpg\",\"width\":1100,\"height\":744,\"caption\":\"\u0396\u03b5\u03b9\u03bc\u03c0\u03ad\u03ba\u03b9\u03ba\u03bf \u039c\u03b5\u03c4\u03b1\u03be\u03bf\u03c4\u03c5\u03c0\u03af\u03b1 \u03c4\u03bf\u03c5 \u0393\u03b9\u03ac\u03bd\u03bd\u03b7 \u03a4\u03c3\u03b1\u03c1\u03bf\u03cd\u03c7\u03b7 \u03c3\u03c4\u03bf\u03bd \u0395\u03b9\u03ba\u03b1\u03c3\u03c4\u03b9\u03ba\u03cc \u039a\u03cd\u03ba\u03bb\u03bf Sianti\"},{\"@type\":\"BreadcrumbList\",\"@id\":\"https:\/\/ikastikos-kiklos.com\/en\/product\/%ce%b6%ce%b5%ce%b9%ce%bc%cf%80%ce%ad%ce%ba%ce%b9%ce%ba%ce%bf\/#breadcrumb\",\"itemListElement\":[{\"@type\":\"ListItem\",\"position\":1,\"name\":\"Home\",\"item\":\"https:\/\/ikastikos-kiklos.com\/en\/\"},{\"@type\":\"ListItem\",\"position\":2,\"name\":\"\u0388\u03c1\u03b3\u03b1 \u03c4\u03ad\u03c7\u03bd\u03b7\u03c2\",\"item\":\"https:\/\/ikastikos-kiklos.com\/%ce%ad%cf%81%ce%b3%ce%b1-%cf%84%ce%ad%cf%87%ce%bd%ce%b7%cf%82\/\"},{\"@type\":\"ListItem\",\"position\":3,\"name\":\"Zeibekiko\"}]},{\"@type\":\"WebSite\",\"@id\":\"https:\/\/ikastikos-kiklos.com\/en\/#website\",\"url\":\"https:\/\/ikastikos-kiklos.com\/en\/\",\"name\":\"Ikastikos Kiklos - Zografik\u00ed - Metaxotyp\u00edes - T\u00e9chniPainting - Silk Screen - Art\",\"description\":\"\",\"publisher\":{\"@id\":\"https:\/\/ikastikos-kiklos.com\/en\/#organization\"},\"potentialAction\":[{\"@type\":\"SearchAction\",\"target\":{\"@type\":\"EntryPoint\",\"urlTemplate\":\"https:\/\/ikastikos-kiklos.com\/en\/?s={search_term_string}\"},\"query-input\":{\"@type\":\"PropertyValueSpecification\",\"valueRequired\":true,\"valueName\":\"search_term_string\"}}],\"inLanguage\":\"en-US\"},{\"@type\":\"Organization\",\"@id\":\"https:\/\/ikastikos-kiklos.com\/en\/#organization\",\"name\":\"Ikastikos Kiklos - Zografik\u00ed - Metaxotyp\u00edes - T\u00e9chniPainting - Silk Screen - Art\",\"url\":\"https:\/\/ikastikos-kiklos.com\/en\/\",\"logo\":{\"@type\":\"ImageObject\",\"inLanguage\":\"en-US\",\"@id\":\"https:\/\/ikastikos-kiklos.com\/en\/#\/schema\/logo\/image\/\",\"url\":\"https:\/\/ikastikos-kiklos.com\/wp-content\/uploads\/2022\/10\/cropped-favicon_ikastikos.png\",\"contentUrl\":\"https:\/\/ikastikos-kiklos.com\/wp-content\/uploads\/2022\/10\/cropped-favicon_ikastikos.png\",\"width\":512,\"height\":512,\"caption\":\"Ikastikos Kiklos - Zografik\u00ed - Metaxotyp\u00edes - T\u00e9chniPainting - Silk Screen - Art\"},\"image\":{\"@id\":\"https:\/\/ikastikos-kiklos.com\/en\/#\/schema\/logo\/image\/\"},\"sameAs\":[\"https:\/\/www.facebook.com\/ikastikoskiklossianti\/\"]}]}<\/script>\n<!-- \/ Yoast SEO plugin. -->","yoast_head_json":{"title":"Zeibekiko Silkscreen by Yannis Tsarouchis at Ikastikos Kiklos Sianti Gallery.","description":"Zeibekiko Silkscreen by Yannis Tsarouchis at Ikastikos Kiklos Sianti Gallery. 190 copies numbered and signed by the artist. Dimensions 80 x 49 cm","robots":{"index":"index","follow":"follow","max-snippet":"max-snippet:-1","max-image-preview":"max-image-preview:large","max-video-preview":"max-video-preview:-1"},"canonical":"https:\/\/ikastikos-kiklos.com\/en\/product\/\u03b6\u03b5\u03b9\u03bc\u03c0\u03ad\u03ba\u03b9\u03ba\u03bf\/","og_locale":"en_US","og_type":"article","og_title":"Zeibekiko Silkscreen by Yannis Tsarouchis at Ikastikos Kiklos Sianti Gallery.","og_description":"Zeibekiko Silkscreen by Yannis Tsarouchis at Ikastikos Kiklos Sianti Gallery. 190 copies numbered and signed by the artist. Dimensions 80 x 49 cm","og_url":"https:\/\/ikastikos-kiklos.com\/en\/product\/\u03b6\u03b5\u03b9\u03bc\u03c0\u03ad\u03ba\u03b9\u03ba\u03bf\/","og_site_name":"Ikastikos Kiklos - Zografik\u00ed - Metaxotyp\u00edes - T\u00e9chniPainting - Silk Screen - Art","article_publisher":"https:\/\/www.facebook.com\/ikastikoskiklossianti\/","article_modified_time":"2019-04-25T14:36:07+00:00","og_image":[{"width":1100,"height":744,"url":"https:\/\/ikastikos-kiklos.com\/wp-content\/uploads\/2016\/07\/Job_7848.jpg","type":"image\/jpeg"}],"twitter_card":"summary_large_image","twitter_misc":{"Est. reading time":"1 minute"},"schema":{"@context":"https:\/\/schema.org","@graph":[{"@type":"WebPage","@id":"https:\/\/ikastikos-kiklos.com\/en\/product\/%ce%b6%ce%b5%ce%b9%ce%bc%cf%80%ce%ad%ce%ba%ce%b9%ce%ba%ce%bf\/","url":"https:\/\/ikastikos-kiklos.com\/en\/product\/%ce%b6%ce%b5%ce%b9%ce%bc%cf%80%ce%ad%ce%ba%ce%b9%ce%ba%ce%bf\/","name":"Zeibekiko Silkscreen by Yannis Tsarouchis at Ikastikos Kiklos Sianti Gallery.","isPartOf":{"@id":"https:\/\/ikastikos-kiklos.com\/en\/#website"},"primaryImageOfPage":{"@id":"https:\/\/ikastikos-kiklos.com\/en\/product\/%ce%b6%ce%b5%ce%b9%ce%bc%cf%80%ce%ad%ce%ba%ce%b9%ce%ba%ce%bf\/#primaryimage"},"image":{"@id":"https:\/\/ikastikos-kiklos.com\/en\/product\/%ce%b6%ce%b5%ce%b9%ce%bc%cf%80%ce%ad%ce%ba%ce%b9%ce%ba%ce%bf\/#primaryimage"},"thumbnailUrl":"https:\/\/ikastikos-kiklos.com\/wp-content\/uploads\/2016\/07\/Job_7848.jpg","datePublished":"2016-07-07T17:50:07+00:00","dateModified":"2019-04-25T14:36:07+00:00","description":"Zeibekiko Silkscreen by Yannis Tsarouchis at Ikastikos Kiklos Sianti Gallery. 190 copies numbered and signed by the artist. Dimensions 80 x 49 cm","breadcrumb":{"@id":"https:\/\/ikastikos-kiklos.com\/en\/product\/%ce%b6%ce%b5%ce%b9%ce%bc%cf%80%ce%ad%ce%ba%ce%b9%ce%ba%ce%bf\/#breadcrumb"},"inLanguage":"en-US","potentialAction":[{"@type":"ReadAction","target":["https:\/\/ikastikos-kiklos.com\/en\/product\/%ce%b6%ce%b5%ce%b9%ce%bc%cf%80%ce%ad%ce%ba%ce%b9%ce%ba%ce%bf\/"]}]},{"@type":"ImageObject","inLanguage":"en-US","@id":"https:\/\/ikastikos-kiklos.com\/en\/product\/%ce%b6%ce%b5%ce%b9%ce%bc%cf%80%ce%ad%ce%ba%ce%b9%ce%ba%ce%bf\/#primaryimage","url":"https:\/\/ikastikos-kiklos.com\/wp-content\/uploads\/2016\/07\/Job_7848.jpg","contentUrl":"https:\/\/ikastikos-kiklos.com\/wp-content\/uploads\/2016\/07\/Job_7848.jpg","width":1100,"height":744,"caption":"\u0396\u03b5\u03b9\u03bc\u03c0\u03ad\u03ba\u03b9\u03ba\u03bf \u039c\u03b5\u03c4\u03b1\u03be\u03bf\u03c4\u03c5\u03c0\u03af\u03b1 \u03c4\u03bf\u03c5 \u0393\u03b9\u03ac\u03bd\u03bd\u03b7 \u03a4\u03c3\u03b1\u03c1\u03bf\u03cd\u03c7\u03b7 \u03c3\u03c4\u03bf\u03bd \u0395\u03b9\u03ba\u03b1\u03c3\u03c4\u03b9\u03ba\u03cc \u039a\u03cd\u03ba\u03bb\u03bf Sianti"},{"@type":"BreadcrumbList","@id":"https:\/\/ikastikos-kiklos.com\/en\/product\/%ce%b6%ce%b5%ce%b9%ce%bc%cf%80%ce%ad%ce%ba%ce%b9%ce%ba%ce%bf\/#breadcrumb","itemListElement":[{"@type":"ListItem","position":1,"name":"Home","item":"https:\/\/ikastikos-kiklos.com\/en\/"},{"@type":"ListItem","position":2,"name":"\u0388\u03c1\u03b3\u03b1 \u03c4\u03ad\u03c7\u03bd\u03b7\u03c2","item":"https:\/\/ikastikos-kiklos.com\/%ce%ad%cf%81%ce%b3%ce%b1-%cf%84%ce%ad%cf%87%ce%bd%ce%b7%cf%82\/"},{"@type":"ListItem","position":3,"name":"Zeibekiko"}]},{"@type":"WebSite","@id":"https:\/\/ikastikos-kiklos.com\/en\/#website","url":"https:\/\/ikastikos-kiklos.com\/en\/","name":"Ikastikos Kiklos - Zografik\u00ed - Metaxotyp\u00edes - T\u00e9chniPainting - Silk Screen - Art","description":"","publisher":{"@id":"https:\/\/ikastikos-kiklos.com\/en\/#organization"},"potentialAction":[{"@type":"SearchAction","target":{"@type":"EntryPoint","urlTemplate":"https:\/\/ikastikos-kiklos.com\/en\/?s={search_term_string}"},"query-input":{"@type":"PropertyValueSpecification","valueRequired":true,"valueName":"search_term_string"}}],"inLanguage":"en-US"},{"@type":"Organization","@id":"https:\/\/ikastikos-kiklos.com\/en\/#organization","name":"Ikastikos Kiklos - Zografik\u00ed - Metaxotyp\u00edes - T\u00e9chniPainting - Silk Screen - Art","url":"https:\/\/ikastikos-kiklos.com\/en\/","logo":{"@type":"ImageObject","inLanguage":"en-US","@id":"https:\/\/ikastikos-kiklos.com\/en\/#\/schema\/logo\/image\/","url":"https:\/\/ikastikos-kiklos.com\/wp-content\/uploads\/2022\/10\/cropped-favicon_ikastikos.png","contentUrl":"https:\/\/ikastikos-kiklos.com\/wp-content\/uploads\/2022\/10\/cropped-favicon_ikastikos.png","width":512,"height":512,"caption":"Ikastikos Kiklos - Zografik\u00ed - Metaxotyp\u00edes - T\u00e9chniPainting - Silk Screen - Art"},"image":{"@id":"https:\/\/ikastikos-kiklos.com\/en\/#\/schema\/logo\/image\/"},"sameAs":["https:\/\/www.facebook.com\/ikastikoskiklossianti\/"]}]}},"_links":{"self":[{"href":"https:\/\/ikastikos-kiklos.com\/en\/wp-json\/wp\/v2\/product\/3335","targetHints":{"allow":["GET"]}}],"collection":[{"href":"https:\/\/ikastikos-kiklos.com\/en\/wp-json\/wp\/v2\/product"}],"about":[{"href":"https:\/\/ikastikos-kiklos.com\/en\/wp-json\/wp\/v2\/types\/product"}],"wp:featuredmedia":[{"embeddable":true,"href":"https:\/\/ikastikos-kiklos.com\/en\/wp-json\/wp\/v2\/media\/16958"}],"wp:attachment":[{"href":"https:\/\/ikastikos-kiklos.com\/en\/wp-json\/wp\/v2\/media?parent=3335"}],"wp:term":[{"taxonomy":"product_brand","embeddable":true,"href":"https:\/\/ikastikos-kiklos.com\/en\/wp-json\/wp\/v2\/product_brand?post=3335"},{"taxonomy":"product_cat","embeddable":true,"href":"https:\/\/ikastikos-kiklos.com\/en\/wp-json\/wp\/v2\/product_cat?post=3335"},{"taxonomy":"product_tag","embeddable":true,"href":"https:\/\/ikastikos-kiklos.com\/en\/wp-json\/wp\/v2\/product_tag?post=3335"}],"curies":[{"name":"wp","href":"https:\/\/api.w.org\/{rel}","templated":true}]}}