{"id":3317,"date":"2016-10-18T10:33:49","date_gmt":"2016-10-18T10:33:49","guid":{"rendered":"http:\/\/ikastikos-kiklos.com\/\u03c0\u03c1\u03bf\u03ca\u03cc\u03bd\/%cf%84%cf%81%ce%b1%cf%80%ce%ad%ce%b6%ce%b9-3\/?lang=en"},"modified":"2018-01-03T15:10:48","modified_gmt":"2018-01-03T13:10:48","slug":"%cf%84%cf%81%ce%b1%cf%80%ce%ad%ce%b6%ce%b9-3","status":"publish","type":"product","link":"https:\/\/ikastikos-kiklos.com\/en\/product\/%cf%84%cf%81%ce%b1%cf%80%ce%ad%ce%b6%ce%b9-3\/","title":{"rendered":"Table"},"content":{"rendered":"<header class=\"title-container\">Once again the artist digs into the extreme detail, reproducing the different qualities and textures of fabric, their rich designs and folds, the gloss of glassware, the loaded decoration of wood-carved furniture, the sculptural ornaments and the gemstones of ecclesiastical objects. His compositions have complex symbolic images and simultaneously references to everyday life, ancient and Byzantine heritage and orthodoxy.<\/p>\n<p>Source: <a href=\"http:\/\/dromoi-tis-technis6.webnode.gr\/news\/%CE%B8%CE%B5%CE%BF%CE%B4%CF%89%CF%81%CE%BF%CF%83-%CE%BC%CE%B1%CE%BD%CF%89%CE%BB%CE%B9%CE%B4%CE%B7%CF%83%2C-%CE%BF-%CE%B6%CF%89%CE%B3%CF%81%CE%B1%CF%86%CE%BF%CF%83-%CF%84%CE%BF%CF%85-%CE%B1%CE%BA%CF%81%CE%B1%CE%B9%CE%BF%CF%85-%CF%81%CE%B5%CE%B1%CE%BB\/?utm_source=copy&amp;utm_medium=paste&amp;utm_campaign=copypaste&amp;utm_content=http%3A%2F%2Fdromoi-tis-technis6.webnode.gr%2Fnews%2F%25CE%25B8%25CE%25B5%25CE%25BF%25CE%25B4%25CF%2589%25CF%2581%25CE%25BF%25CF%2583-%25CE%25BC%25CE%25B1%25CE%25BD%25CF%2589%25CE%25BB%25CE%25B9%25CE%25B4%25CE%25B7%25CF%2583%252C-%25CE%25BF-%25CE%25B6%25CF%2589%25CE%25B3%25CF%2581%25CE%25B1%25CF%2586%25CE%25BF%25CF%2583-%25CF%2584%25CE%25BF%25CF%2585-%25CE%25B1%25CE%25BA%25CF%2581%25CE%25B1%25CE%25B9%25CE%25BF%25CF%2585-%25CF%2581%25CE%25B5%25CE%25B1%25CE%25BB%2F\">dromoi-tis-technis6.webnode.gr<\/a><\/p>\n<\/header>\n","protected":false},"excerpt":{"rendered":"<p>The painter relinquishes several times the rules of the Renaissance perspective and adopts a two-dimensional representation of the surroundings, which gives his paintings an unrealistic touch.<\/p>\n<p>Source: <a href=\"http:\/\/dromoi-tis-technis6.webnode.gr\/news\/%CE%B8%CE%B5%CE%BF%CE%B4%CF%89%CF%81%CE%BF%CF%83-%CE%BC%CE%B1%CE%BD%CF%89%CE%BB%CE%B9%CE%B4%CE%B7%CF%83%2C-%CE%BF-%CE%B6%CF%89%CE%B3%CF%81%CE%B1%CF%86%CE%BF%CF%83-%CF%84%CE%BF%CF%85-%CE%B1%CE%BA%CF%81%CE%B1%CE%B9%CE%BF%CF%85-%CF%81%CE%B5%CE%B1%CE%BB\/?utm_source=copy&amp;utm_medium=paste&amp;utm_campaign=copypaste&amp;utm_content=http%3A%2F%2Fdromoi-tis-technis6.webnode.gr%2Fnews%2F%25CE%25B8%25CE%25B5%25CE%25BF%25CE%25B4%25CF%2589%25CF%2581%25CE%25BF%25CF%2583-%25CE%25BC%25CE%25B1%25CE%25BD%25CF%2589%25CE%25BB%25CE%25B9%25CE%25B4%25CE%25B7%25CF%2583%252C-%25CE%25BF-%25CE%25B6%25CF%2589%25CE%25B3%25CF%2581%25CE%25B1%25CF%2586%25CE%25BF%25CF%2583-%25CF%2584%25CE%25BF%25CF%2585-%25CE%25B1%25CE%25BA%25CF%2581%25CE%25B1%25CE%25B9%25CE%25BF%25CF%2585-%25CF%2581%25CE%25B5%25CE%25B1%25CE%25BB%2F\">dromoi-tis-technis6.webnode.gr<\/a><\/p>\n","protected":false},"featured_media":2868,"template":"","meta":{"ngg_post_thumbnail":0},"product_brand":[],"product_cat":[397],"product_tag":[2707,2213,2615],"class_list":{"0":"post-3317","1":"product","2":"type-product","3":"status-publish","4":"has-post-thumbnail","6":"product_cat-painting","7":"product_tag-manolidis-theodoros","8":"product_tag-painting-en","9":"product_tag-work-of-art","11":"first","12":"instock","13":"taxable","14":"shipping-taxable","15":"product-type-simple"},"yoast_head":"<!-- This site is optimized with the Yoast SEO plugin v27.2 - https:\/\/yoast.com\/product\/yoast-seo-wordpress\/ -->\n<title>Table Painting by Manolidis Theodoros at Ikastikos Kiklos Sianti Gallery.<\/title>\n<meta name=\"description\" content=\"Table Painting by Manolidis Theodoros at Ikastikos Kiklos Sianti Gallery. Acrylic paints in dimensions 120x80cm\" \/>\n<meta name=\"robots\" content=\"index, follow, max-snippet:-1, max-image-preview:large, max-video-preview:-1\" \/>\n<link rel=\"canonical\" href=\"https:\/\/ikastikos-kiklos.com\/en\/product\/\u03c4\u03c1\u03b1\u03c0\u03ad\u03b6\u03b9-3\/\" \/>\n<meta property=\"og:locale\" content=\"en_US\" \/>\n<meta property=\"og:type\" content=\"article\" \/>\n<meta property=\"og:title\" content=\"Table Painting by Manolidis Theodoros at Ikastikos Kiklos Sianti Gallery.\" \/>\n<meta property=\"og:description\" content=\"Table Painting by Manolidis Theodoros at Ikastikos Kiklos Sianti Gallery. Acrylic paints in dimensions 120x80cm\" \/>\n<meta property=\"og:url\" content=\"https:\/\/ikastikos-kiklos.com\/en\/product\/\u03c4\u03c1\u03b1\u03c0\u03ad\u03b6\u03b9-3\/\" \/>\n<meta property=\"og:site_name\" content=\"Ikastikos Kiklos - Zografik\u00ed - Metaxotyp\u00edes - T\u00e9chniPainting - Silk Screen - Art\" \/>\n<meta property=\"article:publisher\" content=\"https:\/\/www.facebook.com\/ikastikoskiklossianti\/\" \/>\n<meta property=\"article:modified_time\" content=\"2018-01-03T13:10:48+00:00\" \/>\n<meta property=\"og:image\" content=\"https:\/\/ikastikos-kiklos.com\/wp-content\/uploads\/2016\/10\/No1-80x120cm.jpg\" \/>\n\t<meta property=\"og:image:width\" content=\"634\" \/>\n\t<meta property=\"og:image:height\" content=\"425\" \/>\n\t<meta property=\"og:image:type\" content=\"image\/jpeg\" \/>\n<meta name=\"twitter:card\" content=\"summary_large_image\" \/>\n<script type=\"application\/ld+json\" class=\"yoast-schema-graph\">{\"@context\":\"https:\/\/schema.org\",\"@graph\":[{\"@type\":\"WebPage\",\"@id\":\"https:\/\/ikastikos-kiklos.com\/en\/product\/%cf%84%cf%81%ce%b1%cf%80%ce%ad%ce%b6%ce%b9-3\/\",\"url\":\"https:\/\/ikastikos-kiklos.com\/en\/product\/%cf%84%cf%81%ce%b1%cf%80%ce%ad%ce%b6%ce%b9-3\/\",\"name\":\"Table Painting by Manolidis Theodoros at Ikastikos Kiklos Sianti Gallery.\",\"isPartOf\":{\"@id\":\"https:\/\/ikastikos-kiklos.com\/en\/#website\"},\"primaryImageOfPage\":{\"@id\":\"https:\/\/ikastikos-kiklos.com\/en\/product\/%cf%84%cf%81%ce%b1%cf%80%ce%ad%ce%b6%ce%b9-3\/#primaryimage\"},\"image\":{\"@id\":\"https:\/\/ikastikos-kiklos.com\/en\/product\/%cf%84%cf%81%ce%b1%cf%80%ce%ad%ce%b6%ce%b9-3\/#primaryimage\"},\"thumbnailUrl\":\"https:\/\/ikastikos-kiklos.com\/wp-content\/uploads\/2016\/10\/No1-80x120cm.jpg\",\"datePublished\":\"2016-10-18T10:33:49+00:00\",\"dateModified\":\"2018-01-03T13:10:48+00:00\",\"description\":\"Table Painting by Manolidis Theodoros at Ikastikos Kiklos Sianti Gallery. Acrylic paints in dimensions 120x80cm\",\"breadcrumb\":{\"@id\":\"https:\/\/ikastikos-kiklos.com\/en\/product\/%cf%84%cf%81%ce%b1%cf%80%ce%ad%ce%b6%ce%b9-3\/#breadcrumb\"},\"inLanguage\":\"en-US\",\"potentialAction\":[{\"@type\":\"ReadAction\",\"target\":[\"https:\/\/ikastikos-kiklos.com\/en\/product\/%cf%84%cf%81%ce%b1%cf%80%ce%ad%ce%b6%ce%b9-3\/\"]}]},{\"@type\":\"ImageObject\",\"inLanguage\":\"en-US\",\"@id\":\"https:\/\/ikastikos-kiklos.com\/en\/product\/%cf%84%cf%81%ce%b1%cf%80%ce%ad%ce%b6%ce%b9-3\/#primaryimage\",\"url\":\"https:\/\/ikastikos-kiklos.com\/wp-content\/uploads\/2016\/10\/No1-80x120cm.jpg\",\"contentUrl\":\"https:\/\/ikastikos-kiklos.com\/wp-content\/uploads\/2016\/10\/No1-80x120cm.jpg\",\"width\":634,\"height\":425,\"caption\":\"\u039c\u03c0\u03c1\u03bf\u03c2 \u03c3\u03c4\u03bf \u03c0\u03b1\u03c1\u03b1\u03b2\u03ac\u03bd \u0396\u03c9\u03b3\u03c1\u03b1\u03c6\u03b9\u03ba\u03cc \u0388\u03c1\u03b3\u03bf \u03c4\u03bf\u03c5 \u0398\u03b5\u03cc\u03b4\u03c9\u03c1\u03bf\u03c5 \u039c\u03b1\u03bd\u03c9\u03bb\u03af\u03b4\u03b7 \u03c3\u03c4\u03bf\u03bd \u0395\u03b9\u03ba\u03b1\u03c3\u03c4\u03b9\u03ba\u03cc \u039a\u03cd\u03ba\u03bb\u03bf Sianti\"},{\"@type\":\"BreadcrumbList\",\"@id\":\"https:\/\/ikastikos-kiklos.com\/en\/product\/%cf%84%cf%81%ce%b1%cf%80%ce%ad%ce%b6%ce%b9-3\/#breadcrumb\",\"itemListElement\":[{\"@type\":\"ListItem\",\"position\":1,\"name\":\"Home\",\"item\":\"https:\/\/ikastikos-kiklos.com\/en\/\"},{\"@type\":\"ListItem\",\"position\":2,\"name\":\"\u0388\u03c1\u03b3\u03b1 \u03c4\u03ad\u03c7\u03bd\u03b7\u03c2\",\"item\":\"https:\/\/ikastikos-kiklos.com\/%ce%ad%cf%81%ce%b3%ce%b1-%cf%84%ce%ad%cf%87%ce%bd%ce%b7%cf%82\/\"},{\"@type\":\"ListItem\",\"position\":3,\"name\":\"Table\"}]},{\"@type\":\"WebSite\",\"@id\":\"https:\/\/ikastikos-kiklos.com\/en\/#website\",\"url\":\"https:\/\/ikastikos-kiklos.com\/en\/\",\"name\":\"Ikastikos Kiklos - Zografik\u00ed - Metaxotyp\u00edes - T\u00e9chniPainting - Silk Screen - Art\",\"description\":\"\",\"publisher\":{\"@id\":\"https:\/\/ikastikos-kiklos.com\/en\/#organization\"},\"potentialAction\":[{\"@type\":\"SearchAction\",\"target\":{\"@type\":\"EntryPoint\",\"urlTemplate\":\"https:\/\/ikastikos-kiklos.com\/en\/?s={search_term_string}\"},\"query-input\":{\"@type\":\"PropertyValueSpecification\",\"valueRequired\":true,\"valueName\":\"search_term_string\"}}],\"inLanguage\":\"en-US\"},{\"@type\":\"Organization\",\"@id\":\"https:\/\/ikastikos-kiklos.com\/en\/#organization\",\"name\":\"Ikastikos Kiklos - Zografik\u00ed - Metaxotyp\u00edes - T\u00e9chniPainting - Silk Screen - Art\",\"url\":\"https:\/\/ikastikos-kiklos.com\/en\/\",\"logo\":{\"@type\":\"ImageObject\",\"inLanguage\":\"en-US\",\"@id\":\"https:\/\/ikastikos-kiklos.com\/en\/#\/schema\/logo\/image\/\",\"url\":\"https:\/\/ikastikos-kiklos.com\/wp-content\/uploads\/2022\/10\/cropped-favicon_ikastikos.png\",\"contentUrl\":\"https:\/\/ikastikos-kiklos.com\/wp-content\/uploads\/2022\/10\/cropped-favicon_ikastikos.png\",\"width\":512,\"height\":512,\"caption\":\"Ikastikos Kiklos - Zografik\u00ed - Metaxotyp\u00edes - T\u00e9chniPainting - Silk Screen - Art\"},\"image\":{\"@id\":\"https:\/\/ikastikos-kiklos.com\/en\/#\/schema\/logo\/image\/\"},\"sameAs\":[\"https:\/\/www.facebook.com\/ikastikoskiklossianti\/\"]}]}<\/script>\n<!-- \/ Yoast SEO plugin. -->","yoast_head_json":{"title":"Table Painting by Manolidis Theodoros at Ikastikos Kiklos Sianti Gallery.","description":"Table Painting by Manolidis Theodoros at Ikastikos Kiklos Sianti Gallery. Acrylic paints in dimensions 120x80cm","robots":{"index":"index","follow":"follow","max-snippet":"max-snippet:-1","max-image-preview":"max-image-preview:large","max-video-preview":"max-video-preview:-1"},"canonical":"https:\/\/ikastikos-kiklos.com\/en\/product\/\u03c4\u03c1\u03b1\u03c0\u03ad\u03b6\u03b9-3\/","og_locale":"en_US","og_type":"article","og_title":"Table Painting by Manolidis Theodoros at Ikastikos Kiklos Sianti Gallery.","og_description":"Table Painting by Manolidis Theodoros at Ikastikos Kiklos Sianti Gallery. Acrylic paints in dimensions 120x80cm","og_url":"https:\/\/ikastikos-kiklos.com\/en\/product\/\u03c4\u03c1\u03b1\u03c0\u03ad\u03b6\u03b9-3\/","og_site_name":"Ikastikos Kiklos - Zografik\u00ed - Metaxotyp\u00edes - T\u00e9chniPainting - Silk Screen - Art","article_publisher":"https:\/\/www.facebook.com\/ikastikoskiklossianti\/","article_modified_time":"2018-01-03T13:10:48+00:00","og_image":[{"width":634,"height":425,"url":"https:\/\/ikastikos-kiklos.com\/wp-content\/uploads\/2016\/10\/No1-80x120cm.jpg","type":"image\/jpeg"}],"twitter_card":"summary_large_image","schema":{"@context":"https:\/\/schema.org","@graph":[{"@type":"WebPage","@id":"https:\/\/ikastikos-kiklos.com\/en\/product\/%cf%84%cf%81%ce%b1%cf%80%ce%ad%ce%b6%ce%b9-3\/","url":"https:\/\/ikastikos-kiklos.com\/en\/product\/%cf%84%cf%81%ce%b1%cf%80%ce%ad%ce%b6%ce%b9-3\/","name":"Table Painting by Manolidis Theodoros at Ikastikos Kiklos Sianti Gallery.","isPartOf":{"@id":"https:\/\/ikastikos-kiklos.com\/en\/#website"},"primaryImageOfPage":{"@id":"https:\/\/ikastikos-kiklos.com\/en\/product\/%cf%84%cf%81%ce%b1%cf%80%ce%ad%ce%b6%ce%b9-3\/#primaryimage"},"image":{"@id":"https:\/\/ikastikos-kiklos.com\/en\/product\/%cf%84%cf%81%ce%b1%cf%80%ce%ad%ce%b6%ce%b9-3\/#primaryimage"},"thumbnailUrl":"https:\/\/ikastikos-kiklos.com\/wp-content\/uploads\/2016\/10\/No1-80x120cm.jpg","datePublished":"2016-10-18T10:33:49+00:00","dateModified":"2018-01-03T13:10:48+00:00","description":"Table Painting by Manolidis Theodoros at Ikastikos Kiklos Sianti Gallery. Acrylic paints in dimensions 120x80cm","breadcrumb":{"@id":"https:\/\/ikastikos-kiklos.com\/en\/product\/%cf%84%cf%81%ce%b1%cf%80%ce%ad%ce%b6%ce%b9-3\/#breadcrumb"},"inLanguage":"en-US","potentialAction":[{"@type":"ReadAction","target":["https:\/\/ikastikos-kiklos.com\/en\/product\/%cf%84%cf%81%ce%b1%cf%80%ce%ad%ce%b6%ce%b9-3\/"]}]},{"@type":"ImageObject","inLanguage":"en-US","@id":"https:\/\/ikastikos-kiklos.com\/en\/product\/%cf%84%cf%81%ce%b1%cf%80%ce%ad%ce%b6%ce%b9-3\/#primaryimage","url":"https:\/\/ikastikos-kiklos.com\/wp-content\/uploads\/2016\/10\/No1-80x120cm.jpg","contentUrl":"https:\/\/ikastikos-kiklos.com\/wp-content\/uploads\/2016\/10\/No1-80x120cm.jpg","width":634,"height":425,"caption":"\u039c\u03c0\u03c1\u03bf\u03c2 \u03c3\u03c4\u03bf \u03c0\u03b1\u03c1\u03b1\u03b2\u03ac\u03bd \u0396\u03c9\u03b3\u03c1\u03b1\u03c6\u03b9\u03ba\u03cc \u0388\u03c1\u03b3\u03bf \u03c4\u03bf\u03c5 \u0398\u03b5\u03cc\u03b4\u03c9\u03c1\u03bf\u03c5 \u039c\u03b1\u03bd\u03c9\u03bb\u03af\u03b4\u03b7 \u03c3\u03c4\u03bf\u03bd \u0395\u03b9\u03ba\u03b1\u03c3\u03c4\u03b9\u03ba\u03cc \u039a\u03cd\u03ba\u03bb\u03bf Sianti"},{"@type":"BreadcrumbList","@id":"https:\/\/ikastikos-kiklos.com\/en\/product\/%cf%84%cf%81%ce%b1%cf%80%ce%ad%ce%b6%ce%b9-3\/#breadcrumb","itemListElement":[{"@type":"ListItem","position":1,"name":"Home","item":"https:\/\/ikastikos-kiklos.com\/en\/"},{"@type":"ListItem","position":2,"name":"\u0388\u03c1\u03b3\u03b1 \u03c4\u03ad\u03c7\u03bd\u03b7\u03c2","item":"https:\/\/ikastikos-kiklos.com\/%ce%ad%cf%81%ce%b3%ce%b1-%cf%84%ce%ad%cf%87%ce%bd%ce%b7%cf%82\/"},{"@type":"ListItem","position":3,"name":"Table"}]},{"@type":"WebSite","@id":"https:\/\/ikastikos-kiklos.com\/en\/#website","url":"https:\/\/ikastikos-kiklos.com\/en\/","name":"Ikastikos Kiklos - Zografik\u00ed - Metaxotyp\u00edes - T\u00e9chniPainting - Silk Screen - Art","description":"","publisher":{"@id":"https:\/\/ikastikos-kiklos.com\/en\/#organization"},"potentialAction":[{"@type":"SearchAction","target":{"@type":"EntryPoint","urlTemplate":"https:\/\/ikastikos-kiklos.com\/en\/?s={search_term_string}"},"query-input":{"@type":"PropertyValueSpecification","valueRequired":true,"valueName":"search_term_string"}}],"inLanguage":"en-US"},{"@type":"Organization","@id":"https:\/\/ikastikos-kiklos.com\/en\/#organization","name":"Ikastikos Kiklos - Zografik\u00ed - Metaxotyp\u00edes - T\u00e9chniPainting - Silk Screen - Art","url":"https:\/\/ikastikos-kiklos.com\/en\/","logo":{"@type":"ImageObject","inLanguage":"en-US","@id":"https:\/\/ikastikos-kiklos.com\/en\/#\/schema\/logo\/image\/","url":"https:\/\/ikastikos-kiklos.com\/wp-content\/uploads\/2022\/10\/cropped-favicon_ikastikos.png","contentUrl":"https:\/\/ikastikos-kiklos.com\/wp-content\/uploads\/2022\/10\/cropped-favicon_ikastikos.png","width":512,"height":512,"caption":"Ikastikos Kiklos - Zografik\u00ed - Metaxotyp\u00edes - T\u00e9chniPainting - Silk Screen - Art"},"image":{"@id":"https:\/\/ikastikos-kiklos.com\/en\/#\/schema\/logo\/image\/"},"sameAs":["https:\/\/www.facebook.com\/ikastikoskiklossianti\/"]}]}},"_links":{"self":[{"href":"https:\/\/ikastikos-kiklos.com\/en\/wp-json\/wp\/v2\/product\/3317","targetHints":{"allow":["GET"]}}],"collection":[{"href":"https:\/\/ikastikos-kiklos.com\/en\/wp-json\/wp\/v2\/product"}],"about":[{"href":"https:\/\/ikastikos-kiklos.com\/en\/wp-json\/wp\/v2\/types\/product"}],"wp:featuredmedia":[{"embeddable":true,"href":"https:\/\/ikastikos-kiklos.com\/en\/wp-json\/wp\/v2\/media\/2868"}],"wp:attachment":[{"href":"https:\/\/ikastikos-kiklos.com\/en\/wp-json\/wp\/v2\/media?parent=3317"}],"wp:term":[{"taxonomy":"product_brand","embeddable":true,"href":"https:\/\/ikastikos-kiklos.com\/en\/wp-json\/wp\/v2\/product_brand?post=3317"},{"taxonomy":"product_cat","embeddable":true,"href":"https:\/\/ikastikos-kiklos.com\/en\/wp-json\/wp\/v2\/product_cat?post=3317"},{"taxonomy":"product_tag","embeddable":true,"href":"https:\/\/ikastikos-kiklos.com\/en\/wp-json\/wp\/v2\/product_tag?post=3317"}],"curies":[{"name":"wp","href":"https:\/\/api.w.org\/{rel}","templated":true}]}}