{"id":32069,"date":"2021-03-12T15:57:44","date_gmt":"2021-03-12T13:57:44","guid":{"rendered":"https:\/\/ikastikos-kiklos.com\/product\/motion-tolis-konstantinos\/"},"modified":"2022-11-04T11:55:12","modified_gmt":"2022-11-04T09:55:12","slug":"motion-tolis-konstantinos","status":"publish","type":"product","link":"https:\/\/ikastikos-kiklos.com\/en\/product\/motion-tolis-konstantinos\/","title":{"rendered":"Motion"},"content":{"rendered":"","protected":false},"excerpt":{"rendered":"<p>First presentation at the exhibition&nbsp;<a href=\"https:\/\/ikastikos-kiklos.com\/en\/exhibition-tondo\/\">\u201cTondo\u201d<\/a> at Ikastikos Kiklos Sianti Gallery<\/p>\n","protected":false},"featured_media":29151,"template":"","meta":{"ngg_post_thumbnail":0},"product_brand":[],"product_cat":[398,1987,397,1989],"product_tag":[1044,2213,2963],"class_list":{"0":"post-32069","1":"product","2":"type-product","3":"status-publish","4":"has-post-thumbnail","6":"product_cat-collections","7":"product_cat-eshop-en","8":"product_cat-painting","9":"product_cat-painting-shop","10":"product_tag-painting","11":"product_tag-painting-en","12":"product_tag-tolis-konstantinos","13":"product_shipping_class-30-50kg-en","14":"product_shipping_class-5-10kg-en","16":"first","17":"instock","18":"taxable","19":"shipping-taxable","20":"purchasable","21":"product-type-simple"},"yoast_head":"<!-- This site is optimized with the Yoast SEO plugin v27.4 - https:\/\/yoast.com\/product\/yoast-seo-wordpress\/ -->\n<title>Motion Painting by Tolis Konstantinos at Ikastikos Kiklos Sianti Gallery<\/title>\n<meta name=\"description\" content=\"Motion Painting by Tolis Konstantinos at Ikastikos Kiklos Sianti Gallery. Dimensions 107cm.\" \/>\n<meta name=\"robots\" content=\"index, follow, max-snippet:-1, max-image-preview:large, max-video-preview:-1\" \/>\n<link rel=\"canonical\" href=\"https:\/\/ikastikos-kiklos.com\/en\/product\/motion-tolis-konstantinos\/\" \/>\n<meta property=\"og:locale\" content=\"en_US\" \/>\n<meta property=\"og:type\" content=\"article\" \/>\n<meta property=\"og:title\" content=\"Motion Painting by Tolis Konstantinos at Ikastikos Kiklos Sianti Gallery\" \/>\n<meta property=\"og:description\" content=\"Motion Painting by Tolis Konstantinos at Ikastikos Kiklos Sianti Gallery. Dimensions 107cm.\" \/>\n<meta property=\"og:url\" content=\"https:\/\/ikastikos-kiklos.com\/en\/product\/motion-tolis-konstantinos\/\" \/>\n<meta property=\"og:site_name\" content=\"Ikastikos Kiklos - Zografik\u00ed - Metaxotyp\u00edes - T\u00e9chniPainting - Silk Screen - Art\" \/>\n<meta property=\"article:publisher\" content=\"https:\/\/www.facebook.com\/ikastikoskiklossianti\/\" \/>\n<meta property=\"article:modified_time\" content=\"2022-11-04T09:55:12+00:00\" \/>\n<meta property=\"og:image\" content=\"https:\/\/ikastikos-kiklos.com\/wp-content\/uploads\/2020\/12\/\u03b1\u03ba\u03af\u03bd\u03b7\u03c4\u03b7-\u03c1\u03bf\u03ae-\u03c4\u03cc\u03bb\u03b7\u03c2-\u03ba\u03c9\u03bd\u03c3\u03c4\u03b1\u03bd\u03c4\u03af\u03bd\u03bf\u03c2.jpg\" \/>\n\t<meta property=\"og:image:width\" content=\"900\" \/>\n\t<meta property=\"og:image:height\" content=\"900\" \/>\n\t<meta property=\"og:image:type\" content=\"image\/jpeg\" \/>\n<meta name=\"twitter:card\" content=\"summary_large_image\" \/>\n<script type=\"application\/ld+json\" class=\"yoast-schema-graph\">{\"@context\":\"https:\\\/\\\/schema.org\",\"@graph\":[{\"@type\":\"WebPage\",\"@id\":\"https:\\\/\\\/ikastikos-kiklos.com\\\/en\\\/product\\\/motion-tolis-konstantinos\\\/\",\"url\":\"https:\\\/\\\/ikastikos-kiklos.com\\\/en\\\/product\\\/motion-tolis-konstantinos\\\/\",\"name\":\"Motion Painting by Tolis Konstantinos at Ikastikos Kiklos Sianti Gallery\",\"isPartOf\":{\"@id\":\"https:\\\/\\\/ikastikos-kiklos.com\\\/en\\\/#website\"},\"primaryImageOfPage\":{\"@id\":\"https:\\\/\\\/ikastikos-kiklos.com\\\/en\\\/product\\\/motion-tolis-konstantinos\\\/#primaryimage\"},\"image\":{\"@id\":\"https:\\\/\\\/ikastikos-kiklos.com\\\/en\\\/product\\\/motion-tolis-konstantinos\\\/#primaryimage\"},\"thumbnailUrl\":\"https:\\\/\\\/ikastikos-kiklos.com\\\/wp-content\\\/uploads\\\/2020\\\/12\\\/\u03b1\u03ba\u03af\u03bd\u03b7\u03c4\u03b7-\u03c1\u03bf\u03ae-\u03c4\u03cc\u03bb\u03b7\u03c2-\u03ba\u03c9\u03bd\u03c3\u03c4\u03b1\u03bd\u03c4\u03af\u03bd\u03bf\u03c2.jpg\",\"datePublished\":\"2021-03-12T13:57:44+00:00\",\"dateModified\":\"2022-11-04T09:55:12+00:00\",\"description\":\"Motion Painting by Tolis Konstantinos at Ikastikos Kiklos Sianti Gallery. Dimensions 107cm.\",\"breadcrumb\":{\"@id\":\"https:\\\/\\\/ikastikos-kiklos.com\\\/en\\\/product\\\/motion-tolis-konstantinos\\\/#breadcrumb\"},\"inLanguage\":\"en-US\",\"potentialAction\":[{\"@type\":\"ReadAction\",\"target\":[\"https:\\\/\\\/ikastikos-kiklos.com\\\/en\\\/product\\\/motion-tolis-konstantinos\\\/\"]}]},{\"@type\":\"ImageObject\",\"inLanguage\":\"en-US\",\"@id\":\"https:\\\/\\\/ikastikos-kiklos.com\\\/en\\\/product\\\/motion-tolis-konstantinos\\\/#primaryimage\",\"url\":\"https:\\\/\\\/ikastikos-kiklos.com\\\/wp-content\\\/uploads\\\/2020\\\/12\\\/\u03b1\u03ba\u03af\u03bd\u03b7\u03c4\u03b7-\u03c1\u03bf\u03ae-\u03c4\u03cc\u03bb\u03b7\u03c2-\u03ba\u03c9\u03bd\u03c3\u03c4\u03b1\u03bd\u03c4\u03af\u03bd\u03bf\u03c2.jpg\",\"contentUrl\":\"https:\\\/\\\/ikastikos-kiklos.com\\\/wp-content\\\/uploads\\\/2020\\\/12\\\/\u03b1\u03ba\u03af\u03bd\u03b7\u03c4\u03b7-\u03c1\u03bf\u03ae-\u03c4\u03cc\u03bb\u03b7\u03c2-\u03ba\u03c9\u03bd\u03c3\u03c4\u03b1\u03bd\u03c4\u03af\u03bd\u03bf\u03c2.jpg\",\"width\":900,\"height\":900,\"caption\":\"motion-tolis-konstantinos\"},{\"@type\":\"BreadcrumbList\",\"@id\":\"https:\\\/\\\/ikastikos-kiklos.com\\\/en\\\/product\\\/motion-tolis-konstantinos\\\/#breadcrumb\",\"itemListElement\":[{\"@type\":\"ListItem\",\"position\":1,\"name\":\"Home\",\"item\":\"https:\\\/\\\/ikastikos-kiklos.com\\\/en\\\/\"},{\"@type\":\"ListItem\",\"position\":2,\"name\":\"\u0388\u03c1\u03b3\u03b1 \u03c4\u03ad\u03c7\u03bd\u03b7\u03c2\",\"item\":\"https:\\\/\\\/ikastikos-kiklos.com\\\/%ce%ad%cf%81%ce%b3%ce%b1-%cf%84%ce%ad%cf%87%ce%bd%ce%b7%cf%82\\\/\"},{\"@type\":\"ListItem\",\"position\":3,\"name\":\"Motion\"}]},{\"@type\":\"WebSite\",\"@id\":\"https:\\\/\\\/ikastikos-kiklos.com\\\/en\\\/#website\",\"url\":\"https:\\\/\\\/ikastikos-kiklos.com\\\/en\\\/\",\"name\":\"Ikastikos Kiklos - Zografik\u00ed - Metaxotyp\u00edes - T\u00e9chniPainting - Silk Screen - Art\",\"description\":\"\",\"publisher\":{\"@id\":\"https:\\\/\\\/ikastikos-kiklos.com\\\/en\\\/#organization\"},\"potentialAction\":[{\"@type\":\"SearchAction\",\"target\":{\"@type\":\"EntryPoint\",\"urlTemplate\":\"https:\\\/\\\/ikastikos-kiklos.com\\\/en\\\/?s={search_term_string}\"},\"query-input\":{\"@type\":\"PropertyValueSpecification\",\"valueRequired\":true,\"valueName\":\"search_term_string\"}}],\"inLanguage\":\"en-US\"},{\"@type\":\"Organization\",\"@id\":\"https:\\\/\\\/ikastikos-kiklos.com\\\/en\\\/#organization\",\"name\":\"Ikastikos Kiklos - Zografik\u00ed - Metaxotyp\u00edes - T\u00e9chniPainting - Silk Screen - Art\",\"url\":\"https:\\\/\\\/ikastikos-kiklos.com\\\/en\\\/\",\"logo\":{\"@type\":\"ImageObject\",\"inLanguage\":\"en-US\",\"@id\":\"https:\\\/\\\/ikastikos-kiklos.com\\\/en\\\/#\\\/schema\\\/logo\\\/image\\\/\",\"url\":\"https:\\\/\\\/ikastikos-kiklos.com\\\/wp-content\\\/uploads\\\/2022\\\/10\\\/cropped-favicon_ikastikos.png\",\"contentUrl\":\"https:\\\/\\\/ikastikos-kiklos.com\\\/wp-content\\\/uploads\\\/2022\\\/10\\\/cropped-favicon_ikastikos.png\",\"width\":512,\"height\":512,\"caption\":\"Ikastikos Kiklos - Zografik\u00ed - Metaxotyp\u00edes - T\u00e9chniPainting - Silk Screen - Art\"},\"image\":{\"@id\":\"https:\\\/\\\/ikastikos-kiklos.com\\\/en\\\/#\\\/schema\\\/logo\\\/image\\\/\"},\"sameAs\":[\"https:\\\/\\\/www.facebook.com\\\/ikastikoskiklossianti\\\/\"]}]}<\/script>\n<!-- \/ Yoast SEO plugin. -->","yoast_head_json":{"title":"Motion Painting by Tolis Konstantinos at Ikastikos Kiklos Sianti Gallery","description":"Motion Painting by Tolis Konstantinos at Ikastikos Kiklos Sianti Gallery. Dimensions 107cm.","robots":{"index":"index","follow":"follow","max-snippet":"max-snippet:-1","max-image-preview":"max-image-preview:large","max-video-preview":"max-video-preview:-1"},"canonical":"https:\/\/ikastikos-kiklos.com\/en\/product\/motion-tolis-konstantinos\/","og_locale":"en_US","og_type":"article","og_title":"Motion Painting by Tolis Konstantinos at Ikastikos Kiklos Sianti Gallery","og_description":"Motion Painting by Tolis Konstantinos at Ikastikos Kiklos Sianti Gallery. Dimensions 107cm.","og_url":"https:\/\/ikastikos-kiklos.com\/en\/product\/motion-tolis-konstantinos\/","og_site_name":"Ikastikos Kiklos - Zografik\u00ed - Metaxotyp\u00edes - T\u00e9chniPainting - Silk Screen - Art","article_publisher":"https:\/\/www.facebook.com\/ikastikoskiklossianti\/","article_modified_time":"2022-11-04T09:55:12+00:00","og_image":[{"width":900,"height":900,"url":"https:\/\/ikastikos-kiklos.com\/wp-content\/uploads\/2020\/12\/\u03b1\u03ba\u03af\u03bd\u03b7\u03c4\u03b7-\u03c1\u03bf\u03ae-\u03c4\u03cc\u03bb\u03b7\u03c2-\u03ba\u03c9\u03bd\u03c3\u03c4\u03b1\u03bd\u03c4\u03af\u03bd\u03bf\u03c2.jpg","type":"image\/jpeg"}],"twitter_card":"summary_large_image","schema":{"@context":"https:\/\/schema.org","@graph":[{"@type":"WebPage","@id":"https:\/\/ikastikos-kiklos.com\/en\/product\/motion-tolis-konstantinos\/","url":"https:\/\/ikastikos-kiklos.com\/en\/product\/motion-tolis-konstantinos\/","name":"Motion Painting by Tolis Konstantinos at Ikastikos Kiklos Sianti Gallery","isPartOf":{"@id":"https:\/\/ikastikos-kiklos.com\/en\/#website"},"primaryImageOfPage":{"@id":"https:\/\/ikastikos-kiklos.com\/en\/product\/motion-tolis-konstantinos\/#primaryimage"},"image":{"@id":"https:\/\/ikastikos-kiklos.com\/en\/product\/motion-tolis-konstantinos\/#primaryimage"},"thumbnailUrl":"https:\/\/ikastikos-kiklos.com\/wp-content\/uploads\/2020\/12\/\u03b1\u03ba\u03af\u03bd\u03b7\u03c4\u03b7-\u03c1\u03bf\u03ae-\u03c4\u03cc\u03bb\u03b7\u03c2-\u03ba\u03c9\u03bd\u03c3\u03c4\u03b1\u03bd\u03c4\u03af\u03bd\u03bf\u03c2.jpg","datePublished":"2021-03-12T13:57:44+00:00","dateModified":"2022-11-04T09:55:12+00:00","description":"Motion Painting by Tolis Konstantinos at Ikastikos Kiklos Sianti Gallery. Dimensions 107cm.","breadcrumb":{"@id":"https:\/\/ikastikos-kiklos.com\/en\/product\/motion-tolis-konstantinos\/#breadcrumb"},"inLanguage":"en-US","potentialAction":[{"@type":"ReadAction","target":["https:\/\/ikastikos-kiklos.com\/en\/product\/motion-tolis-konstantinos\/"]}]},{"@type":"ImageObject","inLanguage":"en-US","@id":"https:\/\/ikastikos-kiklos.com\/en\/product\/motion-tolis-konstantinos\/#primaryimage","url":"https:\/\/ikastikos-kiklos.com\/wp-content\/uploads\/2020\/12\/\u03b1\u03ba\u03af\u03bd\u03b7\u03c4\u03b7-\u03c1\u03bf\u03ae-\u03c4\u03cc\u03bb\u03b7\u03c2-\u03ba\u03c9\u03bd\u03c3\u03c4\u03b1\u03bd\u03c4\u03af\u03bd\u03bf\u03c2.jpg","contentUrl":"https:\/\/ikastikos-kiklos.com\/wp-content\/uploads\/2020\/12\/\u03b1\u03ba\u03af\u03bd\u03b7\u03c4\u03b7-\u03c1\u03bf\u03ae-\u03c4\u03cc\u03bb\u03b7\u03c2-\u03ba\u03c9\u03bd\u03c3\u03c4\u03b1\u03bd\u03c4\u03af\u03bd\u03bf\u03c2.jpg","width":900,"height":900,"caption":"motion-tolis-konstantinos"},{"@type":"BreadcrumbList","@id":"https:\/\/ikastikos-kiklos.com\/en\/product\/motion-tolis-konstantinos\/#breadcrumb","itemListElement":[{"@type":"ListItem","position":1,"name":"Home","item":"https:\/\/ikastikos-kiklos.com\/en\/"},{"@type":"ListItem","position":2,"name":"\u0388\u03c1\u03b3\u03b1 \u03c4\u03ad\u03c7\u03bd\u03b7\u03c2","item":"https:\/\/ikastikos-kiklos.com\/%ce%ad%cf%81%ce%b3%ce%b1-%cf%84%ce%ad%cf%87%ce%bd%ce%b7%cf%82\/"},{"@type":"ListItem","position":3,"name":"Motion"}]},{"@type":"WebSite","@id":"https:\/\/ikastikos-kiklos.com\/en\/#website","url":"https:\/\/ikastikos-kiklos.com\/en\/","name":"Ikastikos Kiklos - Zografik\u00ed - Metaxotyp\u00edes - T\u00e9chniPainting - Silk Screen - Art","description":"","publisher":{"@id":"https:\/\/ikastikos-kiklos.com\/en\/#organization"},"potentialAction":[{"@type":"SearchAction","target":{"@type":"EntryPoint","urlTemplate":"https:\/\/ikastikos-kiklos.com\/en\/?s={search_term_string}"},"query-input":{"@type":"PropertyValueSpecification","valueRequired":true,"valueName":"search_term_string"}}],"inLanguage":"en-US"},{"@type":"Organization","@id":"https:\/\/ikastikos-kiklos.com\/en\/#organization","name":"Ikastikos Kiklos - Zografik\u00ed - Metaxotyp\u00edes - T\u00e9chniPainting - Silk Screen - Art","url":"https:\/\/ikastikos-kiklos.com\/en\/","logo":{"@type":"ImageObject","inLanguage":"en-US","@id":"https:\/\/ikastikos-kiklos.com\/en\/#\/schema\/logo\/image\/","url":"https:\/\/ikastikos-kiklos.com\/wp-content\/uploads\/2022\/10\/cropped-favicon_ikastikos.png","contentUrl":"https:\/\/ikastikos-kiklos.com\/wp-content\/uploads\/2022\/10\/cropped-favicon_ikastikos.png","width":512,"height":512,"caption":"Ikastikos Kiklos - Zografik\u00ed - Metaxotyp\u00edes - T\u00e9chniPainting - Silk Screen - Art"},"image":{"@id":"https:\/\/ikastikos-kiklos.com\/en\/#\/schema\/logo\/image\/"},"sameAs":["https:\/\/www.facebook.com\/ikastikoskiklossianti\/"]}]}},"_links":{"self":[{"href":"https:\/\/ikastikos-kiklos.com\/en\/wp-json\/wp\/v2\/product\/32069","targetHints":{"allow":["GET"]}}],"collection":[{"href":"https:\/\/ikastikos-kiklos.com\/en\/wp-json\/wp\/v2\/product"}],"about":[{"href":"https:\/\/ikastikos-kiklos.com\/en\/wp-json\/wp\/v2\/types\/product"}],"wp:featuredmedia":[{"embeddable":true,"href":"https:\/\/ikastikos-kiklos.com\/en\/wp-json\/wp\/v2\/media\/29151"}],"wp:attachment":[{"href":"https:\/\/ikastikos-kiklos.com\/en\/wp-json\/wp\/v2\/media?parent=32069"}],"wp:term":[{"taxonomy":"product_brand","embeddable":true,"href":"https:\/\/ikastikos-kiklos.com\/en\/wp-json\/wp\/v2\/product_brand?post=32069"},{"taxonomy":"product_cat","embeddable":true,"href":"https:\/\/ikastikos-kiklos.com\/en\/wp-json\/wp\/v2\/product_cat?post=32069"},{"taxonomy":"product_tag","embeddable":true,"href":"https:\/\/ikastikos-kiklos.com\/en\/wp-json\/wp\/v2\/product_tag?post=32069"}],"curies":[{"name":"wp","href":"https:\/\/api.w.org\/{rel}","templated":true}]}}