{"id":3202,"date":"2016-07-07T21:14:02","date_gmt":"2016-07-07T21:14:02","guid":{"rendered":"http:\/\/ikastikos-kiklos.com\/\u03c0\u03c1\u03bf\u03ca\u03cc\u03bd\/%ce%b1%cf%84%ce%ad%cf%81%ce%bc%ce%bf%ce%bd%ce%b1-%cf%80%ce%b5%ce%b4%ce%af%ce%b1\/?lang=en"},"modified":"2018-06-01T14:06:35","modified_gmt":"2018-06-01T11:06:35","slug":"%ce%b1%cf%84%ce%ad%cf%81%ce%bc%ce%bf%ce%bd%ce%b1-%cf%80%ce%b5%ce%b4%ce%af%ce%b1","status":"publish","type":"product","link":"https:\/\/ikastikos-kiklos.com\/en\/product\/%ce%b1%cf%84%ce%ad%cf%81%ce%bc%ce%bf%ce%bd%ce%b1-%cf%80%ce%b5%ce%b4%ce%af%ce%b1\/","title":{"rendered":"Unending fields"},"content":{"rendered":"<header class=\"title-container\">\n<header class=\"title-container\">\n<h1 class=\"title\">Stamos Theodoros\u00a0(1922-1997)<\/h1>\n<\/header>\n<div class=\"description-container dynamic-content\">\n<p>He was born in New York, in 1922. He has studied at the American Artists School. In 1951 he co-signed the manifesto of an avant-garde movement, later known as \u201cabstract expressionism\u201d. This famous New York group (including J. Pollock, B. Newman, M. Rothko and W. De Kooning), who were then given the negative characterization \u201cThe Irritables&#8221;, wrote an open letter which was published on the front page of the \u201cNew York Times\u201d, declaring their resent towards the Director and the art critics of the New York Metropolitan Museum, regarding the \u201cAmerican Art Today\u201d exhibition. Theodoros Stamos was the youngest among them. In 1970, his close friend, Mark Rothko, committed suicide. This tragic event shook him deeply and decided to return to Greece, spending his time between New York and Lefkada. His works are exhibited in some of the greatest museums, in Europe and the United States, as well as in many private collections.<\/p>\n<\/div>\n<\/header>\n","protected":false},"excerpt":{"rendered":"<p>Silkscreen hand signed and numbered by the artist. Edition of 195 prints. Today is considered a collectible.<\/p>\n","protected":false},"featured_media":12401,"template":"","meta":{"ngg_post_thumbnail":0},"product_brand":[],"product_cat":[398,1987,396,1991],"product_tag":[2578,2352,2224,2720,2491],"class_list":{"0":"post-3202","1":"product","2":"type-product","3":"status-publish","4":"has-post-thumbnail","6":"product_cat-collections","7":"product_cat-eshop-en","8":"product_cat-silkscreens","9":"product_cat-silkscreens-shop","10":"product_tag-collectible","11":"product_tag-endless-fields","12":"product_tag-silkscreen-en","13":"product_tag-stamos-theodoros","14":"product_tag-wedding-gifts","15":"product_shipping_class-0-2kg","17":"first","18":"instock","19":"taxable","20":"shipping-taxable","21":"purchasable","22":"product-type-simple"},"yoast_head":"<!-- This site is optimized with the Yoast SEO plugin v27.2 - https:\/\/yoast.com\/product\/yoast-seo-wordpress\/ -->\n<title>Unending Fields Silkscreen by Theodoros Stamo at Ikastikos Kiklos Sianti Gallery.<\/title>\n<meta name=\"description\" content=\"Unending Fields Silkscreen by Theodoros Stamo at Ikastikos Kiklos Sianti Gallery. A series that was created exclusively for Ikastikos Kiklos Sianti Gallery and is the only one that was released in Greece.\" \/>\n<meta name=\"robots\" content=\"index, follow, max-snippet:-1, max-image-preview:large, max-video-preview:-1\" \/>\n<link rel=\"canonical\" href=\"https:\/\/ikastikos-kiklos.com\/en\/product\/\u03b1\u03c4\u03ad\u03c1\u03bc\u03bf\u03bd\u03b1-\u03c0\u03b5\u03b4\u03af\u03b1\/\" \/>\n<meta property=\"og:locale\" content=\"en_US\" \/>\n<meta property=\"og:type\" content=\"article\" \/>\n<meta property=\"og:title\" content=\"Unending Fields Silkscreen by Theodoros Stamo at Ikastikos Kiklos Sianti Gallery.\" \/>\n<meta property=\"og:description\" content=\"Unending Fields Silkscreen by Theodoros Stamo at Ikastikos Kiklos Sianti Gallery. A series that was created exclusively for Ikastikos Kiklos Sianti Gallery and is the only one that was released in Greece.\" \/>\n<meta property=\"og:url\" content=\"https:\/\/ikastikos-kiklos.com\/en\/product\/\u03b1\u03c4\u03ad\u03c1\u03bc\u03bf\u03bd\u03b1-\u03c0\u03b5\u03b4\u03af\u03b1\/\" \/>\n<meta property=\"og:site_name\" content=\"Ikastikos Kiklos - Zografik\u00ed - Metaxotyp\u00edes - T\u00e9chniPainting - Silk Screen - Art\" \/>\n<meta property=\"article:publisher\" content=\"https:\/\/www.facebook.com\/ikastikoskiklossianti\/\" \/>\n<meta property=\"article:modified_time\" content=\"2018-06-01T11:06:35+00:00\" \/>\n<meta property=\"og:image\" content=\"https:\/\/ikastikos-kiklos.com\/wp-content\/uploads\/2016\/07\/374-stamos.jpg\" \/>\n\t<meta property=\"og:image:width\" content=\"586\" \/>\n\t<meta property=\"og:image:height\" content=\"805\" \/>\n\t<meta property=\"og:image:type\" content=\"image\/jpeg\" \/>\n<meta name=\"twitter:card\" content=\"summary_large_image\" \/>\n<meta name=\"twitter:label1\" content=\"Est. reading time\" \/>\n\t<meta name=\"twitter:data1\" content=\"1 minute\" \/>\n<script type=\"application\/ld+json\" class=\"yoast-schema-graph\">{\"@context\":\"https:\/\/schema.org\",\"@graph\":[{\"@type\":\"WebPage\",\"@id\":\"https:\/\/ikastikos-kiklos.com\/en\/product\/%ce%b1%cf%84%ce%ad%cf%81%ce%bc%ce%bf%ce%bd%ce%b1-%cf%80%ce%b5%ce%b4%ce%af%ce%b1\/\",\"url\":\"https:\/\/ikastikos-kiklos.com\/en\/product\/%ce%b1%cf%84%ce%ad%cf%81%ce%bc%ce%bf%ce%bd%ce%b1-%cf%80%ce%b5%ce%b4%ce%af%ce%b1\/\",\"name\":\"Unending Fields Silkscreen by Theodoros Stamo at Ikastikos Kiklos Sianti Gallery.\",\"isPartOf\":{\"@id\":\"https:\/\/ikastikos-kiklos.com\/en\/#website\"},\"primaryImageOfPage\":{\"@id\":\"https:\/\/ikastikos-kiklos.com\/en\/product\/%ce%b1%cf%84%ce%ad%cf%81%ce%bc%ce%bf%ce%bd%ce%b1-%cf%80%ce%b5%ce%b4%ce%af%ce%b1\/#primaryimage\"},\"image\":{\"@id\":\"https:\/\/ikastikos-kiklos.com\/en\/product\/%ce%b1%cf%84%ce%ad%cf%81%ce%bc%ce%bf%ce%bd%ce%b1-%cf%80%ce%b5%ce%b4%ce%af%ce%b1\/#primaryimage\"},\"thumbnailUrl\":\"https:\/\/ikastikos-kiklos.com\/wp-content\/uploads\/2016\/07\/374-stamos.jpg\",\"datePublished\":\"2016-07-07T21:14:02+00:00\",\"dateModified\":\"2018-06-01T11:06:35+00:00\",\"description\":\"Unending Fields Silkscreen by Theodoros Stamo at Ikastikos Kiklos Sianti Gallery. A series that was created exclusively for Ikastikos Kiklos Sianti Gallery and is the only one that was released in Greece.\",\"breadcrumb\":{\"@id\":\"https:\/\/ikastikos-kiklos.com\/en\/product\/%ce%b1%cf%84%ce%ad%cf%81%ce%bc%ce%bf%ce%bd%ce%b1-%cf%80%ce%b5%ce%b4%ce%af%ce%b1\/#breadcrumb\"},\"inLanguage\":\"en-US\",\"potentialAction\":[{\"@type\":\"ReadAction\",\"target\":[\"https:\/\/ikastikos-kiklos.com\/en\/product\/%ce%b1%cf%84%ce%ad%cf%81%ce%bc%ce%bf%ce%bd%ce%b1-%cf%80%ce%b5%ce%b4%ce%af%ce%b1\/\"]}]},{\"@type\":\"ImageObject\",\"inLanguage\":\"en-US\",\"@id\":\"https:\/\/ikastikos-kiklos.com\/en\/product\/%ce%b1%cf%84%ce%ad%cf%81%ce%bc%ce%bf%ce%bd%ce%b1-%cf%80%ce%b5%ce%b4%ce%af%ce%b1\/#primaryimage\",\"url\":\"https:\/\/ikastikos-kiklos.com\/wp-content\/uploads\/2016\/07\/374-stamos.jpg\",\"contentUrl\":\"https:\/\/ikastikos-kiklos.com\/wp-content\/uploads\/2016\/07\/374-stamos.jpg\",\"width\":586,\"height\":805,\"caption\":\"\u0391\u03c4\u03ad\u03c1\u03bc\u03bf\u03bd\u03b1 \u03a0\u03b5\u03b4\u03af\u03b1 \u039c\u03b5\u03c4\u03b1\u03be\u03bf\u03c4\u03c5\u03c0\u03af\u03b1 \u03c4\u03bf\u03c5 \u03a3\u03c4\u03ac\u03bc\u03bf\u03c5 \u0398\u03b5\u03cc\u03b4\u03c9\u03c1\u03bf\u03c5 \u03c3\u03c4\u03bf\u03bd \u0395\u03b9\u03ba\u03b1\u03c3\u03c4\u03b9\u03ba\u03cc \u039a\u03cd\u03ba\u03bb\u03bf Sianti\"},{\"@type\":\"BreadcrumbList\",\"@id\":\"https:\/\/ikastikos-kiklos.com\/en\/product\/%ce%b1%cf%84%ce%ad%cf%81%ce%bc%ce%bf%ce%bd%ce%b1-%cf%80%ce%b5%ce%b4%ce%af%ce%b1\/#breadcrumb\",\"itemListElement\":[{\"@type\":\"ListItem\",\"position\":1,\"name\":\"Home\",\"item\":\"https:\/\/ikastikos-kiklos.com\/en\/\"},{\"@type\":\"ListItem\",\"position\":2,\"name\":\"\u0388\u03c1\u03b3\u03b1 \u03c4\u03ad\u03c7\u03bd\u03b7\u03c2\",\"item\":\"https:\/\/ikastikos-kiklos.com\/%ce%ad%cf%81%ce%b3%ce%b1-%cf%84%ce%ad%cf%87%ce%bd%ce%b7%cf%82\/\"},{\"@type\":\"ListItem\",\"position\":3,\"name\":\"Unending fields\"}]},{\"@type\":\"WebSite\",\"@id\":\"https:\/\/ikastikos-kiklos.com\/en\/#website\",\"url\":\"https:\/\/ikastikos-kiklos.com\/en\/\",\"name\":\"Ikastikos Kiklos - Zografik\u00ed - Metaxotyp\u00edes - T\u00e9chniPainting - Silk Screen - Art\",\"description\":\"\",\"publisher\":{\"@id\":\"https:\/\/ikastikos-kiklos.com\/en\/#organization\"},\"potentialAction\":[{\"@type\":\"SearchAction\",\"target\":{\"@type\":\"EntryPoint\",\"urlTemplate\":\"https:\/\/ikastikos-kiklos.com\/en\/?s={search_term_string}\"},\"query-input\":{\"@type\":\"PropertyValueSpecification\",\"valueRequired\":true,\"valueName\":\"search_term_string\"}}],\"inLanguage\":\"en-US\"},{\"@type\":\"Organization\",\"@id\":\"https:\/\/ikastikos-kiklos.com\/en\/#organization\",\"name\":\"Ikastikos Kiklos - Zografik\u00ed - Metaxotyp\u00edes - T\u00e9chniPainting - Silk Screen - Art\",\"url\":\"https:\/\/ikastikos-kiklos.com\/en\/\",\"logo\":{\"@type\":\"ImageObject\",\"inLanguage\":\"en-US\",\"@id\":\"https:\/\/ikastikos-kiklos.com\/en\/#\/schema\/logo\/image\/\",\"url\":\"https:\/\/ikastikos-kiklos.com\/wp-content\/uploads\/2022\/10\/cropped-favicon_ikastikos.png\",\"contentUrl\":\"https:\/\/ikastikos-kiklos.com\/wp-content\/uploads\/2022\/10\/cropped-favicon_ikastikos.png\",\"width\":512,\"height\":512,\"caption\":\"Ikastikos Kiklos - Zografik\u00ed - Metaxotyp\u00edes - T\u00e9chniPainting - Silk Screen - Art\"},\"image\":{\"@id\":\"https:\/\/ikastikos-kiklos.com\/en\/#\/schema\/logo\/image\/\"},\"sameAs\":[\"https:\/\/www.facebook.com\/ikastikoskiklossianti\/\"]}]}<\/script>\n<!-- \/ Yoast SEO plugin. -->","yoast_head_json":{"title":"Unending Fields Silkscreen by Theodoros Stamo at Ikastikos Kiklos Sianti Gallery.","description":"Unending Fields Silkscreen by Theodoros Stamo at Ikastikos Kiklos Sianti Gallery. A series that was created exclusively for Ikastikos Kiklos Sianti Gallery and is the only one that was released in Greece.","robots":{"index":"index","follow":"follow","max-snippet":"max-snippet:-1","max-image-preview":"max-image-preview:large","max-video-preview":"max-video-preview:-1"},"canonical":"https:\/\/ikastikos-kiklos.com\/en\/product\/\u03b1\u03c4\u03ad\u03c1\u03bc\u03bf\u03bd\u03b1-\u03c0\u03b5\u03b4\u03af\u03b1\/","og_locale":"en_US","og_type":"article","og_title":"Unending Fields Silkscreen by Theodoros Stamo at Ikastikos Kiklos Sianti Gallery.","og_description":"Unending Fields Silkscreen by Theodoros Stamo at Ikastikos Kiklos Sianti Gallery. A series that was created exclusively for Ikastikos Kiklos Sianti Gallery and is the only one that was released in Greece.","og_url":"https:\/\/ikastikos-kiklos.com\/en\/product\/\u03b1\u03c4\u03ad\u03c1\u03bc\u03bf\u03bd\u03b1-\u03c0\u03b5\u03b4\u03af\u03b1\/","og_site_name":"Ikastikos Kiklos - Zografik\u00ed - Metaxotyp\u00edes - T\u00e9chniPainting - Silk Screen - Art","article_publisher":"https:\/\/www.facebook.com\/ikastikoskiklossianti\/","article_modified_time":"2018-06-01T11:06:35+00:00","og_image":[{"width":586,"height":805,"url":"https:\/\/ikastikos-kiklos.com\/wp-content\/uploads\/2016\/07\/374-stamos.jpg","type":"image\/jpeg"}],"twitter_card":"summary_large_image","twitter_misc":{"Est. reading time":"1 minute"},"schema":{"@context":"https:\/\/schema.org","@graph":[{"@type":"WebPage","@id":"https:\/\/ikastikos-kiklos.com\/en\/product\/%ce%b1%cf%84%ce%ad%cf%81%ce%bc%ce%bf%ce%bd%ce%b1-%cf%80%ce%b5%ce%b4%ce%af%ce%b1\/","url":"https:\/\/ikastikos-kiklos.com\/en\/product\/%ce%b1%cf%84%ce%ad%cf%81%ce%bc%ce%bf%ce%bd%ce%b1-%cf%80%ce%b5%ce%b4%ce%af%ce%b1\/","name":"Unending Fields Silkscreen by Theodoros Stamo at Ikastikos Kiklos Sianti Gallery.","isPartOf":{"@id":"https:\/\/ikastikos-kiklos.com\/en\/#website"},"primaryImageOfPage":{"@id":"https:\/\/ikastikos-kiklos.com\/en\/product\/%ce%b1%cf%84%ce%ad%cf%81%ce%bc%ce%bf%ce%bd%ce%b1-%cf%80%ce%b5%ce%b4%ce%af%ce%b1\/#primaryimage"},"image":{"@id":"https:\/\/ikastikos-kiklos.com\/en\/product\/%ce%b1%cf%84%ce%ad%cf%81%ce%bc%ce%bf%ce%bd%ce%b1-%cf%80%ce%b5%ce%b4%ce%af%ce%b1\/#primaryimage"},"thumbnailUrl":"https:\/\/ikastikos-kiklos.com\/wp-content\/uploads\/2016\/07\/374-stamos.jpg","datePublished":"2016-07-07T21:14:02+00:00","dateModified":"2018-06-01T11:06:35+00:00","description":"Unending Fields Silkscreen by Theodoros Stamo at Ikastikos Kiklos Sianti Gallery. A series that was created exclusively for Ikastikos Kiklos Sianti Gallery and is the only one that was released in Greece.","breadcrumb":{"@id":"https:\/\/ikastikos-kiklos.com\/en\/product\/%ce%b1%cf%84%ce%ad%cf%81%ce%bc%ce%bf%ce%bd%ce%b1-%cf%80%ce%b5%ce%b4%ce%af%ce%b1\/#breadcrumb"},"inLanguage":"en-US","potentialAction":[{"@type":"ReadAction","target":["https:\/\/ikastikos-kiklos.com\/en\/product\/%ce%b1%cf%84%ce%ad%cf%81%ce%bc%ce%bf%ce%bd%ce%b1-%cf%80%ce%b5%ce%b4%ce%af%ce%b1\/"]}]},{"@type":"ImageObject","inLanguage":"en-US","@id":"https:\/\/ikastikos-kiklos.com\/en\/product\/%ce%b1%cf%84%ce%ad%cf%81%ce%bc%ce%bf%ce%bd%ce%b1-%cf%80%ce%b5%ce%b4%ce%af%ce%b1\/#primaryimage","url":"https:\/\/ikastikos-kiklos.com\/wp-content\/uploads\/2016\/07\/374-stamos.jpg","contentUrl":"https:\/\/ikastikos-kiklos.com\/wp-content\/uploads\/2016\/07\/374-stamos.jpg","width":586,"height":805,"caption":"\u0391\u03c4\u03ad\u03c1\u03bc\u03bf\u03bd\u03b1 \u03a0\u03b5\u03b4\u03af\u03b1 \u039c\u03b5\u03c4\u03b1\u03be\u03bf\u03c4\u03c5\u03c0\u03af\u03b1 \u03c4\u03bf\u03c5 \u03a3\u03c4\u03ac\u03bc\u03bf\u03c5 \u0398\u03b5\u03cc\u03b4\u03c9\u03c1\u03bf\u03c5 \u03c3\u03c4\u03bf\u03bd \u0395\u03b9\u03ba\u03b1\u03c3\u03c4\u03b9\u03ba\u03cc \u039a\u03cd\u03ba\u03bb\u03bf Sianti"},{"@type":"BreadcrumbList","@id":"https:\/\/ikastikos-kiklos.com\/en\/product\/%ce%b1%cf%84%ce%ad%cf%81%ce%bc%ce%bf%ce%bd%ce%b1-%cf%80%ce%b5%ce%b4%ce%af%ce%b1\/#breadcrumb","itemListElement":[{"@type":"ListItem","position":1,"name":"Home","item":"https:\/\/ikastikos-kiklos.com\/en\/"},{"@type":"ListItem","position":2,"name":"\u0388\u03c1\u03b3\u03b1 \u03c4\u03ad\u03c7\u03bd\u03b7\u03c2","item":"https:\/\/ikastikos-kiklos.com\/%ce%ad%cf%81%ce%b3%ce%b1-%cf%84%ce%ad%cf%87%ce%bd%ce%b7%cf%82\/"},{"@type":"ListItem","position":3,"name":"Unending fields"}]},{"@type":"WebSite","@id":"https:\/\/ikastikos-kiklos.com\/en\/#website","url":"https:\/\/ikastikos-kiklos.com\/en\/","name":"Ikastikos Kiklos - Zografik\u00ed - Metaxotyp\u00edes - T\u00e9chniPainting - Silk Screen - Art","description":"","publisher":{"@id":"https:\/\/ikastikos-kiklos.com\/en\/#organization"},"potentialAction":[{"@type":"SearchAction","target":{"@type":"EntryPoint","urlTemplate":"https:\/\/ikastikos-kiklos.com\/en\/?s={search_term_string}"},"query-input":{"@type":"PropertyValueSpecification","valueRequired":true,"valueName":"search_term_string"}}],"inLanguage":"en-US"},{"@type":"Organization","@id":"https:\/\/ikastikos-kiklos.com\/en\/#organization","name":"Ikastikos Kiklos - Zografik\u00ed - Metaxotyp\u00edes - T\u00e9chniPainting - Silk Screen - Art","url":"https:\/\/ikastikos-kiklos.com\/en\/","logo":{"@type":"ImageObject","inLanguage":"en-US","@id":"https:\/\/ikastikos-kiklos.com\/en\/#\/schema\/logo\/image\/","url":"https:\/\/ikastikos-kiklos.com\/wp-content\/uploads\/2022\/10\/cropped-favicon_ikastikos.png","contentUrl":"https:\/\/ikastikos-kiklos.com\/wp-content\/uploads\/2022\/10\/cropped-favicon_ikastikos.png","width":512,"height":512,"caption":"Ikastikos Kiklos - Zografik\u00ed - Metaxotyp\u00edes - T\u00e9chniPainting - Silk Screen - Art"},"image":{"@id":"https:\/\/ikastikos-kiklos.com\/en\/#\/schema\/logo\/image\/"},"sameAs":["https:\/\/www.facebook.com\/ikastikoskiklossianti\/"]}]}},"_links":{"self":[{"href":"https:\/\/ikastikos-kiklos.com\/en\/wp-json\/wp\/v2\/product\/3202","targetHints":{"allow":["GET"]}}],"collection":[{"href":"https:\/\/ikastikos-kiklos.com\/en\/wp-json\/wp\/v2\/product"}],"about":[{"href":"https:\/\/ikastikos-kiklos.com\/en\/wp-json\/wp\/v2\/types\/product"}],"wp:featuredmedia":[{"embeddable":true,"href":"https:\/\/ikastikos-kiklos.com\/en\/wp-json\/wp\/v2\/media\/12401"}],"wp:attachment":[{"href":"https:\/\/ikastikos-kiklos.com\/en\/wp-json\/wp\/v2\/media?parent=3202"}],"wp:term":[{"taxonomy":"product_brand","embeddable":true,"href":"https:\/\/ikastikos-kiklos.com\/en\/wp-json\/wp\/v2\/product_brand?post=3202"},{"taxonomy":"product_cat","embeddable":true,"href":"https:\/\/ikastikos-kiklos.com\/en\/wp-json\/wp\/v2\/product_cat?post=3202"},{"taxonomy":"product_tag","embeddable":true,"href":"https:\/\/ikastikos-kiklos.com\/en\/wp-json\/wp\/v2\/product_tag?post=3202"}],"curies":[{"name":"wp","href":"https:\/\/api.w.org\/{rel}","templated":true}]}}