{"id":3197,"date":"2016-07-07T20:54:29","date_gmt":"2016-07-07T20:54:29","guid":{"rendered":"http:\/\/ikastikos-kiklos.com\/\u03c0\u03c1\u03bf\u03ca\u03cc\u03bd\/%cf%84%ce%b1-%cf%86%cf%81%ce%bf%cf%8d%cf%84%ce%b1\/?lang=en"},"modified":"2019-12-02T10:24:03","modified_gmt":"2019-12-02T08:24:03","slug":"%cf%84%ce%b1-%cf%86%cf%81%ce%bf%cf%8d%cf%84%ce%b1","status":"publish","type":"product","link":"https:\/\/ikastikos-kiklos.com\/en\/product\/%cf%84%ce%b1-%cf%86%cf%81%ce%bf%cf%8d%cf%84%ce%b1\/","title":{"rendered":"Couple with fruits"},"content":{"rendered":"<header class=\"title-container\">\n<h1 class=\"title\">Vasilis Sperantzas<\/h1>\n<\/header>\n<div class=\"description-container dynamic-content\">Vasilis Sperantzas was born in Athens, in 1938. In 1956, he went to study painting at the \u00c9cole Nationale Sup\u00e9rieure des Beaux-Arts, in Paris. He remained in Paris after his graduation and in 1976 he became Assistant Professor in the lithography studio of that same institution. He has held many personal exhibitions in Paris, Athens, New York and Sweden. He participated in many salons and international engraving exhibitions, in many countries. He lives and works in Athens and Paris.<\/div>\n","protected":false},"excerpt":{"rendered":"<p>Silkscreen hand signed and numbered by the artist. Edition of 195 prints.<\/p>\n","protected":false},"featured_media":12434,"template":"","meta":{"ngg_post_thumbnail":0},"product_brand":[],"product_cat":[398,1987,396,1991,2047],"product_tag":[2480,2224,2233,2491],"class_list":{"0":"post-3197","1":"product","2":"type-product","3":"status-publish","4":"has-post-thumbnail","6":"product_cat-collections","7":"product_cat-eshop-en","8":"product_cat-silkscreens","9":"product_cat-silkscreens-shop","10":"product_cat-wedding-gifts","11":"product_tag-couple","12":"product_tag-silkscreen-en","13":"product_tag-vasilis-sperantzas","14":"product_tag-wedding-gifts","15":"product_shipping_class-0-2kg","17":"first","18":"instock","19":"taxable","20":"shipping-taxable","21":"purchasable","22":"product-type-simple"},"yoast_head":"<!-- This site is optimized with the Yoast SEO plugin v27.4 - https:\/\/yoast.com\/product\/yoast-seo-wordpress\/ -->\n<title>Couple with Fruits Silkscreen by Vasilis Sperantzas at Ikastikos Kiklos Sianti Gallery<\/title>\n<meta name=\"description\" content=\"Couple with Fruits Silkscreen by Vasilis Sperantzas at Ikastikos Kiklos Sianti Gallery. 195 copies numbered and signed by the artist. Dimensions 70 x 40 cm\" \/>\n<meta name=\"robots\" content=\"index, follow, max-snippet:-1, max-image-preview:large, max-video-preview:-1\" \/>\n<link rel=\"canonical\" href=\"https:\/\/ikastikos-kiklos.com\/en\/product\/\u03c4\u03b1-\u03c6\u03c1\u03bf\u03cd\u03c4\u03b1\/\" \/>\n<meta property=\"og:locale\" content=\"en_US\" \/>\n<meta property=\"og:type\" content=\"article\" \/>\n<meta property=\"og:title\" content=\"Couple with Fruits Silkscreen by Vasilis Sperantzas at Ikastikos Kiklos Sianti Gallery\" \/>\n<meta property=\"og:description\" content=\"Couple with Fruits Silkscreen by Vasilis Sperantzas at Ikastikos Kiklos Sianti Gallery. 195 copies numbered and signed by the artist. Dimensions 70 x 40 cm\" \/>\n<meta property=\"og:url\" content=\"https:\/\/ikastikos-kiklos.com\/en\/product\/\u03c4\u03b1-\u03c6\u03c1\u03bf\u03cd\u03c4\u03b1\/\" \/>\n<meta property=\"og:site_name\" content=\"Ikastikos Kiklos - Zografik\u00ed - Metaxotyp\u00edes - T\u00e9chniPainting - Silk Screen - Art\" \/>\n<meta property=\"article:publisher\" content=\"https:\/\/www.facebook.com\/ikastikoskiklossianti\/\" \/>\n<meta property=\"article:modified_time\" content=\"2019-12-02T08:24:03+00:00\" \/>\n<meta property=\"og:image\" content=\"https:\/\/ikastikos-kiklos.com\/wp-content\/uploads\/2016\/07\/Job_2930-e1523450539726.jpg\" \/>\n\t<meta property=\"og:image:width\" content=\"900\" \/>\n\t<meta property=\"og:image:height\" content=\"655\" \/>\n\t<meta property=\"og:image:type\" content=\"image\/jpeg\" \/>\n<meta name=\"twitter:card\" content=\"summary_large_image\" \/>\n<script type=\"application\/ld+json\" class=\"yoast-schema-graph\">{\"@context\":\"https:\\\/\\\/schema.org\",\"@graph\":[{\"@type\":\"WebPage\",\"@id\":\"https:\\\/\\\/ikastikos-kiklos.com\\\/en\\\/product\\\/%cf%84%ce%b1-%cf%86%cf%81%ce%bf%cf%8d%cf%84%ce%b1\\\/\",\"url\":\"https:\\\/\\\/ikastikos-kiklos.com\\\/en\\\/product\\\/%cf%84%ce%b1-%cf%86%cf%81%ce%bf%cf%8d%cf%84%ce%b1\\\/\",\"name\":\"Couple with Fruits Silkscreen by Vasilis Sperantzas at Ikastikos Kiklos Sianti Gallery\",\"isPartOf\":{\"@id\":\"https:\\\/\\\/ikastikos-kiklos.com\\\/en\\\/#website\"},\"primaryImageOfPage\":{\"@id\":\"https:\\\/\\\/ikastikos-kiklos.com\\\/en\\\/product\\\/%cf%84%ce%b1-%cf%86%cf%81%ce%bf%cf%8d%cf%84%ce%b1\\\/#primaryimage\"},\"image\":{\"@id\":\"https:\\\/\\\/ikastikos-kiklos.com\\\/en\\\/product\\\/%cf%84%ce%b1-%cf%86%cf%81%ce%bf%cf%8d%cf%84%ce%b1\\\/#primaryimage\"},\"thumbnailUrl\":\"https:\\\/\\\/ikastikos-kiklos.com\\\/wp-content\\\/uploads\\\/2016\\\/07\\\/Job_2930-e1523450539726.jpg\",\"datePublished\":\"2016-07-07T20:54:29+00:00\",\"dateModified\":\"2019-12-02T08:24:03+00:00\",\"description\":\"Couple with Fruits Silkscreen by Vasilis Sperantzas at Ikastikos Kiklos Sianti Gallery. 195 copies numbered and signed by the artist. Dimensions 70 x 40 cm\",\"breadcrumb\":{\"@id\":\"https:\\\/\\\/ikastikos-kiklos.com\\\/en\\\/product\\\/%cf%84%ce%b1-%cf%86%cf%81%ce%bf%cf%8d%cf%84%ce%b1\\\/#breadcrumb\"},\"inLanguage\":\"en-US\",\"potentialAction\":[{\"@type\":\"ReadAction\",\"target\":[\"https:\\\/\\\/ikastikos-kiklos.com\\\/en\\\/product\\\/%cf%84%ce%b1-%cf%86%cf%81%ce%bf%cf%8d%cf%84%ce%b1\\\/\"]}]},{\"@type\":\"ImageObject\",\"inLanguage\":\"en-US\",\"@id\":\"https:\\\/\\\/ikastikos-kiklos.com\\\/en\\\/product\\\/%cf%84%ce%b1-%cf%86%cf%81%ce%bf%cf%8d%cf%84%ce%b1\\\/#primaryimage\",\"url\":\"https:\\\/\\\/ikastikos-kiklos.com\\\/wp-content\\\/uploads\\\/2016\\\/07\\\/Job_2930-e1523450539726.jpg\",\"contentUrl\":\"https:\\\/\\\/ikastikos-kiklos.com\\\/wp-content\\\/uploads\\\/2016\\\/07\\\/Job_2930-e1523450539726.jpg\",\"width\":900,\"height\":655,\"caption\":\"\u0396\u03b5\u03c5\u03b3\u03ac\u03c1\u03b9 \u03bc\u03b5 \u03a6\u03c1\u03bf\u03cd\u03c4\u03b1 \u039c\u03b5\u03c4\u03b1\u03be\u03bf\u03c4\u03c5\u03c0\u03af\u03b1 \u03c4\u03bf\u03c5 \u0392\u03b1\u03c3\u03af\u03bb\u03b7 \u03a3\u03c0\u03b5\u03c1\u03ac\u03bd\u03c4\u03b6\u03b1 \u03c3\u03c4\u03bf\u03bd \u0395\u03b9\u03ba\u03b1\u03c3\u03c4\u03b9\u03ba\u03cc \u039a\u03cd\u03ba\u03bb\u03bf Sianti\"},{\"@type\":\"BreadcrumbList\",\"@id\":\"https:\\\/\\\/ikastikos-kiklos.com\\\/en\\\/product\\\/%cf%84%ce%b1-%cf%86%cf%81%ce%bf%cf%8d%cf%84%ce%b1\\\/#breadcrumb\",\"itemListElement\":[{\"@type\":\"ListItem\",\"position\":1,\"name\":\"Home\",\"item\":\"https:\\\/\\\/ikastikos-kiklos.com\\\/en\\\/\"},{\"@type\":\"ListItem\",\"position\":2,\"name\":\"\u0388\u03c1\u03b3\u03b1 \u03c4\u03ad\u03c7\u03bd\u03b7\u03c2\",\"item\":\"https:\\\/\\\/ikastikos-kiklos.com\\\/%ce%ad%cf%81%ce%b3%ce%b1-%cf%84%ce%ad%cf%87%ce%bd%ce%b7%cf%82\\\/\"},{\"@type\":\"ListItem\",\"position\":3,\"name\":\"Couple with fruits\"}]},{\"@type\":\"WebSite\",\"@id\":\"https:\\\/\\\/ikastikos-kiklos.com\\\/en\\\/#website\",\"url\":\"https:\\\/\\\/ikastikos-kiklos.com\\\/en\\\/\",\"name\":\"Ikastikos Kiklos - Zografik\u00ed - Metaxotyp\u00edes - T\u00e9chniPainting - Silk Screen - Art\",\"description\":\"\",\"publisher\":{\"@id\":\"https:\\\/\\\/ikastikos-kiklos.com\\\/en\\\/#organization\"},\"potentialAction\":[{\"@type\":\"SearchAction\",\"target\":{\"@type\":\"EntryPoint\",\"urlTemplate\":\"https:\\\/\\\/ikastikos-kiklos.com\\\/en\\\/?s={search_term_string}\"},\"query-input\":{\"@type\":\"PropertyValueSpecification\",\"valueRequired\":true,\"valueName\":\"search_term_string\"}}],\"inLanguage\":\"en-US\"},{\"@type\":\"Organization\",\"@id\":\"https:\\\/\\\/ikastikos-kiklos.com\\\/en\\\/#organization\",\"name\":\"Ikastikos Kiklos - Zografik\u00ed - Metaxotyp\u00edes - T\u00e9chniPainting - Silk Screen - Art\",\"url\":\"https:\\\/\\\/ikastikos-kiklos.com\\\/en\\\/\",\"logo\":{\"@type\":\"ImageObject\",\"inLanguage\":\"en-US\",\"@id\":\"https:\\\/\\\/ikastikos-kiklos.com\\\/en\\\/#\\\/schema\\\/logo\\\/image\\\/\",\"url\":\"https:\\\/\\\/ikastikos-kiklos.com\\\/wp-content\\\/uploads\\\/2022\\\/10\\\/cropped-favicon_ikastikos.png\",\"contentUrl\":\"https:\\\/\\\/ikastikos-kiklos.com\\\/wp-content\\\/uploads\\\/2022\\\/10\\\/cropped-favicon_ikastikos.png\",\"width\":512,\"height\":512,\"caption\":\"Ikastikos Kiklos - Zografik\u00ed - Metaxotyp\u00edes - T\u00e9chniPainting - Silk Screen - Art\"},\"image\":{\"@id\":\"https:\\\/\\\/ikastikos-kiklos.com\\\/en\\\/#\\\/schema\\\/logo\\\/image\\\/\"},\"sameAs\":[\"https:\\\/\\\/www.facebook.com\\\/ikastikoskiklossianti\\\/\"]}]}<\/script>\n<!-- \/ Yoast SEO plugin. -->","yoast_head_json":{"title":"Couple with Fruits Silkscreen by Vasilis Sperantzas at Ikastikos Kiklos Sianti Gallery","description":"Couple with Fruits Silkscreen by Vasilis Sperantzas at Ikastikos Kiklos Sianti Gallery. 195 copies numbered and signed by the artist. Dimensions 70 x 40 cm","robots":{"index":"index","follow":"follow","max-snippet":"max-snippet:-1","max-image-preview":"max-image-preview:large","max-video-preview":"max-video-preview:-1"},"canonical":"https:\/\/ikastikos-kiklos.com\/en\/product\/\u03c4\u03b1-\u03c6\u03c1\u03bf\u03cd\u03c4\u03b1\/","og_locale":"en_US","og_type":"article","og_title":"Couple with Fruits Silkscreen by Vasilis Sperantzas at Ikastikos Kiklos Sianti Gallery","og_description":"Couple with Fruits Silkscreen by Vasilis Sperantzas at Ikastikos Kiklos Sianti Gallery. 195 copies numbered and signed by the artist. Dimensions 70 x 40 cm","og_url":"https:\/\/ikastikos-kiklos.com\/en\/product\/\u03c4\u03b1-\u03c6\u03c1\u03bf\u03cd\u03c4\u03b1\/","og_site_name":"Ikastikos Kiklos - Zografik\u00ed - Metaxotyp\u00edes - T\u00e9chniPainting - Silk Screen - Art","article_publisher":"https:\/\/www.facebook.com\/ikastikoskiklossianti\/","article_modified_time":"2019-12-02T08:24:03+00:00","og_image":[{"width":900,"height":655,"url":"https:\/\/ikastikos-kiklos.com\/wp-content\/uploads\/2016\/07\/Job_2930-e1523450539726.jpg","type":"image\/jpeg"}],"twitter_card":"summary_large_image","schema":{"@context":"https:\/\/schema.org","@graph":[{"@type":"WebPage","@id":"https:\/\/ikastikos-kiklos.com\/en\/product\/%cf%84%ce%b1-%cf%86%cf%81%ce%bf%cf%8d%cf%84%ce%b1\/","url":"https:\/\/ikastikos-kiklos.com\/en\/product\/%cf%84%ce%b1-%cf%86%cf%81%ce%bf%cf%8d%cf%84%ce%b1\/","name":"Couple with Fruits Silkscreen by Vasilis Sperantzas at Ikastikos Kiklos Sianti Gallery","isPartOf":{"@id":"https:\/\/ikastikos-kiklos.com\/en\/#website"},"primaryImageOfPage":{"@id":"https:\/\/ikastikos-kiklos.com\/en\/product\/%cf%84%ce%b1-%cf%86%cf%81%ce%bf%cf%8d%cf%84%ce%b1\/#primaryimage"},"image":{"@id":"https:\/\/ikastikos-kiklos.com\/en\/product\/%cf%84%ce%b1-%cf%86%cf%81%ce%bf%cf%8d%cf%84%ce%b1\/#primaryimage"},"thumbnailUrl":"https:\/\/ikastikos-kiklos.com\/wp-content\/uploads\/2016\/07\/Job_2930-e1523450539726.jpg","datePublished":"2016-07-07T20:54:29+00:00","dateModified":"2019-12-02T08:24:03+00:00","description":"Couple with Fruits Silkscreen by Vasilis Sperantzas at Ikastikos Kiklos Sianti Gallery. 195 copies numbered and signed by the artist. Dimensions 70 x 40 cm","breadcrumb":{"@id":"https:\/\/ikastikos-kiklos.com\/en\/product\/%cf%84%ce%b1-%cf%86%cf%81%ce%bf%cf%8d%cf%84%ce%b1\/#breadcrumb"},"inLanguage":"en-US","potentialAction":[{"@type":"ReadAction","target":["https:\/\/ikastikos-kiklos.com\/en\/product\/%cf%84%ce%b1-%cf%86%cf%81%ce%bf%cf%8d%cf%84%ce%b1\/"]}]},{"@type":"ImageObject","inLanguage":"en-US","@id":"https:\/\/ikastikos-kiklos.com\/en\/product\/%cf%84%ce%b1-%cf%86%cf%81%ce%bf%cf%8d%cf%84%ce%b1\/#primaryimage","url":"https:\/\/ikastikos-kiklos.com\/wp-content\/uploads\/2016\/07\/Job_2930-e1523450539726.jpg","contentUrl":"https:\/\/ikastikos-kiklos.com\/wp-content\/uploads\/2016\/07\/Job_2930-e1523450539726.jpg","width":900,"height":655,"caption":"\u0396\u03b5\u03c5\u03b3\u03ac\u03c1\u03b9 \u03bc\u03b5 \u03a6\u03c1\u03bf\u03cd\u03c4\u03b1 \u039c\u03b5\u03c4\u03b1\u03be\u03bf\u03c4\u03c5\u03c0\u03af\u03b1 \u03c4\u03bf\u03c5 \u0392\u03b1\u03c3\u03af\u03bb\u03b7 \u03a3\u03c0\u03b5\u03c1\u03ac\u03bd\u03c4\u03b6\u03b1 \u03c3\u03c4\u03bf\u03bd \u0395\u03b9\u03ba\u03b1\u03c3\u03c4\u03b9\u03ba\u03cc \u039a\u03cd\u03ba\u03bb\u03bf Sianti"},{"@type":"BreadcrumbList","@id":"https:\/\/ikastikos-kiklos.com\/en\/product\/%cf%84%ce%b1-%cf%86%cf%81%ce%bf%cf%8d%cf%84%ce%b1\/#breadcrumb","itemListElement":[{"@type":"ListItem","position":1,"name":"Home","item":"https:\/\/ikastikos-kiklos.com\/en\/"},{"@type":"ListItem","position":2,"name":"\u0388\u03c1\u03b3\u03b1 \u03c4\u03ad\u03c7\u03bd\u03b7\u03c2","item":"https:\/\/ikastikos-kiklos.com\/%ce%ad%cf%81%ce%b3%ce%b1-%cf%84%ce%ad%cf%87%ce%bd%ce%b7%cf%82\/"},{"@type":"ListItem","position":3,"name":"Couple with fruits"}]},{"@type":"WebSite","@id":"https:\/\/ikastikos-kiklos.com\/en\/#website","url":"https:\/\/ikastikos-kiklos.com\/en\/","name":"Ikastikos Kiklos - Zografik\u00ed - Metaxotyp\u00edes - T\u00e9chniPainting - Silk Screen - Art","description":"","publisher":{"@id":"https:\/\/ikastikos-kiklos.com\/en\/#organization"},"potentialAction":[{"@type":"SearchAction","target":{"@type":"EntryPoint","urlTemplate":"https:\/\/ikastikos-kiklos.com\/en\/?s={search_term_string}"},"query-input":{"@type":"PropertyValueSpecification","valueRequired":true,"valueName":"search_term_string"}}],"inLanguage":"en-US"},{"@type":"Organization","@id":"https:\/\/ikastikos-kiklos.com\/en\/#organization","name":"Ikastikos Kiklos - Zografik\u00ed - Metaxotyp\u00edes - T\u00e9chniPainting - Silk Screen - Art","url":"https:\/\/ikastikos-kiklos.com\/en\/","logo":{"@type":"ImageObject","inLanguage":"en-US","@id":"https:\/\/ikastikos-kiklos.com\/en\/#\/schema\/logo\/image\/","url":"https:\/\/ikastikos-kiklos.com\/wp-content\/uploads\/2022\/10\/cropped-favicon_ikastikos.png","contentUrl":"https:\/\/ikastikos-kiklos.com\/wp-content\/uploads\/2022\/10\/cropped-favicon_ikastikos.png","width":512,"height":512,"caption":"Ikastikos Kiklos - Zografik\u00ed - Metaxotyp\u00edes - T\u00e9chniPainting - Silk Screen - Art"},"image":{"@id":"https:\/\/ikastikos-kiklos.com\/en\/#\/schema\/logo\/image\/"},"sameAs":["https:\/\/www.facebook.com\/ikastikoskiklossianti\/"]}]}},"_links":{"self":[{"href":"https:\/\/ikastikos-kiklos.com\/en\/wp-json\/wp\/v2\/product\/3197","targetHints":{"allow":["GET"]}}],"collection":[{"href":"https:\/\/ikastikos-kiklos.com\/en\/wp-json\/wp\/v2\/product"}],"about":[{"href":"https:\/\/ikastikos-kiklos.com\/en\/wp-json\/wp\/v2\/types\/product"}],"wp:featuredmedia":[{"embeddable":true,"href":"https:\/\/ikastikos-kiklos.com\/en\/wp-json\/wp\/v2\/media\/12434"}],"wp:attachment":[{"href":"https:\/\/ikastikos-kiklos.com\/en\/wp-json\/wp\/v2\/media?parent=3197"}],"wp:term":[{"taxonomy":"product_brand","embeddable":true,"href":"https:\/\/ikastikos-kiklos.com\/en\/wp-json\/wp\/v2\/product_brand?post=3197"},{"taxonomy":"product_cat","embeddable":true,"href":"https:\/\/ikastikos-kiklos.com\/en\/wp-json\/wp\/v2\/product_cat?post=3197"},{"taxonomy":"product_tag","embeddable":true,"href":"https:\/\/ikastikos-kiklos.com\/en\/wp-json\/wp\/v2\/product_tag?post=3197"}],"curies":[{"name":"wp","href":"https:\/\/api.w.org\/{rel}","templated":true}]}}