{"id":3188,"date":"2016-07-07T20:27:58","date_gmt":"2016-07-07T20:27:58","guid":{"rendered":"http:\/\/ikastikos-kiklos.com\/\u03c0\u03c1\u03bf\u03ca\u03cc\u03bd\/%ce%bc%ce%b9%ce%b1-%cf%80%ce%b1%cf%81%ce%ad%ce%bd%ce%b8%ce%b5%cf%83%ce%b7-%cf%83%cf%84%ce%b7-%ce%b6%cf%89%ce%ae-%ce%bc%ce%bf%cf%85\/?lang=en"},"modified":"2018-06-01T14:10:10","modified_gmt":"2018-06-01T11:10:10","slug":"%ce%bc%ce%b9%ce%b1-%cf%80%ce%b1%cf%81%ce%ad%ce%bd%ce%b8%ce%b5%cf%83%ce%b7-%cf%83%cf%84%ce%b7-%ce%b6%cf%89%ce%ae-%ce%bc%ce%bf%cf%85","status":"publish","type":"product","link":"https:\/\/ikastikos-kiklos.com\/en\/product\/%ce%bc%ce%b9%ce%b1-%cf%80%ce%b1%cf%81%ce%ad%ce%bd%ce%b8%ce%b5%cf%83%ce%b7-%cf%83%cf%84%ce%b7-%ce%b6%cf%89%ce%ae-%ce%bc%ce%bf%cf%85\/","title":{"rendered":"A parenthesis in my life"},"content":{"rendered":"<header class=\"title-container\">Studying the work of Pavlos Samios and looking at his twenty-year-long artistic career, you cannot fail to see the successive stages of a continuous review of his iconography adventure and his points of reference. Paul Samios does not hesitate to show his faith in his work and still offers possibilities for revising the relationship between reality and art, drawing on elements and methods from the past of the painting itself. The constant encounter with the teachers, the grand pioneers or the older classics, but also with the painting tradition of our place, Byzantine, restores in his work the relations with the past and the realization that the artist is a recipient and communicator of his cultural heritage. This acceptance leads to a new treatment of the questions that novelism has neglected, such as the importance of the subject, the new role of the narrative, the redeeming of the space of a story, searching for references in art history itself. And indeed, one can see that the painting of Samios, from the mid-70s, is only a field of performance in front of the viewer&#8217;s eyes, and the real or imaginary experience becomes reality. Life and love become reality. Source: samiospavlos.gr<\/header>\n","protected":false},"excerpt":{"rendered":"<p>Silkscreen hand numbered and signed by the artist. Edition of 199 prints.<\/p>\n<p>&nbsp;<\/p>\n","protected":false},"featured_media":46768,"template":"","meta":{"ngg_post_thumbnail":0},"product_brand":[],"product_cat":[398,1987,396,1991],"product_tag":[2421,2224,2491],"class_list":{"0":"post-3188","1":"product","2":"type-product","3":"status-publish","4":"has-post-thumbnail","6":"product_cat-collections","7":"product_cat-eshop-en","8":"product_cat-silkscreens","9":"product_cat-silkscreens-shop","10":"product_tag-a-parenthesis-in-my-life","11":"product_tag-silkscreen-en","12":"product_tag-wedding-gifts","13":"product_shipping_class-0-2kg","15":"first","16":"instock","17":"taxable","18":"shipping-taxable","19":"purchasable","20":"product-type-simple"},"yoast_head":"<!-- This site is optimized with the Yoast SEO plugin v27.2 - https:\/\/yoast.com\/product\/yoast-seo-wordpress\/ -->\n<title>A Parenthesis in my Life Silkscreen by Samios Pavlos at Ikastikos Kiklos Sianti Gallery<\/title>\n<meta name=\"description\" content=\"A Parenthesis in my Life Silkscreen by Samios Pavlos at Ikastikos Kiklos Sianti Gallery. 199 copies numbered and signed by the artist. Dimensions 75 x 60 cm\" \/>\n<meta name=\"robots\" content=\"index, follow, max-snippet:-1, max-image-preview:large, max-video-preview:-1\" \/>\n<link rel=\"canonical\" href=\"https:\/\/ikastikos-kiklos.com\/en\/product\/\u03bc\u03b9\u03b1-\u03c0\u03b1\u03c1\u03ad\u03bd\u03b8\u03b5\u03c3\u03b7-\u03c3\u03c4\u03b7-\u03b6\u03c9\u03ae-\u03bc\u03bf\u03c5\/\" \/>\n<meta property=\"og:locale\" content=\"en_US\" \/>\n<meta property=\"og:type\" content=\"article\" \/>\n<meta property=\"og:title\" content=\"A Parenthesis in my Life Silkscreen by Samios Pavlos at Ikastikos Kiklos Sianti Gallery\" \/>\n<meta property=\"og:description\" content=\"A Parenthesis in my Life Silkscreen by Samios Pavlos at Ikastikos Kiklos Sianti Gallery. 199 copies numbered and signed by the artist. Dimensions 75 x 60 cm\" \/>\n<meta property=\"og:url\" content=\"https:\/\/ikastikos-kiklos.com\/en\/product\/\u03bc\u03b9\u03b1-\u03c0\u03b1\u03c1\u03ad\u03bd\u03b8\u03b5\u03c3\u03b7-\u03c3\u03c4\u03b7-\u03b6\u03c9\u03ae-\u03bc\u03bf\u03c5\/\" \/>\n<meta property=\"og:site_name\" content=\"Ikastikos Kiklos - Zografik\u00ed - Metaxotyp\u00edes - T\u00e9chniPainting - Silk Screen - Art\" \/>\n<meta property=\"article:publisher\" content=\"https:\/\/www.facebook.com\/ikastikoskiklossianti\/\" \/>\n<meta property=\"article:modified_time\" content=\"2018-06-01T11:10:10+00:00\" \/>\n<meta property=\"og:image\" content=\"https:\/\/ikastikos-kiklos.com\/wp-content\/uploads\/2016\/07\/mia-parenthesi-sti-zoi-mou-enlarge.jpg\" \/>\n\t<meta property=\"og:image:width\" content=\"300\" \/>\n\t<meta property=\"og:image:height\" content=\"300\" \/>\n\t<meta property=\"og:image:type\" content=\"image\/jpeg\" \/>\n<meta name=\"twitter:card\" content=\"summary_large_image\" \/>\n<meta name=\"twitter:label1\" content=\"Est. reading time\" \/>\n\t<meta name=\"twitter:data1\" content=\"1 minute\" \/>\n<script type=\"application\/ld+json\" class=\"yoast-schema-graph\">{\"@context\":\"https:\/\/schema.org\",\"@graph\":[{\"@type\":\"WebPage\",\"@id\":\"https:\/\/ikastikos-kiklos.com\/en\/product\/%ce%bc%ce%b9%ce%b1-%cf%80%ce%b1%cf%81%ce%ad%ce%bd%ce%b8%ce%b5%cf%83%ce%b7-%cf%83%cf%84%ce%b7-%ce%b6%cf%89%ce%ae-%ce%bc%ce%bf%cf%85\/\",\"url\":\"https:\/\/ikastikos-kiklos.com\/en\/product\/%ce%bc%ce%b9%ce%b1-%cf%80%ce%b1%cf%81%ce%ad%ce%bd%ce%b8%ce%b5%cf%83%ce%b7-%cf%83%cf%84%ce%b7-%ce%b6%cf%89%ce%ae-%ce%bc%ce%bf%cf%85\/\",\"name\":\"A Parenthesis in my Life Silkscreen by Samios Pavlos at Ikastikos Kiklos Sianti Gallery\",\"isPartOf\":{\"@id\":\"https:\/\/ikastikos-kiklos.com\/en\/#website\"},\"primaryImageOfPage\":{\"@id\":\"https:\/\/ikastikos-kiklos.com\/en\/product\/%ce%bc%ce%b9%ce%b1-%cf%80%ce%b1%cf%81%ce%ad%ce%bd%ce%b8%ce%b5%cf%83%ce%b7-%cf%83%cf%84%ce%b7-%ce%b6%cf%89%ce%ae-%ce%bc%ce%bf%cf%85\/#primaryimage\"},\"image\":{\"@id\":\"https:\/\/ikastikos-kiklos.com\/en\/product\/%ce%bc%ce%b9%ce%b1-%cf%80%ce%b1%cf%81%ce%ad%ce%bd%ce%b8%ce%b5%cf%83%ce%b7-%cf%83%cf%84%ce%b7-%ce%b6%cf%89%ce%ae-%ce%bc%ce%bf%cf%85\/#primaryimage\"},\"thumbnailUrl\":\"https:\/\/ikastikos-kiklos.com\/wp-content\/uploads\/2016\/07\/\u03bc\u03b9\u03b1-\u03c0\u03b1\u03c1\u03ad\u03bd\u03b8\u03b5\u03c3\u03b7-\u03c3\u03c4\u03b7-\u03b6\u03c9\u03ae-\u03bc\u03bf\u03c5-\u03c3\u03ac\u03bc\u03b9\u03bf\u03c2-\u03c0\u03b1\u03cd\u03bb\u03bf\u03c2.jpg\",\"datePublished\":\"2016-07-07T20:27:58+00:00\",\"dateModified\":\"2018-06-01T11:10:10+00:00\",\"description\":\"A Parenthesis in my Life Silkscreen by Samios Pavlos at Ikastikos Kiklos Sianti Gallery. 199 copies numbered and signed by the artist. Dimensions 75 x 60 cm\",\"breadcrumb\":{\"@id\":\"https:\/\/ikastikos-kiklos.com\/en\/product\/%ce%bc%ce%b9%ce%b1-%cf%80%ce%b1%cf%81%ce%ad%ce%bd%ce%b8%ce%b5%cf%83%ce%b7-%cf%83%cf%84%ce%b7-%ce%b6%cf%89%ce%ae-%ce%bc%ce%bf%cf%85\/#breadcrumb\"},\"inLanguage\":\"en-US\",\"potentialAction\":[{\"@type\":\"ReadAction\",\"target\":[\"https:\/\/ikastikos-kiklos.com\/en\/product\/%ce%bc%ce%b9%ce%b1-%cf%80%ce%b1%cf%81%ce%ad%ce%bd%ce%b8%ce%b5%cf%83%ce%b7-%cf%83%cf%84%ce%b7-%ce%b6%cf%89%ce%ae-%ce%bc%ce%bf%cf%85\/\"]}]},{\"@type\":\"ImageObject\",\"inLanguage\":\"en-US\",\"@id\":\"https:\/\/ikastikos-kiklos.com\/en\/product\/%ce%bc%ce%b9%ce%b1-%cf%80%ce%b1%cf%81%ce%ad%ce%bd%ce%b8%ce%b5%cf%83%ce%b7-%cf%83%cf%84%ce%b7-%ce%b6%cf%89%ce%ae-%ce%bc%ce%bf%cf%85\/#primaryimage\",\"url\":\"https:\/\/ikastikos-kiklos.com\/wp-content\/uploads\/2016\/07\/\u03bc\u03b9\u03b1-\u03c0\u03b1\u03c1\u03ad\u03bd\u03b8\u03b5\u03c3\u03b7-\u03c3\u03c4\u03b7-\u03b6\u03c9\u03ae-\u03bc\u03bf\u03c5-\u03c3\u03ac\u03bc\u03b9\u03bf\u03c2-\u03c0\u03b1\u03cd\u03bb\u03bf\u03c2.jpg\",\"contentUrl\":\"https:\/\/ikastikos-kiklos.com\/wp-content\/uploads\/2016\/07\/\u03bc\u03b9\u03b1-\u03c0\u03b1\u03c1\u03ad\u03bd\u03b8\u03b5\u03c3\u03b7-\u03c3\u03c4\u03b7-\u03b6\u03c9\u03ae-\u03bc\u03bf\u03c5-\u03c3\u03ac\u03bc\u03b9\u03bf\u03c2-\u03c0\u03b1\u03cd\u03bb\u03bf\u03c2.jpg\",\"width\":1400,\"height\":1133,\"caption\":\"\u03bc\u03b9\u03b1-\u03c0\u03b1\u03c1\u03ad\u03bd\u03b8\u03b5\u03c3\u03b7-\u03c3\u03c4\u03b7-\u03b6\u03c9\u03ae-\u03bc\u03bf\u03c5-\u03c3\u03ac\u03bc\u03b9\u03bf\u03c2-\u03c0\u03b1\u03cd\u03bb\u03bf\u03c2\"},{\"@type\":\"BreadcrumbList\",\"@id\":\"https:\/\/ikastikos-kiklos.com\/en\/product\/%ce%bc%ce%b9%ce%b1-%cf%80%ce%b1%cf%81%ce%ad%ce%bd%ce%b8%ce%b5%cf%83%ce%b7-%cf%83%cf%84%ce%b7-%ce%b6%cf%89%ce%ae-%ce%bc%ce%bf%cf%85\/#breadcrumb\",\"itemListElement\":[{\"@type\":\"ListItem\",\"position\":1,\"name\":\"Home\",\"item\":\"https:\/\/ikastikos-kiklos.com\/en\/\"},{\"@type\":\"ListItem\",\"position\":2,\"name\":\"\u0388\u03c1\u03b3\u03b1 \u03c4\u03ad\u03c7\u03bd\u03b7\u03c2\",\"item\":\"https:\/\/ikastikos-kiklos.com\/%ce%ad%cf%81%ce%b3%ce%b1-%cf%84%ce%ad%cf%87%ce%bd%ce%b7%cf%82\/\"},{\"@type\":\"ListItem\",\"position\":3,\"name\":\"A parenthesis in my life\"}]},{\"@type\":\"WebSite\",\"@id\":\"https:\/\/ikastikos-kiklos.com\/en\/#website\",\"url\":\"https:\/\/ikastikos-kiklos.com\/en\/\",\"name\":\"Ikastikos Kiklos - Zografik\u00ed - Metaxotyp\u00edes - T\u00e9chniPainting - Silk Screen - Art\",\"description\":\"\",\"publisher\":{\"@id\":\"https:\/\/ikastikos-kiklos.com\/en\/#organization\"},\"potentialAction\":[{\"@type\":\"SearchAction\",\"target\":{\"@type\":\"EntryPoint\",\"urlTemplate\":\"https:\/\/ikastikos-kiklos.com\/en\/?s={search_term_string}\"},\"query-input\":{\"@type\":\"PropertyValueSpecification\",\"valueRequired\":true,\"valueName\":\"search_term_string\"}}],\"inLanguage\":\"en-US\"},{\"@type\":\"Organization\",\"@id\":\"https:\/\/ikastikos-kiklos.com\/en\/#organization\",\"name\":\"Ikastikos Kiklos - Zografik\u00ed - Metaxotyp\u00edes - T\u00e9chniPainting - Silk Screen - Art\",\"url\":\"https:\/\/ikastikos-kiklos.com\/en\/\",\"logo\":{\"@type\":\"ImageObject\",\"inLanguage\":\"en-US\",\"@id\":\"https:\/\/ikastikos-kiklos.com\/en\/#\/schema\/logo\/image\/\",\"url\":\"https:\/\/ikastikos-kiklos.com\/wp-content\/uploads\/2022\/10\/cropped-favicon_ikastikos.png\",\"contentUrl\":\"https:\/\/ikastikos-kiklos.com\/wp-content\/uploads\/2022\/10\/cropped-favicon_ikastikos.png\",\"width\":512,\"height\":512,\"caption\":\"Ikastikos Kiklos - Zografik\u00ed - Metaxotyp\u00edes - T\u00e9chniPainting - Silk Screen - Art\"},\"image\":{\"@id\":\"https:\/\/ikastikos-kiklos.com\/en\/#\/schema\/logo\/image\/\"},\"sameAs\":[\"https:\/\/www.facebook.com\/ikastikoskiklossianti\/\"]}]}<\/script>\n<!-- \/ Yoast SEO plugin. -->","yoast_head_json":{"title":"A Parenthesis in my Life Silkscreen by Samios Pavlos at Ikastikos Kiklos Sianti Gallery","description":"A Parenthesis in my Life Silkscreen by Samios Pavlos at Ikastikos Kiklos Sianti Gallery. 199 copies numbered and signed by the artist. Dimensions 75 x 60 cm","robots":{"index":"index","follow":"follow","max-snippet":"max-snippet:-1","max-image-preview":"max-image-preview:large","max-video-preview":"max-video-preview:-1"},"canonical":"https:\/\/ikastikos-kiklos.com\/en\/product\/\u03bc\u03b9\u03b1-\u03c0\u03b1\u03c1\u03ad\u03bd\u03b8\u03b5\u03c3\u03b7-\u03c3\u03c4\u03b7-\u03b6\u03c9\u03ae-\u03bc\u03bf\u03c5\/","og_locale":"en_US","og_type":"article","og_title":"A Parenthesis in my Life Silkscreen by Samios Pavlos at Ikastikos Kiklos Sianti Gallery","og_description":"A Parenthesis in my Life Silkscreen by Samios Pavlos at Ikastikos Kiklos Sianti Gallery. 199 copies numbered and signed by the artist. Dimensions 75 x 60 cm","og_url":"https:\/\/ikastikos-kiklos.com\/en\/product\/\u03bc\u03b9\u03b1-\u03c0\u03b1\u03c1\u03ad\u03bd\u03b8\u03b5\u03c3\u03b7-\u03c3\u03c4\u03b7-\u03b6\u03c9\u03ae-\u03bc\u03bf\u03c5\/","og_site_name":"Ikastikos Kiklos - Zografik\u00ed - Metaxotyp\u00edes - T\u00e9chniPainting - Silk Screen - Art","article_publisher":"https:\/\/www.facebook.com\/ikastikoskiklossianti\/","article_modified_time":"2018-06-01T11:10:10+00:00","og_image":[{"width":300,"height":300,"url":"https:\/\/ikastikos-kiklos.com\/wp-content\/uploads\/2016\/07\/mia-parenthesi-sti-zoi-mou-enlarge.jpg","type":"image\/jpeg"}],"twitter_card":"summary_large_image","twitter_misc":{"Est. reading time":"1 minute"},"schema":{"@context":"https:\/\/schema.org","@graph":[{"@type":"WebPage","@id":"https:\/\/ikastikos-kiklos.com\/en\/product\/%ce%bc%ce%b9%ce%b1-%cf%80%ce%b1%cf%81%ce%ad%ce%bd%ce%b8%ce%b5%cf%83%ce%b7-%cf%83%cf%84%ce%b7-%ce%b6%cf%89%ce%ae-%ce%bc%ce%bf%cf%85\/","url":"https:\/\/ikastikos-kiklos.com\/en\/product\/%ce%bc%ce%b9%ce%b1-%cf%80%ce%b1%cf%81%ce%ad%ce%bd%ce%b8%ce%b5%cf%83%ce%b7-%cf%83%cf%84%ce%b7-%ce%b6%cf%89%ce%ae-%ce%bc%ce%bf%cf%85\/","name":"A Parenthesis in my Life Silkscreen by Samios Pavlos at Ikastikos Kiklos Sianti Gallery","isPartOf":{"@id":"https:\/\/ikastikos-kiklos.com\/en\/#website"},"primaryImageOfPage":{"@id":"https:\/\/ikastikos-kiklos.com\/en\/product\/%ce%bc%ce%b9%ce%b1-%cf%80%ce%b1%cf%81%ce%ad%ce%bd%ce%b8%ce%b5%cf%83%ce%b7-%cf%83%cf%84%ce%b7-%ce%b6%cf%89%ce%ae-%ce%bc%ce%bf%cf%85\/#primaryimage"},"image":{"@id":"https:\/\/ikastikos-kiklos.com\/en\/product\/%ce%bc%ce%b9%ce%b1-%cf%80%ce%b1%cf%81%ce%ad%ce%bd%ce%b8%ce%b5%cf%83%ce%b7-%cf%83%cf%84%ce%b7-%ce%b6%cf%89%ce%ae-%ce%bc%ce%bf%cf%85\/#primaryimage"},"thumbnailUrl":"https:\/\/ikastikos-kiklos.com\/wp-content\/uploads\/2016\/07\/\u03bc\u03b9\u03b1-\u03c0\u03b1\u03c1\u03ad\u03bd\u03b8\u03b5\u03c3\u03b7-\u03c3\u03c4\u03b7-\u03b6\u03c9\u03ae-\u03bc\u03bf\u03c5-\u03c3\u03ac\u03bc\u03b9\u03bf\u03c2-\u03c0\u03b1\u03cd\u03bb\u03bf\u03c2.jpg","datePublished":"2016-07-07T20:27:58+00:00","dateModified":"2018-06-01T11:10:10+00:00","description":"A Parenthesis in my Life Silkscreen by Samios Pavlos at Ikastikos Kiklos Sianti Gallery. 199 copies numbered and signed by the artist. Dimensions 75 x 60 cm","breadcrumb":{"@id":"https:\/\/ikastikos-kiklos.com\/en\/product\/%ce%bc%ce%b9%ce%b1-%cf%80%ce%b1%cf%81%ce%ad%ce%bd%ce%b8%ce%b5%cf%83%ce%b7-%cf%83%cf%84%ce%b7-%ce%b6%cf%89%ce%ae-%ce%bc%ce%bf%cf%85\/#breadcrumb"},"inLanguage":"en-US","potentialAction":[{"@type":"ReadAction","target":["https:\/\/ikastikos-kiklos.com\/en\/product\/%ce%bc%ce%b9%ce%b1-%cf%80%ce%b1%cf%81%ce%ad%ce%bd%ce%b8%ce%b5%cf%83%ce%b7-%cf%83%cf%84%ce%b7-%ce%b6%cf%89%ce%ae-%ce%bc%ce%bf%cf%85\/"]}]},{"@type":"ImageObject","inLanguage":"en-US","@id":"https:\/\/ikastikos-kiklos.com\/en\/product\/%ce%bc%ce%b9%ce%b1-%cf%80%ce%b1%cf%81%ce%ad%ce%bd%ce%b8%ce%b5%cf%83%ce%b7-%cf%83%cf%84%ce%b7-%ce%b6%cf%89%ce%ae-%ce%bc%ce%bf%cf%85\/#primaryimage","url":"https:\/\/ikastikos-kiklos.com\/wp-content\/uploads\/2016\/07\/\u03bc\u03b9\u03b1-\u03c0\u03b1\u03c1\u03ad\u03bd\u03b8\u03b5\u03c3\u03b7-\u03c3\u03c4\u03b7-\u03b6\u03c9\u03ae-\u03bc\u03bf\u03c5-\u03c3\u03ac\u03bc\u03b9\u03bf\u03c2-\u03c0\u03b1\u03cd\u03bb\u03bf\u03c2.jpg","contentUrl":"https:\/\/ikastikos-kiklos.com\/wp-content\/uploads\/2016\/07\/\u03bc\u03b9\u03b1-\u03c0\u03b1\u03c1\u03ad\u03bd\u03b8\u03b5\u03c3\u03b7-\u03c3\u03c4\u03b7-\u03b6\u03c9\u03ae-\u03bc\u03bf\u03c5-\u03c3\u03ac\u03bc\u03b9\u03bf\u03c2-\u03c0\u03b1\u03cd\u03bb\u03bf\u03c2.jpg","width":1400,"height":1133,"caption":"\u03bc\u03b9\u03b1-\u03c0\u03b1\u03c1\u03ad\u03bd\u03b8\u03b5\u03c3\u03b7-\u03c3\u03c4\u03b7-\u03b6\u03c9\u03ae-\u03bc\u03bf\u03c5-\u03c3\u03ac\u03bc\u03b9\u03bf\u03c2-\u03c0\u03b1\u03cd\u03bb\u03bf\u03c2"},{"@type":"BreadcrumbList","@id":"https:\/\/ikastikos-kiklos.com\/en\/product\/%ce%bc%ce%b9%ce%b1-%cf%80%ce%b1%cf%81%ce%ad%ce%bd%ce%b8%ce%b5%cf%83%ce%b7-%cf%83%cf%84%ce%b7-%ce%b6%cf%89%ce%ae-%ce%bc%ce%bf%cf%85\/#breadcrumb","itemListElement":[{"@type":"ListItem","position":1,"name":"Home","item":"https:\/\/ikastikos-kiklos.com\/en\/"},{"@type":"ListItem","position":2,"name":"\u0388\u03c1\u03b3\u03b1 \u03c4\u03ad\u03c7\u03bd\u03b7\u03c2","item":"https:\/\/ikastikos-kiklos.com\/%ce%ad%cf%81%ce%b3%ce%b1-%cf%84%ce%ad%cf%87%ce%bd%ce%b7%cf%82\/"},{"@type":"ListItem","position":3,"name":"A parenthesis in my life"}]},{"@type":"WebSite","@id":"https:\/\/ikastikos-kiklos.com\/en\/#website","url":"https:\/\/ikastikos-kiklos.com\/en\/","name":"Ikastikos Kiklos - Zografik\u00ed - Metaxotyp\u00edes - T\u00e9chniPainting - Silk Screen - Art","description":"","publisher":{"@id":"https:\/\/ikastikos-kiklos.com\/en\/#organization"},"potentialAction":[{"@type":"SearchAction","target":{"@type":"EntryPoint","urlTemplate":"https:\/\/ikastikos-kiklos.com\/en\/?s={search_term_string}"},"query-input":{"@type":"PropertyValueSpecification","valueRequired":true,"valueName":"search_term_string"}}],"inLanguage":"en-US"},{"@type":"Organization","@id":"https:\/\/ikastikos-kiklos.com\/en\/#organization","name":"Ikastikos Kiklos - Zografik\u00ed - Metaxotyp\u00edes - T\u00e9chniPainting - Silk Screen - Art","url":"https:\/\/ikastikos-kiklos.com\/en\/","logo":{"@type":"ImageObject","inLanguage":"en-US","@id":"https:\/\/ikastikos-kiklos.com\/en\/#\/schema\/logo\/image\/","url":"https:\/\/ikastikos-kiklos.com\/wp-content\/uploads\/2022\/10\/cropped-favicon_ikastikos.png","contentUrl":"https:\/\/ikastikos-kiklos.com\/wp-content\/uploads\/2022\/10\/cropped-favicon_ikastikos.png","width":512,"height":512,"caption":"Ikastikos Kiklos - Zografik\u00ed - Metaxotyp\u00edes - T\u00e9chniPainting - Silk Screen - Art"},"image":{"@id":"https:\/\/ikastikos-kiklos.com\/en\/#\/schema\/logo\/image\/"},"sameAs":["https:\/\/www.facebook.com\/ikastikoskiklossianti\/"]}]}},"_links":{"self":[{"href":"https:\/\/ikastikos-kiklos.com\/en\/wp-json\/wp\/v2\/product\/3188","targetHints":{"allow":["GET"]}}],"collection":[{"href":"https:\/\/ikastikos-kiklos.com\/en\/wp-json\/wp\/v2\/product"}],"about":[{"href":"https:\/\/ikastikos-kiklos.com\/en\/wp-json\/wp\/v2\/types\/product"}],"wp:featuredmedia":[{"embeddable":true,"href":"https:\/\/ikastikos-kiklos.com\/en\/wp-json\/wp\/v2\/media\/46768"}],"wp:attachment":[{"href":"https:\/\/ikastikos-kiklos.com\/en\/wp-json\/wp\/v2\/media?parent=3188"}],"wp:term":[{"taxonomy":"product_brand","embeddable":true,"href":"https:\/\/ikastikos-kiklos.com\/en\/wp-json\/wp\/v2\/product_brand?post=3188"},{"taxonomy":"product_cat","embeddable":true,"href":"https:\/\/ikastikos-kiklos.com\/en\/wp-json\/wp\/v2\/product_cat?post=3188"},{"taxonomy":"product_tag","embeddable":true,"href":"https:\/\/ikastikos-kiklos.com\/en\/wp-json\/wp\/v2\/product_tag?post=3188"}],"curies":[{"name":"wp","href":"https:\/\/api.w.org\/{rel}","templated":true}]}}