{"id":3176,"date":"2016-07-07T20:01:17","date_gmt":"2016-07-07T20:01:17","guid":{"rendered":"http:\/\/ikastikos-kiklos.com\/\u03c0\u03c1\u03bf\u03ca\u03cc\u03bd\/%ce%ba%cf%85%ce%b2%ce%ad%cf%81%ce%bd%ce%b7%cf%83%ce%b7-%cf%84%ce%bf%cf%85-%ce%b1%ce%ad%cf%81%ce%b1-%ce%b2\/?lang=en"},"modified":"2019-08-15T13:56:15","modified_gmt":"2019-08-15T10:56:15","slug":"%ce%ba%cf%85%ce%b2%ce%ad%cf%81%ce%bd%ce%b7%cf%83%ce%b7-%cf%84%ce%bf%cf%85-%ce%b1%ce%ad%cf%81%ce%b1-%ce%b2","status":"publish","type":"product","link":"https:\/\/ikastikos-kiklos.com\/en\/product\/%ce%ba%cf%85%ce%b2%ce%ad%cf%81%ce%bd%ce%b7%cf%83%ce%b7-%cf%84%ce%bf%cf%85-%ce%b1%ce%ad%cf%81%ce%b1-%ce%b2\/","title":{"rendered":"Government of the air No.2"},"content":{"rendered":"<header class=\"title-container\">&#8220;How did I come to Athens? I was traveling back and forth since 1966. In 1969 New Gallery asked the engraver Vasso Katraki her opinion on which artist could be hosted for a month as they had a gap in their gallery. She said my name. Caniaris had exhibitions then as well. I lied, I said I was 28 when I was actually 19-20. And I lied that I had studied when I hadn\u2019t even been to a seminar. But since I was 16 years old and traveling to Athens I was being educated. Tsarouchis would give me art magazines. This exhibition was important to me because I was passing resist messages as I had drawn barbed wires and the press had embraced me. I entered with great ease in the avant-garde school of the time. I did a lot. From sets at theaters to artworks in Vougiouklakis film. And today I work from 10am to 12pm. Why don\u2019t the newspapers deal with me? Because I am not dealing with others, I will not ask them to write anything of me just so it\u2019s heard. I have exhibitions in New York at Palm Beach. And I learned foreign languages \u200b\u200bon the sidewalks. What can I tell you? In 1966 I washed dishes at the &#8220;International&#8221; patisserie and then I went to Plaka&#8217;s bouat. And I spent my mornings at the National Gallery, the headmaster Marinos Kalligas was my friend. I&#8217;ve been making art for fifty years.&#8221;<\/p>\n<p>Source: <a href=\"http:\/\/www.protothema.gr\/naked-city\/article\/500613\/dimitris-geros-i-gumni-tou-alitheia-\/\">protothema.gr<\/a><\/p>\n<\/header>\n","protected":false},"excerpt":{"rendered":"<p>Silkscreen numbered and signed by Dimitris Gero.<\/p>\n<p>The spirit is restless, Dimitris Geros, more widely known for his paintings and photographs, is also involved in engraving, which he considers an equally important art. Indeed, the copper engravings and the lithographs have been painted by the artist himself on copper and stone and have been printed in his own workshop as well as in G. Karteris&#8217; workshop. Source: <a href=\"http:\/\/www.tff.gr\/art_citylife\/arthro\/ksexorista_erga_tou_dimitri_gerou_stin_kapopoulos_fine_arts-129357017\/\">tff.gr<\/a><\/p>\n","protected":false},"featured_media":46749,"template":"","meta":{"ngg_post_thumbnail":0},"product_brand":[],"product_cat":[398,1987,396,1991],"product_tag":[2730,2224,2491,2598],"class_list":{"0":"post-3176","1":"product","2":"type-product","3":"status-publish","4":"has-post-thumbnail","6":"product_cat-collections","7":"product_cat-eshop-en","8":"product_cat-silkscreens","9":"product_cat-silkscreens-shop","10":"product_tag-government-of-the-air-no-2","11":"product_tag-silkscreen-en","12":"product_tag-wedding-gifts","13":"product_tag-yeros-dimitris","14":"product_shipping_class-0-2kg","16":"first","17":"instock","18":"taxable","19":"shipping-taxable","20":"purchasable","21":"product-type-simple"},"yoast_head":"<!-- This site is optimized with the Yoast SEO plugin v27.2 - https:\/\/yoast.com\/product\/yoast-seo-wordpress\/ -->\n<title>Government of the Air No.2 Silkscreen by Yeros Dimitris at Ikastikos Kiklos Sianti Gallery.<\/title>\n<meta name=\"description\" content=\"Government of the Air No.2 Silkscreen by Yeros Dimitris at Ikastikos Kiklos Sianti Gallery. 195 copies numbered and signed by the artist. Dimensions 70x100 cm\" \/>\n<meta name=\"robots\" content=\"index, follow, max-snippet:-1, max-image-preview:large, max-video-preview:-1\" \/>\n<link rel=\"canonical\" href=\"https:\/\/ikastikos-kiklos.com\/en\/product\/\u03ba\u03c5\u03b2\u03ad\u03c1\u03bd\u03b7\u03c3\u03b7-\u03c4\u03bf\u03c5-\u03b1\u03ad\u03c1\u03b1-\u03b2\/\" \/>\n<meta property=\"og:locale\" content=\"en_US\" \/>\n<meta property=\"og:type\" content=\"article\" \/>\n<meta property=\"og:title\" content=\"Government of the Air No.2 Silkscreen by Yeros Dimitris at Ikastikos Kiklos Sianti Gallery.\" \/>\n<meta property=\"og:description\" content=\"Government of the Air No.2 Silkscreen by Yeros Dimitris at Ikastikos Kiklos Sianti Gallery. 195 copies numbered and signed by the artist. Dimensions 70x100 cm\" \/>\n<meta property=\"og:url\" content=\"https:\/\/ikastikos-kiklos.com\/en\/product\/\u03ba\u03c5\u03b2\u03ad\u03c1\u03bd\u03b7\u03c3\u03b7-\u03c4\u03bf\u03c5-\u03b1\u03ad\u03c1\u03b1-\u03b2\/\" \/>\n<meta property=\"og:site_name\" content=\"Ikastikos Kiklos - Zografik\u00ed - Metaxotyp\u00edes - T\u00e9chniPainting - Silk Screen - Art\" \/>\n<meta property=\"article:publisher\" content=\"https:\/\/www.facebook.com\/ikastikoskiklossianti\/\" \/>\n<meta property=\"article:modified_time\" content=\"2019-08-15T10:56:15+00:00\" \/>\n<meta property=\"og:image\" content=\"https:\/\/ikastikos-kiklos.com\/wp-content\/uploads\/2016\/07\/kuvernisi-tou-aera-v-enlarge.jpg\" \/>\n\t<meta property=\"og:image:width\" content=\"300\" \/>\n\t<meta property=\"og:image:height\" content=\"300\" \/>\n\t<meta property=\"og:image:type\" content=\"image\/jpeg\" \/>\n<meta name=\"twitter:card\" content=\"summary_large_image\" \/>\n<meta name=\"twitter:label1\" content=\"Est. reading time\" \/>\n\t<meta name=\"twitter:data1\" content=\"1 minute\" \/>\n<script type=\"application\/ld+json\" class=\"yoast-schema-graph\">{\"@context\":\"https:\/\/schema.org\",\"@graph\":[{\"@type\":\"WebPage\",\"@id\":\"https:\/\/ikastikos-kiklos.com\/en\/product\/%ce%ba%cf%85%ce%b2%ce%ad%cf%81%ce%bd%ce%b7%cf%83%ce%b7-%cf%84%ce%bf%cf%85-%ce%b1%ce%ad%cf%81%ce%b1-%ce%b2\/\",\"url\":\"https:\/\/ikastikos-kiklos.com\/en\/product\/%ce%ba%cf%85%ce%b2%ce%ad%cf%81%ce%bd%ce%b7%cf%83%ce%b7-%cf%84%ce%bf%cf%85-%ce%b1%ce%ad%cf%81%ce%b1-%ce%b2\/\",\"name\":\"Government of the Air No.2 Silkscreen by Yeros Dimitris at Ikastikos Kiklos Sianti Gallery.\",\"isPartOf\":{\"@id\":\"https:\/\/ikastikos-kiklos.com\/en\/#website\"},\"primaryImageOfPage\":{\"@id\":\"https:\/\/ikastikos-kiklos.com\/en\/product\/%ce%ba%cf%85%ce%b2%ce%ad%cf%81%ce%bd%ce%b7%cf%83%ce%b7-%cf%84%ce%bf%cf%85-%ce%b1%ce%ad%cf%81%ce%b1-%ce%b2\/#primaryimage\"},\"image\":{\"@id\":\"https:\/\/ikastikos-kiklos.com\/en\/product\/%ce%ba%cf%85%ce%b2%ce%ad%cf%81%ce%bd%ce%b7%cf%83%ce%b7-%cf%84%ce%bf%cf%85-%ce%b1%ce%ad%cf%81%ce%b1-%ce%b2\/#primaryimage\"},\"thumbnailUrl\":\"https:\/\/ikastikos-kiklos.com\/wp-content\/uploads\/2016\/07\/\u03ba\u03c5\u03b2\u03ad\u03c1\u03bd\u03b7\u03c3\u03b7-\u03c4\u03bf\u03c5-\u03b1\u03ad\u03c1\u03b1-\u03b3\u03ad\u03c1\u03bf\u03c2-\u03b4\u03b7\u03bc\u03ae\u03c4\u03c1\u03b7\u03c2.jpg\",\"datePublished\":\"2016-07-07T20:01:17+00:00\",\"dateModified\":\"2019-08-15T10:56:15+00:00\",\"description\":\"Government of the Air No.2 Silkscreen by Yeros Dimitris at Ikastikos Kiklos Sianti Gallery. 195 copies numbered and signed by the artist. Dimensions 70x100 cm\",\"breadcrumb\":{\"@id\":\"https:\/\/ikastikos-kiklos.com\/en\/product\/%ce%ba%cf%85%ce%b2%ce%ad%cf%81%ce%bd%ce%b7%cf%83%ce%b7-%cf%84%ce%bf%cf%85-%ce%b1%ce%ad%cf%81%ce%b1-%ce%b2\/#breadcrumb\"},\"inLanguage\":\"en-US\",\"potentialAction\":[{\"@type\":\"ReadAction\",\"target\":[\"https:\/\/ikastikos-kiklos.com\/en\/product\/%ce%ba%cf%85%ce%b2%ce%ad%cf%81%ce%bd%ce%b7%cf%83%ce%b7-%cf%84%ce%bf%cf%85-%ce%b1%ce%ad%cf%81%ce%b1-%ce%b2\/\"]}]},{\"@type\":\"ImageObject\",\"inLanguage\":\"en-US\",\"@id\":\"https:\/\/ikastikos-kiklos.com\/en\/product\/%ce%ba%cf%85%ce%b2%ce%ad%cf%81%ce%bd%ce%b7%cf%83%ce%b7-%cf%84%ce%bf%cf%85-%ce%b1%ce%ad%cf%81%ce%b1-%ce%b2\/#primaryimage\",\"url\":\"https:\/\/ikastikos-kiklos.com\/wp-content\/uploads\/2016\/07\/\u03ba\u03c5\u03b2\u03ad\u03c1\u03bd\u03b7\u03c3\u03b7-\u03c4\u03bf\u03c5-\u03b1\u03ad\u03c1\u03b1-\u03b3\u03ad\u03c1\u03bf\u03c2-\u03b4\u03b7\u03bc\u03ae\u03c4\u03c1\u03b7\u03c2.jpg\",\"contentUrl\":\"https:\/\/ikastikos-kiklos.com\/wp-content\/uploads\/2016\/07\/\u03ba\u03c5\u03b2\u03ad\u03c1\u03bd\u03b7\u03c3\u03b7-\u03c4\u03bf\u03c5-\u03b1\u03ad\u03c1\u03b1-\u03b3\u03ad\u03c1\u03bf\u03c2-\u03b4\u03b7\u03bc\u03ae\u03c4\u03c1\u03b7\u03c2.jpg\",\"width\":1244,\"height\":1766,\"caption\":\"\u03ba\u03c5\u03b2\u03ad\u03c1\u03bd\u03b7\u03c3\u03b7-\u03c4\u03bf\u03c5-\u03b1\u03ad\u03c1\u03b1-\u03b3\u03ad\u03c1\u03bf\u03c2-\u03b4\u03b7\u03bc\u03ae\u03c4\u03c1\u03b7\u03c2\"},{\"@type\":\"BreadcrumbList\",\"@id\":\"https:\/\/ikastikos-kiklos.com\/en\/product\/%ce%ba%cf%85%ce%b2%ce%ad%cf%81%ce%bd%ce%b7%cf%83%ce%b7-%cf%84%ce%bf%cf%85-%ce%b1%ce%ad%cf%81%ce%b1-%ce%b2\/#breadcrumb\",\"itemListElement\":[{\"@type\":\"ListItem\",\"position\":1,\"name\":\"Home\",\"item\":\"https:\/\/ikastikos-kiklos.com\/en\/\"},{\"@type\":\"ListItem\",\"position\":2,\"name\":\"\u0388\u03c1\u03b3\u03b1 \u03c4\u03ad\u03c7\u03bd\u03b7\u03c2\",\"item\":\"https:\/\/ikastikos-kiklos.com\/%ce%ad%cf%81%ce%b3%ce%b1-%cf%84%ce%ad%cf%87%ce%bd%ce%b7%cf%82\/\"},{\"@type\":\"ListItem\",\"position\":3,\"name\":\"Government of the air No.2\"}]},{\"@type\":\"WebSite\",\"@id\":\"https:\/\/ikastikos-kiklos.com\/en\/#website\",\"url\":\"https:\/\/ikastikos-kiklos.com\/en\/\",\"name\":\"Ikastikos Kiklos - Zografik\u00ed - Metaxotyp\u00edes - T\u00e9chniPainting - Silk Screen - Art\",\"description\":\"\",\"publisher\":{\"@id\":\"https:\/\/ikastikos-kiklos.com\/en\/#organization\"},\"potentialAction\":[{\"@type\":\"SearchAction\",\"target\":{\"@type\":\"EntryPoint\",\"urlTemplate\":\"https:\/\/ikastikos-kiklos.com\/en\/?s={search_term_string}\"},\"query-input\":{\"@type\":\"PropertyValueSpecification\",\"valueRequired\":true,\"valueName\":\"search_term_string\"}}],\"inLanguage\":\"en-US\"},{\"@type\":\"Organization\",\"@id\":\"https:\/\/ikastikos-kiklos.com\/en\/#organization\",\"name\":\"Ikastikos Kiklos - Zografik\u00ed - Metaxotyp\u00edes - T\u00e9chniPainting - Silk Screen - Art\",\"url\":\"https:\/\/ikastikos-kiklos.com\/en\/\",\"logo\":{\"@type\":\"ImageObject\",\"inLanguage\":\"en-US\",\"@id\":\"https:\/\/ikastikos-kiklos.com\/en\/#\/schema\/logo\/image\/\",\"url\":\"https:\/\/ikastikos-kiklos.com\/wp-content\/uploads\/2022\/10\/cropped-favicon_ikastikos.png\",\"contentUrl\":\"https:\/\/ikastikos-kiklos.com\/wp-content\/uploads\/2022\/10\/cropped-favicon_ikastikos.png\",\"width\":512,\"height\":512,\"caption\":\"Ikastikos Kiklos - Zografik\u00ed - Metaxotyp\u00edes - T\u00e9chniPainting - Silk Screen - Art\"},\"image\":{\"@id\":\"https:\/\/ikastikos-kiklos.com\/en\/#\/schema\/logo\/image\/\"},\"sameAs\":[\"https:\/\/www.facebook.com\/ikastikoskiklossianti\/\"]}]}<\/script>\n<!-- \/ Yoast SEO plugin. -->","yoast_head_json":{"title":"Government of the Air No.2 Silkscreen by Yeros Dimitris at Ikastikos Kiklos Sianti Gallery.","description":"Government of the Air No.2 Silkscreen by Yeros Dimitris at Ikastikos Kiklos Sianti Gallery. 195 copies numbered and signed by the artist. Dimensions 70x100 cm","robots":{"index":"index","follow":"follow","max-snippet":"max-snippet:-1","max-image-preview":"max-image-preview:large","max-video-preview":"max-video-preview:-1"},"canonical":"https:\/\/ikastikos-kiklos.com\/en\/product\/\u03ba\u03c5\u03b2\u03ad\u03c1\u03bd\u03b7\u03c3\u03b7-\u03c4\u03bf\u03c5-\u03b1\u03ad\u03c1\u03b1-\u03b2\/","og_locale":"en_US","og_type":"article","og_title":"Government of the Air No.2 Silkscreen by Yeros Dimitris at Ikastikos Kiklos Sianti Gallery.","og_description":"Government of the Air No.2 Silkscreen by Yeros Dimitris at Ikastikos Kiklos Sianti Gallery. 195 copies numbered and signed by the artist. Dimensions 70x100 cm","og_url":"https:\/\/ikastikos-kiklos.com\/en\/product\/\u03ba\u03c5\u03b2\u03ad\u03c1\u03bd\u03b7\u03c3\u03b7-\u03c4\u03bf\u03c5-\u03b1\u03ad\u03c1\u03b1-\u03b2\/","og_site_name":"Ikastikos Kiklos - Zografik\u00ed - Metaxotyp\u00edes - T\u00e9chniPainting - Silk Screen - Art","article_publisher":"https:\/\/www.facebook.com\/ikastikoskiklossianti\/","article_modified_time":"2019-08-15T10:56:15+00:00","og_image":[{"width":300,"height":300,"url":"https:\/\/ikastikos-kiklos.com\/wp-content\/uploads\/2016\/07\/kuvernisi-tou-aera-v-enlarge.jpg","type":"image\/jpeg"}],"twitter_card":"summary_large_image","twitter_misc":{"Est. reading time":"1 minute"},"schema":{"@context":"https:\/\/schema.org","@graph":[{"@type":"WebPage","@id":"https:\/\/ikastikos-kiklos.com\/en\/product\/%ce%ba%cf%85%ce%b2%ce%ad%cf%81%ce%bd%ce%b7%cf%83%ce%b7-%cf%84%ce%bf%cf%85-%ce%b1%ce%ad%cf%81%ce%b1-%ce%b2\/","url":"https:\/\/ikastikos-kiklos.com\/en\/product\/%ce%ba%cf%85%ce%b2%ce%ad%cf%81%ce%bd%ce%b7%cf%83%ce%b7-%cf%84%ce%bf%cf%85-%ce%b1%ce%ad%cf%81%ce%b1-%ce%b2\/","name":"Government of the Air No.2 Silkscreen by Yeros Dimitris at Ikastikos Kiklos Sianti Gallery.","isPartOf":{"@id":"https:\/\/ikastikos-kiklos.com\/en\/#website"},"primaryImageOfPage":{"@id":"https:\/\/ikastikos-kiklos.com\/en\/product\/%ce%ba%cf%85%ce%b2%ce%ad%cf%81%ce%bd%ce%b7%cf%83%ce%b7-%cf%84%ce%bf%cf%85-%ce%b1%ce%ad%cf%81%ce%b1-%ce%b2\/#primaryimage"},"image":{"@id":"https:\/\/ikastikos-kiklos.com\/en\/product\/%ce%ba%cf%85%ce%b2%ce%ad%cf%81%ce%bd%ce%b7%cf%83%ce%b7-%cf%84%ce%bf%cf%85-%ce%b1%ce%ad%cf%81%ce%b1-%ce%b2\/#primaryimage"},"thumbnailUrl":"https:\/\/ikastikos-kiklos.com\/wp-content\/uploads\/2016\/07\/\u03ba\u03c5\u03b2\u03ad\u03c1\u03bd\u03b7\u03c3\u03b7-\u03c4\u03bf\u03c5-\u03b1\u03ad\u03c1\u03b1-\u03b3\u03ad\u03c1\u03bf\u03c2-\u03b4\u03b7\u03bc\u03ae\u03c4\u03c1\u03b7\u03c2.jpg","datePublished":"2016-07-07T20:01:17+00:00","dateModified":"2019-08-15T10:56:15+00:00","description":"Government of the Air No.2 Silkscreen by Yeros Dimitris at Ikastikos Kiklos Sianti Gallery. 195 copies numbered and signed by the artist. Dimensions 70x100 cm","breadcrumb":{"@id":"https:\/\/ikastikos-kiklos.com\/en\/product\/%ce%ba%cf%85%ce%b2%ce%ad%cf%81%ce%bd%ce%b7%cf%83%ce%b7-%cf%84%ce%bf%cf%85-%ce%b1%ce%ad%cf%81%ce%b1-%ce%b2\/#breadcrumb"},"inLanguage":"en-US","potentialAction":[{"@type":"ReadAction","target":["https:\/\/ikastikos-kiklos.com\/en\/product\/%ce%ba%cf%85%ce%b2%ce%ad%cf%81%ce%bd%ce%b7%cf%83%ce%b7-%cf%84%ce%bf%cf%85-%ce%b1%ce%ad%cf%81%ce%b1-%ce%b2\/"]}]},{"@type":"ImageObject","inLanguage":"en-US","@id":"https:\/\/ikastikos-kiklos.com\/en\/product\/%ce%ba%cf%85%ce%b2%ce%ad%cf%81%ce%bd%ce%b7%cf%83%ce%b7-%cf%84%ce%bf%cf%85-%ce%b1%ce%ad%cf%81%ce%b1-%ce%b2\/#primaryimage","url":"https:\/\/ikastikos-kiklos.com\/wp-content\/uploads\/2016\/07\/\u03ba\u03c5\u03b2\u03ad\u03c1\u03bd\u03b7\u03c3\u03b7-\u03c4\u03bf\u03c5-\u03b1\u03ad\u03c1\u03b1-\u03b3\u03ad\u03c1\u03bf\u03c2-\u03b4\u03b7\u03bc\u03ae\u03c4\u03c1\u03b7\u03c2.jpg","contentUrl":"https:\/\/ikastikos-kiklos.com\/wp-content\/uploads\/2016\/07\/\u03ba\u03c5\u03b2\u03ad\u03c1\u03bd\u03b7\u03c3\u03b7-\u03c4\u03bf\u03c5-\u03b1\u03ad\u03c1\u03b1-\u03b3\u03ad\u03c1\u03bf\u03c2-\u03b4\u03b7\u03bc\u03ae\u03c4\u03c1\u03b7\u03c2.jpg","width":1244,"height":1766,"caption":"\u03ba\u03c5\u03b2\u03ad\u03c1\u03bd\u03b7\u03c3\u03b7-\u03c4\u03bf\u03c5-\u03b1\u03ad\u03c1\u03b1-\u03b3\u03ad\u03c1\u03bf\u03c2-\u03b4\u03b7\u03bc\u03ae\u03c4\u03c1\u03b7\u03c2"},{"@type":"BreadcrumbList","@id":"https:\/\/ikastikos-kiklos.com\/en\/product\/%ce%ba%cf%85%ce%b2%ce%ad%cf%81%ce%bd%ce%b7%cf%83%ce%b7-%cf%84%ce%bf%cf%85-%ce%b1%ce%ad%cf%81%ce%b1-%ce%b2\/#breadcrumb","itemListElement":[{"@type":"ListItem","position":1,"name":"Home","item":"https:\/\/ikastikos-kiklos.com\/en\/"},{"@type":"ListItem","position":2,"name":"\u0388\u03c1\u03b3\u03b1 \u03c4\u03ad\u03c7\u03bd\u03b7\u03c2","item":"https:\/\/ikastikos-kiklos.com\/%ce%ad%cf%81%ce%b3%ce%b1-%cf%84%ce%ad%cf%87%ce%bd%ce%b7%cf%82\/"},{"@type":"ListItem","position":3,"name":"Government of the air No.2"}]},{"@type":"WebSite","@id":"https:\/\/ikastikos-kiklos.com\/en\/#website","url":"https:\/\/ikastikos-kiklos.com\/en\/","name":"Ikastikos Kiklos - Zografik\u00ed - Metaxotyp\u00edes - T\u00e9chniPainting - Silk Screen - Art","description":"","publisher":{"@id":"https:\/\/ikastikos-kiklos.com\/en\/#organization"},"potentialAction":[{"@type":"SearchAction","target":{"@type":"EntryPoint","urlTemplate":"https:\/\/ikastikos-kiklos.com\/en\/?s={search_term_string}"},"query-input":{"@type":"PropertyValueSpecification","valueRequired":true,"valueName":"search_term_string"}}],"inLanguage":"en-US"},{"@type":"Organization","@id":"https:\/\/ikastikos-kiklos.com\/en\/#organization","name":"Ikastikos Kiklos - Zografik\u00ed - Metaxotyp\u00edes - T\u00e9chniPainting - Silk Screen - Art","url":"https:\/\/ikastikos-kiklos.com\/en\/","logo":{"@type":"ImageObject","inLanguage":"en-US","@id":"https:\/\/ikastikos-kiklos.com\/en\/#\/schema\/logo\/image\/","url":"https:\/\/ikastikos-kiklos.com\/wp-content\/uploads\/2022\/10\/cropped-favicon_ikastikos.png","contentUrl":"https:\/\/ikastikos-kiklos.com\/wp-content\/uploads\/2022\/10\/cropped-favicon_ikastikos.png","width":512,"height":512,"caption":"Ikastikos Kiklos - Zografik\u00ed - Metaxotyp\u00edes - T\u00e9chniPainting - Silk Screen - Art"},"image":{"@id":"https:\/\/ikastikos-kiklos.com\/en\/#\/schema\/logo\/image\/"},"sameAs":["https:\/\/www.facebook.com\/ikastikoskiklossianti\/"]}]}},"_links":{"self":[{"href":"https:\/\/ikastikos-kiklos.com\/en\/wp-json\/wp\/v2\/product\/3176","targetHints":{"allow":["GET"]}}],"collection":[{"href":"https:\/\/ikastikos-kiklos.com\/en\/wp-json\/wp\/v2\/product"}],"about":[{"href":"https:\/\/ikastikos-kiklos.com\/en\/wp-json\/wp\/v2\/types\/product"}],"wp:featuredmedia":[{"embeddable":true,"href":"https:\/\/ikastikos-kiklos.com\/en\/wp-json\/wp\/v2\/media\/46749"}],"wp:attachment":[{"href":"https:\/\/ikastikos-kiklos.com\/en\/wp-json\/wp\/v2\/media?parent=3176"}],"wp:term":[{"taxonomy":"product_brand","embeddable":true,"href":"https:\/\/ikastikos-kiklos.com\/en\/wp-json\/wp\/v2\/product_brand?post=3176"},{"taxonomy":"product_cat","embeddable":true,"href":"https:\/\/ikastikos-kiklos.com\/en\/wp-json\/wp\/v2\/product_cat?post=3176"},{"taxonomy":"product_tag","embeddable":true,"href":"https:\/\/ikastikos-kiklos.com\/en\/wp-json\/wp\/v2\/product_tag?post=3176"}],"curies":[{"name":"wp","href":"https:\/\/api.w.org\/{rel}","templated":true}]}}