{"id":3172,"date":"2016-07-07T16:46:21","date_gmt":"2016-07-07T16:46:21","guid":{"rendered":"http:\/\/ikastikos-kiklos.com\/\u03c0\u03c1\u03bf\u03ca\u03cc\u03bd\/%cf%84%ce%b1-%ce%ac%ce%b3%cf%81%ce%b9%ce%b1-%ce%ac%ce%bb%ce%bf%ce%b3%ce%b1-%cf%84%ce%bf%cf%85-%ce%b2%ce%ae%cf%83%cf%83%ce%b1\/?lang=en"},"modified":"2018-06-01T14:31:53","modified_gmt":"2018-06-01T11:31:53","slug":"%cf%84%ce%b1-%ce%ac%ce%b3%cf%81%ce%b9%ce%b1-%ce%ac%ce%bb%ce%bf%ce%b3%ce%b1-%cf%84%ce%bf%cf%85-%ce%b2%ce%ae%cf%83%cf%83%ce%b1","status":"publish","type":"product","link":"https:\/\/ikastikos-kiklos.com\/en\/product\/%cf%84%ce%b1-%ce%ac%ce%b3%cf%81%ce%b9%ce%b1-%ce%ac%ce%bb%ce%bf%ce%b3%ce%b1-%cf%84%ce%bf%cf%85-%ce%b2%ce%ae%cf%83%cf%83%ce%b1\/","title":{"rendered":"The wild horses of Vissa"},"content":{"rendered":"<header class=\"title-container\">The seas of Michalis Makroulakis exude the summer breeze and bring the blue of the Aegean in our eyes. Even when they break and foam on hard rocks or surrender on sunny sandy beaches, they have unparalleled charm. A revealing decryption of the sea, so lively, like a photograph.Source: axiaplus.gr<\/p>\n<\/header>\n","protected":false},"excerpt":{"rendered":"<p>Silkscreen hand numbered and signed by Michalis Makroulakis. Edition of 195 prints.<\/p>\n<p>&nbsp;<\/p>\n","protected":false},"featured_media":11782,"template":"","meta":{"ngg_post_thumbnail":0},"product_brand":[],"product_cat":[398,1987,396,1991],"product_tag":[2321,2231,2423,2224,2732,2491],"class_list":{"0":"post-3172","1":"product","2":"type-product","3":"status-publish","4":"has-post-thumbnail","6":"product_cat-collections","7":"product_cat-eshop-en","8":"product_cat-silkscreens","9":"product_cat-silkscreens-shop","10":"product_tag-horse-en","11":"product_tag-landscape-en","12":"product_tag-michalis-makroulakis","13":"product_tag-silkscreen-en","14":"product_tag-the-wild-horses-of-vissa","15":"product_tag-wedding-gifts","16":"product_shipping_class-0-2kg","18":"first","19":"instock","20":"taxable","21":"shipping-taxable","22":"purchasable","23":"product-type-simple"},"yoast_head":"<!-- This site is optimized with the Yoast SEO plugin v27.2 - https:\/\/yoast.com\/product\/yoast-seo-wordpress\/ -->\n<title>The Wild Horses of Vissa Silkscreen by Michalis Makroulakis at Ikastikos Kiklos Sianti Gallery.<\/title>\n<meta name=\"description\" content=\"The Wild Horses of Vissa Silkscreen by Michalis Makroulakis at Ikastikos Kiklos Sianti Gallery. 195 copies numbered and signed. Dimensions 91 x 59 cm\" \/>\n<meta name=\"robots\" content=\"index, follow, max-snippet:-1, max-image-preview:large, max-video-preview:-1\" \/>\n<link rel=\"canonical\" href=\"https:\/\/ikastikos-kiklos.com\/en\/product\/\u03c4\u03b1-\u03ac\u03b3\u03c1\u03b9\u03b1-\u03ac\u03bb\u03bf\u03b3\u03b1-\u03c4\u03bf\u03c5-\u03b2\u03ae\u03c3\u03c3\u03b1\/\" \/>\n<meta property=\"og:locale\" content=\"en_US\" \/>\n<meta property=\"og:type\" content=\"article\" \/>\n<meta property=\"og:title\" content=\"The Wild Horses of Vissa Silkscreen by Michalis Makroulakis at Ikastikos Kiklos Sianti Gallery.\" \/>\n<meta property=\"og:description\" content=\"The Wild Horses of Vissa Silkscreen by Michalis Makroulakis at Ikastikos Kiklos Sianti Gallery. 195 copies numbered and signed. Dimensions 91 x 59 cm\" \/>\n<meta property=\"og:url\" content=\"https:\/\/ikastikos-kiklos.com\/en\/product\/\u03c4\u03b1-\u03ac\u03b3\u03c1\u03b9\u03b1-\u03ac\u03bb\u03bf\u03b3\u03b1-\u03c4\u03bf\u03c5-\u03b2\u03ae\u03c3\u03c3\u03b1\/\" \/>\n<meta property=\"og:site_name\" content=\"Ikastikos Kiklos - Zografik\u00ed - Metaxotyp\u00edes - T\u00e9chniPainting - Silk Screen - Art\" \/>\n<meta property=\"article:publisher\" content=\"https:\/\/www.facebook.com\/ikastikoskiklossianti\/\" \/>\n<meta property=\"article:modified_time\" content=\"2018-06-01T11:31:53+00:00\" \/>\n<meta property=\"og:image\" content=\"https:\/\/ikastikos-kiklos.com\/wp-content\/uploads\/2016\/07\/Job_2922-e1524656877962.jpg\" \/>\n\t<meta property=\"og:image:width\" content=\"900\" \/>\n\t<meta property=\"og:image:height\" content=\"593\" \/>\n\t<meta property=\"og:image:type\" content=\"image\/jpeg\" \/>\n<meta name=\"twitter:card\" content=\"summary_large_image\" \/>\n<script type=\"application\/ld+json\" class=\"yoast-schema-graph\">{\"@context\":\"https:\/\/schema.org\",\"@graph\":[{\"@type\":\"WebPage\",\"@id\":\"https:\/\/ikastikos-kiklos.com\/en\/product\/%cf%84%ce%b1-%ce%ac%ce%b3%cf%81%ce%b9%ce%b1-%ce%ac%ce%bb%ce%bf%ce%b3%ce%b1-%cf%84%ce%bf%cf%85-%ce%b2%ce%ae%cf%83%cf%83%ce%b1\/\",\"url\":\"https:\/\/ikastikos-kiklos.com\/en\/product\/%cf%84%ce%b1-%ce%ac%ce%b3%cf%81%ce%b9%ce%b1-%ce%ac%ce%bb%ce%bf%ce%b3%ce%b1-%cf%84%ce%bf%cf%85-%ce%b2%ce%ae%cf%83%cf%83%ce%b1\/\",\"name\":\"The Wild Horses of Vissa Silkscreen by Michalis Makroulakis at Ikastikos Kiklos Sianti Gallery.\",\"isPartOf\":{\"@id\":\"https:\/\/ikastikos-kiklos.com\/en\/#website\"},\"primaryImageOfPage\":{\"@id\":\"https:\/\/ikastikos-kiklos.com\/en\/product\/%cf%84%ce%b1-%ce%ac%ce%b3%cf%81%ce%b9%ce%b1-%ce%ac%ce%bb%ce%bf%ce%b3%ce%b1-%cf%84%ce%bf%cf%85-%ce%b2%ce%ae%cf%83%cf%83%ce%b1\/#primaryimage\"},\"image\":{\"@id\":\"https:\/\/ikastikos-kiklos.com\/en\/product\/%cf%84%ce%b1-%ce%ac%ce%b3%cf%81%ce%b9%ce%b1-%ce%ac%ce%bb%ce%bf%ce%b3%ce%b1-%cf%84%ce%bf%cf%85-%ce%b2%ce%ae%cf%83%cf%83%ce%b1\/#primaryimage\"},\"thumbnailUrl\":\"https:\/\/ikastikos-kiklos.com\/wp-content\/uploads\/2016\/07\/Job_2922-e1524656877962.jpg\",\"datePublished\":\"2016-07-07T16:46:21+00:00\",\"dateModified\":\"2018-06-01T11:31:53+00:00\",\"description\":\"The Wild Horses of Vissa Silkscreen by Michalis Makroulakis at Ikastikos Kiklos Sianti Gallery. 195 copies numbered and signed. Dimensions 91 x 59 cm\",\"breadcrumb\":{\"@id\":\"https:\/\/ikastikos-kiklos.com\/en\/product\/%cf%84%ce%b1-%ce%ac%ce%b3%cf%81%ce%b9%ce%b1-%ce%ac%ce%bb%ce%bf%ce%b3%ce%b1-%cf%84%ce%bf%cf%85-%ce%b2%ce%ae%cf%83%cf%83%ce%b1\/#breadcrumb\"},\"inLanguage\":\"en-US\",\"potentialAction\":[{\"@type\":\"ReadAction\",\"target\":[\"https:\/\/ikastikos-kiklos.com\/en\/product\/%cf%84%ce%b1-%ce%ac%ce%b3%cf%81%ce%b9%ce%b1-%ce%ac%ce%bb%ce%bf%ce%b3%ce%b1-%cf%84%ce%bf%cf%85-%ce%b2%ce%ae%cf%83%cf%83%ce%b1\/\"]}]},{\"@type\":\"ImageObject\",\"inLanguage\":\"en-US\",\"@id\":\"https:\/\/ikastikos-kiklos.com\/en\/product\/%cf%84%ce%b1-%ce%ac%ce%b3%cf%81%ce%b9%ce%b1-%ce%ac%ce%bb%ce%bf%ce%b3%ce%b1-%cf%84%ce%bf%cf%85-%ce%b2%ce%ae%cf%83%cf%83%ce%b1\/#primaryimage\",\"url\":\"https:\/\/ikastikos-kiklos.com\/wp-content\/uploads\/2016\/07\/Job_2922-e1524656877962.jpg\",\"contentUrl\":\"https:\/\/ikastikos-kiklos.com\/wp-content\/uploads\/2016\/07\/Job_2922-e1524656877962.jpg\",\"width\":900,\"height\":593,\"caption\":\"\u03a4\u03b1 \u0386\u03b3\u03c1\u03b9\u03b1 \u0386\u03bb\u03bf\u03b3\u03b1 \u03c4\u03bf\u03c5 \u0392\u03ae\u03c3\u03c3\u03b1 \u039c\u03b5\u03c4\u03b1\u03be\u03bf\u03c4\u03c5\u03c0\u03af\u03b1 \u03c4\u03bf\u03c5 \u039c\u03b9\u03c7\u03ac\u03bb\u03b7 \u039c\u03b1\u03ba\u03c1\u03bf\u03c5\u03bb\u03ac\u03ba\u03b7 \u03c3\u03c4\u03bf\u03bd \u0395\u03b9\u03ba\u03b1\u03c3\u03c4\u03b9\u03ba\u03cc \u039a\u03cd\u03ba\u03bb\u03bf Sianti\"},{\"@type\":\"BreadcrumbList\",\"@id\":\"https:\/\/ikastikos-kiklos.com\/en\/product\/%cf%84%ce%b1-%ce%ac%ce%b3%cf%81%ce%b9%ce%b1-%ce%ac%ce%bb%ce%bf%ce%b3%ce%b1-%cf%84%ce%bf%cf%85-%ce%b2%ce%ae%cf%83%cf%83%ce%b1\/#breadcrumb\",\"itemListElement\":[{\"@type\":\"ListItem\",\"position\":1,\"name\":\"Home\",\"item\":\"https:\/\/ikastikos-kiklos.com\/en\/\"},{\"@type\":\"ListItem\",\"position\":2,\"name\":\"\u0388\u03c1\u03b3\u03b1 \u03c4\u03ad\u03c7\u03bd\u03b7\u03c2\",\"item\":\"https:\/\/ikastikos-kiklos.com\/%ce%ad%cf%81%ce%b3%ce%b1-%cf%84%ce%ad%cf%87%ce%bd%ce%b7%cf%82\/\"},{\"@type\":\"ListItem\",\"position\":3,\"name\":\"The wild horses of Vissa\"}]},{\"@type\":\"WebSite\",\"@id\":\"https:\/\/ikastikos-kiklos.com\/en\/#website\",\"url\":\"https:\/\/ikastikos-kiklos.com\/en\/\",\"name\":\"Ikastikos Kiklos - Zografik\u00ed - Metaxotyp\u00edes - T\u00e9chniPainting - Silk Screen - Art\",\"description\":\"\",\"publisher\":{\"@id\":\"https:\/\/ikastikos-kiklos.com\/en\/#organization\"},\"potentialAction\":[{\"@type\":\"SearchAction\",\"target\":{\"@type\":\"EntryPoint\",\"urlTemplate\":\"https:\/\/ikastikos-kiklos.com\/en\/?s={search_term_string}\"},\"query-input\":{\"@type\":\"PropertyValueSpecification\",\"valueRequired\":true,\"valueName\":\"search_term_string\"}}],\"inLanguage\":\"en-US\"},{\"@type\":\"Organization\",\"@id\":\"https:\/\/ikastikos-kiklos.com\/en\/#organization\",\"name\":\"Ikastikos Kiklos - Zografik\u00ed - Metaxotyp\u00edes - T\u00e9chniPainting - Silk Screen - Art\",\"url\":\"https:\/\/ikastikos-kiklos.com\/en\/\",\"logo\":{\"@type\":\"ImageObject\",\"inLanguage\":\"en-US\",\"@id\":\"https:\/\/ikastikos-kiklos.com\/en\/#\/schema\/logo\/image\/\",\"url\":\"https:\/\/ikastikos-kiklos.com\/wp-content\/uploads\/2022\/10\/cropped-favicon_ikastikos.png\",\"contentUrl\":\"https:\/\/ikastikos-kiklos.com\/wp-content\/uploads\/2022\/10\/cropped-favicon_ikastikos.png\",\"width\":512,\"height\":512,\"caption\":\"Ikastikos Kiklos - Zografik\u00ed - Metaxotyp\u00edes - T\u00e9chniPainting - Silk Screen - Art\"},\"image\":{\"@id\":\"https:\/\/ikastikos-kiklos.com\/en\/#\/schema\/logo\/image\/\"},\"sameAs\":[\"https:\/\/www.facebook.com\/ikastikoskiklossianti\/\"]}]}<\/script>\n<!-- \/ Yoast SEO plugin. -->","yoast_head_json":{"title":"The Wild Horses of Vissa Silkscreen by Michalis Makroulakis at Ikastikos Kiklos Sianti Gallery.","description":"The Wild Horses of Vissa Silkscreen by Michalis Makroulakis at Ikastikos Kiklos Sianti Gallery. 195 copies numbered and signed. Dimensions 91 x 59 cm","robots":{"index":"index","follow":"follow","max-snippet":"max-snippet:-1","max-image-preview":"max-image-preview:large","max-video-preview":"max-video-preview:-1"},"canonical":"https:\/\/ikastikos-kiklos.com\/en\/product\/\u03c4\u03b1-\u03ac\u03b3\u03c1\u03b9\u03b1-\u03ac\u03bb\u03bf\u03b3\u03b1-\u03c4\u03bf\u03c5-\u03b2\u03ae\u03c3\u03c3\u03b1\/","og_locale":"en_US","og_type":"article","og_title":"The Wild Horses of Vissa Silkscreen by Michalis Makroulakis at Ikastikos Kiklos Sianti Gallery.","og_description":"The Wild Horses of Vissa Silkscreen by Michalis Makroulakis at Ikastikos Kiklos Sianti Gallery. 195 copies numbered and signed. Dimensions 91 x 59 cm","og_url":"https:\/\/ikastikos-kiklos.com\/en\/product\/\u03c4\u03b1-\u03ac\u03b3\u03c1\u03b9\u03b1-\u03ac\u03bb\u03bf\u03b3\u03b1-\u03c4\u03bf\u03c5-\u03b2\u03ae\u03c3\u03c3\u03b1\/","og_site_name":"Ikastikos Kiklos - Zografik\u00ed - Metaxotyp\u00edes - T\u00e9chniPainting - Silk Screen - Art","article_publisher":"https:\/\/www.facebook.com\/ikastikoskiklossianti\/","article_modified_time":"2018-06-01T11:31:53+00:00","og_image":[{"width":900,"height":593,"url":"https:\/\/ikastikos-kiklos.com\/wp-content\/uploads\/2016\/07\/Job_2922-e1524656877962.jpg","type":"image\/jpeg"}],"twitter_card":"summary_large_image","schema":{"@context":"https:\/\/schema.org","@graph":[{"@type":"WebPage","@id":"https:\/\/ikastikos-kiklos.com\/en\/product\/%cf%84%ce%b1-%ce%ac%ce%b3%cf%81%ce%b9%ce%b1-%ce%ac%ce%bb%ce%bf%ce%b3%ce%b1-%cf%84%ce%bf%cf%85-%ce%b2%ce%ae%cf%83%cf%83%ce%b1\/","url":"https:\/\/ikastikos-kiklos.com\/en\/product\/%cf%84%ce%b1-%ce%ac%ce%b3%cf%81%ce%b9%ce%b1-%ce%ac%ce%bb%ce%bf%ce%b3%ce%b1-%cf%84%ce%bf%cf%85-%ce%b2%ce%ae%cf%83%cf%83%ce%b1\/","name":"The Wild Horses of Vissa Silkscreen by Michalis Makroulakis at Ikastikos Kiklos Sianti Gallery.","isPartOf":{"@id":"https:\/\/ikastikos-kiklos.com\/en\/#website"},"primaryImageOfPage":{"@id":"https:\/\/ikastikos-kiklos.com\/en\/product\/%cf%84%ce%b1-%ce%ac%ce%b3%cf%81%ce%b9%ce%b1-%ce%ac%ce%bb%ce%bf%ce%b3%ce%b1-%cf%84%ce%bf%cf%85-%ce%b2%ce%ae%cf%83%cf%83%ce%b1\/#primaryimage"},"image":{"@id":"https:\/\/ikastikos-kiklos.com\/en\/product\/%cf%84%ce%b1-%ce%ac%ce%b3%cf%81%ce%b9%ce%b1-%ce%ac%ce%bb%ce%bf%ce%b3%ce%b1-%cf%84%ce%bf%cf%85-%ce%b2%ce%ae%cf%83%cf%83%ce%b1\/#primaryimage"},"thumbnailUrl":"https:\/\/ikastikos-kiklos.com\/wp-content\/uploads\/2016\/07\/Job_2922-e1524656877962.jpg","datePublished":"2016-07-07T16:46:21+00:00","dateModified":"2018-06-01T11:31:53+00:00","description":"The Wild Horses of Vissa Silkscreen by Michalis Makroulakis at Ikastikos Kiklos Sianti Gallery. 195 copies numbered and signed. Dimensions 91 x 59 cm","breadcrumb":{"@id":"https:\/\/ikastikos-kiklos.com\/en\/product\/%cf%84%ce%b1-%ce%ac%ce%b3%cf%81%ce%b9%ce%b1-%ce%ac%ce%bb%ce%bf%ce%b3%ce%b1-%cf%84%ce%bf%cf%85-%ce%b2%ce%ae%cf%83%cf%83%ce%b1\/#breadcrumb"},"inLanguage":"en-US","potentialAction":[{"@type":"ReadAction","target":["https:\/\/ikastikos-kiklos.com\/en\/product\/%cf%84%ce%b1-%ce%ac%ce%b3%cf%81%ce%b9%ce%b1-%ce%ac%ce%bb%ce%bf%ce%b3%ce%b1-%cf%84%ce%bf%cf%85-%ce%b2%ce%ae%cf%83%cf%83%ce%b1\/"]}]},{"@type":"ImageObject","inLanguage":"en-US","@id":"https:\/\/ikastikos-kiklos.com\/en\/product\/%cf%84%ce%b1-%ce%ac%ce%b3%cf%81%ce%b9%ce%b1-%ce%ac%ce%bb%ce%bf%ce%b3%ce%b1-%cf%84%ce%bf%cf%85-%ce%b2%ce%ae%cf%83%cf%83%ce%b1\/#primaryimage","url":"https:\/\/ikastikos-kiklos.com\/wp-content\/uploads\/2016\/07\/Job_2922-e1524656877962.jpg","contentUrl":"https:\/\/ikastikos-kiklos.com\/wp-content\/uploads\/2016\/07\/Job_2922-e1524656877962.jpg","width":900,"height":593,"caption":"\u03a4\u03b1 \u0386\u03b3\u03c1\u03b9\u03b1 \u0386\u03bb\u03bf\u03b3\u03b1 \u03c4\u03bf\u03c5 \u0392\u03ae\u03c3\u03c3\u03b1 \u039c\u03b5\u03c4\u03b1\u03be\u03bf\u03c4\u03c5\u03c0\u03af\u03b1 \u03c4\u03bf\u03c5 \u039c\u03b9\u03c7\u03ac\u03bb\u03b7 \u039c\u03b1\u03ba\u03c1\u03bf\u03c5\u03bb\u03ac\u03ba\u03b7 \u03c3\u03c4\u03bf\u03bd \u0395\u03b9\u03ba\u03b1\u03c3\u03c4\u03b9\u03ba\u03cc \u039a\u03cd\u03ba\u03bb\u03bf Sianti"},{"@type":"BreadcrumbList","@id":"https:\/\/ikastikos-kiklos.com\/en\/product\/%cf%84%ce%b1-%ce%ac%ce%b3%cf%81%ce%b9%ce%b1-%ce%ac%ce%bb%ce%bf%ce%b3%ce%b1-%cf%84%ce%bf%cf%85-%ce%b2%ce%ae%cf%83%cf%83%ce%b1\/#breadcrumb","itemListElement":[{"@type":"ListItem","position":1,"name":"Home","item":"https:\/\/ikastikos-kiklos.com\/en\/"},{"@type":"ListItem","position":2,"name":"\u0388\u03c1\u03b3\u03b1 \u03c4\u03ad\u03c7\u03bd\u03b7\u03c2","item":"https:\/\/ikastikos-kiklos.com\/%ce%ad%cf%81%ce%b3%ce%b1-%cf%84%ce%ad%cf%87%ce%bd%ce%b7%cf%82\/"},{"@type":"ListItem","position":3,"name":"The wild horses of Vissa"}]},{"@type":"WebSite","@id":"https:\/\/ikastikos-kiklos.com\/en\/#website","url":"https:\/\/ikastikos-kiklos.com\/en\/","name":"Ikastikos Kiklos - Zografik\u00ed - Metaxotyp\u00edes - T\u00e9chniPainting - Silk Screen - Art","description":"","publisher":{"@id":"https:\/\/ikastikos-kiklos.com\/en\/#organization"},"potentialAction":[{"@type":"SearchAction","target":{"@type":"EntryPoint","urlTemplate":"https:\/\/ikastikos-kiklos.com\/en\/?s={search_term_string}"},"query-input":{"@type":"PropertyValueSpecification","valueRequired":true,"valueName":"search_term_string"}}],"inLanguage":"en-US"},{"@type":"Organization","@id":"https:\/\/ikastikos-kiklos.com\/en\/#organization","name":"Ikastikos Kiklos - Zografik\u00ed - Metaxotyp\u00edes - T\u00e9chniPainting - Silk Screen - Art","url":"https:\/\/ikastikos-kiklos.com\/en\/","logo":{"@type":"ImageObject","inLanguage":"en-US","@id":"https:\/\/ikastikos-kiklos.com\/en\/#\/schema\/logo\/image\/","url":"https:\/\/ikastikos-kiklos.com\/wp-content\/uploads\/2022\/10\/cropped-favicon_ikastikos.png","contentUrl":"https:\/\/ikastikos-kiklos.com\/wp-content\/uploads\/2022\/10\/cropped-favicon_ikastikos.png","width":512,"height":512,"caption":"Ikastikos Kiklos - Zografik\u00ed - Metaxotyp\u00edes - T\u00e9chniPainting - Silk Screen - Art"},"image":{"@id":"https:\/\/ikastikos-kiklos.com\/en\/#\/schema\/logo\/image\/"},"sameAs":["https:\/\/www.facebook.com\/ikastikoskiklossianti\/"]}]}},"_links":{"self":[{"href":"https:\/\/ikastikos-kiklos.com\/en\/wp-json\/wp\/v2\/product\/3172","targetHints":{"allow":["GET"]}}],"collection":[{"href":"https:\/\/ikastikos-kiklos.com\/en\/wp-json\/wp\/v2\/product"}],"about":[{"href":"https:\/\/ikastikos-kiklos.com\/en\/wp-json\/wp\/v2\/types\/product"}],"wp:featuredmedia":[{"embeddable":true,"href":"https:\/\/ikastikos-kiklos.com\/en\/wp-json\/wp\/v2\/media\/11782"}],"wp:attachment":[{"href":"https:\/\/ikastikos-kiklos.com\/en\/wp-json\/wp\/v2\/media?parent=3172"}],"wp:term":[{"taxonomy":"product_brand","embeddable":true,"href":"https:\/\/ikastikos-kiklos.com\/en\/wp-json\/wp\/v2\/product_brand?post=3172"},{"taxonomy":"product_cat","embeddable":true,"href":"https:\/\/ikastikos-kiklos.com\/en\/wp-json\/wp\/v2\/product_cat?post=3172"},{"taxonomy":"product_tag","embeddable":true,"href":"https:\/\/ikastikos-kiklos.com\/en\/wp-json\/wp\/v2\/product_tag?post=3172"}],"curies":[{"name":"wp","href":"https:\/\/api.w.org\/{rel}","templated":true}]}}