{"id":3157,"date":"2016-07-07T16:16:35","date_gmt":"2016-07-07T16:16:35","guid":{"rendered":"http:\/\/ikastikos-kiklos.com\/\u03c0\u03c1\u03bf\u03ca\u03cc\u03bd\/%ce%b1%cf%81%cf%87%ce%b1%cf%8a%ce%ba%cf%8c\/?lang=en"},"modified":"2020-08-07T18:55:59","modified_gmt":"2020-08-07T15:55:59","slug":"%ce%b1%cf%81%cf%87%ce%b1%cf%8a%ce%ba%cf%8c","status":"publish","type":"product","link":"https:\/\/ikastikos-kiklos.com\/en\/product\/%ce%b1%cf%81%cf%87%ce%b1%cf%8a%ce%ba%cf%8c\/","title":{"rendered":"Archaic"},"content":{"rendered":"<header class=\"title-container\">\n<header class=\"title-container\">\n<h1><strong>I WOULD LIKE..<\/strong>.<\/h1>\n<p>-I would painting to exist without distorting reality and at the same time not becoming naturalistic. Finally, I seek a balance between reality and the vision that exists within me. The fairest this excuse is, the more successful I consider the result.<\/p>\n<p>Source: <a href=\"http:\/\/www.greek-language.gr\/periodika\/mags\/parodos\/2005\/7\/40181\">greek-language.gr<\/a><\/p>\n<\/header>\n<\/header>\n","protected":false},"excerpt":{"rendered":"<p>Silkscreen hand signed and numbered by Sarantis Karavouzis. Edition of 190 prints.<\/p>\n<p>Today it\u2019s a collectible piece.<\/p>\n","protected":false},"featured_media":6930,"template":"","meta":{"ngg_post_thumbnail":0},"product_brand":[],"product_cat":[398,1987,1991,403],"product_tag":[2351,2578,2619,2231,2224,2491],"class_list":{"0":"post-3157","1":"product","2":"type-product","3":"status-publish","4":"has-post-thumbnail","6":"product_cat-collections","7":"product_cat-eshop-en","8":"product_cat-silkscreens-shop","9":"product_cat-small-silkscreens","10":"product_tag-archaic","11":"product_tag-collectible","12":"product_tag-karavouzis-sarantis","13":"product_tag-landscape-en","14":"product_tag-silkscreen-en","15":"product_tag-wedding-gifts","17":"first","18":"instock","19":"taxable","20":"shipping-taxable","21":"purchasable","22":"product-type-simple"},"yoast_head":"<!-- This site is optimized with the Yoast SEO plugin v27.2 - https:\/\/yoast.com\/product\/yoast-seo-wordpress\/ -->\n<title>Archaic Silkscreen by Karavouzis Sarantis at Ikastikos Kiklos Sianti Gallery.<\/title>\n<meta name=\"description\" content=\"Archaic Silkscreen by Karavouzis Sarantis at Ikastikos Kiklos Sianti Gallery. 190 copies numbered and signed by the artist. Dimensions 16 x 20 cm\" \/>\n<meta name=\"robots\" content=\"index, follow, max-snippet:-1, max-image-preview:large, max-video-preview:-1\" \/>\n<link rel=\"canonical\" href=\"https:\/\/ikastikos-kiklos.com\/en\/product\/\u03b1\u03c1\u03c7\u03b1\u03ca\u03ba\u03cc\/\" \/>\n<meta property=\"og:locale\" content=\"en_US\" \/>\n<meta property=\"og:type\" content=\"article\" \/>\n<meta property=\"og:title\" content=\"Archaic Silkscreen by Karavouzis Sarantis at Ikastikos Kiklos Sianti Gallery.\" \/>\n<meta property=\"og:description\" content=\"Archaic Silkscreen by Karavouzis Sarantis at Ikastikos Kiklos Sianti Gallery. 190 copies numbered and signed by the artist. Dimensions 16 x 20 cm\" \/>\n<meta property=\"og:url\" content=\"https:\/\/ikastikos-kiklos.com\/en\/product\/\u03b1\u03c1\u03c7\u03b1\u03ca\u03ba\u03cc\/\" \/>\n<meta property=\"og:site_name\" content=\"Ikastikos Kiklos - Zografik\u00ed - Metaxotyp\u00edes - T\u00e9chniPainting - Silk Screen - Art\" \/>\n<meta property=\"article:publisher\" content=\"https:\/\/www.facebook.com\/ikastikoskiklossianti\/\" \/>\n<meta property=\"article:modified_time\" content=\"2020-08-07T15:55:59+00:00\" \/>\n<meta property=\"og:image\" content=\"https:\/\/ikastikos-kiklos.com\/wp-content\/uploads\/2016\/07\/Arxaiko-normal.jpg\" \/>\n\t<meta property=\"og:image:width\" content=\"458\" \/>\n\t<meta property=\"og:image:height\" content=\"560\" \/>\n\t<meta property=\"og:image:type\" content=\"image\/jpeg\" \/>\n<meta name=\"twitter:card\" content=\"summary_large_image\" \/>\n<script type=\"application\/ld+json\" class=\"yoast-schema-graph\">{\"@context\":\"https:\/\/schema.org\",\"@graph\":[{\"@type\":\"WebPage\",\"@id\":\"https:\/\/ikastikos-kiklos.com\/en\/product\/%ce%b1%cf%81%cf%87%ce%b1%cf%8a%ce%ba%cf%8c\/\",\"url\":\"https:\/\/ikastikos-kiklos.com\/en\/product\/%ce%b1%cf%81%cf%87%ce%b1%cf%8a%ce%ba%cf%8c\/\",\"name\":\"Archaic Silkscreen by Karavouzis Sarantis at Ikastikos Kiklos Sianti Gallery.\",\"isPartOf\":{\"@id\":\"https:\/\/ikastikos-kiklos.com\/en\/#website\"},\"primaryImageOfPage\":{\"@id\":\"https:\/\/ikastikos-kiklos.com\/en\/product\/%ce%b1%cf%81%cf%87%ce%b1%cf%8a%ce%ba%cf%8c\/#primaryimage\"},\"image\":{\"@id\":\"https:\/\/ikastikos-kiklos.com\/en\/product\/%ce%b1%cf%81%cf%87%ce%b1%cf%8a%ce%ba%cf%8c\/#primaryimage\"},\"thumbnailUrl\":\"https:\/\/ikastikos-kiklos.com\/wp-content\/uploads\/2016\/07\/Arxaiko-normal.jpg\",\"datePublished\":\"2016-07-07T16:16:35+00:00\",\"dateModified\":\"2020-08-07T15:55:59+00:00\",\"description\":\"Archaic Silkscreen by Karavouzis Sarantis at Ikastikos Kiklos Sianti Gallery. 190 copies numbered and signed by the artist. Dimensions 16 x 20 cm\",\"breadcrumb\":{\"@id\":\"https:\/\/ikastikos-kiklos.com\/en\/product\/%ce%b1%cf%81%cf%87%ce%b1%cf%8a%ce%ba%cf%8c\/#breadcrumb\"},\"inLanguage\":\"en-US\",\"potentialAction\":[{\"@type\":\"ReadAction\",\"target\":[\"https:\/\/ikastikos-kiklos.com\/en\/product\/%ce%b1%cf%81%cf%87%ce%b1%cf%8a%ce%ba%cf%8c\/\"]}]},{\"@type\":\"ImageObject\",\"inLanguage\":\"en-US\",\"@id\":\"https:\/\/ikastikos-kiklos.com\/en\/product\/%ce%b1%cf%81%cf%87%ce%b1%cf%8a%ce%ba%cf%8c\/#primaryimage\",\"url\":\"https:\/\/ikastikos-kiklos.com\/wp-content\/uploads\/2016\/07\/Arxaiko-normal.jpg\",\"contentUrl\":\"https:\/\/ikastikos-kiklos.com\/wp-content\/uploads\/2016\/07\/Arxaiko-normal.jpg\",\"width\":458,\"height\":560,\"caption\":\"Archaic Silkscreen by Karavouzis Sarantis at Ikastikos Kiklos Sianti Gallery.\"},{\"@type\":\"BreadcrumbList\",\"@id\":\"https:\/\/ikastikos-kiklos.com\/en\/product\/%ce%b1%cf%81%cf%87%ce%b1%cf%8a%ce%ba%cf%8c\/#breadcrumb\",\"itemListElement\":[{\"@type\":\"ListItem\",\"position\":1,\"name\":\"Home\",\"item\":\"https:\/\/ikastikos-kiklos.com\/en\/\"},{\"@type\":\"ListItem\",\"position\":2,\"name\":\"\u0388\u03c1\u03b3\u03b1 \u03c4\u03ad\u03c7\u03bd\u03b7\u03c2\",\"item\":\"https:\/\/ikastikos-kiklos.com\/%ce%ad%cf%81%ce%b3%ce%b1-%cf%84%ce%ad%cf%87%ce%bd%ce%b7%cf%82\/\"},{\"@type\":\"ListItem\",\"position\":3,\"name\":\"Archaic\"}]},{\"@type\":\"WebSite\",\"@id\":\"https:\/\/ikastikos-kiklos.com\/en\/#website\",\"url\":\"https:\/\/ikastikos-kiklos.com\/en\/\",\"name\":\"Ikastikos Kiklos - Zografik\u00ed - Metaxotyp\u00edes - T\u00e9chniPainting - Silk Screen - Art\",\"description\":\"\",\"publisher\":{\"@id\":\"https:\/\/ikastikos-kiklos.com\/en\/#organization\"},\"potentialAction\":[{\"@type\":\"SearchAction\",\"target\":{\"@type\":\"EntryPoint\",\"urlTemplate\":\"https:\/\/ikastikos-kiklos.com\/en\/?s={search_term_string}\"},\"query-input\":{\"@type\":\"PropertyValueSpecification\",\"valueRequired\":true,\"valueName\":\"search_term_string\"}}],\"inLanguage\":\"en-US\"},{\"@type\":\"Organization\",\"@id\":\"https:\/\/ikastikos-kiklos.com\/en\/#organization\",\"name\":\"Ikastikos Kiklos - Zografik\u00ed - Metaxotyp\u00edes - T\u00e9chniPainting - Silk Screen - Art\",\"url\":\"https:\/\/ikastikos-kiklos.com\/en\/\",\"logo\":{\"@type\":\"ImageObject\",\"inLanguage\":\"en-US\",\"@id\":\"https:\/\/ikastikos-kiklos.com\/en\/#\/schema\/logo\/image\/\",\"url\":\"https:\/\/ikastikos-kiklos.com\/wp-content\/uploads\/2022\/10\/cropped-favicon_ikastikos.png\",\"contentUrl\":\"https:\/\/ikastikos-kiklos.com\/wp-content\/uploads\/2022\/10\/cropped-favicon_ikastikos.png\",\"width\":512,\"height\":512,\"caption\":\"Ikastikos Kiklos - Zografik\u00ed - Metaxotyp\u00edes - T\u00e9chniPainting - Silk Screen - Art\"},\"image\":{\"@id\":\"https:\/\/ikastikos-kiklos.com\/en\/#\/schema\/logo\/image\/\"},\"sameAs\":[\"https:\/\/www.facebook.com\/ikastikoskiklossianti\/\"]}]}<\/script>\n<!-- \/ Yoast SEO plugin. -->","yoast_head_json":{"title":"Archaic Silkscreen by Karavouzis Sarantis at Ikastikos Kiklos Sianti Gallery.","description":"Archaic Silkscreen by Karavouzis Sarantis at Ikastikos Kiklos Sianti Gallery. 190 copies numbered and signed by the artist. Dimensions 16 x 20 cm","robots":{"index":"index","follow":"follow","max-snippet":"max-snippet:-1","max-image-preview":"max-image-preview:large","max-video-preview":"max-video-preview:-1"},"canonical":"https:\/\/ikastikos-kiklos.com\/en\/product\/\u03b1\u03c1\u03c7\u03b1\u03ca\u03ba\u03cc\/","og_locale":"en_US","og_type":"article","og_title":"Archaic Silkscreen by Karavouzis Sarantis at Ikastikos Kiklos Sianti Gallery.","og_description":"Archaic Silkscreen by Karavouzis Sarantis at Ikastikos Kiklos Sianti Gallery. 190 copies numbered and signed by the artist. Dimensions 16 x 20 cm","og_url":"https:\/\/ikastikos-kiklos.com\/en\/product\/\u03b1\u03c1\u03c7\u03b1\u03ca\u03ba\u03cc\/","og_site_name":"Ikastikos Kiklos - Zografik\u00ed - Metaxotyp\u00edes - T\u00e9chniPainting - Silk Screen - Art","article_publisher":"https:\/\/www.facebook.com\/ikastikoskiklossianti\/","article_modified_time":"2020-08-07T15:55:59+00:00","og_image":[{"width":458,"height":560,"url":"https:\/\/ikastikos-kiklos.com\/wp-content\/uploads\/2016\/07\/Arxaiko-normal.jpg","type":"image\/jpeg"}],"twitter_card":"summary_large_image","schema":{"@context":"https:\/\/schema.org","@graph":[{"@type":"WebPage","@id":"https:\/\/ikastikos-kiklos.com\/en\/product\/%ce%b1%cf%81%cf%87%ce%b1%cf%8a%ce%ba%cf%8c\/","url":"https:\/\/ikastikos-kiklos.com\/en\/product\/%ce%b1%cf%81%cf%87%ce%b1%cf%8a%ce%ba%cf%8c\/","name":"Archaic Silkscreen by Karavouzis Sarantis at Ikastikos Kiklos Sianti Gallery.","isPartOf":{"@id":"https:\/\/ikastikos-kiklos.com\/en\/#website"},"primaryImageOfPage":{"@id":"https:\/\/ikastikos-kiklos.com\/en\/product\/%ce%b1%cf%81%cf%87%ce%b1%cf%8a%ce%ba%cf%8c\/#primaryimage"},"image":{"@id":"https:\/\/ikastikos-kiklos.com\/en\/product\/%ce%b1%cf%81%cf%87%ce%b1%cf%8a%ce%ba%cf%8c\/#primaryimage"},"thumbnailUrl":"https:\/\/ikastikos-kiklos.com\/wp-content\/uploads\/2016\/07\/Arxaiko-normal.jpg","datePublished":"2016-07-07T16:16:35+00:00","dateModified":"2020-08-07T15:55:59+00:00","description":"Archaic Silkscreen by Karavouzis Sarantis at Ikastikos Kiklos Sianti Gallery. 190 copies numbered and signed by the artist. Dimensions 16 x 20 cm","breadcrumb":{"@id":"https:\/\/ikastikos-kiklos.com\/en\/product\/%ce%b1%cf%81%cf%87%ce%b1%cf%8a%ce%ba%cf%8c\/#breadcrumb"},"inLanguage":"en-US","potentialAction":[{"@type":"ReadAction","target":["https:\/\/ikastikos-kiklos.com\/en\/product\/%ce%b1%cf%81%cf%87%ce%b1%cf%8a%ce%ba%cf%8c\/"]}]},{"@type":"ImageObject","inLanguage":"en-US","@id":"https:\/\/ikastikos-kiklos.com\/en\/product\/%ce%b1%cf%81%cf%87%ce%b1%cf%8a%ce%ba%cf%8c\/#primaryimage","url":"https:\/\/ikastikos-kiklos.com\/wp-content\/uploads\/2016\/07\/Arxaiko-normal.jpg","contentUrl":"https:\/\/ikastikos-kiklos.com\/wp-content\/uploads\/2016\/07\/Arxaiko-normal.jpg","width":458,"height":560,"caption":"Archaic Silkscreen by Karavouzis Sarantis at Ikastikos Kiklos Sianti Gallery."},{"@type":"BreadcrumbList","@id":"https:\/\/ikastikos-kiklos.com\/en\/product\/%ce%b1%cf%81%cf%87%ce%b1%cf%8a%ce%ba%cf%8c\/#breadcrumb","itemListElement":[{"@type":"ListItem","position":1,"name":"Home","item":"https:\/\/ikastikos-kiklos.com\/en\/"},{"@type":"ListItem","position":2,"name":"\u0388\u03c1\u03b3\u03b1 \u03c4\u03ad\u03c7\u03bd\u03b7\u03c2","item":"https:\/\/ikastikos-kiklos.com\/%ce%ad%cf%81%ce%b3%ce%b1-%cf%84%ce%ad%cf%87%ce%bd%ce%b7%cf%82\/"},{"@type":"ListItem","position":3,"name":"Archaic"}]},{"@type":"WebSite","@id":"https:\/\/ikastikos-kiklos.com\/en\/#website","url":"https:\/\/ikastikos-kiklos.com\/en\/","name":"Ikastikos Kiklos - Zografik\u00ed - Metaxotyp\u00edes - T\u00e9chniPainting - Silk Screen - Art","description":"","publisher":{"@id":"https:\/\/ikastikos-kiklos.com\/en\/#organization"},"potentialAction":[{"@type":"SearchAction","target":{"@type":"EntryPoint","urlTemplate":"https:\/\/ikastikos-kiklos.com\/en\/?s={search_term_string}"},"query-input":{"@type":"PropertyValueSpecification","valueRequired":true,"valueName":"search_term_string"}}],"inLanguage":"en-US"},{"@type":"Organization","@id":"https:\/\/ikastikos-kiklos.com\/en\/#organization","name":"Ikastikos Kiklos - Zografik\u00ed - Metaxotyp\u00edes - T\u00e9chniPainting - Silk Screen - Art","url":"https:\/\/ikastikos-kiklos.com\/en\/","logo":{"@type":"ImageObject","inLanguage":"en-US","@id":"https:\/\/ikastikos-kiklos.com\/en\/#\/schema\/logo\/image\/","url":"https:\/\/ikastikos-kiklos.com\/wp-content\/uploads\/2022\/10\/cropped-favicon_ikastikos.png","contentUrl":"https:\/\/ikastikos-kiklos.com\/wp-content\/uploads\/2022\/10\/cropped-favicon_ikastikos.png","width":512,"height":512,"caption":"Ikastikos Kiklos - Zografik\u00ed - Metaxotyp\u00edes - T\u00e9chniPainting - Silk Screen - Art"},"image":{"@id":"https:\/\/ikastikos-kiklos.com\/en\/#\/schema\/logo\/image\/"},"sameAs":["https:\/\/www.facebook.com\/ikastikoskiklossianti\/"]}]}},"_links":{"self":[{"href":"https:\/\/ikastikos-kiklos.com\/en\/wp-json\/wp\/v2\/product\/3157","targetHints":{"allow":["GET"]}}],"collection":[{"href":"https:\/\/ikastikos-kiklos.com\/en\/wp-json\/wp\/v2\/product"}],"about":[{"href":"https:\/\/ikastikos-kiklos.com\/en\/wp-json\/wp\/v2\/types\/product"}],"wp:featuredmedia":[{"embeddable":true,"href":"https:\/\/ikastikos-kiklos.com\/en\/wp-json\/wp\/v2\/media\/6930"}],"wp:attachment":[{"href":"https:\/\/ikastikos-kiklos.com\/en\/wp-json\/wp\/v2\/media?parent=3157"}],"wp:term":[{"taxonomy":"product_brand","embeddable":true,"href":"https:\/\/ikastikos-kiklos.com\/en\/wp-json\/wp\/v2\/product_brand?post=3157"},{"taxonomy":"product_cat","embeddable":true,"href":"https:\/\/ikastikos-kiklos.com\/en\/wp-json\/wp\/v2\/product_cat?post=3157"},{"taxonomy":"product_tag","embeddable":true,"href":"https:\/\/ikastikos-kiklos.com\/en\/wp-json\/wp\/v2\/product_tag?post=3157"}],"curies":[{"name":"wp","href":"https:\/\/api.w.org\/{rel}","templated":true}]}}