{"id":3155,"date":"2016-07-07T19:12:58","date_gmt":"2016-07-07T16:12:58","guid":{"rendered":"http:\/\/ikastikos-kiklos.com\/\u03c0\u03c1\u03bf\u03ca\u03cc\u03bd\/%ce%b4%ce%b9%cf%80%ce%bb%ce%ae-%ce%b1%ce%bd%ce%ac%ce%b2%ce%b1%cf%83%ce%b7\/?lang=en"},"modified":"2019-08-09T15:42:24","modified_gmt":"2019-08-09T12:42:24","slug":"%ce%b4%ce%b9%cf%80%ce%bb%ce%ae-%ce%b1%ce%bd%ce%ac%ce%b2%ce%b1%cf%83%ce%b7","status":"publish","type":"product","link":"https:\/\/ikastikos-kiklos.com\/en\/product\/%ce%b4%ce%b9%cf%80%ce%bb%ce%ae-%ce%b1%ce%bd%ce%ac%ce%b2%ce%b1%cf%83%ce%b7\/","title":{"rendered":"Double ascent"},"content":{"rendered":"<header class=\"title-container\">Though the 1970s, bring her joy with the acceptance of her work and the birth of her second son, Yanni, is also is the time when she faces a psychological collapse due to the exhausting work and pressure she\u2019s under, leading her to hospitalization. Her family does not leave her side, and their support, along with her stubborn dedication to her art, helps her overcome her adventure. The following years are filled with participation in exhibitions and trips to various parts of the earth for the presentation of her works. Source: <a href=\"http:\/\/www.lifo.gr\/mag\/features\/1173\">www.lifo.gr<\/a><\/p>\n<\/header>\n","protected":false},"excerpt":{"rendered":"<p>Silkscreen numbered and signed by Opi Zounis.<\/p>\n<p>Today it\u2019s a collectible piece.<\/p>\n","protected":false},"featured_media":40761,"template":"","meta":{"ngg_post_thumbnail":0},"product_brand":[],"product_cat":[398,1987,396,1991,2047],"product_tag":[2578,2746,2328,2224,2491],"class_list":{"0":"post-3155","1":"product","2":"type-product","3":"status-publish","4":"has-post-thumbnail","6":"product_cat-collections","7":"product_cat-eshop-en","8":"product_cat-silkscreens","9":"product_cat-silkscreens-shop","10":"product_cat-wedding-gifts","11":"product_tag-collectible","12":"product_tag-double-ascent","13":"product_tag-opy-zouni","14":"product_tag-silkscreen-en","15":"product_tag-wedding-gifts","17":"first","18":"instock","19":"taxable","20":"shipping-taxable","21":"purchasable","22":"product-type-simple"},"yoast_head":"<!-- This site is optimized with the Yoast SEO plugin v27.4 - https:\/\/yoast.com\/product\/yoast-seo-wordpress\/ -->\n<title>Double Ascent Silkscreen by Opi Zounis at Ikastikos Kiklos Sianti Gallery.<\/title>\n<meta name=\"description\" content=\"Double Ascent Silkscreen by Opi Zounis at Ikastikos Kiklos Sianti Gallery. 195 copies with dimensions 30 x 30 cm. Today it is a collectible piece.\" \/>\n<meta name=\"robots\" content=\"index, follow, max-snippet:-1, max-image-preview:large, max-video-preview:-1\" \/>\n<link rel=\"canonical\" href=\"https:\/\/ikastikos-kiklos.com\/en\/product\/\u03b4\u03b9\u03c0\u03bb\u03ae-\u03b1\u03bd\u03ac\u03b2\u03b1\u03c3\u03b7\/\" \/>\n<meta property=\"og:locale\" content=\"en_US\" \/>\n<meta property=\"og:type\" content=\"article\" \/>\n<meta property=\"og:title\" content=\"Double Ascent Silkscreen by Opi Zounis at Ikastikos Kiklos Sianti Gallery.\" \/>\n<meta property=\"og:description\" content=\"Double Ascent Silkscreen by Opi Zounis at Ikastikos Kiklos Sianti Gallery. 195 copies with dimensions 30 x 30 cm. Today it is a collectible piece.\" \/>\n<meta property=\"og:url\" content=\"https:\/\/ikastikos-kiklos.com\/en\/product\/\u03b4\u03b9\u03c0\u03bb\u03ae-\u03b1\u03bd\u03ac\u03b2\u03b1\u03c3\u03b7\/\" \/>\n<meta property=\"og:site_name\" content=\"Ikastikos Kiklos - Zografik\u00ed - Metaxotyp\u00edes - T\u00e9chniPainting - Silk Screen - Art\" \/>\n<meta property=\"article:publisher\" content=\"https:\/\/www.facebook.com\/ikastikoskiklossianti\/\" \/>\n<meta property=\"article:modified_time\" content=\"2019-08-09T12:42:24+00:00\" \/>\n<meta property=\"og:image\" content=\"https:\/\/ikastikos-kiklos.com\/wp-content\/uploads\/2016\/07\/\u03b4\u03b9\u03c0\u03bb\u03ae-\u03b1\u03bd\u03ac\u03b2\u03b1\u03c3\u03b7-\u03cc\u03c0\u03c5-\u03b6\u03bf\u03cd\u03bd\u03b7.jpg\" \/>\n\t<meta property=\"og:image:width\" content=\"1200\" \/>\n\t<meta property=\"og:image:height\" content=\"898\" \/>\n\t<meta property=\"og:image:type\" content=\"image\/jpeg\" \/>\n<meta name=\"twitter:card\" content=\"summary_large_image\" \/>\n<script type=\"application\/ld+json\" class=\"yoast-schema-graph\">{\"@context\":\"https:\\\/\\\/schema.org\",\"@graph\":[{\"@type\":\"WebPage\",\"@id\":\"https:\\\/\\\/ikastikos-kiklos.com\\\/en\\\/product\\\/%ce%b4%ce%b9%cf%80%ce%bb%ce%ae-%ce%b1%ce%bd%ce%ac%ce%b2%ce%b1%cf%83%ce%b7\\\/\",\"url\":\"https:\\\/\\\/ikastikos-kiklos.com\\\/en\\\/product\\\/%ce%b4%ce%b9%cf%80%ce%bb%ce%ae-%ce%b1%ce%bd%ce%ac%ce%b2%ce%b1%cf%83%ce%b7\\\/\",\"name\":\"Double Ascent Silkscreen by Opi Zounis at Ikastikos Kiklos Sianti Gallery.\",\"isPartOf\":{\"@id\":\"https:\\\/\\\/ikastikos-kiklos.com\\\/en\\\/#website\"},\"primaryImageOfPage\":{\"@id\":\"https:\\\/\\\/ikastikos-kiklos.com\\\/en\\\/product\\\/%ce%b4%ce%b9%cf%80%ce%bb%ce%ae-%ce%b1%ce%bd%ce%ac%ce%b2%ce%b1%cf%83%ce%b7\\\/#primaryimage\"},\"image\":{\"@id\":\"https:\\\/\\\/ikastikos-kiklos.com\\\/en\\\/product\\\/%ce%b4%ce%b9%cf%80%ce%bb%ce%ae-%ce%b1%ce%bd%ce%ac%ce%b2%ce%b1%cf%83%ce%b7\\\/#primaryimage\"},\"thumbnailUrl\":\"https:\\\/\\\/ikastikos-kiklos.com\\\/wp-content\\\/uploads\\\/2016\\\/07\\\/\u03b4\u03b9\u03c0\u03bb\u03ae-\u03b1\u03bd\u03ac\u03b2\u03b1\u03c3\u03b7-\u03cc\u03c0\u03c5-\u03b6\u03bf\u03cd\u03bd\u03b7.jpg\",\"datePublished\":\"2016-07-07T16:12:58+00:00\",\"dateModified\":\"2019-08-09T12:42:24+00:00\",\"description\":\"Double Ascent Silkscreen by Opi Zounis at Ikastikos Kiklos Sianti Gallery. 195 copies with dimensions 30 x 30 cm. Today it is a collectible piece.\",\"breadcrumb\":{\"@id\":\"https:\\\/\\\/ikastikos-kiklos.com\\\/en\\\/product\\\/%ce%b4%ce%b9%cf%80%ce%bb%ce%ae-%ce%b1%ce%bd%ce%ac%ce%b2%ce%b1%cf%83%ce%b7\\\/#breadcrumb\"},\"inLanguage\":\"en-US\",\"potentialAction\":[{\"@type\":\"ReadAction\",\"target\":[\"https:\\\/\\\/ikastikos-kiklos.com\\\/en\\\/product\\\/%ce%b4%ce%b9%cf%80%ce%bb%ce%ae-%ce%b1%ce%bd%ce%ac%ce%b2%ce%b1%cf%83%ce%b7\\\/\"]}]},{\"@type\":\"ImageObject\",\"inLanguage\":\"en-US\",\"@id\":\"https:\\\/\\\/ikastikos-kiklos.com\\\/en\\\/product\\\/%ce%b4%ce%b9%cf%80%ce%bb%ce%ae-%ce%b1%ce%bd%ce%ac%ce%b2%ce%b1%cf%83%ce%b7\\\/#primaryimage\",\"url\":\"https:\\\/\\\/ikastikos-kiklos.com\\\/wp-content\\\/uploads\\\/2016\\\/07\\\/\u03b4\u03b9\u03c0\u03bb\u03ae-\u03b1\u03bd\u03ac\u03b2\u03b1\u03c3\u03b7-\u03cc\u03c0\u03c5-\u03b6\u03bf\u03cd\u03bd\u03b7.jpg\",\"contentUrl\":\"https:\\\/\\\/ikastikos-kiklos.com\\\/wp-content\\\/uploads\\\/2016\\\/07\\\/\u03b4\u03b9\u03c0\u03bb\u03ae-\u03b1\u03bd\u03ac\u03b2\u03b1\u03c3\u03b7-\u03cc\u03c0\u03c5-\u03b6\u03bf\u03cd\u03bd\u03b7.jpg\",\"width\":1200,\"height\":898,\"caption\":\"\u03b4\u03b9\u03c0\u03bb\u03ae-\u03b1\u03bd\u03ac\u03b2\u03b1\u03c3\u03b7-\u03cc\u03c0\u03c5-\u03b6\u03bf\u03cd\u03bd\u03b7\"},{\"@type\":\"BreadcrumbList\",\"@id\":\"https:\\\/\\\/ikastikos-kiklos.com\\\/en\\\/product\\\/%ce%b4%ce%b9%cf%80%ce%bb%ce%ae-%ce%b1%ce%bd%ce%ac%ce%b2%ce%b1%cf%83%ce%b7\\\/#breadcrumb\",\"itemListElement\":[{\"@type\":\"ListItem\",\"position\":1,\"name\":\"Home\",\"item\":\"https:\\\/\\\/ikastikos-kiklos.com\\\/en\\\/\"},{\"@type\":\"ListItem\",\"position\":2,\"name\":\"\u0388\u03c1\u03b3\u03b1 \u03c4\u03ad\u03c7\u03bd\u03b7\u03c2\",\"item\":\"https:\\\/\\\/ikastikos-kiklos.com\\\/%ce%ad%cf%81%ce%b3%ce%b1-%cf%84%ce%ad%cf%87%ce%bd%ce%b7%cf%82\\\/\"},{\"@type\":\"ListItem\",\"position\":3,\"name\":\"Double ascent\"}]},{\"@type\":\"WebSite\",\"@id\":\"https:\\\/\\\/ikastikos-kiklos.com\\\/en\\\/#website\",\"url\":\"https:\\\/\\\/ikastikos-kiklos.com\\\/en\\\/\",\"name\":\"Ikastikos Kiklos - Zografik\u00ed - Metaxotyp\u00edes - T\u00e9chniPainting - Silk Screen - Art\",\"description\":\"\",\"publisher\":{\"@id\":\"https:\\\/\\\/ikastikos-kiklos.com\\\/en\\\/#organization\"},\"potentialAction\":[{\"@type\":\"SearchAction\",\"target\":{\"@type\":\"EntryPoint\",\"urlTemplate\":\"https:\\\/\\\/ikastikos-kiklos.com\\\/en\\\/?s={search_term_string}\"},\"query-input\":{\"@type\":\"PropertyValueSpecification\",\"valueRequired\":true,\"valueName\":\"search_term_string\"}}],\"inLanguage\":\"en-US\"},{\"@type\":\"Organization\",\"@id\":\"https:\\\/\\\/ikastikos-kiklos.com\\\/en\\\/#organization\",\"name\":\"Ikastikos Kiklos - Zografik\u00ed - Metaxotyp\u00edes - T\u00e9chniPainting - Silk Screen - Art\",\"url\":\"https:\\\/\\\/ikastikos-kiklos.com\\\/en\\\/\",\"logo\":{\"@type\":\"ImageObject\",\"inLanguage\":\"en-US\",\"@id\":\"https:\\\/\\\/ikastikos-kiklos.com\\\/en\\\/#\\\/schema\\\/logo\\\/image\\\/\",\"url\":\"https:\\\/\\\/ikastikos-kiklos.com\\\/wp-content\\\/uploads\\\/2022\\\/10\\\/cropped-favicon_ikastikos.png\",\"contentUrl\":\"https:\\\/\\\/ikastikos-kiklos.com\\\/wp-content\\\/uploads\\\/2022\\\/10\\\/cropped-favicon_ikastikos.png\",\"width\":512,\"height\":512,\"caption\":\"Ikastikos Kiklos - Zografik\u00ed - Metaxotyp\u00edes - T\u00e9chniPainting - Silk Screen - Art\"},\"image\":{\"@id\":\"https:\\\/\\\/ikastikos-kiklos.com\\\/en\\\/#\\\/schema\\\/logo\\\/image\\\/\"},\"sameAs\":[\"https:\\\/\\\/www.facebook.com\\\/ikastikoskiklossianti\\\/\"]}]}<\/script>\n<!-- \/ Yoast SEO plugin. -->","yoast_head_json":{"title":"Double Ascent Silkscreen by Opi Zounis at Ikastikos Kiklos Sianti Gallery.","description":"Double Ascent Silkscreen by Opi Zounis at Ikastikos Kiklos Sianti Gallery. 195 copies with dimensions 30 x 30 cm. Today it is a collectible piece.","robots":{"index":"index","follow":"follow","max-snippet":"max-snippet:-1","max-image-preview":"max-image-preview:large","max-video-preview":"max-video-preview:-1"},"canonical":"https:\/\/ikastikos-kiklos.com\/en\/product\/\u03b4\u03b9\u03c0\u03bb\u03ae-\u03b1\u03bd\u03ac\u03b2\u03b1\u03c3\u03b7\/","og_locale":"en_US","og_type":"article","og_title":"Double Ascent Silkscreen by Opi Zounis at Ikastikos Kiklos Sianti Gallery.","og_description":"Double Ascent Silkscreen by Opi Zounis at Ikastikos Kiklos Sianti Gallery. 195 copies with dimensions 30 x 30 cm. Today it is a collectible piece.","og_url":"https:\/\/ikastikos-kiklos.com\/en\/product\/\u03b4\u03b9\u03c0\u03bb\u03ae-\u03b1\u03bd\u03ac\u03b2\u03b1\u03c3\u03b7\/","og_site_name":"Ikastikos Kiklos - Zografik\u00ed - Metaxotyp\u00edes - T\u00e9chniPainting - Silk Screen - Art","article_publisher":"https:\/\/www.facebook.com\/ikastikoskiklossianti\/","article_modified_time":"2019-08-09T12:42:24+00:00","og_image":[{"width":1200,"height":898,"url":"https:\/\/ikastikos-kiklos.com\/wp-content\/uploads\/2016\/07\/\u03b4\u03b9\u03c0\u03bb\u03ae-\u03b1\u03bd\u03ac\u03b2\u03b1\u03c3\u03b7-\u03cc\u03c0\u03c5-\u03b6\u03bf\u03cd\u03bd\u03b7.jpg","type":"image\/jpeg"}],"twitter_card":"summary_large_image","schema":{"@context":"https:\/\/schema.org","@graph":[{"@type":"WebPage","@id":"https:\/\/ikastikos-kiklos.com\/en\/product\/%ce%b4%ce%b9%cf%80%ce%bb%ce%ae-%ce%b1%ce%bd%ce%ac%ce%b2%ce%b1%cf%83%ce%b7\/","url":"https:\/\/ikastikos-kiklos.com\/en\/product\/%ce%b4%ce%b9%cf%80%ce%bb%ce%ae-%ce%b1%ce%bd%ce%ac%ce%b2%ce%b1%cf%83%ce%b7\/","name":"Double Ascent Silkscreen by Opi Zounis at Ikastikos Kiklos Sianti Gallery.","isPartOf":{"@id":"https:\/\/ikastikos-kiklos.com\/en\/#website"},"primaryImageOfPage":{"@id":"https:\/\/ikastikos-kiklos.com\/en\/product\/%ce%b4%ce%b9%cf%80%ce%bb%ce%ae-%ce%b1%ce%bd%ce%ac%ce%b2%ce%b1%cf%83%ce%b7\/#primaryimage"},"image":{"@id":"https:\/\/ikastikos-kiklos.com\/en\/product\/%ce%b4%ce%b9%cf%80%ce%bb%ce%ae-%ce%b1%ce%bd%ce%ac%ce%b2%ce%b1%cf%83%ce%b7\/#primaryimage"},"thumbnailUrl":"https:\/\/ikastikos-kiklos.com\/wp-content\/uploads\/2016\/07\/\u03b4\u03b9\u03c0\u03bb\u03ae-\u03b1\u03bd\u03ac\u03b2\u03b1\u03c3\u03b7-\u03cc\u03c0\u03c5-\u03b6\u03bf\u03cd\u03bd\u03b7.jpg","datePublished":"2016-07-07T16:12:58+00:00","dateModified":"2019-08-09T12:42:24+00:00","description":"Double Ascent Silkscreen by Opi Zounis at Ikastikos Kiklos Sianti Gallery. 195 copies with dimensions 30 x 30 cm. Today it is a collectible piece.","breadcrumb":{"@id":"https:\/\/ikastikos-kiklos.com\/en\/product\/%ce%b4%ce%b9%cf%80%ce%bb%ce%ae-%ce%b1%ce%bd%ce%ac%ce%b2%ce%b1%cf%83%ce%b7\/#breadcrumb"},"inLanguage":"en-US","potentialAction":[{"@type":"ReadAction","target":["https:\/\/ikastikos-kiklos.com\/en\/product\/%ce%b4%ce%b9%cf%80%ce%bb%ce%ae-%ce%b1%ce%bd%ce%ac%ce%b2%ce%b1%cf%83%ce%b7\/"]}]},{"@type":"ImageObject","inLanguage":"en-US","@id":"https:\/\/ikastikos-kiklos.com\/en\/product\/%ce%b4%ce%b9%cf%80%ce%bb%ce%ae-%ce%b1%ce%bd%ce%ac%ce%b2%ce%b1%cf%83%ce%b7\/#primaryimage","url":"https:\/\/ikastikos-kiklos.com\/wp-content\/uploads\/2016\/07\/\u03b4\u03b9\u03c0\u03bb\u03ae-\u03b1\u03bd\u03ac\u03b2\u03b1\u03c3\u03b7-\u03cc\u03c0\u03c5-\u03b6\u03bf\u03cd\u03bd\u03b7.jpg","contentUrl":"https:\/\/ikastikos-kiklos.com\/wp-content\/uploads\/2016\/07\/\u03b4\u03b9\u03c0\u03bb\u03ae-\u03b1\u03bd\u03ac\u03b2\u03b1\u03c3\u03b7-\u03cc\u03c0\u03c5-\u03b6\u03bf\u03cd\u03bd\u03b7.jpg","width":1200,"height":898,"caption":"\u03b4\u03b9\u03c0\u03bb\u03ae-\u03b1\u03bd\u03ac\u03b2\u03b1\u03c3\u03b7-\u03cc\u03c0\u03c5-\u03b6\u03bf\u03cd\u03bd\u03b7"},{"@type":"BreadcrumbList","@id":"https:\/\/ikastikos-kiklos.com\/en\/product\/%ce%b4%ce%b9%cf%80%ce%bb%ce%ae-%ce%b1%ce%bd%ce%ac%ce%b2%ce%b1%cf%83%ce%b7\/#breadcrumb","itemListElement":[{"@type":"ListItem","position":1,"name":"Home","item":"https:\/\/ikastikos-kiklos.com\/en\/"},{"@type":"ListItem","position":2,"name":"\u0388\u03c1\u03b3\u03b1 \u03c4\u03ad\u03c7\u03bd\u03b7\u03c2","item":"https:\/\/ikastikos-kiklos.com\/%ce%ad%cf%81%ce%b3%ce%b1-%cf%84%ce%ad%cf%87%ce%bd%ce%b7%cf%82\/"},{"@type":"ListItem","position":3,"name":"Double ascent"}]},{"@type":"WebSite","@id":"https:\/\/ikastikos-kiklos.com\/en\/#website","url":"https:\/\/ikastikos-kiklos.com\/en\/","name":"Ikastikos Kiklos - Zografik\u00ed - Metaxotyp\u00edes - T\u00e9chniPainting - Silk Screen - Art","description":"","publisher":{"@id":"https:\/\/ikastikos-kiklos.com\/en\/#organization"},"potentialAction":[{"@type":"SearchAction","target":{"@type":"EntryPoint","urlTemplate":"https:\/\/ikastikos-kiklos.com\/en\/?s={search_term_string}"},"query-input":{"@type":"PropertyValueSpecification","valueRequired":true,"valueName":"search_term_string"}}],"inLanguage":"en-US"},{"@type":"Organization","@id":"https:\/\/ikastikos-kiklos.com\/en\/#organization","name":"Ikastikos Kiklos - Zografik\u00ed - Metaxotyp\u00edes - T\u00e9chniPainting - Silk Screen - Art","url":"https:\/\/ikastikos-kiklos.com\/en\/","logo":{"@type":"ImageObject","inLanguage":"en-US","@id":"https:\/\/ikastikos-kiklos.com\/en\/#\/schema\/logo\/image\/","url":"https:\/\/ikastikos-kiklos.com\/wp-content\/uploads\/2022\/10\/cropped-favicon_ikastikos.png","contentUrl":"https:\/\/ikastikos-kiklos.com\/wp-content\/uploads\/2022\/10\/cropped-favicon_ikastikos.png","width":512,"height":512,"caption":"Ikastikos Kiklos - Zografik\u00ed - Metaxotyp\u00edes - T\u00e9chniPainting - Silk Screen - Art"},"image":{"@id":"https:\/\/ikastikos-kiklos.com\/en\/#\/schema\/logo\/image\/"},"sameAs":["https:\/\/www.facebook.com\/ikastikoskiklossianti\/"]}]}},"_links":{"self":[{"href":"https:\/\/ikastikos-kiklos.com\/en\/wp-json\/wp\/v2\/product\/3155","targetHints":{"allow":["GET"]}}],"collection":[{"href":"https:\/\/ikastikos-kiklos.com\/en\/wp-json\/wp\/v2\/product"}],"about":[{"href":"https:\/\/ikastikos-kiklos.com\/en\/wp-json\/wp\/v2\/types\/product"}],"wp:featuredmedia":[{"embeddable":true,"href":"https:\/\/ikastikos-kiklos.com\/en\/wp-json\/wp\/v2\/media\/40761"}],"wp:attachment":[{"href":"https:\/\/ikastikos-kiklos.com\/en\/wp-json\/wp\/v2\/media?parent=3155"}],"wp:term":[{"taxonomy":"product_brand","embeddable":true,"href":"https:\/\/ikastikos-kiklos.com\/en\/wp-json\/wp\/v2\/product_brand?post=3155"},{"taxonomy":"product_cat","embeddable":true,"href":"https:\/\/ikastikos-kiklos.com\/en\/wp-json\/wp\/v2\/product_cat?post=3155"},{"taxonomy":"product_tag","embeddable":true,"href":"https:\/\/ikastikos-kiklos.com\/en\/wp-json\/wp\/v2\/product_tag?post=3155"}],"curies":[{"name":"wp","href":"https:\/\/api.w.org\/{rel}","templated":true}]}}