{"id":3151,"date":"2016-07-07T16:06:53","date_gmt":"2016-07-07T13:06:53","guid":{"rendered":"http:\/\/ikastikos-kiklos.com\/\u03c0\u03c1\u03bf\u03ca\u03cc\u03bd\/%ce%ac%cf%86%ce%b9%ce%be%ce%b7\/?lang=en"},"modified":"2018-05-15T16:26:16","modified_gmt":"2018-05-15T13:26:16","slug":"%ce%ac%cf%86%ce%b9%ce%be%ce%b7","status":"publish","type":"product","link":"https:\/\/ikastikos-kiklos.com\/en\/product\/%ce%ac%cf%86%ce%b9%ce%be%ce%b7\/","title":{"rendered":"Arrival"},"content":{"rendered":"<header class=\"title-container\">Pop art gave him the freedom to often ironically blend modern consumer items into ancient or biblical themes, or even to bring real objects into the painting composition, thus creating a stimulating ambiguity. In addition, hyperrealism encouraged him to paint the objects in a plausible way, but he does not rely exclusively on photography, because Drouga is studying his composition from natural. By doing this, he can adjust anything he wants by looking at it and then chooses what he wishes to declare, to reject or imply in his pictures, says the director of the National Gallery Marina Lambraki-Plaka.Source: espressonews.gr<\/p>\n<\/header>\n","protected":false},"excerpt":{"rendered":"<p>Silkscreen hand numbered and signed by Achilleas Drougas. Edition of 195 prints.<\/p>\n<p>&nbsp;<\/p>\n","protected":false},"featured_media":46764,"template":"","meta":{"ngg_post_thumbnail":0},"product_brand":[],"product_cat":[398,1987,396,1991],"product_tag":[2278,2325,2224,2491],"class_list":{"0":"post-3151","1":"product","2":"type-product","3":"status-publish","4":"has-post-thumbnail","6":"product_cat-collections","7":"product_cat-eshop-en","8":"product_cat-silkscreens","9":"product_cat-silkscreens-shop","10":"product_tag---en","11":"product_tag-arrival-en-2","12":"product_tag-silkscreen-en","13":"product_tag-wedding-gifts","14":"product_shipping_class-0-2kg","16":"first","17":"instock","18":"taxable","19":"shipping-taxable","20":"purchasable","21":"product-type-simple"},"yoast_head":"<!-- This site is optimized with the Yoast SEO plugin v27.2 - https:\/\/yoast.com\/product\/yoast-seo-wordpress\/ -->\n<title>Arrival Silkscreen by Drougas Achilleas at Ikastikos Kiklos Sianti Gallery.<\/title>\n<meta name=\"description\" content=\"Arrival Silkscreen by Drougas Achilleas at Ikastikos Kiklos Sianti Gallery. 195 copies numbered and signed by the artist. Dimensions 74 x 96 cm\" \/>\n<meta name=\"robots\" content=\"index, follow, max-snippet:-1, max-image-preview:large, max-video-preview:-1\" \/>\n<link rel=\"canonical\" href=\"https:\/\/ikastikos-kiklos.com\/en\/product\/\u03ac\u03c6\u03b9\u03be\u03b7\/\" \/>\n<meta property=\"og:locale\" content=\"en_US\" \/>\n<meta property=\"og:type\" content=\"article\" \/>\n<meta property=\"og:title\" content=\"Arrival Silkscreen by Drougas Achilleas at Ikastikos Kiklos Sianti Gallery.\" \/>\n<meta property=\"og:description\" content=\"Arrival Silkscreen by Drougas Achilleas at Ikastikos Kiklos Sianti Gallery. 195 copies numbered and signed by the artist. Dimensions 74 x 96 cm\" \/>\n<meta property=\"og:url\" content=\"https:\/\/ikastikos-kiklos.com\/en\/product\/\u03ac\u03c6\u03b9\u03be\u03b7\/\" \/>\n<meta property=\"og:site_name\" content=\"Ikastikos Kiklos - Zografik\u00ed - Metaxotyp\u00edes - T\u00e9chniPainting - Silk Screen - Art\" \/>\n<meta property=\"article:publisher\" content=\"https:\/\/www.facebook.com\/ikastikoskiklossianti\/\" \/>\n<meta property=\"article:modified_time\" content=\"2018-05-15T13:26:16+00:00\" \/>\n<meta property=\"og:image\" content=\"https:\/\/ikastikos-kiklos.com\/wp-content\/uploads\/2016\/07\/scene-no2-gizelle-enlarge.jpg\" \/>\n\t<meta property=\"og:image:width\" content=\"300\" \/>\n\t<meta property=\"og:image:height\" content=\"300\" \/>\n\t<meta property=\"og:image:type\" content=\"image\/jpeg\" \/>\n<meta name=\"twitter:card\" content=\"summary_large_image\" \/>\n<meta name=\"twitter:label1\" content=\"Est. reading time\" \/>\n\t<meta name=\"twitter:data1\" content=\"1 minute\" \/>\n<script type=\"application\/ld+json\" class=\"yoast-schema-graph\">{\"@context\":\"https:\/\/schema.org\",\"@graph\":[{\"@type\":\"WebPage\",\"@id\":\"https:\/\/ikastikos-kiklos.com\/en\/product\/%ce%ac%cf%86%ce%b9%ce%be%ce%b7\/\",\"url\":\"https:\/\/ikastikos-kiklos.com\/en\/product\/%ce%ac%cf%86%ce%b9%ce%be%ce%b7\/\",\"name\":\"Arrival Silkscreen by Drougas Achilleas at Ikastikos Kiklos Sianti Gallery.\",\"isPartOf\":{\"@id\":\"https:\/\/ikastikos-kiklos.com\/en\/#website\"},\"primaryImageOfPage\":{\"@id\":\"https:\/\/ikastikos-kiklos.com\/en\/product\/%ce%ac%cf%86%ce%b9%ce%be%ce%b7\/#primaryimage\"},\"image\":{\"@id\":\"https:\/\/ikastikos-kiklos.com\/en\/product\/%ce%ac%cf%86%ce%b9%ce%be%ce%b7\/#primaryimage\"},\"thumbnailUrl\":\"https:\/\/ikastikos-kiklos.com\/wp-content\/uploads\/2016\/07\/\u03ac\u03c6\u03b9\u03be\u03b7-\u03b1\u03c7\u03b9\u03bb\u03bb\u03ad\u03b1\u03c2-\u03b4\u03c1\u03bf\u03cd\u03b3\u03ba\u03b1\u03c2.jpg\",\"datePublished\":\"2016-07-07T13:06:53+00:00\",\"dateModified\":\"2018-05-15T13:26:16+00:00\",\"description\":\"Arrival Silkscreen by Drougas Achilleas at Ikastikos Kiklos Sianti Gallery. 195 copies numbered and signed by the artist. Dimensions 74 x 96 cm\",\"breadcrumb\":{\"@id\":\"https:\/\/ikastikos-kiklos.com\/en\/product\/%ce%ac%cf%86%ce%b9%ce%be%ce%b7\/#breadcrumb\"},\"inLanguage\":\"en-US\",\"potentialAction\":[{\"@type\":\"ReadAction\",\"target\":[\"https:\/\/ikastikos-kiklos.com\/en\/product\/%ce%ac%cf%86%ce%b9%ce%be%ce%b7\/\"]}]},{\"@type\":\"ImageObject\",\"inLanguage\":\"en-US\",\"@id\":\"https:\/\/ikastikos-kiklos.com\/en\/product\/%ce%ac%cf%86%ce%b9%ce%be%ce%b7\/#primaryimage\",\"url\":\"https:\/\/ikastikos-kiklos.com\/wp-content\/uploads\/2016\/07\/\u03ac\u03c6\u03b9\u03be\u03b7-\u03b1\u03c7\u03b9\u03bb\u03bb\u03ad\u03b1\u03c2-\u03b4\u03c1\u03bf\u03cd\u03b3\u03ba\u03b1\u03c2.jpg\",\"contentUrl\":\"https:\/\/ikastikos-kiklos.com\/wp-content\/uploads\/2016\/07\/\u03ac\u03c6\u03b9\u03be\u03b7-\u03b1\u03c7\u03b9\u03bb\u03bb\u03ad\u03b1\u03c2-\u03b4\u03c1\u03bf\u03cd\u03b3\u03ba\u03b1\u03c2.jpg\",\"width\":1000,\"height\":1364,\"caption\":\"\u03ac\u03c6\u03b9\u03be\u03b7-\u03b1\u03c7\u03b9\u03bb\u03bb\u03ad\u03b1\u03c2-\u03b4\u03c1\u03bf\u03cd\u03b3\u03ba\u03b1\u03c2\"},{\"@type\":\"BreadcrumbList\",\"@id\":\"https:\/\/ikastikos-kiklos.com\/en\/product\/%ce%ac%cf%86%ce%b9%ce%be%ce%b7\/#breadcrumb\",\"itemListElement\":[{\"@type\":\"ListItem\",\"position\":1,\"name\":\"Home\",\"item\":\"https:\/\/ikastikos-kiklos.com\/en\/\"},{\"@type\":\"ListItem\",\"position\":2,\"name\":\"\u0388\u03c1\u03b3\u03b1 \u03c4\u03ad\u03c7\u03bd\u03b7\u03c2\",\"item\":\"https:\/\/ikastikos-kiklos.com\/%ce%ad%cf%81%ce%b3%ce%b1-%cf%84%ce%ad%cf%87%ce%bd%ce%b7%cf%82\/\"},{\"@type\":\"ListItem\",\"position\":3,\"name\":\"Arrival\"}]},{\"@type\":\"WebSite\",\"@id\":\"https:\/\/ikastikos-kiklos.com\/en\/#website\",\"url\":\"https:\/\/ikastikos-kiklos.com\/en\/\",\"name\":\"Ikastikos Kiklos - Zografik\u00ed - Metaxotyp\u00edes - T\u00e9chniPainting - Silk Screen - Art\",\"description\":\"\",\"publisher\":{\"@id\":\"https:\/\/ikastikos-kiklos.com\/en\/#organization\"},\"potentialAction\":[{\"@type\":\"SearchAction\",\"target\":{\"@type\":\"EntryPoint\",\"urlTemplate\":\"https:\/\/ikastikos-kiklos.com\/en\/?s={search_term_string}\"},\"query-input\":{\"@type\":\"PropertyValueSpecification\",\"valueRequired\":true,\"valueName\":\"search_term_string\"}}],\"inLanguage\":\"en-US\"},{\"@type\":\"Organization\",\"@id\":\"https:\/\/ikastikos-kiklos.com\/en\/#organization\",\"name\":\"Ikastikos Kiklos - Zografik\u00ed - Metaxotyp\u00edes - T\u00e9chniPainting - Silk Screen - Art\",\"url\":\"https:\/\/ikastikos-kiklos.com\/en\/\",\"logo\":{\"@type\":\"ImageObject\",\"inLanguage\":\"en-US\",\"@id\":\"https:\/\/ikastikos-kiklos.com\/en\/#\/schema\/logo\/image\/\",\"url\":\"https:\/\/ikastikos-kiklos.com\/wp-content\/uploads\/2022\/10\/cropped-favicon_ikastikos.png\",\"contentUrl\":\"https:\/\/ikastikos-kiklos.com\/wp-content\/uploads\/2022\/10\/cropped-favicon_ikastikos.png\",\"width\":512,\"height\":512,\"caption\":\"Ikastikos Kiklos - Zografik\u00ed - Metaxotyp\u00edes - T\u00e9chniPainting - Silk Screen - Art\"},\"image\":{\"@id\":\"https:\/\/ikastikos-kiklos.com\/en\/#\/schema\/logo\/image\/\"},\"sameAs\":[\"https:\/\/www.facebook.com\/ikastikoskiklossianti\/\"]}]}<\/script>\n<!-- \/ Yoast SEO plugin. -->","yoast_head_json":{"title":"Arrival Silkscreen by Drougas Achilleas at Ikastikos Kiklos Sianti Gallery.","description":"Arrival Silkscreen by Drougas Achilleas at Ikastikos Kiklos Sianti Gallery. 195 copies numbered and signed by the artist. Dimensions 74 x 96 cm","robots":{"index":"index","follow":"follow","max-snippet":"max-snippet:-1","max-image-preview":"max-image-preview:large","max-video-preview":"max-video-preview:-1"},"canonical":"https:\/\/ikastikos-kiklos.com\/en\/product\/\u03ac\u03c6\u03b9\u03be\u03b7\/","og_locale":"en_US","og_type":"article","og_title":"Arrival Silkscreen by Drougas Achilleas at Ikastikos Kiklos Sianti Gallery.","og_description":"Arrival Silkscreen by Drougas Achilleas at Ikastikos Kiklos Sianti Gallery. 195 copies numbered and signed by the artist. Dimensions 74 x 96 cm","og_url":"https:\/\/ikastikos-kiklos.com\/en\/product\/\u03ac\u03c6\u03b9\u03be\u03b7\/","og_site_name":"Ikastikos Kiklos - Zografik\u00ed - Metaxotyp\u00edes - T\u00e9chniPainting - Silk Screen - Art","article_publisher":"https:\/\/www.facebook.com\/ikastikoskiklossianti\/","article_modified_time":"2018-05-15T13:26:16+00:00","og_image":[{"width":300,"height":300,"url":"https:\/\/ikastikos-kiklos.com\/wp-content\/uploads\/2016\/07\/scene-no2-gizelle-enlarge.jpg","type":"image\/jpeg"}],"twitter_card":"summary_large_image","twitter_misc":{"Est. reading time":"1 minute"},"schema":{"@context":"https:\/\/schema.org","@graph":[{"@type":"WebPage","@id":"https:\/\/ikastikos-kiklos.com\/en\/product\/%ce%ac%cf%86%ce%b9%ce%be%ce%b7\/","url":"https:\/\/ikastikos-kiklos.com\/en\/product\/%ce%ac%cf%86%ce%b9%ce%be%ce%b7\/","name":"Arrival Silkscreen by Drougas Achilleas at Ikastikos Kiklos Sianti Gallery.","isPartOf":{"@id":"https:\/\/ikastikos-kiklos.com\/en\/#website"},"primaryImageOfPage":{"@id":"https:\/\/ikastikos-kiklos.com\/en\/product\/%ce%ac%cf%86%ce%b9%ce%be%ce%b7\/#primaryimage"},"image":{"@id":"https:\/\/ikastikos-kiklos.com\/en\/product\/%ce%ac%cf%86%ce%b9%ce%be%ce%b7\/#primaryimage"},"thumbnailUrl":"https:\/\/ikastikos-kiklos.com\/wp-content\/uploads\/2016\/07\/\u03ac\u03c6\u03b9\u03be\u03b7-\u03b1\u03c7\u03b9\u03bb\u03bb\u03ad\u03b1\u03c2-\u03b4\u03c1\u03bf\u03cd\u03b3\u03ba\u03b1\u03c2.jpg","datePublished":"2016-07-07T13:06:53+00:00","dateModified":"2018-05-15T13:26:16+00:00","description":"Arrival Silkscreen by Drougas Achilleas at Ikastikos Kiklos Sianti Gallery. 195 copies numbered and signed by the artist. Dimensions 74 x 96 cm","breadcrumb":{"@id":"https:\/\/ikastikos-kiklos.com\/en\/product\/%ce%ac%cf%86%ce%b9%ce%be%ce%b7\/#breadcrumb"},"inLanguage":"en-US","potentialAction":[{"@type":"ReadAction","target":["https:\/\/ikastikos-kiklos.com\/en\/product\/%ce%ac%cf%86%ce%b9%ce%be%ce%b7\/"]}]},{"@type":"ImageObject","inLanguage":"en-US","@id":"https:\/\/ikastikos-kiklos.com\/en\/product\/%ce%ac%cf%86%ce%b9%ce%be%ce%b7\/#primaryimage","url":"https:\/\/ikastikos-kiklos.com\/wp-content\/uploads\/2016\/07\/\u03ac\u03c6\u03b9\u03be\u03b7-\u03b1\u03c7\u03b9\u03bb\u03bb\u03ad\u03b1\u03c2-\u03b4\u03c1\u03bf\u03cd\u03b3\u03ba\u03b1\u03c2.jpg","contentUrl":"https:\/\/ikastikos-kiklos.com\/wp-content\/uploads\/2016\/07\/\u03ac\u03c6\u03b9\u03be\u03b7-\u03b1\u03c7\u03b9\u03bb\u03bb\u03ad\u03b1\u03c2-\u03b4\u03c1\u03bf\u03cd\u03b3\u03ba\u03b1\u03c2.jpg","width":1000,"height":1364,"caption":"\u03ac\u03c6\u03b9\u03be\u03b7-\u03b1\u03c7\u03b9\u03bb\u03bb\u03ad\u03b1\u03c2-\u03b4\u03c1\u03bf\u03cd\u03b3\u03ba\u03b1\u03c2"},{"@type":"BreadcrumbList","@id":"https:\/\/ikastikos-kiklos.com\/en\/product\/%ce%ac%cf%86%ce%b9%ce%be%ce%b7\/#breadcrumb","itemListElement":[{"@type":"ListItem","position":1,"name":"Home","item":"https:\/\/ikastikos-kiklos.com\/en\/"},{"@type":"ListItem","position":2,"name":"\u0388\u03c1\u03b3\u03b1 \u03c4\u03ad\u03c7\u03bd\u03b7\u03c2","item":"https:\/\/ikastikos-kiklos.com\/%ce%ad%cf%81%ce%b3%ce%b1-%cf%84%ce%ad%cf%87%ce%bd%ce%b7%cf%82\/"},{"@type":"ListItem","position":3,"name":"Arrival"}]},{"@type":"WebSite","@id":"https:\/\/ikastikos-kiklos.com\/en\/#website","url":"https:\/\/ikastikos-kiklos.com\/en\/","name":"Ikastikos Kiklos - Zografik\u00ed - Metaxotyp\u00edes - T\u00e9chniPainting - Silk Screen - Art","description":"","publisher":{"@id":"https:\/\/ikastikos-kiklos.com\/en\/#organization"},"potentialAction":[{"@type":"SearchAction","target":{"@type":"EntryPoint","urlTemplate":"https:\/\/ikastikos-kiklos.com\/en\/?s={search_term_string}"},"query-input":{"@type":"PropertyValueSpecification","valueRequired":true,"valueName":"search_term_string"}}],"inLanguage":"en-US"},{"@type":"Organization","@id":"https:\/\/ikastikos-kiklos.com\/en\/#organization","name":"Ikastikos Kiklos - Zografik\u00ed - Metaxotyp\u00edes - T\u00e9chniPainting - Silk Screen - Art","url":"https:\/\/ikastikos-kiklos.com\/en\/","logo":{"@type":"ImageObject","inLanguage":"en-US","@id":"https:\/\/ikastikos-kiklos.com\/en\/#\/schema\/logo\/image\/","url":"https:\/\/ikastikos-kiklos.com\/wp-content\/uploads\/2022\/10\/cropped-favicon_ikastikos.png","contentUrl":"https:\/\/ikastikos-kiklos.com\/wp-content\/uploads\/2022\/10\/cropped-favicon_ikastikos.png","width":512,"height":512,"caption":"Ikastikos Kiklos - Zografik\u00ed - Metaxotyp\u00edes - T\u00e9chniPainting - Silk Screen - Art"},"image":{"@id":"https:\/\/ikastikos-kiklos.com\/en\/#\/schema\/logo\/image\/"},"sameAs":["https:\/\/www.facebook.com\/ikastikoskiklossianti\/"]}]}},"_links":{"self":[{"href":"https:\/\/ikastikos-kiklos.com\/en\/wp-json\/wp\/v2\/product\/3151","targetHints":{"allow":["GET"]}}],"collection":[{"href":"https:\/\/ikastikos-kiklos.com\/en\/wp-json\/wp\/v2\/product"}],"about":[{"href":"https:\/\/ikastikos-kiklos.com\/en\/wp-json\/wp\/v2\/types\/product"}],"wp:featuredmedia":[{"embeddable":true,"href":"https:\/\/ikastikos-kiklos.com\/en\/wp-json\/wp\/v2\/media\/46764"}],"wp:attachment":[{"href":"https:\/\/ikastikos-kiklos.com\/en\/wp-json\/wp\/v2\/media?parent=3151"}],"wp:term":[{"taxonomy":"product_brand","embeddable":true,"href":"https:\/\/ikastikos-kiklos.com\/en\/wp-json\/wp\/v2\/product_brand?post=3151"},{"taxonomy":"product_cat","embeddable":true,"href":"https:\/\/ikastikos-kiklos.com\/en\/wp-json\/wp\/v2\/product_cat?post=3151"},{"taxonomy":"product_tag","embeddable":true,"href":"https:\/\/ikastikos-kiklos.com\/en\/wp-json\/wp\/v2\/product_tag?post=3151"}],"curies":[{"name":"wp","href":"https:\/\/api.w.org\/{rel}","templated":true}]}}