{"id":3147,"date":"2016-07-07T15:41:00","date_gmt":"2016-07-07T15:41:00","guid":{"rendered":"http:\/\/ikastikos-kiklos.com\/\u03c0\u03c1\u03bf\u03ca\u03cc\u03bd\/%ce%ac%cf%84%ce%b9%cf%84%ce%bb%ce%bf-2\/?lang=en"},"modified":"2018-06-01T14:24:16","modified_gmt":"2018-06-01T11:24:16","slug":"%ce%ac%cf%84%ce%b9%cf%84%ce%bb%ce%bf-2","status":"publish","type":"product","link":"https:\/\/ikastikos-kiklos.com\/en\/product\/%ce%ac%cf%84%ce%b9%cf%84%ce%bb%ce%bf-2\/","title":{"rendered":"Untitled"},"content":{"rendered":"<p>Spending his time equally between painting and engraving, he focused on the human form and especially on the female one, which dominates in compositions combining expressions of cubism, expressionism and surrealism. Source: paletaart.wordpress.com<\/p>\n","protected":false},"excerpt":{"rendered":"<p>Silkscreen hand numbered and signed by Christos Sarakatsianos. Edition of 99 prints.<\/p>\n<p>&nbsp;<\/p>\n","protected":false},"featured_media":12350,"template":"","meta":{"ngg_post_thumbnail":0},"product_brand":[],"product_cat":[398,1987,396,1991],"product_tag":[2724,2224,2491],"class_list":{"0":"post-3147","1":"product","2":"type-product","3":"status-publish","4":"has-post-thumbnail","6":"product_cat-collections","7":"product_cat-eshop-en","8":"product_cat-silkscreens","9":"product_cat-silkscreens-shop","10":"product_tag-sarakatsianos-christos","11":"product_tag-silkscreen-en","12":"product_tag-wedding-gifts","13":"product_shipping_class-0-2kg","15":"first","16":"instock","17":"taxable","18":"shipping-taxable","19":"purchasable","20":"product-type-simple"},"yoast_head":"<!-- This site is optimized with the Yoast SEO plugin v27.2 - https:\/\/yoast.com\/product\/yoast-seo-wordpress\/ -->\n<title>Untitled Silkscreen by Sarakatsianos Christos at Ikastikos Kiklos Sianti Gallery.<\/title>\n<meta name=\"description\" content=\"Untitled Silkscreen by Sarakatsianos Christos at Ikastikos Kiklos Sianti Gallery. 150 copies numbered and signed by the artist. Dimensions 48 x 68 cm\" \/>\n<meta name=\"robots\" content=\"index, follow, max-snippet:-1, max-image-preview:large, max-video-preview:-1\" \/>\n<link rel=\"canonical\" href=\"https:\/\/ikastikos-kiklos.com\/en\/product\/\u03ac\u03c4\u03b9\u03c4\u03bb\u03bf-2\/\" \/>\n<meta property=\"og:locale\" content=\"en_US\" \/>\n<meta property=\"og:type\" content=\"article\" \/>\n<meta property=\"og:title\" content=\"Untitled Silkscreen by Sarakatsianos Christos at Ikastikos Kiklos Sianti Gallery.\" \/>\n<meta property=\"og:description\" content=\"Untitled Silkscreen by Sarakatsianos Christos at Ikastikos Kiklos Sianti Gallery. 150 copies numbered and signed by the artist. Dimensions 48 x 68 cm\" \/>\n<meta property=\"og:url\" content=\"https:\/\/ikastikos-kiklos.com\/en\/product\/\u03ac\u03c4\u03b9\u03c4\u03bb\u03bf-2\/\" \/>\n<meta property=\"og:site_name\" content=\"Ikastikos Kiklos - Zografik\u00ed - Metaxotyp\u00edes - T\u00e9chniPainting - Silk Screen - Art\" \/>\n<meta property=\"article:publisher\" content=\"https:\/\/www.facebook.com\/ikastikoskiklossianti\/\" \/>\n<meta property=\"article:modified_time\" content=\"2018-06-01T11:24:16+00:00\" \/>\n<meta property=\"og:image\" content=\"https:\/\/ikastikos-kiklos.com\/wp-content\/uploads\/2016\/07\/Job_2941-e1522341546387.jpg\" \/>\n\t<meta property=\"og:image:width\" content=\"800\" \/>\n\t<meta property=\"og:image:height\" content=\"1115\" \/>\n\t<meta property=\"og:image:type\" content=\"image\/jpeg\" \/>\n<meta name=\"twitter:card\" content=\"summary_large_image\" \/>\n<script type=\"application\/ld+json\" class=\"yoast-schema-graph\">{\"@context\":\"https:\/\/schema.org\",\"@graph\":[{\"@type\":\"WebPage\",\"@id\":\"https:\/\/ikastikos-kiklos.com\/en\/product\/%ce%ac%cf%84%ce%b9%cf%84%ce%bb%ce%bf-2\/\",\"url\":\"https:\/\/ikastikos-kiklos.com\/en\/product\/%ce%ac%cf%84%ce%b9%cf%84%ce%bb%ce%bf-2\/\",\"name\":\"Untitled Silkscreen by Sarakatsianos Christos at Ikastikos Kiklos Sianti Gallery.\",\"isPartOf\":{\"@id\":\"https:\/\/ikastikos-kiklos.com\/en\/#website\"},\"primaryImageOfPage\":{\"@id\":\"https:\/\/ikastikos-kiklos.com\/en\/product\/%ce%ac%cf%84%ce%b9%cf%84%ce%bb%ce%bf-2\/#primaryimage\"},\"image\":{\"@id\":\"https:\/\/ikastikos-kiklos.com\/en\/product\/%ce%ac%cf%84%ce%b9%cf%84%ce%bb%ce%bf-2\/#primaryimage\"},\"thumbnailUrl\":\"https:\/\/ikastikos-kiklos.com\/wp-content\/uploads\/2016\/07\/Job_2941-e1522341546387.jpg\",\"datePublished\":\"2016-07-07T15:41:00+00:00\",\"dateModified\":\"2018-06-01T11:24:16+00:00\",\"description\":\"Untitled Silkscreen by Sarakatsianos Christos at Ikastikos Kiklos Sianti Gallery. 150 copies numbered and signed by the artist. Dimensions 48 x 68 cm\",\"breadcrumb\":{\"@id\":\"https:\/\/ikastikos-kiklos.com\/en\/product\/%ce%ac%cf%84%ce%b9%cf%84%ce%bb%ce%bf-2\/#breadcrumb\"},\"inLanguage\":\"en-US\",\"potentialAction\":[{\"@type\":\"ReadAction\",\"target\":[\"https:\/\/ikastikos-kiklos.com\/en\/product\/%ce%ac%cf%84%ce%b9%cf%84%ce%bb%ce%bf-2\/\"]}]},{\"@type\":\"ImageObject\",\"inLanguage\":\"en-US\",\"@id\":\"https:\/\/ikastikos-kiklos.com\/en\/product\/%ce%ac%cf%84%ce%b9%cf%84%ce%bb%ce%bf-2\/#primaryimage\",\"url\":\"https:\/\/ikastikos-kiklos.com\/wp-content\/uploads\/2016\/07\/Job_2941-e1522341546387.jpg\",\"contentUrl\":\"https:\/\/ikastikos-kiklos.com\/wp-content\/uploads\/2016\/07\/Job_2941-e1522341546387.jpg\",\"width\":800,\"height\":1115,\"caption\":\"\u039c\u03b5\u03c4\u03b1\u03be\u03bf\u03c4\u03c5\u03c0\u03af\u03b1 \u03c4\u03bf\u03c5 \u03a7\u03c1\u03ae\u03c3\u03c4\u03bf\u03c5 \u03a3\u03b1\u03c1\u03b1\u03ba\u03b1\u03c4\u03c3\u03b9\u03ac\u03bd\u03bf\u03c5 \u03b1\u03c0\u03cc \u03c4\u03bf\u03bd \u0395\u03b9\u03ba\u03b1\u03c3\u03c4\u03b9\u03ba\u03cc \u039a\u03cd\u03ba\u03bb\u03bf\"},{\"@type\":\"BreadcrumbList\",\"@id\":\"https:\/\/ikastikos-kiklos.com\/en\/product\/%ce%ac%cf%84%ce%b9%cf%84%ce%bb%ce%bf-2\/#breadcrumb\",\"itemListElement\":[{\"@type\":\"ListItem\",\"position\":1,\"name\":\"Home\",\"item\":\"https:\/\/ikastikos-kiklos.com\/en\/\"},{\"@type\":\"ListItem\",\"position\":2,\"name\":\"\u0388\u03c1\u03b3\u03b1 \u03c4\u03ad\u03c7\u03bd\u03b7\u03c2\",\"item\":\"https:\/\/ikastikos-kiklos.com\/%ce%ad%cf%81%ce%b3%ce%b1-%cf%84%ce%ad%cf%87%ce%bd%ce%b7%cf%82\/\"},{\"@type\":\"ListItem\",\"position\":3,\"name\":\"Untitled\"}]},{\"@type\":\"WebSite\",\"@id\":\"https:\/\/ikastikos-kiklos.com\/en\/#website\",\"url\":\"https:\/\/ikastikos-kiklos.com\/en\/\",\"name\":\"Ikastikos Kiklos - Zografik\u00ed - Metaxotyp\u00edes - T\u00e9chniPainting - Silk Screen - Art\",\"description\":\"\",\"publisher\":{\"@id\":\"https:\/\/ikastikos-kiklos.com\/en\/#organization\"},\"potentialAction\":[{\"@type\":\"SearchAction\",\"target\":{\"@type\":\"EntryPoint\",\"urlTemplate\":\"https:\/\/ikastikos-kiklos.com\/en\/?s={search_term_string}\"},\"query-input\":{\"@type\":\"PropertyValueSpecification\",\"valueRequired\":true,\"valueName\":\"search_term_string\"}}],\"inLanguage\":\"en-US\"},{\"@type\":\"Organization\",\"@id\":\"https:\/\/ikastikos-kiklos.com\/en\/#organization\",\"name\":\"Ikastikos Kiklos - Zografik\u00ed - Metaxotyp\u00edes - T\u00e9chniPainting - Silk Screen - Art\",\"url\":\"https:\/\/ikastikos-kiklos.com\/en\/\",\"logo\":{\"@type\":\"ImageObject\",\"inLanguage\":\"en-US\",\"@id\":\"https:\/\/ikastikos-kiklos.com\/en\/#\/schema\/logo\/image\/\",\"url\":\"https:\/\/ikastikos-kiklos.com\/wp-content\/uploads\/2022\/10\/cropped-favicon_ikastikos.png\",\"contentUrl\":\"https:\/\/ikastikos-kiklos.com\/wp-content\/uploads\/2022\/10\/cropped-favicon_ikastikos.png\",\"width\":512,\"height\":512,\"caption\":\"Ikastikos Kiklos - Zografik\u00ed - Metaxotyp\u00edes - T\u00e9chniPainting - Silk Screen - Art\"},\"image\":{\"@id\":\"https:\/\/ikastikos-kiklos.com\/en\/#\/schema\/logo\/image\/\"},\"sameAs\":[\"https:\/\/www.facebook.com\/ikastikoskiklossianti\/\"]}]}<\/script>\n<!-- \/ Yoast SEO plugin. -->","yoast_head_json":{"title":"Untitled Silkscreen by Sarakatsianos Christos at Ikastikos Kiklos Sianti Gallery.","description":"Untitled Silkscreen by Sarakatsianos Christos at Ikastikos Kiklos Sianti Gallery. 150 copies numbered and signed by the artist. Dimensions 48 x 68 cm","robots":{"index":"index","follow":"follow","max-snippet":"max-snippet:-1","max-image-preview":"max-image-preview:large","max-video-preview":"max-video-preview:-1"},"canonical":"https:\/\/ikastikos-kiklos.com\/en\/product\/\u03ac\u03c4\u03b9\u03c4\u03bb\u03bf-2\/","og_locale":"en_US","og_type":"article","og_title":"Untitled Silkscreen by Sarakatsianos Christos at Ikastikos Kiklos Sianti Gallery.","og_description":"Untitled Silkscreen by Sarakatsianos Christos at Ikastikos Kiklos Sianti Gallery. 150 copies numbered and signed by the artist. Dimensions 48 x 68 cm","og_url":"https:\/\/ikastikos-kiklos.com\/en\/product\/\u03ac\u03c4\u03b9\u03c4\u03bb\u03bf-2\/","og_site_name":"Ikastikos Kiklos - Zografik\u00ed - Metaxotyp\u00edes - T\u00e9chniPainting - Silk Screen - Art","article_publisher":"https:\/\/www.facebook.com\/ikastikoskiklossianti\/","article_modified_time":"2018-06-01T11:24:16+00:00","og_image":[{"width":800,"height":1115,"url":"https:\/\/ikastikos-kiklos.com\/wp-content\/uploads\/2016\/07\/Job_2941-e1522341546387.jpg","type":"image\/jpeg"}],"twitter_card":"summary_large_image","schema":{"@context":"https:\/\/schema.org","@graph":[{"@type":"WebPage","@id":"https:\/\/ikastikos-kiklos.com\/en\/product\/%ce%ac%cf%84%ce%b9%cf%84%ce%bb%ce%bf-2\/","url":"https:\/\/ikastikos-kiklos.com\/en\/product\/%ce%ac%cf%84%ce%b9%cf%84%ce%bb%ce%bf-2\/","name":"Untitled Silkscreen by Sarakatsianos Christos at Ikastikos Kiklos Sianti Gallery.","isPartOf":{"@id":"https:\/\/ikastikos-kiklos.com\/en\/#website"},"primaryImageOfPage":{"@id":"https:\/\/ikastikos-kiklos.com\/en\/product\/%ce%ac%cf%84%ce%b9%cf%84%ce%bb%ce%bf-2\/#primaryimage"},"image":{"@id":"https:\/\/ikastikos-kiklos.com\/en\/product\/%ce%ac%cf%84%ce%b9%cf%84%ce%bb%ce%bf-2\/#primaryimage"},"thumbnailUrl":"https:\/\/ikastikos-kiklos.com\/wp-content\/uploads\/2016\/07\/Job_2941-e1522341546387.jpg","datePublished":"2016-07-07T15:41:00+00:00","dateModified":"2018-06-01T11:24:16+00:00","description":"Untitled Silkscreen by Sarakatsianos Christos at Ikastikos Kiklos Sianti Gallery. 150 copies numbered and signed by the artist. Dimensions 48 x 68 cm","breadcrumb":{"@id":"https:\/\/ikastikos-kiklos.com\/en\/product\/%ce%ac%cf%84%ce%b9%cf%84%ce%bb%ce%bf-2\/#breadcrumb"},"inLanguage":"en-US","potentialAction":[{"@type":"ReadAction","target":["https:\/\/ikastikos-kiklos.com\/en\/product\/%ce%ac%cf%84%ce%b9%cf%84%ce%bb%ce%bf-2\/"]}]},{"@type":"ImageObject","inLanguage":"en-US","@id":"https:\/\/ikastikos-kiklos.com\/en\/product\/%ce%ac%cf%84%ce%b9%cf%84%ce%bb%ce%bf-2\/#primaryimage","url":"https:\/\/ikastikos-kiklos.com\/wp-content\/uploads\/2016\/07\/Job_2941-e1522341546387.jpg","contentUrl":"https:\/\/ikastikos-kiklos.com\/wp-content\/uploads\/2016\/07\/Job_2941-e1522341546387.jpg","width":800,"height":1115,"caption":"\u039c\u03b5\u03c4\u03b1\u03be\u03bf\u03c4\u03c5\u03c0\u03af\u03b1 \u03c4\u03bf\u03c5 \u03a7\u03c1\u03ae\u03c3\u03c4\u03bf\u03c5 \u03a3\u03b1\u03c1\u03b1\u03ba\u03b1\u03c4\u03c3\u03b9\u03ac\u03bd\u03bf\u03c5 \u03b1\u03c0\u03cc \u03c4\u03bf\u03bd \u0395\u03b9\u03ba\u03b1\u03c3\u03c4\u03b9\u03ba\u03cc \u039a\u03cd\u03ba\u03bb\u03bf"},{"@type":"BreadcrumbList","@id":"https:\/\/ikastikos-kiklos.com\/en\/product\/%ce%ac%cf%84%ce%b9%cf%84%ce%bb%ce%bf-2\/#breadcrumb","itemListElement":[{"@type":"ListItem","position":1,"name":"Home","item":"https:\/\/ikastikos-kiklos.com\/en\/"},{"@type":"ListItem","position":2,"name":"\u0388\u03c1\u03b3\u03b1 \u03c4\u03ad\u03c7\u03bd\u03b7\u03c2","item":"https:\/\/ikastikos-kiklos.com\/%ce%ad%cf%81%ce%b3%ce%b1-%cf%84%ce%ad%cf%87%ce%bd%ce%b7%cf%82\/"},{"@type":"ListItem","position":3,"name":"Untitled"}]},{"@type":"WebSite","@id":"https:\/\/ikastikos-kiklos.com\/en\/#website","url":"https:\/\/ikastikos-kiklos.com\/en\/","name":"Ikastikos Kiklos - Zografik\u00ed - Metaxotyp\u00edes - T\u00e9chniPainting - Silk Screen - Art","description":"","publisher":{"@id":"https:\/\/ikastikos-kiklos.com\/en\/#organization"},"potentialAction":[{"@type":"SearchAction","target":{"@type":"EntryPoint","urlTemplate":"https:\/\/ikastikos-kiklos.com\/en\/?s={search_term_string}"},"query-input":{"@type":"PropertyValueSpecification","valueRequired":true,"valueName":"search_term_string"}}],"inLanguage":"en-US"},{"@type":"Organization","@id":"https:\/\/ikastikos-kiklos.com\/en\/#organization","name":"Ikastikos Kiklos - Zografik\u00ed - Metaxotyp\u00edes - T\u00e9chniPainting - Silk Screen - Art","url":"https:\/\/ikastikos-kiklos.com\/en\/","logo":{"@type":"ImageObject","inLanguage":"en-US","@id":"https:\/\/ikastikos-kiklos.com\/en\/#\/schema\/logo\/image\/","url":"https:\/\/ikastikos-kiklos.com\/wp-content\/uploads\/2022\/10\/cropped-favicon_ikastikos.png","contentUrl":"https:\/\/ikastikos-kiklos.com\/wp-content\/uploads\/2022\/10\/cropped-favicon_ikastikos.png","width":512,"height":512,"caption":"Ikastikos Kiklos - Zografik\u00ed - Metaxotyp\u00edes - T\u00e9chniPainting - Silk Screen - Art"},"image":{"@id":"https:\/\/ikastikos-kiklos.com\/en\/#\/schema\/logo\/image\/"},"sameAs":["https:\/\/www.facebook.com\/ikastikoskiklossianti\/"]}]}},"_links":{"self":[{"href":"https:\/\/ikastikos-kiklos.com\/en\/wp-json\/wp\/v2\/product\/3147","targetHints":{"allow":["GET"]}}],"collection":[{"href":"https:\/\/ikastikos-kiklos.com\/en\/wp-json\/wp\/v2\/product"}],"about":[{"href":"https:\/\/ikastikos-kiklos.com\/en\/wp-json\/wp\/v2\/types\/product"}],"wp:featuredmedia":[{"embeddable":true,"href":"https:\/\/ikastikos-kiklos.com\/en\/wp-json\/wp\/v2\/media\/12350"}],"wp:attachment":[{"href":"https:\/\/ikastikos-kiklos.com\/en\/wp-json\/wp\/v2\/media?parent=3147"}],"wp:term":[{"taxonomy":"product_brand","embeddable":true,"href":"https:\/\/ikastikos-kiklos.com\/en\/wp-json\/wp\/v2\/product_brand?post=3147"},{"taxonomy":"product_cat","embeddable":true,"href":"https:\/\/ikastikos-kiklos.com\/en\/wp-json\/wp\/v2\/product_cat?post=3147"},{"taxonomy":"product_tag","embeddable":true,"href":"https:\/\/ikastikos-kiklos.com\/en\/wp-json\/wp\/v2\/product_tag?post=3147"}],"curies":[{"name":"wp","href":"https:\/\/api.w.org\/{rel}","templated":true}]}}