{"id":3140,"date":"2016-07-07T14:47:51","date_gmt":"2016-07-07T14:47:51","guid":{"rendered":"http:\/\/ikastikos-kiklos.com\/\u03c0\u03c1\u03bf\u03ca\u03cc\u03bd\/%ce%b1%cf%80%cf%8c-%cf%84%ce%bf-%ce%bc%cf%80%ce%b1%ce%bb%ce%ba%cf%8c%ce%bd%ce%b9-%ce%bc%ce%bf%cf%85\/?lang=en"},"modified":"2017-09-03T18:29:29","modified_gmt":"2017-09-03T15:29:29","slug":"%ce%b1%cf%80%cf%8c-%cf%84%ce%bf-%ce%bc%cf%80%ce%b1%ce%bb%ce%ba%cf%8c%ce%bd%ce%b9-%ce%bc%ce%bf%cf%85","status":"publish","type":"product","link":"https:\/\/ikastikos-kiklos.com\/en\/product\/%ce%b1%cf%80%cf%8c-%cf%84%ce%bf-%ce%bc%cf%80%ce%b1%ce%bb%ce%ba%cf%8c%ce%bd%ce%b9-%ce%bc%ce%bf%cf%85\/","title":{"rendered":"From my balcony"},"content":{"rendered":"<header class=\"title-container\">The compositions by Achilles Drouga are classic. The painter directs his motifs with balance and controlled precision. The painting process is slow, incorporating the duration into the poetry itself. All in the compositions of Drouga are as final as in engraving, which is also the other art method her had studied. There, the tools &#8220;hurt&#8221;, the material without any room for repentance. The movement of the fine brushes used by the painter penetrate the undisturbed fluctuations of light on the surface of the objects by alternating their texture, producing a variety of &#8220;sounds&#8221; and rhythms that are experienced by the viewer&#8217;s eyes as they explore the image in front of them. Light plays a leading role in the painting of Achilles Drouga. It is a spiritual light, a light that diffuses and captures the objects by blocking intense shadows. Inside this vivid light, things, shapes and colors acquire their platonic purity. Drouga never distorts the color by blending. That is why it is wrong to compare him with Caravaggio. His light is Greek in his most spiritual being. It is the light of the Greek-poets: Solomos, Sicilianus, Elytis. Drouga&#8217;s painting reveals a world that is clear, sharp and passionate, an ideal place full of silence, tranquility and contemplation.<\/p>\n<p>Source: <a href=\"http:\/\/www.tovima.gr\/culture\/article\/?aid=265287\">tovima.gr<\/a><\/p>\n<\/header>\n","protected":false},"excerpt":{"rendered":"<p>Silkscreen numbered and signed by Achilles Drouga.<\/p>\n<p>As art historian Yiannis Kolokotronis notes: &#8220;\u2026these are not just impressive visual games of seduction but also a synergistic response to the everyday problems during the four years of the economic crisis &#8230; And what we have to appreciate in Drouga is that he has the freedom of craftsmanship to paint the relationships between form and material. And that mirrors unexpected emotions and instinctive impressions of the relationships and concepts objects have. &#8221;<\/p>\n<p>Source: <a href=\"http:\/\/www.naftemporiki.gr\/story\/639343\/i-trisdiastati-pseudaisthisi-mias-thliberis-pragmatikotitas\">www.naftemporiki.gr<\/a><\/p>\n","protected":false},"featured_media":46762,"template":"","meta":{"ngg_post_thumbnail":0},"product_brand":[],"product_cat":[398,1987,396,1991],"product_tag":[2278,2349,2224],"class_list":{"0":"post-3140","1":"product","2":"type-product","3":"status-publish","4":"has-post-thumbnail","6":"product_cat-collections","7":"product_cat-eshop-en","8":"product_cat-silkscreens","9":"product_cat-silkscreens-shop","10":"product_tag---en","11":"product_tag-from-my-balcony","12":"product_tag-silkscreen-en","13":"product_shipping_class-0-2kg","15":"first","16":"instock","17":"taxable","18":"shipping-taxable","19":"purchasable","20":"product-type-simple"},"yoast_head":"<!-- This site is optimized with the Yoast SEO plugin v27.2 - https:\/\/yoast.com\/product\/yoast-seo-wordpress\/ -->\n<title>From my Balcony Silkscreen by Achilleas Drougas at Ikastikos Kiklos Sianti Gallery.<\/title>\n<meta name=\"description\" content=\"From my Balcony Silkscreen by Achilleas Drougas at Ikastikos Kiklos Sianti Gallery. 180 copies numbered and signed by the artist. Dimensions 77 x 60 cm\" \/>\n<meta name=\"robots\" content=\"index, follow, max-snippet:-1, max-image-preview:large, max-video-preview:-1\" \/>\n<link rel=\"canonical\" href=\"https:\/\/ikastikos-kiklos.com\/en\/product\/\u03b1\u03c0\u03cc-\u03c4\u03bf-\u03bc\u03c0\u03b1\u03bb\u03ba\u03cc\u03bd\u03b9-\u03bc\u03bf\u03c5\/\" \/>\n<meta property=\"og:locale\" content=\"en_US\" \/>\n<meta property=\"og:type\" content=\"article\" \/>\n<meta property=\"og:title\" content=\"From my Balcony Silkscreen by Achilleas Drougas at Ikastikos Kiklos Sianti Gallery.\" \/>\n<meta property=\"og:description\" content=\"From my Balcony Silkscreen by Achilleas Drougas at Ikastikos Kiklos Sianti Gallery. 180 copies numbered and signed by the artist. Dimensions 77 x 60 cm\" \/>\n<meta property=\"og:url\" content=\"https:\/\/ikastikos-kiklos.com\/en\/product\/\u03b1\u03c0\u03cc-\u03c4\u03bf-\u03bc\u03c0\u03b1\u03bb\u03ba\u03cc\u03bd\u03b9-\u03bc\u03bf\u03c5\/\" \/>\n<meta property=\"og:site_name\" content=\"Ikastikos Kiklos - Zografik\u00ed - Metaxotyp\u00edes - T\u00e9chniPainting - Silk Screen - Art\" \/>\n<meta property=\"article:publisher\" content=\"https:\/\/www.facebook.com\/ikastikoskiklossianti\/\" \/>\n<meta property=\"article:modified_time\" content=\"2017-09-03T15:29:29+00:00\" \/>\n<meta property=\"og:image\" content=\"https:\/\/ikastikos-kiklos.com\/wp-content\/uploads\/2016\/07\/apo-to-mpalkoni-mou-enlarge-1.jpg\" \/>\n\t<meta property=\"og:image:width\" content=\"300\" \/>\n\t<meta property=\"og:image:height\" content=\"300\" \/>\n\t<meta property=\"og:image:type\" content=\"image\/jpeg\" \/>\n<meta name=\"twitter:card\" content=\"summary_large_image\" \/>\n<meta name=\"twitter:label1\" content=\"Est. reading time\" \/>\n\t<meta name=\"twitter:data1\" content=\"1 minute\" \/>\n<script type=\"application\/ld+json\" class=\"yoast-schema-graph\">{\"@context\":\"https:\/\/schema.org\",\"@graph\":[{\"@type\":\"WebPage\",\"@id\":\"https:\/\/ikastikos-kiklos.com\/en\/product\/%ce%b1%cf%80%cf%8c-%cf%84%ce%bf-%ce%bc%cf%80%ce%b1%ce%bb%ce%ba%cf%8c%ce%bd%ce%b9-%ce%bc%ce%bf%cf%85\/\",\"url\":\"https:\/\/ikastikos-kiklos.com\/en\/product\/%ce%b1%cf%80%cf%8c-%cf%84%ce%bf-%ce%bc%cf%80%ce%b1%ce%bb%ce%ba%cf%8c%ce%bd%ce%b9-%ce%bc%ce%bf%cf%85\/\",\"name\":\"From my Balcony Silkscreen by Achilleas Drougas at Ikastikos Kiklos Sianti Gallery.\",\"isPartOf\":{\"@id\":\"https:\/\/ikastikos-kiklos.com\/en\/#website\"},\"primaryImageOfPage\":{\"@id\":\"https:\/\/ikastikos-kiklos.com\/en\/product\/%ce%b1%cf%80%cf%8c-%cf%84%ce%bf-%ce%bc%cf%80%ce%b1%ce%bb%ce%ba%cf%8c%ce%bd%ce%b9-%ce%bc%ce%bf%cf%85\/#primaryimage\"},\"image\":{\"@id\":\"https:\/\/ikastikos-kiklos.com\/en\/product\/%ce%b1%cf%80%cf%8c-%cf%84%ce%bf-%ce%bc%cf%80%ce%b1%ce%bb%ce%ba%cf%8c%ce%bd%ce%b9-%ce%bc%ce%bf%cf%85\/#primaryimage\"},\"thumbnailUrl\":\"https:\/\/ikastikos-kiklos.com\/wp-content\/uploads\/2016\/07\/\u03b1\u03c0\u03cc-\u03c4\u03bf-\u03bc\u03c0\u03b1\u03bb\u03ba\u03cc\u03bd\u03b9-\u03bc\u03bf\u03c5-\u03bd\u03b5\u03ba\u03c1\u03ae-\u03c6\u03cd\u03c3\u03b7-\u03b1\u03c7\u03b9\u03bb\u03bb\u03ad\u03b1\u03c2-\u03b4\u03c1\u03bf\u03cd\u03b3\u03ba\u03b1\u03c2.jpg\",\"datePublished\":\"2016-07-07T14:47:51+00:00\",\"dateModified\":\"2017-09-03T15:29:29+00:00\",\"description\":\"From my Balcony Silkscreen by Achilleas Drougas at Ikastikos Kiklos Sianti Gallery. 180 copies numbered and signed by the artist. Dimensions 77 x 60 cm\",\"breadcrumb\":{\"@id\":\"https:\/\/ikastikos-kiklos.com\/en\/product\/%ce%b1%cf%80%cf%8c-%cf%84%ce%bf-%ce%bc%cf%80%ce%b1%ce%bb%ce%ba%cf%8c%ce%bd%ce%b9-%ce%bc%ce%bf%cf%85\/#breadcrumb\"},\"inLanguage\":\"en-US\",\"potentialAction\":[{\"@type\":\"ReadAction\",\"target\":[\"https:\/\/ikastikos-kiklos.com\/en\/product\/%ce%b1%cf%80%cf%8c-%cf%84%ce%bf-%ce%bc%cf%80%ce%b1%ce%bb%ce%ba%cf%8c%ce%bd%ce%b9-%ce%bc%ce%bf%cf%85\/\"]}]},{\"@type\":\"ImageObject\",\"inLanguage\":\"en-US\",\"@id\":\"https:\/\/ikastikos-kiklos.com\/en\/product\/%ce%b1%cf%80%cf%8c-%cf%84%ce%bf-%ce%bc%cf%80%ce%b1%ce%bb%ce%ba%cf%8c%ce%bd%ce%b9-%ce%bc%ce%bf%cf%85\/#primaryimage\",\"url\":\"https:\/\/ikastikos-kiklos.com\/wp-content\/uploads\/2016\/07\/\u03b1\u03c0\u03cc-\u03c4\u03bf-\u03bc\u03c0\u03b1\u03bb\u03ba\u03cc\u03bd\u03b9-\u03bc\u03bf\u03c5-\u03bd\u03b5\u03ba\u03c1\u03ae-\u03c6\u03cd\u03c3\u03b7-\u03b1\u03c7\u03b9\u03bb\u03bb\u03ad\u03b1\u03c2-\u03b4\u03c1\u03bf\u03cd\u03b3\u03ba\u03b1\u03c2.jpg\",\"contentUrl\":\"https:\/\/ikastikos-kiklos.com\/wp-content\/uploads\/2016\/07\/\u03b1\u03c0\u03cc-\u03c4\u03bf-\u03bc\u03c0\u03b1\u03bb\u03ba\u03cc\u03bd\u03b9-\u03bc\u03bf\u03c5-\u03bd\u03b5\u03ba\u03c1\u03ae-\u03c6\u03cd\u03c3\u03b7-\u03b1\u03c7\u03b9\u03bb\u03bb\u03ad\u03b1\u03c2-\u03b4\u03c1\u03bf\u03cd\u03b3\u03ba\u03b1\u03c2.jpg\",\"width\":1500,\"height\":1266,\"caption\":\"\u03b1\u03c0\u03cc-\u03c4\u03bf-\u03bc\u03c0\u03b1\u03bb\u03ba\u03cc\u03bd\u03b9-\u03bc\u03bf\u03c5-\u03bd\u03b5\u03ba\u03c1\u03ae-\u03c6\u03cd\u03c3\u03b7-\u03b1\u03c7\u03b9\u03bb\u03bb\u03ad\u03b1\u03c2-\u03b4\u03c1\u03bf\u03cd\u03b3\u03ba\u03b1\u03c2\"},{\"@type\":\"BreadcrumbList\",\"@id\":\"https:\/\/ikastikos-kiklos.com\/en\/product\/%ce%b1%cf%80%cf%8c-%cf%84%ce%bf-%ce%bc%cf%80%ce%b1%ce%bb%ce%ba%cf%8c%ce%bd%ce%b9-%ce%bc%ce%bf%cf%85\/#breadcrumb\",\"itemListElement\":[{\"@type\":\"ListItem\",\"position\":1,\"name\":\"Home\",\"item\":\"https:\/\/ikastikos-kiklos.com\/en\/\"},{\"@type\":\"ListItem\",\"position\":2,\"name\":\"\u0388\u03c1\u03b3\u03b1 \u03c4\u03ad\u03c7\u03bd\u03b7\u03c2\",\"item\":\"https:\/\/ikastikos-kiklos.com\/%ce%ad%cf%81%ce%b3%ce%b1-%cf%84%ce%ad%cf%87%ce%bd%ce%b7%cf%82\/\"},{\"@type\":\"ListItem\",\"position\":3,\"name\":\"From my balcony\"}]},{\"@type\":\"WebSite\",\"@id\":\"https:\/\/ikastikos-kiklos.com\/en\/#website\",\"url\":\"https:\/\/ikastikos-kiklos.com\/en\/\",\"name\":\"Ikastikos Kiklos - Zografik\u00ed - Metaxotyp\u00edes - T\u00e9chniPainting - Silk Screen - Art\",\"description\":\"\",\"publisher\":{\"@id\":\"https:\/\/ikastikos-kiklos.com\/en\/#organization\"},\"potentialAction\":[{\"@type\":\"SearchAction\",\"target\":{\"@type\":\"EntryPoint\",\"urlTemplate\":\"https:\/\/ikastikos-kiklos.com\/en\/?s={search_term_string}\"},\"query-input\":{\"@type\":\"PropertyValueSpecification\",\"valueRequired\":true,\"valueName\":\"search_term_string\"}}],\"inLanguage\":\"en-US\"},{\"@type\":\"Organization\",\"@id\":\"https:\/\/ikastikos-kiklos.com\/en\/#organization\",\"name\":\"Ikastikos Kiklos - Zografik\u00ed - Metaxotyp\u00edes - T\u00e9chniPainting - Silk Screen - Art\",\"url\":\"https:\/\/ikastikos-kiklos.com\/en\/\",\"logo\":{\"@type\":\"ImageObject\",\"inLanguage\":\"en-US\",\"@id\":\"https:\/\/ikastikos-kiklos.com\/en\/#\/schema\/logo\/image\/\",\"url\":\"https:\/\/ikastikos-kiklos.com\/wp-content\/uploads\/2022\/10\/cropped-favicon_ikastikos.png\",\"contentUrl\":\"https:\/\/ikastikos-kiklos.com\/wp-content\/uploads\/2022\/10\/cropped-favicon_ikastikos.png\",\"width\":512,\"height\":512,\"caption\":\"Ikastikos Kiklos - Zografik\u00ed - Metaxotyp\u00edes - T\u00e9chniPainting - Silk Screen - Art\"},\"image\":{\"@id\":\"https:\/\/ikastikos-kiklos.com\/en\/#\/schema\/logo\/image\/\"},\"sameAs\":[\"https:\/\/www.facebook.com\/ikastikoskiklossianti\/\"]}]}<\/script>\n<!-- \/ Yoast SEO plugin. -->","yoast_head_json":{"title":"From my Balcony Silkscreen by Achilleas Drougas at Ikastikos Kiklos Sianti Gallery.","description":"From my Balcony Silkscreen by Achilleas Drougas at Ikastikos Kiklos Sianti Gallery. 180 copies numbered and signed by the artist. Dimensions 77 x 60 cm","robots":{"index":"index","follow":"follow","max-snippet":"max-snippet:-1","max-image-preview":"max-image-preview:large","max-video-preview":"max-video-preview:-1"},"canonical":"https:\/\/ikastikos-kiklos.com\/en\/product\/\u03b1\u03c0\u03cc-\u03c4\u03bf-\u03bc\u03c0\u03b1\u03bb\u03ba\u03cc\u03bd\u03b9-\u03bc\u03bf\u03c5\/","og_locale":"en_US","og_type":"article","og_title":"From my Balcony Silkscreen by Achilleas Drougas at Ikastikos Kiklos Sianti Gallery.","og_description":"From my Balcony Silkscreen by Achilleas Drougas at Ikastikos Kiklos Sianti Gallery. 180 copies numbered and signed by the artist. Dimensions 77 x 60 cm","og_url":"https:\/\/ikastikos-kiklos.com\/en\/product\/\u03b1\u03c0\u03cc-\u03c4\u03bf-\u03bc\u03c0\u03b1\u03bb\u03ba\u03cc\u03bd\u03b9-\u03bc\u03bf\u03c5\/","og_site_name":"Ikastikos Kiklos - Zografik\u00ed - Metaxotyp\u00edes - T\u00e9chniPainting - Silk Screen - Art","article_publisher":"https:\/\/www.facebook.com\/ikastikoskiklossianti\/","article_modified_time":"2017-09-03T15:29:29+00:00","og_image":[{"width":300,"height":300,"url":"https:\/\/ikastikos-kiklos.com\/wp-content\/uploads\/2016\/07\/apo-to-mpalkoni-mou-enlarge-1.jpg","type":"image\/jpeg"}],"twitter_card":"summary_large_image","twitter_misc":{"Est. reading time":"1 minute"},"schema":{"@context":"https:\/\/schema.org","@graph":[{"@type":"WebPage","@id":"https:\/\/ikastikos-kiklos.com\/en\/product\/%ce%b1%cf%80%cf%8c-%cf%84%ce%bf-%ce%bc%cf%80%ce%b1%ce%bb%ce%ba%cf%8c%ce%bd%ce%b9-%ce%bc%ce%bf%cf%85\/","url":"https:\/\/ikastikos-kiklos.com\/en\/product\/%ce%b1%cf%80%cf%8c-%cf%84%ce%bf-%ce%bc%cf%80%ce%b1%ce%bb%ce%ba%cf%8c%ce%bd%ce%b9-%ce%bc%ce%bf%cf%85\/","name":"From my Balcony Silkscreen by Achilleas Drougas at Ikastikos Kiklos Sianti Gallery.","isPartOf":{"@id":"https:\/\/ikastikos-kiklos.com\/en\/#website"},"primaryImageOfPage":{"@id":"https:\/\/ikastikos-kiklos.com\/en\/product\/%ce%b1%cf%80%cf%8c-%cf%84%ce%bf-%ce%bc%cf%80%ce%b1%ce%bb%ce%ba%cf%8c%ce%bd%ce%b9-%ce%bc%ce%bf%cf%85\/#primaryimage"},"image":{"@id":"https:\/\/ikastikos-kiklos.com\/en\/product\/%ce%b1%cf%80%cf%8c-%cf%84%ce%bf-%ce%bc%cf%80%ce%b1%ce%bb%ce%ba%cf%8c%ce%bd%ce%b9-%ce%bc%ce%bf%cf%85\/#primaryimage"},"thumbnailUrl":"https:\/\/ikastikos-kiklos.com\/wp-content\/uploads\/2016\/07\/\u03b1\u03c0\u03cc-\u03c4\u03bf-\u03bc\u03c0\u03b1\u03bb\u03ba\u03cc\u03bd\u03b9-\u03bc\u03bf\u03c5-\u03bd\u03b5\u03ba\u03c1\u03ae-\u03c6\u03cd\u03c3\u03b7-\u03b1\u03c7\u03b9\u03bb\u03bb\u03ad\u03b1\u03c2-\u03b4\u03c1\u03bf\u03cd\u03b3\u03ba\u03b1\u03c2.jpg","datePublished":"2016-07-07T14:47:51+00:00","dateModified":"2017-09-03T15:29:29+00:00","description":"From my Balcony Silkscreen by Achilleas Drougas at Ikastikos Kiklos Sianti Gallery. 180 copies numbered and signed by the artist. Dimensions 77 x 60 cm","breadcrumb":{"@id":"https:\/\/ikastikos-kiklos.com\/en\/product\/%ce%b1%cf%80%cf%8c-%cf%84%ce%bf-%ce%bc%cf%80%ce%b1%ce%bb%ce%ba%cf%8c%ce%bd%ce%b9-%ce%bc%ce%bf%cf%85\/#breadcrumb"},"inLanguage":"en-US","potentialAction":[{"@type":"ReadAction","target":["https:\/\/ikastikos-kiklos.com\/en\/product\/%ce%b1%cf%80%cf%8c-%cf%84%ce%bf-%ce%bc%cf%80%ce%b1%ce%bb%ce%ba%cf%8c%ce%bd%ce%b9-%ce%bc%ce%bf%cf%85\/"]}]},{"@type":"ImageObject","inLanguage":"en-US","@id":"https:\/\/ikastikos-kiklos.com\/en\/product\/%ce%b1%cf%80%cf%8c-%cf%84%ce%bf-%ce%bc%cf%80%ce%b1%ce%bb%ce%ba%cf%8c%ce%bd%ce%b9-%ce%bc%ce%bf%cf%85\/#primaryimage","url":"https:\/\/ikastikos-kiklos.com\/wp-content\/uploads\/2016\/07\/\u03b1\u03c0\u03cc-\u03c4\u03bf-\u03bc\u03c0\u03b1\u03bb\u03ba\u03cc\u03bd\u03b9-\u03bc\u03bf\u03c5-\u03bd\u03b5\u03ba\u03c1\u03ae-\u03c6\u03cd\u03c3\u03b7-\u03b1\u03c7\u03b9\u03bb\u03bb\u03ad\u03b1\u03c2-\u03b4\u03c1\u03bf\u03cd\u03b3\u03ba\u03b1\u03c2.jpg","contentUrl":"https:\/\/ikastikos-kiklos.com\/wp-content\/uploads\/2016\/07\/\u03b1\u03c0\u03cc-\u03c4\u03bf-\u03bc\u03c0\u03b1\u03bb\u03ba\u03cc\u03bd\u03b9-\u03bc\u03bf\u03c5-\u03bd\u03b5\u03ba\u03c1\u03ae-\u03c6\u03cd\u03c3\u03b7-\u03b1\u03c7\u03b9\u03bb\u03bb\u03ad\u03b1\u03c2-\u03b4\u03c1\u03bf\u03cd\u03b3\u03ba\u03b1\u03c2.jpg","width":1500,"height":1266,"caption":"\u03b1\u03c0\u03cc-\u03c4\u03bf-\u03bc\u03c0\u03b1\u03bb\u03ba\u03cc\u03bd\u03b9-\u03bc\u03bf\u03c5-\u03bd\u03b5\u03ba\u03c1\u03ae-\u03c6\u03cd\u03c3\u03b7-\u03b1\u03c7\u03b9\u03bb\u03bb\u03ad\u03b1\u03c2-\u03b4\u03c1\u03bf\u03cd\u03b3\u03ba\u03b1\u03c2"},{"@type":"BreadcrumbList","@id":"https:\/\/ikastikos-kiklos.com\/en\/product\/%ce%b1%cf%80%cf%8c-%cf%84%ce%bf-%ce%bc%cf%80%ce%b1%ce%bb%ce%ba%cf%8c%ce%bd%ce%b9-%ce%bc%ce%bf%cf%85\/#breadcrumb","itemListElement":[{"@type":"ListItem","position":1,"name":"Home","item":"https:\/\/ikastikos-kiklos.com\/en\/"},{"@type":"ListItem","position":2,"name":"\u0388\u03c1\u03b3\u03b1 \u03c4\u03ad\u03c7\u03bd\u03b7\u03c2","item":"https:\/\/ikastikos-kiklos.com\/%ce%ad%cf%81%ce%b3%ce%b1-%cf%84%ce%ad%cf%87%ce%bd%ce%b7%cf%82\/"},{"@type":"ListItem","position":3,"name":"From my balcony"}]},{"@type":"WebSite","@id":"https:\/\/ikastikos-kiklos.com\/en\/#website","url":"https:\/\/ikastikos-kiklos.com\/en\/","name":"Ikastikos Kiklos - Zografik\u00ed - Metaxotyp\u00edes - T\u00e9chniPainting - Silk Screen - Art","description":"","publisher":{"@id":"https:\/\/ikastikos-kiklos.com\/en\/#organization"},"potentialAction":[{"@type":"SearchAction","target":{"@type":"EntryPoint","urlTemplate":"https:\/\/ikastikos-kiklos.com\/en\/?s={search_term_string}"},"query-input":{"@type":"PropertyValueSpecification","valueRequired":true,"valueName":"search_term_string"}}],"inLanguage":"en-US"},{"@type":"Organization","@id":"https:\/\/ikastikos-kiklos.com\/en\/#organization","name":"Ikastikos Kiklos - Zografik\u00ed - Metaxotyp\u00edes - T\u00e9chniPainting - Silk Screen - Art","url":"https:\/\/ikastikos-kiklos.com\/en\/","logo":{"@type":"ImageObject","inLanguage":"en-US","@id":"https:\/\/ikastikos-kiklos.com\/en\/#\/schema\/logo\/image\/","url":"https:\/\/ikastikos-kiklos.com\/wp-content\/uploads\/2022\/10\/cropped-favicon_ikastikos.png","contentUrl":"https:\/\/ikastikos-kiklos.com\/wp-content\/uploads\/2022\/10\/cropped-favicon_ikastikos.png","width":512,"height":512,"caption":"Ikastikos Kiklos - Zografik\u00ed - Metaxotyp\u00edes - T\u00e9chniPainting - Silk Screen - Art"},"image":{"@id":"https:\/\/ikastikos-kiklos.com\/en\/#\/schema\/logo\/image\/"},"sameAs":["https:\/\/www.facebook.com\/ikastikoskiklossianti\/"]}]}},"_links":{"self":[{"href":"https:\/\/ikastikos-kiklos.com\/en\/wp-json\/wp\/v2\/product\/3140","targetHints":{"allow":["GET"]}}],"collection":[{"href":"https:\/\/ikastikos-kiklos.com\/en\/wp-json\/wp\/v2\/product"}],"about":[{"href":"https:\/\/ikastikos-kiklos.com\/en\/wp-json\/wp\/v2\/types\/product"}],"wp:featuredmedia":[{"embeddable":true,"href":"https:\/\/ikastikos-kiklos.com\/en\/wp-json\/wp\/v2\/media\/46762"}],"wp:attachment":[{"href":"https:\/\/ikastikos-kiklos.com\/en\/wp-json\/wp\/v2\/media?parent=3140"}],"wp:term":[{"taxonomy":"product_brand","embeddable":true,"href":"https:\/\/ikastikos-kiklos.com\/en\/wp-json\/wp\/v2\/product_brand?post=3140"},{"taxonomy":"product_cat","embeddable":true,"href":"https:\/\/ikastikos-kiklos.com\/en\/wp-json\/wp\/v2\/product_cat?post=3140"},{"taxonomy":"product_tag","embeddable":true,"href":"https:\/\/ikastikos-kiklos.com\/en\/wp-json\/wp\/v2\/product_tag?post=3140"}],"curies":[{"name":"wp","href":"https:\/\/api.w.org\/{rel}","templated":true}]}}