{"id":3125,"date":"2016-07-06T17:08:52","date_gmt":"2016-07-06T17:08:52","guid":{"rendered":"http:\/\/ikastikos-kiklos.com\/\u03c0\u03c1\u03bf\u03ca\u03cc\u03bd\/%ce%bd%ce%b5%ce%ba%cf%81%ce%ae-%cf%86%cf%8d%cf%83%ce%b7-6\/?lang=en"},"modified":"2017-08-26T22:17:37","modified_gmt":"2017-08-26T19:17:37","slug":"%ce%bd%ce%b5%ce%ba%cf%81%ce%ae-%cf%86%cf%8d%cf%83%ce%b7-6","status":"publish","type":"product","link":"https:\/\/ikastikos-kiklos.com\/en\/product\/%ce%bd%ce%b5%ce%ba%cf%81%ce%ae-%cf%86%cf%8d%cf%83%ce%b7-6\/","title":{"rendered":"Still life"},"content":{"rendered":"<header class=\"title-container\">&#8220;Daskalaki&#8217;s paintings are not pleasant. Neither reassuring, &#8220;says the curator Elizabeth Plessa, while she stresses that he &#8220;nurses&#8221; the eye, the hand and the soul of the one who sees it and forces him&#8221; if he wants to see, to realize that the realistic depiction of the world surrounding us may be at the same time what is most unrealistic. \u201cAs for its content, form and material, it binds to &#8220;a painting that charges the viewer, but not in an emotional way&#8221;.<\/p>\n<p>Source: <a href=\"http:\/\/www.in2life.gr\/culture\/art\/article\/309372\/stefanos-daskalakhs-dynath-zografikh-sto-mpenakh.html\">www.in2life.gr<\/a><\/p>\n<\/header>\n","protected":false},"excerpt":{"rendered":"<p>Silkscreen numbered and signed by Stefanos Daskalakis.<\/p>\n<p>&#8220;Sometimes they asked me what I was doing with my free time. Free time is a concept completely incomprehensible to a painter.&#8221; Stefanos Daskalakis<\/p>\n","protected":false},"featured_media":34153,"template":"","meta":{"ngg_post_thumbnail":0},"product_brand":[],"product_cat":[398,1987,396,1991],"product_tag":[2224,3309,2488],"class_list":{"0":"post-3125","1":"product","2":"type-product","3":"status-publish","4":"has-post-thumbnail","6":"product_cat-collections","7":"product_cat-eshop-en","8":"product_cat-silkscreens","9":"product_cat-silkscreens-shop","10":"product_tag-silkscreen-en","11":"product_tag-stefanos-daskalakis","12":"product_tag-still-life-en","13":"product_shipping_class-0-2kg","15":"first","16":"instock","17":"taxable","18":"shipping-taxable","19":"purchasable","20":"product-type-simple"},"yoast_head":"<!-- This site is optimized with the Yoast SEO plugin v27.4 - https:\/\/yoast.com\/product\/yoast-seo-wordpress\/ -->\n<title>Still Life Silkscreen by Stefanos Daskalakis at Ikastikos Kiklos Sianti Gallery.<\/title>\n<meta name=\"description\" content=\"Still Life Silkscreen by Stefanos Daskalakis at Ikastikos Kiklos Sianti Gallery. 195 copies numbered and signed by the artist. Dimensions 76x56 cm\" \/>\n<meta name=\"robots\" content=\"index, follow, max-snippet:-1, max-image-preview:large, max-video-preview:-1\" \/>\n<link rel=\"canonical\" href=\"https:\/\/ikastikos-kiklos.com\/en\/product\/\u03bd\u03b5\u03ba\u03c1\u03ae-\u03c6\u03cd\u03c3\u03b7-6\/\" \/>\n<meta property=\"og:locale\" content=\"en_US\" \/>\n<meta property=\"og:type\" content=\"article\" \/>\n<meta property=\"og:title\" content=\"Still Life Silkscreen by Stefanos Daskalakis at Ikastikos Kiklos Sianti Gallery.\" \/>\n<meta property=\"og:description\" content=\"Still Life Silkscreen by Stefanos Daskalakis at Ikastikos Kiklos Sianti Gallery. 195 copies numbered and signed by the artist. Dimensions 76x56 cm\" \/>\n<meta property=\"og:url\" content=\"https:\/\/ikastikos-kiklos.com\/en\/product\/\u03bd\u03b5\u03ba\u03c1\u03ae-\u03c6\u03cd\u03c3\u03b7-6\/\" \/>\n<meta property=\"og:site_name\" content=\"Ikastikos Kiklos - Zografik\u00ed - Metaxotyp\u00edes - T\u00e9chniPainting - Silk Screen - Art\" \/>\n<meta property=\"article:publisher\" content=\"https:\/\/www.facebook.com\/ikastikoskiklossianti\/\" \/>\n<meta property=\"article:modified_time\" content=\"2017-08-26T19:17:37+00:00\" \/>\n<meta property=\"og:image\" content=\"https:\/\/ikastikos-kiklos.com\/wp-content\/uploads\/2016\/07\/\u03b4\u03b1\u03c3\u03ba\u03b1\u03bb\u03ac\u03ba\u03b7\u03c2-\u03c3\u03c4\u03ad\u03c6\u03b1\u03bd\u03bf\u03c2-\u03bd\u03b5\u03ba\u03c1\u03ae-\u03c6\u03cd\u03c3\u03b7-\u03bc\u03b5\u03c4\u03b1\u03be\u03bf\u03c4\u03c5\u03c0\u03af\u03b1-2.jpg\" \/>\n\t<meta property=\"og:image:width\" content=\"1400\" \/>\n\t<meta property=\"og:image:height\" content=\"1050\" \/>\n\t<meta property=\"og:image:type\" content=\"image\/jpeg\" \/>\n<meta name=\"twitter:card\" content=\"summary_large_image\" \/>\n<script type=\"application\/ld+json\" class=\"yoast-schema-graph\">{\"@context\":\"https:\\\/\\\/schema.org\",\"@graph\":[{\"@type\":\"WebPage\",\"@id\":\"https:\\\/\\\/ikastikos-kiklos.com\\\/en\\\/product\\\/%ce%bd%ce%b5%ce%ba%cf%81%ce%ae-%cf%86%cf%8d%cf%83%ce%b7-6\\\/\",\"url\":\"https:\\\/\\\/ikastikos-kiklos.com\\\/en\\\/product\\\/%ce%bd%ce%b5%ce%ba%cf%81%ce%ae-%cf%86%cf%8d%cf%83%ce%b7-6\\\/\",\"name\":\"Still Life Silkscreen by Stefanos Daskalakis at Ikastikos Kiklos Sianti Gallery.\",\"isPartOf\":{\"@id\":\"https:\\\/\\\/ikastikos-kiklos.com\\\/en\\\/#website\"},\"primaryImageOfPage\":{\"@id\":\"https:\\\/\\\/ikastikos-kiklos.com\\\/en\\\/product\\\/%ce%bd%ce%b5%ce%ba%cf%81%ce%ae-%cf%86%cf%8d%cf%83%ce%b7-6\\\/#primaryimage\"},\"image\":{\"@id\":\"https:\\\/\\\/ikastikos-kiklos.com\\\/en\\\/product\\\/%ce%bd%ce%b5%ce%ba%cf%81%ce%ae-%cf%86%cf%8d%cf%83%ce%b7-6\\\/#primaryimage\"},\"thumbnailUrl\":\"https:\\\/\\\/ikastikos-kiklos.com\\\/wp-content\\\/uploads\\\/2016\\\/07\\\/\u03b4\u03b1\u03c3\u03ba\u03b1\u03bb\u03ac\u03ba\u03b7\u03c2-\u03c3\u03c4\u03ad\u03c6\u03b1\u03bd\u03bf\u03c2-\u03bd\u03b5\u03ba\u03c1\u03ae-\u03c6\u03cd\u03c3\u03b7-\u03bc\u03b5\u03c4\u03b1\u03be\u03bf\u03c4\u03c5\u03c0\u03af\u03b1-2.jpg\",\"datePublished\":\"2016-07-06T17:08:52+00:00\",\"dateModified\":\"2017-08-26T19:17:37+00:00\",\"description\":\"Still Life Silkscreen by Stefanos Daskalakis at Ikastikos Kiklos Sianti Gallery. 195 copies numbered and signed by the artist. Dimensions 76x56 cm\",\"breadcrumb\":{\"@id\":\"https:\\\/\\\/ikastikos-kiklos.com\\\/en\\\/product\\\/%ce%bd%ce%b5%ce%ba%cf%81%ce%ae-%cf%86%cf%8d%cf%83%ce%b7-6\\\/#breadcrumb\"},\"inLanguage\":\"en-US\",\"potentialAction\":[{\"@type\":\"ReadAction\",\"target\":[\"https:\\\/\\\/ikastikos-kiklos.com\\\/en\\\/product\\\/%ce%bd%ce%b5%ce%ba%cf%81%ce%ae-%cf%86%cf%8d%cf%83%ce%b7-6\\\/\"]}]},{\"@type\":\"ImageObject\",\"inLanguage\":\"en-US\",\"@id\":\"https:\\\/\\\/ikastikos-kiklos.com\\\/en\\\/product\\\/%ce%bd%ce%b5%ce%ba%cf%81%ce%ae-%cf%86%cf%8d%cf%83%ce%b7-6\\\/#primaryimage\",\"url\":\"https:\\\/\\\/ikastikos-kiklos.com\\\/wp-content\\\/uploads\\\/2016\\\/07\\\/\u03b4\u03b1\u03c3\u03ba\u03b1\u03bb\u03ac\u03ba\u03b7\u03c2-\u03c3\u03c4\u03ad\u03c6\u03b1\u03bd\u03bf\u03c2-\u03bd\u03b5\u03ba\u03c1\u03ae-\u03c6\u03cd\u03c3\u03b7-\u03bc\u03b5\u03c4\u03b1\u03be\u03bf\u03c4\u03c5\u03c0\u03af\u03b1-2.jpg\",\"contentUrl\":\"https:\\\/\\\/ikastikos-kiklos.com\\\/wp-content\\\/uploads\\\/2016\\\/07\\\/\u03b4\u03b1\u03c3\u03ba\u03b1\u03bb\u03ac\u03ba\u03b7\u03c2-\u03c3\u03c4\u03ad\u03c6\u03b1\u03bd\u03bf\u03c2-\u03bd\u03b5\u03ba\u03c1\u03ae-\u03c6\u03cd\u03c3\u03b7-\u03bc\u03b5\u03c4\u03b1\u03be\u03bf\u03c4\u03c5\u03c0\u03af\u03b1-2.jpg\",\"width\":1400,\"height\":1050,\"caption\":\"\u03b4\u03b1\u03c3\u03ba\u03b1\u03bb\u03ac\u03ba\u03b7\u03c2-\u03c3\u03c4\u03ad\u03c6\u03b1\u03bd\u03bf\u03c2-\u03bd\u03b5\u03ba\u03c1\u03ae-\u03c6\u03cd\u03c3\u03b7-\u03bc\u03b5\u03c4\u03b1\u03be\u03bf\u03c4\u03c5\u03c0\u03af\u03b1 (2)\"},{\"@type\":\"BreadcrumbList\",\"@id\":\"https:\\\/\\\/ikastikos-kiklos.com\\\/en\\\/product\\\/%ce%bd%ce%b5%ce%ba%cf%81%ce%ae-%cf%86%cf%8d%cf%83%ce%b7-6\\\/#breadcrumb\",\"itemListElement\":[{\"@type\":\"ListItem\",\"position\":1,\"name\":\"Home\",\"item\":\"https:\\\/\\\/ikastikos-kiklos.com\\\/en\\\/\"},{\"@type\":\"ListItem\",\"position\":2,\"name\":\"\u0388\u03c1\u03b3\u03b1 \u03c4\u03ad\u03c7\u03bd\u03b7\u03c2\",\"item\":\"https:\\\/\\\/ikastikos-kiklos.com\\\/%ce%ad%cf%81%ce%b3%ce%b1-%cf%84%ce%ad%cf%87%ce%bd%ce%b7%cf%82\\\/\"},{\"@type\":\"ListItem\",\"position\":3,\"name\":\"Still life\"}]},{\"@type\":\"WebSite\",\"@id\":\"https:\\\/\\\/ikastikos-kiklos.com\\\/en\\\/#website\",\"url\":\"https:\\\/\\\/ikastikos-kiklos.com\\\/en\\\/\",\"name\":\"Ikastikos Kiklos - Zografik\u00ed - Metaxotyp\u00edes - T\u00e9chniPainting - Silk Screen - Art\",\"description\":\"\",\"publisher\":{\"@id\":\"https:\\\/\\\/ikastikos-kiklos.com\\\/en\\\/#organization\"},\"potentialAction\":[{\"@type\":\"SearchAction\",\"target\":{\"@type\":\"EntryPoint\",\"urlTemplate\":\"https:\\\/\\\/ikastikos-kiklos.com\\\/en\\\/?s={search_term_string}\"},\"query-input\":{\"@type\":\"PropertyValueSpecification\",\"valueRequired\":true,\"valueName\":\"search_term_string\"}}],\"inLanguage\":\"en-US\"},{\"@type\":\"Organization\",\"@id\":\"https:\\\/\\\/ikastikos-kiklos.com\\\/en\\\/#organization\",\"name\":\"Ikastikos Kiklos - Zografik\u00ed - Metaxotyp\u00edes - T\u00e9chniPainting - Silk Screen - Art\",\"url\":\"https:\\\/\\\/ikastikos-kiklos.com\\\/en\\\/\",\"logo\":{\"@type\":\"ImageObject\",\"inLanguage\":\"en-US\",\"@id\":\"https:\\\/\\\/ikastikos-kiklos.com\\\/en\\\/#\\\/schema\\\/logo\\\/image\\\/\",\"url\":\"https:\\\/\\\/ikastikos-kiklos.com\\\/wp-content\\\/uploads\\\/2022\\\/10\\\/cropped-favicon_ikastikos.png\",\"contentUrl\":\"https:\\\/\\\/ikastikos-kiklos.com\\\/wp-content\\\/uploads\\\/2022\\\/10\\\/cropped-favicon_ikastikos.png\",\"width\":512,\"height\":512,\"caption\":\"Ikastikos Kiklos - Zografik\u00ed - Metaxotyp\u00edes - T\u00e9chniPainting - Silk Screen - Art\"},\"image\":{\"@id\":\"https:\\\/\\\/ikastikos-kiklos.com\\\/en\\\/#\\\/schema\\\/logo\\\/image\\\/\"},\"sameAs\":[\"https:\\\/\\\/www.facebook.com\\\/ikastikoskiklossianti\\\/\"]}]}<\/script>\n<!-- \/ Yoast SEO plugin. -->","yoast_head_json":{"title":"Still Life Silkscreen by Stefanos Daskalakis at Ikastikos Kiklos Sianti Gallery.","description":"Still Life Silkscreen by Stefanos Daskalakis at Ikastikos Kiklos Sianti Gallery. 195 copies numbered and signed by the artist. Dimensions 76x56 cm","robots":{"index":"index","follow":"follow","max-snippet":"max-snippet:-1","max-image-preview":"max-image-preview:large","max-video-preview":"max-video-preview:-1"},"canonical":"https:\/\/ikastikos-kiklos.com\/en\/product\/\u03bd\u03b5\u03ba\u03c1\u03ae-\u03c6\u03cd\u03c3\u03b7-6\/","og_locale":"en_US","og_type":"article","og_title":"Still Life Silkscreen by Stefanos Daskalakis at Ikastikos Kiklos Sianti Gallery.","og_description":"Still Life Silkscreen by Stefanos Daskalakis at Ikastikos Kiklos Sianti Gallery. 195 copies numbered and signed by the artist. Dimensions 76x56 cm","og_url":"https:\/\/ikastikos-kiklos.com\/en\/product\/\u03bd\u03b5\u03ba\u03c1\u03ae-\u03c6\u03cd\u03c3\u03b7-6\/","og_site_name":"Ikastikos Kiklos - Zografik\u00ed - Metaxotyp\u00edes - T\u00e9chniPainting - Silk Screen - Art","article_publisher":"https:\/\/www.facebook.com\/ikastikoskiklossianti\/","article_modified_time":"2017-08-26T19:17:37+00:00","og_image":[{"width":1400,"height":1050,"url":"https:\/\/ikastikos-kiklos.com\/wp-content\/uploads\/2016\/07\/\u03b4\u03b1\u03c3\u03ba\u03b1\u03bb\u03ac\u03ba\u03b7\u03c2-\u03c3\u03c4\u03ad\u03c6\u03b1\u03bd\u03bf\u03c2-\u03bd\u03b5\u03ba\u03c1\u03ae-\u03c6\u03cd\u03c3\u03b7-\u03bc\u03b5\u03c4\u03b1\u03be\u03bf\u03c4\u03c5\u03c0\u03af\u03b1-2.jpg","type":"image\/jpeg"}],"twitter_card":"summary_large_image","schema":{"@context":"https:\/\/schema.org","@graph":[{"@type":"WebPage","@id":"https:\/\/ikastikos-kiklos.com\/en\/product\/%ce%bd%ce%b5%ce%ba%cf%81%ce%ae-%cf%86%cf%8d%cf%83%ce%b7-6\/","url":"https:\/\/ikastikos-kiklos.com\/en\/product\/%ce%bd%ce%b5%ce%ba%cf%81%ce%ae-%cf%86%cf%8d%cf%83%ce%b7-6\/","name":"Still Life Silkscreen by Stefanos Daskalakis at Ikastikos Kiklos Sianti Gallery.","isPartOf":{"@id":"https:\/\/ikastikos-kiklos.com\/en\/#website"},"primaryImageOfPage":{"@id":"https:\/\/ikastikos-kiklos.com\/en\/product\/%ce%bd%ce%b5%ce%ba%cf%81%ce%ae-%cf%86%cf%8d%cf%83%ce%b7-6\/#primaryimage"},"image":{"@id":"https:\/\/ikastikos-kiklos.com\/en\/product\/%ce%bd%ce%b5%ce%ba%cf%81%ce%ae-%cf%86%cf%8d%cf%83%ce%b7-6\/#primaryimage"},"thumbnailUrl":"https:\/\/ikastikos-kiklos.com\/wp-content\/uploads\/2016\/07\/\u03b4\u03b1\u03c3\u03ba\u03b1\u03bb\u03ac\u03ba\u03b7\u03c2-\u03c3\u03c4\u03ad\u03c6\u03b1\u03bd\u03bf\u03c2-\u03bd\u03b5\u03ba\u03c1\u03ae-\u03c6\u03cd\u03c3\u03b7-\u03bc\u03b5\u03c4\u03b1\u03be\u03bf\u03c4\u03c5\u03c0\u03af\u03b1-2.jpg","datePublished":"2016-07-06T17:08:52+00:00","dateModified":"2017-08-26T19:17:37+00:00","description":"Still Life Silkscreen by Stefanos Daskalakis at Ikastikos Kiklos Sianti Gallery. 195 copies numbered and signed by the artist. Dimensions 76x56 cm","breadcrumb":{"@id":"https:\/\/ikastikos-kiklos.com\/en\/product\/%ce%bd%ce%b5%ce%ba%cf%81%ce%ae-%cf%86%cf%8d%cf%83%ce%b7-6\/#breadcrumb"},"inLanguage":"en-US","potentialAction":[{"@type":"ReadAction","target":["https:\/\/ikastikos-kiklos.com\/en\/product\/%ce%bd%ce%b5%ce%ba%cf%81%ce%ae-%cf%86%cf%8d%cf%83%ce%b7-6\/"]}]},{"@type":"ImageObject","inLanguage":"en-US","@id":"https:\/\/ikastikos-kiklos.com\/en\/product\/%ce%bd%ce%b5%ce%ba%cf%81%ce%ae-%cf%86%cf%8d%cf%83%ce%b7-6\/#primaryimage","url":"https:\/\/ikastikos-kiklos.com\/wp-content\/uploads\/2016\/07\/\u03b4\u03b1\u03c3\u03ba\u03b1\u03bb\u03ac\u03ba\u03b7\u03c2-\u03c3\u03c4\u03ad\u03c6\u03b1\u03bd\u03bf\u03c2-\u03bd\u03b5\u03ba\u03c1\u03ae-\u03c6\u03cd\u03c3\u03b7-\u03bc\u03b5\u03c4\u03b1\u03be\u03bf\u03c4\u03c5\u03c0\u03af\u03b1-2.jpg","contentUrl":"https:\/\/ikastikos-kiklos.com\/wp-content\/uploads\/2016\/07\/\u03b4\u03b1\u03c3\u03ba\u03b1\u03bb\u03ac\u03ba\u03b7\u03c2-\u03c3\u03c4\u03ad\u03c6\u03b1\u03bd\u03bf\u03c2-\u03bd\u03b5\u03ba\u03c1\u03ae-\u03c6\u03cd\u03c3\u03b7-\u03bc\u03b5\u03c4\u03b1\u03be\u03bf\u03c4\u03c5\u03c0\u03af\u03b1-2.jpg","width":1400,"height":1050,"caption":"\u03b4\u03b1\u03c3\u03ba\u03b1\u03bb\u03ac\u03ba\u03b7\u03c2-\u03c3\u03c4\u03ad\u03c6\u03b1\u03bd\u03bf\u03c2-\u03bd\u03b5\u03ba\u03c1\u03ae-\u03c6\u03cd\u03c3\u03b7-\u03bc\u03b5\u03c4\u03b1\u03be\u03bf\u03c4\u03c5\u03c0\u03af\u03b1 (2)"},{"@type":"BreadcrumbList","@id":"https:\/\/ikastikos-kiklos.com\/en\/product\/%ce%bd%ce%b5%ce%ba%cf%81%ce%ae-%cf%86%cf%8d%cf%83%ce%b7-6\/#breadcrumb","itemListElement":[{"@type":"ListItem","position":1,"name":"Home","item":"https:\/\/ikastikos-kiklos.com\/en\/"},{"@type":"ListItem","position":2,"name":"\u0388\u03c1\u03b3\u03b1 \u03c4\u03ad\u03c7\u03bd\u03b7\u03c2","item":"https:\/\/ikastikos-kiklos.com\/%ce%ad%cf%81%ce%b3%ce%b1-%cf%84%ce%ad%cf%87%ce%bd%ce%b7%cf%82\/"},{"@type":"ListItem","position":3,"name":"Still life"}]},{"@type":"WebSite","@id":"https:\/\/ikastikos-kiklos.com\/en\/#website","url":"https:\/\/ikastikos-kiklos.com\/en\/","name":"Ikastikos Kiklos - Zografik\u00ed - Metaxotyp\u00edes - T\u00e9chniPainting - Silk Screen - Art","description":"","publisher":{"@id":"https:\/\/ikastikos-kiklos.com\/en\/#organization"},"potentialAction":[{"@type":"SearchAction","target":{"@type":"EntryPoint","urlTemplate":"https:\/\/ikastikos-kiklos.com\/en\/?s={search_term_string}"},"query-input":{"@type":"PropertyValueSpecification","valueRequired":true,"valueName":"search_term_string"}}],"inLanguage":"en-US"},{"@type":"Organization","@id":"https:\/\/ikastikos-kiklos.com\/en\/#organization","name":"Ikastikos Kiklos - Zografik\u00ed - Metaxotyp\u00edes - T\u00e9chniPainting - Silk Screen - Art","url":"https:\/\/ikastikos-kiklos.com\/en\/","logo":{"@type":"ImageObject","inLanguage":"en-US","@id":"https:\/\/ikastikos-kiklos.com\/en\/#\/schema\/logo\/image\/","url":"https:\/\/ikastikos-kiklos.com\/wp-content\/uploads\/2022\/10\/cropped-favicon_ikastikos.png","contentUrl":"https:\/\/ikastikos-kiklos.com\/wp-content\/uploads\/2022\/10\/cropped-favicon_ikastikos.png","width":512,"height":512,"caption":"Ikastikos Kiklos - Zografik\u00ed - Metaxotyp\u00edes - T\u00e9chniPainting - Silk Screen - Art"},"image":{"@id":"https:\/\/ikastikos-kiklos.com\/en\/#\/schema\/logo\/image\/"},"sameAs":["https:\/\/www.facebook.com\/ikastikoskiklossianti\/"]}]}},"_links":{"self":[{"href":"https:\/\/ikastikos-kiklos.com\/en\/wp-json\/wp\/v2\/product\/3125","targetHints":{"allow":["GET"]}}],"collection":[{"href":"https:\/\/ikastikos-kiklos.com\/en\/wp-json\/wp\/v2\/product"}],"about":[{"href":"https:\/\/ikastikos-kiklos.com\/en\/wp-json\/wp\/v2\/types\/product"}],"wp:featuredmedia":[{"embeddable":true,"href":"https:\/\/ikastikos-kiklos.com\/en\/wp-json\/wp\/v2\/media\/34153"}],"wp:attachment":[{"href":"https:\/\/ikastikos-kiklos.com\/en\/wp-json\/wp\/v2\/media?parent=3125"}],"wp:term":[{"taxonomy":"product_brand","embeddable":true,"href":"https:\/\/ikastikos-kiklos.com\/en\/wp-json\/wp\/v2\/product_brand?post=3125"},{"taxonomy":"product_cat","embeddable":true,"href":"https:\/\/ikastikos-kiklos.com\/en\/wp-json\/wp\/v2\/product_cat?post=3125"},{"taxonomy":"product_tag","embeddable":true,"href":"https:\/\/ikastikos-kiklos.com\/en\/wp-json\/wp\/v2\/product_tag?post=3125"}],"curies":[{"name":"wp","href":"https:\/\/api.w.org\/{rel}","templated":true}]}}