{"id":30797,"date":"2021-01-28T02:27:51","date_gmt":"2021-01-28T00:27:51","guid":{"rendered":"https:\/\/ikastikos-kiklos.com\/product\/stones-by-the-sea-sorogkas-sotiris\/"},"modified":"2021-01-28T02:27:51","modified_gmt":"2021-01-28T00:27:51","slug":"stones-by-the-sea-sorogkas-sotiris","status":"publish","type":"product","link":"https:\/\/ikastikos-kiklos.com\/en\/product\/stones-by-the-sea-sorogkas-sotiris\/","title":{"rendered":"Stones by the sea"},"content":{"rendered":"","protected":false},"excerpt":{"rendered":"<p><a href=\"https:\/\/ikastikos-kiklos.com\/%CE%BC%CE%B5%CF%84%CE%B1%CE%BE%CE%BF%CF%84%CF%85%CF%80%CE%B9%CE%BA%CE%B7-%CE%BC%CE%B5%CE%B8%CE%BF%CE%B4%CE%BF%CF%83-%CE%B5%CE%BA%CF%84%CF%85%CF%80%CF%89%CF%83%CE%B7%CF%83-giclee\/\">Gicl\u00e9e<\/a> hand signed and numbered by Sorogas Sotiris. Edition of 40 prints<\/p>\n","protected":false},"featured_media":32547,"template":"","meta":{"ngg_post_thumbnail":0},"product_brand":[],"product_cat":[402,1993,398,1987],"product_tag":[],"class_list":{"0":"post-30797","1":"product","2":"type-product","3":"status-publish","4":"has-post-thumbnail","6":"product_cat-art-objects","7":"product_cat-art-objects-shop","8":"product_cat-collections","9":"product_cat-eshop-en","10":"product_shipping_class-0-2kg","12":"first","13":"instock","14":"taxable","15":"shipping-taxable","16":"purchasable","17":"product-type-simple"},"yoast_head":"<!-- This site is optimized with the Yoast SEO plugin v27.2 - https:\/\/yoast.com\/product\/yoast-seo-wordpress\/ -->\n<title>Stones by the sea Silkscreen in plexiglass by Sotiris Sorogkas<\/title>\n<meta name=\"description\" content=\"Stones by the sea Silkscreen in plexiglass by Sotiris Sorogkas at Ikastikos Kiklos Sianti Gallery\" \/>\n<meta name=\"robots\" content=\"index, follow, max-snippet:-1, max-image-preview:large, max-video-preview:-1\" \/>\n<link rel=\"canonical\" href=\"https:\/\/ikastikos-kiklos.com\/en\/product\/stones-by-the-sea-sorogkas-sotiris\/\" \/>\n<meta property=\"og:locale\" content=\"en_US\" \/>\n<meta property=\"og:type\" content=\"article\" \/>\n<meta property=\"og:title\" content=\"Stones by the sea Silkscreen in plexiglass by Sotiris Sorogkas\" \/>\n<meta property=\"og:description\" content=\"Stones by the sea Silkscreen in plexiglass by Sotiris Sorogkas at Ikastikos Kiklos Sianti Gallery\" \/>\n<meta property=\"og:url\" content=\"https:\/\/ikastikos-kiklos.com\/en\/product\/stones-by-the-sea-sorogkas-sotiris\/\" \/>\n<meta property=\"og:site_name\" content=\"Ikastikos Kiklos - Zografik\u00ed - Metaxotyp\u00edes - T\u00e9chniPainting - Silk Screen - Art\" \/>\n<meta property=\"article:publisher\" content=\"https:\/\/www.facebook.com\/ikastikoskiklossianti\/\" \/>\n<meta property=\"og:image\" content=\"https:\/\/ikastikos-kiklos.com\/wp-content\/uploads\/2020\/01\/\u03c3\u03cc\u03c1\u03bf\u03b3\u03ba\u03b1\u03c2-\u03c3\u03c9\u03c4\u03ae\u03c1\u03b7\u03c2-\u03c0\u03ad\u03c4\u03c1\u03b5\u03c2-\u03c0\u03bb\u03ac\u03b9-\u03c3\u03c4\u03b7\u03bd-\u03b8\u03ac\u03bb\u03b1\u03c3\u03c3\u03b1.jpg\" \/>\n\t<meta property=\"og:image:width\" content=\"1300\" \/>\n\t<meta property=\"og:image:height\" content=\"1245\" \/>\n\t<meta property=\"og:image:type\" content=\"image\/jpeg\" \/>\n<meta name=\"twitter:card\" content=\"summary_large_image\" \/>\n<script type=\"application\/ld+json\" class=\"yoast-schema-graph\">{\"@context\":\"https:\/\/schema.org\",\"@graph\":[{\"@type\":\"WebPage\",\"@id\":\"https:\/\/ikastikos-kiklos.com\/en\/product\/stones-by-the-sea-sorogkas-sotiris\/\",\"url\":\"https:\/\/ikastikos-kiklos.com\/en\/product\/stones-by-the-sea-sorogkas-sotiris\/\",\"name\":\"Stones by the sea Silkscreen in plexiglass by Sotiris Sorogkas\",\"isPartOf\":{\"@id\":\"https:\/\/ikastikos-kiklos.com\/en\/#website\"},\"primaryImageOfPage\":{\"@id\":\"https:\/\/ikastikos-kiklos.com\/en\/product\/stones-by-the-sea-sorogkas-sotiris\/#primaryimage\"},\"image\":{\"@id\":\"https:\/\/ikastikos-kiklos.com\/en\/product\/stones-by-the-sea-sorogkas-sotiris\/#primaryimage\"},\"thumbnailUrl\":\"https:\/\/ikastikos-kiklos.com\/wp-content\/uploads\/2020\/01\/\u03c3\u03cc\u03c1\u03bf\u03b3\u03ba\u03b1\u03c2-\u03c3\u03c9\u03c4\u03ae\u03c1\u03b7\u03c2-\u03c0\u03ad\u03c4\u03c1\u03b5\u03c2-\u03c0\u03bb\u03ac\u03b9-\u03c3\u03c4\u03b7\u03bd-\u03b8\u03ac\u03bb\u03b1\u03c3\u03c3\u03b1.jpg\",\"datePublished\":\"2021-01-28T00:27:51+00:00\",\"description\":\"Stones by the sea Silkscreen in plexiglass by Sotiris Sorogkas at Ikastikos Kiklos Sianti Gallery\",\"breadcrumb\":{\"@id\":\"https:\/\/ikastikos-kiklos.com\/en\/product\/stones-by-the-sea-sorogkas-sotiris\/#breadcrumb\"},\"inLanguage\":\"en-US\",\"potentialAction\":[{\"@type\":\"ReadAction\",\"target\":[\"https:\/\/ikastikos-kiklos.com\/en\/product\/stones-by-the-sea-sorogkas-sotiris\/\"]}]},{\"@type\":\"ImageObject\",\"inLanguage\":\"en-US\",\"@id\":\"https:\/\/ikastikos-kiklos.com\/en\/product\/stones-by-the-sea-sorogkas-sotiris\/#primaryimage\",\"url\":\"https:\/\/ikastikos-kiklos.com\/wp-content\/uploads\/2020\/01\/\u03c3\u03cc\u03c1\u03bf\u03b3\u03ba\u03b1\u03c2-\u03c3\u03c9\u03c4\u03ae\u03c1\u03b7\u03c2-\u03c0\u03ad\u03c4\u03c1\u03b5\u03c2-\u03c0\u03bb\u03ac\u03b9-\u03c3\u03c4\u03b7\u03bd-\u03b8\u03ac\u03bb\u03b1\u03c3\u03c3\u03b1.jpg\",\"contentUrl\":\"https:\/\/ikastikos-kiklos.com\/wp-content\/uploads\/2020\/01\/\u03c3\u03cc\u03c1\u03bf\u03b3\u03ba\u03b1\u03c2-\u03c3\u03c9\u03c4\u03ae\u03c1\u03b7\u03c2-\u03c0\u03ad\u03c4\u03c1\u03b5\u03c2-\u03c0\u03bb\u03ac\u03b9-\u03c3\u03c4\u03b7\u03bd-\u03b8\u03ac\u03bb\u03b1\u03c3\u03c3\u03b1.jpg\",\"width\":1300,\"height\":1245,\"caption\":\"\u03c3\u03cc\u03c1\u03bf\u03b3\u03ba\u03b1\u03c2-\u03c3\u03c9\u03c4\u03ae\u03c1\u03b7\u03c2-\u03c0\u03ad\u03c4\u03c1\u03b5\u03c2-\u03c0\u03bb\u03ac\u03b9-\u03c3\u03c4\u03b7\u03bd-\u03b8\u03ac\u03bb\u03b1\u03c3\u03c3\u03b1\"},{\"@type\":\"BreadcrumbList\",\"@id\":\"https:\/\/ikastikos-kiklos.com\/en\/product\/stones-by-the-sea-sorogkas-sotiris\/#breadcrumb\",\"itemListElement\":[{\"@type\":\"ListItem\",\"position\":1,\"name\":\"Home\",\"item\":\"https:\/\/ikastikos-kiklos.com\/en\/\"},{\"@type\":\"ListItem\",\"position\":2,\"name\":\"\u0388\u03c1\u03b3\u03b1 \u03c4\u03ad\u03c7\u03bd\u03b7\u03c2\",\"item\":\"https:\/\/ikastikos-kiklos.com\/%ce%ad%cf%81%ce%b3%ce%b1-%cf%84%ce%ad%cf%87%ce%bd%ce%b7%cf%82\/\"},{\"@type\":\"ListItem\",\"position\":3,\"name\":\"Stones by the sea\"}]},{\"@type\":\"WebSite\",\"@id\":\"https:\/\/ikastikos-kiklos.com\/en\/#website\",\"url\":\"https:\/\/ikastikos-kiklos.com\/en\/\",\"name\":\"Ikastikos Kiklos - Zografik\u00ed - Metaxotyp\u00edes - T\u00e9chniPainting - Silk Screen - Art\",\"description\":\"\",\"publisher\":{\"@id\":\"https:\/\/ikastikos-kiklos.com\/en\/#organization\"},\"potentialAction\":[{\"@type\":\"SearchAction\",\"target\":{\"@type\":\"EntryPoint\",\"urlTemplate\":\"https:\/\/ikastikos-kiklos.com\/en\/?s={search_term_string}\"},\"query-input\":{\"@type\":\"PropertyValueSpecification\",\"valueRequired\":true,\"valueName\":\"search_term_string\"}}],\"inLanguage\":\"en-US\"},{\"@type\":\"Organization\",\"@id\":\"https:\/\/ikastikos-kiklos.com\/en\/#organization\",\"name\":\"Ikastikos Kiklos - Zografik\u00ed - Metaxotyp\u00edes - T\u00e9chniPainting - Silk Screen - Art\",\"url\":\"https:\/\/ikastikos-kiklos.com\/en\/\",\"logo\":{\"@type\":\"ImageObject\",\"inLanguage\":\"en-US\",\"@id\":\"https:\/\/ikastikos-kiklos.com\/en\/#\/schema\/logo\/image\/\",\"url\":\"https:\/\/ikastikos-kiklos.com\/wp-content\/uploads\/2022\/10\/cropped-favicon_ikastikos.png\",\"contentUrl\":\"https:\/\/ikastikos-kiklos.com\/wp-content\/uploads\/2022\/10\/cropped-favicon_ikastikos.png\",\"width\":512,\"height\":512,\"caption\":\"Ikastikos Kiklos - Zografik\u00ed - Metaxotyp\u00edes - T\u00e9chniPainting - Silk Screen - Art\"},\"image\":{\"@id\":\"https:\/\/ikastikos-kiklos.com\/en\/#\/schema\/logo\/image\/\"},\"sameAs\":[\"https:\/\/www.facebook.com\/ikastikoskiklossianti\/\"]}]}<\/script>\n<!-- \/ Yoast SEO plugin. -->","yoast_head_json":{"title":"Stones by the sea Silkscreen in plexiglass by Sotiris Sorogkas","description":"Stones by the sea Silkscreen in plexiglass by Sotiris Sorogkas at Ikastikos Kiklos Sianti Gallery","robots":{"index":"index","follow":"follow","max-snippet":"max-snippet:-1","max-image-preview":"max-image-preview:large","max-video-preview":"max-video-preview:-1"},"canonical":"https:\/\/ikastikos-kiklos.com\/en\/product\/stones-by-the-sea-sorogkas-sotiris\/","og_locale":"en_US","og_type":"article","og_title":"Stones by the sea Silkscreen in plexiglass by Sotiris Sorogkas","og_description":"Stones by the sea Silkscreen in plexiglass by Sotiris Sorogkas at Ikastikos Kiklos Sianti Gallery","og_url":"https:\/\/ikastikos-kiklos.com\/en\/product\/stones-by-the-sea-sorogkas-sotiris\/","og_site_name":"Ikastikos Kiklos - Zografik\u00ed - Metaxotyp\u00edes - T\u00e9chniPainting - Silk Screen - Art","article_publisher":"https:\/\/www.facebook.com\/ikastikoskiklossianti\/","og_image":[{"width":1300,"height":1245,"url":"https:\/\/ikastikos-kiklos.com\/wp-content\/uploads\/2020\/01\/\u03c3\u03cc\u03c1\u03bf\u03b3\u03ba\u03b1\u03c2-\u03c3\u03c9\u03c4\u03ae\u03c1\u03b7\u03c2-\u03c0\u03ad\u03c4\u03c1\u03b5\u03c2-\u03c0\u03bb\u03ac\u03b9-\u03c3\u03c4\u03b7\u03bd-\u03b8\u03ac\u03bb\u03b1\u03c3\u03c3\u03b1.jpg","type":"image\/jpeg"}],"twitter_card":"summary_large_image","schema":{"@context":"https:\/\/schema.org","@graph":[{"@type":"WebPage","@id":"https:\/\/ikastikos-kiklos.com\/en\/product\/stones-by-the-sea-sorogkas-sotiris\/","url":"https:\/\/ikastikos-kiklos.com\/en\/product\/stones-by-the-sea-sorogkas-sotiris\/","name":"Stones by the sea Silkscreen in plexiglass by Sotiris Sorogkas","isPartOf":{"@id":"https:\/\/ikastikos-kiklos.com\/en\/#website"},"primaryImageOfPage":{"@id":"https:\/\/ikastikos-kiklos.com\/en\/product\/stones-by-the-sea-sorogkas-sotiris\/#primaryimage"},"image":{"@id":"https:\/\/ikastikos-kiklos.com\/en\/product\/stones-by-the-sea-sorogkas-sotiris\/#primaryimage"},"thumbnailUrl":"https:\/\/ikastikos-kiklos.com\/wp-content\/uploads\/2020\/01\/\u03c3\u03cc\u03c1\u03bf\u03b3\u03ba\u03b1\u03c2-\u03c3\u03c9\u03c4\u03ae\u03c1\u03b7\u03c2-\u03c0\u03ad\u03c4\u03c1\u03b5\u03c2-\u03c0\u03bb\u03ac\u03b9-\u03c3\u03c4\u03b7\u03bd-\u03b8\u03ac\u03bb\u03b1\u03c3\u03c3\u03b1.jpg","datePublished":"2021-01-28T00:27:51+00:00","description":"Stones by the sea Silkscreen in plexiglass by Sotiris Sorogkas at Ikastikos Kiklos Sianti Gallery","breadcrumb":{"@id":"https:\/\/ikastikos-kiklos.com\/en\/product\/stones-by-the-sea-sorogkas-sotiris\/#breadcrumb"},"inLanguage":"en-US","potentialAction":[{"@type":"ReadAction","target":["https:\/\/ikastikos-kiklos.com\/en\/product\/stones-by-the-sea-sorogkas-sotiris\/"]}]},{"@type":"ImageObject","inLanguage":"en-US","@id":"https:\/\/ikastikos-kiklos.com\/en\/product\/stones-by-the-sea-sorogkas-sotiris\/#primaryimage","url":"https:\/\/ikastikos-kiklos.com\/wp-content\/uploads\/2020\/01\/\u03c3\u03cc\u03c1\u03bf\u03b3\u03ba\u03b1\u03c2-\u03c3\u03c9\u03c4\u03ae\u03c1\u03b7\u03c2-\u03c0\u03ad\u03c4\u03c1\u03b5\u03c2-\u03c0\u03bb\u03ac\u03b9-\u03c3\u03c4\u03b7\u03bd-\u03b8\u03ac\u03bb\u03b1\u03c3\u03c3\u03b1.jpg","contentUrl":"https:\/\/ikastikos-kiklos.com\/wp-content\/uploads\/2020\/01\/\u03c3\u03cc\u03c1\u03bf\u03b3\u03ba\u03b1\u03c2-\u03c3\u03c9\u03c4\u03ae\u03c1\u03b7\u03c2-\u03c0\u03ad\u03c4\u03c1\u03b5\u03c2-\u03c0\u03bb\u03ac\u03b9-\u03c3\u03c4\u03b7\u03bd-\u03b8\u03ac\u03bb\u03b1\u03c3\u03c3\u03b1.jpg","width":1300,"height":1245,"caption":"\u03c3\u03cc\u03c1\u03bf\u03b3\u03ba\u03b1\u03c2-\u03c3\u03c9\u03c4\u03ae\u03c1\u03b7\u03c2-\u03c0\u03ad\u03c4\u03c1\u03b5\u03c2-\u03c0\u03bb\u03ac\u03b9-\u03c3\u03c4\u03b7\u03bd-\u03b8\u03ac\u03bb\u03b1\u03c3\u03c3\u03b1"},{"@type":"BreadcrumbList","@id":"https:\/\/ikastikos-kiklos.com\/en\/product\/stones-by-the-sea-sorogkas-sotiris\/#breadcrumb","itemListElement":[{"@type":"ListItem","position":1,"name":"Home","item":"https:\/\/ikastikos-kiklos.com\/en\/"},{"@type":"ListItem","position":2,"name":"\u0388\u03c1\u03b3\u03b1 \u03c4\u03ad\u03c7\u03bd\u03b7\u03c2","item":"https:\/\/ikastikos-kiklos.com\/%ce%ad%cf%81%ce%b3%ce%b1-%cf%84%ce%ad%cf%87%ce%bd%ce%b7%cf%82\/"},{"@type":"ListItem","position":3,"name":"Stones by the sea"}]},{"@type":"WebSite","@id":"https:\/\/ikastikos-kiklos.com\/en\/#website","url":"https:\/\/ikastikos-kiklos.com\/en\/","name":"Ikastikos Kiklos - Zografik\u00ed - Metaxotyp\u00edes - T\u00e9chniPainting - Silk Screen - Art","description":"","publisher":{"@id":"https:\/\/ikastikos-kiklos.com\/en\/#organization"},"potentialAction":[{"@type":"SearchAction","target":{"@type":"EntryPoint","urlTemplate":"https:\/\/ikastikos-kiklos.com\/en\/?s={search_term_string}"},"query-input":{"@type":"PropertyValueSpecification","valueRequired":true,"valueName":"search_term_string"}}],"inLanguage":"en-US"},{"@type":"Organization","@id":"https:\/\/ikastikos-kiklos.com\/en\/#organization","name":"Ikastikos Kiklos - Zografik\u00ed - Metaxotyp\u00edes - T\u00e9chniPainting - Silk Screen - Art","url":"https:\/\/ikastikos-kiklos.com\/en\/","logo":{"@type":"ImageObject","inLanguage":"en-US","@id":"https:\/\/ikastikos-kiklos.com\/en\/#\/schema\/logo\/image\/","url":"https:\/\/ikastikos-kiklos.com\/wp-content\/uploads\/2022\/10\/cropped-favicon_ikastikos.png","contentUrl":"https:\/\/ikastikos-kiklos.com\/wp-content\/uploads\/2022\/10\/cropped-favicon_ikastikos.png","width":512,"height":512,"caption":"Ikastikos Kiklos - Zografik\u00ed - Metaxotyp\u00edes - T\u00e9chniPainting - Silk Screen - Art"},"image":{"@id":"https:\/\/ikastikos-kiklos.com\/en\/#\/schema\/logo\/image\/"},"sameAs":["https:\/\/www.facebook.com\/ikastikoskiklossianti\/"]}]}},"_links":{"self":[{"href":"https:\/\/ikastikos-kiklos.com\/en\/wp-json\/wp\/v2\/product\/30797","targetHints":{"allow":["GET"]}}],"collection":[{"href":"https:\/\/ikastikos-kiklos.com\/en\/wp-json\/wp\/v2\/product"}],"about":[{"href":"https:\/\/ikastikos-kiklos.com\/en\/wp-json\/wp\/v2\/types\/product"}],"wp:featuredmedia":[{"embeddable":true,"href":"https:\/\/ikastikos-kiklos.com\/en\/wp-json\/wp\/v2\/media\/32547"}],"wp:attachment":[{"href":"https:\/\/ikastikos-kiklos.com\/en\/wp-json\/wp\/v2\/media?parent=30797"}],"wp:term":[{"taxonomy":"product_brand","embeddable":true,"href":"https:\/\/ikastikos-kiklos.com\/en\/wp-json\/wp\/v2\/product_brand?post=30797"},{"taxonomy":"product_cat","embeddable":true,"href":"https:\/\/ikastikos-kiklos.com\/en\/wp-json\/wp\/v2\/product_cat?post=30797"},{"taxonomy":"product_tag","embeddable":true,"href":"https:\/\/ikastikos-kiklos.com\/en\/wp-json\/wp\/v2\/product_tag?post=30797"}],"curies":[{"name":"wp","href":"https:\/\/api.w.org\/{rel}","templated":true}]}}