{"id":2971,"date":"2016-07-06T19:58:31","date_gmt":"2016-07-06T16:58:31","guid":{"rendered":"http:\/\/ikastikos-kiklos.com\/\u03c0\u03c1\u03bf\u03ca\u03cc\u03bd\/%ce%bd%cf%8c%cf%84%ce%b9%ce%bf%cf%82-%ce%b5%cf%85%ce%b2%ce%bf%cf%8a%ce%ba%cf%8c%cf%82\/?lang=en"},"modified":"2019-07-27T15:07:14","modified_gmt":"2019-07-27T12:07:14","slug":"%ce%bd%cf%8c%cf%84%ce%b9%ce%bf%cf%82-%ce%b5%cf%85%ce%b2%ce%bf%cf%8a%ce%ba%cf%8c%cf%82","status":"publish","type":"product","link":"https:\/\/ikastikos-kiklos.com\/en\/product\/%ce%bd%cf%8c%cf%84%ce%b9%ce%bf%cf%82-%ce%b5%cf%85%ce%b2%ce%bf%cf%8a%ce%ba%cf%8c%cf%82\/","title":{"rendered":"South Evvoia Gulf"},"content":{"rendered":"<header class=\"title-container\">\n<header class=\"title-container\">\n<header class=\"title-container\">He was characterized as <strong><em>&#8220;the engraver and painter of the Aegean, with dreamy shots that overlap as veils over the sea along with mythical figures&#8221;<\/em><\/strong>. Important moments in his career was when he created posters of the Greek-Italian war of 1940, the national emblem of the Republic in 1974 and, as we have said, the well-known &#8220;Alfavitario&#8221; of 1949 that was worshiped and published repeatedly. For this &#8220;Reading&#8221; \u00a0Yannis Tsarouchis wrote: &#8220;This book and an EAM poster gave me joy and hope. Thanks to Grammatopoulos. \u201cHe was also popular in the pedagogy &#8220;Classically Illustrated&#8221; (&#8220;Perseus and Andromeda&#8221;, &#8220;Theseus and Minotauros&#8221;, etc.).<\/p>\n<p>Source: <a href=\"http:\/\/www.artmag.gr\/art-history\/artists-faces\/item\/4353-kostas-grammatopoulos\">artmag.gr<\/a><\/p>\n<\/header>\n<\/header>\n<\/header>\n","protected":false},"excerpt":{"rendered":"<p>Lithographs engraved by K. Grammatopoulos<\/p>\n<p>Created in 1985, numbered and signed. Today it is a collectible piece.<\/p>\n","protected":false},"featured_media":4028,"template":"","meta":{"ngg_post_thumbnail":0},"product_brand":[],"product_cat":[1987,2050,1991],"product_tag":[2578,2636,2605,2633,2638],"class_list":{"0":"post-2971","1":"product","2":"type-product","3":"status-publish","4":"has-post-thumbnail","6":"product_cat-eshop-en","7":"product_cat-lithographies-en","8":"product_cat-silkscreens-shop","9":"product_tag-collectible","10":"product_tag-generation-of-30","11":"product_tag-grammatopoulos-kostas","12":"product_tag-lithography","13":"product_tag-south-evvoia-gulf","14":"product_shipping_class-0-2kg","16":"first","17":"instock","18":"taxable","19":"shipping-taxable","20":"purchasable","21":"product-type-simple"},"yoast_head":"<!-- This site is optimized with the Yoast SEO plugin v27.4 - https:\/\/yoast.com\/product\/yoast-seo-wordpress\/ -->\n<title>South Evvoia Gulf Lithography by Kostas Grammatopoulos<\/title>\n<meta name=\"description\" content=\"South Evvoia Gulf Lithography by Kostas Grammatopoulos. A masterpiece from 1985. Dimensions 50x67cm\" \/>\n<meta name=\"robots\" content=\"index, follow, max-snippet:-1, max-image-preview:large, max-video-preview:-1\" \/>\n<link rel=\"canonical\" href=\"https:\/\/ikastikos-kiklos.com\/en\/product\/\u03bd\u03cc\u03c4\u03b9\u03bf\u03c2-\u03b5\u03c5\u03b2\u03bf\u03ca\u03ba\u03cc\u03c2\/\" \/>\n<meta property=\"og:locale\" content=\"en_US\" \/>\n<meta property=\"og:type\" content=\"article\" \/>\n<meta property=\"og:title\" content=\"South Evvoia Gulf Lithography by Kostas Grammatopoulos\" \/>\n<meta property=\"og:description\" content=\"South Evvoia Gulf Lithography by Kostas Grammatopoulos. A masterpiece from 1985. Dimensions 50x67cm\" \/>\n<meta property=\"og:url\" content=\"https:\/\/ikastikos-kiklos.com\/en\/product\/\u03bd\u03cc\u03c4\u03b9\u03bf\u03c2-\u03b5\u03c5\u03b2\u03bf\u03ca\u03ba\u03cc\u03c2\/\" \/>\n<meta property=\"og:site_name\" content=\"Ikastikos Kiklos - Zografik\u00ed - Metaxotyp\u00edes - T\u00e9chniPainting - Silk Screen - Art\" \/>\n<meta property=\"article:publisher\" content=\"https:\/\/www.facebook.com\/ikastikoskiklossianti\/\" \/>\n<meta property=\"article:modified_time\" content=\"2019-07-27T12:07:14+00:00\" \/>\n<meta property=\"og:image\" content=\"https:\/\/ikastikos-kiklos.com\/wp-content\/uploads\/2016\/07\/Notios-Euvoikos-normal-M.jpg\" \/>\n\t<meta property=\"og:image:width\" content=\"416\" \/>\n\t<meta property=\"og:image:height\" content=\"560\" \/>\n\t<meta property=\"og:image:type\" content=\"image\/jpeg\" \/>\n<meta name=\"twitter:card\" content=\"summary_large_image\" \/>\n<meta name=\"twitter:label1\" content=\"Est. reading time\" \/>\n\t<meta name=\"twitter:data1\" content=\"1 minute\" \/>\n<script type=\"application\/ld+json\" class=\"yoast-schema-graph\">{\"@context\":\"https:\\\/\\\/schema.org\",\"@graph\":[{\"@type\":\"WebPage\",\"@id\":\"https:\\\/\\\/ikastikos-kiklos.com\\\/en\\\/product\\\/%ce%bd%cf%8c%cf%84%ce%b9%ce%bf%cf%82-%ce%b5%cf%85%ce%b2%ce%bf%cf%8a%ce%ba%cf%8c%cf%82\\\/\",\"url\":\"https:\\\/\\\/ikastikos-kiklos.com\\\/en\\\/product\\\/%ce%bd%cf%8c%cf%84%ce%b9%ce%bf%cf%82-%ce%b5%cf%85%ce%b2%ce%bf%cf%8a%ce%ba%cf%8c%cf%82\\\/\",\"name\":\"South Evvoia Gulf Lithography by Kostas Grammatopoulos\",\"isPartOf\":{\"@id\":\"https:\\\/\\\/ikastikos-kiklos.com\\\/en\\\/#website\"},\"primaryImageOfPage\":{\"@id\":\"https:\\\/\\\/ikastikos-kiklos.com\\\/en\\\/product\\\/%ce%bd%cf%8c%cf%84%ce%b9%ce%bf%cf%82-%ce%b5%cf%85%ce%b2%ce%bf%cf%8a%ce%ba%cf%8c%cf%82\\\/#primaryimage\"},\"image\":{\"@id\":\"https:\\\/\\\/ikastikos-kiklos.com\\\/en\\\/product\\\/%ce%bd%cf%8c%cf%84%ce%b9%ce%bf%cf%82-%ce%b5%cf%85%ce%b2%ce%bf%cf%8a%ce%ba%cf%8c%cf%82\\\/#primaryimage\"},\"thumbnailUrl\":\"https:\\\/\\\/ikastikos-kiklos.com\\\/wp-content\\\/uploads\\\/2016\\\/07\\\/Notios-Euvoikos-normal-M.jpg\",\"datePublished\":\"2016-07-06T16:58:31+00:00\",\"dateModified\":\"2019-07-27T12:07:14+00:00\",\"description\":\"South Evvoia Gulf Lithography by Kostas Grammatopoulos. A masterpiece from 1985. Dimensions 50x67cm\",\"breadcrumb\":{\"@id\":\"https:\\\/\\\/ikastikos-kiklos.com\\\/en\\\/product\\\/%ce%bd%cf%8c%cf%84%ce%b9%ce%bf%cf%82-%ce%b5%cf%85%ce%b2%ce%bf%cf%8a%ce%ba%cf%8c%cf%82\\\/#breadcrumb\"},\"inLanguage\":\"en-US\",\"potentialAction\":[{\"@type\":\"ReadAction\",\"target\":[\"https:\\\/\\\/ikastikos-kiklos.com\\\/en\\\/product\\\/%ce%bd%cf%8c%cf%84%ce%b9%ce%bf%cf%82-%ce%b5%cf%85%ce%b2%ce%bf%cf%8a%ce%ba%cf%8c%cf%82\\\/\"]}]},{\"@type\":\"ImageObject\",\"inLanguage\":\"en-US\",\"@id\":\"https:\\\/\\\/ikastikos-kiklos.com\\\/en\\\/product\\\/%ce%bd%cf%8c%cf%84%ce%b9%ce%bf%cf%82-%ce%b5%cf%85%ce%b2%ce%bf%cf%8a%ce%ba%cf%8c%cf%82\\\/#primaryimage\",\"url\":\"https:\\\/\\\/ikastikos-kiklos.com\\\/wp-content\\\/uploads\\\/2016\\\/07\\\/Notios-Euvoikos-normal-M.jpg\",\"contentUrl\":\"https:\\\/\\\/ikastikos-kiklos.com\\\/wp-content\\\/uploads\\\/2016\\\/07\\\/Notios-Euvoikos-normal-M.jpg\",\"width\":416,\"height\":560,\"caption\":\"South Evvoia Gulf Lithography by Kostas Grammatopoulos\"},{\"@type\":\"BreadcrumbList\",\"@id\":\"https:\\\/\\\/ikastikos-kiklos.com\\\/en\\\/product\\\/%ce%bd%cf%8c%cf%84%ce%b9%ce%bf%cf%82-%ce%b5%cf%85%ce%b2%ce%bf%cf%8a%ce%ba%cf%8c%cf%82\\\/#breadcrumb\",\"itemListElement\":[{\"@type\":\"ListItem\",\"position\":1,\"name\":\"Home\",\"item\":\"https:\\\/\\\/ikastikos-kiklos.com\\\/en\\\/\"},{\"@type\":\"ListItem\",\"position\":2,\"name\":\"\u0388\u03c1\u03b3\u03b1 \u03c4\u03ad\u03c7\u03bd\u03b7\u03c2\",\"item\":\"https:\\\/\\\/ikastikos-kiklos.com\\\/%ce%ad%cf%81%ce%b3%ce%b1-%cf%84%ce%ad%cf%87%ce%bd%ce%b7%cf%82\\\/\"},{\"@type\":\"ListItem\",\"position\":3,\"name\":\"South Evvoia Gulf\"}]},{\"@type\":\"WebSite\",\"@id\":\"https:\\\/\\\/ikastikos-kiklos.com\\\/en\\\/#website\",\"url\":\"https:\\\/\\\/ikastikos-kiklos.com\\\/en\\\/\",\"name\":\"Ikastikos Kiklos - Zografik\u00ed - Metaxotyp\u00edes - T\u00e9chniPainting - Silk Screen - Art\",\"description\":\"\",\"publisher\":{\"@id\":\"https:\\\/\\\/ikastikos-kiklos.com\\\/en\\\/#organization\"},\"potentialAction\":[{\"@type\":\"SearchAction\",\"target\":{\"@type\":\"EntryPoint\",\"urlTemplate\":\"https:\\\/\\\/ikastikos-kiklos.com\\\/en\\\/?s={search_term_string}\"},\"query-input\":{\"@type\":\"PropertyValueSpecification\",\"valueRequired\":true,\"valueName\":\"search_term_string\"}}],\"inLanguage\":\"en-US\"},{\"@type\":\"Organization\",\"@id\":\"https:\\\/\\\/ikastikos-kiklos.com\\\/en\\\/#organization\",\"name\":\"Ikastikos Kiklos - Zografik\u00ed - Metaxotyp\u00edes - T\u00e9chniPainting - Silk Screen - Art\",\"url\":\"https:\\\/\\\/ikastikos-kiklos.com\\\/en\\\/\",\"logo\":{\"@type\":\"ImageObject\",\"inLanguage\":\"en-US\",\"@id\":\"https:\\\/\\\/ikastikos-kiklos.com\\\/en\\\/#\\\/schema\\\/logo\\\/image\\\/\",\"url\":\"https:\\\/\\\/ikastikos-kiklos.com\\\/wp-content\\\/uploads\\\/2022\\\/10\\\/cropped-favicon_ikastikos.png\",\"contentUrl\":\"https:\\\/\\\/ikastikos-kiklos.com\\\/wp-content\\\/uploads\\\/2022\\\/10\\\/cropped-favicon_ikastikos.png\",\"width\":512,\"height\":512,\"caption\":\"Ikastikos Kiklos - Zografik\u00ed - Metaxotyp\u00edes - T\u00e9chniPainting - Silk Screen - Art\"},\"image\":{\"@id\":\"https:\\\/\\\/ikastikos-kiklos.com\\\/en\\\/#\\\/schema\\\/logo\\\/image\\\/\"},\"sameAs\":[\"https:\\\/\\\/www.facebook.com\\\/ikastikoskiklossianti\\\/\"]}]}<\/script>\n<!-- \/ Yoast SEO plugin. -->","yoast_head_json":{"title":"South Evvoia Gulf Lithography by Kostas Grammatopoulos","description":"South Evvoia Gulf Lithography by Kostas Grammatopoulos. A masterpiece from 1985. Dimensions 50x67cm","robots":{"index":"index","follow":"follow","max-snippet":"max-snippet:-1","max-image-preview":"max-image-preview:large","max-video-preview":"max-video-preview:-1"},"canonical":"https:\/\/ikastikos-kiklos.com\/en\/product\/\u03bd\u03cc\u03c4\u03b9\u03bf\u03c2-\u03b5\u03c5\u03b2\u03bf\u03ca\u03ba\u03cc\u03c2\/","og_locale":"en_US","og_type":"article","og_title":"South Evvoia Gulf Lithography by Kostas Grammatopoulos","og_description":"South Evvoia Gulf Lithography by Kostas Grammatopoulos. A masterpiece from 1985. Dimensions 50x67cm","og_url":"https:\/\/ikastikos-kiklos.com\/en\/product\/\u03bd\u03cc\u03c4\u03b9\u03bf\u03c2-\u03b5\u03c5\u03b2\u03bf\u03ca\u03ba\u03cc\u03c2\/","og_site_name":"Ikastikos Kiklos - Zografik\u00ed - Metaxotyp\u00edes - T\u00e9chniPainting - Silk Screen - Art","article_publisher":"https:\/\/www.facebook.com\/ikastikoskiklossianti\/","article_modified_time":"2019-07-27T12:07:14+00:00","og_image":[{"width":416,"height":560,"url":"https:\/\/ikastikos-kiklos.com\/wp-content\/uploads\/2016\/07\/Notios-Euvoikos-normal-M.jpg","type":"image\/jpeg"}],"twitter_card":"summary_large_image","twitter_misc":{"Est. reading time":"1 minute"},"schema":{"@context":"https:\/\/schema.org","@graph":[{"@type":"WebPage","@id":"https:\/\/ikastikos-kiklos.com\/en\/product\/%ce%bd%cf%8c%cf%84%ce%b9%ce%bf%cf%82-%ce%b5%cf%85%ce%b2%ce%bf%cf%8a%ce%ba%cf%8c%cf%82\/","url":"https:\/\/ikastikos-kiklos.com\/en\/product\/%ce%bd%cf%8c%cf%84%ce%b9%ce%bf%cf%82-%ce%b5%cf%85%ce%b2%ce%bf%cf%8a%ce%ba%cf%8c%cf%82\/","name":"South Evvoia Gulf Lithography by Kostas Grammatopoulos","isPartOf":{"@id":"https:\/\/ikastikos-kiklos.com\/en\/#website"},"primaryImageOfPage":{"@id":"https:\/\/ikastikos-kiklos.com\/en\/product\/%ce%bd%cf%8c%cf%84%ce%b9%ce%bf%cf%82-%ce%b5%cf%85%ce%b2%ce%bf%cf%8a%ce%ba%cf%8c%cf%82\/#primaryimage"},"image":{"@id":"https:\/\/ikastikos-kiklos.com\/en\/product\/%ce%bd%cf%8c%cf%84%ce%b9%ce%bf%cf%82-%ce%b5%cf%85%ce%b2%ce%bf%cf%8a%ce%ba%cf%8c%cf%82\/#primaryimage"},"thumbnailUrl":"https:\/\/ikastikos-kiklos.com\/wp-content\/uploads\/2016\/07\/Notios-Euvoikos-normal-M.jpg","datePublished":"2016-07-06T16:58:31+00:00","dateModified":"2019-07-27T12:07:14+00:00","description":"South Evvoia Gulf Lithography by Kostas Grammatopoulos. A masterpiece from 1985. Dimensions 50x67cm","breadcrumb":{"@id":"https:\/\/ikastikos-kiklos.com\/en\/product\/%ce%bd%cf%8c%cf%84%ce%b9%ce%bf%cf%82-%ce%b5%cf%85%ce%b2%ce%bf%cf%8a%ce%ba%cf%8c%cf%82\/#breadcrumb"},"inLanguage":"en-US","potentialAction":[{"@type":"ReadAction","target":["https:\/\/ikastikos-kiklos.com\/en\/product\/%ce%bd%cf%8c%cf%84%ce%b9%ce%bf%cf%82-%ce%b5%cf%85%ce%b2%ce%bf%cf%8a%ce%ba%cf%8c%cf%82\/"]}]},{"@type":"ImageObject","inLanguage":"en-US","@id":"https:\/\/ikastikos-kiklos.com\/en\/product\/%ce%bd%cf%8c%cf%84%ce%b9%ce%bf%cf%82-%ce%b5%cf%85%ce%b2%ce%bf%cf%8a%ce%ba%cf%8c%cf%82\/#primaryimage","url":"https:\/\/ikastikos-kiklos.com\/wp-content\/uploads\/2016\/07\/Notios-Euvoikos-normal-M.jpg","contentUrl":"https:\/\/ikastikos-kiklos.com\/wp-content\/uploads\/2016\/07\/Notios-Euvoikos-normal-M.jpg","width":416,"height":560,"caption":"South Evvoia Gulf Lithography by Kostas Grammatopoulos"},{"@type":"BreadcrumbList","@id":"https:\/\/ikastikos-kiklos.com\/en\/product\/%ce%bd%cf%8c%cf%84%ce%b9%ce%bf%cf%82-%ce%b5%cf%85%ce%b2%ce%bf%cf%8a%ce%ba%cf%8c%cf%82\/#breadcrumb","itemListElement":[{"@type":"ListItem","position":1,"name":"Home","item":"https:\/\/ikastikos-kiklos.com\/en\/"},{"@type":"ListItem","position":2,"name":"\u0388\u03c1\u03b3\u03b1 \u03c4\u03ad\u03c7\u03bd\u03b7\u03c2","item":"https:\/\/ikastikos-kiklos.com\/%ce%ad%cf%81%ce%b3%ce%b1-%cf%84%ce%ad%cf%87%ce%bd%ce%b7%cf%82\/"},{"@type":"ListItem","position":3,"name":"South Evvoia Gulf"}]},{"@type":"WebSite","@id":"https:\/\/ikastikos-kiklos.com\/en\/#website","url":"https:\/\/ikastikos-kiklos.com\/en\/","name":"Ikastikos Kiklos - Zografik\u00ed - Metaxotyp\u00edes - T\u00e9chniPainting - Silk Screen - Art","description":"","publisher":{"@id":"https:\/\/ikastikos-kiklos.com\/en\/#organization"},"potentialAction":[{"@type":"SearchAction","target":{"@type":"EntryPoint","urlTemplate":"https:\/\/ikastikos-kiklos.com\/en\/?s={search_term_string}"},"query-input":{"@type":"PropertyValueSpecification","valueRequired":true,"valueName":"search_term_string"}}],"inLanguage":"en-US"},{"@type":"Organization","@id":"https:\/\/ikastikos-kiklos.com\/en\/#organization","name":"Ikastikos Kiklos - Zografik\u00ed - Metaxotyp\u00edes - T\u00e9chniPainting - Silk Screen - Art","url":"https:\/\/ikastikos-kiklos.com\/en\/","logo":{"@type":"ImageObject","inLanguage":"en-US","@id":"https:\/\/ikastikos-kiklos.com\/en\/#\/schema\/logo\/image\/","url":"https:\/\/ikastikos-kiklos.com\/wp-content\/uploads\/2022\/10\/cropped-favicon_ikastikos.png","contentUrl":"https:\/\/ikastikos-kiklos.com\/wp-content\/uploads\/2022\/10\/cropped-favicon_ikastikos.png","width":512,"height":512,"caption":"Ikastikos Kiklos - Zografik\u00ed - Metaxotyp\u00edes - T\u00e9chniPainting - Silk Screen - Art"},"image":{"@id":"https:\/\/ikastikos-kiklos.com\/en\/#\/schema\/logo\/image\/"},"sameAs":["https:\/\/www.facebook.com\/ikastikoskiklossianti\/"]}]}},"_links":{"self":[{"href":"https:\/\/ikastikos-kiklos.com\/en\/wp-json\/wp\/v2\/product\/2971","targetHints":{"allow":["GET"]}}],"collection":[{"href":"https:\/\/ikastikos-kiklos.com\/en\/wp-json\/wp\/v2\/product"}],"about":[{"href":"https:\/\/ikastikos-kiklos.com\/en\/wp-json\/wp\/v2\/types\/product"}],"wp:featuredmedia":[{"embeddable":true,"href":"https:\/\/ikastikos-kiklos.com\/en\/wp-json\/wp\/v2\/media\/4028"}],"wp:attachment":[{"href":"https:\/\/ikastikos-kiklos.com\/en\/wp-json\/wp\/v2\/media?parent=2971"}],"wp:term":[{"taxonomy":"product_brand","embeddable":true,"href":"https:\/\/ikastikos-kiklos.com\/en\/wp-json\/wp\/v2\/product_brand?post=2971"},{"taxonomy":"product_cat","embeddable":true,"href":"https:\/\/ikastikos-kiklos.com\/en\/wp-json\/wp\/v2\/product_cat?post=2971"},{"taxonomy":"product_tag","embeddable":true,"href":"https:\/\/ikastikos-kiklos.com\/en\/wp-json\/wp\/v2\/product_tag?post=2971"}],"curies":[{"name":"wp","href":"https:\/\/api.w.org\/{rel}","templated":true}]}}