{"id":2970,"date":"2016-07-06T19:56:12","date_gmt":"2016-07-06T16:56:12","guid":{"rendered":"http:\/\/ikastikos-kiklos.com\/\u03c0\u03c1\u03bf\u03ca\u03cc\u03bd\/%cf%88%ce%b1%cf%81%ce%ac%ce%b4%ce%b5%cf%82\/?lang=en"},"modified":"2019-07-27T15:07:30","modified_gmt":"2019-07-27T12:07:30","slug":"%cf%88%ce%b1%cf%81%ce%ac%ce%b4%ce%b5%cf%82","status":"publish","type":"product","link":"https:\/\/ikastikos-kiklos.com\/en\/product\/%cf%88%ce%b1%cf%81%ce%ac%ce%b4%ce%b5%cf%82\/","title":{"rendered":"Fishermen"},"content":{"rendered":"<header class=\"title-container\">\n<header class=\"title-container\"><\/header>\n<div class=\"description-container dynamic-content\">\n<p>&#8220;Engraver and painter, consistent of his inner world, with a persistent look at the peaceful contemplation of the life and light of Greece and in the fifty-eight consecutive years of his creativity, he left us a work characterized by the light&#8230; As an engraver and innovator he creates a new path of peculiar performance of visual reality, especially in his landscapes. He was interested, first and foremost, to conquer another image of Greece. A more poetic image, an image emphasizing the slim color formulation. From the series of colored woodcuts, from the Aegean to Olympia and from Delphi to Attica, he makes an invaluable use of white prints, winning unexpected luminescence &#8230; His painting world talks directly with his engraving work, (His teacher in painting at the School of Fine Arts was Umvertos Argyros). Both paintings and engravings are washed by the Mediterranean light, the light blue of the ether and the roar of the sea, and reveal his personal alphabet. An iconography that provokes the dream of the poetic contemplation of the real. &#8221;<\/p>\n<p>Takis Mavrotas<\/p>\n<p>Source: <a href=\"http:\/\/www.kathimerini.gr\/770767\/opinion\/epikairothta\/politikh\/h-ellada-me-ta-matia-ths-texnhs-toy-kwsta-grammatopoyloy--ek8esh-zwgrafikhs--xaraktikhs-sto-idryma-8eoxarakh-egkainia-19-ioynioy-apo-thn-ypoyrgo-toyrismoy-k-olga-kefalogiannh\">kathimerini.gr<\/a><\/p>\n<\/div>\n<\/header>\n","protected":false},"excerpt":{"rendered":"<p>Lithographs engraved by K. Gramatopoulos in 1985, numbered and signed. Today it\u2019s a collectible piece.<\/p>\n","protected":false},"featured_media":1500,"template":"","meta":{"ngg_post_thumbnail":0},"product_brand":[],"product_cat":[398,1987,2050,1991],"product_tag":[2578,2639,2636,2605,2633],"class_list":{"0":"post-2970","1":"product","2":"type-product","3":"status-publish","4":"has-post-thumbnail","6":"product_cat-collections","7":"product_cat-eshop-en","8":"product_cat-lithographies-en","9":"product_cat-silkscreens-shop","10":"product_tag-collectible","11":"product_tag-fishermen","12":"product_tag-generation-of-30","13":"product_tag-grammatopoulos-kostas","14":"product_tag-lithography","15":"product_shipping_class-0-2kg","17":"first","18":"instock","19":"taxable","20":"shipping-taxable","21":"purchasable","22":"product-type-simple"},"yoast_head":"<!-- This site is optimized with the Yoast SEO plugin v27.4 - https:\/\/yoast.com\/product\/yoast-seo-wordpress\/ -->\n<title>Fishermen Lithography by Kostas Grammatopoulos<\/title>\n<meta name=\"description\" content=\"Fishermen Lithography by Kostas Grammatopoulos. Dimensions 50 x 67 cm\" \/>\n<meta name=\"robots\" content=\"index, follow, max-snippet:-1, max-image-preview:large, max-video-preview:-1\" \/>\n<link rel=\"canonical\" href=\"https:\/\/ikastikos-kiklos.com\/en\/product\/\u03c8\u03b1\u03c1\u03ac\u03b4\u03b5\u03c2\/\" \/>\n<meta property=\"og:locale\" content=\"en_US\" \/>\n<meta property=\"og:type\" content=\"article\" \/>\n<meta property=\"og:title\" content=\"Fishermen Lithography by Kostas Grammatopoulos\" \/>\n<meta property=\"og:description\" content=\"Fishermen Lithography by Kostas Grammatopoulos. Dimensions 50 x 67 cm\" \/>\n<meta property=\"og:url\" content=\"https:\/\/ikastikos-kiklos.com\/en\/product\/\u03c8\u03b1\u03c1\u03ac\u03b4\u03b5\u03c2\/\" \/>\n<meta property=\"og:site_name\" content=\"Ikastikos Kiklos - Zografik\u00ed - Metaxotyp\u00edes - T\u00e9chniPainting - Silk Screen - Art\" \/>\n<meta property=\"article:publisher\" content=\"https:\/\/www.facebook.com\/ikastikoskiklossianti\/\" \/>\n<meta property=\"article:modified_time\" content=\"2019-07-27T12:07:30+00:00\" \/>\n<meta property=\"og:image\" content=\"https:\/\/ikastikos-kiklos.com\/wp-content\/uploads\/2016\/07\/psarades-enlarge.jpg\" \/>\n\t<meta property=\"og:image:width\" content=\"300\" \/>\n\t<meta property=\"og:image:height\" content=\"300\" \/>\n\t<meta property=\"og:image:type\" content=\"image\/jpeg\" \/>\n<meta name=\"twitter:card\" content=\"summary_large_image\" \/>\n<meta name=\"twitter:label1\" content=\"Est. reading time\" \/>\n\t<meta name=\"twitter:data1\" content=\"1 minute\" \/>\n<script type=\"application\/ld+json\" class=\"yoast-schema-graph\">{\"@context\":\"https:\\\/\\\/schema.org\",\"@graph\":[{\"@type\":\"WebPage\",\"@id\":\"https:\\\/\\\/ikastikos-kiklos.com\\\/en\\\/product\\\/%cf%88%ce%b1%cf%81%ce%ac%ce%b4%ce%b5%cf%82\\\/\",\"url\":\"https:\\\/\\\/ikastikos-kiklos.com\\\/en\\\/product\\\/%cf%88%ce%b1%cf%81%ce%ac%ce%b4%ce%b5%cf%82\\\/\",\"name\":\"Fishermen Lithography by Kostas Grammatopoulos\",\"isPartOf\":{\"@id\":\"https:\\\/\\\/ikastikos-kiklos.com\\\/en\\\/#website\"},\"primaryImageOfPage\":{\"@id\":\"https:\\\/\\\/ikastikos-kiklos.com\\\/en\\\/product\\\/%cf%88%ce%b1%cf%81%ce%ac%ce%b4%ce%b5%cf%82\\\/#primaryimage\"},\"image\":{\"@id\":\"https:\\\/\\\/ikastikos-kiklos.com\\\/en\\\/product\\\/%cf%88%ce%b1%cf%81%ce%ac%ce%b4%ce%b5%cf%82\\\/#primaryimage\"},\"thumbnailUrl\":\"https:\\\/\\\/ikastikos-kiklos.com\\\/wp-content\\\/uploads\\\/2016\\\/07\\\/psarades-enlarge.jpg\",\"datePublished\":\"2016-07-06T16:56:12+00:00\",\"dateModified\":\"2019-07-27T12:07:30+00:00\",\"description\":\"Fishermen Lithography by Kostas Grammatopoulos. Dimensions 50 x 67 cm\",\"breadcrumb\":{\"@id\":\"https:\\\/\\\/ikastikos-kiklos.com\\\/en\\\/product\\\/%cf%88%ce%b1%cf%81%ce%ac%ce%b4%ce%b5%cf%82\\\/#breadcrumb\"},\"inLanguage\":\"en-US\",\"potentialAction\":[{\"@type\":\"ReadAction\",\"target\":[\"https:\\\/\\\/ikastikos-kiklos.com\\\/en\\\/product\\\/%cf%88%ce%b1%cf%81%ce%ac%ce%b4%ce%b5%cf%82\\\/\"]}]},{\"@type\":\"ImageObject\",\"inLanguage\":\"en-US\",\"@id\":\"https:\\\/\\\/ikastikos-kiklos.com\\\/en\\\/product\\\/%cf%88%ce%b1%cf%81%ce%ac%ce%b4%ce%b5%cf%82\\\/#primaryimage\",\"url\":\"https:\\\/\\\/ikastikos-kiklos.com\\\/wp-content\\\/uploads\\\/2016\\\/07\\\/psarades-enlarge.jpg\",\"contentUrl\":\"https:\\\/\\\/ikastikos-kiklos.com\\\/wp-content\\\/uploads\\\/2016\\\/07\\\/psarades-enlarge.jpg\",\"width\":300,\"height\":300,\"caption\":\"Fishermen Lithography by Kostas Grammatopoulos\"},{\"@type\":\"BreadcrumbList\",\"@id\":\"https:\\\/\\\/ikastikos-kiklos.com\\\/en\\\/product\\\/%cf%88%ce%b1%cf%81%ce%ac%ce%b4%ce%b5%cf%82\\\/#breadcrumb\",\"itemListElement\":[{\"@type\":\"ListItem\",\"position\":1,\"name\":\"Home\",\"item\":\"https:\\\/\\\/ikastikos-kiklos.com\\\/en\\\/\"},{\"@type\":\"ListItem\",\"position\":2,\"name\":\"\u0388\u03c1\u03b3\u03b1 \u03c4\u03ad\u03c7\u03bd\u03b7\u03c2\",\"item\":\"https:\\\/\\\/ikastikos-kiklos.com\\\/%ce%ad%cf%81%ce%b3%ce%b1-%cf%84%ce%ad%cf%87%ce%bd%ce%b7%cf%82\\\/\"},{\"@type\":\"ListItem\",\"position\":3,\"name\":\"Fishermen\"}]},{\"@type\":\"WebSite\",\"@id\":\"https:\\\/\\\/ikastikos-kiklos.com\\\/en\\\/#website\",\"url\":\"https:\\\/\\\/ikastikos-kiklos.com\\\/en\\\/\",\"name\":\"Ikastikos Kiklos - Zografik\u00ed - Metaxotyp\u00edes - T\u00e9chniPainting - Silk Screen - Art\",\"description\":\"\",\"publisher\":{\"@id\":\"https:\\\/\\\/ikastikos-kiklos.com\\\/en\\\/#organization\"},\"potentialAction\":[{\"@type\":\"SearchAction\",\"target\":{\"@type\":\"EntryPoint\",\"urlTemplate\":\"https:\\\/\\\/ikastikos-kiklos.com\\\/en\\\/?s={search_term_string}\"},\"query-input\":{\"@type\":\"PropertyValueSpecification\",\"valueRequired\":true,\"valueName\":\"search_term_string\"}}],\"inLanguage\":\"en-US\"},{\"@type\":\"Organization\",\"@id\":\"https:\\\/\\\/ikastikos-kiklos.com\\\/en\\\/#organization\",\"name\":\"Ikastikos Kiklos - Zografik\u00ed - Metaxotyp\u00edes - T\u00e9chniPainting - Silk Screen - Art\",\"url\":\"https:\\\/\\\/ikastikos-kiklos.com\\\/en\\\/\",\"logo\":{\"@type\":\"ImageObject\",\"inLanguage\":\"en-US\",\"@id\":\"https:\\\/\\\/ikastikos-kiklos.com\\\/en\\\/#\\\/schema\\\/logo\\\/image\\\/\",\"url\":\"https:\\\/\\\/ikastikos-kiklos.com\\\/wp-content\\\/uploads\\\/2022\\\/10\\\/cropped-favicon_ikastikos.png\",\"contentUrl\":\"https:\\\/\\\/ikastikos-kiklos.com\\\/wp-content\\\/uploads\\\/2022\\\/10\\\/cropped-favicon_ikastikos.png\",\"width\":512,\"height\":512,\"caption\":\"Ikastikos Kiklos - Zografik\u00ed - Metaxotyp\u00edes - T\u00e9chniPainting - Silk Screen - Art\"},\"image\":{\"@id\":\"https:\\\/\\\/ikastikos-kiklos.com\\\/en\\\/#\\\/schema\\\/logo\\\/image\\\/\"},\"sameAs\":[\"https:\\\/\\\/www.facebook.com\\\/ikastikoskiklossianti\\\/\"]}]}<\/script>\n<!-- \/ Yoast SEO plugin. -->","yoast_head_json":{"title":"Fishermen Lithography by Kostas Grammatopoulos","description":"Fishermen Lithography by Kostas Grammatopoulos. Dimensions 50 x 67 cm","robots":{"index":"index","follow":"follow","max-snippet":"max-snippet:-1","max-image-preview":"max-image-preview:large","max-video-preview":"max-video-preview:-1"},"canonical":"https:\/\/ikastikos-kiklos.com\/en\/product\/\u03c8\u03b1\u03c1\u03ac\u03b4\u03b5\u03c2\/","og_locale":"en_US","og_type":"article","og_title":"Fishermen Lithography by Kostas Grammatopoulos","og_description":"Fishermen Lithography by Kostas Grammatopoulos. Dimensions 50 x 67 cm","og_url":"https:\/\/ikastikos-kiklos.com\/en\/product\/\u03c8\u03b1\u03c1\u03ac\u03b4\u03b5\u03c2\/","og_site_name":"Ikastikos Kiklos - Zografik\u00ed - Metaxotyp\u00edes - T\u00e9chniPainting - Silk Screen - Art","article_publisher":"https:\/\/www.facebook.com\/ikastikoskiklossianti\/","article_modified_time":"2019-07-27T12:07:30+00:00","og_image":[{"width":300,"height":300,"url":"https:\/\/ikastikos-kiklos.com\/wp-content\/uploads\/2016\/07\/psarades-enlarge.jpg","type":"image\/jpeg"}],"twitter_card":"summary_large_image","twitter_misc":{"Est. reading time":"1 minute"},"schema":{"@context":"https:\/\/schema.org","@graph":[{"@type":"WebPage","@id":"https:\/\/ikastikos-kiklos.com\/en\/product\/%cf%88%ce%b1%cf%81%ce%ac%ce%b4%ce%b5%cf%82\/","url":"https:\/\/ikastikos-kiklos.com\/en\/product\/%cf%88%ce%b1%cf%81%ce%ac%ce%b4%ce%b5%cf%82\/","name":"Fishermen Lithography by Kostas Grammatopoulos","isPartOf":{"@id":"https:\/\/ikastikos-kiklos.com\/en\/#website"},"primaryImageOfPage":{"@id":"https:\/\/ikastikos-kiklos.com\/en\/product\/%cf%88%ce%b1%cf%81%ce%ac%ce%b4%ce%b5%cf%82\/#primaryimage"},"image":{"@id":"https:\/\/ikastikos-kiklos.com\/en\/product\/%cf%88%ce%b1%cf%81%ce%ac%ce%b4%ce%b5%cf%82\/#primaryimage"},"thumbnailUrl":"https:\/\/ikastikos-kiklos.com\/wp-content\/uploads\/2016\/07\/psarades-enlarge.jpg","datePublished":"2016-07-06T16:56:12+00:00","dateModified":"2019-07-27T12:07:30+00:00","description":"Fishermen Lithography by Kostas Grammatopoulos. Dimensions 50 x 67 cm","breadcrumb":{"@id":"https:\/\/ikastikos-kiklos.com\/en\/product\/%cf%88%ce%b1%cf%81%ce%ac%ce%b4%ce%b5%cf%82\/#breadcrumb"},"inLanguage":"en-US","potentialAction":[{"@type":"ReadAction","target":["https:\/\/ikastikos-kiklos.com\/en\/product\/%cf%88%ce%b1%cf%81%ce%ac%ce%b4%ce%b5%cf%82\/"]}]},{"@type":"ImageObject","inLanguage":"en-US","@id":"https:\/\/ikastikos-kiklos.com\/en\/product\/%cf%88%ce%b1%cf%81%ce%ac%ce%b4%ce%b5%cf%82\/#primaryimage","url":"https:\/\/ikastikos-kiklos.com\/wp-content\/uploads\/2016\/07\/psarades-enlarge.jpg","contentUrl":"https:\/\/ikastikos-kiklos.com\/wp-content\/uploads\/2016\/07\/psarades-enlarge.jpg","width":300,"height":300,"caption":"Fishermen Lithography by Kostas Grammatopoulos"},{"@type":"BreadcrumbList","@id":"https:\/\/ikastikos-kiklos.com\/en\/product\/%cf%88%ce%b1%cf%81%ce%ac%ce%b4%ce%b5%cf%82\/#breadcrumb","itemListElement":[{"@type":"ListItem","position":1,"name":"Home","item":"https:\/\/ikastikos-kiklos.com\/en\/"},{"@type":"ListItem","position":2,"name":"\u0388\u03c1\u03b3\u03b1 \u03c4\u03ad\u03c7\u03bd\u03b7\u03c2","item":"https:\/\/ikastikos-kiklos.com\/%ce%ad%cf%81%ce%b3%ce%b1-%cf%84%ce%ad%cf%87%ce%bd%ce%b7%cf%82\/"},{"@type":"ListItem","position":3,"name":"Fishermen"}]},{"@type":"WebSite","@id":"https:\/\/ikastikos-kiklos.com\/en\/#website","url":"https:\/\/ikastikos-kiklos.com\/en\/","name":"Ikastikos Kiklos - Zografik\u00ed - Metaxotyp\u00edes - T\u00e9chniPainting - Silk Screen - Art","description":"","publisher":{"@id":"https:\/\/ikastikos-kiklos.com\/en\/#organization"},"potentialAction":[{"@type":"SearchAction","target":{"@type":"EntryPoint","urlTemplate":"https:\/\/ikastikos-kiklos.com\/en\/?s={search_term_string}"},"query-input":{"@type":"PropertyValueSpecification","valueRequired":true,"valueName":"search_term_string"}}],"inLanguage":"en-US"},{"@type":"Organization","@id":"https:\/\/ikastikos-kiklos.com\/en\/#organization","name":"Ikastikos Kiklos - Zografik\u00ed - Metaxotyp\u00edes - T\u00e9chniPainting - Silk Screen - Art","url":"https:\/\/ikastikos-kiklos.com\/en\/","logo":{"@type":"ImageObject","inLanguage":"en-US","@id":"https:\/\/ikastikos-kiklos.com\/en\/#\/schema\/logo\/image\/","url":"https:\/\/ikastikos-kiklos.com\/wp-content\/uploads\/2022\/10\/cropped-favicon_ikastikos.png","contentUrl":"https:\/\/ikastikos-kiklos.com\/wp-content\/uploads\/2022\/10\/cropped-favicon_ikastikos.png","width":512,"height":512,"caption":"Ikastikos Kiklos - Zografik\u00ed - Metaxotyp\u00edes - T\u00e9chniPainting - Silk Screen - Art"},"image":{"@id":"https:\/\/ikastikos-kiklos.com\/en\/#\/schema\/logo\/image\/"},"sameAs":["https:\/\/www.facebook.com\/ikastikoskiklossianti\/"]}]}},"_links":{"self":[{"href":"https:\/\/ikastikos-kiklos.com\/en\/wp-json\/wp\/v2\/product\/2970","targetHints":{"allow":["GET"]}}],"collection":[{"href":"https:\/\/ikastikos-kiklos.com\/en\/wp-json\/wp\/v2\/product"}],"about":[{"href":"https:\/\/ikastikos-kiklos.com\/en\/wp-json\/wp\/v2\/types\/product"}],"wp:featuredmedia":[{"embeddable":true,"href":"https:\/\/ikastikos-kiklos.com\/en\/wp-json\/wp\/v2\/media\/1500"}],"wp:attachment":[{"href":"https:\/\/ikastikos-kiklos.com\/en\/wp-json\/wp\/v2\/media?parent=2970"}],"wp:term":[{"taxonomy":"product_brand","embeddable":true,"href":"https:\/\/ikastikos-kiklos.com\/en\/wp-json\/wp\/v2\/product_brand?post=2970"},{"taxonomy":"product_cat","embeddable":true,"href":"https:\/\/ikastikos-kiklos.com\/en\/wp-json\/wp\/v2\/product_cat?post=2970"},{"taxonomy":"product_tag","embeddable":true,"href":"https:\/\/ikastikos-kiklos.com\/en\/wp-json\/wp\/v2\/product_tag?post=2970"}],"curies":[{"name":"wp","href":"https:\/\/api.w.org\/{rel}","templated":true}]}}