{"id":2968,"date":"2016-07-06T16:47:42","date_gmt":"2016-07-06T16:47:42","guid":{"rendered":"http:\/\/ikastikos-kiklos.com\/\u03c0\u03c1\u03bf\u03ca\u03cc\u03bd\/%ce%ba%ce%b1%cf%81%ce%bd%ce%ac%ce%b3%ce%b9%ce%bf\/?lang=en"},"modified":"2024-01-19T12:33:36","modified_gmt":"2024-01-19T10:33:36","slug":"%ce%ba%ce%b1%cf%81%ce%bd%ce%ac%ce%b3%ce%b9%ce%bf","status":"publish","type":"product","link":"https:\/\/ikastikos-kiklos.com\/en\/product\/%ce%ba%ce%b1%cf%81%ce%bd%ce%ac%ce%b3%ce%b9%ce%bf\/","title":{"rendered":"Shipyard"},"content":{"rendered":"<header class=\"title-container\">\n<header class=\"title-container\">&#8220;His patriotism led him in 1940, when he was a student at the Athens School of Fine Arts, to the creation of wonderful patriotic lithographic posters on the Greek-Italian War, such as the heroines carrying on their shoulders the munitions in the mountains of Pindos or the one with the fearless armed soldier who has the slogan on it that reads: &#8220;Come and take it!&#8221; His admiration and respect for the spiritual people led him to the production of a series of excellent woodcut portraits, distinguished for the unrivaled representation of the great writers and poets such as Palamas, Sikelianos, Benesis, Terzakis and others. At the same time, he illustrated more than 100 books (P.S Delta: Trelandonis, Magas and The Secrets of the Swamp, P. Prevelakis: The Countdown, ll. Venezi: Galini, the Number 31328 and Autumn in Italy, P. Haris: Sikelianos: Christ in Rome, N. Vrettakos: Chorus, etc.), completing with his unique expressive way his contribution to our cultural development.Source: pemptousia.gr<\/p>\n<\/header>\n<\/header>\n","protected":false},"excerpt":{"rendered":"<p>Lithographs engraved by K. Grammatopoulos<\/p>\n<p>Created in 1985, numbered and signed. Today it is a collectible piece.<\/p>\n","protected":false},"featured_media":1554,"template":"","meta":{"ngg_post_thumbnail":0},"product_brand":[],"product_cat":[398,1987,2050,1991],"product_tag":[2578,2636,2605,2633,2641,2640],"class_list":{"0":"post-2968","1":"product","2":"type-product","3":"status-publish","4":"has-post-thumbnail","6":"product_cat-collections","7":"product_cat-eshop-en","8":"product_cat-lithographies-en","9":"product_cat-silkscreens-shop","10":"product_tag-collectible","11":"product_tag-generation-of-30","12":"product_tag-grammatopoulos-kostas","13":"product_tag-lithography","14":"product_tag-painter","15":"product_tag-shipyard","16":"product_shipping_class-0-2kg","18":"first","19":"instock","20":"taxable","21":"shipping-taxable","22":"purchasable","23":"product-type-simple"},"yoast_head":"<!-- This site is optimized with the Yoast SEO plugin v27.2 - https:\/\/yoast.com\/product\/yoast-seo-wordpress\/ -->\n<title>Shipyard Lithography by Kostas Grammatopoulos at Ikastikos Kiklos Sianti<\/title>\n<meta name=\"description\" content=\"Shipyard Lithography by Kostas Grammatopoulos at Ikastikos Kiklos Sianti. Dimensions 66,8 x 46 cm\" \/>\n<meta name=\"robots\" content=\"index, follow, max-snippet:-1, max-image-preview:large, max-video-preview:-1\" \/>\n<link rel=\"canonical\" href=\"https:\/\/ikastikos-kiklos.com\/en\/product\/\u03ba\u03b1\u03c1\u03bd\u03ac\u03b3\u03b9\u03bf\/\" \/>\n<meta property=\"og:locale\" content=\"en_US\" \/>\n<meta property=\"og:type\" content=\"article\" \/>\n<meta property=\"og:title\" content=\"Shipyard Lithography by Kostas Grammatopoulos at Ikastikos Kiklos Sianti\" \/>\n<meta property=\"og:description\" content=\"Shipyard Lithography by Kostas Grammatopoulos at Ikastikos Kiklos Sianti. Dimensions 66,8 x 46 cm\" \/>\n<meta property=\"og:url\" content=\"https:\/\/ikastikos-kiklos.com\/en\/product\/\u03ba\u03b1\u03c1\u03bd\u03ac\u03b3\u03b9\u03bf\/\" \/>\n<meta property=\"og:site_name\" content=\"Ikastikos Kiklos - Zografik\u00ed - Metaxotyp\u00edes - T\u00e9chniPainting - Silk Screen - Art\" \/>\n<meta property=\"article:publisher\" content=\"https:\/\/www.facebook.com\/ikastikoskiklossianti\/\" \/>\n<meta property=\"article:modified_time\" content=\"2024-01-19T10:33:36+00:00\" \/>\n<meta property=\"og:image\" content=\"https:\/\/ikastikos-kiklos.com\/wp-content\/uploads\/2016\/07\/karnagio-enlarge-1.jpg\" \/>\n\t<meta property=\"og:image:width\" content=\"300\" \/>\n\t<meta property=\"og:image:height\" content=\"300\" \/>\n\t<meta property=\"og:image:type\" content=\"image\/jpeg\" \/>\n<meta name=\"twitter:card\" content=\"summary_large_image\" \/>\n<meta name=\"twitter:label1\" content=\"Est. reading time\" \/>\n\t<meta name=\"twitter:data1\" content=\"1 minute\" \/>\n<script type=\"application\/ld+json\" class=\"yoast-schema-graph\">{\"@context\":\"https:\/\/schema.org\",\"@graph\":[{\"@type\":\"WebPage\",\"@id\":\"https:\/\/ikastikos-kiklos.com\/en\/product\/%ce%ba%ce%b1%cf%81%ce%bd%ce%ac%ce%b3%ce%b9%ce%bf\/\",\"url\":\"https:\/\/ikastikos-kiklos.com\/en\/product\/%ce%ba%ce%b1%cf%81%ce%bd%ce%ac%ce%b3%ce%b9%ce%bf\/\",\"name\":\"Shipyard Lithography by Kostas Grammatopoulos at Ikastikos Kiklos Sianti\",\"isPartOf\":{\"@id\":\"https:\/\/ikastikos-kiklos.com\/en\/#website\"},\"primaryImageOfPage\":{\"@id\":\"https:\/\/ikastikos-kiklos.com\/en\/product\/%ce%ba%ce%b1%cf%81%ce%bd%ce%ac%ce%b3%ce%b9%ce%bf\/#primaryimage\"},\"image\":{\"@id\":\"https:\/\/ikastikos-kiklos.com\/en\/product\/%ce%ba%ce%b1%cf%81%ce%bd%ce%ac%ce%b3%ce%b9%ce%bf\/#primaryimage\"},\"thumbnailUrl\":\"https:\/\/ikastikos-kiklos.com\/wp-content\/uploads\/2016\/07\/karnagio-enlarge-1.jpg\",\"datePublished\":\"2016-07-06T16:47:42+00:00\",\"dateModified\":\"2024-01-19T10:33:36+00:00\",\"description\":\"Shipyard Lithography by Kostas Grammatopoulos at Ikastikos Kiklos Sianti. Dimensions 66,8 x 46 cm\",\"breadcrumb\":{\"@id\":\"https:\/\/ikastikos-kiklos.com\/en\/product\/%ce%ba%ce%b1%cf%81%ce%bd%ce%ac%ce%b3%ce%b9%ce%bf\/#breadcrumb\"},\"inLanguage\":\"en-US\",\"potentialAction\":[{\"@type\":\"ReadAction\",\"target\":[\"https:\/\/ikastikos-kiklos.com\/en\/product\/%ce%ba%ce%b1%cf%81%ce%bd%ce%ac%ce%b3%ce%b9%ce%bf\/\"]}]},{\"@type\":\"ImageObject\",\"inLanguage\":\"en-US\",\"@id\":\"https:\/\/ikastikos-kiklos.com\/en\/product\/%ce%ba%ce%b1%cf%81%ce%bd%ce%ac%ce%b3%ce%b9%ce%bf\/#primaryimage\",\"url\":\"https:\/\/ikastikos-kiklos.com\/wp-content\/uploads\/2016\/07\/karnagio-enlarge-1.jpg\",\"contentUrl\":\"https:\/\/ikastikos-kiklos.com\/wp-content\/uploads\/2016\/07\/karnagio-enlarge-1.jpg\",\"width\":300,\"height\":300,\"caption\":\"\u039a\u03b1\u03c1\u03bd\u03ac\u03b3\u03b9\u03bf \u039b\u03b9\u03b8\u03bf\u03b3\u03c1\u03b1\u03c6\u03af\u03b1 \u03b1\u03c0\u03cc \u03c4\u03bf\u03bd \u0396\u03c9\u03b3\u03c1\u03ac\u03c6\u03bf \u039a\u03ce\u03c3\u03c4\u03b1 \u0393\u03c1\u03b1\u03bc\u03bc\u03b1\u03c4\u03cc\u03c0\u03bf\u03c5\u03bb\u03bf\"},{\"@type\":\"BreadcrumbList\",\"@id\":\"https:\/\/ikastikos-kiklos.com\/en\/product\/%ce%ba%ce%b1%cf%81%ce%bd%ce%ac%ce%b3%ce%b9%ce%bf\/#breadcrumb\",\"itemListElement\":[{\"@type\":\"ListItem\",\"position\":1,\"name\":\"Home\",\"item\":\"https:\/\/ikastikos-kiklos.com\/en\/\"},{\"@type\":\"ListItem\",\"position\":2,\"name\":\"\u0388\u03c1\u03b3\u03b1 \u03c4\u03ad\u03c7\u03bd\u03b7\u03c2\",\"item\":\"https:\/\/ikastikos-kiklos.com\/%ce%ad%cf%81%ce%b3%ce%b1-%cf%84%ce%ad%cf%87%ce%bd%ce%b7%cf%82\/\"},{\"@type\":\"ListItem\",\"position\":3,\"name\":\"Shipyard\"}]},{\"@type\":\"WebSite\",\"@id\":\"https:\/\/ikastikos-kiklos.com\/en\/#website\",\"url\":\"https:\/\/ikastikos-kiklos.com\/en\/\",\"name\":\"Ikastikos Kiklos - Zografik\u00ed - Metaxotyp\u00edes - T\u00e9chniPainting - Silk Screen - Art\",\"description\":\"\",\"publisher\":{\"@id\":\"https:\/\/ikastikos-kiklos.com\/en\/#organization\"},\"potentialAction\":[{\"@type\":\"SearchAction\",\"target\":{\"@type\":\"EntryPoint\",\"urlTemplate\":\"https:\/\/ikastikos-kiklos.com\/en\/?s={search_term_string}\"},\"query-input\":{\"@type\":\"PropertyValueSpecification\",\"valueRequired\":true,\"valueName\":\"search_term_string\"}}],\"inLanguage\":\"en-US\"},{\"@type\":\"Organization\",\"@id\":\"https:\/\/ikastikos-kiklos.com\/en\/#organization\",\"name\":\"Ikastikos Kiklos - Zografik\u00ed - Metaxotyp\u00edes - T\u00e9chniPainting - Silk Screen - Art\",\"url\":\"https:\/\/ikastikos-kiklos.com\/en\/\",\"logo\":{\"@type\":\"ImageObject\",\"inLanguage\":\"en-US\",\"@id\":\"https:\/\/ikastikos-kiklos.com\/en\/#\/schema\/logo\/image\/\",\"url\":\"https:\/\/ikastikos-kiklos.com\/wp-content\/uploads\/2022\/10\/cropped-favicon_ikastikos.png\",\"contentUrl\":\"https:\/\/ikastikos-kiklos.com\/wp-content\/uploads\/2022\/10\/cropped-favicon_ikastikos.png\",\"width\":512,\"height\":512,\"caption\":\"Ikastikos Kiklos - Zografik\u00ed - Metaxotyp\u00edes - T\u00e9chniPainting - Silk Screen - Art\"},\"image\":{\"@id\":\"https:\/\/ikastikos-kiklos.com\/en\/#\/schema\/logo\/image\/\"},\"sameAs\":[\"https:\/\/www.facebook.com\/ikastikoskiklossianti\/\"]}]}<\/script>\n<!-- \/ Yoast SEO plugin. -->","yoast_head_json":{"title":"Shipyard Lithography by Kostas Grammatopoulos at Ikastikos Kiklos Sianti","description":"Shipyard Lithography by Kostas Grammatopoulos at Ikastikos Kiklos Sianti. Dimensions 66,8 x 46 cm","robots":{"index":"index","follow":"follow","max-snippet":"max-snippet:-1","max-image-preview":"max-image-preview:large","max-video-preview":"max-video-preview:-1"},"canonical":"https:\/\/ikastikos-kiklos.com\/en\/product\/\u03ba\u03b1\u03c1\u03bd\u03ac\u03b3\u03b9\u03bf\/","og_locale":"en_US","og_type":"article","og_title":"Shipyard Lithography by Kostas Grammatopoulos at Ikastikos Kiklos Sianti","og_description":"Shipyard Lithography by Kostas Grammatopoulos at Ikastikos Kiklos Sianti. Dimensions 66,8 x 46 cm","og_url":"https:\/\/ikastikos-kiklos.com\/en\/product\/\u03ba\u03b1\u03c1\u03bd\u03ac\u03b3\u03b9\u03bf\/","og_site_name":"Ikastikos Kiklos - Zografik\u00ed - Metaxotyp\u00edes - T\u00e9chniPainting - Silk Screen - Art","article_publisher":"https:\/\/www.facebook.com\/ikastikoskiklossianti\/","article_modified_time":"2024-01-19T10:33:36+00:00","og_image":[{"width":300,"height":300,"url":"https:\/\/ikastikos-kiklos.com\/wp-content\/uploads\/2016\/07\/karnagio-enlarge-1.jpg","type":"image\/jpeg"}],"twitter_card":"summary_large_image","twitter_misc":{"Est. reading time":"1 minute"},"schema":{"@context":"https:\/\/schema.org","@graph":[{"@type":"WebPage","@id":"https:\/\/ikastikos-kiklos.com\/en\/product\/%ce%ba%ce%b1%cf%81%ce%bd%ce%ac%ce%b3%ce%b9%ce%bf\/","url":"https:\/\/ikastikos-kiklos.com\/en\/product\/%ce%ba%ce%b1%cf%81%ce%bd%ce%ac%ce%b3%ce%b9%ce%bf\/","name":"Shipyard Lithography by Kostas Grammatopoulos at Ikastikos Kiklos Sianti","isPartOf":{"@id":"https:\/\/ikastikos-kiklos.com\/en\/#website"},"primaryImageOfPage":{"@id":"https:\/\/ikastikos-kiklos.com\/en\/product\/%ce%ba%ce%b1%cf%81%ce%bd%ce%ac%ce%b3%ce%b9%ce%bf\/#primaryimage"},"image":{"@id":"https:\/\/ikastikos-kiklos.com\/en\/product\/%ce%ba%ce%b1%cf%81%ce%bd%ce%ac%ce%b3%ce%b9%ce%bf\/#primaryimage"},"thumbnailUrl":"https:\/\/ikastikos-kiklos.com\/wp-content\/uploads\/2016\/07\/karnagio-enlarge-1.jpg","datePublished":"2016-07-06T16:47:42+00:00","dateModified":"2024-01-19T10:33:36+00:00","description":"Shipyard Lithography by Kostas Grammatopoulos at Ikastikos Kiklos Sianti. Dimensions 66,8 x 46 cm","breadcrumb":{"@id":"https:\/\/ikastikos-kiklos.com\/en\/product\/%ce%ba%ce%b1%cf%81%ce%bd%ce%ac%ce%b3%ce%b9%ce%bf\/#breadcrumb"},"inLanguage":"en-US","potentialAction":[{"@type":"ReadAction","target":["https:\/\/ikastikos-kiklos.com\/en\/product\/%ce%ba%ce%b1%cf%81%ce%bd%ce%ac%ce%b3%ce%b9%ce%bf\/"]}]},{"@type":"ImageObject","inLanguage":"en-US","@id":"https:\/\/ikastikos-kiklos.com\/en\/product\/%ce%ba%ce%b1%cf%81%ce%bd%ce%ac%ce%b3%ce%b9%ce%bf\/#primaryimage","url":"https:\/\/ikastikos-kiklos.com\/wp-content\/uploads\/2016\/07\/karnagio-enlarge-1.jpg","contentUrl":"https:\/\/ikastikos-kiklos.com\/wp-content\/uploads\/2016\/07\/karnagio-enlarge-1.jpg","width":300,"height":300,"caption":"\u039a\u03b1\u03c1\u03bd\u03ac\u03b3\u03b9\u03bf \u039b\u03b9\u03b8\u03bf\u03b3\u03c1\u03b1\u03c6\u03af\u03b1 \u03b1\u03c0\u03cc \u03c4\u03bf\u03bd \u0396\u03c9\u03b3\u03c1\u03ac\u03c6\u03bf \u039a\u03ce\u03c3\u03c4\u03b1 \u0393\u03c1\u03b1\u03bc\u03bc\u03b1\u03c4\u03cc\u03c0\u03bf\u03c5\u03bb\u03bf"},{"@type":"BreadcrumbList","@id":"https:\/\/ikastikos-kiklos.com\/en\/product\/%ce%ba%ce%b1%cf%81%ce%bd%ce%ac%ce%b3%ce%b9%ce%bf\/#breadcrumb","itemListElement":[{"@type":"ListItem","position":1,"name":"Home","item":"https:\/\/ikastikos-kiklos.com\/en\/"},{"@type":"ListItem","position":2,"name":"\u0388\u03c1\u03b3\u03b1 \u03c4\u03ad\u03c7\u03bd\u03b7\u03c2","item":"https:\/\/ikastikos-kiklos.com\/%ce%ad%cf%81%ce%b3%ce%b1-%cf%84%ce%ad%cf%87%ce%bd%ce%b7%cf%82\/"},{"@type":"ListItem","position":3,"name":"Shipyard"}]},{"@type":"WebSite","@id":"https:\/\/ikastikos-kiklos.com\/en\/#website","url":"https:\/\/ikastikos-kiklos.com\/en\/","name":"Ikastikos Kiklos - Zografik\u00ed - Metaxotyp\u00edes - T\u00e9chniPainting - Silk Screen - Art","description":"","publisher":{"@id":"https:\/\/ikastikos-kiklos.com\/en\/#organization"},"potentialAction":[{"@type":"SearchAction","target":{"@type":"EntryPoint","urlTemplate":"https:\/\/ikastikos-kiklos.com\/en\/?s={search_term_string}"},"query-input":{"@type":"PropertyValueSpecification","valueRequired":true,"valueName":"search_term_string"}}],"inLanguage":"en-US"},{"@type":"Organization","@id":"https:\/\/ikastikos-kiklos.com\/en\/#organization","name":"Ikastikos Kiklos - Zografik\u00ed - Metaxotyp\u00edes - T\u00e9chniPainting - Silk Screen - Art","url":"https:\/\/ikastikos-kiklos.com\/en\/","logo":{"@type":"ImageObject","inLanguage":"en-US","@id":"https:\/\/ikastikos-kiklos.com\/en\/#\/schema\/logo\/image\/","url":"https:\/\/ikastikos-kiklos.com\/wp-content\/uploads\/2022\/10\/cropped-favicon_ikastikos.png","contentUrl":"https:\/\/ikastikos-kiklos.com\/wp-content\/uploads\/2022\/10\/cropped-favicon_ikastikos.png","width":512,"height":512,"caption":"Ikastikos Kiklos - Zografik\u00ed - Metaxotyp\u00edes - T\u00e9chniPainting - Silk Screen - Art"},"image":{"@id":"https:\/\/ikastikos-kiklos.com\/en\/#\/schema\/logo\/image\/"},"sameAs":["https:\/\/www.facebook.com\/ikastikoskiklossianti\/"]}]}},"_links":{"self":[{"href":"https:\/\/ikastikos-kiklos.com\/en\/wp-json\/wp\/v2\/product\/2968","targetHints":{"allow":["GET"]}}],"collection":[{"href":"https:\/\/ikastikos-kiklos.com\/en\/wp-json\/wp\/v2\/product"}],"about":[{"href":"https:\/\/ikastikos-kiklos.com\/en\/wp-json\/wp\/v2\/types\/product"}],"wp:featuredmedia":[{"embeddable":true,"href":"https:\/\/ikastikos-kiklos.com\/en\/wp-json\/wp\/v2\/media\/1554"}],"wp:attachment":[{"href":"https:\/\/ikastikos-kiklos.com\/en\/wp-json\/wp\/v2\/media?parent=2968"}],"wp:term":[{"taxonomy":"product_brand","embeddable":true,"href":"https:\/\/ikastikos-kiklos.com\/en\/wp-json\/wp\/v2\/product_brand?post=2968"},{"taxonomy":"product_cat","embeddable":true,"href":"https:\/\/ikastikos-kiklos.com\/en\/wp-json\/wp\/v2\/product_cat?post=2968"},{"taxonomy":"product_tag","embeddable":true,"href":"https:\/\/ikastikos-kiklos.com\/en\/wp-json\/wp\/v2\/product_tag?post=2968"}],"curies":[{"name":"wp","href":"https:\/\/api.w.org\/{rel}","templated":true}]}}