{"id":2957,"date":"2016-07-06T16:31:52","date_gmt":"2016-07-06T16:31:52","guid":{"rendered":"http:\/\/ikastikos-kiklos.com\/\u03c0\u03c1\u03bf\u03ca\u03cc\u03bd\/%cf%83%cf%8d%ce%bd%ce%b8%ce%b5%cf%83%ce%b7\/?lang=en"},"modified":"2017-06-29T14:30:19","modified_gmt":"2017-06-29T14:30:19","slug":"%cf%83%cf%8d%ce%bd%ce%b8%ce%b5%cf%83%ce%b7","status":"publish","type":"product","link":"https:\/\/ikastikos-kiklos.com\/en\/product\/%cf%83%cf%8d%ce%bd%ce%b8%ce%b5%cf%83%ce%b7\/","title":{"rendered":"Composition"},"content":{"rendered":"<h1 class=\"title\">Psychopedis Yannis<\/h1>\n<div class=\"description-container dynamic-content\">\n<div><span lang=\"EN-US\" style=\"margin: 0px; color: black; line-height: 115%; font-family: 'Calibri',sans-serif; font-size: 12pt;\">Yannis Psychopedis was born in Athens, in 1945. He studied at the Athens School of Fine Arts (1963 &#8211; 1968) and continued his postgraduate studies at the Munich Academy of Fine Arts, on a scholarship by the State of Germany (1971 &#8211; 1976). <\/span><span style=\"margin: 0px; color: black; line-height: 115%; font-family: 'Calibri',sans-serif; font-size: 12pt;\">He was a founding member of the group \u201cNew Greek Realists\u201d, as well as the Center of Visual Arts (Athens, 1974-1976). He was also a member of the visual art group 10\/9, in Munich (1975). He was called as a guest for the artistic program of the West Berlin DAAD (1977). During the years 1977-1986, he lived and worked in West Berlin. <\/span><span lang=\"EN-US\" style=\"margin: 0px; color: black; line-height: 115%; font-family: 'Calibri',sans-serif; font-size: 12pt;\">In 1977, he moved to Brussels, where he lived and worked until 1992. In 1994, he was elected Professor at the Athens School of Fine Arts. He has presented his work in many personal and <a name=\"_GoBack\"><\/a>group exhibitions in Greece, France, West and East Germany, Luxembourg, Spain, Ireland, Cyprus, the United States, Sweden, Israel, England, Holland, Turkey, Egypt, Italy, Canada and elsewhere, in private galleries, national galleries and museums.<\/span><\/div>\n<\/div>\n","protected":false},"excerpt":{"rendered":"<p>Signed and numbered by the artist.<\/p>\n","protected":false},"featured_media":44633,"template":"","meta":{"ngg_post_thumbnail":0},"product_brand":[],"product_cat":[398,1987,396,1991],"product_tag":[2487,2631,2224],"class_list":{"0":"post-2957","1":"product","2":"type-product","3":"status-publish","4":"has-post-thumbnail","6":"product_cat-collections","7":"product_cat-eshop-en","8":"product_cat-silkscreens","9":"product_cat-silkscreens-shop","10":"product_tag-composition","11":"product_tag-psychopedis-yannis","12":"product_tag-silkscreen-en","13":"product_shipping_class-0-2kg","15":"first","16":"instock","17":"taxable","18":"shipping-taxable","19":"purchasable","20":"product-type-simple"},"yoast_head":"<!-- This site is optimized with the Yoast SEO plugin v27.2 - https:\/\/yoast.com\/product\/yoast-seo-wordpress\/ -->\n<title>Composition Silkscreen by Psychopedis Yannis at Ikastikos Kiklos Sianti Gallery.<\/title>\n<meta name=\"description\" content=\"Composition Silkscreen by Psychopedis Yannis at Ikastikos Kiklos Sianti Gallery. 120 copies numbered and signed by the artist. Dimensions 45 x 60 cm\" \/>\n<meta name=\"robots\" content=\"index, follow, max-snippet:-1, max-image-preview:large, max-video-preview:-1\" \/>\n<link rel=\"canonical\" href=\"https:\/\/ikastikos-kiklos.com\/en\/product\/\u03c3\u03cd\u03bd\u03b8\u03b5\u03c3\u03b7\/\" \/>\n<meta property=\"og:locale\" content=\"en_US\" \/>\n<meta property=\"og:type\" content=\"article\" \/>\n<meta property=\"og:title\" content=\"Composition Silkscreen by Psychopedis Yannis at Ikastikos Kiklos Sianti Gallery.\" \/>\n<meta property=\"og:description\" content=\"Composition Silkscreen by Psychopedis Yannis at Ikastikos Kiklos Sianti Gallery. 120 copies numbered and signed by the artist. Dimensions 45 x 60 cm\" \/>\n<meta property=\"og:url\" content=\"https:\/\/ikastikos-kiklos.com\/en\/product\/\u03c3\u03cd\u03bd\u03b8\u03b5\u03c3\u03b7\/\" \/>\n<meta property=\"og:site_name\" content=\"Ikastikos Kiklos - Zografik\u00ed - Metaxotyp\u00edes - T\u00e9chniPainting - Silk Screen - Art\" \/>\n<meta property=\"article:publisher\" content=\"https:\/\/www.facebook.com\/ikastikoskiklossianti\/\" \/>\n<meta property=\"article:modified_time\" content=\"2017-06-29T14:30:19+00:00\" \/>\n<meta property=\"og:image\" content=\"https:\/\/ikastikos-kiklos.com\/wp-content\/uploads\/2016\/07\/sunthesi-enlarge-1.jpg\" \/>\n\t<meta property=\"og:image:width\" content=\"300\" \/>\n\t<meta property=\"og:image:height\" content=\"300\" \/>\n\t<meta property=\"og:image:type\" content=\"image\/jpeg\" \/>\n<meta name=\"twitter:card\" content=\"summary_large_image\" \/>\n<meta name=\"twitter:label1\" content=\"Est. reading time\" \/>\n\t<meta name=\"twitter:data1\" content=\"1 minute\" \/>\n<script type=\"application\/ld+json\" class=\"yoast-schema-graph\">{\"@context\":\"https:\/\/schema.org\",\"@graph\":[{\"@type\":\"WebPage\",\"@id\":\"https:\/\/ikastikos-kiklos.com\/en\/product\/%cf%83%cf%8d%ce%bd%ce%b8%ce%b5%cf%83%ce%b7\/\",\"url\":\"https:\/\/ikastikos-kiklos.com\/en\/product\/%cf%83%cf%8d%ce%bd%ce%b8%ce%b5%cf%83%ce%b7\/\",\"name\":\"Composition Silkscreen by Psychopedis Yannis at Ikastikos Kiklos Sianti Gallery.\",\"isPartOf\":{\"@id\":\"https:\/\/ikastikos-kiklos.com\/en\/#website\"},\"primaryImageOfPage\":{\"@id\":\"https:\/\/ikastikos-kiklos.com\/en\/product\/%cf%83%cf%8d%ce%bd%ce%b8%ce%b5%cf%83%ce%b7\/#primaryimage\"},\"image\":{\"@id\":\"https:\/\/ikastikos-kiklos.com\/en\/product\/%cf%83%cf%8d%ce%bd%ce%b8%ce%b5%cf%83%ce%b7\/#primaryimage\"},\"thumbnailUrl\":\"https:\/\/ikastikos-kiklos.com\/wp-content\/uploads\/2016\/07\/\u03c3\u03cd\u03bd\u03b8\u03b5\u03c3\u03b7-\u03c8\u03c5\u03c7\u03bf\u03c0\u03b1\u03af\u03b4\u03b7\u03c2-\u03b3\u03b9\u03ac\u03bd\u03bd\u03b7\u03c2.jpg\",\"datePublished\":\"2016-07-06T16:31:52+00:00\",\"dateModified\":\"2017-06-29T14:30:19+00:00\",\"description\":\"Composition Silkscreen by Psychopedis Yannis at Ikastikos Kiklos Sianti Gallery. 120 copies numbered and signed by the artist. Dimensions 45 x 60 cm\",\"breadcrumb\":{\"@id\":\"https:\/\/ikastikos-kiklos.com\/en\/product\/%cf%83%cf%8d%ce%bd%ce%b8%ce%b5%cf%83%ce%b7\/#breadcrumb\"},\"inLanguage\":\"en-US\",\"potentialAction\":[{\"@type\":\"ReadAction\",\"target\":[\"https:\/\/ikastikos-kiklos.com\/en\/product\/%cf%83%cf%8d%ce%bd%ce%b8%ce%b5%cf%83%ce%b7\/\"]}]},{\"@type\":\"ImageObject\",\"inLanguage\":\"en-US\",\"@id\":\"https:\/\/ikastikos-kiklos.com\/en\/product\/%cf%83%cf%8d%ce%bd%ce%b8%ce%b5%cf%83%ce%b7\/#primaryimage\",\"url\":\"https:\/\/ikastikos-kiklos.com\/wp-content\/uploads\/2016\/07\/\u03c3\u03cd\u03bd\u03b8\u03b5\u03c3\u03b7-\u03c8\u03c5\u03c7\u03bf\u03c0\u03b1\u03af\u03b4\u03b7\u03c2-\u03b3\u03b9\u03ac\u03bd\u03bd\u03b7\u03c2.jpg\",\"contentUrl\":\"https:\/\/ikastikos-kiklos.com\/wp-content\/uploads\/2016\/07\/\u03c3\u03cd\u03bd\u03b8\u03b5\u03c3\u03b7-\u03c8\u03c5\u03c7\u03bf\u03c0\u03b1\u03af\u03b4\u03b7\u03c2-\u03b3\u03b9\u03ac\u03bd\u03bd\u03b7\u03c2.jpg\",\"width\":900,\"height\":1198,\"caption\":\"\u03c3\u03cd\u03bd\u03b8\u03b5\u03c3\u03b7-\u03c8\u03c5\u03c7\u03bf\u03c0\u03b1\u03af\u03b4\u03b7\u03c2-\u03b3\u03b9\u03ac\u03bd\u03bd\u03b7\u03c2\"},{\"@type\":\"BreadcrumbList\",\"@id\":\"https:\/\/ikastikos-kiklos.com\/en\/product\/%cf%83%cf%8d%ce%bd%ce%b8%ce%b5%cf%83%ce%b7\/#breadcrumb\",\"itemListElement\":[{\"@type\":\"ListItem\",\"position\":1,\"name\":\"Home\",\"item\":\"https:\/\/ikastikos-kiklos.com\/en\/\"},{\"@type\":\"ListItem\",\"position\":2,\"name\":\"\u0388\u03c1\u03b3\u03b1 \u03c4\u03ad\u03c7\u03bd\u03b7\u03c2\",\"item\":\"https:\/\/ikastikos-kiklos.com\/%ce%ad%cf%81%ce%b3%ce%b1-%cf%84%ce%ad%cf%87%ce%bd%ce%b7%cf%82\/\"},{\"@type\":\"ListItem\",\"position\":3,\"name\":\"Composition\"}]},{\"@type\":\"WebSite\",\"@id\":\"https:\/\/ikastikos-kiklos.com\/en\/#website\",\"url\":\"https:\/\/ikastikos-kiklos.com\/en\/\",\"name\":\"Ikastikos Kiklos - Zografik\u00ed - Metaxotyp\u00edes - T\u00e9chniPainting - Silk Screen - Art\",\"description\":\"\",\"publisher\":{\"@id\":\"https:\/\/ikastikos-kiklos.com\/en\/#organization\"},\"potentialAction\":[{\"@type\":\"SearchAction\",\"target\":{\"@type\":\"EntryPoint\",\"urlTemplate\":\"https:\/\/ikastikos-kiklos.com\/en\/?s={search_term_string}\"},\"query-input\":{\"@type\":\"PropertyValueSpecification\",\"valueRequired\":true,\"valueName\":\"search_term_string\"}}],\"inLanguage\":\"en-US\"},{\"@type\":\"Organization\",\"@id\":\"https:\/\/ikastikos-kiklos.com\/en\/#organization\",\"name\":\"Ikastikos Kiklos - Zografik\u00ed - Metaxotyp\u00edes - T\u00e9chniPainting - Silk Screen - Art\",\"url\":\"https:\/\/ikastikos-kiklos.com\/en\/\",\"logo\":{\"@type\":\"ImageObject\",\"inLanguage\":\"en-US\",\"@id\":\"https:\/\/ikastikos-kiklos.com\/en\/#\/schema\/logo\/image\/\",\"url\":\"https:\/\/ikastikos-kiklos.com\/wp-content\/uploads\/2022\/10\/cropped-favicon_ikastikos.png\",\"contentUrl\":\"https:\/\/ikastikos-kiklos.com\/wp-content\/uploads\/2022\/10\/cropped-favicon_ikastikos.png\",\"width\":512,\"height\":512,\"caption\":\"Ikastikos Kiklos - Zografik\u00ed - Metaxotyp\u00edes - T\u00e9chniPainting - Silk Screen - Art\"},\"image\":{\"@id\":\"https:\/\/ikastikos-kiklos.com\/en\/#\/schema\/logo\/image\/\"},\"sameAs\":[\"https:\/\/www.facebook.com\/ikastikoskiklossianti\/\"]}]}<\/script>\n<!-- \/ Yoast SEO plugin. -->","yoast_head_json":{"title":"Composition Silkscreen by Psychopedis Yannis at Ikastikos Kiklos Sianti Gallery.","description":"Composition Silkscreen by Psychopedis Yannis at Ikastikos Kiklos Sianti Gallery. 120 copies numbered and signed by the artist. Dimensions 45 x 60 cm","robots":{"index":"index","follow":"follow","max-snippet":"max-snippet:-1","max-image-preview":"max-image-preview:large","max-video-preview":"max-video-preview:-1"},"canonical":"https:\/\/ikastikos-kiklos.com\/en\/product\/\u03c3\u03cd\u03bd\u03b8\u03b5\u03c3\u03b7\/","og_locale":"en_US","og_type":"article","og_title":"Composition Silkscreen by Psychopedis Yannis at Ikastikos Kiklos Sianti Gallery.","og_description":"Composition Silkscreen by Psychopedis Yannis at Ikastikos Kiklos Sianti Gallery. 120 copies numbered and signed by the artist. Dimensions 45 x 60 cm","og_url":"https:\/\/ikastikos-kiklos.com\/en\/product\/\u03c3\u03cd\u03bd\u03b8\u03b5\u03c3\u03b7\/","og_site_name":"Ikastikos Kiklos - Zografik\u00ed - Metaxotyp\u00edes - T\u00e9chniPainting - Silk Screen - Art","article_publisher":"https:\/\/www.facebook.com\/ikastikoskiklossianti\/","article_modified_time":"2017-06-29T14:30:19+00:00","og_image":[{"width":300,"height":300,"url":"https:\/\/ikastikos-kiklos.com\/wp-content\/uploads\/2016\/07\/sunthesi-enlarge-1.jpg","type":"image\/jpeg"}],"twitter_card":"summary_large_image","twitter_misc":{"Est. reading time":"1 minute"},"schema":{"@context":"https:\/\/schema.org","@graph":[{"@type":"WebPage","@id":"https:\/\/ikastikos-kiklos.com\/en\/product\/%cf%83%cf%8d%ce%bd%ce%b8%ce%b5%cf%83%ce%b7\/","url":"https:\/\/ikastikos-kiklos.com\/en\/product\/%cf%83%cf%8d%ce%bd%ce%b8%ce%b5%cf%83%ce%b7\/","name":"Composition Silkscreen by Psychopedis Yannis at Ikastikos Kiklos Sianti Gallery.","isPartOf":{"@id":"https:\/\/ikastikos-kiklos.com\/en\/#website"},"primaryImageOfPage":{"@id":"https:\/\/ikastikos-kiklos.com\/en\/product\/%cf%83%cf%8d%ce%bd%ce%b8%ce%b5%cf%83%ce%b7\/#primaryimage"},"image":{"@id":"https:\/\/ikastikos-kiklos.com\/en\/product\/%cf%83%cf%8d%ce%bd%ce%b8%ce%b5%cf%83%ce%b7\/#primaryimage"},"thumbnailUrl":"https:\/\/ikastikos-kiklos.com\/wp-content\/uploads\/2016\/07\/\u03c3\u03cd\u03bd\u03b8\u03b5\u03c3\u03b7-\u03c8\u03c5\u03c7\u03bf\u03c0\u03b1\u03af\u03b4\u03b7\u03c2-\u03b3\u03b9\u03ac\u03bd\u03bd\u03b7\u03c2.jpg","datePublished":"2016-07-06T16:31:52+00:00","dateModified":"2017-06-29T14:30:19+00:00","description":"Composition Silkscreen by Psychopedis Yannis at Ikastikos Kiklos Sianti Gallery. 120 copies numbered and signed by the artist. Dimensions 45 x 60 cm","breadcrumb":{"@id":"https:\/\/ikastikos-kiklos.com\/en\/product\/%cf%83%cf%8d%ce%bd%ce%b8%ce%b5%cf%83%ce%b7\/#breadcrumb"},"inLanguage":"en-US","potentialAction":[{"@type":"ReadAction","target":["https:\/\/ikastikos-kiklos.com\/en\/product\/%cf%83%cf%8d%ce%bd%ce%b8%ce%b5%cf%83%ce%b7\/"]}]},{"@type":"ImageObject","inLanguage":"en-US","@id":"https:\/\/ikastikos-kiklos.com\/en\/product\/%cf%83%cf%8d%ce%bd%ce%b8%ce%b5%cf%83%ce%b7\/#primaryimage","url":"https:\/\/ikastikos-kiklos.com\/wp-content\/uploads\/2016\/07\/\u03c3\u03cd\u03bd\u03b8\u03b5\u03c3\u03b7-\u03c8\u03c5\u03c7\u03bf\u03c0\u03b1\u03af\u03b4\u03b7\u03c2-\u03b3\u03b9\u03ac\u03bd\u03bd\u03b7\u03c2.jpg","contentUrl":"https:\/\/ikastikos-kiklos.com\/wp-content\/uploads\/2016\/07\/\u03c3\u03cd\u03bd\u03b8\u03b5\u03c3\u03b7-\u03c8\u03c5\u03c7\u03bf\u03c0\u03b1\u03af\u03b4\u03b7\u03c2-\u03b3\u03b9\u03ac\u03bd\u03bd\u03b7\u03c2.jpg","width":900,"height":1198,"caption":"\u03c3\u03cd\u03bd\u03b8\u03b5\u03c3\u03b7-\u03c8\u03c5\u03c7\u03bf\u03c0\u03b1\u03af\u03b4\u03b7\u03c2-\u03b3\u03b9\u03ac\u03bd\u03bd\u03b7\u03c2"},{"@type":"BreadcrumbList","@id":"https:\/\/ikastikos-kiklos.com\/en\/product\/%cf%83%cf%8d%ce%bd%ce%b8%ce%b5%cf%83%ce%b7\/#breadcrumb","itemListElement":[{"@type":"ListItem","position":1,"name":"Home","item":"https:\/\/ikastikos-kiklos.com\/en\/"},{"@type":"ListItem","position":2,"name":"\u0388\u03c1\u03b3\u03b1 \u03c4\u03ad\u03c7\u03bd\u03b7\u03c2","item":"https:\/\/ikastikos-kiklos.com\/%ce%ad%cf%81%ce%b3%ce%b1-%cf%84%ce%ad%cf%87%ce%bd%ce%b7%cf%82\/"},{"@type":"ListItem","position":3,"name":"Composition"}]},{"@type":"WebSite","@id":"https:\/\/ikastikos-kiklos.com\/en\/#website","url":"https:\/\/ikastikos-kiklos.com\/en\/","name":"Ikastikos Kiklos - Zografik\u00ed - Metaxotyp\u00edes - T\u00e9chniPainting - Silk Screen - Art","description":"","publisher":{"@id":"https:\/\/ikastikos-kiklos.com\/en\/#organization"},"potentialAction":[{"@type":"SearchAction","target":{"@type":"EntryPoint","urlTemplate":"https:\/\/ikastikos-kiklos.com\/en\/?s={search_term_string}"},"query-input":{"@type":"PropertyValueSpecification","valueRequired":true,"valueName":"search_term_string"}}],"inLanguage":"en-US"},{"@type":"Organization","@id":"https:\/\/ikastikos-kiklos.com\/en\/#organization","name":"Ikastikos Kiklos - Zografik\u00ed - Metaxotyp\u00edes - T\u00e9chniPainting - Silk Screen - Art","url":"https:\/\/ikastikos-kiklos.com\/en\/","logo":{"@type":"ImageObject","inLanguage":"en-US","@id":"https:\/\/ikastikos-kiklos.com\/en\/#\/schema\/logo\/image\/","url":"https:\/\/ikastikos-kiklos.com\/wp-content\/uploads\/2022\/10\/cropped-favicon_ikastikos.png","contentUrl":"https:\/\/ikastikos-kiklos.com\/wp-content\/uploads\/2022\/10\/cropped-favicon_ikastikos.png","width":512,"height":512,"caption":"Ikastikos Kiklos - Zografik\u00ed - Metaxotyp\u00edes - T\u00e9chniPainting - Silk Screen - Art"},"image":{"@id":"https:\/\/ikastikos-kiklos.com\/en\/#\/schema\/logo\/image\/"},"sameAs":["https:\/\/www.facebook.com\/ikastikoskiklossianti\/"]}]}},"_links":{"self":[{"href":"https:\/\/ikastikos-kiklos.com\/en\/wp-json\/wp\/v2\/product\/2957","targetHints":{"allow":["GET"]}}],"collection":[{"href":"https:\/\/ikastikos-kiklos.com\/en\/wp-json\/wp\/v2\/product"}],"about":[{"href":"https:\/\/ikastikos-kiklos.com\/en\/wp-json\/wp\/v2\/types\/product"}],"wp:featuredmedia":[{"embeddable":true,"href":"https:\/\/ikastikos-kiklos.com\/en\/wp-json\/wp\/v2\/media\/44633"}],"wp:attachment":[{"href":"https:\/\/ikastikos-kiklos.com\/en\/wp-json\/wp\/v2\/media?parent=2957"}],"wp:term":[{"taxonomy":"product_brand","embeddable":true,"href":"https:\/\/ikastikos-kiklos.com\/en\/wp-json\/wp\/v2\/product_brand?post=2957"},{"taxonomy":"product_cat","embeddable":true,"href":"https:\/\/ikastikos-kiklos.com\/en\/wp-json\/wp\/v2\/product_cat?post=2957"},{"taxonomy":"product_tag","embeddable":true,"href":"https:\/\/ikastikos-kiklos.com\/en\/wp-json\/wp\/v2\/product_tag?post=2957"}],"curies":[{"name":"wp","href":"https:\/\/api.w.org\/{rel}","templated":true}]}}