{"id":2955,"date":"2016-07-06T16:23:13","date_gmt":"2016-07-06T16:23:13","guid":{"rendered":"http:\/\/ikastikos-kiklos.com\/\u03c0\u03c1\u03bf\u03ca\u03cc\u03bd\/%cf%84%ce%bf%cf%80%ce%af%ce%bf\/?lang=en"},"modified":"2019-04-30T17:48:28","modified_gmt":"2019-04-30T14:48:28","slug":"%cf%84%ce%bf%cf%80%ce%af%ce%bf","status":"publish","type":"product","link":"https:\/\/ikastikos-kiklos.com\/en\/product\/%cf%84%ce%bf%cf%80%ce%af%ce%bf\/","title":{"rendered":"Landscape"},"content":{"rendered":"<header class=\"title-container\">\n<header class=\"title-container\">Nikolaos Gikas often referred to his childhood. To his father, his mother, their cottage in Hydra, where they spent the summers, their long walks to the beautiful Faliro, his father&#8217;s improbable disappointment when he learned from the doctors that his son could not become an officer like he was due to him being nearsighted.<\/p>\n<p>Nikos&#8217;s was just four years old when his talent started to show in his paintings. The first recognition of his designs came from his father. That was a definite moment. &#8220;I was impressed!&#8221; He tells us, jumping from his joy for recognition from his hard and violent father. After that, he turned to painting. At six, he had turned his wardrobe into a backdrop. Relatives, friends, neighbors, all reinforced the child because, among other things, it would be to their benefit to be liked. So they showed admiration for the son\u2019s paintings and would ask him to paint for them in exchange for &#8220;a baklava or a box of chocolates, a book or pencils, notebooks or even photographs of art&#8221;.<\/p>\n<p>Source: <a href=\"http:\/\/texni-zoi.blogspot.gr\/2015\/07\/blog-post_17.html\">texni-zoi.blogspot.gr<\/a><\/p>\n<\/header>\n<\/header>\n","protected":false},"excerpt":{"rendered":"<p>Silkscreen from 1993 numbered and signed by Ghika Hatzikyriakos.<\/p>\n<p>Today it\u2019s a collectible piece.<\/p>\n","protected":false},"featured_media":40519,"template":"","meta":{"ngg_post_thumbnail":0},"product_brand":[],"product_cat":[398,1987,396,1991],"product_tag":[2578,2705,2231,2224],"class_list":{"0":"post-2955","1":"product","2":"type-product","3":"status-publish","4":"has-post-thumbnail","6":"product_cat-collections","7":"product_cat-eshop-en","8":"product_cat-silkscreens","9":"product_cat-silkscreens-shop","10":"product_tag-collectible","11":"product_tag-gikas-hadjikyriakos","12":"product_tag-landscape-en","13":"product_tag-silkscreen-en","14":"product_shipping_class-0-2kg","16":"first","17":"instock","18":"taxable","19":"shipping-taxable","20":"purchasable","21":"product-type-simple"},"yoast_head":"<!-- This site is optimized with the Yoast SEO plugin v27.4 - https:\/\/yoast.com\/product\/yoast-seo-wordpress\/ -->\n<title>Landscape Silkscreen by Ghikas Hadjikyriakos at Ikastikos Kiklos Sianti Gallery.<\/title>\n<meta name=\"description\" content=\"Landscape Silkscreen by Ghikas Hadjikyriakos at Ikastikos Kiklos Sianti Gallery. 200 copies numbered and signed by the artist. Dimensions 75 x 56 cm\" \/>\n<meta name=\"robots\" content=\"index, follow, max-snippet:-1, max-image-preview:large, max-video-preview:-1\" \/>\n<link rel=\"canonical\" href=\"https:\/\/ikastikos-kiklos.com\/en\/product\/\u03c4\u03bf\u03c0\u03af\u03bf\/\" \/>\n<meta property=\"og:locale\" content=\"en_US\" \/>\n<meta property=\"og:type\" content=\"article\" \/>\n<meta property=\"og:title\" content=\"Landscape Silkscreen by Ghikas Hadjikyriakos at Ikastikos Kiklos Sianti Gallery.\" \/>\n<meta property=\"og:description\" content=\"Landscape Silkscreen by Ghikas Hadjikyriakos at Ikastikos Kiklos Sianti Gallery. 200 copies numbered and signed by the artist. Dimensions 75 x 56 cm\" \/>\n<meta property=\"og:url\" content=\"https:\/\/ikastikos-kiklos.com\/en\/product\/\u03c4\u03bf\u03c0\u03af\u03bf\/\" \/>\n<meta property=\"og:site_name\" content=\"Ikastikos Kiklos - Zografik\u00ed - Metaxotyp\u00edes - T\u00e9chniPainting - Silk Screen - Art\" \/>\n<meta property=\"article:publisher\" content=\"https:\/\/www.facebook.com\/ikastikoskiklossianti\/\" \/>\n<meta property=\"article:modified_time\" content=\"2019-04-30T14:48:28+00:00\" \/>\n<meta property=\"og:image\" content=\"https:\/\/ikastikos-kiklos.com\/wp-content\/uploads\/2016\/07\/topio-enlarge-1.jpg\" \/>\n\t<meta property=\"og:image:width\" content=\"300\" \/>\n\t<meta property=\"og:image:height\" content=\"300\" \/>\n\t<meta property=\"og:image:type\" content=\"image\/jpeg\" \/>\n<meta name=\"twitter:card\" content=\"summary_large_image\" \/>\n<meta name=\"twitter:label1\" content=\"Est. reading time\" \/>\n\t<meta name=\"twitter:data1\" content=\"1 minute\" \/>\n<script type=\"application\/ld+json\" class=\"yoast-schema-graph\">{\"@context\":\"https:\\\/\\\/schema.org\",\"@graph\":[{\"@type\":\"WebPage\",\"@id\":\"https:\\\/\\\/ikastikos-kiklos.com\\\/en\\\/product\\\/%cf%84%ce%bf%cf%80%ce%af%ce%bf\\\/\",\"url\":\"https:\\\/\\\/ikastikos-kiklos.com\\\/en\\\/product\\\/%cf%84%ce%bf%cf%80%ce%af%ce%bf\\\/\",\"name\":\"Landscape Silkscreen by Ghikas Hadjikyriakos at Ikastikos Kiklos Sianti Gallery.\",\"isPartOf\":{\"@id\":\"https:\\\/\\\/ikastikos-kiklos.com\\\/en\\\/#website\"},\"primaryImageOfPage\":{\"@id\":\"https:\\\/\\\/ikastikos-kiklos.com\\\/en\\\/product\\\/%cf%84%ce%bf%cf%80%ce%af%ce%bf\\\/#primaryimage\"},\"image\":{\"@id\":\"https:\\\/\\\/ikastikos-kiklos.com\\\/en\\\/product\\\/%cf%84%ce%bf%cf%80%ce%af%ce%bf\\\/#primaryimage\"},\"thumbnailUrl\":\"https:\\\/\\\/ikastikos-kiklos.com\\\/wp-content\\\/uploads\\\/2016\\\/07\\\/\u03c4\u03bf\u03c0\u03af\u03bf-\u03b3\u03ba\u03af\u03ba\u03b1\u03c2-\u03c7\u03b1\u03c4\u03b6\u03b7\u03ba\u03c5\u03c1\u03b9\u03ac\u03ba\u03bf\u03c2.jpg\",\"datePublished\":\"2016-07-06T16:23:13+00:00\",\"dateModified\":\"2019-04-30T14:48:28+00:00\",\"description\":\"Landscape Silkscreen by Ghikas Hadjikyriakos at Ikastikos Kiklos Sianti Gallery. 200 copies numbered and signed by the artist. Dimensions 75 x 56 cm\",\"breadcrumb\":{\"@id\":\"https:\\\/\\\/ikastikos-kiklos.com\\\/en\\\/product\\\/%cf%84%ce%bf%cf%80%ce%af%ce%bf\\\/#breadcrumb\"},\"inLanguage\":\"en-US\",\"potentialAction\":[{\"@type\":\"ReadAction\",\"target\":[\"https:\\\/\\\/ikastikos-kiklos.com\\\/en\\\/product\\\/%cf%84%ce%bf%cf%80%ce%af%ce%bf\\\/\"]}]},{\"@type\":\"ImageObject\",\"inLanguage\":\"en-US\",\"@id\":\"https:\\\/\\\/ikastikos-kiklos.com\\\/en\\\/product\\\/%cf%84%ce%bf%cf%80%ce%af%ce%bf\\\/#primaryimage\",\"url\":\"https:\\\/\\\/ikastikos-kiklos.com\\\/wp-content\\\/uploads\\\/2016\\\/07\\\/\u03c4\u03bf\u03c0\u03af\u03bf-\u03b3\u03ba\u03af\u03ba\u03b1\u03c2-\u03c7\u03b1\u03c4\u03b6\u03b7\u03ba\u03c5\u03c1\u03b9\u03ac\u03ba\u03bf\u03c2.jpg\",\"contentUrl\":\"https:\\\/\\\/ikastikos-kiklos.com\\\/wp-content\\\/uploads\\\/2016\\\/07\\\/\u03c4\u03bf\u03c0\u03af\u03bf-\u03b3\u03ba\u03af\u03ba\u03b1\u03c2-\u03c7\u03b1\u03c4\u03b6\u03b7\u03ba\u03c5\u03c1\u03b9\u03ac\u03ba\u03bf\u03c2.jpg\",\"width\":1300,\"height\":909,\"caption\":\"\u03c4\u03bf\u03c0\u03af\u03bf-\u03b3\u03ba\u03af\u03ba\u03b1\u03c2-\u03c7\u03b1\u03c4\u03b6\u03b7\u03ba\u03c5\u03c1\u03b9\u03ac\u03ba\u03bf\u03c2\"},{\"@type\":\"BreadcrumbList\",\"@id\":\"https:\\\/\\\/ikastikos-kiklos.com\\\/en\\\/product\\\/%cf%84%ce%bf%cf%80%ce%af%ce%bf\\\/#breadcrumb\",\"itemListElement\":[{\"@type\":\"ListItem\",\"position\":1,\"name\":\"Home\",\"item\":\"https:\\\/\\\/ikastikos-kiklos.com\\\/en\\\/\"},{\"@type\":\"ListItem\",\"position\":2,\"name\":\"\u0388\u03c1\u03b3\u03b1 \u03c4\u03ad\u03c7\u03bd\u03b7\u03c2\",\"item\":\"https:\\\/\\\/ikastikos-kiklos.com\\\/%ce%ad%cf%81%ce%b3%ce%b1-%cf%84%ce%ad%cf%87%ce%bd%ce%b7%cf%82\\\/\"},{\"@type\":\"ListItem\",\"position\":3,\"name\":\"Landscape\"}]},{\"@type\":\"WebSite\",\"@id\":\"https:\\\/\\\/ikastikos-kiklos.com\\\/en\\\/#website\",\"url\":\"https:\\\/\\\/ikastikos-kiklos.com\\\/en\\\/\",\"name\":\"Ikastikos Kiklos - Zografik\u00ed - Metaxotyp\u00edes - T\u00e9chniPainting - Silk Screen - Art\",\"description\":\"\",\"publisher\":{\"@id\":\"https:\\\/\\\/ikastikos-kiklos.com\\\/en\\\/#organization\"},\"potentialAction\":[{\"@type\":\"SearchAction\",\"target\":{\"@type\":\"EntryPoint\",\"urlTemplate\":\"https:\\\/\\\/ikastikos-kiklos.com\\\/en\\\/?s={search_term_string}\"},\"query-input\":{\"@type\":\"PropertyValueSpecification\",\"valueRequired\":true,\"valueName\":\"search_term_string\"}}],\"inLanguage\":\"en-US\"},{\"@type\":\"Organization\",\"@id\":\"https:\\\/\\\/ikastikos-kiklos.com\\\/en\\\/#organization\",\"name\":\"Ikastikos Kiklos - Zografik\u00ed - Metaxotyp\u00edes - T\u00e9chniPainting - Silk Screen - Art\",\"url\":\"https:\\\/\\\/ikastikos-kiklos.com\\\/en\\\/\",\"logo\":{\"@type\":\"ImageObject\",\"inLanguage\":\"en-US\",\"@id\":\"https:\\\/\\\/ikastikos-kiklos.com\\\/en\\\/#\\\/schema\\\/logo\\\/image\\\/\",\"url\":\"https:\\\/\\\/ikastikos-kiklos.com\\\/wp-content\\\/uploads\\\/2022\\\/10\\\/cropped-favicon_ikastikos.png\",\"contentUrl\":\"https:\\\/\\\/ikastikos-kiklos.com\\\/wp-content\\\/uploads\\\/2022\\\/10\\\/cropped-favicon_ikastikos.png\",\"width\":512,\"height\":512,\"caption\":\"Ikastikos Kiklos - Zografik\u00ed - Metaxotyp\u00edes - T\u00e9chniPainting - Silk Screen - Art\"},\"image\":{\"@id\":\"https:\\\/\\\/ikastikos-kiklos.com\\\/en\\\/#\\\/schema\\\/logo\\\/image\\\/\"},\"sameAs\":[\"https:\\\/\\\/www.facebook.com\\\/ikastikoskiklossianti\\\/\"]}]}<\/script>\n<!-- \/ Yoast SEO plugin. -->","yoast_head_json":{"title":"Landscape Silkscreen by Ghikas Hadjikyriakos at Ikastikos Kiklos Sianti Gallery.","description":"Landscape Silkscreen by Ghikas Hadjikyriakos at Ikastikos Kiklos Sianti Gallery. 200 copies numbered and signed by the artist. Dimensions 75 x 56 cm","robots":{"index":"index","follow":"follow","max-snippet":"max-snippet:-1","max-image-preview":"max-image-preview:large","max-video-preview":"max-video-preview:-1"},"canonical":"https:\/\/ikastikos-kiklos.com\/en\/product\/\u03c4\u03bf\u03c0\u03af\u03bf\/","og_locale":"en_US","og_type":"article","og_title":"Landscape Silkscreen by Ghikas Hadjikyriakos at Ikastikos Kiklos Sianti Gallery.","og_description":"Landscape Silkscreen by Ghikas Hadjikyriakos at Ikastikos Kiklos Sianti Gallery. 200 copies numbered and signed by the artist. Dimensions 75 x 56 cm","og_url":"https:\/\/ikastikos-kiklos.com\/en\/product\/\u03c4\u03bf\u03c0\u03af\u03bf\/","og_site_name":"Ikastikos Kiklos - Zografik\u00ed - Metaxotyp\u00edes - T\u00e9chniPainting - Silk Screen - Art","article_publisher":"https:\/\/www.facebook.com\/ikastikoskiklossianti\/","article_modified_time":"2019-04-30T14:48:28+00:00","og_image":[{"width":300,"height":300,"url":"https:\/\/ikastikos-kiklos.com\/wp-content\/uploads\/2016\/07\/topio-enlarge-1.jpg","type":"image\/jpeg"}],"twitter_card":"summary_large_image","twitter_misc":{"Est. reading time":"1 minute"},"schema":{"@context":"https:\/\/schema.org","@graph":[{"@type":"WebPage","@id":"https:\/\/ikastikos-kiklos.com\/en\/product\/%cf%84%ce%bf%cf%80%ce%af%ce%bf\/","url":"https:\/\/ikastikos-kiklos.com\/en\/product\/%cf%84%ce%bf%cf%80%ce%af%ce%bf\/","name":"Landscape Silkscreen by Ghikas Hadjikyriakos at Ikastikos Kiklos Sianti Gallery.","isPartOf":{"@id":"https:\/\/ikastikos-kiklos.com\/en\/#website"},"primaryImageOfPage":{"@id":"https:\/\/ikastikos-kiklos.com\/en\/product\/%cf%84%ce%bf%cf%80%ce%af%ce%bf\/#primaryimage"},"image":{"@id":"https:\/\/ikastikos-kiklos.com\/en\/product\/%cf%84%ce%bf%cf%80%ce%af%ce%bf\/#primaryimage"},"thumbnailUrl":"https:\/\/ikastikos-kiklos.com\/wp-content\/uploads\/2016\/07\/\u03c4\u03bf\u03c0\u03af\u03bf-\u03b3\u03ba\u03af\u03ba\u03b1\u03c2-\u03c7\u03b1\u03c4\u03b6\u03b7\u03ba\u03c5\u03c1\u03b9\u03ac\u03ba\u03bf\u03c2.jpg","datePublished":"2016-07-06T16:23:13+00:00","dateModified":"2019-04-30T14:48:28+00:00","description":"Landscape Silkscreen by Ghikas Hadjikyriakos at Ikastikos Kiklos Sianti Gallery. 200 copies numbered and signed by the artist. Dimensions 75 x 56 cm","breadcrumb":{"@id":"https:\/\/ikastikos-kiklos.com\/en\/product\/%cf%84%ce%bf%cf%80%ce%af%ce%bf\/#breadcrumb"},"inLanguage":"en-US","potentialAction":[{"@type":"ReadAction","target":["https:\/\/ikastikos-kiklos.com\/en\/product\/%cf%84%ce%bf%cf%80%ce%af%ce%bf\/"]}]},{"@type":"ImageObject","inLanguage":"en-US","@id":"https:\/\/ikastikos-kiklos.com\/en\/product\/%cf%84%ce%bf%cf%80%ce%af%ce%bf\/#primaryimage","url":"https:\/\/ikastikos-kiklos.com\/wp-content\/uploads\/2016\/07\/\u03c4\u03bf\u03c0\u03af\u03bf-\u03b3\u03ba\u03af\u03ba\u03b1\u03c2-\u03c7\u03b1\u03c4\u03b6\u03b7\u03ba\u03c5\u03c1\u03b9\u03ac\u03ba\u03bf\u03c2.jpg","contentUrl":"https:\/\/ikastikos-kiklos.com\/wp-content\/uploads\/2016\/07\/\u03c4\u03bf\u03c0\u03af\u03bf-\u03b3\u03ba\u03af\u03ba\u03b1\u03c2-\u03c7\u03b1\u03c4\u03b6\u03b7\u03ba\u03c5\u03c1\u03b9\u03ac\u03ba\u03bf\u03c2.jpg","width":1300,"height":909,"caption":"\u03c4\u03bf\u03c0\u03af\u03bf-\u03b3\u03ba\u03af\u03ba\u03b1\u03c2-\u03c7\u03b1\u03c4\u03b6\u03b7\u03ba\u03c5\u03c1\u03b9\u03ac\u03ba\u03bf\u03c2"},{"@type":"BreadcrumbList","@id":"https:\/\/ikastikos-kiklos.com\/en\/product\/%cf%84%ce%bf%cf%80%ce%af%ce%bf\/#breadcrumb","itemListElement":[{"@type":"ListItem","position":1,"name":"Home","item":"https:\/\/ikastikos-kiklos.com\/en\/"},{"@type":"ListItem","position":2,"name":"\u0388\u03c1\u03b3\u03b1 \u03c4\u03ad\u03c7\u03bd\u03b7\u03c2","item":"https:\/\/ikastikos-kiklos.com\/%ce%ad%cf%81%ce%b3%ce%b1-%cf%84%ce%ad%cf%87%ce%bd%ce%b7%cf%82\/"},{"@type":"ListItem","position":3,"name":"Landscape"}]},{"@type":"WebSite","@id":"https:\/\/ikastikos-kiklos.com\/en\/#website","url":"https:\/\/ikastikos-kiklos.com\/en\/","name":"Ikastikos Kiklos - Zografik\u00ed - Metaxotyp\u00edes - T\u00e9chniPainting - Silk Screen - Art","description":"","publisher":{"@id":"https:\/\/ikastikos-kiklos.com\/en\/#organization"},"potentialAction":[{"@type":"SearchAction","target":{"@type":"EntryPoint","urlTemplate":"https:\/\/ikastikos-kiklos.com\/en\/?s={search_term_string}"},"query-input":{"@type":"PropertyValueSpecification","valueRequired":true,"valueName":"search_term_string"}}],"inLanguage":"en-US"},{"@type":"Organization","@id":"https:\/\/ikastikos-kiklos.com\/en\/#organization","name":"Ikastikos Kiklos - Zografik\u00ed - Metaxotyp\u00edes - T\u00e9chniPainting - Silk Screen - Art","url":"https:\/\/ikastikos-kiklos.com\/en\/","logo":{"@type":"ImageObject","inLanguage":"en-US","@id":"https:\/\/ikastikos-kiklos.com\/en\/#\/schema\/logo\/image\/","url":"https:\/\/ikastikos-kiklos.com\/wp-content\/uploads\/2022\/10\/cropped-favicon_ikastikos.png","contentUrl":"https:\/\/ikastikos-kiklos.com\/wp-content\/uploads\/2022\/10\/cropped-favicon_ikastikos.png","width":512,"height":512,"caption":"Ikastikos Kiklos - Zografik\u00ed - Metaxotyp\u00edes - T\u00e9chniPainting - Silk Screen - Art"},"image":{"@id":"https:\/\/ikastikos-kiklos.com\/en\/#\/schema\/logo\/image\/"},"sameAs":["https:\/\/www.facebook.com\/ikastikoskiklossianti\/"]}]}},"_links":{"self":[{"href":"https:\/\/ikastikos-kiklos.com\/en\/wp-json\/wp\/v2\/product\/2955","targetHints":{"allow":["GET"]}}],"collection":[{"href":"https:\/\/ikastikos-kiklos.com\/en\/wp-json\/wp\/v2\/product"}],"about":[{"href":"https:\/\/ikastikos-kiklos.com\/en\/wp-json\/wp\/v2\/types\/product"}],"wp:featuredmedia":[{"embeddable":true,"href":"https:\/\/ikastikos-kiklos.com\/en\/wp-json\/wp\/v2\/media\/40519"}],"wp:attachment":[{"href":"https:\/\/ikastikos-kiklos.com\/en\/wp-json\/wp\/v2\/media?parent=2955"}],"wp:term":[{"taxonomy":"product_brand","embeddable":true,"href":"https:\/\/ikastikos-kiklos.com\/en\/wp-json\/wp\/v2\/product_brand?post=2955"},{"taxonomy":"product_cat","embeddable":true,"href":"https:\/\/ikastikos-kiklos.com\/en\/wp-json\/wp\/v2\/product_cat?post=2955"},{"taxonomy":"product_tag","embeddable":true,"href":"https:\/\/ikastikos-kiklos.com\/en\/wp-json\/wp\/v2\/product_tag?post=2955"}],"curies":[{"name":"wp","href":"https:\/\/api.w.org\/{rel}","templated":true}]}}