{"id":2938,"date":"2016-07-06T18:35:11","date_gmt":"2016-07-06T15:35:11","guid":{"rendered":"http:\/\/ikastikos-kiklos.com\/\u03c0\u03c1\u03bf\u03ca\u03cc\u03bd\/%cf%81%ce%b1%cf%80%cf%84%ce%bf%ce%bc%ce%b7%cf%87%ce%b1%ce%bd%ce%ae\/?lang=en"},"modified":"2020-05-14T19:51:49","modified_gmt":"2020-05-14T16:51:49","slug":"sowing-machine-spiros-vasiliou","status":"publish","type":"product","link":"https:\/\/ikastikos-kiklos.com\/en\/product\/sowing-machine-spiros-vasiliou\/","title":{"rendered":"Sowing machine"},"content":{"rendered":"<header class=\"title-container\">&#8220;\u201d The brush is a tool made for the hand\u201d he would often tell us&#8221;. &#8220;You know, he was a very sweet, very wise, very calm man. He grew us up without fights and yelling. When I asked him \u201cwhat should I do\u201d, he would always tell me and my sister the same thing:&#8221; I told you, do whatever you think is right&#8221;. He would always want us very free. Because he himself was a free man, a revolutionary, in his own way &#8230; Since his years in the school of Fine Arts, he belonged to the art leaders and managed to change a lot with his fellow students. You do not have to shout to be a revolutionary &#8211; the revolutionaries usually have an internal power. &#8220;With her younger sister, Dimita, Drosoula learned, as she says, &#8220;the world through the eyes of Vasiliou, through his aesthetics.&#8221; And she remembers: &#8220;How much we hated when the TV antennas come out and ruined the area with their placements and the view of the Parthenon. But then my father started created some paintings and put in the antennas. And then we saw them in a different perspective and said &#8220;they are not that bad after all.&#8221; He had a positive look at everything. &#8221;<\/p>\n<p>Source: tovima.gr<\/p>\n<\/header>\n","protected":false},"excerpt":{"rendered":"<p>Silkscreen of 1990 numbered and signed by Spyros Vassiliou. Edition of 170 prints.<\/p>\n<p>Today it is a collectible piece.<\/p>\n","protected":false},"featured_media":26134,"template":"","meta":{"ngg_post_thumbnail":0},"product_brand":[],"product_cat":[398,1987,396,1991],"product_tag":[2578,2224,2308],"class_list":{"0":"post-2938","1":"product","2":"type-product","3":"status-publish","4":"has-post-thumbnail","6":"product_cat-collections","7":"product_cat-eshop-en","8":"product_cat-silkscreens","9":"product_cat-silkscreens-shop","10":"product_tag-collectible","11":"product_tag-silkscreen-en","12":"product_tag-spiros-vasiliou","13":"product_shipping_class-0-2kg","15":"first","16":"instock","17":"taxable","18":"shipping-taxable","19":"purchasable","20":"product-type-simple"},"yoast_head":"<!-- This site is optimized with the Yoast SEO plugin v27.2 - https:\/\/yoast.com\/product\/yoast-seo-wordpress\/ -->\n<title>Sowing Machine Silkscreen by Vasiliou Spiros at Ikastikos Kiklos Sianti Gallery.<\/title>\n<meta name=\"description\" content=\"Sowing Machine Silkscreen by Vasiliou Spiros at Ikastikos Kiklos Sianti Gallery. 170 copies numbered and signed by the artist. Dimensions 40 x 53 cm\" \/>\n<meta name=\"robots\" content=\"index, follow, max-snippet:-1, max-image-preview:large, max-video-preview:-1\" \/>\n<link rel=\"canonical\" href=\"https:\/\/ikastikos-kiklos.com\/en\/product\/sowing-machine-spiros-vasiliou\/\" \/>\n<meta property=\"og:locale\" content=\"en_US\" \/>\n<meta property=\"og:type\" content=\"article\" \/>\n<meta property=\"og:title\" content=\"Sowing Machine Silkscreen by Vasiliou Spiros at Ikastikos Kiklos Sianti Gallery.\" \/>\n<meta property=\"og:description\" content=\"Sowing Machine Silkscreen by Vasiliou Spiros at Ikastikos Kiklos Sianti Gallery. 170 copies numbered and signed by the artist. Dimensions 40 x 53 cm\" \/>\n<meta property=\"og:url\" content=\"https:\/\/ikastikos-kiklos.com\/en\/product\/sowing-machine-spiros-vasiliou\/\" \/>\n<meta property=\"og:site_name\" content=\"Ikastikos Kiklos - Zografik\u00ed - Metaxotyp\u00edes - T\u00e9chniPainting - Silk Screen - Art\" \/>\n<meta property=\"article:publisher\" content=\"https:\/\/www.facebook.com\/ikastikoskiklossianti\/\" \/>\n<meta property=\"article:modified_time\" content=\"2020-05-14T16:51:49+00:00\" \/>\n<meta property=\"og:image\" content=\"https:\/\/ikastikos-kiklos.com\/wp-content\/uploads\/2016\/07\/\u03c3\u03c0\u03cd\u03c1\u03bf\u03c2-\u03b2\u03b1\u03c3\u03b9\u03bb\u03b5\u03af\u03bf\u03c5-\u03c1\u03b1\u03c0\u03c4\u03bf\u03bc\u03b7\u03c7\u03b1\u03bd\u03ae.jpg\" \/>\n\t<meta property=\"og:image:width\" content=\"900\" \/>\n\t<meta property=\"og:image:height\" content=\"1265\" \/>\n\t<meta property=\"og:image:type\" content=\"image\/jpeg\" \/>\n<meta name=\"twitter:card\" content=\"summary_large_image\" \/>\n<meta name=\"twitter:label1\" content=\"Est. reading time\" \/>\n\t<meta name=\"twitter:data1\" content=\"1 minute\" \/>\n<script type=\"application\/ld+json\" class=\"yoast-schema-graph\">{\"@context\":\"https:\/\/schema.org\",\"@graph\":[{\"@type\":\"WebPage\",\"@id\":\"https:\/\/ikastikos-kiklos.com\/en\/product\/sowing-machine-spiros-vasiliou\/\",\"url\":\"https:\/\/ikastikos-kiklos.com\/en\/product\/sowing-machine-spiros-vasiliou\/\",\"name\":\"Sowing Machine Silkscreen by Vasiliou Spiros at Ikastikos Kiklos Sianti Gallery.\",\"isPartOf\":{\"@id\":\"https:\/\/ikastikos-kiklos.com\/en\/#website\"},\"primaryImageOfPage\":{\"@id\":\"https:\/\/ikastikos-kiklos.com\/en\/product\/sowing-machine-spiros-vasiliou\/#primaryimage\"},\"image\":{\"@id\":\"https:\/\/ikastikos-kiklos.com\/en\/product\/sowing-machine-spiros-vasiliou\/#primaryimage\"},\"thumbnailUrl\":\"https:\/\/ikastikos-kiklos.com\/wp-content\/uploads\/2016\/07\/\u03c3\u03c0\u03cd\u03c1\u03bf\u03c2-\u03b2\u03b1\u03c3\u03b9\u03bb\u03b5\u03af\u03bf\u03c5-\u03c1\u03b1\u03c0\u03c4\u03bf\u03bc\u03b7\u03c7\u03b1\u03bd\u03ae.jpg\",\"datePublished\":\"2016-07-06T15:35:11+00:00\",\"dateModified\":\"2020-05-14T16:51:49+00:00\",\"description\":\"Sowing Machine Silkscreen by Vasiliou Spiros at Ikastikos Kiklos Sianti Gallery. 170 copies numbered and signed by the artist. Dimensions 40 x 53 cm\",\"breadcrumb\":{\"@id\":\"https:\/\/ikastikos-kiklos.com\/en\/product\/sowing-machine-spiros-vasiliou\/#breadcrumb\"},\"inLanguage\":\"en-US\",\"potentialAction\":[{\"@type\":\"ReadAction\",\"target\":[\"https:\/\/ikastikos-kiklos.com\/en\/product\/sowing-machine-spiros-vasiliou\/\"]}]},{\"@type\":\"ImageObject\",\"inLanguage\":\"en-US\",\"@id\":\"https:\/\/ikastikos-kiklos.com\/en\/product\/sowing-machine-spiros-vasiliou\/#primaryimage\",\"url\":\"https:\/\/ikastikos-kiklos.com\/wp-content\/uploads\/2016\/07\/\u03c3\u03c0\u03cd\u03c1\u03bf\u03c2-\u03b2\u03b1\u03c3\u03b9\u03bb\u03b5\u03af\u03bf\u03c5-\u03c1\u03b1\u03c0\u03c4\u03bf\u03bc\u03b7\u03c7\u03b1\u03bd\u03ae.jpg\",\"contentUrl\":\"https:\/\/ikastikos-kiklos.com\/wp-content\/uploads\/2016\/07\/\u03c3\u03c0\u03cd\u03c1\u03bf\u03c2-\u03b2\u03b1\u03c3\u03b9\u03bb\u03b5\u03af\u03bf\u03c5-\u03c1\u03b1\u03c0\u03c4\u03bf\u03bc\u03b7\u03c7\u03b1\u03bd\u03ae.jpg\",\"width\":900,\"height\":1265,\"caption\":\"Sowing Machine Silkscreen by Vasiliou Spiros at Ikastikos Kiklos Sianti Gallery.\"},{\"@type\":\"BreadcrumbList\",\"@id\":\"https:\/\/ikastikos-kiklos.com\/en\/product\/sowing-machine-spiros-vasiliou\/#breadcrumb\",\"itemListElement\":[{\"@type\":\"ListItem\",\"position\":1,\"name\":\"Home\",\"item\":\"https:\/\/ikastikos-kiklos.com\/en\/\"},{\"@type\":\"ListItem\",\"position\":2,\"name\":\"\u0388\u03c1\u03b3\u03b1 \u03c4\u03ad\u03c7\u03bd\u03b7\u03c2\",\"item\":\"https:\/\/ikastikos-kiklos.com\/%ce%ad%cf%81%ce%b3%ce%b1-%cf%84%ce%ad%cf%87%ce%bd%ce%b7%cf%82\/\"},{\"@type\":\"ListItem\",\"position\":3,\"name\":\"Sowing machine\"}]},{\"@type\":\"WebSite\",\"@id\":\"https:\/\/ikastikos-kiklos.com\/en\/#website\",\"url\":\"https:\/\/ikastikos-kiklos.com\/en\/\",\"name\":\"Ikastikos Kiklos - Zografik\u00ed - Metaxotyp\u00edes - T\u00e9chniPainting - Silk Screen - Art\",\"description\":\"\",\"publisher\":{\"@id\":\"https:\/\/ikastikos-kiklos.com\/en\/#organization\"},\"potentialAction\":[{\"@type\":\"SearchAction\",\"target\":{\"@type\":\"EntryPoint\",\"urlTemplate\":\"https:\/\/ikastikos-kiklos.com\/en\/?s={search_term_string}\"},\"query-input\":{\"@type\":\"PropertyValueSpecification\",\"valueRequired\":true,\"valueName\":\"search_term_string\"}}],\"inLanguage\":\"en-US\"},{\"@type\":\"Organization\",\"@id\":\"https:\/\/ikastikos-kiklos.com\/en\/#organization\",\"name\":\"Ikastikos Kiklos - Zografik\u00ed - Metaxotyp\u00edes - T\u00e9chniPainting - Silk Screen - Art\",\"url\":\"https:\/\/ikastikos-kiklos.com\/en\/\",\"logo\":{\"@type\":\"ImageObject\",\"inLanguage\":\"en-US\",\"@id\":\"https:\/\/ikastikos-kiklos.com\/en\/#\/schema\/logo\/image\/\",\"url\":\"https:\/\/ikastikos-kiklos.com\/wp-content\/uploads\/2022\/10\/cropped-favicon_ikastikos.png\",\"contentUrl\":\"https:\/\/ikastikos-kiklos.com\/wp-content\/uploads\/2022\/10\/cropped-favicon_ikastikos.png\",\"width\":512,\"height\":512,\"caption\":\"Ikastikos Kiklos - Zografik\u00ed - Metaxotyp\u00edes - T\u00e9chniPainting - Silk Screen - Art\"},\"image\":{\"@id\":\"https:\/\/ikastikos-kiklos.com\/en\/#\/schema\/logo\/image\/\"},\"sameAs\":[\"https:\/\/www.facebook.com\/ikastikoskiklossianti\/\"]}]}<\/script>\n<!-- \/ Yoast SEO plugin. -->","yoast_head_json":{"title":"Sowing Machine Silkscreen by Vasiliou Spiros at Ikastikos Kiklos Sianti Gallery.","description":"Sowing Machine Silkscreen by Vasiliou Spiros at Ikastikos Kiklos Sianti Gallery. 170 copies numbered and signed by the artist. Dimensions 40 x 53 cm","robots":{"index":"index","follow":"follow","max-snippet":"max-snippet:-1","max-image-preview":"max-image-preview:large","max-video-preview":"max-video-preview:-1"},"canonical":"https:\/\/ikastikos-kiklos.com\/en\/product\/sowing-machine-spiros-vasiliou\/","og_locale":"en_US","og_type":"article","og_title":"Sowing Machine Silkscreen by Vasiliou Spiros at Ikastikos Kiklos Sianti Gallery.","og_description":"Sowing Machine Silkscreen by Vasiliou Spiros at Ikastikos Kiklos Sianti Gallery. 170 copies numbered and signed by the artist. Dimensions 40 x 53 cm","og_url":"https:\/\/ikastikos-kiklos.com\/en\/product\/sowing-machine-spiros-vasiliou\/","og_site_name":"Ikastikos Kiklos - Zografik\u00ed - Metaxotyp\u00edes - T\u00e9chniPainting - Silk Screen - Art","article_publisher":"https:\/\/www.facebook.com\/ikastikoskiklossianti\/","article_modified_time":"2020-05-14T16:51:49+00:00","og_image":[{"width":900,"height":1265,"url":"https:\/\/ikastikos-kiklos.com\/wp-content\/uploads\/2016\/07\/\u03c3\u03c0\u03cd\u03c1\u03bf\u03c2-\u03b2\u03b1\u03c3\u03b9\u03bb\u03b5\u03af\u03bf\u03c5-\u03c1\u03b1\u03c0\u03c4\u03bf\u03bc\u03b7\u03c7\u03b1\u03bd\u03ae.jpg","type":"image\/jpeg"}],"twitter_card":"summary_large_image","twitter_misc":{"Est. reading time":"1 minute"},"schema":{"@context":"https:\/\/schema.org","@graph":[{"@type":"WebPage","@id":"https:\/\/ikastikos-kiklos.com\/en\/product\/sowing-machine-spiros-vasiliou\/","url":"https:\/\/ikastikos-kiklos.com\/en\/product\/sowing-machine-spiros-vasiliou\/","name":"Sowing Machine Silkscreen by Vasiliou Spiros at Ikastikos Kiklos Sianti Gallery.","isPartOf":{"@id":"https:\/\/ikastikos-kiklos.com\/en\/#website"},"primaryImageOfPage":{"@id":"https:\/\/ikastikos-kiklos.com\/en\/product\/sowing-machine-spiros-vasiliou\/#primaryimage"},"image":{"@id":"https:\/\/ikastikos-kiklos.com\/en\/product\/sowing-machine-spiros-vasiliou\/#primaryimage"},"thumbnailUrl":"https:\/\/ikastikos-kiklos.com\/wp-content\/uploads\/2016\/07\/\u03c3\u03c0\u03cd\u03c1\u03bf\u03c2-\u03b2\u03b1\u03c3\u03b9\u03bb\u03b5\u03af\u03bf\u03c5-\u03c1\u03b1\u03c0\u03c4\u03bf\u03bc\u03b7\u03c7\u03b1\u03bd\u03ae.jpg","datePublished":"2016-07-06T15:35:11+00:00","dateModified":"2020-05-14T16:51:49+00:00","description":"Sowing Machine Silkscreen by Vasiliou Spiros at Ikastikos Kiklos Sianti Gallery. 170 copies numbered and signed by the artist. Dimensions 40 x 53 cm","breadcrumb":{"@id":"https:\/\/ikastikos-kiklos.com\/en\/product\/sowing-machine-spiros-vasiliou\/#breadcrumb"},"inLanguage":"en-US","potentialAction":[{"@type":"ReadAction","target":["https:\/\/ikastikos-kiklos.com\/en\/product\/sowing-machine-spiros-vasiliou\/"]}]},{"@type":"ImageObject","inLanguage":"en-US","@id":"https:\/\/ikastikos-kiklos.com\/en\/product\/sowing-machine-spiros-vasiliou\/#primaryimage","url":"https:\/\/ikastikos-kiklos.com\/wp-content\/uploads\/2016\/07\/\u03c3\u03c0\u03cd\u03c1\u03bf\u03c2-\u03b2\u03b1\u03c3\u03b9\u03bb\u03b5\u03af\u03bf\u03c5-\u03c1\u03b1\u03c0\u03c4\u03bf\u03bc\u03b7\u03c7\u03b1\u03bd\u03ae.jpg","contentUrl":"https:\/\/ikastikos-kiklos.com\/wp-content\/uploads\/2016\/07\/\u03c3\u03c0\u03cd\u03c1\u03bf\u03c2-\u03b2\u03b1\u03c3\u03b9\u03bb\u03b5\u03af\u03bf\u03c5-\u03c1\u03b1\u03c0\u03c4\u03bf\u03bc\u03b7\u03c7\u03b1\u03bd\u03ae.jpg","width":900,"height":1265,"caption":"Sowing Machine Silkscreen by Vasiliou Spiros at Ikastikos Kiklos Sianti Gallery."},{"@type":"BreadcrumbList","@id":"https:\/\/ikastikos-kiklos.com\/en\/product\/sowing-machine-spiros-vasiliou\/#breadcrumb","itemListElement":[{"@type":"ListItem","position":1,"name":"Home","item":"https:\/\/ikastikos-kiklos.com\/en\/"},{"@type":"ListItem","position":2,"name":"\u0388\u03c1\u03b3\u03b1 \u03c4\u03ad\u03c7\u03bd\u03b7\u03c2","item":"https:\/\/ikastikos-kiklos.com\/%ce%ad%cf%81%ce%b3%ce%b1-%cf%84%ce%ad%cf%87%ce%bd%ce%b7%cf%82\/"},{"@type":"ListItem","position":3,"name":"Sowing machine"}]},{"@type":"WebSite","@id":"https:\/\/ikastikos-kiklos.com\/en\/#website","url":"https:\/\/ikastikos-kiklos.com\/en\/","name":"Ikastikos Kiklos - Zografik\u00ed - Metaxotyp\u00edes - T\u00e9chniPainting - Silk Screen - Art","description":"","publisher":{"@id":"https:\/\/ikastikos-kiklos.com\/en\/#organization"},"potentialAction":[{"@type":"SearchAction","target":{"@type":"EntryPoint","urlTemplate":"https:\/\/ikastikos-kiklos.com\/en\/?s={search_term_string}"},"query-input":{"@type":"PropertyValueSpecification","valueRequired":true,"valueName":"search_term_string"}}],"inLanguage":"en-US"},{"@type":"Organization","@id":"https:\/\/ikastikos-kiklos.com\/en\/#organization","name":"Ikastikos Kiklos - Zografik\u00ed - Metaxotyp\u00edes - T\u00e9chniPainting - Silk Screen - Art","url":"https:\/\/ikastikos-kiklos.com\/en\/","logo":{"@type":"ImageObject","inLanguage":"en-US","@id":"https:\/\/ikastikos-kiklos.com\/en\/#\/schema\/logo\/image\/","url":"https:\/\/ikastikos-kiklos.com\/wp-content\/uploads\/2022\/10\/cropped-favicon_ikastikos.png","contentUrl":"https:\/\/ikastikos-kiklos.com\/wp-content\/uploads\/2022\/10\/cropped-favicon_ikastikos.png","width":512,"height":512,"caption":"Ikastikos Kiklos - Zografik\u00ed - Metaxotyp\u00edes - T\u00e9chniPainting - Silk Screen - Art"},"image":{"@id":"https:\/\/ikastikos-kiklos.com\/en\/#\/schema\/logo\/image\/"},"sameAs":["https:\/\/www.facebook.com\/ikastikoskiklossianti\/"]}]}},"_links":{"self":[{"href":"https:\/\/ikastikos-kiklos.com\/en\/wp-json\/wp\/v2\/product\/2938","targetHints":{"allow":["GET"]}}],"collection":[{"href":"https:\/\/ikastikos-kiklos.com\/en\/wp-json\/wp\/v2\/product"}],"about":[{"href":"https:\/\/ikastikos-kiklos.com\/en\/wp-json\/wp\/v2\/types\/product"}],"wp:featuredmedia":[{"embeddable":true,"href":"https:\/\/ikastikos-kiklos.com\/en\/wp-json\/wp\/v2\/media\/26134"}],"wp:attachment":[{"href":"https:\/\/ikastikos-kiklos.com\/en\/wp-json\/wp\/v2\/media?parent=2938"}],"wp:term":[{"taxonomy":"product_brand","embeddable":true,"href":"https:\/\/ikastikos-kiklos.com\/en\/wp-json\/wp\/v2\/product_brand?post=2938"},{"taxonomy":"product_cat","embeddable":true,"href":"https:\/\/ikastikos-kiklos.com\/en\/wp-json\/wp\/v2\/product_cat?post=2938"},{"taxonomy":"product_tag","embeddable":true,"href":"https:\/\/ikastikos-kiklos.com\/en\/wp-json\/wp\/v2\/product_tag?post=2938"}],"curies":[{"name":"wp","href":"https:\/\/api.w.org\/{rel}","templated":true}]}}