{"id":2783,"date":"2016-05-24T12:12:55","date_gmt":"2016-05-24T12:12:55","guid":{"rendered":"http:\/\/ikastikos-kiklos.com\/\u03c0\u03c1\u03bf\u03ca\u03cc\u03bd\/%ce%b1%cf%81%ce%bc%ce%b1%ce%ba%cf%8c%ce%bb%ce%b1%cf%82-%ce%b4%ce%b7%ce%bc%ce%ae%cf%84%cf%81%ce%b7%cf%82-%ce%ba%ce%b1%ce%b8%cf%81%ce%ad%cf%80%cf%84%ce%b7%cf%82\/?lang=en"},"modified":"2018-11-14T20:41:48","modified_gmt":"2018-11-14T18:41:48","slug":"%ce%b1%cf%81%ce%bc%ce%b1%ce%ba%cf%8c%ce%bb%ce%b1%cf%82-%ce%b4%ce%b7%ce%bc%ce%ae%cf%84%cf%81%ce%b7%cf%82-%ce%ba%ce%b1%ce%b8%cf%81%ce%ad%cf%80%cf%84%ce%b7%cf%82","status":"publish","type":"product","link":"https:\/\/ikastikos-kiklos.com\/en\/product\/%ce%b1%cf%81%ce%bc%ce%b1%ce%ba%cf%8c%ce%bb%ce%b1%cf%82-%ce%b4%ce%b7%ce%bc%ce%ae%cf%84%cf%81%ce%b7%cf%82-%ce%ba%ce%b1%ce%b8%cf%81%ce%ad%cf%80%cf%84%ce%b7%cf%82\/","title":{"rendered":"Mirror"},"content":{"rendered":"<p>His work is rooted in the anthropomorphic Greek tradition. Memories of Greek plasters, from Minoan sculpture to the priestly character to the expression of the Passion of Skopas, are in his works. The abstraction also affects the beginning of his work, while later he will move into sculpture expressions of pop art and other contemporary artistic movements. But from all this, he will leave his mark in a personal expressive language whose main moral characteristic is the dialogue of well-formed bodies with rough volumes and hard surfaces. The plaster gives it a modern version of the ancient Greek deposition of the body. But now the body, beautiful and erotic, is tortured and torn by the hardness of the unfinished forms. Man is breaking, and the sculptor tried with this break to save his work.<\/p>\n<p>Source Library of Athens College and Psychiko College<\/p>\n","protected":false},"excerpt":{"rendered":"<p>Making something with my hands is always a surprise. I wish my life is full of surprises.<\/p>\n<p>Dimitris Armakolas<\/p>\n","protected":false},"featured_media":35260,"template":"","meta":{"ngg_post_thumbnail":0},"product_brand":[],"product_cat":[398,401],"product_tag":[3051,2504,2646,2369,2674,2659,2491],"class_list":{"0":"post-2783","1":"product","2":"type-product","3":"status-publish","4":"has-post-thumbnail","6":"product_cat-collections","7":"product_cat-sculpture","8":"product_tag-art-objects-en","9":"product_tag-brass","10":"product_tag-construction","11":"product_tag-dimitris-armakolas-en","12":"product_tag-marble","13":"product_tag-mirror","14":"product_tag-wedding-gifts","16":"first","17":"instock","18":"taxable","19":"shipping-taxable","20":"product-type-simple"},"yoast_head":"<!-- This site is optimized with the Yoast SEO plugin v27.2 - https:\/\/yoast.com\/product\/yoast-seo-wordpress\/ -->\n<title>Mirror Craftwork by Dimitris Armakolas<\/title>\n<meta name=\"description\" content=\"Mirror Craftwork by Dimitris Armakolas. From mirror, marble and brass in dimensions 58 x 71 x 13 cm. Creation that fits in any space.\" \/>\n<meta name=\"robots\" content=\"index, follow, max-snippet:-1, max-image-preview:large, max-video-preview:-1\" \/>\n<link rel=\"canonical\" href=\"https:\/\/ikastikos-kiklos.com\/en\/product\/\u03b1\u03c1\u03bc\u03b1\u03ba\u03cc\u03bb\u03b1\u03c2-\u03b4\u03b7\u03bc\u03ae\u03c4\u03c1\u03b7\u03c2-\u03ba\u03b1\u03b8\u03c1\u03ad\u03c0\u03c4\u03b7\u03c2\/\" \/>\n<meta property=\"og:locale\" content=\"en_US\" \/>\n<meta property=\"og:type\" content=\"article\" \/>\n<meta property=\"og:title\" content=\"Mirror Craftwork by Dimitris Armakolas\" \/>\n<meta property=\"og:description\" content=\"Mirror Craftwork by Dimitris Armakolas. From mirror, marble and brass in dimensions 58 x 71 x 13 cm. Creation that fits in any space.\" \/>\n<meta property=\"og:url\" content=\"https:\/\/ikastikos-kiklos.com\/en\/product\/\u03b1\u03c1\u03bc\u03b1\u03ba\u03cc\u03bb\u03b1\u03c2-\u03b4\u03b7\u03bc\u03ae\u03c4\u03c1\u03b7\u03c2-\u03ba\u03b1\u03b8\u03c1\u03ad\u03c0\u03c4\u03b7\u03c2\/\" \/>\n<meta property=\"og:site_name\" content=\"Ikastikos Kiklos - Zografik\u00ed - Metaxotyp\u00edes - T\u00e9chniPainting - Silk Screen - Art\" \/>\n<meta property=\"article:publisher\" content=\"https:\/\/www.facebook.com\/ikastikoskiklossianti\/\" \/>\n<meta property=\"article:modified_time\" content=\"2018-11-14T18:41:48+00:00\" \/>\n<meta property=\"og:image\" content=\"https:\/\/ikastikos-kiklos.com\/wp-content\/uploads\/2016\/05\/\u03b1\u03c1\u03bc\u03b1\u03ba\u03cc\u03bb\u03b1\u03c2-\u03b4\u03b7\u03bc\u03ae\u03c4\u03c1\u03b7\u03c2-\u03ba\u03b1\u03b8\u03c1\u03ad\u03c0\u03c4\u03b7\u03c2-2.jpg\" \/>\n\t<meta property=\"og:image:width\" content=\"1600\" \/>\n\t<meta property=\"og:image:height\" content=\"1800\" \/>\n\t<meta property=\"og:image:type\" content=\"image\/jpeg\" \/>\n<meta name=\"twitter:card\" content=\"summary_large_image\" \/>\n<meta name=\"twitter:label1\" content=\"Est. reading time\" \/>\n\t<meta name=\"twitter:data1\" content=\"1 minute\" \/>\n<script type=\"application\/ld+json\" class=\"yoast-schema-graph\">{\"@context\":\"https:\/\/schema.org\",\"@graph\":[{\"@type\":\"WebPage\",\"@id\":\"https:\/\/ikastikos-kiklos.com\/en\/product\/%ce%b1%cf%81%ce%bc%ce%b1%ce%ba%cf%8c%ce%bb%ce%b1%cf%82-%ce%b4%ce%b7%ce%bc%ce%ae%cf%84%cf%81%ce%b7%cf%82-%ce%ba%ce%b1%ce%b8%cf%81%ce%ad%cf%80%cf%84%ce%b7%cf%82\/\",\"url\":\"https:\/\/ikastikos-kiklos.com\/en\/product\/%ce%b1%cf%81%ce%bc%ce%b1%ce%ba%cf%8c%ce%bb%ce%b1%cf%82-%ce%b4%ce%b7%ce%bc%ce%ae%cf%84%cf%81%ce%b7%cf%82-%ce%ba%ce%b1%ce%b8%cf%81%ce%ad%cf%80%cf%84%ce%b7%cf%82\/\",\"name\":\"Mirror Craftwork by Dimitris Armakolas\",\"isPartOf\":{\"@id\":\"https:\/\/ikastikos-kiklos.com\/en\/#website\"},\"primaryImageOfPage\":{\"@id\":\"https:\/\/ikastikos-kiklos.com\/en\/product\/%ce%b1%cf%81%ce%bc%ce%b1%ce%ba%cf%8c%ce%bb%ce%b1%cf%82-%ce%b4%ce%b7%ce%bc%ce%ae%cf%84%cf%81%ce%b7%cf%82-%ce%ba%ce%b1%ce%b8%cf%81%ce%ad%cf%80%cf%84%ce%b7%cf%82\/#primaryimage\"},\"image\":{\"@id\":\"https:\/\/ikastikos-kiklos.com\/en\/product\/%ce%b1%cf%81%ce%bc%ce%b1%ce%ba%cf%8c%ce%bb%ce%b1%cf%82-%ce%b4%ce%b7%ce%bc%ce%ae%cf%84%cf%81%ce%b7%cf%82-%ce%ba%ce%b1%ce%b8%cf%81%ce%ad%cf%80%cf%84%ce%b7%cf%82\/#primaryimage\"},\"thumbnailUrl\":\"https:\/\/ikastikos-kiklos.com\/wp-content\/uploads\/2016\/05\/\u03b1\u03c1\u03bc\u03b1\u03ba\u03cc\u03bb\u03b1\u03c2-\u03b4\u03b7\u03bc\u03ae\u03c4\u03c1\u03b7\u03c2-\u03ba\u03b1\u03b8\u03c1\u03ad\u03c0\u03c4\u03b7\u03c2-2.jpg\",\"datePublished\":\"2016-05-24T12:12:55+00:00\",\"dateModified\":\"2018-11-14T18:41:48+00:00\",\"description\":\"Mirror Craftwork by Dimitris Armakolas. From mirror, marble and brass in dimensions 58 x 71 x 13 cm. Creation that fits in any space.\",\"breadcrumb\":{\"@id\":\"https:\/\/ikastikos-kiklos.com\/en\/product\/%ce%b1%cf%81%ce%bc%ce%b1%ce%ba%cf%8c%ce%bb%ce%b1%cf%82-%ce%b4%ce%b7%ce%bc%ce%ae%cf%84%cf%81%ce%b7%cf%82-%ce%ba%ce%b1%ce%b8%cf%81%ce%ad%cf%80%cf%84%ce%b7%cf%82\/#breadcrumb\"},\"inLanguage\":\"en-US\",\"potentialAction\":[{\"@type\":\"ReadAction\",\"target\":[\"https:\/\/ikastikos-kiklos.com\/en\/product\/%ce%b1%cf%81%ce%bc%ce%b1%ce%ba%cf%8c%ce%bb%ce%b1%cf%82-%ce%b4%ce%b7%ce%bc%ce%ae%cf%84%cf%81%ce%b7%cf%82-%ce%ba%ce%b1%ce%b8%cf%81%ce%ad%cf%80%cf%84%ce%b7%cf%82\/\"]}]},{\"@type\":\"ImageObject\",\"inLanguage\":\"en-US\",\"@id\":\"https:\/\/ikastikos-kiklos.com\/en\/product\/%ce%b1%cf%81%ce%bc%ce%b1%ce%ba%cf%8c%ce%bb%ce%b1%cf%82-%ce%b4%ce%b7%ce%bc%ce%ae%cf%84%cf%81%ce%b7%cf%82-%ce%ba%ce%b1%ce%b8%cf%81%ce%ad%cf%80%cf%84%ce%b7%cf%82\/#primaryimage\",\"url\":\"https:\/\/ikastikos-kiklos.com\/wp-content\/uploads\/2016\/05\/\u03b1\u03c1\u03bc\u03b1\u03ba\u03cc\u03bb\u03b1\u03c2-\u03b4\u03b7\u03bc\u03ae\u03c4\u03c1\u03b7\u03c2-\u03ba\u03b1\u03b8\u03c1\u03ad\u03c0\u03c4\u03b7\u03c2-2.jpg\",\"contentUrl\":\"https:\/\/ikastikos-kiklos.com\/wp-content\/uploads\/2016\/05\/\u03b1\u03c1\u03bc\u03b1\u03ba\u03cc\u03bb\u03b1\u03c2-\u03b4\u03b7\u03bc\u03ae\u03c4\u03c1\u03b7\u03c2-\u03ba\u03b1\u03b8\u03c1\u03ad\u03c0\u03c4\u03b7\u03c2-2.jpg\",\"width\":1600,\"height\":1800,\"caption\":\"\u03b1\u03c1\u03bc\u03b1\u03ba\u03cc\u03bb\u03b1\u03c2-\u03b4\u03b7\u03bc\u03ae\u03c4\u03c1\u03b7\u03c2-\u03ba\u03b1\u03b8\u03c1\u03ad\u03c0\u03c4\u03b7\u03c2 (2)\"},{\"@type\":\"BreadcrumbList\",\"@id\":\"https:\/\/ikastikos-kiklos.com\/en\/product\/%ce%b1%cf%81%ce%bc%ce%b1%ce%ba%cf%8c%ce%bb%ce%b1%cf%82-%ce%b4%ce%b7%ce%bc%ce%ae%cf%84%cf%81%ce%b7%cf%82-%ce%ba%ce%b1%ce%b8%cf%81%ce%ad%cf%80%cf%84%ce%b7%cf%82\/#breadcrumb\",\"itemListElement\":[{\"@type\":\"ListItem\",\"position\":1,\"name\":\"Home\",\"item\":\"https:\/\/ikastikos-kiklos.com\/en\/\"},{\"@type\":\"ListItem\",\"position\":2,\"name\":\"\u0388\u03c1\u03b3\u03b1 \u03c4\u03ad\u03c7\u03bd\u03b7\u03c2\",\"item\":\"https:\/\/ikastikos-kiklos.com\/%ce%ad%cf%81%ce%b3%ce%b1-%cf%84%ce%ad%cf%87%ce%bd%ce%b7%cf%82\/\"},{\"@type\":\"ListItem\",\"position\":3,\"name\":\"Mirror\"}]},{\"@type\":\"WebSite\",\"@id\":\"https:\/\/ikastikos-kiklos.com\/en\/#website\",\"url\":\"https:\/\/ikastikos-kiklos.com\/en\/\",\"name\":\"Ikastikos Kiklos - Zografik\u00ed - Metaxotyp\u00edes - T\u00e9chniPainting - Silk Screen - Art\",\"description\":\"\",\"publisher\":{\"@id\":\"https:\/\/ikastikos-kiklos.com\/en\/#organization\"},\"potentialAction\":[{\"@type\":\"SearchAction\",\"target\":{\"@type\":\"EntryPoint\",\"urlTemplate\":\"https:\/\/ikastikos-kiklos.com\/en\/?s={search_term_string}\"},\"query-input\":{\"@type\":\"PropertyValueSpecification\",\"valueRequired\":true,\"valueName\":\"search_term_string\"}}],\"inLanguage\":\"en-US\"},{\"@type\":\"Organization\",\"@id\":\"https:\/\/ikastikos-kiklos.com\/en\/#organization\",\"name\":\"Ikastikos Kiklos - Zografik\u00ed - Metaxotyp\u00edes - T\u00e9chniPainting - Silk Screen - Art\",\"url\":\"https:\/\/ikastikos-kiklos.com\/en\/\",\"logo\":{\"@type\":\"ImageObject\",\"inLanguage\":\"en-US\",\"@id\":\"https:\/\/ikastikos-kiklos.com\/en\/#\/schema\/logo\/image\/\",\"url\":\"https:\/\/ikastikos-kiklos.com\/wp-content\/uploads\/2022\/10\/cropped-favicon_ikastikos.png\",\"contentUrl\":\"https:\/\/ikastikos-kiklos.com\/wp-content\/uploads\/2022\/10\/cropped-favicon_ikastikos.png\",\"width\":512,\"height\":512,\"caption\":\"Ikastikos Kiklos - Zografik\u00ed - Metaxotyp\u00edes - T\u00e9chniPainting - Silk Screen - Art\"},\"image\":{\"@id\":\"https:\/\/ikastikos-kiklos.com\/en\/#\/schema\/logo\/image\/\"},\"sameAs\":[\"https:\/\/www.facebook.com\/ikastikoskiklossianti\/\"]}]}<\/script>\n<!-- \/ Yoast SEO plugin. -->","yoast_head_json":{"title":"Mirror Craftwork by Dimitris Armakolas","description":"Mirror Craftwork by Dimitris Armakolas. From mirror, marble and brass in dimensions 58 x 71 x 13 cm. Creation that fits in any space.","robots":{"index":"index","follow":"follow","max-snippet":"max-snippet:-1","max-image-preview":"max-image-preview:large","max-video-preview":"max-video-preview:-1"},"canonical":"https:\/\/ikastikos-kiklos.com\/en\/product\/\u03b1\u03c1\u03bc\u03b1\u03ba\u03cc\u03bb\u03b1\u03c2-\u03b4\u03b7\u03bc\u03ae\u03c4\u03c1\u03b7\u03c2-\u03ba\u03b1\u03b8\u03c1\u03ad\u03c0\u03c4\u03b7\u03c2\/","og_locale":"en_US","og_type":"article","og_title":"Mirror Craftwork by Dimitris Armakolas","og_description":"Mirror Craftwork by Dimitris Armakolas. From mirror, marble and brass in dimensions 58 x 71 x 13 cm. Creation that fits in any space.","og_url":"https:\/\/ikastikos-kiklos.com\/en\/product\/\u03b1\u03c1\u03bc\u03b1\u03ba\u03cc\u03bb\u03b1\u03c2-\u03b4\u03b7\u03bc\u03ae\u03c4\u03c1\u03b7\u03c2-\u03ba\u03b1\u03b8\u03c1\u03ad\u03c0\u03c4\u03b7\u03c2\/","og_site_name":"Ikastikos Kiklos - Zografik\u00ed - Metaxotyp\u00edes - T\u00e9chniPainting - Silk Screen - Art","article_publisher":"https:\/\/www.facebook.com\/ikastikoskiklossianti\/","article_modified_time":"2018-11-14T18:41:48+00:00","og_image":[{"width":1600,"height":1800,"url":"https:\/\/ikastikos-kiklos.com\/wp-content\/uploads\/2016\/05\/\u03b1\u03c1\u03bc\u03b1\u03ba\u03cc\u03bb\u03b1\u03c2-\u03b4\u03b7\u03bc\u03ae\u03c4\u03c1\u03b7\u03c2-\u03ba\u03b1\u03b8\u03c1\u03ad\u03c0\u03c4\u03b7\u03c2-2.jpg","type":"image\/jpeg"}],"twitter_card":"summary_large_image","twitter_misc":{"Est. reading time":"1 minute"},"schema":{"@context":"https:\/\/schema.org","@graph":[{"@type":"WebPage","@id":"https:\/\/ikastikos-kiklos.com\/en\/product\/%ce%b1%cf%81%ce%bc%ce%b1%ce%ba%cf%8c%ce%bb%ce%b1%cf%82-%ce%b4%ce%b7%ce%bc%ce%ae%cf%84%cf%81%ce%b7%cf%82-%ce%ba%ce%b1%ce%b8%cf%81%ce%ad%cf%80%cf%84%ce%b7%cf%82\/","url":"https:\/\/ikastikos-kiklos.com\/en\/product\/%ce%b1%cf%81%ce%bc%ce%b1%ce%ba%cf%8c%ce%bb%ce%b1%cf%82-%ce%b4%ce%b7%ce%bc%ce%ae%cf%84%cf%81%ce%b7%cf%82-%ce%ba%ce%b1%ce%b8%cf%81%ce%ad%cf%80%cf%84%ce%b7%cf%82\/","name":"Mirror Craftwork by Dimitris Armakolas","isPartOf":{"@id":"https:\/\/ikastikos-kiklos.com\/en\/#website"},"primaryImageOfPage":{"@id":"https:\/\/ikastikos-kiklos.com\/en\/product\/%ce%b1%cf%81%ce%bc%ce%b1%ce%ba%cf%8c%ce%bb%ce%b1%cf%82-%ce%b4%ce%b7%ce%bc%ce%ae%cf%84%cf%81%ce%b7%cf%82-%ce%ba%ce%b1%ce%b8%cf%81%ce%ad%cf%80%cf%84%ce%b7%cf%82\/#primaryimage"},"image":{"@id":"https:\/\/ikastikos-kiklos.com\/en\/product\/%ce%b1%cf%81%ce%bc%ce%b1%ce%ba%cf%8c%ce%bb%ce%b1%cf%82-%ce%b4%ce%b7%ce%bc%ce%ae%cf%84%cf%81%ce%b7%cf%82-%ce%ba%ce%b1%ce%b8%cf%81%ce%ad%cf%80%cf%84%ce%b7%cf%82\/#primaryimage"},"thumbnailUrl":"https:\/\/ikastikos-kiklos.com\/wp-content\/uploads\/2016\/05\/\u03b1\u03c1\u03bc\u03b1\u03ba\u03cc\u03bb\u03b1\u03c2-\u03b4\u03b7\u03bc\u03ae\u03c4\u03c1\u03b7\u03c2-\u03ba\u03b1\u03b8\u03c1\u03ad\u03c0\u03c4\u03b7\u03c2-2.jpg","datePublished":"2016-05-24T12:12:55+00:00","dateModified":"2018-11-14T18:41:48+00:00","description":"Mirror Craftwork by Dimitris Armakolas. From mirror, marble and brass in dimensions 58 x 71 x 13 cm. Creation that fits in any space.","breadcrumb":{"@id":"https:\/\/ikastikos-kiklos.com\/en\/product\/%ce%b1%cf%81%ce%bc%ce%b1%ce%ba%cf%8c%ce%bb%ce%b1%cf%82-%ce%b4%ce%b7%ce%bc%ce%ae%cf%84%cf%81%ce%b7%cf%82-%ce%ba%ce%b1%ce%b8%cf%81%ce%ad%cf%80%cf%84%ce%b7%cf%82\/#breadcrumb"},"inLanguage":"en-US","potentialAction":[{"@type":"ReadAction","target":["https:\/\/ikastikos-kiklos.com\/en\/product\/%ce%b1%cf%81%ce%bc%ce%b1%ce%ba%cf%8c%ce%bb%ce%b1%cf%82-%ce%b4%ce%b7%ce%bc%ce%ae%cf%84%cf%81%ce%b7%cf%82-%ce%ba%ce%b1%ce%b8%cf%81%ce%ad%cf%80%cf%84%ce%b7%cf%82\/"]}]},{"@type":"ImageObject","inLanguage":"en-US","@id":"https:\/\/ikastikos-kiklos.com\/en\/product\/%ce%b1%cf%81%ce%bc%ce%b1%ce%ba%cf%8c%ce%bb%ce%b1%cf%82-%ce%b4%ce%b7%ce%bc%ce%ae%cf%84%cf%81%ce%b7%cf%82-%ce%ba%ce%b1%ce%b8%cf%81%ce%ad%cf%80%cf%84%ce%b7%cf%82\/#primaryimage","url":"https:\/\/ikastikos-kiklos.com\/wp-content\/uploads\/2016\/05\/\u03b1\u03c1\u03bc\u03b1\u03ba\u03cc\u03bb\u03b1\u03c2-\u03b4\u03b7\u03bc\u03ae\u03c4\u03c1\u03b7\u03c2-\u03ba\u03b1\u03b8\u03c1\u03ad\u03c0\u03c4\u03b7\u03c2-2.jpg","contentUrl":"https:\/\/ikastikos-kiklos.com\/wp-content\/uploads\/2016\/05\/\u03b1\u03c1\u03bc\u03b1\u03ba\u03cc\u03bb\u03b1\u03c2-\u03b4\u03b7\u03bc\u03ae\u03c4\u03c1\u03b7\u03c2-\u03ba\u03b1\u03b8\u03c1\u03ad\u03c0\u03c4\u03b7\u03c2-2.jpg","width":1600,"height":1800,"caption":"\u03b1\u03c1\u03bc\u03b1\u03ba\u03cc\u03bb\u03b1\u03c2-\u03b4\u03b7\u03bc\u03ae\u03c4\u03c1\u03b7\u03c2-\u03ba\u03b1\u03b8\u03c1\u03ad\u03c0\u03c4\u03b7\u03c2 (2)"},{"@type":"BreadcrumbList","@id":"https:\/\/ikastikos-kiklos.com\/en\/product\/%ce%b1%cf%81%ce%bc%ce%b1%ce%ba%cf%8c%ce%bb%ce%b1%cf%82-%ce%b4%ce%b7%ce%bc%ce%ae%cf%84%cf%81%ce%b7%cf%82-%ce%ba%ce%b1%ce%b8%cf%81%ce%ad%cf%80%cf%84%ce%b7%cf%82\/#breadcrumb","itemListElement":[{"@type":"ListItem","position":1,"name":"Home","item":"https:\/\/ikastikos-kiklos.com\/en\/"},{"@type":"ListItem","position":2,"name":"\u0388\u03c1\u03b3\u03b1 \u03c4\u03ad\u03c7\u03bd\u03b7\u03c2","item":"https:\/\/ikastikos-kiklos.com\/%ce%ad%cf%81%ce%b3%ce%b1-%cf%84%ce%ad%cf%87%ce%bd%ce%b7%cf%82\/"},{"@type":"ListItem","position":3,"name":"Mirror"}]},{"@type":"WebSite","@id":"https:\/\/ikastikos-kiklos.com\/en\/#website","url":"https:\/\/ikastikos-kiklos.com\/en\/","name":"Ikastikos Kiklos - Zografik\u00ed - Metaxotyp\u00edes - T\u00e9chniPainting - Silk Screen - Art","description":"","publisher":{"@id":"https:\/\/ikastikos-kiklos.com\/en\/#organization"},"potentialAction":[{"@type":"SearchAction","target":{"@type":"EntryPoint","urlTemplate":"https:\/\/ikastikos-kiklos.com\/en\/?s={search_term_string}"},"query-input":{"@type":"PropertyValueSpecification","valueRequired":true,"valueName":"search_term_string"}}],"inLanguage":"en-US"},{"@type":"Organization","@id":"https:\/\/ikastikos-kiklos.com\/en\/#organization","name":"Ikastikos Kiklos - Zografik\u00ed - Metaxotyp\u00edes - T\u00e9chniPainting - Silk Screen - Art","url":"https:\/\/ikastikos-kiklos.com\/en\/","logo":{"@type":"ImageObject","inLanguage":"en-US","@id":"https:\/\/ikastikos-kiklos.com\/en\/#\/schema\/logo\/image\/","url":"https:\/\/ikastikos-kiklos.com\/wp-content\/uploads\/2022\/10\/cropped-favicon_ikastikos.png","contentUrl":"https:\/\/ikastikos-kiklos.com\/wp-content\/uploads\/2022\/10\/cropped-favicon_ikastikos.png","width":512,"height":512,"caption":"Ikastikos Kiklos - Zografik\u00ed - Metaxotyp\u00edes - T\u00e9chniPainting - Silk Screen - Art"},"image":{"@id":"https:\/\/ikastikos-kiklos.com\/en\/#\/schema\/logo\/image\/"},"sameAs":["https:\/\/www.facebook.com\/ikastikoskiklossianti\/"]}]}},"_links":{"self":[{"href":"https:\/\/ikastikos-kiklos.com\/en\/wp-json\/wp\/v2\/product\/2783","targetHints":{"allow":["GET"]}}],"collection":[{"href":"https:\/\/ikastikos-kiklos.com\/en\/wp-json\/wp\/v2\/product"}],"about":[{"href":"https:\/\/ikastikos-kiklos.com\/en\/wp-json\/wp\/v2\/types\/product"}],"wp:featuredmedia":[{"embeddable":true,"href":"https:\/\/ikastikos-kiklos.com\/en\/wp-json\/wp\/v2\/media\/35260"}],"wp:attachment":[{"href":"https:\/\/ikastikos-kiklos.com\/en\/wp-json\/wp\/v2\/media?parent=2783"}],"wp:term":[{"taxonomy":"product_brand","embeddable":true,"href":"https:\/\/ikastikos-kiklos.com\/en\/wp-json\/wp\/v2\/product_brand?post=2783"},{"taxonomy":"product_cat","embeddable":true,"href":"https:\/\/ikastikos-kiklos.com\/en\/wp-json\/wp\/v2\/product_cat?post=2783"},{"taxonomy":"product_tag","embeddable":true,"href":"https:\/\/ikastikos-kiklos.com\/en\/wp-json\/wp\/v2\/product_tag?post=2783"}],"curies":[{"name":"wp","href":"https:\/\/api.w.org\/{rel}","templated":true}]}}