{"id":2738,"date":"2016-08-14T10:54:01","date_gmt":"2016-08-14T10:54:01","guid":{"rendered":"http:\/\/ikastikos-kiklos.com\/?post_type=product&#038;p=2738&#038;lang=en"},"modified":"2017-09-04T19:46:12","modified_gmt":"2017-09-04T16:46:12","slug":"%ce%ac%cf%84%ce%b9%cf%84%ce%bb%ce%bf","status":"publish","type":"product","link":"https:\/\/ikastikos-kiklos.com\/en\/product\/%ce%ac%cf%84%ce%b9%cf%84%ce%bb%ce%bf\/","title":{"rendered":"Untitled"},"content":{"rendered":"<header class=\"title-container\">However, at some point we find that something important has changed in the look of the creator. In the way in which he perceives and interprets not only the world of ordinary everyday objects but also his own personal and deeper life-making relationship with reality. The objects of table-like &#8220;Still life&#8221; &#8211; other bodies of a symbolic language with a steady and uninterrupted reference to the importance of memory and time &#8211; have totally eliminated their volume and their shadow. I say &#8220;expel&#8221; and not &#8220;lose&#8221; because I think this time Sarantis Karavouzis attempts the conscious choice of the search for the minimum. Its &#8220;still life&#8221;, grouped into small sets of tableware in impressive elongation or in swirling and repeated Trinity symbols (a door, a curved curtain and a staircase), leave us a sense of ellipse, ellipobar, and almost spectral. Particularly the thematic unity that combines the unexpected coexistence of solitary fragments with a &#8220;disorganized&#8221; internal setting, exudes an atmosphere of extinction and exaltation. In essence, we feel that the objects released by the strict tectonic arrangement of the previous creations are looking for a different identity.<\/p>\n<p>Niki Loizidis<\/p>\n<p>From the list for the exhibition &#8220;Reconstructions&#8221;<\/p>\n<\/header>\n","protected":false},"excerpt":{"rendered":"<p>It was presented in an exhibition of Ikastikos Kiklos in 2008.<\/p>\n<p>&#8220;What&#8217;s more paradoxical and at the same time cheerful of three colored curtains that travel with an undeclared destination?&#8221;<\/p>\n<p>Niki Loizidis<\/p>\n<p>From the list for the exhibition &#8220;Reconstructions&#8221;<\/p>\n","protected":false},"featured_media":2739,"template":"","meta":{"ngg_post_thumbnail":0},"product_brand":[],"product_cat":[397],"product_tag":[2619,2213,2615,2273],"class_list":{"0":"post-2738","1":"product","2":"type-product","3":"status-publish","4":"has-post-thumbnail","6":"product_cat-painting","7":"product_tag-karavouzis-sarantis","8":"product_tag-painting-en","9":"product_tag-work-of-art","10":"product_tag----en","12":"first","13":"instock","14":"taxable","15":"shipping-taxable","16":"product-type-simple"},"yoast_head":"<!-- This site is optimized with the Yoast SEO plugin v27.2 - https:\/\/yoast.com\/product\/yoast-seo-wordpress\/ -->\n<title>Untitled Painting by Karavouzis Sarantis at Ikastikos Kiklos Sianti Gallery.<\/title>\n<meta name=\"description\" content=\"Untitled Painting by Karavouzis Sarantis at Ikastikos Kiklos Sianti Gallery. Oil on canvas created in 2006. Dimensions 60x72cm\" \/>\n<meta name=\"robots\" content=\"index, follow, max-snippet:-1, max-image-preview:large, max-video-preview:-1\" \/>\n<link rel=\"canonical\" href=\"https:\/\/ikastikos-kiklos.com\/en\/product\/\u03ac\u03c4\u03b9\u03c4\u03bb\u03bf\/\" \/>\n<meta property=\"og:locale\" content=\"en_US\" \/>\n<meta property=\"og:type\" content=\"article\" \/>\n<meta property=\"og:title\" content=\"Untitled Painting by Karavouzis Sarantis at Ikastikos Kiklos Sianti Gallery.\" \/>\n<meta property=\"og:description\" content=\"Untitled Painting by Karavouzis Sarantis at Ikastikos Kiklos Sianti Gallery. Oil on canvas created in 2006. Dimensions 60x72cm\" \/>\n<meta property=\"og:url\" content=\"https:\/\/ikastikos-kiklos.com\/en\/product\/\u03ac\u03c4\u03b9\u03c4\u03bb\u03bf\/\" \/>\n<meta property=\"og:site_name\" content=\"Ikastikos Kiklos - Zografik\u00ed - Metaxotyp\u00edes - T\u00e9chniPainting - Silk Screen - Art\" \/>\n<meta property=\"article:publisher\" content=\"https:\/\/www.facebook.com\/ikastikoskiklossianti\/\" \/>\n<meta property=\"article:modified_time\" content=\"2017-09-04T16:46:12+00:00\" \/>\n<meta property=\"og:image\" content=\"https:\/\/ikastikos-kiklos.com\/wp-content\/uploads\/2016\/10\/No1-72X60cm.jpg\" \/>\n\t<meta property=\"og:image:width\" content=\"367\" \/>\n\t<meta property=\"og:image:height\" content=\"425\" \/>\n\t<meta property=\"og:image:type\" content=\"image\/jpeg\" \/>\n<meta name=\"twitter:card\" content=\"summary_large_image\" \/>\n<meta name=\"twitter:label1\" content=\"Est. reading time\" \/>\n\t<meta name=\"twitter:data1\" content=\"1 minute\" \/>\n<script type=\"application\/ld+json\" class=\"yoast-schema-graph\">{\"@context\":\"https:\/\/schema.org\",\"@graph\":[{\"@type\":\"WebPage\",\"@id\":\"https:\/\/ikastikos-kiklos.com\/en\/product\/%ce%ac%cf%84%ce%b9%cf%84%ce%bb%ce%bf\/\",\"url\":\"https:\/\/ikastikos-kiklos.com\/en\/product\/%ce%ac%cf%84%ce%b9%cf%84%ce%bb%ce%bf\/\",\"name\":\"Untitled Painting by Karavouzis Sarantis at Ikastikos Kiklos Sianti Gallery.\",\"isPartOf\":{\"@id\":\"https:\/\/ikastikos-kiklos.com\/en\/#website\"},\"primaryImageOfPage\":{\"@id\":\"https:\/\/ikastikos-kiklos.com\/en\/product\/%ce%ac%cf%84%ce%b9%cf%84%ce%bb%ce%bf\/#primaryimage\"},\"image\":{\"@id\":\"https:\/\/ikastikos-kiklos.com\/en\/product\/%ce%ac%cf%84%ce%b9%cf%84%ce%bb%ce%bf\/#primaryimage\"},\"thumbnailUrl\":\"https:\/\/ikastikos-kiklos.com\/wp-content\/uploads\/2016\/10\/No1-72X60cm.jpg\",\"datePublished\":\"2016-08-14T10:54:01+00:00\",\"dateModified\":\"2017-09-04T16:46:12+00:00\",\"description\":\"Untitled Painting by Karavouzis Sarantis at Ikastikos Kiklos Sianti Gallery. Oil on canvas created in 2006. Dimensions 60x72cm\",\"breadcrumb\":{\"@id\":\"https:\/\/ikastikos-kiklos.com\/en\/product\/%ce%ac%cf%84%ce%b9%cf%84%ce%bb%ce%bf\/#breadcrumb\"},\"inLanguage\":\"en-US\",\"potentialAction\":[{\"@type\":\"ReadAction\",\"target\":[\"https:\/\/ikastikos-kiklos.com\/en\/product\/%ce%ac%cf%84%ce%b9%cf%84%ce%bb%ce%bf\/\"]}]},{\"@type\":\"ImageObject\",\"inLanguage\":\"en-US\",\"@id\":\"https:\/\/ikastikos-kiklos.com\/en\/product\/%ce%ac%cf%84%ce%b9%cf%84%ce%bb%ce%bf\/#primaryimage\",\"url\":\"https:\/\/ikastikos-kiklos.com\/wp-content\/uploads\/2016\/10\/No1-72X60cm.jpg\",\"contentUrl\":\"https:\/\/ikastikos-kiklos.com\/wp-content\/uploads\/2016\/10\/No1-72X60cm.jpg\",\"width\":367,\"height\":425,\"caption\":\"\u0396\u03c9\u03b3\u03c1\u03b1\u03c6\u03b9\u03ba\u03cc \u0388\u03c1\u03b3\u03bf \u03c4\u03bf\u03c5 \u03a3\u03b1\u03c1\u03ac\u03bd\u03c4\u03b7 \u039a\u03b1\u03c1\u03b1\u03b2\u03bf\u03cd\u03b6\u03b7 \u03c3\u03c4\u03bf\u03bd \u0395\u03b9\u03ba\u03b1\u03c3\u03c4\u03b9\u03ba\u03cc \u039a\u03cd\u03ba\u03bb\u03bf Sianti\"},{\"@type\":\"BreadcrumbList\",\"@id\":\"https:\/\/ikastikos-kiklos.com\/en\/product\/%ce%ac%cf%84%ce%b9%cf%84%ce%bb%ce%bf\/#breadcrumb\",\"itemListElement\":[{\"@type\":\"ListItem\",\"position\":1,\"name\":\"Home\",\"item\":\"https:\/\/ikastikos-kiklos.com\/en\/\"},{\"@type\":\"ListItem\",\"position\":2,\"name\":\"\u0388\u03c1\u03b3\u03b1 \u03c4\u03ad\u03c7\u03bd\u03b7\u03c2\",\"item\":\"https:\/\/ikastikos-kiklos.com\/%ce%ad%cf%81%ce%b3%ce%b1-%cf%84%ce%ad%cf%87%ce%bd%ce%b7%cf%82\/\"},{\"@type\":\"ListItem\",\"position\":3,\"name\":\"Untitled\"}]},{\"@type\":\"WebSite\",\"@id\":\"https:\/\/ikastikos-kiklos.com\/en\/#website\",\"url\":\"https:\/\/ikastikos-kiklos.com\/en\/\",\"name\":\"Ikastikos Kiklos - Zografik\u00ed - Metaxotyp\u00edes - T\u00e9chniPainting - Silk Screen - Art\",\"description\":\"\",\"publisher\":{\"@id\":\"https:\/\/ikastikos-kiklos.com\/en\/#organization\"},\"potentialAction\":[{\"@type\":\"SearchAction\",\"target\":{\"@type\":\"EntryPoint\",\"urlTemplate\":\"https:\/\/ikastikos-kiklos.com\/en\/?s={search_term_string}\"},\"query-input\":{\"@type\":\"PropertyValueSpecification\",\"valueRequired\":true,\"valueName\":\"search_term_string\"}}],\"inLanguage\":\"en-US\"},{\"@type\":\"Organization\",\"@id\":\"https:\/\/ikastikos-kiklos.com\/en\/#organization\",\"name\":\"Ikastikos Kiklos - Zografik\u00ed - Metaxotyp\u00edes - T\u00e9chniPainting - Silk Screen - Art\",\"url\":\"https:\/\/ikastikos-kiklos.com\/en\/\",\"logo\":{\"@type\":\"ImageObject\",\"inLanguage\":\"en-US\",\"@id\":\"https:\/\/ikastikos-kiklos.com\/en\/#\/schema\/logo\/image\/\",\"url\":\"https:\/\/ikastikos-kiklos.com\/wp-content\/uploads\/2022\/10\/cropped-favicon_ikastikos.png\",\"contentUrl\":\"https:\/\/ikastikos-kiklos.com\/wp-content\/uploads\/2022\/10\/cropped-favicon_ikastikos.png\",\"width\":512,\"height\":512,\"caption\":\"Ikastikos Kiklos - Zografik\u00ed - Metaxotyp\u00edes - T\u00e9chniPainting - Silk Screen - Art\"},\"image\":{\"@id\":\"https:\/\/ikastikos-kiklos.com\/en\/#\/schema\/logo\/image\/\"},\"sameAs\":[\"https:\/\/www.facebook.com\/ikastikoskiklossianti\/\"]}]}<\/script>\n<!-- \/ Yoast SEO plugin. -->","yoast_head_json":{"title":"Untitled Painting by Karavouzis Sarantis at Ikastikos Kiklos Sianti Gallery.","description":"Untitled Painting by Karavouzis Sarantis at Ikastikos Kiklos Sianti Gallery. Oil on canvas created in 2006. Dimensions 60x72cm","robots":{"index":"index","follow":"follow","max-snippet":"max-snippet:-1","max-image-preview":"max-image-preview:large","max-video-preview":"max-video-preview:-1"},"canonical":"https:\/\/ikastikos-kiklos.com\/en\/product\/\u03ac\u03c4\u03b9\u03c4\u03bb\u03bf\/","og_locale":"en_US","og_type":"article","og_title":"Untitled Painting by Karavouzis Sarantis at Ikastikos Kiklos Sianti Gallery.","og_description":"Untitled Painting by Karavouzis Sarantis at Ikastikos Kiklos Sianti Gallery. Oil on canvas created in 2006. Dimensions 60x72cm","og_url":"https:\/\/ikastikos-kiklos.com\/en\/product\/\u03ac\u03c4\u03b9\u03c4\u03bb\u03bf\/","og_site_name":"Ikastikos Kiklos - Zografik\u00ed - Metaxotyp\u00edes - T\u00e9chniPainting - Silk Screen - Art","article_publisher":"https:\/\/www.facebook.com\/ikastikoskiklossianti\/","article_modified_time":"2017-09-04T16:46:12+00:00","og_image":[{"width":367,"height":425,"url":"https:\/\/ikastikos-kiklos.com\/wp-content\/uploads\/2016\/10\/No1-72X60cm.jpg","type":"image\/jpeg"}],"twitter_card":"summary_large_image","twitter_misc":{"Est. reading time":"1 minute"},"schema":{"@context":"https:\/\/schema.org","@graph":[{"@type":"WebPage","@id":"https:\/\/ikastikos-kiklos.com\/en\/product\/%ce%ac%cf%84%ce%b9%cf%84%ce%bb%ce%bf\/","url":"https:\/\/ikastikos-kiklos.com\/en\/product\/%ce%ac%cf%84%ce%b9%cf%84%ce%bb%ce%bf\/","name":"Untitled Painting by Karavouzis Sarantis at Ikastikos Kiklos Sianti Gallery.","isPartOf":{"@id":"https:\/\/ikastikos-kiklos.com\/en\/#website"},"primaryImageOfPage":{"@id":"https:\/\/ikastikos-kiklos.com\/en\/product\/%ce%ac%cf%84%ce%b9%cf%84%ce%bb%ce%bf\/#primaryimage"},"image":{"@id":"https:\/\/ikastikos-kiklos.com\/en\/product\/%ce%ac%cf%84%ce%b9%cf%84%ce%bb%ce%bf\/#primaryimage"},"thumbnailUrl":"https:\/\/ikastikos-kiklos.com\/wp-content\/uploads\/2016\/10\/No1-72X60cm.jpg","datePublished":"2016-08-14T10:54:01+00:00","dateModified":"2017-09-04T16:46:12+00:00","description":"Untitled Painting by Karavouzis Sarantis at Ikastikos Kiklos Sianti Gallery. Oil on canvas created in 2006. Dimensions 60x72cm","breadcrumb":{"@id":"https:\/\/ikastikos-kiklos.com\/en\/product\/%ce%ac%cf%84%ce%b9%cf%84%ce%bb%ce%bf\/#breadcrumb"},"inLanguage":"en-US","potentialAction":[{"@type":"ReadAction","target":["https:\/\/ikastikos-kiklos.com\/en\/product\/%ce%ac%cf%84%ce%b9%cf%84%ce%bb%ce%bf\/"]}]},{"@type":"ImageObject","inLanguage":"en-US","@id":"https:\/\/ikastikos-kiklos.com\/en\/product\/%ce%ac%cf%84%ce%b9%cf%84%ce%bb%ce%bf\/#primaryimage","url":"https:\/\/ikastikos-kiklos.com\/wp-content\/uploads\/2016\/10\/No1-72X60cm.jpg","contentUrl":"https:\/\/ikastikos-kiklos.com\/wp-content\/uploads\/2016\/10\/No1-72X60cm.jpg","width":367,"height":425,"caption":"\u0396\u03c9\u03b3\u03c1\u03b1\u03c6\u03b9\u03ba\u03cc \u0388\u03c1\u03b3\u03bf \u03c4\u03bf\u03c5 \u03a3\u03b1\u03c1\u03ac\u03bd\u03c4\u03b7 \u039a\u03b1\u03c1\u03b1\u03b2\u03bf\u03cd\u03b6\u03b7 \u03c3\u03c4\u03bf\u03bd \u0395\u03b9\u03ba\u03b1\u03c3\u03c4\u03b9\u03ba\u03cc \u039a\u03cd\u03ba\u03bb\u03bf Sianti"},{"@type":"BreadcrumbList","@id":"https:\/\/ikastikos-kiklos.com\/en\/product\/%ce%ac%cf%84%ce%b9%cf%84%ce%bb%ce%bf\/#breadcrumb","itemListElement":[{"@type":"ListItem","position":1,"name":"Home","item":"https:\/\/ikastikos-kiklos.com\/en\/"},{"@type":"ListItem","position":2,"name":"\u0388\u03c1\u03b3\u03b1 \u03c4\u03ad\u03c7\u03bd\u03b7\u03c2","item":"https:\/\/ikastikos-kiklos.com\/%ce%ad%cf%81%ce%b3%ce%b1-%cf%84%ce%ad%cf%87%ce%bd%ce%b7%cf%82\/"},{"@type":"ListItem","position":3,"name":"Untitled"}]},{"@type":"WebSite","@id":"https:\/\/ikastikos-kiklos.com\/en\/#website","url":"https:\/\/ikastikos-kiklos.com\/en\/","name":"Ikastikos Kiklos - Zografik\u00ed - Metaxotyp\u00edes - T\u00e9chniPainting - Silk Screen - Art","description":"","publisher":{"@id":"https:\/\/ikastikos-kiklos.com\/en\/#organization"},"potentialAction":[{"@type":"SearchAction","target":{"@type":"EntryPoint","urlTemplate":"https:\/\/ikastikos-kiklos.com\/en\/?s={search_term_string}"},"query-input":{"@type":"PropertyValueSpecification","valueRequired":true,"valueName":"search_term_string"}}],"inLanguage":"en-US"},{"@type":"Organization","@id":"https:\/\/ikastikos-kiklos.com\/en\/#organization","name":"Ikastikos Kiklos - Zografik\u00ed - Metaxotyp\u00edes - T\u00e9chniPainting - Silk Screen - Art","url":"https:\/\/ikastikos-kiklos.com\/en\/","logo":{"@type":"ImageObject","inLanguage":"en-US","@id":"https:\/\/ikastikos-kiklos.com\/en\/#\/schema\/logo\/image\/","url":"https:\/\/ikastikos-kiklos.com\/wp-content\/uploads\/2022\/10\/cropped-favicon_ikastikos.png","contentUrl":"https:\/\/ikastikos-kiklos.com\/wp-content\/uploads\/2022\/10\/cropped-favicon_ikastikos.png","width":512,"height":512,"caption":"Ikastikos Kiklos - Zografik\u00ed - Metaxotyp\u00edes - T\u00e9chniPainting - Silk Screen - Art"},"image":{"@id":"https:\/\/ikastikos-kiklos.com\/en\/#\/schema\/logo\/image\/"},"sameAs":["https:\/\/www.facebook.com\/ikastikoskiklossianti\/"]}]}},"_links":{"self":[{"href":"https:\/\/ikastikos-kiklos.com\/en\/wp-json\/wp\/v2\/product\/2738","targetHints":{"allow":["GET"]}}],"collection":[{"href":"https:\/\/ikastikos-kiklos.com\/en\/wp-json\/wp\/v2\/product"}],"about":[{"href":"https:\/\/ikastikos-kiklos.com\/en\/wp-json\/wp\/v2\/types\/product"}],"wp:featuredmedia":[{"embeddable":true,"href":"https:\/\/ikastikos-kiklos.com\/en\/wp-json\/wp\/v2\/media\/2739"}],"wp:attachment":[{"href":"https:\/\/ikastikos-kiklos.com\/en\/wp-json\/wp\/v2\/media?parent=2738"}],"wp:term":[{"taxonomy":"product_brand","embeddable":true,"href":"https:\/\/ikastikos-kiklos.com\/en\/wp-json\/wp\/v2\/product_brand?post=2738"},{"taxonomy":"product_cat","embeddable":true,"href":"https:\/\/ikastikos-kiklos.com\/en\/wp-json\/wp\/v2\/product_cat?post=2738"},{"taxonomy":"product_tag","embeddable":true,"href":"https:\/\/ikastikos-kiklos.com\/en\/wp-json\/wp\/v2\/product_tag?post=2738"}],"curies":[{"name":"wp","href":"https:\/\/api.w.org\/{rel}","templated":true}]}}