{"id":26935,"date":"2020-07-08T15:57:56","date_gmt":"2020-07-08T12:57:56","guid":{"rendered":"https:\/\/ikastikos-kiklos.com\/product\/red-moon-dimitris-yeros\/"},"modified":"2020-07-08T15:57:56","modified_gmt":"2020-07-08T12:57:56","slug":"red-moon-dimitris-yeros","status":"publish","type":"product","link":"https:\/\/ikastikos-kiklos.com\/en\/product\/red-moon-dimitris-yeros\/","title":{"rendered":"Red Moon"},"content":{"rendered":"","protected":false},"excerpt":{"rendered":"<p><a href=\"https:\/\/ikastikos-kiklos.com\/en?p=17203\">Gicl\u00e9e<\/a> hand signed and numbered by the artist. Edition of 100 prints<\/p>\n","protected":false},"featured_media":26933,"template":"","meta":{"ngg_post_thumbnail":0},"product_brand":[],"product_cat":[398,1987,396,1991],"product_tag":[2224,2598],"class_list":{"0":"post-26935","1":"product","2":"type-product","3":"status-publish","4":"has-post-thumbnail","6":"product_cat-collections","7":"product_cat-eshop-en","8":"product_cat-silkscreens","9":"product_cat-silkscreens-shop","10":"product_tag-silkscreen-en","11":"product_tag-yeros-dimitris","12":"product_shipping_class-0-2kg","14":"first","15":"instock","16":"featured","17":"taxable","18":"shipping-taxable","19":"purchasable","20":"product-type-simple"},"yoast_head":"<!-- This site is optimized with the Yoast SEO plugin v27.4 - https:\/\/yoast.com\/product\/yoast-seo-wordpress\/ -->\n<title>Red Moon Silkscreen by Dimitris Yeros at Ikastikos Kiklos Sianti Gallery<\/title>\n<meta name=\"description\" content=\"Red Moon Silkscreen by Dimitris Yeros at Ikastikos Kiklos Sianti Gallery in dimensions 45x66 cm. Hand signed by the artist. Edition of 100 prints\" \/>\n<meta name=\"robots\" content=\"index, follow, max-snippet:-1, max-image-preview:large, max-video-preview:-1\" \/>\n<link rel=\"canonical\" href=\"https:\/\/ikastikos-kiklos.com\/en\/product\/red-moon-dimitris-yeros\/\" \/>\n<meta property=\"og:locale\" content=\"en_US\" \/>\n<meta property=\"og:type\" content=\"article\" \/>\n<meta property=\"og:title\" content=\"Red Moon Silkscreen by Dimitris Yeros at Ikastikos Kiklos Sianti Gallery\" \/>\n<meta property=\"og:description\" content=\"Red Moon Silkscreen by Dimitris Yeros at Ikastikos Kiklos Sianti Gallery in dimensions 45x66 cm. Hand signed by the artist. Edition of 100 prints\" \/>\n<meta property=\"og:url\" content=\"https:\/\/ikastikos-kiklos.com\/en\/product\/red-moon-dimitris-yeros\/\" \/>\n<meta property=\"og:site_name\" content=\"Ikastikos Kiklos - Zografik\u00ed - Metaxotyp\u00edes - T\u00e9chniPainting - Silk Screen - Art\" \/>\n<meta property=\"article:publisher\" content=\"https:\/\/www.facebook.com\/ikastikoskiklossianti\/\" \/>\n<meta property=\"og:image\" content=\"https:\/\/ikastikos-kiklos.com\/wp-content\/uploads\/2020\/07\/\u0394\u03b7\u03bc\u03ae\u03c4\u03c1\u03b7\u03c2-\u0393\u03ad\u03c1\u03bf\u03c2-\u03ba\u03cc\u03ba\u03b9\u03bd\u03bf-\u03c6\u03b5\u03b3\u03b3\u03ac\u03c1\u03b9-\u03bc\u03b5\u03c4\u03b1\u03be\u03bf\u03c4\u03c5\u03c0\u03af\u03b1.jpg\" \/>\n\t<meta property=\"og:image:width\" content=\"1300\" \/>\n\t<meta property=\"og:image:height\" content=\"1770\" \/>\n\t<meta property=\"og:image:type\" content=\"image\/jpeg\" \/>\n<meta name=\"twitter:card\" content=\"summary_large_image\" \/>\n<script type=\"application\/ld+json\" class=\"yoast-schema-graph\">{\"@context\":\"https:\\\/\\\/schema.org\",\"@graph\":[{\"@type\":\"WebPage\",\"@id\":\"https:\\\/\\\/ikastikos-kiklos.com\\\/en\\\/product\\\/red-moon-dimitris-yeros\\\/\",\"url\":\"https:\\\/\\\/ikastikos-kiklos.com\\\/en\\\/product\\\/red-moon-dimitris-yeros\\\/\",\"name\":\"Red Moon Silkscreen by Dimitris Yeros at Ikastikos Kiklos Sianti Gallery\",\"isPartOf\":{\"@id\":\"https:\\\/\\\/ikastikos-kiklos.com\\\/en\\\/#website\"},\"primaryImageOfPage\":{\"@id\":\"https:\\\/\\\/ikastikos-kiklos.com\\\/en\\\/product\\\/red-moon-dimitris-yeros\\\/#primaryimage\"},\"image\":{\"@id\":\"https:\\\/\\\/ikastikos-kiklos.com\\\/en\\\/product\\\/red-moon-dimitris-yeros\\\/#primaryimage\"},\"thumbnailUrl\":\"https:\\\/\\\/ikastikos-kiklos.com\\\/wp-content\\\/uploads\\\/2020\\\/07\\\/\u0394\u03b7\u03bc\u03ae\u03c4\u03c1\u03b7\u03c2-\u0393\u03ad\u03c1\u03bf\u03c2-\u03ba\u03cc\u03ba\u03b9\u03bd\u03bf-\u03c6\u03b5\u03b3\u03b3\u03ac\u03c1\u03b9-\u03bc\u03b5\u03c4\u03b1\u03be\u03bf\u03c4\u03c5\u03c0\u03af\u03b1.jpg\",\"datePublished\":\"2020-07-08T12:57:56+00:00\",\"description\":\"Red Moon Silkscreen by Dimitris Yeros at Ikastikos Kiklos Sianti Gallery in dimensions 45x66 cm. Hand signed by the artist. Edition of 100 prints\",\"breadcrumb\":{\"@id\":\"https:\\\/\\\/ikastikos-kiklos.com\\\/en\\\/product\\\/red-moon-dimitris-yeros\\\/#breadcrumb\"},\"inLanguage\":\"en-US\",\"potentialAction\":[{\"@type\":\"ReadAction\",\"target\":[\"https:\\\/\\\/ikastikos-kiklos.com\\\/en\\\/product\\\/red-moon-dimitris-yeros\\\/\"]}]},{\"@type\":\"ImageObject\",\"inLanguage\":\"en-US\",\"@id\":\"https:\\\/\\\/ikastikos-kiklos.com\\\/en\\\/product\\\/red-moon-dimitris-yeros\\\/#primaryimage\",\"url\":\"https:\\\/\\\/ikastikos-kiklos.com\\\/wp-content\\\/uploads\\\/2020\\\/07\\\/\u0394\u03b7\u03bc\u03ae\u03c4\u03c1\u03b7\u03c2-\u0393\u03ad\u03c1\u03bf\u03c2-\u03ba\u03cc\u03ba\u03b9\u03bd\u03bf-\u03c6\u03b5\u03b3\u03b3\u03ac\u03c1\u03b9-\u03bc\u03b5\u03c4\u03b1\u03be\u03bf\u03c4\u03c5\u03c0\u03af\u03b1.jpg\",\"contentUrl\":\"https:\\\/\\\/ikastikos-kiklos.com\\\/wp-content\\\/uploads\\\/2020\\\/07\\\/\u0394\u03b7\u03bc\u03ae\u03c4\u03c1\u03b7\u03c2-\u0393\u03ad\u03c1\u03bf\u03c2-\u03ba\u03cc\u03ba\u03b9\u03bd\u03bf-\u03c6\u03b5\u03b3\u03b3\u03ac\u03c1\u03b9-\u03bc\u03b5\u03c4\u03b1\u03be\u03bf\u03c4\u03c5\u03c0\u03af\u03b1.jpg\",\"width\":1300,\"height\":1770,\"caption\":\"Red Moon Silkscreen by Dimitris Yeros at Ikastikos Kiklos Sianti Gallery\"},{\"@type\":\"BreadcrumbList\",\"@id\":\"https:\\\/\\\/ikastikos-kiklos.com\\\/en\\\/product\\\/red-moon-dimitris-yeros\\\/#breadcrumb\",\"itemListElement\":[{\"@type\":\"ListItem\",\"position\":1,\"name\":\"Home\",\"item\":\"https:\\\/\\\/ikastikos-kiklos.com\\\/en\\\/\"},{\"@type\":\"ListItem\",\"position\":2,\"name\":\"\u0388\u03c1\u03b3\u03b1 \u03c4\u03ad\u03c7\u03bd\u03b7\u03c2\",\"item\":\"https:\\\/\\\/ikastikos-kiklos.com\\\/%ce%ad%cf%81%ce%b3%ce%b1-%cf%84%ce%ad%cf%87%ce%bd%ce%b7%cf%82\\\/\"},{\"@type\":\"ListItem\",\"position\":3,\"name\":\"Red Moon\"}]},{\"@type\":\"WebSite\",\"@id\":\"https:\\\/\\\/ikastikos-kiklos.com\\\/en\\\/#website\",\"url\":\"https:\\\/\\\/ikastikos-kiklos.com\\\/en\\\/\",\"name\":\"Ikastikos Kiklos - Zografik\u00ed - Metaxotyp\u00edes - T\u00e9chniPainting - Silk Screen - Art\",\"description\":\"\",\"publisher\":{\"@id\":\"https:\\\/\\\/ikastikos-kiklos.com\\\/en\\\/#organization\"},\"potentialAction\":[{\"@type\":\"SearchAction\",\"target\":{\"@type\":\"EntryPoint\",\"urlTemplate\":\"https:\\\/\\\/ikastikos-kiklos.com\\\/en\\\/?s={search_term_string}\"},\"query-input\":{\"@type\":\"PropertyValueSpecification\",\"valueRequired\":true,\"valueName\":\"search_term_string\"}}],\"inLanguage\":\"en-US\"},{\"@type\":\"Organization\",\"@id\":\"https:\\\/\\\/ikastikos-kiklos.com\\\/en\\\/#organization\",\"name\":\"Ikastikos Kiklos - Zografik\u00ed - Metaxotyp\u00edes - T\u00e9chniPainting - Silk Screen - Art\",\"url\":\"https:\\\/\\\/ikastikos-kiklos.com\\\/en\\\/\",\"logo\":{\"@type\":\"ImageObject\",\"inLanguage\":\"en-US\",\"@id\":\"https:\\\/\\\/ikastikos-kiklos.com\\\/en\\\/#\\\/schema\\\/logo\\\/image\\\/\",\"url\":\"https:\\\/\\\/ikastikos-kiklos.com\\\/wp-content\\\/uploads\\\/2022\\\/10\\\/cropped-favicon_ikastikos.png\",\"contentUrl\":\"https:\\\/\\\/ikastikos-kiklos.com\\\/wp-content\\\/uploads\\\/2022\\\/10\\\/cropped-favicon_ikastikos.png\",\"width\":512,\"height\":512,\"caption\":\"Ikastikos Kiklos - Zografik\u00ed - Metaxotyp\u00edes - T\u00e9chniPainting - Silk Screen - Art\"},\"image\":{\"@id\":\"https:\\\/\\\/ikastikos-kiklos.com\\\/en\\\/#\\\/schema\\\/logo\\\/image\\\/\"},\"sameAs\":[\"https:\\\/\\\/www.facebook.com\\\/ikastikoskiklossianti\\\/\"]}]}<\/script>\n<!-- \/ Yoast SEO plugin. -->","yoast_head_json":{"title":"Red Moon Silkscreen by Dimitris Yeros at Ikastikos Kiklos Sianti Gallery","description":"Red Moon Silkscreen by Dimitris Yeros at Ikastikos Kiklos Sianti Gallery in dimensions 45x66 cm. Hand signed by the artist. Edition of 100 prints","robots":{"index":"index","follow":"follow","max-snippet":"max-snippet:-1","max-image-preview":"max-image-preview:large","max-video-preview":"max-video-preview:-1"},"canonical":"https:\/\/ikastikos-kiklos.com\/en\/product\/red-moon-dimitris-yeros\/","og_locale":"en_US","og_type":"article","og_title":"Red Moon Silkscreen by Dimitris Yeros at Ikastikos Kiklos Sianti Gallery","og_description":"Red Moon Silkscreen by Dimitris Yeros at Ikastikos Kiklos Sianti Gallery in dimensions 45x66 cm. Hand signed by the artist. Edition of 100 prints","og_url":"https:\/\/ikastikos-kiklos.com\/en\/product\/red-moon-dimitris-yeros\/","og_site_name":"Ikastikos Kiklos - Zografik\u00ed - Metaxotyp\u00edes - T\u00e9chniPainting - Silk Screen - Art","article_publisher":"https:\/\/www.facebook.com\/ikastikoskiklossianti\/","og_image":[{"width":1300,"height":1770,"url":"https:\/\/ikastikos-kiklos.com\/wp-content\/uploads\/2020\/07\/\u0394\u03b7\u03bc\u03ae\u03c4\u03c1\u03b7\u03c2-\u0393\u03ad\u03c1\u03bf\u03c2-\u03ba\u03cc\u03ba\u03b9\u03bd\u03bf-\u03c6\u03b5\u03b3\u03b3\u03ac\u03c1\u03b9-\u03bc\u03b5\u03c4\u03b1\u03be\u03bf\u03c4\u03c5\u03c0\u03af\u03b1.jpg","type":"image\/jpeg"}],"twitter_card":"summary_large_image","schema":{"@context":"https:\/\/schema.org","@graph":[{"@type":"WebPage","@id":"https:\/\/ikastikos-kiklos.com\/en\/product\/red-moon-dimitris-yeros\/","url":"https:\/\/ikastikos-kiklos.com\/en\/product\/red-moon-dimitris-yeros\/","name":"Red Moon Silkscreen by Dimitris Yeros at Ikastikos Kiklos Sianti Gallery","isPartOf":{"@id":"https:\/\/ikastikos-kiklos.com\/en\/#website"},"primaryImageOfPage":{"@id":"https:\/\/ikastikos-kiklos.com\/en\/product\/red-moon-dimitris-yeros\/#primaryimage"},"image":{"@id":"https:\/\/ikastikos-kiklos.com\/en\/product\/red-moon-dimitris-yeros\/#primaryimage"},"thumbnailUrl":"https:\/\/ikastikos-kiklos.com\/wp-content\/uploads\/2020\/07\/\u0394\u03b7\u03bc\u03ae\u03c4\u03c1\u03b7\u03c2-\u0393\u03ad\u03c1\u03bf\u03c2-\u03ba\u03cc\u03ba\u03b9\u03bd\u03bf-\u03c6\u03b5\u03b3\u03b3\u03ac\u03c1\u03b9-\u03bc\u03b5\u03c4\u03b1\u03be\u03bf\u03c4\u03c5\u03c0\u03af\u03b1.jpg","datePublished":"2020-07-08T12:57:56+00:00","description":"Red Moon Silkscreen by Dimitris Yeros at Ikastikos Kiklos Sianti Gallery in dimensions 45x66 cm. Hand signed by the artist. Edition of 100 prints","breadcrumb":{"@id":"https:\/\/ikastikos-kiklos.com\/en\/product\/red-moon-dimitris-yeros\/#breadcrumb"},"inLanguage":"en-US","potentialAction":[{"@type":"ReadAction","target":["https:\/\/ikastikos-kiklos.com\/en\/product\/red-moon-dimitris-yeros\/"]}]},{"@type":"ImageObject","inLanguage":"en-US","@id":"https:\/\/ikastikos-kiklos.com\/en\/product\/red-moon-dimitris-yeros\/#primaryimage","url":"https:\/\/ikastikos-kiklos.com\/wp-content\/uploads\/2020\/07\/\u0394\u03b7\u03bc\u03ae\u03c4\u03c1\u03b7\u03c2-\u0393\u03ad\u03c1\u03bf\u03c2-\u03ba\u03cc\u03ba\u03b9\u03bd\u03bf-\u03c6\u03b5\u03b3\u03b3\u03ac\u03c1\u03b9-\u03bc\u03b5\u03c4\u03b1\u03be\u03bf\u03c4\u03c5\u03c0\u03af\u03b1.jpg","contentUrl":"https:\/\/ikastikos-kiklos.com\/wp-content\/uploads\/2020\/07\/\u0394\u03b7\u03bc\u03ae\u03c4\u03c1\u03b7\u03c2-\u0393\u03ad\u03c1\u03bf\u03c2-\u03ba\u03cc\u03ba\u03b9\u03bd\u03bf-\u03c6\u03b5\u03b3\u03b3\u03ac\u03c1\u03b9-\u03bc\u03b5\u03c4\u03b1\u03be\u03bf\u03c4\u03c5\u03c0\u03af\u03b1.jpg","width":1300,"height":1770,"caption":"Red Moon Silkscreen by Dimitris Yeros at Ikastikos Kiklos Sianti Gallery"},{"@type":"BreadcrumbList","@id":"https:\/\/ikastikos-kiklos.com\/en\/product\/red-moon-dimitris-yeros\/#breadcrumb","itemListElement":[{"@type":"ListItem","position":1,"name":"Home","item":"https:\/\/ikastikos-kiklos.com\/en\/"},{"@type":"ListItem","position":2,"name":"\u0388\u03c1\u03b3\u03b1 \u03c4\u03ad\u03c7\u03bd\u03b7\u03c2","item":"https:\/\/ikastikos-kiklos.com\/%ce%ad%cf%81%ce%b3%ce%b1-%cf%84%ce%ad%cf%87%ce%bd%ce%b7%cf%82\/"},{"@type":"ListItem","position":3,"name":"Red Moon"}]},{"@type":"WebSite","@id":"https:\/\/ikastikos-kiklos.com\/en\/#website","url":"https:\/\/ikastikos-kiklos.com\/en\/","name":"Ikastikos Kiklos - Zografik\u00ed - Metaxotyp\u00edes - T\u00e9chniPainting - Silk Screen - Art","description":"","publisher":{"@id":"https:\/\/ikastikos-kiklos.com\/en\/#organization"},"potentialAction":[{"@type":"SearchAction","target":{"@type":"EntryPoint","urlTemplate":"https:\/\/ikastikos-kiklos.com\/en\/?s={search_term_string}"},"query-input":{"@type":"PropertyValueSpecification","valueRequired":true,"valueName":"search_term_string"}}],"inLanguage":"en-US"},{"@type":"Organization","@id":"https:\/\/ikastikos-kiklos.com\/en\/#organization","name":"Ikastikos Kiklos - Zografik\u00ed - Metaxotyp\u00edes - T\u00e9chniPainting - Silk Screen - Art","url":"https:\/\/ikastikos-kiklos.com\/en\/","logo":{"@type":"ImageObject","inLanguage":"en-US","@id":"https:\/\/ikastikos-kiklos.com\/en\/#\/schema\/logo\/image\/","url":"https:\/\/ikastikos-kiklos.com\/wp-content\/uploads\/2022\/10\/cropped-favicon_ikastikos.png","contentUrl":"https:\/\/ikastikos-kiklos.com\/wp-content\/uploads\/2022\/10\/cropped-favicon_ikastikos.png","width":512,"height":512,"caption":"Ikastikos Kiklos - Zografik\u00ed - Metaxotyp\u00edes - T\u00e9chniPainting - Silk Screen - Art"},"image":{"@id":"https:\/\/ikastikos-kiklos.com\/en\/#\/schema\/logo\/image\/"},"sameAs":["https:\/\/www.facebook.com\/ikastikoskiklossianti\/"]}]}},"_links":{"self":[{"href":"https:\/\/ikastikos-kiklos.com\/en\/wp-json\/wp\/v2\/product\/26935","targetHints":{"allow":["GET"]}}],"collection":[{"href":"https:\/\/ikastikos-kiklos.com\/en\/wp-json\/wp\/v2\/product"}],"about":[{"href":"https:\/\/ikastikos-kiklos.com\/en\/wp-json\/wp\/v2\/types\/product"}],"wp:featuredmedia":[{"embeddable":true,"href":"https:\/\/ikastikos-kiklos.com\/en\/wp-json\/wp\/v2\/media\/26933"}],"wp:attachment":[{"href":"https:\/\/ikastikos-kiklos.com\/en\/wp-json\/wp\/v2\/media?parent=26935"}],"wp:term":[{"taxonomy":"product_brand","embeddable":true,"href":"https:\/\/ikastikos-kiklos.com\/en\/wp-json\/wp\/v2\/product_brand?post=26935"},{"taxonomy":"product_cat","embeddable":true,"href":"https:\/\/ikastikos-kiklos.com\/en\/wp-json\/wp\/v2\/product_cat?post=26935"},{"taxonomy":"product_tag","embeddable":true,"href":"https:\/\/ikastikos-kiklos.com\/en\/wp-json\/wp\/v2\/product_tag?post=26935"}],"curies":[{"name":"wp","href":"https:\/\/api.w.org\/{rel}","templated":true}]}}