{"id":25578,"date":"2020-03-18T23:51:56","date_gmt":"2020-03-18T21:51:56","guid":{"rendered":"https:\/\/ikastikos-kiklos.com\/product\/ocean-couple\/"},"modified":"2020-03-21T04:39:19","modified_gmt":"2020-03-21T02:39:19","slug":"ocean-couple-panagiotis-siagris","status":"publish","type":"product","link":"https:\/\/ikastikos-kiklos.com\/en\/product\/ocean-couple-panagiotis-siagris\/","title":{"rendered":"Ocean Couple"},"content":{"rendered":"<p><iframe loading=\"lazy\" title=\"Opening Panagiotis SIAGREECE\" width=\"1220\" height=\"686\" src=\"https:\/\/www.youtube.com\/embed\/z4svIXDmA0I?feature=oembed\" frameborder=\"0\" allow=\"accelerometer; autoplay; clipboard-write; encrypted-media; gyroscope; picture-in-picture\" allowfullscreen><\/iframe><\/p>\n","protected":false},"excerpt":{"rendered":"<div class=\"product-short-description\">\n<div class=\"product-short-description\">\n<p><a href=\"https:\/\/ikastikos-kiklos.com\/en\/silkscreen-printing-method-giclee\/\">Gicl\u00e9e<\/a> hand signed and numbered by Siagris Panagiotis. Edition of 50 prints.<\/p>\n<\/div>\n<\/div>\n","protected":false},"featured_media":25577,"template":"","meta":{"ngg_post_thumbnail":0},"product_brand":[],"product_cat":[398,1987,396,1991],"product_tag":[3374,2253],"class_list":{"0":"post-25578","1":"product","2":"type-product","3":"status-publish","4":"has-post-thumbnail","6":"product_cat-collections","7":"product_cat-eshop-en","8":"product_cat-silkscreens","9":"product_cat-silkscreens-shop","10":"product_tag-love-en","11":"product_tag-panagiotis-siagreece-en","12":"product_shipping_class-0-2kg","14":"first","15":"instock","16":"taxable","17":"shipping-taxable","18":"purchasable","19":"product-type-simple"},"yoast_head":"<!-- This site is optimized with the Yoast SEO plugin v27.4 - https:\/\/yoast.com\/product\/yoast-seo-wordpress\/ -->\n<title>Ocean Couple Silkscreen by Panagiotis Siagreece at Ikastikos Kiklos Gallery<\/title>\n<meta name=\"description\" content=\"Ocean Couple Silkscreen by Panagiotis Siagreece at Ikastikos Kiklos Gallery in dimensions 73x65 cm. Hand signed and numbered\" \/>\n<meta name=\"robots\" content=\"index, follow, max-snippet:-1, max-image-preview:large, max-video-preview:-1\" \/>\n<link rel=\"canonical\" href=\"https:\/\/ikastikos-kiklos.com\/en\/product\/ocean-couple-panagiotis-siagris\/\" \/>\n<meta property=\"og:locale\" content=\"en_US\" \/>\n<meta property=\"og:type\" content=\"article\" \/>\n<meta property=\"og:title\" content=\"Ocean Couple Silkscreen by Panagiotis Siagreece at Ikastikos Kiklos Gallery\" \/>\n<meta property=\"og:description\" content=\"Ocean Couple Silkscreen by Panagiotis Siagreece at Ikastikos Kiklos Gallery in dimensions 73x65 cm. Hand signed and numbered\" \/>\n<meta property=\"og:url\" content=\"https:\/\/ikastikos-kiklos.com\/en\/product\/ocean-couple-panagiotis-siagris\/\" \/>\n<meta property=\"og:site_name\" content=\"Ikastikos Kiklos - Zografik\u00ed - Metaxotyp\u00edes - T\u00e9chniPainting - Silk Screen - Art\" \/>\n<meta property=\"article:publisher\" content=\"https:\/\/www.facebook.com\/ikastikoskiklossianti\/\" \/>\n<meta property=\"article:modified_time\" content=\"2020-03-21T02:39:19+00:00\" \/>\n<meta property=\"og:image\" content=\"https:\/\/ikastikos-kiklos.com\/wp-content\/uploads\/2020\/03\/panagiotis-siagreece-ocean-couple-1.jpg\" \/>\n\t<meta property=\"og:image:width\" content=\"1000\" \/>\n\t<meta property=\"og:image:height\" content=\"909\" \/>\n\t<meta property=\"og:image:type\" content=\"image\/jpeg\" \/>\n<meta name=\"twitter:card\" content=\"summary_large_image\" \/>\n<script type=\"application\/ld+json\" class=\"yoast-schema-graph\">{\"@context\":\"https:\\\/\\\/schema.org\",\"@graph\":[{\"@type\":\"WebPage\",\"@id\":\"https:\\\/\\\/ikastikos-kiklos.com\\\/en\\\/product\\\/ocean-couple-panagiotis-siagris\\\/\",\"url\":\"https:\\\/\\\/ikastikos-kiklos.com\\\/en\\\/product\\\/ocean-couple-panagiotis-siagris\\\/\",\"name\":\"Ocean Couple Silkscreen by Panagiotis Siagreece at Ikastikos Kiklos Gallery\",\"isPartOf\":{\"@id\":\"https:\\\/\\\/ikastikos-kiklos.com\\\/en\\\/#website\"},\"primaryImageOfPage\":{\"@id\":\"https:\\\/\\\/ikastikos-kiklos.com\\\/en\\\/product\\\/ocean-couple-panagiotis-siagris\\\/#primaryimage\"},\"image\":{\"@id\":\"https:\\\/\\\/ikastikos-kiklos.com\\\/en\\\/product\\\/ocean-couple-panagiotis-siagris\\\/#primaryimage\"},\"thumbnailUrl\":\"https:\\\/\\\/ikastikos-kiklos.com\\\/wp-content\\\/uploads\\\/2020\\\/03\\\/panagiotis-siagreece-ocean-couple-1.jpg\",\"datePublished\":\"2020-03-18T21:51:56+00:00\",\"dateModified\":\"2020-03-21T02:39:19+00:00\",\"description\":\"Ocean Couple Silkscreen by Panagiotis Siagreece at Ikastikos Kiklos Gallery in dimensions 73x65 cm. Hand signed and numbered\",\"breadcrumb\":{\"@id\":\"https:\\\/\\\/ikastikos-kiklos.com\\\/en\\\/product\\\/ocean-couple-panagiotis-siagris\\\/#breadcrumb\"},\"inLanguage\":\"en-US\",\"potentialAction\":[{\"@type\":\"ReadAction\",\"target\":[\"https:\\\/\\\/ikastikos-kiklos.com\\\/en\\\/product\\\/ocean-couple-panagiotis-siagris\\\/\"]}]},{\"@type\":\"ImageObject\",\"inLanguage\":\"en-US\",\"@id\":\"https:\\\/\\\/ikastikos-kiklos.com\\\/en\\\/product\\\/ocean-couple-panagiotis-siagris\\\/#primaryimage\",\"url\":\"https:\\\/\\\/ikastikos-kiklos.com\\\/wp-content\\\/uploads\\\/2020\\\/03\\\/panagiotis-siagreece-ocean-couple-1.jpg\",\"contentUrl\":\"https:\\\/\\\/ikastikos-kiklos.com\\\/wp-content\\\/uploads\\\/2020\\\/03\\\/panagiotis-siagreece-ocean-couple-1.jpg\",\"width\":1000,\"height\":909,\"caption\":\"Ocean Couple Silkscreen by Panagiotis Siagreece at Ikastikos Kiklos Gallery\"},{\"@type\":\"BreadcrumbList\",\"@id\":\"https:\\\/\\\/ikastikos-kiklos.com\\\/en\\\/product\\\/ocean-couple-panagiotis-siagris\\\/#breadcrumb\",\"itemListElement\":[{\"@type\":\"ListItem\",\"position\":1,\"name\":\"Home\",\"item\":\"https:\\\/\\\/ikastikos-kiklos.com\\\/en\\\/\"},{\"@type\":\"ListItem\",\"position\":2,\"name\":\"\u0388\u03c1\u03b3\u03b1 \u03c4\u03ad\u03c7\u03bd\u03b7\u03c2\",\"item\":\"https:\\\/\\\/ikastikos-kiklos.com\\\/%ce%ad%cf%81%ce%b3%ce%b1-%cf%84%ce%ad%cf%87%ce%bd%ce%b7%cf%82\\\/\"},{\"@type\":\"ListItem\",\"position\":3,\"name\":\"Ocean Couple\"}]},{\"@type\":\"WebSite\",\"@id\":\"https:\\\/\\\/ikastikos-kiklos.com\\\/en\\\/#website\",\"url\":\"https:\\\/\\\/ikastikos-kiklos.com\\\/en\\\/\",\"name\":\"Ikastikos Kiklos - Zografik\u00ed - Metaxotyp\u00edes - T\u00e9chniPainting - Silk Screen - Art\",\"description\":\"\",\"publisher\":{\"@id\":\"https:\\\/\\\/ikastikos-kiklos.com\\\/en\\\/#organization\"},\"potentialAction\":[{\"@type\":\"SearchAction\",\"target\":{\"@type\":\"EntryPoint\",\"urlTemplate\":\"https:\\\/\\\/ikastikos-kiklos.com\\\/en\\\/?s={search_term_string}\"},\"query-input\":{\"@type\":\"PropertyValueSpecification\",\"valueRequired\":true,\"valueName\":\"search_term_string\"}}],\"inLanguage\":\"en-US\"},{\"@type\":\"Organization\",\"@id\":\"https:\\\/\\\/ikastikos-kiklos.com\\\/en\\\/#organization\",\"name\":\"Ikastikos Kiklos - Zografik\u00ed - Metaxotyp\u00edes - T\u00e9chniPainting - Silk Screen - Art\",\"url\":\"https:\\\/\\\/ikastikos-kiklos.com\\\/en\\\/\",\"logo\":{\"@type\":\"ImageObject\",\"inLanguage\":\"en-US\",\"@id\":\"https:\\\/\\\/ikastikos-kiklos.com\\\/en\\\/#\\\/schema\\\/logo\\\/image\\\/\",\"url\":\"https:\\\/\\\/ikastikos-kiklos.com\\\/wp-content\\\/uploads\\\/2022\\\/10\\\/cropped-favicon_ikastikos.png\",\"contentUrl\":\"https:\\\/\\\/ikastikos-kiklos.com\\\/wp-content\\\/uploads\\\/2022\\\/10\\\/cropped-favicon_ikastikos.png\",\"width\":512,\"height\":512,\"caption\":\"Ikastikos Kiklos - Zografik\u00ed - Metaxotyp\u00edes - T\u00e9chniPainting - Silk Screen - Art\"},\"image\":{\"@id\":\"https:\\\/\\\/ikastikos-kiklos.com\\\/en\\\/#\\\/schema\\\/logo\\\/image\\\/\"},\"sameAs\":[\"https:\\\/\\\/www.facebook.com\\\/ikastikoskiklossianti\\\/\"]}]}<\/script>\n<!-- \/ Yoast SEO plugin. -->","yoast_head_json":{"title":"Ocean Couple Silkscreen by Panagiotis Siagreece at Ikastikos Kiklos Gallery","description":"Ocean Couple Silkscreen by Panagiotis Siagreece at Ikastikos Kiklos Gallery in dimensions 73x65 cm. Hand signed and numbered","robots":{"index":"index","follow":"follow","max-snippet":"max-snippet:-1","max-image-preview":"max-image-preview:large","max-video-preview":"max-video-preview:-1"},"canonical":"https:\/\/ikastikos-kiklos.com\/en\/product\/ocean-couple-panagiotis-siagris\/","og_locale":"en_US","og_type":"article","og_title":"Ocean Couple Silkscreen by Panagiotis Siagreece at Ikastikos Kiklos Gallery","og_description":"Ocean Couple Silkscreen by Panagiotis Siagreece at Ikastikos Kiklos Gallery in dimensions 73x65 cm. Hand signed and numbered","og_url":"https:\/\/ikastikos-kiklos.com\/en\/product\/ocean-couple-panagiotis-siagris\/","og_site_name":"Ikastikos Kiklos - Zografik\u00ed - Metaxotyp\u00edes - T\u00e9chniPainting - Silk Screen - Art","article_publisher":"https:\/\/www.facebook.com\/ikastikoskiklossianti\/","article_modified_time":"2020-03-21T02:39:19+00:00","og_image":[{"width":1000,"height":909,"url":"https:\/\/ikastikos-kiklos.com\/wp-content\/uploads\/2020\/03\/panagiotis-siagreece-ocean-couple-1.jpg","type":"image\/jpeg"}],"twitter_card":"summary_large_image","schema":{"@context":"https:\/\/schema.org","@graph":[{"@type":"WebPage","@id":"https:\/\/ikastikos-kiklos.com\/en\/product\/ocean-couple-panagiotis-siagris\/","url":"https:\/\/ikastikos-kiklos.com\/en\/product\/ocean-couple-panagiotis-siagris\/","name":"Ocean Couple Silkscreen by Panagiotis Siagreece at Ikastikos Kiklos Gallery","isPartOf":{"@id":"https:\/\/ikastikos-kiklos.com\/en\/#website"},"primaryImageOfPage":{"@id":"https:\/\/ikastikos-kiklos.com\/en\/product\/ocean-couple-panagiotis-siagris\/#primaryimage"},"image":{"@id":"https:\/\/ikastikos-kiklos.com\/en\/product\/ocean-couple-panagiotis-siagris\/#primaryimage"},"thumbnailUrl":"https:\/\/ikastikos-kiklos.com\/wp-content\/uploads\/2020\/03\/panagiotis-siagreece-ocean-couple-1.jpg","datePublished":"2020-03-18T21:51:56+00:00","dateModified":"2020-03-21T02:39:19+00:00","description":"Ocean Couple Silkscreen by Panagiotis Siagreece at Ikastikos Kiklos Gallery in dimensions 73x65 cm. Hand signed and numbered","breadcrumb":{"@id":"https:\/\/ikastikos-kiklos.com\/en\/product\/ocean-couple-panagiotis-siagris\/#breadcrumb"},"inLanguage":"en-US","potentialAction":[{"@type":"ReadAction","target":["https:\/\/ikastikos-kiklos.com\/en\/product\/ocean-couple-panagiotis-siagris\/"]}]},{"@type":"ImageObject","inLanguage":"en-US","@id":"https:\/\/ikastikos-kiklos.com\/en\/product\/ocean-couple-panagiotis-siagris\/#primaryimage","url":"https:\/\/ikastikos-kiklos.com\/wp-content\/uploads\/2020\/03\/panagiotis-siagreece-ocean-couple-1.jpg","contentUrl":"https:\/\/ikastikos-kiklos.com\/wp-content\/uploads\/2020\/03\/panagiotis-siagreece-ocean-couple-1.jpg","width":1000,"height":909,"caption":"Ocean Couple Silkscreen by Panagiotis Siagreece at Ikastikos Kiklos Gallery"},{"@type":"BreadcrumbList","@id":"https:\/\/ikastikos-kiklos.com\/en\/product\/ocean-couple-panagiotis-siagris\/#breadcrumb","itemListElement":[{"@type":"ListItem","position":1,"name":"Home","item":"https:\/\/ikastikos-kiklos.com\/en\/"},{"@type":"ListItem","position":2,"name":"\u0388\u03c1\u03b3\u03b1 \u03c4\u03ad\u03c7\u03bd\u03b7\u03c2","item":"https:\/\/ikastikos-kiklos.com\/%ce%ad%cf%81%ce%b3%ce%b1-%cf%84%ce%ad%cf%87%ce%bd%ce%b7%cf%82\/"},{"@type":"ListItem","position":3,"name":"Ocean Couple"}]},{"@type":"WebSite","@id":"https:\/\/ikastikos-kiklos.com\/en\/#website","url":"https:\/\/ikastikos-kiklos.com\/en\/","name":"Ikastikos Kiklos - Zografik\u00ed - Metaxotyp\u00edes - T\u00e9chniPainting - Silk Screen - Art","description":"","publisher":{"@id":"https:\/\/ikastikos-kiklos.com\/en\/#organization"},"potentialAction":[{"@type":"SearchAction","target":{"@type":"EntryPoint","urlTemplate":"https:\/\/ikastikos-kiklos.com\/en\/?s={search_term_string}"},"query-input":{"@type":"PropertyValueSpecification","valueRequired":true,"valueName":"search_term_string"}}],"inLanguage":"en-US"},{"@type":"Organization","@id":"https:\/\/ikastikos-kiklos.com\/en\/#organization","name":"Ikastikos Kiklos - Zografik\u00ed - Metaxotyp\u00edes - T\u00e9chniPainting - Silk Screen - Art","url":"https:\/\/ikastikos-kiklos.com\/en\/","logo":{"@type":"ImageObject","inLanguage":"en-US","@id":"https:\/\/ikastikos-kiklos.com\/en\/#\/schema\/logo\/image\/","url":"https:\/\/ikastikos-kiklos.com\/wp-content\/uploads\/2022\/10\/cropped-favicon_ikastikos.png","contentUrl":"https:\/\/ikastikos-kiklos.com\/wp-content\/uploads\/2022\/10\/cropped-favicon_ikastikos.png","width":512,"height":512,"caption":"Ikastikos Kiklos - Zografik\u00ed - Metaxotyp\u00edes - T\u00e9chniPainting - Silk Screen - Art"},"image":{"@id":"https:\/\/ikastikos-kiklos.com\/en\/#\/schema\/logo\/image\/"},"sameAs":["https:\/\/www.facebook.com\/ikastikoskiklossianti\/"]}]}},"_links":{"self":[{"href":"https:\/\/ikastikos-kiklos.com\/en\/wp-json\/wp\/v2\/product\/25578","targetHints":{"allow":["GET"]}}],"collection":[{"href":"https:\/\/ikastikos-kiklos.com\/en\/wp-json\/wp\/v2\/product"}],"about":[{"href":"https:\/\/ikastikos-kiklos.com\/en\/wp-json\/wp\/v2\/types\/product"}],"wp:featuredmedia":[{"embeddable":true,"href":"https:\/\/ikastikos-kiklos.com\/en\/wp-json\/wp\/v2\/media\/25577"}],"wp:attachment":[{"href":"https:\/\/ikastikos-kiklos.com\/en\/wp-json\/wp\/v2\/media?parent=25578"}],"wp:term":[{"taxonomy":"product_brand","embeddable":true,"href":"https:\/\/ikastikos-kiklos.com\/en\/wp-json\/wp\/v2\/product_brand?post=25578"},{"taxonomy":"product_cat","embeddable":true,"href":"https:\/\/ikastikos-kiklos.com\/en\/wp-json\/wp\/v2\/product_cat?post=25578"},{"taxonomy":"product_tag","embeddable":true,"href":"https:\/\/ikastikos-kiklos.com\/en\/wp-json\/wp\/v2\/product_tag?post=25578"}],"curies":[{"name":"wp","href":"https:\/\/api.w.org\/{rel}","templated":true}]}}