{"id":16810,"date":"2018-02-02T13:33:29","date_gmt":"2018-02-02T11:33:29","guid":{"rendered":"https:\/\/ikastikos-kiklos.com\/\u03c0\u03c1\u03bf\u03ca\u03cc\u03bd\/20%ce%bf%cf%82-%ce%b1%ce%b9%cf%8e%ce%bd%ce%b1%cf%82\/"},"modified":"2019-09-12T11:57:32","modified_gmt":"2019-09-12T08:57:32","slug":"20%ce%bf%cf%82-%ce%b1%ce%b9%cf%8e%ce%bd%ce%b1%cf%82","status":"publish","type":"product","link":"https:\/\/ikastikos-kiklos.com\/en\/product\/20%ce%bf%cf%82-%ce%b1%ce%b9%cf%8e%ce%bd%ce%b1%cf%82\/","title":{"rendered":"20th Century"},"content":{"rendered":"<p>&#8220;Whenever a drop of color comes and falls on the canvas and when this thing ties with all the things that are around me, I feel completely different. I feel myriad voices sing in my head, which touch me and then I understand that by setting me up and trying to widen the horizon of the whole world or the people who see my paintings, it succeeds, &#8220;he said in his statements Palaiologos Theologos.<\/p>\n<p>Source: http:\/\/paltheologou.blogspot.gr\/<\/p>\n","protected":false},"excerpt":{"rendered":"<p>Silkscreen by\u00a0Palaiologos Theologos in 200 copies numbered and signed<\/p>\n<p>Although self-taught, his work had artistic validity and originality showing an artist with sensitivities and special knowledge. His presence in the artistic world of the country is impressive and criticism has seen him as an artist with experiential experiences expressing them in a poetic way. Source: e-thessalia.gr<\/p>\n","protected":false},"featured_media":12161,"template":"","meta":{"ngg_post_thumbnail":0},"product_brand":[],"product_cat":[1987,2226,1991],"product_tag":[],"class_list":{"0":"post-16810","1":"product","2":"type-product","3":"status-publish","4":"has-post-thumbnail","6":"product_cat-eshop-en","7":"product_cat-old-silkscreens-collection","8":"product_cat-silkscreens-shop","10":"first","11":"instock","12":"taxable","13":"shipping-taxable","14":"purchasable","15":"product-type-simple"},"yoast_head":"<!-- This site is optimized with the Yoast SEO plugin v27.2 - https:\/\/yoast.com\/product\/yoast-seo-wordpress\/ -->\n<title>20th Century Silkscreen by Palaiologos Theologos at Ikastikos Kiklos Sianti Gallery.<\/title>\n<meta name=\"description\" content=\"20th Century Silkscreen by Palaiologos Theologos at Ikastikos Kiklos Sianti Gallery. Dimensions 53x43 cm and 200 copies numbered and signed\" \/>\n<meta name=\"robots\" content=\"index, follow, max-snippet:-1, max-image-preview:large, max-video-preview:-1\" \/>\n<link rel=\"canonical\" href=\"https:\/\/ikastikos-kiklos.com\/en\/product\/20\u03bf\u03c2-\u03b1\u03b9\u03ce\u03bd\u03b1\u03c2\/\" \/>\n<meta property=\"og:locale\" content=\"en_US\" \/>\n<meta property=\"og:type\" content=\"article\" \/>\n<meta property=\"og:title\" content=\"20th Century Silkscreen by Palaiologos Theologos at Ikastikos Kiklos Sianti Gallery.\" \/>\n<meta property=\"og:description\" content=\"20th Century Silkscreen by Palaiologos Theologos at Ikastikos Kiklos Sianti Gallery. Dimensions 53x43 cm and 200 copies numbered and signed\" \/>\n<meta property=\"og:url\" content=\"https:\/\/ikastikos-kiklos.com\/en\/product\/20\u03bf\u03c2-\u03b1\u03b9\u03ce\u03bd\u03b1\u03c2\/\" \/>\n<meta property=\"og:site_name\" content=\"Ikastikos Kiklos - Zografik\u00ed - Metaxotyp\u00edes - T\u00e9chniPainting - Silk Screen - Art\" \/>\n<meta property=\"article:publisher\" content=\"https:\/\/www.facebook.com\/ikastikoskiklossianti\/\" \/>\n<meta property=\"article:modified_time\" content=\"2019-09-12T08:57:32+00:00\" \/>\n<meta property=\"og:image\" content=\"https:\/\/ikastikos-kiklos.com\/wp-content\/uploads\/2018\/05\/Job_7442.jpg\" \/>\n\t<meta property=\"og:image:width\" content=\"900\" \/>\n\t<meta property=\"og:image:height\" content=\"767\" \/>\n\t<meta property=\"og:image:type\" content=\"image\/jpeg\" \/>\n<meta name=\"twitter:card\" content=\"summary_large_image\" \/>\n<script type=\"application\/ld+json\" class=\"yoast-schema-graph\">{\"@context\":\"https:\/\/schema.org\",\"@graph\":[{\"@type\":\"WebPage\",\"@id\":\"https:\/\/ikastikos-kiklos.com\/en\/product\/20%ce%bf%cf%82-%ce%b1%ce%b9%cf%8e%ce%bd%ce%b1%cf%82\/\",\"url\":\"https:\/\/ikastikos-kiklos.com\/en\/product\/20%ce%bf%cf%82-%ce%b1%ce%b9%cf%8e%ce%bd%ce%b1%cf%82\/\",\"name\":\"20th Century Silkscreen by Palaiologos Theologos at Ikastikos Kiklos Sianti Gallery.\",\"isPartOf\":{\"@id\":\"https:\/\/ikastikos-kiklos.com\/en\/#website\"},\"primaryImageOfPage\":{\"@id\":\"https:\/\/ikastikos-kiklos.com\/en\/product\/20%ce%bf%cf%82-%ce%b1%ce%b9%cf%8e%ce%bd%ce%b1%cf%82\/#primaryimage\"},\"image\":{\"@id\":\"https:\/\/ikastikos-kiklos.com\/en\/product\/20%ce%bf%cf%82-%ce%b1%ce%b9%cf%8e%ce%bd%ce%b1%cf%82\/#primaryimage\"},\"thumbnailUrl\":\"https:\/\/ikastikos-kiklos.com\/wp-content\/uploads\/2018\/05\/Job_7442.jpg\",\"datePublished\":\"2018-02-02T11:33:29+00:00\",\"dateModified\":\"2019-09-12T08:57:32+00:00\",\"description\":\"20th Century Silkscreen by Palaiologos Theologos at Ikastikos Kiklos Sianti Gallery. Dimensions 53x43 cm and 200 copies numbered and signed\",\"breadcrumb\":{\"@id\":\"https:\/\/ikastikos-kiklos.com\/en\/product\/20%ce%bf%cf%82-%ce%b1%ce%b9%cf%8e%ce%bd%ce%b1%cf%82\/#breadcrumb\"},\"inLanguage\":\"en-US\",\"potentialAction\":[{\"@type\":\"ReadAction\",\"target\":[\"https:\/\/ikastikos-kiklos.com\/en\/product\/20%ce%bf%cf%82-%ce%b1%ce%b9%cf%8e%ce%bd%ce%b1%cf%82\/\"]}]},{\"@type\":\"ImageObject\",\"inLanguage\":\"en-US\",\"@id\":\"https:\/\/ikastikos-kiklos.com\/en\/product\/20%ce%bf%cf%82-%ce%b1%ce%b9%cf%8e%ce%bd%ce%b1%cf%82\/#primaryimage\",\"url\":\"https:\/\/ikastikos-kiklos.com\/wp-content\/uploads\/2018\/05\/Job_7442.jpg\",\"contentUrl\":\"https:\/\/ikastikos-kiklos.com\/wp-content\/uploads\/2018\/05\/Job_7442.jpg\",\"width\":900,\"height\":767,\"caption\":\"20\u03bf\u03c2 \u0391\u03b9\u03ce\u03bd\u03b1\u03c2 \u039c\u03b5\u03c4\u03b1\u03be\u03bf\u03c4\u03c5\u03c0\u03af\u03b1 \u03c4\u03bf\u03c5 \u03a0\u03b1\u03bb\u03b1\u03b9\u03bf\u03bb\u03cc\u03b3\u03bf\u03c5 \u0398\u03b5\u03bf\u03bb\u03cc\u03b3\u03bf\u03c5 \u03c3\u03c4\u03bf\u03bd \u0395\u03b9\u03ba\u03b1\u03c3\u03c4\u03b9\u03ba\u03cc \u039a\u03cd\u03ba\u03bb\u03bf\"},{\"@type\":\"BreadcrumbList\",\"@id\":\"https:\/\/ikastikos-kiklos.com\/en\/product\/20%ce%bf%cf%82-%ce%b1%ce%b9%cf%8e%ce%bd%ce%b1%cf%82\/#breadcrumb\",\"itemListElement\":[{\"@type\":\"ListItem\",\"position\":1,\"name\":\"Home\",\"item\":\"https:\/\/ikastikos-kiklos.com\/en\/\"},{\"@type\":\"ListItem\",\"position\":2,\"name\":\"\u0388\u03c1\u03b3\u03b1 \u03c4\u03ad\u03c7\u03bd\u03b7\u03c2\",\"item\":\"https:\/\/ikastikos-kiklos.com\/%ce%ad%cf%81%ce%b3%ce%b1-%cf%84%ce%ad%cf%87%ce%bd%ce%b7%cf%82\/\"},{\"@type\":\"ListItem\",\"position\":3,\"name\":\"20th Century\"}]},{\"@type\":\"WebSite\",\"@id\":\"https:\/\/ikastikos-kiklos.com\/en\/#website\",\"url\":\"https:\/\/ikastikos-kiklos.com\/en\/\",\"name\":\"Ikastikos Kiklos - Zografik\u00ed - Metaxotyp\u00edes - T\u00e9chniPainting - Silk Screen - Art\",\"description\":\"\",\"publisher\":{\"@id\":\"https:\/\/ikastikos-kiklos.com\/en\/#organization\"},\"potentialAction\":[{\"@type\":\"SearchAction\",\"target\":{\"@type\":\"EntryPoint\",\"urlTemplate\":\"https:\/\/ikastikos-kiklos.com\/en\/?s={search_term_string}\"},\"query-input\":{\"@type\":\"PropertyValueSpecification\",\"valueRequired\":true,\"valueName\":\"search_term_string\"}}],\"inLanguage\":\"en-US\"},{\"@type\":\"Organization\",\"@id\":\"https:\/\/ikastikos-kiklos.com\/en\/#organization\",\"name\":\"Ikastikos Kiklos - Zografik\u00ed - Metaxotyp\u00edes - T\u00e9chniPainting - Silk Screen - Art\",\"url\":\"https:\/\/ikastikos-kiklos.com\/en\/\",\"logo\":{\"@type\":\"ImageObject\",\"inLanguage\":\"en-US\",\"@id\":\"https:\/\/ikastikos-kiklos.com\/en\/#\/schema\/logo\/image\/\",\"url\":\"https:\/\/ikastikos-kiklos.com\/wp-content\/uploads\/2022\/10\/cropped-favicon_ikastikos.png\",\"contentUrl\":\"https:\/\/ikastikos-kiklos.com\/wp-content\/uploads\/2022\/10\/cropped-favicon_ikastikos.png\",\"width\":512,\"height\":512,\"caption\":\"Ikastikos Kiklos - Zografik\u00ed - Metaxotyp\u00edes - T\u00e9chniPainting - Silk Screen - Art\"},\"image\":{\"@id\":\"https:\/\/ikastikos-kiklos.com\/en\/#\/schema\/logo\/image\/\"},\"sameAs\":[\"https:\/\/www.facebook.com\/ikastikoskiklossianti\/\"]}]}<\/script>\n<!-- \/ Yoast SEO plugin. -->","yoast_head_json":{"title":"20th Century Silkscreen by Palaiologos Theologos at Ikastikos Kiklos Sianti Gallery.","description":"20th Century Silkscreen by Palaiologos Theologos at Ikastikos Kiklos Sianti Gallery. Dimensions 53x43 cm and 200 copies numbered and signed","robots":{"index":"index","follow":"follow","max-snippet":"max-snippet:-1","max-image-preview":"max-image-preview:large","max-video-preview":"max-video-preview:-1"},"canonical":"https:\/\/ikastikos-kiklos.com\/en\/product\/20\u03bf\u03c2-\u03b1\u03b9\u03ce\u03bd\u03b1\u03c2\/","og_locale":"en_US","og_type":"article","og_title":"20th Century Silkscreen by Palaiologos Theologos at Ikastikos Kiklos Sianti Gallery.","og_description":"20th Century Silkscreen by Palaiologos Theologos at Ikastikos Kiklos Sianti Gallery. Dimensions 53x43 cm and 200 copies numbered and signed","og_url":"https:\/\/ikastikos-kiklos.com\/en\/product\/20\u03bf\u03c2-\u03b1\u03b9\u03ce\u03bd\u03b1\u03c2\/","og_site_name":"Ikastikos Kiklos - Zografik\u00ed - Metaxotyp\u00edes - T\u00e9chniPainting - Silk Screen - Art","article_publisher":"https:\/\/www.facebook.com\/ikastikoskiklossianti\/","article_modified_time":"2019-09-12T08:57:32+00:00","og_image":[{"width":900,"height":767,"url":"https:\/\/ikastikos-kiklos.com\/wp-content\/uploads\/2018\/05\/Job_7442.jpg","type":"image\/jpeg"}],"twitter_card":"summary_large_image","schema":{"@context":"https:\/\/schema.org","@graph":[{"@type":"WebPage","@id":"https:\/\/ikastikos-kiklos.com\/en\/product\/20%ce%bf%cf%82-%ce%b1%ce%b9%cf%8e%ce%bd%ce%b1%cf%82\/","url":"https:\/\/ikastikos-kiklos.com\/en\/product\/20%ce%bf%cf%82-%ce%b1%ce%b9%cf%8e%ce%bd%ce%b1%cf%82\/","name":"20th Century Silkscreen by Palaiologos Theologos at Ikastikos Kiklos Sianti Gallery.","isPartOf":{"@id":"https:\/\/ikastikos-kiklos.com\/en\/#website"},"primaryImageOfPage":{"@id":"https:\/\/ikastikos-kiklos.com\/en\/product\/20%ce%bf%cf%82-%ce%b1%ce%b9%cf%8e%ce%bd%ce%b1%cf%82\/#primaryimage"},"image":{"@id":"https:\/\/ikastikos-kiklos.com\/en\/product\/20%ce%bf%cf%82-%ce%b1%ce%b9%cf%8e%ce%bd%ce%b1%cf%82\/#primaryimage"},"thumbnailUrl":"https:\/\/ikastikos-kiklos.com\/wp-content\/uploads\/2018\/05\/Job_7442.jpg","datePublished":"2018-02-02T11:33:29+00:00","dateModified":"2019-09-12T08:57:32+00:00","description":"20th Century Silkscreen by Palaiologos Theologos at Ikastikos Kiklos Sianti Gallery. Dimensions 53x43 cm and 200 copies numbered and signed","breadcrumb":{"@id":"https:\/\/ikastikos-kiklos.com\/en\/product\/20%ce%bf%cf%82-%ce%b1%ce%b9%cf%8e%ce%bd%ce%b1%cf%82\/#breadcrumb"},"inLanguage":"en-US","potentialAction":[{"@type":"ReadAction","target":["https:\/\/ikastikos-kiklos.com\/en\/product\/20%ce%bf%cf%82-%ce%b1%ce%b9%cf%8e%ce%bd%ce%b1%cf%82\/"]}]},{"@type":"ImageObject","inLanguage":"en-US","@id":"https:\/\/ikastikos-kiklos.com\/en\/product\/20%ce%bf%cf%82-%ce%b1%ce%b9%cf%8e%ce%bd%ce%b1%cf%82\/#primaryimage","url":"https:\/\/ikastikos-kiklos.com\/wp-content\/uploads\/2018\/05\/Job_7442.jpg","contentUrl":"https:\/\/ikastikos-kiklos.com\/wp-content\/uploads\/2018\/05\/Job_7442.jpg","width":900,"height":767,"caption":"20\u03bf\u03c2 \u0391\u03b9\u03ce\u03bd\u03b1\u03c2 \u039c\u03b5\u03c4\u03b1\u03be\u03bf\u03c4\u03c5\u03c0\u03af\u03b1 \u03c4\u03bf\u03c5 \u03a0\u03b1\u03bb\u03b1\u03b9\u03bf\u03bb\u03cc\u03b3\u03bf\u03c5 \u0398\u03b5\u03bf\u03bb\u03cc\u03b3\u03bf\u03c5 \u03c3\u03c4\u03bf\u03bd \u0395\u03b9\u03ba\u03b1\u03c3\u03c4\u03b9\u03ba\u03cc \u039a\u03cd\u03ba\u03bb\u03bf"},{"@type":"BreadcrumbList","@id":"https:\/\/ikastikos-kiklos.com\/en\/product\/20%ce%bf%cf%82-%ce%b1%ce%b9%cf%8e%ce%bd%ce%b1%cf%82\/#breadcrumb","itemListElement":[{"@type":"ListItem","position":1,"name":"Home","item":"https:\/\/ikastikos-kiklos.com\/en\/"},{"@type":"ListItem","position":2,"name":"\u0388\u03c1\u03b3\u03b1 \u03c4\u03ad\u03c7\u03bd\u03b7\u03c2","item":"https:\/\/ikastikos-kiklos.com\/%ce%ad%cf%81%ce%b3%ce%b1-%cf%84%ce%ad%cf%87%ce%bd%ce%b7%cf%82\/"},{"@type":"ListItem","position":3,"name":"20th Century"}]},{"@type":"WebSite","@id":"https:\/\/ikastikos-kiklos.com\/en\/#website","url":"https:\/\/ikastikos-kiklos.com\/en\/","name":"Ikastikos Kiklos - Zografik\u00ed - Metaxotyp\u00edes - T\u00e9chniPainting - Silk Screen - Art","description":"","publisher":{"@id":"https:\/\/ikastikos-kiklos.com\/en\/#organization"},"potentialAction":[{"@type":"SearchAction","target":{"@type":"EntryPoint","urlTemplate":"https:\/\/ikastikos-kiklos.com\/en\/?s={search_term_string}"},"query-input":{"@type":"PropertyValueSpecification","valueRequired":true,"valueName":"search_term_string"}}],"inLanguage":"en-US"},{"@type":"Organization","@id":"https:\/\/ikastikos-kiklos.com\/en\/#organization","name":"Ikastikos Kiklos - Zografik\u00ed - Metaxotyp\u00edes - T\u00e9chniPainting - Silk Screen - Art","url":"https:\/\/ikastikos-kiklos.com\/en\/","logo":{"@type":"ImageObject","inLanguage":"en-US","@id":"https:\/\/ikastikos-kiklos.com\/en\/#\/schema\/logo\/image\/","url":"https:\/\/ikastikos-kiklos.com\/wp-content\/uploads\/2022\/10\/cropped-favicon_ikastikos.png","contentUrl":"https:\/\/ikastikos-kiklos.com\/wp-content\/uploads\/2022\/10\/cropped-favicon_ikastikos.png","width":512,"height":512,"caption":"Ikastikos Kiklos - Zografik\u00ed - Metaxotyp\u00edes - T\u00e9chniPainting - Silk Screen - Art"},"image":{"@id":"https:\/\/ikastikos-kiklos.com\/en\/#\/schema\/logo\/image\/"},"sameAs":["https:\/\/www.facebook.com\/ikastikoskiklossianti\/"]}]}},"_links":{"self":[{"href":"https:\/\/ikastikos-kiklos.com\/en\/wp-json\/wp\/v2\/product\/16810","targetHints":{"allow":["GET"]}}],"collection":[{"href":"https:\/\/ikastikos-kiklos.com\/en\/wp-json\/wp\/v2\/product"}],"about":[{"href":"https:\/\/ikastikos-kiklos.com\/en\/wp-json\/wp\/v2\/types\/product"}],"wp:featuredmedia":[{"embeddable":true,"href":"https:\/\/ikastikos-kiklos.com\/en\/wp-json\/wp\/v2\/media\/12161"}],"wp:attachment":[{"href":"https:\/\/ikastikos-kiklos.com\/en\/wp-json\/wp\/v2\/media?parent=16810"}],"wp:term":[{"taxonomy":"product_brand","embeddable":true,"href":"https:\/\/ikastikos-kiklos.com\/en\/wp-json\/wp\/v2\/product_brand?post=16810"},{"taxonomy":"product_cat","embeddable":true,"href":"https:\/\/ikastikos-kiklos.com\/en\/wp-json\/wp\/v2\/product_cat?post=16810"},{"taxonomy":"product_tag","embeddable":true,"href":"https:\/\/ikastikos-kiklos.com\/en\/wp-json\/wp\/v2\/product_tag?post=16810"}],"curies":[{"name":"wp","href":"https:\/\/api.w.org\/{rel}","templated":true}]}}